{"id":128638,"date":"2025-02-14T12:18:52","date_gmt":"2025-02-14T11:18:52","guid":{"rendered":"https:\/\/shopatoa.com\/cz\/chlapecka-prechodna-bunda-membrana-5000-hneda\/"},"modified":"2025-03-14T21:24:10","modified_gmt":"2025-03-14T20:24:10","slug":"chlapecka-prechodna-bunda-membrana-5000-hneda","status":"publish","type":"product","link":"https:\/\/shopatoa.com\/cz\/chlapecka-prechodna-bunda-membrana-5000-hneda\/","title":{"rendered":"Chlapeck\u00e1 p\u0159echodn\u00e1 bunda membr\u00e1na 5000 &#8211; hn\u011bd\u00e1"},"content":{"rendered":"<p>Chlapeck\u00e1 p\u0159echodn\u00e1 bunda membr\u00e1na 5000. U\u0161ili jsme ji z hladk\u00e9ho materi\u00e1lu s hydrofobn\u00ed \u00fapravou.<br \/>\nPou\u017eili jsme membr\u00e1nu NeoDry 5\u00a0000 \/ 3 000 a lepen\u00e9 \u0161vy na strategick\u00fdch m\u00edstech. Ochr\u00e1n\u00ed Va\u0161e d\u00edt\u011b p\u0159ed m\u00edrn\u00fdm de\u0161t\u011bm.<br \/>\nKrom\u011b toho jsme ji vybavili kapsami na zip, do kter\u00fdch se vejdou nejnutn\u011bj\u0161\u00ed drobnosti.<br \/>\nBunda bude vhodn\u00e1 pro ka\u017edodenn\u00ed aktivity v p\u0159echodn\u00e9m obdob\u00ed.<br \/>\n\u00a0<br \/>\nChlapeck\u00e1 bunda s membr\u00e1nou &#8211; VLASTNOSTI:<br \/>\n\thydrofobn\u00ed impregnace materi\u00e1lu,<br \/>\n\tpro\u0161\u00edvan\u00e1, polyesterov\u00e1 pod\u0161\u00edvka,<br \/>\n\tintegrovan\u00e1 kapuce s nastaven\u00edm hloubky a odn\u00edmatelnou, um\u011blou ko\u017ee\u0161inou,<br \/>\n\thlavn\u00ed zip s vnit\u0159n\u00ed a vn\u011bj\u0161\u00ed l\u00e9gou proti v\u011btru,<br \/>\n\tasymetrick\u00e9 bo\u010dn\u00ed kapsy na zip,<br \/>\n\tvnit\u0159n\u00ed kapsa se zap\u00edn\u00e1n\u00edm na such\u00fd zip,<br \/>\n\tmo\u017enost p\u0159izp\u016fsoben\u00ed pasu pomoc\u00ed elastick\u00fdch stahovac\u00edch \u0161\u0148\u016frek se stopery,<br \/>\n\tprodlou\u017een\u00e9 man\u017eety pro lep\u0161\u00ed ochranu dlan\u00ed,<br \/>\n\tmembr\u00e1na NeoDry 5 000 \/ 3 000 a podlepen\u00e9 kritick\u00e9 \u0161vy chr\u00e1n\u00ed p\u0159ed m\u00edrn\u00fdm de\u0161t\u011bm.<br \/>\n\u00a0<br \/>\nPARAMETRY:<br \/>\nMembr\u00e1na: NeoDry 5\u00a0000<br \/>\nNepromokavost: 5 000 mm H2O<br \/>\nPrody\u0161nost: 3\u00a0000 g\/m2\/24h<\/p>\n","protected":false},"excerpt":{"rendered":"<p>Chlapeck\u00e1 p\u0159echodn\u00e1 bunda membr\u00e1na 5000. U\u0161ili jsme ji z hladk\u00e9ho materi\u00e1lu s hydrofobn\u00ed \u00fapravou. Pou\u017eili jsme membr\u00e1nu NeoDry 5\u00a0000 \/ 3 000 a lepen\u00e9 \u0161vy na strategick\u00fdch m\u00edstech. Ochr\u00e1n\u00ed Va\u0161e d\u00edt\u011b p\u0159ed m\u00edrn\u00fdm de\u0161t\u011bm. Krom\u011b toho jsme ji vybavili kapsami na zip, do kter\u00fdch se vejdou nejnutn\u011bj\u0161\u00ed drobnosti. Bunda bude vhodn\u00e1 pro ka\u017edodenn\u00ed aktivity v&#8230;<\/p>\n","protected":false},"featured_media":128639,"comment_status":"closed","ping_status":"open","template":"","meta":{"_acf_changed":false,"_kadence_starter_templates_imported_post":false,"_kad_post_transparent":"","_kad_post_title":"","_kad_post_layout":"","_kad_post_sidebar_id":"","_kad_post_content_style":"","_kad_post_vertical_padding":"","_kad_post_feature":"","_kad_post_feature_position":"","_kad_post_header":false,"_kad_post_footer":false,"_kad_post_classname":""},"product_brand":[29],"product_cat":[30,26,25],"product_tag":[],"class_list":{"0":"post-128638","1":"product","2":"type-product","3":"status-publish","4":"has-post-thumbnail","6":"product_brand-4f-junior","7":"product_cat-bundy","8":"product_cat-obleceni","9":"product_cat-obleceni-a-moda","10":"pa_obchod-4fstore-cz","12":"first","13":"instock","14":"sale","15":"product-type-external","16":"entry","17":"content-bg","18":"loop-entry"},"acf":[],"yoast_head":"<!-- This site is optimized with the Yoast SEO plugin v27.4 - https:\/\/yoast.com\/product\/yoast-seo-wordpress\/ -->\n<title>Chlapeck\u00e1 p\u0159echodn\u00e1 bunda membr\u00e1na 5000 - hn\u011bd\u00e1 | SHOPATOA.COM<\/title>\n<meta name=\"description\" content=\"Chlapeck\u00e1 p\u0159echodn\u00e1 bunda membr\u00e1na 5000. U\u0161ili jsme ji z hladk\u00e9ho materi\u00e1lu s hydrofobn\u00ed \u00fapravou. Pou\u017eili jsme membr\u00e1nu NeoDry 5\u00a0000 \/ 3 000 a lepen\u00e9 \u0161vy na strategick\u00fdch m\u00edstech. Ochr\u00e1n\u00ed Va\u0161e d\u00edt\u011b p\u0159ed m\u00edrn\u00fdm de\u0161t\u011bm. Krom\u011b toho jsme ji vybavili kapsami na zip, do kter\u00fdch se vejdou nejnutn\u011bj\u0161\u00ed drobnosti. Bunda bude vhodn\u00e1 pro ka\u017edodenn\u00ed aktivity v p\u0159echodn\u00e9m obdob\u00ed. \u00a0 Chlapeck\u00e1 bunda s membr\u00e1nou - VLASTNOSTI: hydrofobn\u00ed impregnace materi\u00e1lu, pro\u0161\u00edvan\u00e1, polyesterov\u00e1 pod\u0161\u00edvka, integrovan\u00e1 kapuce s nastaven\u00edm hloubky a odn\u00edmatelnou, um\u011blou ko\u017ee\u0161inou, hlavn\u00ed zip s vnit\u0159n\u00ed a vn\u011bj\u0161\u00ed l\u00e9gou proti v\u011btru, asymetrick\u00e9 bo\u010dn\u00ed kapsy na zip, vnit\u0159n\u00ed kapsa se zap\u00edn\u00e1n\u00edm na such\u00fd zip, mo\u017enost p\u0159izp\u016fsoben\u00ed pasu pomoc\u00ed elastick\u00fdch stahovac\u00edch \u0161\u0148\u016frek se stopery, prodlou\u017een\u00e9 man\u017eety pro lep\u0161\u00ed ochranu dlan\u00ed, membr\u00e1na NeoDry 5 000 \/ 3 000 a podlepen\u00e9 kritick\u00e9 \u0161vy chr\u00e1n\u00ed p\u0159ed m\u00edrn\u00fdm de\u0161t\u011bm. \u00a0 PARAMETRY: Membr\u00e1na: NeoDry 5\u00a0000 Nepromokavost: 5 000 mm H2O Prody\u0161nost: 3\u00a0000 g\/m2\/24h\" \/>\n<meta name=\"robots\" content=\"index, follow, max-snippet:-1, max-image-preview:large, max-video-preview:-1\" \/>\n<link rel=\"canonical\" href=\"https:\/\/shopatoa.com\/cz\/chlapecka-prechodna-bunda-membrana-5000-hneda\/\" \/>\n<meta property=\"og:locale\" content=\"cs_CZ\" \/>\n<meta property=\"og:type\" content=\"article\" \/>\n<meta property=\"og:title\" content=\"Chlapeck\u00e1 p\u0159echodn\u00e1 bunda membr\u00e1na 5000 - hn\u011bd\u00e1 | SHOPATOA.COM\" \/>\n<meta property=\"og:description\" content=\"Chlapeck\u00e1 p\u0159echodn\u00e1 bunda membr\u00e1na 5000. U\u0161ili jsme ji z hladk\u00e9ho materi\u00e1lu s hydrofobn\u00ed \u00fapravou. Pou\u017eili jsme membr\u00e1nu NeoDry 5\u00a0000 \/ 3 000 a lepen\u00e9 \u0161vy na strategick\u00fdch m\u00edstech. Ochr\u00e1n\u00ed Va\u0161e d\u00edt\u011b p\u0159ed m\u00edrn\u00fdm de\u0161t\u011bm. Krom\u011b toho jsme ji vybavili kapsami na zip, do kter\u00fdch se vejdou nejnutn\u011bj\u0161\u00ed drobnosti. Bunda bude vhodn\u00e1 pro ka\u017edodenn\u00ed aktivity v p\u0159echodn\u00e9m obdob\u00ed. \u00a0 Chlapeck\u00e1 bunda s membr\u00e1nou - VLASTNOSTI: hydrofobn\u00ed impregnace materi\u00e1lu, pro\u0161\u00edvan\u00e1, polyesterov\u00e1 pod\u0161\u00edvka, integrovan\u00e1 kapuce s nastaven\u00edm hloubky a odn\u00edmatelnou, um\u011blou ko\u017ee\u0161inou, hlavn\u00ed zip s vnit\u0159n\u00ed a vn\u011bj\u0161\u00ed l\u00e9gou proti v\u011btru, asymetrick\u00e9 bo\u010dn\u00ed kapsy na zip, vnit\u0159n\u00ed kapsa se zap\u00edn\u00e1n\u00edm na such\u00fd zip, mo\u017enost p\u0159izp\u016fsoben\u00ed pasu pomoc\u00ed elastick\u00fdch stahovac\u00edch \u0161\u0148\u016frek se stopery, prodlou\u017een\u00e9 man\u017eety pro lep\u0161\u00ed ochranu dlan\u00ed, membr\u00e1na NeoDry 5 000 \/ 3 000 a podlepen\u00e9 kritick\u00e9 \u0161vy chr\u00e1n\u00ed p\u0159ed m\u00edrn\u00fdm de\u0161t\u011bm. \u00a0 PARAMETRY: Membr\u00e1na: NeoDry 5\u00a0000 Nepromokavost: 5 000 mm H2O Prody\u0161nost: 3\u00a0000 g\/m2\/24h\" \/>\n<meta property=\"og:url\" content=\"https:\/\/shopatoa.com\/cz\/chlapecka-prechodna-bunda-membrana-5000-hneda\/\" \/>\n<meta property=\"og:site_name\" content=\"SHOPATOA\" \/>\n<meta property=\"article:modified_time\" content=\"2025-03-14T20:24:10+00:00\" \/>\n<meta property=\"og:image\" content=\"https:\/\/shopatoa.com\/cz\/wp-content\/uploads\/2025\/02\/4FJAW23TJACM10982SM03MAIN.jpg\" \/>\n\t<meta property=\"og:image:width\" content=\"1200\" \/>\n\t<meta property=\"og:image:height\" content=\"1600\" \/>\n\t<meta property=\"og:image:type\" content=\"image\/jpeg\" \/>\n<meta name=\"twitter:card\" content=\"summary_large_image\" \/>\n<meta name=\"twitter:label1\" content=\"Odhadovan\u00e1 doba \u010dten\u00ed\" \/>\n\t<meta name=\"twitter:data1\" content=\"1 minuta\" \/>\n<script type=\"application\/ld+json\" class=\"yoast-schema-graph\">{\"@context\":\"https:\\\/\\\/schema.org\",\"@graph\":[{\"@type\":\"WebPage\",\"@id\":\"https:\\\/\\\/shopatoa.com\\\/cz\\\/chlapecka-prechodna-bunda-membrana-5000-hneda\\\/\",\"url\":\"https:\\\/\\\/shopatoa.com\\\/cz\\\/chlapecka-prechodna-bunda-membrana-5000-hneda\\\/\",\"name\":\"Chlapeck\u00e1 p\u0159echodn\u00e1 bunda membr\u00e1na 5000 - hn\u011bd\u00e1 | SHOPATOA.COM\",\"isPartOf\":{\"@id\":\"https:\\\/\\\/shopatoa.com\\\/cz\\\/#website\"},\"primaryImageOfPage\":{\"@id\":\"https:\\\/\\\/shopatoa.com\\\/cz\\\/chlapecka-prechodna-bunda-membrana-5000-hneda\\\/#primaryimage\"},\"image\":{\"@id\":\"https:\\\/\\\/shopatoa.com\\\/cz\\\/chlapecka-prechodna-bunda-membrana-5000-hneda\\\/#primaryimage\"},\"thumbnailUrl\":\"https:\\\/\\\/shopatoa.com\\\/cz\\\/wp-content\\\/uploads\\\/2025\\\/02\\\/4FJAW23TJACM10982SM03MAIN.jpg\",\"datePublished\":\"2025-02-14T11:18:52+00:00\",\"dateModified\":\"2025-03-14T20:24:10+00:00\",\"description\":\"Chlapeck\u00e1 p\u0159echodn\u00e1 bunda membr\u00e1na 5000. U\u0161ili jsme ji z hladk\u00e9ho materi\u00e1lu s hydrofobn\u00ed \u00fapravou. Pou\u017eili jsme membr\u00e1nu NeoDry 5\u00a0000 \\\/ 3 000 a lepen\u00e9 \u0161vy na strategick\u00fdch m\u00edstech. Ochr\u00e1n\u00ed Va\u0161e d\u00edt\u011b p\u0159ed m\u00edrn\u00fdm de\u0161t\u011bm. Krom\u011b toho jsme ji vybavili kapsami na zip, do kter\u00fdch se vejdou nejnutn\u011bj\u0161\u00ed drobnosti. Bunda bude vhodn\u00e1 pro ka\u017edodenn\u00ed aktivity v p\u0159echodn\u00e9m obdob\u00ed. \u00a0 Chlapeck\u00e1 bunda s membr\u00e1nou - VLASTNOSTI: hydrofobn\u00ed impregnace materi\u00e1lu, pro\u0161\u00edvan\u00e1, polyesterov\u00e1 pod\u0161\u00edvka, integrovan\u00e1 kapuce s nastaven\u00edm hloubky a odn\u00edmatelnou, um\u011blou ko\u017ee\u0161inou, hlavn\u00ed zip s vnit\u0159n\u00ed a vn\u011bj\u0161\u00ed l\u00e9gou proti v\u011btru, asymetrick\u00e9 bo\u010dn\u00ed kapsy na zip, vnit\u0159n\u00ed kapsa se zap\u00edn\u00e1n\u00edm na such\u00fd zip, mo\u017enost p\u0159izp\u016fsoben\u00ed pasu pomoc\u00ed elastick\u00fdch stahovac\u00edch \u0161\u0148\u016frek se stopery, prodlou\u017een\u00e9 man\u017eety pro lep\u0161\u00ed ochranu dlan\u00ed, membr\u00e1na NeoDry 5 000 \\\/ 3 000 a podlepen\u00e9 kritick\u00e9 \u0161vy chr\u00e1n\u00ed p\u0159ed m\u00edrn\u00fdm de\u0161t\u011bm. \u00a0 PARAMETRY: Membr\u00e1na: NeoDry 5\u00a0000 Nepromokavost: 5 000 mm H2O Prody\u0161nost: 3\u00a0000 g\\\/m2\\\/24h\",\"breadcrumb\":{\"@id\":\"https:\\\/\\\/shopatoa.com\\\/cz\\\/chlapecka-prechodna-bunda-membrana-5000-hneda\\\/#breadcrumb\"},\"inLanguage\":\"cs\",\"potentialAction\":[{\"@type\":\"ReadAction\",\"target\":[\"https:\\\/\\\/shopatoa.com\\\/cz\\\/chlapecka-prechodna-bunda-membrana-5000-hneda\\\/\"]}]},{\"@type\":\"ImageObject\",\"inLanguage\":\"cs\",\"@id\":\"https:\\\/\\\/shopatoa.com\\\/cz\\\/chlapecka-prechodna-bunda-membrana-5000-hneda\\\/#primaryimage\",\"url\":\"https:\\\/\\\/shopatoa.com\\\/cz\\\/wp-content\\\/uploads\\\/2025\\\/02\\\/4FJAW23TJACM10982SM03MAIN.jpg\",\"contentUrl\":\"https:\\\/\\\/shopatoa.com\\\/cz\\\/wp-content\\\/uploads\\\/2025\\\/02\\\/4FJAW23TJACM10982SM03MAIN.jpg\",\"width\":1200,\"height\":1600},{\"@type\":\"BreadcrumbList\",\"@id\":\"https:\\\/\\\/shopatoa.com\\\/cz\\\/chlapecka-prechodna-bunda-membrana-5000-hneda\\\/#breadcrumb\",\"itemListElement\":[{\"@type\":\"ListItem\",\"position\":1,\"name\":\"Dom\u016f\",\"item\":\"https:\\\/\\\/shopatoa.com\\\/cz\\\/\"},{\"@type\":\"ListItem\",\"position\":2,\"name\":\"Produkty\",\"item\":\"https:\\\/\\\/shopatoa.com\\\/cz\\\/shop\\\/\"},{\"@type\":\"ListItem\",\"position\":3,\"name\":\"Oble\u010den\u00ed a m\u00f3da\",\"item\":\"https:\\\/\\\/shopatoa.com\\\/cz\\\/obleceni-a-moda\\\/\"},{\"@type\":\"ListItem\",\"position\":4,\"name\":\"Oble\u010den\u00ed\",\"item\":\"https:\\\/\\\/shopatoa.com\\\/cz\\\/obleceni\\\/\"},{\"@type\":\"ListItem\",\"position\":5,\"name\":\"Bundy\",\"item\":\"https:\\\/\\\/shopatoa.com\\\/cz\\\/bundy\\\/\"},{\"@type\":\"ListItem\",\"position\":6,\"name\":\"Chlapeck\u00e1 p\u0159echodn\u00e1 bunda membr\u00e1na 5000 &#8211; hn\u011bd\u00e1\"}]},{\"@type\":\"WebSite\",\"@id\":\"https:\\\/\\\/shopatoa.com\\\/cz\\\/#website\",\"url\":\"https:\\\/\\\/shopatoa.com\\\/cz\\\/\",\"name\":\"SHOPATOA\",\"description\":\"\",\"publisher\":{\"@id\":\"https:\\\/\\\/shopatoa.com\\\/cz\\\/#organization\"},\"potentialAction\":[{\"@type\":\"SearchAction\",\"target\":{\"@type\":\"EntryPoint\",\"urlTemplate\":\"https:\\\/\\\/shopatoa.com\\\/cz\\\/?s={search_term_string}\"},\"query-input\":{\"@type\":\"PropertyValueSpecification\",\"valueRequired\":true,\"valueName\":\"search_term_string\"}}],\"inLanguage\":\"cs\"},{\"@type\":\"Organization\",\"@id\":\"https:\\\/\\\/shopatoa.com\\\/cz\\\/#organization\",\"name\":\"SHOPATOA Digital s.r.o.\",\"url\":\"https:\\\/\\\/shopatoa.com\\\/cz\\\/\",\"logo\":{\"@type\":\"ImageObject\",\"inLanguage\":\"cs\",\"@id\":\"https:\\\/\\\/shopatoa.com\\\/cz\\\/#\\\/schema\\\/logo\\\/image\\\/\",\"url\":\"https:\\\/\\\/storage.googleapis.com\\\/cz-shopatoa-img\\\/cz\\\/ebccf434-shopatoa_logo.png\",\"contentUrl\":\"https:\\\/\\\/storage.googleapis.com\\\/cz-shopatoa-img\\\/cz\\\/ebccf434-shopatoa_logo.png\",\"width\":416,\"height\":63,\"caption\":\"SHOPATOA Digital s.r.o.\"},\"image\":{\"@id\":\"https:\\\/\\\/shopatoa.com\\\/cz\\\/#\\\/schema\\\/logo\\\/image\\\/\"}}]}<\/script>\n<!-- \/ Yoast SEO plugin. -->","yoast_head_json":{"title":"Chlapeck\u00e1 p\u0159echodn\u00e1 bunda membr\u00e1na 5000 - hn\u011bd\u00e1 | SHOPATOA.COM","description":"Chlapeck\u00e1 p\u0159echodn\u00e1 bunda membr\u00e1na 5000. U\u0161ili jsme ji z hladk\u00e9ho materi\u00e1lu s hydrofobn\u00ed \u00fapravou. Pou\u017eili jsme membr\u00e1nu NeoDry 5\u00a0000 \/ 3 000 a lepen\u00e9 \u0161vy na strategick\u00fdch m\u00edstech. Ochr\u00e1n\u00ed Va\u0161e d\u00edt\u011b p\u0159ed m\u00edrn\u00fdm de\u0161t\u011bm. Krom\u011b toho jsme ji vybavili kapsami na zip, do kter\u00fdch se vejdou nejnutn\u011bj\u0161\u00ed drobnosti. Bunda bude vhodn\u00e1 pro ka\u017edodenn\u00ed aktivity v p\u0159echodn\u00e9m obdob\u00ed. \u00a0 Chlapeck\u00e1 bunda s membr\u00e1nou - VLASTNOSTI: hydrofobn\u00ed impregnace materi\u00e1lu, pro\u0161\u00edvan\u00e1, polyesterov\u00e1 pod\u0161\u00edvka, integrovan\u00e1 kapuce s nastaven\u00edm hloubky a odn\u00edmatelnou, um\u011blou ko\u017ee\u0161inou, hlavn\u00ed zip s vnit\u0159n\u00ed a vn\u011bj\u0161\u00ed l\u00e9gou proti v\u011btru, asymetrick\u00e9 bo\u010dn\u00ed kapsy na zip, vnit\u0159n\u00ed kapsa se zap\u00edn\u00e1n\u00edm na such\u00fd zip, mo\u017enost p\u0159izp\u016fsoben\u00ed pasu pomoc\u00ed elastick\u00fdch stahovac\u00edch \u0161\u0148\u016frek se stopery, prodlou\u017een\u00e9 man\u017eety pro lep\u0161\u00ed ochranu dlan\u00ed, membr\u00e1na NeoDry 5 000 \/ 3 000 a podlepen\u00e9 kritick\u00e9 \u0161vy chr\u00e1n\u00ed p\u0159ed m\u00edrn\u00fdm de\u0161t\u011bm. \u00a0 PARAMETRY: Membr\u00e1na: NeoDry 5\u00a0000 Nepromokavost: 5 000 mm H2O Prody\u0161nost: 3\u00a0000 g\/m2\/24h","robots":{"index":"index","follow":"follow","max-snippet":"max-snippet:-1","max-image-preview":"max-image-preview:large","max-video-preview":"max-video-preview:-1"},"canonical":"https:\/\/shopatoa.com\/cz\/chlapecka-prechodna-bunda-membrana-5000-hneda\/","og_locale":"cs_CZ","og_type":"article","og_title":"Chlapeck\u00e1 p\u0159echodn\u00e1 bunda membr\u00e1na 5000 - hn\u011bd\u00e1 | SHOPATOA.COM","og_description":"Chlapeck\u00e1 p\u0159echodn\u00e1 bunda membr\u00e1na 5000. U\u0161ili jsme ji z hladk\u00e9ho materi\u00e1lu s hydrofobn\u00ed \u00fapravou. Pou\u017eili jsme membr\u00e1nu NeoDry 5\u00a0000 \/ 3 000 a lepen\u00e9 \u0161vy na strategick\u00fdch m\u00edstech. Ochr\u00e1n\u00ed Va\u0161e d\u00edt\u011b p\u0159ed m\u00edrn\u00fdm de\u0161t\u011bm. Krom\u011b toho jsme ji vybavili kapsami na zip, do kter\u00fdch se vejdou nejnutn\u011bj\u0161\u00ed drobnosti. Bunda bude vhodn\u00e1 pro ka\u017edodenn\u00ed aktivity v p\u0159echodn\u00e9m obdob\u00ed. \u00a0 Chlapeck\u00e1 bunda s membr\u00e1nou - VLASTNOSTI: hydrofobn\u00ed impregnace materi\u00e1lu, pro\u0161\u00edvan\u00e1, polyesterov\u00e1 pod\u0161\u00edvka, integrovan\u00e1 kapuce s nastaven\u00edm hloubky a odn\u00edmatelnou, um\u011blou ko\u017ee\u0161inou, hlavn\u00ed zip s vnit\u0159n\u00ed a vn\u011bj\u0161\u00ed l\u00e9gou proti v\u011btru, asymetrick\u00e9 bo\u010dn\u00ed kapsy na zip, vnit\u0159n\u00ed kapsa se zap\u00edn\u00e1n\u00edm na such\u00fd zip, mo\u017enost p\u0159izp\u016fsoben\u00ed pasu pomoc\u00ed elastick\u00fdch stahovac\u00edch \u0161\u0148\u016frek se stopery, prodlou\u017een\u00e9 man\u017eety pro lep\u0161\u00ed ochranu dlan\u00ed, membr\u00e1na NeoDry 5 000 \/ 3 000 a podlepen\u00e9 kritick\u00e9 \u0161vy chr\u00e1n\u00ed p\u0159ed m\u00edrn\u00fdm de\u0161t\u011bm. \u00a0 PARAMETRY: Membr\u00e1na: NeoDry 5\u00a0000 Nepromokavost: 5 000 mm H2O Prody\u0161nost: 3\u00a0000 g\/m2\/24h","og_url":"https:\/\/shopatoa.com\/cz\/chlapecka-prechodna-bunda-membrana-5000-hneda\/","og_site_name":"SHOPATOA","article_modified_time":"2025-03-14T20:24:10+00:00","og_image":[{"width":1200,"height":1600,"url":"https:\/\/shopatoa.com\/cz\/wp-content\/uploads\/2025\/02\/4FJAW23TJACM10982SM03MAIN.jpg","type":"image\/jpeg"}],"twitter_card":"summary_large_image","twitter_misc":{"Odhadovan\u00e1 doba \u010dten\u00ed":"1 minuta"},"schema":{"@context":"https:\/\/schema.org","@graph":[{"@type":"WebPage","@id":"https:\/\/shopatoa.com\/cz\/chlapecka-prechodna-bunda-membrana-5000-hneda\/","url":"https:\/\/shopatoa.com\/cz\/chlapecka-prechodna-bunda-membrana-5000-hneda\/","name":"Chlapeck\u00e1 p\u0159echodn\u00e1 bunda membr\u00e1na 5000 - hn\u011bd\u00e1 | SHOPATOA.COM","isPartOf":{"@id":"https:\/\/shopatoa.com\/cz\/#website"},"primaryImageOfPage":{"@id":"https:\/\/shopatoa.com\/cz\/chlapecka-prechodna-bunda-membrana-5000-hneda\/#primaryimage"},"image":{"@id":"https:\/\/shopatoa.com\/cz\/chlapecka-prechodna-bunda-membrana-5000-hneda\/#primaryimage"},"thumbnailUrl":"https:\/\/shopatoa.com\/cz\/wp-content\/uploads\/2025\/02\/4FJAW23TJACM10982SM03MAIN.jpg","datePublished":"2025-02-14T11:18:52+00:00","dateModified":"2025-03-14T20:24:10+00:00","description":"Chlapeck\u00e1 p\u0159echodn\u00e1 bunda membr\u00e1na 5000. U\u0161ili jsme ji z hladk\u00e9ho materi\u00e1lu s hydrofobn\u00ed \u00fapravou. Pou\u017eili jsme membr\u00e1nu NeoDry 5\u00a0000 \/ 3 000 a lepen\u00e9 \u0161vy na strategick\u00fdch m\u00edstech. Ochr\u00e1n\u00ed Va\u0161e d\u00edt\u011b p\u0159ed m\u00edrn\u00fdm de\u0161t\u011bm. Krom\u011b toho jsme ji vybavili kapsami na zip, do kter\u00fdch se vejdou nejnutn\u011bj\u0161\u00ed drobnosti. Bunda bude vhodn\u00e1 pro ka\u017edodenn\u00ed aktivity v p\u0159echodn\u00e9m obdob\u00ed. \u00a0 Chlapeck\u00e1 bunda s membr\u00e1nou - VLASTNOSTI: hydrofobn\u00ed impregnace materi\u00e1lu, pro\u0161\u00edvan\u00e1, polyesterov\u00e1 pod\u0161\u00edvka, integrovan\u00e1 kapuce s nastaven\u00edm hloubky a odn\u00edmatelnou, um\u011blou ko\u017ee\u0161inou, hlavn\u00ed zip s vnit\u0159n\u00ed a vn\u011bj\u0161\u00ed l\u00e9gou proti v\u011btru, asymetrick\u00e9 bo\u010dn\u00ed kapsy na zip, vnit\u0159n\u00ed kapsa se zap\u00edn\u00e1n\u00edm na such\u00fd zip, mo\u017enost p\u0159izp\u016fsoben\u00ed pasu pomoc\u00ed elastick\u00fdch stahovac\u00edch \u0161\u0148\u016frek se stopery, prodlou\u017een\u00e9 man\u017eety pro lep\u0161\u00ed ochranu dlan\u00ed, membr\u00e1na NeoDry 5 000 \/ 3 000 a podlepen\u00e9 kritick\u00e9 \u0161vy chr\u00e1n\u00ed p\u0159ed m\u00edrn\u00fdm de\u0161t\u011bm. \u00a0 PARAMETRY: Membr\u00e1na: NeoDry 5\u00a0000 Nepromokavost: 5 000 mm H2O Prody\u0161nost: 3\u00a0000 g\/m2\/24h","breadcrumb":{"@id":"https:\/\/shopatoa.com\/cz\/chlapecka-prechodna-bunda-membrana-5000-hneda\/#breadcrumb"},"inLanguage":"cs","potentialAction":[{"@type":"ReadAction","target":["https:\/\/shopatoa.com\/cz\/chlapecka-prechodna-bunda-membrana-5000-hneda\/"]}]},{"@type":"ImageObject","inLanguage":"cs","@id":"https:\/\/shopatoa.com\/cz\/chlapecka-prechodna-bunda-membrana-5000-hneda\/#primaryimage","url":"https:\/\/shopatoa.com\/cz\/wp-content\/uploads\/2025\/02\/4FJAW23TJACM10982SM03MAIN.jpg","contentUrl":"https:\/\/shopatoa.com\/cz\/wp-content\/uploads\/2025\/02\/4FJAW23TJACM10982SM03MAIN.jpg","width":1200,"height":1600},{"@type":"BreadcrumbList","@id":"https:\/\/shopatoa.com\/cz\/chlapecka-prechodna-bunda-membrana-5000-hneda\/#breadcrumb","itemListElement":[{"@type":"ListItem","position":1,"name":"Dom\u016f","item":"https:\/\/shopatoa.com\/cz\/"},{"@type":"ListItem","position":2,"name":"Produkty","item":"https:\/\/shopatoa.com\/cz\/shop\/"},{"@type":"ListItem","position":3,"name":"Oble\u010den\u00ed a m\u00f3da","item":"https:\/\/shopatoa.com\/cz\/obleceni-a-moda\/"},{"@type":"ListItem","position":4,"name":"Oble\u010den\u00ed","item":"https:\/\/shopatoa.com\/cz\/obleceni\/"},{"@type":"ListItem","position":5,"name":"Bundy","item":"https:\/\/shopatoa.com\/cz\/bundy\/"},{"@type":"ListItem","position":6,"name":"Chlapeck\u00e1 p\u0159echodn\u00e1 bunda membr\u00e1na 5000 &#8211; hn\u011bd\u00e1"}]},{"@type":"WebSite","@id":"https:\/\/shopatoa.com\/cz\/#website","url":"https:\/\/shopatoa.com\/cz\/","name":"SHOPATOA","description":"","publisher":{"@id":"https:\/\/shopatoa.com\/cz\/#organization"},"potentialAction":[{"@type":"SearchAction","target":{"@type":"EntryPoint","urlTemplate":"https:\/\/shopatoa.com\/cz\/?s={search_term_string}"},"query-input":{"@type":"PropertyValueSpecification","valueRequired":true,"valueName":"search_term_string"}}],"inLanguage":"cs"},{"@type":"Organization","@id":"https:\/\/shopatoa.com\/cz\/#organization","name":"SHOPATOA Digital s.r.o.","url":"https:\/\/shopatoa.com\/cz\/","logo":{"@type":"ImageObject","inLanguage":"cs","@id":"https:\/\/shopatoa.com\/cz\/#\/schema\/logo\/image\/","url":"https:\/\/storage.googleapis.com\/cz-shopatoa-img\/cz\/ebccf434-shopatoa_logo.png","contentUrl":"https:\/\/storage.googleapis.com\/cz-shopatoa-img\/cz\/ebccf434-shopatoa_logo.png","width":416,"height":63,"caption":"SHOPATOA Digital s.r.o."},"image":{"@id":"https:\/\/shopatoa.com\/cz\/#\/schema\/logo\/image\/"}}]}},"_links":{"self":[{"href":"https:\/\/shopatoa.com\/cz\/wp-json\/wp\/v2\/product\/128638","targetHints":{"allow":["GET"]}}],"collection":[{"href":"https:\/\/shopatoa.com\/cz\/wp-json\/wp\/v2\/product"}],"about":[{"href":"https:\/\/shopatoa.com\/cz\/wp-json\/wp\/v2\/types\/product"}],"replies":[{"embeddable":true,"href":"https:\/\/shopatoa.com\/cz\/wp-json\/wp\/v2\/comments?post=128638"}],"wp:featuredmedia":[{"embeddable":true,"href":"https:\/\/shopatoa.com\/cz\/wp-json\/wp\/v2\/media\/128639"}],"wp:attachment":[{"href":"https:\/\/shopatoa.com\/cz\/wp-json\/wp\/v2\/media?parent=128638"}],"wp:term":[{"taxonomy":"product_brand","embeddable":true,"href":"https:\/\/shopatoa.com\/cz\/wp-json\/wp\/v2\/product_brand?post=128638"},{"taxonomy":"product_cat","embeddable":true,"href":"https:\/\/shopatoa.com\/cz\/wp-json\/wp\/v2\/product_cat?post=128638"},{"taxonomy":"product_tag","embeddable":true,"href":"https:\/\/shopatoa.com\/cz\/wp-json\/wp\/v2\/product_tag?post=128638"}],"curies":[{"name":"wp","href":"https:\/\/api.w.org\/{rel}","templated":true}]}}