{"id":128818,"date":"2025-02-14T12:30:08","date_gmt":"2025-02-14T11:30:08","guid":{"rendered":"https:\/\/shopatoa.com\/cz\/lelosi-paddleboard-sea-monster\/"},"modified":"2025-03-14T21:27:27","modified_gmt":"2025-03-14T20:27:27","slug":"lelosi-paddleboard-sea-monster","status":"publish","type":"product","link":"https:\/\/shopatoa.com\/cz\/lelosi-paddleboard-sea-monster\/","title":{"rendered":"LELOSI Paddleboard Sea monster"},"content":{"rendered":"<p>Pono\u0159te se do tajemn\u00fdch hlubin na\u0161eho vzoru Sea Monster, kter\u00fd byl vytvo\u0159en p\u0159\u00edmo pro v\u00e1s. Nechte se zl\u00e1kat temn\u00fdmi vodami a objevte tvory, kte\u0159\u00ed se skr\u00fdvaj\u00ed pod mo\u0159skou hladinou. S t\u00edmto designem, kter\u00fd odr\u00e1\u017e\u00ed tajemstv\u00ed, poc\u00edt\u00edte s\u00edlu nezn\u00e1m\u00fdch vod. Nechte sv\u00e9 nezapomenuteln\u00e9 dobrodru\u017estv\u00ed s mo\u0159skou p\u0159\u00ed\u0161erou zapo\u010d\u00edt je\u0161t\u011b dnes.<\/p>\n","protected":false},"excerpt":{"rendered":"<p>Pono\u0159te se do tajemn\u00fdch hlubin na\u0161eho vzoru Sea Monster, kter\u00fd byl vytvo\u0159en p\u0159\u00edmo pro v\u00e1s. Nechte se zl\u00e1kat temn\u00fdmi vodami a objevte tvory, kte\u0159\u00ed se skr\u00fdvaj\u00ed pod mo\u0159skou hladinou. S t\u00edmto designem, kter\u00fd odr\u00e1\u017e\u00ed tajemstv\u00ed, poc\u00edt\u00edte s\u00edlu nezn\u00e1m\u00fdch vod. Nechte sv\u00e9 nezapomenuteln\u00e9 dobrodru\u017estv\u00ed s mo\u0159skou p\u0159\u00ed\u0161erou zapo\u010d\u00edt je\u0161t\u011b dnes.<\/p>\n","protected":false},"featured_media":128819,"comment_status":"closed","ping_status":"open","template":"","meta":{"_acf_changed":false,"_kadence_starter_templates_imported_post":false,"_kad_post_transparent":"","_kad_post_title":"","_kad_post_layout":"","_kad_post_sidebar_id":"","_kad_post_content_style":"","_kad_post_vertical_padding":"","_kad_post_feature":"","_kad_post_feature_position":"","_kad_post_header":false,"_kad_post_footer":false,"_kad_post_classname":""},"product_brand":[],"product_cat":[25],"product_tag":[],"class_list":{"0":"post-128818","1":"product","2":"type-product","3":"status-publish","4":"has-post-thumbnail","6":"product_cat-obleceni-a-moda","7":"pa_obchod-lelosi-cz","9":"first","10":"instock","11":"product-type-external","12":"entry","13":"content-bg","14":"loop-entry"},"acf":[],"yoast_head":"<!-- This site is optimized with the Yoast SEO plugin v27.4 - https:\/\/yoast.com\/product\/yoast-seo-wordpress\/ -->\n<title>LELOSI Paddleboard Sea monster | SHOPATOA.COM<\/title>\n<meta name=\"description\" content=\"Pono\u0159te se do tajemn\u00fdch hlubin na\u0161eho vzoru Sea Monster, kter\u00fd byl vytvo\u0159en p\u0159\u00edmo pro v\u00e1s. Nechte se zl\u00e1kat temn\u00fdmi vodami a objevte tvory, kte\u0159\u00ed se skr\u00fdvaj\u00ed pod mo\u0159skou hladinou. S t\u00edmto designem, kter\u00fd odr\u00e1\u017e\u00ed tajemstv\u00ed, poc\u00edt\u00edte s\u00edlu nezn\u00e1m\u00fdch vod. Nechte sv\u00e9 nezapomenuteln\u00e9 dobrodru\u017estv\u00ed s mo\u0159skou p\u0159\u00ed\u0161erou zapo\u010d\u00edt je\u0161t\u011b dnes.\" \/>\n<meta name=\"robots\" content=\"index, follow, max-snippet:-1, max-image-preview:large, max-video-preview:-1\" \/>\n<link rel=\"canonical\" href=\"https:\/\/shopatoa.com\/cz\/lelosi-paddleboard-sea-monster\/\" \/>\n<meta property=\"og:locale\" content=\"cs_CZ\" \/>\n<meta property=\"og:type\" content=\"article\" \/>\n<meta property=\"og:title\" content=\"LELOSI Paddleboard Sea monster | SHOPATOA.COM\" \/>\n<meta property=\"og:description\" content=\"Pono\u0159te se do tajemn\u00fdch hlubin na\u0161eho vzoru Sea Monster, kter\u00fd byl vytvo\u0159en p\u0159\u00edmo pro v\u00e1s. Nechte se zl\u00e1kat temn\u00fdmi vodami a objevte tvory, kte\u0159\u00ed se skr\u00fdvaj\u00ed pod mo\u0159skou hladinou. S t\u00edmto designem, kter\u00fd odr\u00e1\u017e\u00ed tajemstv\u00ed, poc\u00edt\u00edte s\u00edlu nezn\u00e1m\u00fdch vod. Nechte sv\u00e9 nezapomenuteln\u00e9 dobrodru\u017estv\u00ed s mo\u0159skou p\u0159\u00ed\u0161erou zapo\u010d\u00edt je\u0161t\u011b dnes.\" \/>\n<meta property=\"og:url\" content=\"https:\/\/shopatoa.com\/cz\/lelosi-paddleboard-sea-monster\/\" \/>\n<meta property=\"og:site_name\" content=\"SHOPATOA\" \/>\n<meta property=\"article:modified_time\" content=\"2025-03-14T20:27:27+00:00\" \/>\n<meta property=\"og:image\" content=\"https:\/\/shopatoa.com\/cz\/wp-content\/uploads\/2025\/02\/0001-web_6e307662-adf3-433b-babd-d6686ca8db34.jpg\" \/>\n\t<meta property=\"og:image:width\" content=\"1333\" \/>\n\t<meta property=\"og:image:height\" content=\"2000\" \/>\n\t<meta property=\"og:image:type\" content=\"image\/jpeg\" \/>\n<meta name=\"twitter:card\" content=\"summary_large_image\" \/>\n<script type=\"application\/ld+json\" class=\"yoast-schema-graph\">{\"@context\":\"https:\\\/\\\/schema.org\",\"@graph\":[{\"@type\":\"WebPage\",\"@id\":\"https:\\\/\\\/shopatoa.com\\\/cz\\\/lelosi-paddleboard-sea-monster\\\/\",\"url\":\"https:\\\/\\\/shopatoa.com\\\/cz\\\/lelosi-paddleboard-sea-monster\\\/\",\"name\":\"LELOSI Paddleboard Sea monster | SHOPATOA.COM\",\"isPartOf\":{\"@id\":\"https:\\\/\\\/shopatoa.com\\\/cz\\\/#website\"},\"primaryImageOfPage\":{\"@id\":\"https:\\\/\\\/shopatoa.com\\\/cz\\\/lelosi-paddleboard-sea-monster\\\/#primaryimage\"},\"image\":{\"@id\":\"https:\\\/\\\/shopatoa.com\\\/cz\\\/lelosi-paddleboard-sea-monster\\\/#primaryimage\"},\"thumbnailUrl\":\"https:\\\/\\\/shopatoa.com\\\/cz\\\/wp-content\\\/uploads\\\/2025\\\/02\\\/0001-web_6e307662-adf3-433b-babd-d6686ca8db34.jpg\",\"datePublished\":\"2025-02-14T11:30:08+00:00\",\"dateModified\":\"2025-03-14T20:27:27+00:00\",\"description\":\"Pono\u0159te se do tajemn\u00fdch hlubin na\u0161eho vzoru Sea Monster, kter\u00fd byl vytvo\u0159en p\u0159\u00edmo pro v\u00e1s. Nechte se zl\u00e1kat temn\u00fdmi vodami a objevte tvory, kte\u0159\u00ed se skr\u00fdvaj\u00ed pod mo\u0159skou hladinou. S t\u00edmto designem, kter\u00fd odr\u00e1\u017e\u00ed tajemstv\u00ed, poc\u00edt\u00edte s\u00edlu nezn\u00e1m\u00fdch vod. Nechte sv\u00e9 nezapomenuteln\u00e9 dobrodru\u017estv\u00ed s mo\u0159skou p\u0159\u00ed\u0161erou zapo\u010d\u00edt je\u0161t\u011b dnes.\",\"breadcrumb\":{\"@id\":\"https:\\\/\\\/shopatoa.com\\\/cz\\\/lelosi-paddleboard-sea-monster\\\/#breadcrumb\"},\"inLanguage\":\"cs\",\"potentialAction\":[{\"@type\":\"ReadAction\",\"target\":[\"https:\\\/\\\/shopatoa.com\\\/cz\\\/lelosi-paddleboard-sea-monster\\\/\"]}]},{\"@type\":\"ImageObject\",\"inLanguage\":\"cs\",\"@id\":\"https:\\\/\\\/shopatoa.com\\\/cz\\\/lelosi-paddleboard-sea-monster\\\/#primaryimage\",\"url\":\"https:\\\/\\\/shopatoa.com\\\/cz\\\/wp-content\\\/uploads\\\/2025\\\/02\\\/0001-web_6e307662-adf3-433b-babd-d6686ca8db34.jpg\",\"contentUrl\":\"https:\\\/\\\/shopatoa.com\\\/cz\\\/wp-content\\\/uploads\\\/2025\\\/02\\\/0001-web_6e307662-adf3-433b-babd-d6686ca8db34.jpg\",\"width\":1333,\"height\":2000},{\"@type\":\"BreadcrumbList\",\"@id\":\"https:\\\/\\\/shopatoa.com\\\/cz\\\/lelosi-paddleboard-sea-monster\\\/#breadcrumb\",\"itemListElement\":[{\"@type\":\"ListItem\",\"position\":1,\"name\":\"Dom\u016f\",\"item\":\"https:\\\/\\\/shopatoa.com\\\/cz\\\/\"},{\"@type\":\"ListItem\",\"position\":2,\"name\":\"Produkty\",\"item\":\"https:\\\/\\\/shopatoa.com\\\/cz\\\/shop\\\/\"},{\"@type\":\"ListItem\",\"position\":3,\"name\":\"Oble\u010den\u00ed a m\u00f3da\",\"item\":\"https:\\\/\\\/shopatoa.com\\\/cz\\\/obleceni-a-moda\\\/\"},{\"@type\":\"ListItem\",\"position\":4,\"name\":\"LELOSI Paddleboard Sea monster\"}]},{\"@type\":\"WebSite\",\"@id\":\"https:\\\/\\\/shopatoa.com\\\/cz\\\/#website\",\"url\":\"https:\\\/\\\/shopatoa.com\\\/cz\\\/\",\"name\":\"SHOPATOA\",\"description\":\"\",\"publisher\":{\"@id\":\"https:\\\/\\\/shopatoa.com\\\/cz\\\/#organization\"},\"potentialAction\":[{\"@type\":\"SearchAction\",\"target\":{\"@type\":\"EntryPoint\",\"urlTemplate\":\"https:\\\/\\\/shopatoa.com\\\/cz\\\/?s={search_term_string}\"},\"query-input\":{\"@type\":\"PropertyValueSpecification\",\"valueRequired\":true,\"valueName\":\"search_term_string\"}}],\"inLanguage\":\"cs\"},{\"@type\":\"Organization\",\"@id\":\"https:\\\/\\\/shopatoa.com\\\/cz\\\/#organization\",\"name\":\"SHOPATOA Digital s.r.o.\",\"url\":\"https:\\\/\\\/shopatoa.com\\\/cz\\\/\",\"logo\":{\"@type\":\"ImageObject\",\"inLanguage\":\"cs\",\"@id\":\"https:\\\/\\\/shopatoa.com\\\/cz\\\/#\\\/schema\\\/logo\\\/image\\\/\",\"url\":\"https:\\\/\\\/storage.googleapis.com\\\/cz-shopatoa-img\\\/cz\\\/ebccf434-shopatoa_logo.png\",\"contentUrl\":\"https:\\\/\\\/storage.googleapis.com\\\/cz-shopatoa-img\\\/cz\\\/ebccf434-shopatoa_logo.png\",\"width\":416,\"height\":63,\"caption\":\"SHOPATOA Digital s.r.o.\"},\"image\":{\"@id\":\"https:\\\/\\\/shopatoa.com\\\/cz\\\/#\\\/schema\\\/logo\\\/image\\\/\"}}]}<\/script>\n<!-- \/ Yoast SEO plugin. -->","yoast_head_json":{"title":"LELOSI Paddleboard Sea monster | SHOPATOA.COM","description":"Pono\u0159te se do tajemn\u00fdch hlubin na\u0161eho vzoru Sea Monster, kter\u00fd byl vytvo\u0159en p\u0159\u00edmo pro v\u00e1s. Nechte se zl\u00e1kat temn\u00fdmi vodami a objevte tvory, kte\u0159\u00ed se skr\u00fdvaj\u00ed pod mo\u0159skou hladinou. S t\u00edmto designem, kter\u00fd odr\u00e1\u017e\u00ed tajemstv\u00ed, poc\u00edt\u00edte s\u00edlu nezn\u00e1m\u00fdch vod. Nechte sv\u00e9 nezapomenuteln\u00e9 dobrodru\u017estv\u00ed s mo\u0159skou p\u0159\u00ed\u0161erou zapo\u010d\u00edt je\u0161t\u011b dnes.","robots":{"index":"index","follow":"follow","max-snippet":"max-snippet:-1","max-image-preview":"max-image-preview:large","max-video-preview":"max-video-preview:-1"},"canonical":"https:\/\/shopatoa.com\/cz\/lelosi-paddleboard-sea-monster\/","og_locale":"cs_CZ","og_type":"article","og_title":"LELOSI Paddleboard Sea monster | SHOPATOA.COM","og_description":"Pono\u0159te se do tajemn\u00fdch hlubin na\u0161eho vzoru Sea Monster, kter\u00fd byl vytvo\u0159en p\u0159\u00edmo pro v\u00e1s. Nechte se zl\u00e1kat temn\u00fdmi vodami a objevte tvory, kte\u0159\u00ed se skr\u00fdvaj\u00ed pod mo\u0159skou hladinou. S t\u00edmto designem, kter\u00fd odr\u00e1\u017e\u00ed tajemstv\u00ed, poc\u00edt\u00edte s\u00edlu nezn\u00e1m\u00fdch vod. Nechte sv\u00e9 nezapomenuteln\u00e9 dobrodru\u017estv\u00ed s mo\u0159skou p\u0159\u00ed\u0161erou zapo\u010d\u00edt je\u0161t\u011b dnes.","og_url":"https:\/\/shopatoa.com\/cz\/lelosi-paddleboard-sea-monster\/","og_site_name":"SHOPATOA","article_modified_time":"2025-03-14T20:27:27+00:00","og_image":[{"width":1333,"height":2000,"url":"https:\/\/shopatoa.com\/cz\/wp-content\/uploads\/2025\/02\/0001-web_6e307662-adf3-433b-babd-d6686ca8db34.jpg","type":"image\/jpeg"}],"twitter_card":"summary_large_image","schema":{"@context":"https:\/\/schema.org","@graph":[{"@type":"WebPage","@id":"https:\/\/shopatoa.com\/cz\/lelosi-paddleboard-sea-monster\/","url":"https:\/\/shopatoa.com\/cz\/lelosi-paddleboard-sea-monster\/","name":"LELOSI Paddleboard Sea monster | SHOPATOA.COM","isPartOf":{"@id":"https:\/\/shopatoa.com\/cz\/#website"},"primaryImageOfPage":{"@id":"https:\/\/shopatoa.com\/cz\/lelosi-paddleboard-sea-monster\/#primaryimage"},"image":{"@id":"https:\/\/shopatoa.com\/cz\/lelosi-paddleboard-sea-monster\/#primaryimage"},"thumbnailUrl":"https:\/\/shopatoa.com\/cz\/wp-content\/uploads\/2025\/02\/0001-web_6e307662-adf3-433b-babd-d6686ca8db34.jpg","datePublished":"2025-02-14T11:30:08+00:00","dateModified":"2025-03-14T20:27:27+00:00","description":"Pono\u0159te se do tajemn\u00fdch hlubin na\u0161eho vzoru Sea Monster, kter\u00fd byl vytvo\u0159en p\u0159\u00edmo pro v\u00e1s. Nechte se zl\u00e1kat temn\u00fdmi vodami a objevte tvory, kte\u0159\u00ed se skr\u00fdvaj\u00ed pod mo\u0159skou hladinou. S t\u00edmto designem, kter\u00fd odr\u00e1\u017e\u00ed tajemstv\u00ed, poc\u00edt\u00edte s\u00edlu nezn\u00e1m\u00fdch vod. Nechte sv\u00e9 nezapomenuteln\u00e9 dobrodru\u017estv\u00ed s mo\u0159skou p\u0159\u00ed\u0161erou zapo\u010d\u00edt je\u0161t\u011b dnes.","breadcrumb":{"@id":"https:\/\/shopatoa.com\/cz\/lelosi-paddleboard-sea-monster\/#breadcrumb"},"inLanguage":"cs","potentialAction":[{"@type":"ReadAction","target":["https:\/\/shopatoa.com\/cz\/lelosi-paddleboard-sea-monster\/"]}]},{"@type":"ImageObject","inLanguage":"cs","@id":"https:\/\/shopatoa.com\/cz\/lelosi-paddleboard-sea-monster\/#primaryimage","url":"https:\/\/shopatoa.com\/cz\/wp-content\/uploads\/2025\/02\/0001-web_6e307662-adf3-433b-babd-d6686ca8db34.jpg","contentUrl":"https:\/\/shopatoa.com\/cz\/wp-content\/uploads\/2025\/02\/0001-web_6e307662-adf3-433b-babd-d6686ca8db34.jpg","width":1333,"height":2000},{"@type":"BreadcrumbList","@id":"https:\/\/shopatoa.com\/cz\/lelosi-paddleboard-sea-monster\/#breadcrumb","itemListElement":[{"@type":"ListItem","position":1,"name":"Dom\u016f","item":"https:\/\/shopatoa.com\/cz\/"},{"@type":"ListItem","position":2,"name":"Produkty","item":"https:\/\/shopatoa.com\/cz\/shop\/"},{"@type":"ListItem","position":3,"name":"Oble\u010den\u00ed a m\u00f3da","item":"https:\/\/shopatoa.com\/cz\/obleceni-a-moda\/"},{"@type":"ListItem","position":4,"name":"LELOSI Paddleboard Sea monster"}]},{"@type":"WebSite","@id":"https:\/\/shopatoa.com\/cz\/#website","url":"https:\/\/shopatoa.com\/cz\/","name":"SHOPATOA","description":"","publisher":{"@id":"https:\/\/shopatoa.com\/cz\/#organization"},"potentialAction":[{"@type":"SearchAction","target":{"@type":"EntryPoint","urlTemplate":"https:\/\/shopatoa.com\/cz\/?s={search_term_string}"},"query-input":{"@type":"PropertyValueSpecification","valueRequired":true,"valueName":"search_term_string"}}],"inLanguage":"cs"},{"@type":"Organization","@id":"https:\/\/shopatoa.com\/cz\/#organization","name":"SHOPATOA Digital s.r.o.","url":"https:\/\/shopatoa.com\/cz\/","logo":{"@type":"ImageObject","inLanguage":"cs","@id":"https:\/\/shopatoa.com\/cz\/#\/schema\/logo\/image\/","url":"https:\/\/storage.googleapis.com\/cz-shopatoa-img\/cz\/ebccf434-shopatoa_logo.png","contentUrl":"https:\/\/storage.googleapis.com\/cz-shopatoa-img\/cz\/ebccf434-shopatoa_logo.png","width":416,"height":63,"caption":"SHOPATOA Digital s.r.o."},"image":{"@id":"https:\/\/shopatoa.com\/cz\/#\/schema\/logo\/image\/"}}]}},"_links":{"self":[{"href":"https:\/\/shopatoa.com\/cz\/wp-json\/wp\/v2\/product\/128818","targetHints":{"allow":["GET"]}}],"collection":[{"href":"https:\/\/shopatoa.com\/cz\/wp-json\/wp\/v2\/product"}],"about":[{"href":"https:\/\/shopatoa.com\/cz\/wp-json\/wp\/v2\/types\/product"}],"replies":[{"embeddable":true,"href":"https:\/\/shopatoa.com\/cz\/wp-json\/wp\/v2\/comments?post=128818"}],"wp:featuredmedia":[{"embeddable":true,"href":"https:\/\/shopatoa.com\/cz\/wp-json\/wp\/v2\/media\/128819"}],"wp:attachment":[{"href":"https:\/\/shopatoa.com\/cz\/wp-json\/wp\/v2\/media?parent=128818"}],"wp:term":[{"taxonomy":"product_brand","embeddable":true,"href":"https:\/\/shopatoa.com\/cz\/wp-json\/wp\/v2\/product_brand?post=128818"},{"taxonomy":"product_cat","embeddable":true,"href":"https:\/\/shopatoa.com\/cz\/wp-json\/wp\/v2\/product_cat?post=128818"},{"taxonomy":"product_tag","embeddable":true,"href":"https:\/\/shopatoa.com\/cz\/wp-json\/wp\/v2\/product_tag?post=128818"}],"curies":[{"name":"wp","href":"https:\/\/api.w.org\/{rel}","templated":true}]}}