{"id":128826,"date":"2025-02-14T12:30:08","date_gmt":"2025-02-14T11:30:08","guid":{"rendered":"https:\/\/shopatoa.com\/cz\/lelosi-lehatko-tramontana\/"},"modified":"2025-03-14T21:27:36","modified_gmt":"2025-03-14T20:27:36","slug":"lelosi-lehatko-tramontana","status":"publish","type":"product","link":"https:\/\/shopatoa.com\/cz\/lelosi-lehatko-tramontana\/","title":{"rendered":"LELOSI Leh\u00e1tko Tramontana"},"content":{"rendered":"<p>Tramontana zt\u011bles\u0148uje spojen\u00ed sou\u010dasn\u00e9ho um\u011bleck\u00e9ho stylu a kaleidoskopu syt\u00fdch barev. Tento podmaniv\u00fd vzor vyza\u0159uje bezmeznou energii a vdechne va\u0161emu stylu kreativitu. Tato symfonie odst\u00edn\u016f dod\u00e1 ka\u017ed\u00e9mu vzhledu hrav\u00fd, ale m\u00f3dn\u00ed n\u00e1dech. Kdy\u017e si osvoj\u00edte tento dynamick\u00fd design, ocitnete se na cest\u011b sebevyj\u00e1d\u0159en\u00ed, kde neomezen\u00e9 mo\u017enosti \u010dekaj\u00ed, a\u017e je prozkoum\u00e1te a oslav\u00edte.<\/p>\n","protected":false},"excerpt":{"rendered":"<p>Tramontana zt\u011bles\u0148uje spojen\u00ed sou\u010dasn\u00e9ho um\u011bleck\u00e9ho stylu a kaleidoskopu syt\u00fdch barev. Tento podmaniv\u00fd vzor vyza\u0159uje bezmeznou energii a vdechne va\u0161emu stylu kreativitu. Tato symfonie odst\u00edn\u016f dod\u00e1 ka\u017ed\u00e9mu vzhledu hrav\u00fd, ale m\u00f3dn\u00ed n\u00e1dech. Kdy\u017e si osvoj\u00edte tento dynamick\u00fd design, ocitnete se na cest\u011b sebevyj\u00e1d\u0159en\u00ed, kde neomezen\u00e9 mo\u017enosti \u010dekaj\u00ed, a\u017e je prozkoum\u00e1te a oslav\u00edte.<\/p>\n","protected":false},"featured_media":128827,"comment_status":"closed","ping_status":"open","template":"","meta":{"_acf_changed":false,"_kadence_starter_templates_imported_post":false,"_kad_post_transparent":"","_kad_post_title":"","_kad_post_layout":"","_kad_post_sidebar_id":"","_kad_post_content_style":"","_kad_post_vertical_padding":"","_kad_post_feature":"","_kad_post_feature_position":"","_kad_post_header":false,"_kad_post_footer":false,"_kad_post_classname":""},"product_brand":[],"product_cat":[25],"product_tag":[],"class_list":{"0":"post-128826","1":"product","2":"type-product","3":"status-publish","4":"has-post-thumbnail","6":"product_cat-obleceni-a-moda","7":"pa_obchod-lelosi-cz","9":"first","10":"instock","11":"product-type-external","12":"entry","13":"content-bg","14":"loop-entry"},"acf":[],"yoast_head":"<!-- This site is optimized with the Yoast SEO plugin v27.4 - https:\/\/yoast.com\/product\/yoast-seo-wordpress\/ -->\n<title>LELOSI Leh\u00e1tko Tramontana | SHOPATOA.COM<\/title>\n<meta name=\"description\" content=\"Tramontana zt\u011bles\u0148uje spojen\u00ed sou\u010dasn\u00e9ho um\u011bleck\u00e9ho stylu a kaleidoskopu syt\u00fdch barev. Tento podmaniv\u00fd vzor vyza\u0159uje bezmeznou energii a vdechne va\u0161emu stylu kreativitu. Tato symfonie odst\u00edn\u016f dod\u00e1 ka\u017ed\u00e9mu vzhledu hrav\u00fd, ale m\u00f3dn\u00ed n\u00e1dech. Kdy\u017e si osvoj\u00edte tento dynamick\u00fd design, ocitnete se na cest\u011b sebevyj\u00e1d\u0159en\u00ed, kde neomezen\u00e9 mo\u017enosti \u010dekaj\u00ed, a\u017e je prozkoum\u00e1te a oslav\u00edte.\" \/>\n<meta name=\"robots\" content=\"index, follow, max-snippet:-1, max-image-preview:large, max-video-preview:-1\" \/>\n<link rel=\"canonical\" href=\"https:\/\/shopatoa.com\/cz\/lelosi-lehatko-tramontana\/\" \/>\n<meta property=\"og:locale\" content=\"cs_CZ\" \/>\n<meta property=\"og:type\" content=\"article\" \/>\n<meta property=\"og:title\" content=\"LELOSI Leh\u00e1tko Tramontana | SHOPATOA.COM\" \/>\n<meta property=\"og:description\" content=\"Tramontana zt\u011bles\u0148uje spojen\u00ed sou\u010dasn\u00e9ho um\u011bleck\u00e9ho stylu a kaleidoskopu syt\u00fdch barev. Tento podmaniv\u00fd vzor vyza\u0159uje bezmeznou energii a vdechne va\u0161emu stylu kreativitu. Tato symfonie odst\u00edn\u016f dod\u00e1 ka\u017ed\u00e9mu vzhledu hrav\u00fd, ale m\u00f3dn\u00ed n\u00e1dech. Kdy\u017e si osvoj\u00edte tento dynamick\u00fd design, ocitnete se na cest\u011b sebevyj\u00e1d\u0159en\u00ed, kde neomezen\u00e9 mo\u017enosti \u010dekaj\u00ed, a\u017e je prozkoum\u00e1te a oslav\u00edte.\" \/>\n<meta property=\"og:url\" content=\"https:\/\/shopatoa.com\/cz\/lelosi-lehatko-tramontana\/\" \/>\n<meta property=\"og:site_name\" content=\"SHOPATOA\" \/>\n<meta property=\"article:modified_time\" content=\"2025-03-14T20:27:36+00:00\" \/>\n<meta property=\"og:image\" content=\"https:\/\/shopatoa.com\/cz\/wp-content\/uploads\/2025\/02\/Lezalnik_Tramontana-1-web.jpg\" \/>\n\t<meta property=\"og:image:width\" content=\"1333\" \/>\n\t<meta property=\"og:image:height\" content=\"2000\" \/>\n\t<meta property=\"og:image:type\" content=\"image\/jpeg\" \/>\n<meta name=\"twitter:card\" content=\"summary_large_image\" \/>\n<script type=\"application\/ld+json\" class=\"yoast-schema-graph\">{\"@context\":\"https:\\\/\\\/schema.org\",\"@graph\":[{\"@type\":\"WebPage\",\"@id\":\"https:\\\/\\\/shopatoa.com\\\/cz\\\/lelosi-lehatko-tramontana\\\/\",\"url\":\"https:\\\/\\\/shopatoa.com\\\/cz\\\/lelosi-lehatko-tramontana\\\/\",\"name\":\"LELOSI Leh\u00e1tko Tramontana | SHOPATOA.COM\",\"isPartOf\":{\"@id\":\"https:\\\/\\\/shopatoa.com\\\/cz\\\/#website\"},\"primaryImageOfPage\":{\"@id\":\"https:\\\/\\\/shopatoa.com\\\/cz\\\/lelosi-lehatko-tramontana\\\/#primaryimage\"},\"image\":{\"@id\":\"https:\\\/\\\/shopatoa.com\\\/cz\\\/lelosi-lehatko-tramontana\\\/#primaryimage\"},\"thumbnailUrl\":\"https:\\\/\\\/shopatoa.com\\\/cz\\\/wp-content\\\/uploads\\\/2025\\\/02\\\/Lezalnik_Tramontana-1-web.jpg\",\"datePublished\":\"2025-02-14T11:30:08+00:00\",\"dateModified\":\"2025-03-14T20:27:36+00:00\",\"description\":\"Tramontana zt\u011bles\u0148uje spojen\u00ed sou\u010dasn\u00e9ho um\u011bleck\u00e9ho stylu a kaleidoskopu syt\u00fdch barev. Tento podmaniv\u00fd vzor vyza\u0159uje bezmeznou energii a vdechne va\u0161emu stylu kreativitu. Tato symfonie odst\u00edn\u016f dod\u00e1 ka\u017ed\u00e9mu vzhledu hrav\u00fd, ale m\u00f3dn\u00ed n\u00e1dech. Kdy\u017e si osvoj\u00edte tento dynamick\u00fd design, ocitnete se na cest\u011b sebevyj\u00e1d\u0159en\u00ed, kde neomezen\u00e9 mo\u017enosti \u010dekaj\u00ed, a\u017e je prozkoum\u00e1te a oslav\u00edte.\",\"breadcrumb\":{\"@id\":\"https:\\\/\\\/shopatoa.com\\\/cz\\\/lelosi-lehatko-tramontana\\\/#breadcrumb\"},\"inLanguage\":\"cs\",\"potentialAction\":[{\"@type\":\"ReadAction\",\"target\":[\"https:\\\/\\\/shopatoa.com\\\/cz\\\/lelosi-lehatko-tramontana\\\/\"]}]},{\"@type\":\"ImageObject\",\"inLanguage\":\"cs\",\"@id\":\"https:\\\/\\\/shopatoa.com\\\/cz\\\/lelosi-lehatko-tramontana\\\/#primaryimage\",\"url\":\"https:\\\/\\\/shopatoa.com\\\/cz\\\/wp-content\\\/uploads\\\/2025\\\/02\\\/Lezalnik_Tramontana-1-web.jpg\",\"contentUrl\":\"https:\\\/\\\/shopatoa.com\\\/cz\\\/wp-content\\\/uploads\\\/2025\\\/02\\\/Lezalnik_Tramontana-1-web.jpg\",\"width\":1333,\"height\":2000},{\"@type\":\"BreadcrumbList\",\"@id\":\"https:\\\/\\\/shopatoa.com\\\/cz\\\/lelosi-lehatko-tramontana\\\/#breadcrumb\",\"itemListElement\":[{\"@type\":\"ListItem\",\"position\":1,\"name\":\"Dom\u016f\",\"item\":\"https:\\\/\\\/shopatoa.com\\\/cz\\\/\"},{\"@type\":\"ListItem\",\"position\":2,\"name\":\"Produkty\",\"item\":\"https:\\\/\\\/shopatoa.com\\\/cz\\\/shop\\\/\"},{\"@type\":\"ListItem\",\"position\":3,\"name\":\"Oble\u010den\u00ed a m\u00f3da\",\"item\":\"https:\\\/\\\/shopatoa.com\\\/cz\\\/obleceni-a-moda\\\/\"},{\"@type\":\"ListItem\",\"position\":4,\"name\":\"LELOSI Leh\u00e1tko Tramontana\"}]},{\"@type\":\"WebSite\",\"@id\":\"https:\\\/\\\/shopatoa.com\\\/cz\\\/#website\",\"url\":\"https:\\\/\\\/shopatoa.com\\\/cz\\\/\",\"name\":\"SHOPATOA\",\"description\":\"\",\"publisher\":{\"@id\":\"https:\\\/\\\/shopatoa.com\\\/cz\\\/#organization\"},\"potentialAction\":[{\"@type\":\"SearchAction\",\"target\":{\"@type\":\"EntryPoint\",\"urlTemplate\":\"https:\\\/\\\/shopatoa.com\\\/cz\\\/?s={search_term_string}\"},\"query-input\":{\"@type\":\"PropertyValueSpecification\",\"valueRequired\":true,\"valueName\":\"search_term_string\"}}],\"inLanguage\":\"cs\"},{\"@type\":\"Organization\",\"@id\":\"https:\\\/\\\/shopatoa.com\\\/cz\\\/#organization\",\"name\":\"SHOPATOA Digital s.r.o.\",\"url\":\"https:\\\/\\\/shopatoa.com\\\/cz\\\/\",\"logo\":{\"@type\":\"ImageObject\",\"inLanguage\":\"cs\",\"@id\":\"https:\\\/\\\/shopatoa.com\\\/cz\\\/#\\\/schema\\\/logo\\\/image\\\/\",\"url\":\"https:\\\/\\\/storage.googleapis.com\\\/cz-shopatoa-img\\\/cz\\\/ebccf434-shopatoa_logo.png\",\"contentUrl\":\"https:\\\/\\\/storage.googleapis.com\\\/cz-shopatoa-img\\\/cz\\\/ebccf434-shopatoa_logo.png\",\"width\":416,\"height\":63,\"caption\":\"SHOPATOA Digital s.r.o.\"},\"image\":{\"@id\":\"https:\\\/\\\/shopatoa.com\\\/cz\\\/#\\\/schema\\\/logo\\\/image\\\/\"}}]}<\/script>\n<!-- \/ Yoast SEO plugin. -->","yoast_head_json":{"title":"LELOSI Leh\u00e1tko Tramontana | SHOPATOA.COM","description":"Tramontana zt\u011bles\u0148uje spojen\u00ed sou\u010dasn\u00e9ho um\u011bleck\u00e9ho stylu a kaleidoskopu syt\u00fdch barev. Tento podmaniv\u00fd vzor vyza\u0159uje bezmeznou energii a vdechne va\u0161emu stylu kreativitu. Tato symfonie odst\u00edn\u016f dod\u00e1 ka\u017ed\u00e9mu vzhledu hrav\u00fd, ale m\u00f3dn\u00ed n\u00e1dech. Kdy\u017e si osvoj\u00edte tento dynamick\u00fd design, ocitnete se na cest\u011b sebevyj\u00e1d\u0159en\u00ed, kde neomezen\u00e9 mo\u017enosti \u010dekaj\u00ed, a\u017e je prozkoum\u00e1te a oslav\u00edte.","robots":{"index":"index","follow":"follow","max-snippet":"max-snippet:-1","max-image-preview":"max-image-preview:large","max-video-preview":"max-video-preview:-1"},"canonical":"https:\/\/shopatoa.com\/cz\/lelosi-lehatko-tramontana\/","og_locale":"cs_CZ","og_type":"article","og_title":"LELOSI Leh\u00e1tko Tramontana | SHOPATOA.COM","og_description":"Tramontana zt\u011bles\u0148uje spojen\u00ed sou\u010dasn\u00e9ho um\u011bleck\u00e9ho stylu a kaleidoskopu syt\u00fdch barev. Tento podmaniv\u00fd vzor vyza\u0159uje bezmeznou energii a vdechne va\u0161emu stylu kreativitu. Tato symfonie odst\u00edn\u016f dod\u00e1 ka\u017ed\u00e9mu vzhledu hrav\u00fd, ale m\u00f3dn\u00ed n\u00e1dech. Kdy\u017e si osvoj\u00edte tento dynamick\u00fd design, ocitnete se na cest\u011b sebevyj\u00e1d\u0159en\u00ed, kde neomezen\u00e9 mo\u017enosti \u010dekaj\u00ed, a\u017e je prozkoum\u00e1te a oslav\u00edte.","og_url":"https:\/\/shopatoa.com\/cz\/lelosi-lehatko-tramontana\/","og_site_name":"SHOPATOA","article_modified_time":"2025-03-14T20:27:36+00:00","og_image":[{"width":1333,"height":2000,"url":"https:\/\/shopatoa.com\/cz\/wp-content\/uploads\/2025\/02\/Lezalnik_Tramontana-1-web.jpg","type":"image\/jpeg"}],"twitter_card":"summary_large_image","schema":{"@context":"https:\/\/schema.org","@graph":[{"@type":"WebPage","@id":"https:\/\/shopatoa.com\/cz\/lelosi-lehatko-tramontana\/","url":"https:\/\/shopatoa.com\/cz\/lelosi-lehatko-tramontana\/","name":"LELOSI Leh\u00e1tko Tramontana | SHOPATOA.COM","isPartOf":{"@id":"https:\/\/shopatoa.com\/cz\/#website"},"primaryImageOfPage":{"@id":"https:\/\/shopatoa.com\/cz\/lelosi-lehatko-tramontana\/#primaryimage"},"image":{"@id":"https:\/\/shopatoa.com\/cz\/lelosi-lehatko-tramontana\/#primaryimage"},"thumbnailUrl":"https:\/\/shopatoa.com\/cz\/wp-content\/uploads\/2025\/02\/Lezalnik_Tramontana-1-web.jpg","datePublished":"2025-02-14T11:30:08+00:00","dateModified":"2025-03-14T20:27:36+00:00","description":"Tramontana zt\u011bles\u0148uje spojen\u00ed sou\u010dasn\u00e9ho um\u011bleck\u00e9ho stylu a kaleidoskopu syt\u00fdch barev. Tento podmaniv\u00fd vzor vyza\u0159uje bezmeznou energii a vdechne va\u0161emu stylu kreativitu. Tato symfonie odst\u00edn\u016f dod\u00e1 ka\u017ed\u00e9mu vzhledu hrav\u00fd, ale m\u00f3dn\u00ed n\u00e1dech. Kdy\u017e si osvoj\u00edte tento dynamick\u00fd design, ocitnete se na cest\u011b sebevyj\u00e1d\u0159en\u00ed, kde neomezen\u00e9 mo\u017enosti \u010dekaj\u00ed, a\u017e je prozkoum\u00e1te a oslav\u00edte.","breadcrumb":{"@id":"https:\/\/shopatoa.com\/cz\/lelosi-lehatko-tramontana\/#breadcrumb"},"inLanguage":"cs","potentialAction":[{"@type":"ReadAction","target":["https:\/\/shopatoa.com\/cz\/lelosi-lehatko-tramontana\/"]}]},{"@type":"ImageObject","inLanguage":"cs","@id":"https:\/\/shopatoa.com\/cz\/lelosi-lehatko-tramontana\/#primaryimage","url":"https:\/\/shopatoa.com\/cz\/wp-content\/uploads\/2025\/02\/Lezalnik_Tramontana-1-web.jpg","contentUrl":"https:\/\/shopatoa.com\/cz\/wp-content\/uploads\/2025\/02\/Lezalnik_Tramontana-1-web.jpg","width":1333,"height":2000},{"@type":"BreadcrumbList","@id":"https:\/\/shopatoa.com\/cz\/lelosi-lehatko-tramontana\/#breadcrumb","itemListElement":[{"@type":"ListItem","position":1,"name":"Dom\u016f","item":"https:\/\/shopatoa.com\/cz\/"},{"@type":"ListItem","position":2,"name":"Produkty","item":"https:\/\/shopatoa.com\/cz\/shop\/"},{"@type":"ListItem","position":3,"name":"Oble\u010den\u00ed a m\u00f3da","item":"https:\/\/shopatoa.com\/cz\/obleceni-a-moda\/"},{"@type":"ListItem","position":4,"name":"LELOSI Leh\u00e1tko Tramontana"}]},{"@type":"WebSite","@id":"https:\/\/shopatoa.com\/cz\/#website","url":"https:\/\/shopatoa.com\/cz\/","name":"SHOPATOA","description":"","publisher":{"@id":"https:\/\/shopatoa.com\/cz\/#organization"},"potentialAction":[{"@type":"SearchAction","target":{"@type":"EntryPoint","urlTemplate":"https:\/\/shopatoa.com\/cz\/?s={search_term_string}"},"query-input":{"@type":"PropertyValueSpecification","valueRequired":true,"valueName":"search_term_string"}}],"inLanguage":"cs"},{"@type":"Organization","@id":"https:\/\/shopatoa.com\/cz\/#organization","name":"SHOPATOA Digital s.r.o.","url":"https:\/\/shopatoa.com\/cz\/","logo":{"@type":"ImageObject","inLanguage":"cs","@id":"https:\/\/shopatoa.com\/cz\/#\/schema\/logo\/image\/","url":"https:\/\/storage.googleapis.com\/cz-shopatoa-img\/cz\/ebccf434-shopatoa_logo.png","contentUrl":"https:\/\/storage.googleapis.com\/cz-shopatoa-img\/cz\/ebccf434-shopatoa_logo.png","width":416,"height":63,"caption":"SHOPATOA Digital s.r.o."},"image":{"@id":"https:\/\/shopatoa.com\/cz\/#\/schema\/logo\/image\/"}}]}},"_links":{"self":[{"href":"https:\/\/shopatoa.com\/cz\/wp-json\/wp\/v2\/product\/128826","targetHints":{"allow":["GET"]}}],"collection":[{"href":"https:\/\/shopatoa.com\/cz\/wp-json\/wp\/v2\/product"}],"about":[{"href":"https:\/\/shopatoa.com\/cz\/wp-json\/wp\/v2\/types\/product"}],"replies":[{"embeddable":true,"href":"https:\/\/shopatoa.com\/cz\/wp-json\/wp\/v2\/comments?post=128826"}],"wp:featuredmedia":[{"embeddable":true,"href":"https:\/\/shopatoa.com\/cz\/wp-json\/wp\/v2\/media\/128827"}],"wp:attachment":[{"href":"https:\/\/shopatoa.com\/cz\/wp-json\/wp\/v2\/media?parent=128826"}],"wp:term":[{"taxonomy":"product_brand","embeddable":true,"href":"https:\/\/shopatoa.com\/cz\/wp-json\/wp\/v2\/product_brand?post=128826"},{"taxonomy":"product_cat","embeddable":true,"href":"https:\/\/shopatoa.com\/cz\/wp-json\/wp\/v2\/product_cat?post=128826"},{"taxonomy":"product_tag","embeddable":true,"href":"https:\/\/shopatoa.com\/cz\/wp-json\/wp\/v2\/product_tag?post=128826"}],"curies":[{"name":"wp","href":"https:\/\/api.w.org\/{rel}","templated":true}]}}