{"id":128882,"date":"2025-02-14T12:33:32","date_gmt":"2025-02-14T11:33:32","guid":{"rendered":"https:\/\/shopatoa.com\/cz\/lelosi-long-skort-britney-xs\/"},"modified":"2025-03-14T21:28:38","modified_gmt":"2025-03-14T20:28:38","slug":"lelosi-long-skort-britney-xs","status":"publish","type":"product","link":"https:\/\/shopatoa.com\/cz\/lelosi-long-skort-britney-xs\/","title":{"rendered":"LELOSI Long skort Britney XS"},"content":{"rendered":"<p>Design Britney v\u00e1s vt\u00e1hne do sv\u011bta z\u00e1bavy a svobodomyslnosti. Bude v\u00e1s inspirovat svou bezstarostnou a z\u00e1rove\u0148 dynamickou atmosf\u00e9rou, kter\u00e1 odr\u00e1\u017e\u00ed ikonick\u00fd styl. Jej\u00ed design spojuje pohodl\u00ed s trendy, co\u017e v\u00e1m umo\u017en\u00ed p\u0159ijmout va\u0161e nejv\u011bt\u0161\u00ed v\u00e1\u0161n\u011b a zaz\u00e1\u0159it jako slavn\u00e1 hudebn\u00ed um\u011blkyn\u011b va\u0161eho osudu.<\/p>\n","protected":false},"excerpt":{"rendered":"<p>Design Britney v\u00e1s vt\u00e1hne do sv\u011bta z\u00e1bavy a svobodomyslnosti. Bude v\u00e1s inspirovat svou bezstarostnou a z\u00e1rove\u0148 dynamickou atmosf\u00e9rou, kter\u00e1 odr\u00e1\u017e\u00ed ikonick\u00fd styl. Jej\u00ed design spojuje pohodl\u00ed s trendy, co\u017e v\u00e1m umo\u017en\u00ed p\u0159ijmout va\u0161e nejv\u011bt\u0161\u00ed v\u00e1\u0161n\u011b a zaz\u00e1\u0159it jako slavn\u00e1 hudebn\u00ed um\u011blkyn\u011b va\u0161eho osudu.<\/p>\n","protected":false},"featured_media":128883,"comment_status":"closed","ping_status":"open","template":"","meta":{"_acf_changed":false,"_kadence_starter_templates_imported_post":false,"_kad_post_transparent":"","_kad_post_title":"","_kad_post_layout":"","_kad_post_sidebar_id":"","_kad_post_content_style":"","_kad_post_vertical_padding":"","_kad_post_feature":"","_kad_post_feature_position":"","_kad_post_header":false,"_kad_post_footer":false,"_kad_post_classname":""},"product_brand":[],"product_cat":[25],"product_tag":[],"class_list":{"0":"post-128882","1":"product","2":"type-product","3":"status-publish","4":"has-post-thumbnail","6":"product_cat-obleceni-a-moda","7":"pa_obchod-lelosi-cz","9":"first","10":"instock","11":"product-type-external","12":"entry","13":"content-bg","14":"loop-entry"},"acf":[],"yoast_head":"<!-- This site is optimized with the Yoast SEO plugin v27.4 - https:\/\/yoast.com\/product\/yoast-seo-wordpress\/ -->\n<title>LELOSI Long skort Britney XS | SHOPATOA.COM<\/title>\n<meta name=\"description\" content=\"Design Britney v\u00e1s vt\u00e1hne do sv\u011bta z\u00e1bavy a svobodomyslnosti. Bude v\u00e1s inspirovat svou bezstarostnou a z\u00e1rove\u0148 dynamickou atmosf\u00e9rou, kter\u00e1 odr\u00e1\u017e\u00ed ikonick\u00fd styl. Jej\u00ed design spojuje pohodl\u00ed s trendy, co\u017e v\u00e1m umo\u017en\u00ed p\u0159ijmout va\u0161e nejv\u011bt\u0161\u00ed v\u00e1\u0161n\u011b a zaz\u00e1\u0159it jako slavn\u00e1 hudebn\u00ed um\u011blkyn\u011b va\u0161eho osudu.\" \/>\n<meta name=\"robots\" content=\"index, follow, max-snippet:-1, max-image-preview:large, max-video-preview:-1\" \/>\n<link rel=\"canonical\" href=\"https:\/\/shopatoa.com\/cz\/lelosi-long-skort-britney-xs\/\" \/>\n<meta property=\"og:locale\" content=\"cs_CZ\" \/>\n<meta property=\"og:type\" content=\"article\" \/>\n<meta property=\"og:title\" content=\"LELOSI Long skort Britney XS | SHOPATOA.COM\" \/>\n<meta property=\"og:description\" content=\"Design Britney v\u00e1s vt\u00e1hne do sv\u011bta z\u00e1bavy a svobodomyslnosti. Bude v\u00e1s inspirovat svou bezstarostnou a z\u00e1rove\u0148 dynamickou atmosf\u00e9rou, kter\u00e1 odr\u00e1\u017e\u00ed ikonick\u00fd styl. Jej\u00ed design spojuje pohodl\u00ed s trendy, co\u017e v\u00e1m umo\u017en\u00ed p\u0159ijmout va\u0161e nejv\u011bt\u0161\u00ed v\u00e1\u0161n\u011b a zaz\u00e1\u0159it jako slavn\u00e1 hudebn\u00ed um\u011blkyn\u011b va\u0161eho osudu.\" \/>\n<meta property=\"og:url\" content=\"https:\/\/shopatoa.com\/cz\/lelosi-long-skort-britney-xs\/\" \/>\n<meta property=\"og:site_name\" content=\"SHOPATOA\" \/>\n<meta property=\"article:modified_time\" content=\"2025-03-14T20:28:38+00:00\" \/>\n<meta property=\"og:image\" content=\"https:\/\/shopatoa.com\/cz\/wp-content\/uploads\/2025\/02\/2024_07_30_Long_skort_pocket_Britney-1.jpg\" \/>\n\t<meta property=\"og:image:width\" content=\"1333\" \/>\n\t<meta property=\"og:image:height\" content=\"2000\" \/>\n\t<meta property=\"og:image:type\" content=\"image\/jpeg\" \/>\n<meta name=\"twitter:card\" content=\"summary_large_image\" \/>\n<script type=\"application\/ld+json\" class=\"yoast-schema-graph\">{\"@context\":\"https:\\\/\\\/schema.org\",\"@graph\":[{\"@type\":\"WebPage\",\"@id\":\"https:\\\/\\\/shopatoa.com\\\/cz\\\/lelosi-long-skort-britney-xs\\\/\",\"url\":\"https:\\\/\\\/shopatoa.com\\\/cz\\\/lelosi-long-skort-britney-xs\\\/\",\"name\":\"LELOSI Long skort Britney XS | SHOPATOA.COM\",\"isPartOf\":{\"@id\":\"https:\\\/\\\/shopatoa.com\\\/cz\\\/#website\"},\"primaryImageOfPage\":{\"@id\":\"https:\\\/\\\/shopatoa.com\\\/cz\\\/lelosi-long-skort-britney-xs\\\/#primaryimage\"},\"image\":{\"@id\":\"https:\\\/\\\/shopatoa.com\\\/cz\\\/lelosi-long-skort-britney-xs\\\/#primaryimage\"},\"thumbnailUrl\":\"https:\\\/\\\/shopatoa.com\\\/cz\\\/wp-content\\\/uploads\\\/2025\\\/02\\\/2024_07_30_Long_skort_pocket_Britney-1.jpg\",\"datePublished\":\"2025-02-14T11:33:32+00:00\",\"dateModified\":\"2025-03-14T20:28:38+00:00\",\"description\":\"Design Britney v\u00e1s vt\u00e1hne do sv\u011bta z\u00e1bavy a svobodomyslnosti. Bude v\u00e1s inspirovat svou bezstarostnou a z\u00e1rove\u0148 dynamickou atmosf\u00e9rou, kter\u00e1 odr\u00e1\u017e\u00ed ikonick\u00fd styl. Jej\u00ed design spojuje pohodl\u00ed s trendy, co\u017e v\u00e1m umo\u017en\u00ed p\u0159ijmout va\u0161e nejv\u011bt\u0161\u00ed v\u00e1\u0161n\u011b a zaz\u00e1\u0159it jako slavn\u00e1 hudebn\u00ed um\u011blkyn\u011b va\u0161eho osudu.\",\"breadcrumb\":{\"@id\":\"https:\\\/\\\/shopatoa.com\\\/cz\\\/lelosi-long-skort-britney-xs\\\/#breadcrumb\"},\"inLanguage\":\"cs\",\"potentialAction\":[{\"@type\":\"ReadAction\",\"target\":[\"https:\\\/\\\/shopatoa.com\\\/cz\\\/lelosi-long-skort-britney-xs\\\/\"]}]},{\"@type\":\"ImageObject\",\"inLanguage\":\"cs\",\"@id\":\"https:\\\/\\\/shopatoa.com\\\/cz\\\/lelosi-long-skort-britney-xs\\\/#primaryimage\",\"url\":\"https:\\\/\\\/shopatoa.com\\\/cz\\\/wp-content\\\/uploads\\\/2025\\\/02\\\/2024_07_30_Long_skort_pocket_Britney-1.jpg\",\"contentUrl\":\"https:\\\/\\\/shopatoa.com\\\/cz\\\/wp-content\\\/uploads\\\/2025\\\/02\\\/2024_07_30_Long_skort_pocket_Britney-1.jpg\",\"width\":1333,\"height\":2000},{\"@type\":\"BreadcrumbList\",\"@id\":\"https:\\\/\\\/shopatoa.com\\\/cz\\\/lelosi-long-skort-britney-xs\\\/#breadcrumb\",\"itemListElement\":[{\"@type\":\"ListItem\",\"position\":1,\"name\":\"Dom\u016f\",\"item\":\"https:\\\/\\\/shopatoa.com\\\/cz\\\/\"},{\"@type\":\"ListItem\",\"position\":2,\"name\":\"Produkty\",\"item\":\"https:\\\/\\\/shopatoa.com\\\/cz\\\/shop\\\/\"},{\"@type\":\"ListItem\",\"position\":3,\"name\":\"Oble\u010den\u00ed a m\u00f3da\",\"item\":\"https:\\\/\\\/shopatoa.com\\\/cz\\\/obleceni-a-moda\\\/\"},{\"@type\":\"ListItem\",\"position\":4,\"name\":\"LELOSI Long skort Britney XS\"}]},{\"@type\":\"WebSite\",\"@id\":\"https:\\\/\\\/shopatoa.com\\\/cz\\\/#website\",\"url\":\"https:\\\/\\\/shopatoa.com\\\/cz\\\/\",\"name\":\"SHOPATOA\",\"description\":\"\",\"publisher\":{\"@id\":\"https:\\\/\\\/shopatoa.com\\\/cz\\\/#organization\"},\"potentialAction\":[{\"@type\":\"SearchAction\",\"target\":{\"@type\":\"EntryPoint\",\"urlTemplate\":\"https:\\\/\\\/shopatoa.com\\\/cz\\\/?s={search_term_string}\"},\"query-input\":{\"@type\":\"PropertyValueSpecification\",\"valueRequired\":true,\"valueName\":\"search_term_string\"}}],\"inLanguage\":\"cs\"},{\"@type\":\"Organization\",\"@id\":\"https:\\\/\\\/shopatoa.com\\\/cz\\\/#organization\",\"name\":\"SHOPATOA Digital s.r.o.\",\"url\":\"https:\\\/\\\/shopatoa.com\\\/cz\\\/\",\"logo\":{\"@type\":\"ImageObject\",\"inLanguage\":\"cs\",\"@id\":\"https:\\\/\\\/shopatoa.com\\\/cz\\\/#\\\/schema\\\/logo\\\/image\\\/\",\"url\":\"https:\\\/\\\/storage.googleapis.com\\\/cz-shopatoa-img\\\/cz\\\/ebccf434-shopatoa_logo.png\",\"contentUrl\":\"https:\\\/\\\/storage.googleapis.com\\\/cz-shopatoa-img\\\/cz\\\/ebccf434-shopatoa_logo.png\",\"width\":416,\"height\":63,\"caption\":\"SHOPATOA Digital s.r.o.\"},\"image\":{\"@id\":\"https:\\\/\\\/shopatoa.com\\\/cz\\\/#\\\/schema\\\/logo\\\/image\\\/\"}}]}<\/script>\n<!-- \/ Yoast SEO plugin. -->","yoast_head_json":{"title":"LELOSI Long skort Britney XS | SHOPATOA.COM","description":"Design Britney v\u00e1s vt\u00e1hne do sv\u011bta z\u00e1bavy a svobodomyslnosti. Bude v\u00e1s inspirovat svou bezstarostnou a z\u00e1rove\u0148 dynamickou atmosf\u00e9rou, kter\u00e1 odr\u00e1\u017e\u00ed ikonick\u00fd styl. Jej\u00ed design spojuje pohodl\u00ed s trendy, co\u017e v\u00e1m umo\u017en\u00ed p\u0159ijmout va\u0161e nejv\u011bt\u0161\u00ed v\u00e1\u0161n\u011b a zaz\u00e1\u0159it jako slavn\u00e1 hudebn\u00ed um\u011blkyn\u011b va\u0161eho osudu.","robots":{"index":"index","follow":"follow","max-snippet":"max-snippet:-1","max-image-preview":"max-image-preview:large","max-video-preview":"max-video-preview:-1"},"canonical":"https:\/\/shopatoa.com\/cz\/lelosi-long-skort-britney-xs\/","og_locale":"cs_CZ","og_type":"article","og_title":"LELOSI Long skort Britney XS | SHOPATOA.COM","og_description":"Design Britney v\u00e1s vt\u00e1hne do sv\u011bta z\u00e1bavy a svobodomyslnosti. Bude v\u00e1s inspirovat svou bezstarostnou a z\u00e1rove\u0148 dynamickou atmosf\u00e9rou, kter\u00e1 odr\u00e1\u017e\u00ed ikonick\u00fd styl. Jej\u00ed design spojuje pohodl\u00ed s trendy, co\u017e v\u00e1m umo\u017en\u00ed p\u0159ijmout va\u0161e nejv\u011bt\u0161\u00ed v\u00e1\u0161n\u011b a zaz\u00e1\u0159it jako slavn\u00e1 hudebn\u00ed um\u011blkyn\u011b va\u0161eho osudu.","og_url":"https:\/\/shopatoa.com\/cz\/lelosi-long-skort-britney-xs\/","og_site_name":"SHOPATOA","article_modified_time":"2025-03-14T20:28:38+00:00","og_image":[{"width":1333,"height":2000,"url":"https:\/\/shopatoa.com\/cz\/wp-content\/uploads\/2025\/02\/2024_07_30_Long_skort_pocket_Britney-1.jpg","type":"image\/jpeg"}],"twitter_card":"summary_large_image","schema":{"@context":"https:\/\/schema.org","@graph":[{"@type":"WebPage","@id":"https:\/\/shopatoa.com\/cz\/lelosi-long-skort-britney-xs\/","url":"https:\/\/shopatoa.com\/cz\/lelosi-long-skort-britney-xs\/","name":"LELOSI Long skort Britney XS | SHOPATOA.COM","isPartOf":{"@id":"https:\/\/shopatoa.com\/cz\/#website"},"primaryImageOfPage":{"@id":"https:\/\/shopatoa.com\/cz\/lelosi-long-skort-britney-xs\/#primaryimage"},"image":{"@id":"https:\/\/shopatoa.com\/cz\/lelosi-long-skort-britney-xs\/#primaryimage"},"thumbnailUrl":"https:\/\/shopatoa.com\/cz\/wp-content\/uploads\/2025\/02\/2024_07_30_Long_skort_pocket_Britney-1.jpg","datePublished":"2025-02-14T11:33:32+00:00","dateModified":"2025-03-14T20:28:38+00:00","description":"Design Britney v\u00e1s vt\u00e1hne do sv\u011bta z\u00e1bavy a svobodomyslnosti. Bude v\u00e1s inspirovat svou bezstarostnou a z\u00e1rove\u0148 dynamickou atmosf\u00e9rou, kter\u00e1 odr\u00e1\u017e\u00ed ikonick\u00fd styl. Jej\u00ed design spojuje pohodl\u00ed s trendy, co\u017e v\u00e1m umo\u017en\u00ed p\u0159ijmout va\u0161e nejv\u011bt\u0161\u00ed v\u00e1\u0161n\u011b a zaz\u00e1\u0159it jako slavn\u00e1 hudebn\u00ed um\u011blkyn\u011b va\u0161eho osudu.","breadcrumb":{"@id":"https:\/\/shopatoa.com\/cz\/lelosi-long-skort-britney-xs\/#breadcrumb"},"inLanguage":"cs","potentialAction":[{"@type":"ReadAction","target":["https:\/\/shopatoa.com\/cz\/lelosi-long-skort-britney-xs\/"]}]},{"@type":"ImageObject","inLanguage":"cs","@id":"https:\/\/shopatoa.com\/cz\/lelosi-long-skort-britney-xs\/#primaryimage","url":"https:\/\/shopatoa.com\/cz\/wp-content\/uploads\/2025\/02\/2024_07_30_Long_skort_pocket_Britney-1.jpg","contentUrl":"https:\/\/shopatoa.com\/cz\/wp-content\/uploads\/2025\/02\/2024_07_30_Long_skort_pocket_Britney-1.jpg","width":1333,"height":2000},{"@type":"BreadcrumbList","@id":"https:\/\/shopatoa.com\/cz\/lelosi-long-skort-britney-xs\/#breadcrumb","itemListElement":[{"@type":"ListItem","position":1,"name":"Dom\u016f","item":"https:\/\/shopatoa.com\/cz\/"},{"@type":"ListItem","position":2,"name":"Produkty","item":"https:\/\/shopatoa.com\/cz\/shop\/"},{"@type":"ListItem","position":3,"name":"Oble\u010den\u00ed a m\u00f3da","item":"https:\/\/shopatoa.com\/cz\/obleceni-a-moda\/"},{"@type":"ListItem","position":4,"name":"LELOSI Long skort Britney XS"}]},{"@type":"WebSite","@id":"https:\/\/shopatoa.com\/cz\/#website","url":"https:\/\/shopatoa.com\/cz\/","name":"SHOPATOA","description":"","publisher":{"@id":"https:\/\/shopatoa.com\/cz\/#organization"},"potentialAction":[{"@type":"SearchAction","target":{"@type":"EntryPoint","urlTemplate":"https:\/\/shopatoa.com\/cz\/?s={search_term_string}"},"query-input":{"@type":"PropertyValueSpecification","valueRequired":true,"valueName":"search_term_string"}}],"inLanguage":"cs"},{"@type":"Organization","@id":"https:\/\/shopatoa.com\/cz\/#organization","name":"SHOPATOA Digital s.r.o.","url":"https:\/\/shopatoa.com\/cz\/","logo":{"@type":"ImageObject","inLanguage":"cs","@id":"https:\/\/shopatoa.com\/cz\/#\/schema\/logo\/image\/","url":"https:\/\/storage.googleapis.com\/cz-shopatoa-img\/cz\/ebccf434-shopatoa_logo.png","contentUrl":"https:\/\/storage.googleapis.com\/cz-shopatoa-img\/cz\/ebccf434-shopatoa_logo.png","width":416,"height":63,"caption":"SHOPATOA Digital s.r.o."},"image":{"@id":"https:\/\/shopatoa.com\/cz\/#\/schema\/logo\/image\/"}}]}},"_links":{"self":[{"href":"https:\/\/shopatoa.com\/cz\/wp-json\/wp\/v2\/product\/128882","targetHints":{"allow":["GET"]}}],"collection":[{"href":"https:\/\/shopatoa.com\/cz\/wp-json\/wp\/v2\/product"}],"about":[{"href":"https:\/\/shopatoa.com\/cz\/wp-json\/wp\/v2\/types\/product"}],"replies":[{"embeddable":true,"href":"https:\/\/shopatoa.com\/cz\/wp-json\/wp\/v2\/comments?post=128882"}],"wp:featuredmedia":[{"embeddable":true,"href":"https:\/\/shopatoa.com\/cz\/wp-json\/wp\/v2\/media\/128883"}],"wp:attachment":[{"href":"https:\/\/shopatoa.com\/cz\/wp-json\/wp\/v2\/media?parent=128882"}],"wp:term":[{"taxonomy":"product_brand","embeddable":true,"href":"https:\/\/shopatoa.com\/cz\/wp-json\/wp\/v2\/product_brand?post=128882"},{"taxonomy":"product_cat","embeddable":true,"href":"https:\/\/shopatoa.com\/cz\/wp-json\/wp\/v2\/product_cat?post=128882"},{"taxonomy":"product_tag","embeddable":true,"href":"https:\/\/shopatoa.com\/cz\/wp-json\/wp\/v2\/product_tag?post=128882"}],"curies":[{"name":"wp","href":"https:\/\/api.w.org\/{rel}","templated":true}]}}