{"id":128892,"date":"2025-02-14T12:33:52","date_gmt":"2025-02-14T11:33:52","guid":{"rendered":"https:\/\/shopatoa.com\/cz\/lelosi-dziny-savoy-s\/"},"modified":"2025-03-14T21:28:49","modified_gmt":"2025-03-14T20:28:49","slug":"lelosi-dziny-savoy-s","status":"publish","type":"product","link":"https:\/\/shopatoa.com\/cz\/lelosi-dziny-savoy-s\/","title":{"rendered":"LELOSI D\u017e\u00edny Savoy S"},"content":{"rendered":"<p>Kdy\u017e n\u00e1\u0161 pohled sklouzne od severn\u00edho b\u0159ehu \u017denevsk\u00e9ho jezera po jeho rozlehl\u00e9 hladin\u011b, uvid\u00edme za obzorem mohutn\u00e9 Savojsk\u00e9 Alpy, nad nimi\u017e se ty\u010d\u00ed majest\u00e1tn\u00ed Mont Blanc. \u0158et\u011bz zasn\u011b\u017een\u00fdch vrchol\u016f t\u00e1hnouc\u00edch se sm\u011brem k It\u00e1lii n\u00e1s inspiroval k n\u00e1vrhu Savoy, v n\u011bm\u017e jsme se sna\u017eili symbolizovat mimo\u0159\u00e1dn\u00e9 s\u00edly p\u0159\u00edrody s propracovan\u00fdmi detaily. Tektonick\u00e9 posuny, kter\u00e9 vyzdvihly Alpy, pozvednou i va\u0161e sebev\u011bdom\u00ed d\u00edky linii elegance v nad\u010dasov\u00e9 klasice.<\/p>\n","protected":false},"excerpt":{"rendered":"<p>Kdy\u017e n\u00e1\u0161 pohled sklouzne od severn\u00edho b\u0159ehu \u017denevsk\u00e9ho jezera po jeho rozlehl\u00e9 hladin\u011b, uvid\u00edme za obzorem mohutn\u00e9 Savojsk\u00e9 Alpy, nad nimi\u017e se ty\u010d\u00ed majest\u00e1tn\u00ed Mont Blanc. \u0158et\u011bz zasn\u011b\u017een\u00fdch vrchol\u016f t\u00e1hnouc\u00edch se sm\u011brem k It\u00e1lii n\u00e1s inspiroval k n\u00e1vrhu Savoy, v n\u011bm\u017e jsme se sna\u017eili symbolizovat mimo\u0159\u00e1dn\u00e9 s\u00edly p\u0159\u00edrody s propracovan\u00fdmi detaily. Tektonick\u00e9 posuny, kter\u00e9 vyzdvihly&#8230;<\/p>\n","protected":false},"featured_media":128893,"comment_status":"closed","ping_status":"open","template":"","meta":{"_acf_changed":false,"_kadence_starter_templates_imported_post":false,"_kad_post_transparent":"","_kad_post_title":"","_kad_post_layout":"","_kad_post_sidebar_id":"","_kad_post_content_style":"","_kad_post_vertical_padding":"","_kad_post_feature":"","_kad_post_feature_position":"","_kad_post_header":false,"_kad_post_footer":false,"_kad_post_classname":""},"product_brand":[],"product_cat":[25],"product_tag":[],"class_list":{"0":"post-128892","1":"product","2":"type-product","3":"status-publish","4":"has-post-thumbnail","6":"product_cat-obleceni-a-moda","7":"pa_obchod-lelosi-cz","9":"first","10":"instock","11":"product-type-external","12":"entry","13":"content-bg","14":"loop-entry"},"acf":[],"yoast_head":"<!-- This site is optimized with the Yoast SEO plugin v27.4 - https:\/\/yoast.com\/product\/yoast-seo-wordpress\/ -->\n<title>LELOSI D\u017e\u00edny Savoy S | SHOPATOA.COM<\/title>\n<meta name=\"description\" content=\"Kdy\u017e n\u00e1\u0161 pohled sklouzne od severn\u00edho b\u0159ehu \u017denevsk\u00e9ho jezera po jeho rozlehl\u00e9 hladin\u011b, uvid\u00edme za obzorem mohutn\u00e9 Savojsk\u00e9 Alpy, nad nimi\u017e se ty\u010d\u00ed majest\u00e1tn\u00ed Mont Blanc. \u0158et\u011bz zasn\u011b\u017een\u00fdch vrchol\u016f t\u00e1hnouc\u00edch se sm\u011brem k It\u00e1lii n\u00e1s inspiroval k n\u00e1vrhu Savoy, v n\u011bm\u017e jsme se sna\u017eili symbolizovat mimo\u0159\u00e1dn\u00e9 s\u00edly p\u0159\u00edrody s propracovan\u00fdmi detaily. Tektonick\u00e9 posuny, kter\u00e9 vyzdvihly Alpy, pozvednou i va\u0161e sebev\u011bdom\u00ed d\u00edky linii elegance v nad\u010dasov\u00e9 klasice.\" \/>\n<meta name=\"robots\" content=\"index, follow, max-snippet:-1, max-image-preview:large, max-video-preview:-1\" \/>\n<link rel=\"canonical\" href=\"https:\/\/shopatoa.com\/cz\/lelosi-dziny-savoy-s\/\" \/>\n<meta property=\"og:locale\" content=\"cs_CZ\" \/>\n<meta property=\"og:type\" content=\"article\" \/>\n<meta property=\"og:title\" content=\"LELOSI D\u017e\u00edny Savoy S | SHOPATOA.COM\" \/>\n<meta property=\"og:description\" content=\"Kdy\u017e n\u00e1\u0161 pohled sklouzne od severn\u00edho b\u0159ehu \u017denevsk\u00e9ho jezera po jeho rozlehl\u00e9 hladin\u011b, uvid\u00edme za obzorem mohutn\u00e9 Savojsk\u00e9 Alpy, nad nimi\u017e se ty\u010d\u00ed majest\u00e1tn\u00ed Mont Blanc. \u0158et\u011bz zasn\u011b\u017een\u00fdch vrchol\u016f t\u00e1hnouc\u00edch se sm\u011brem k It\u00e1lii n\u00e1s inspiroval k n\u00e1vrhu Savoy, v n\u011bm\u017e jsme se sna\u017eili symbolizovat mimo\u0159\u00e1dn\u00e9 s\u00edly p\u0159\u00edrody s propracovan\u00fdmi detaily. Tektonick\u00e9 posuny, kter\u00e9 vyzdvihly Alpy, pozvednou i va\u0161e sebev\u011bdom\u00ed d\u00edky linii elegance v nad\u010dasov\u00e9 klasice.\" \/>\n<meta property=\"og:url\" content=\"https:\/\/shopatoa.com\/cz\/lelosi-dziny-savoy-s\/\" \/>\n<meta property=\"og:site_name\" content=\"SHOPATOA\" \/>\n<meta property=\"article:modified_time\" content=\"2025-03-14T20:28:49+00:00\" \/>\n<meta property=\"og:image\" content=\"https:\/\/shopatoa.com\/cz\/wp-content\/uploads\/2025\/02\/Women_skinny_jeans_Savoy-1-web.jpg\" \/>\n\t<meta property=\"og:image:width\" content=\"1333\" \/>\n\t<meta property=\"og:image:height\" content=\"2000\" \/>\n\t<meta property=\"og:image:type\" content=\"image\/jpeg\" \/>\n<meta name=\"twitter:card\" content=\"summary_large_image\" \/>\n<script type=\"application\/ld+json\" class=\"yoast-schema-graph\">{\"@context\":\"https:\\\/\\\/schema.org\",\"@graph\":[{\"@type\":\"WebPage\",\"@id\":\"https:\\\/\\\/shopatoa.com\\\/cz\\\/lelosi-dziny-savoy-s\\\/\",\"url\":\"https:\\\/\\\/shopatoa.com\\\/cz\\\/lelosi-dziny-savoy-s\\\/\",\"name\":\"LELOSI D\u017e\u00edny Savoy S | SHOPATOA.COM\",\"isPartOf\":{\"@id\":\"https:\\\/\\\/shopatoa.com\\\/cz\\\/#website\"},\"primaryImageOfPage\":{\"@id\":\"https:\\\/\\\/shopatoa.com\\\/cz\\\/lelosi-dziny-savoy-s\\\/#primaryimage\"},\"image\":{\"@id\":\"https:\\\/\\\/shopatoa.com\\\/cz\\\/lelosi-dziny-savoy-s\\\/#primaryimage\"},\"thumbnailUrl\":\"https:\\\/\\\/shopatoa.com\\\/cz\\\/wp-content\\\/uploads\\\/2025\\\/02\\\/Women_skinny_jeans_Savoy-1-web.jpg\",\"datePublished\":\"2025-02-14T11:33:52+00:00\",\"dateModified\":\"2025-03-14T20:28:49+00:00\",\"description\":\"Kdy\u017e n\u00e1\u0161 pohled sklouzne od severn\u00edho b\u0159ehu \u017denevsk\u00e9ho jezera po jeho rozlehl\u00e9 hladin\u011b, uvid\u00edme za obzorem mohutn\u00e9 Savojsk\u00e9 Alpy, nad nimi\u017e se ty\u010d\u00ed majest\u00e1tn\u00ed Mont Blanc. \u0158et\u011bz zasn\u011b\u017een\u00fdch vrchol\u016f t\u00e1hnouc\u00edch se sm\u011brem k It\u00e1lii n\u00e1s inspiroval k n\u00e1vrhu Savoy, v n\u011bm\u017e jsme se sna\u017eili symbolizovat mimo\u0159\u00e1dn\u00e9 s\u00edly p\u0159\u00edrody s propracovan\u00fdmi detaily. Tektonick\u00e9 posuny, kter\u00e9 vyzdvihly Alpy, pozvednou i va\u0161e sebev\u011bdom\u00ed d\u00edky linii elegance v nad\u010dasov\u00e9 klasice.\",\"breadcrumb\":{\"@id\":\"https:\\\/\\\/shopatoa.com\\\/cz\\\/lelosi-dziny-savoy-s\\\/#breadcrumb\"},\"inLanguage\":\"cs\",\"potentialAction\":[{\"@type\":\"ReadAction\",\"target\":[\"https:\\\/\\\/shopatoa.com\\\/cz\\\/lelosi-dziny-savoy-s\\\/\"]}]},{\"@type\":\"ImageObject\",\"inLanguage\":\"cs\",\"@id\":\"https:\\\/\\\/shopatoa.com\\\/cz\\\/lelosi-dziny-savoy-s\\\/#primaryimage\",\"url\":\"https:\\\/\\\/shopatoa.com\\\/cz\\\/wp-content\\\/uploads\\\/2025\\\/02\\\/Women_skinny_jeans_Savoy-1-web.jpg\",\"contentUrl\":\"https:\\\/\\\/shopatoa.com\\\/cz\\\/wp-content\\\/uploads\\\/2025\\\/02\\\/Women_skinny_jeans_Savoy-1-web.jpg\",\"width\":1333,\"height\":2000},{\"@type\":\"BreadcrumbList\",\"@id\":\"https:\\\/\\\/shopatoa.com\\\/cz\\\/lelosi-dziny-savoy-s\\\/#breadcrumb\",\"itemListElement\":[{\"@type\":\"ListItem\",\"position\":1,\"name\":\"Dom\u016f\",\"item\":\"https:\\\/\\\/shopatoa.com\\\/cz\\\/\"},{\"@type\":\"ListItem\",\"position\":2,\"name\":\"Produkty\",\"item\":\"https:\\\/\\\/shopatoa.com\\\/cz\\\/shop\\\/\"},{\"@type\":\"ListItem\",\"position\":3,\"name\":\"Oble\u010den\u00ed a m\u00f3da\",\"item\":\"https:\\\/\\\/shopatoa.com\\\/cz\\\/obleceni-a-moda\\\/\"},{\"@type\":\"ListItem\",\"position\":4,\"name\":\"LELOSI D\u017e\u00edny Savoy S\"}]},{\"@type\":\"WebSite\",\"@id\":\"https:\\\/\\\/shopatoa.com\\\/cz\\\/#website\",\"url\":\"https:\\\/\\\/shopatoa.com\\\/cz\\\/\",\"name\":\"SHOPATOA\",\"description\":\"\",\"publisher\":{\"@id\":\"https:\\\/\\\/shopatoa.com\\\/cz\\\/#organization\"},\"potentialAction\":[{\"@type\":\"SearchAction\",\"target\":{\"@type\":\"EntryPoint\",\"urlTemplate\":\"https:\\\/\\\/shopatoa.com\\\/cz\\\/?s={search_term_string}\"},\"query-input\":{\"@type\":\"PropertyValueSpecification\",\"valueRequired\":true,\"valueName\":\"search_term_string\"}}],\"inLanguage\":\"cs\"},{\"@type\":\"Organization\",\"@id\":\"https:\\\/\\\/shopatoa.com\\\/cz\\\/#organization\",\"name\":\"SHOPATOA Digital s.r.o.\",\"url\":\"https:\\\/\\\/shopatoa.com\\\/cz\\\/\",\"logo\":{\"@type\":\"ImageObject\",\"inLanguage\":\"cs\",\"@id\":\"https:\\\/\\\/shopatoa.com\\\/cz\\\/#\\\/schema\\\/logo\\\/image\\\/\",\"url\":\"https:\\\/\\\/storage.googleapis.com\\\/cz-shopatoa-img\\\/cz\\\/ebccf434-shopatoa_logo.png\",\"contentUrl\":\"https:\\\/\\\/storage.googleapis.com\\\/cz-shopatoa-img\\\/cz\\\/ebccf434-shopatoa_logo.png\",\"width\":416,\"height\":63,\"caption\":\"SHOPATOA Digital s.r.o.\"},\"image\":{\"@id\":\"https:\\\/\\\/shopatoa.com\\\/cz\\\/#\\\/schema\\\/logo\\\/image\\\/\"}}]}<\/script>\n<!-- \/ Yoast SEO plugin. -->","yoast_head_json":{"title":"LELOSI D\u017e\u00edny Savoy S | SHOPATOA.COM","description":"Kdy\u017e n\u00e1\u0161 pohled sklouzne od severn\u00edho b\u0159ehu \u017denevsk\u00e9ho jezera po jeho rozlehl\u00e9 hladin\u011b, uvid\u00edme za obzorem mohutn\u00e9 Savojsk\u00e9 Alpy, nad nimi\u017e se ty\u010d\u00ed majest\u00e1tn\u00ed Mont Blanc. \u0158et\u011bz zasn\u011b\u017een\u00fdch vrchol\u016f t\u00e1hnouc\u00edch se sm\u011brem k It\u00e1lii n\u00e1s inspiroval k n\u00e1vrhu Savoy, v n\u011bm\u017e jsme se sna\u017eili symbolizovat mimo\u0159\u00e1dn\u00e9 s\u00edly p\u0159\u00edrody s propracovan\u00fdmi detaily. Tektonick\u00e9 posuny, kter\u00e9 vyzdvihly Alpy, pozvednou i va\u0161e sebev\u011bdom\u00ed d\u00edky linii elegance v nad\u010dasov\u00e9 klasice.","robots":{"index":"index","follow":"follow","max-snippet":"max-snippet:-1","max-image-preview":"max-image-preview:large","max-video-preview":"max-video-preview:-1"},"canonical":"https:\/\/shopatoa.com\/cz\/lelosi-dziny-savoy-s\/","og_locale":"cs_CZ","og_type":"article","og_title":"LELOSI D\u017e\u00edny Savoy S | SHOPATOA.COM","og_description":"Kdy\u017e n\u00e1\u0161 pohled sklouzne od severn\u00edho b\u0159ehu \u017denevsk\u00e9ho jezera po jeho rozlehl\u00e9 hladin\u011b, uvid\u00edme za obzorem mohutn\u00e9 Savojsk\u00e9 Alpy, nad nimi\u017e se ty\u010d\u00ed majest\u00e1tn\u00ed Mont Blanc. \u0158et\u011bz zasn\u011b\u017een\u00fdch vrchol\u016f t\u00e1hnouc\u00edch se sm\u011brem k It\u00e1lii n\u00e1s inspiroval k n\u00e1vrhu Savoy, v n\u011bm\u017e jsme se sna\u017eili symbolizovat mimo\u0159\u00e1dn\u00e9 s\u00edly p\u0159\u00edrody s propracovan\u00fdmi detaily. Tektonick\u00e9 posuny, kter\u00e9 vyzdvihly Alpy, pozvednou i va\u0161e sebev\u011bdom\u00ed d\u00edky linii elegance v nad\u010dasov\u00e9 klasice.","og_url":"https:\/\/shopatoa.com\/cz\/lelosi-dziny-savoy-s\/","og_site_name":"SHOPATOA","article_modified_time":"2025-03-14T20:28:49+00:00","og_image":[{"width":1333,"height":2000,"url":"https:\/\/shopatoa.com\/cz\/wp-content\/uploads\/2025\/02\/Women_skinny_jeans_Savoy-1-web.jpg","type":"image\/jpeg"}],"twitter_card":"summary_large_image","schema":{"@context":"https:\/\/schema.org","@graph":[{"@type":"WebPage","@id":"https:\/\/shopatoa.com\/cz\/lelosi-dziny-savoy-s\/","url":"https:\/\/shopatoa.com\/cz\/lelosi-dziny-savoy-s\/","name":"LELOSI D\u017e\u00edny Savoy S | SHOPATOA.COM","isPartOf":{"@id":"https:\/\/shopatoa.com\/cz\/#website"},"primaryImageOfPage":{"@id":"https:\/\/shopatoa.com\/cz\/lelosi-dziny-savoy-s\/#primaryimage"},"image":{"@id":"https:\/\/shopatoa.com\/cz\/lelosi-dziny-savoy-s\/#primaryimage"},"thumbnailUrl":"https:\/\/shopatoa.com\/cz\/wp-content\/uploads\/2025\/02\/Women_skinny_jeans_Savoy-1-web.jpg","datePublished":"2025-02-14T11:33:52+00:00","dateModified":"2025-03-14T20:28:49+00:00","description":"Kdy\u017e n\u00e1\u0161 pohled sklouzne od severn\u00edho b\u0159ehu \u017denevsk\u00e9ho jezera po jeho rozlehl\u00e9 hladin\u011b, uvid\u00edme za obzorem mohutn\u00e9 Savojsk\u00e9 Alpy, nad nimi\u017e se ty\u010d\u00ed majest\u00e1tn\u00ed Mont Blanc. \u0158et\u011bz zasn\u011b\u017een\u00fdch vrchol\u016f t\u00e1hnouc\u00edch se sm\u011brem k It\u00e1lii n\u00e1s inspiroval k n\u00e1vrhu Savoy, v n\u011bm\u017e jsme se sna\u017eili symbolizovat mimo\u0159\u00e1dn\u00e9 s\u00edly p\u0159\u00edrody s propracovan\u00fdmi detaily. Tektonick\u00e9 posuny, kter\u00e9 vyzdvihly Alpy, pozvednou i va\u0161e sebev\u011bdom\u00ed d\u00edky linii elegance v nad\u010dasov\u00e9 klasice.","breadcrumb":{"@id":"https:\/\/shopatoa.com\/cz\/lelosi-dziny-savoy-s\/#breadcrumb"},"inLanguage":"cs","potentialAction":[{"@type":"ReadAction","target":["https:\/\/shopatoa.com\/cz\/lelosi-dziny-savoy-s\/"]}]},{"@type":"ImageObject","inLanguage":"cs","@id":"https:\/\/shopatoa.com\/cz\/lelosi-dziny-savoy-s\/#primaryimage","url":"https:\/\/shopatoa.com\/cz\/wp-content\/uploads\/2025\/02\/Women_skinny_jeans_Savoy-1-web.jpg","contentUrl":"https:\/\/shopatoa.com\/cz\/wp-content\/uploads\/2025\/02\/Women_skinny_jeans_Savoy-1-web.jpg","width":1333,"height":2000},{"@type":"BreadcrumbList","@id":"https:\/\/shopatoa.com\/cz\/lelosi-dziny-savoy-s\/#breadcrumb","itemListElement":[{"@type":"ListItem","position":1,"name":"Dom\u016f","item":"https:\/\/shopatoa.com\/cz\/"},{"@type":"ListItem","position":2,"name":"Produkty","item":"https:\/\/shopatoa.com\/cz\/shop\/"},{"@type":"ListItem","position":3,"name":"Oble\u010den\u00ed a m\u00f3da","item":"https:\/\/shopatoa.com\/cz\/obleceni-a-moda\/"},{"@type":"ListItem","position":4,"name":"LELOSI D\u017e\u00edny Savoy S"}]},{"@type":"WebSite","@id":"https:\/\/shopatoa.com\/cz\/#website","url":"https:\/\/shopatoa.com\/cz\/","name":"SHOPATOA","description":"","publisher":{"@id":"https:\/\/shopatoa.com\/cz\/#organization"},"potentialAction":[{"@type":"SearchAction","target":{"@type":"EntryPoint","urlTemplate":"https:\/\/shopatoa.com\/cz\/?s={search_term_string}"},"query-input":{"@type":"PropertyValueSpecification","valueRequired":true,"valueName":"search_term_string"}}],"inLanguage":"cs"},{"@type":"Organization","@id":"https:\/\/shopatoa.com\/cz\/#organization","name":"SHOPATOA Digital s.r.o.","url":"https:\/\/shopatoa.com\/cz\/","logo":{"@type":"ImageObject","inLanguage":"cs","@id":"https:\/\/shopatoa.com\/cz\/#\/schema\/logo\/image\/","url":"https:\/\/storage.googleapis.com\/cz-shopatoa-img\/cz\/ebccf434-shopatoa_logo.png","contentUrl":"https:\/\/storage.googleapis.com\/cz-shopatoa-img\/cz\/ebccf434-shopatoa_logo.png","width":416,"height":63,"caption":"SHOPATOA Digital s.r.o."},"image":{"@id":"https:\/\/shopatoa.com\/cz\/#\/schema\/logo\/image\/"}}]}},"_links":{"self":[{"href":"https:\/\/shopatoa.com\/cz\/wp-json\/wp\/v2\/product\/128892","targetHints":{"allow":["GET"]}}],"collection":[{"href":"https:\/\/shopatoa.com\/cz\/wp-json\/wp\/v2\/product"}],"about":[{"href":"https:\/\/shopatoa.com\/cz\/wp-json\/wp\/v2\/types\/product"}],"replies":[{"embeddable":true,"href":"https:\/\/shopatoa.com\/cz\/wp-json\/wp\/v2\/comments?post=128892"}],"wp:featuredmedia":[{"embeddable":true,"href":"https:\/\/shopatoa.com\/cz\/wp-json\/wp\/v2\/media\/128893"}],"wp:attachment":[{"href":"https:\/\/shopatoa.com\/cz\/wp-json\/wp\/v2\/media?parent=128892"}],"wp:term":[{"taxonomy":"product_brand","embeddable":true,"href":"https:\/\/shopatoa.com\/cz\/wp-json\/wp\/v2\/product_brand?post=128892"},{"taxonomy":"product_cat","embeddable":true,"href":"https:\/\/shopatoa.com\/cz\/wp-json\/wp\/v2\/product_cat?post=128892"},{"taxonomy":"product_tag","embeddable":true,"href":"https:\/\/shopatoa.com\/cz\/wp-json\/wp\/v2\/product_tag?post=128892"}],"curies":[{"name":"wp","href":"https:\/\/api.w.org\/{rel}","templated":true}]}}