{"id":129185,"date":"2025-02-14T13:59:33","date_gmt":"2025-02-14T12:59:33","guid":{"rendered":"https:\/\/shopatoa.com\/cz\/damsky-anorak-swix-legacy-12036\/"},"modified":"2025-03-14T21:34:11","modified_gmt":"2025-03-14T20:34:11","slug":"damsky-anorak-swix-legacy-12036","status":"publish","type":"product","link":"https:\/\/shopatoa.com\/cz\/damsky-anorak-swix-legacy-12036\/","title":{"rendered":"D\u00e1msk\u00fd anorak Swix Legacy 12036"},"content":{"rendered":"<p>Anorak Legacy je inspirov\u00e1n dlouhou tradic\u00ed norsk\u00e9ho b\u011b\u017eeck\u00e9ho ly\u017eov\u00e1n\u00ed. V roce 1974 zakoupila spole\u010dnost Swix tov\u00e1rnu na v\u00fdrobu hol\u00ed Liljedahl. Pr\u00e1v\u011b do tohoto obdob\u00ed se vrac\u00ed sv\u00fdm konceptem kolekce Legacy. Tato bunda je vyrobena pro milovn\u00edky b\u011b\u017eeck\u00e9ho ly\u017eov\u00e1n\u00ed v pozvoln\u00e9m a odpo\u010dinkov\u00e9m tempu a tomuto p\u0159edpokladu odpov\u00edd\u00e1 i volba detail\u016f a materi\u00e1lu. Hlavn\u00edm materi\u00e1lem je bavlna s tenk\u00fdm PU z\u00e1t\u011brem. Obvod kapuce a spodn\u00ed lem bundy lze nastavit pomoc\u00ed stahovac\u00ed elastick\u00e9 \u0161\u0148\u016frky. N\u00e1prsn\u00ed kapsa a dv\u011b kapsy na ruce se zipy. Nastaven\u00ed konce ruk\u00e1v\u016f a celorozep\u00ednac\u00ed zip na lev\u00e9 stran\u011b.\u2022 M\u011bkk\u00fd bavln\u011bn\u00fd materi\u00e1l s tenk\u00fdm PU z\u00e1t\u011brem\u2022 Lehk\u00fd hlavn\u00ed materi\u00e1l\u2022 Nastaviteln\u00e1 kapuce a spodn\u00ed lem\u2022 3 kapsy \u2013 jedna n\u00e1prsn\u00ed a dv\u011b klasick\u00e9 p\u0159edn\u00edMateri\u00e1l: 100% bavlna, PFD + tenk\u00fd z\u00e1t\u011br PU + WR6 + Sanfor<\/p>\n","protected":false},"excerpt":{"rendered":"<p>Anorak Legacy je inspirov\u00e1n dlouhou tradic\u00ed norsk\u00e9ho b\u011b\u017eeck\u00e9ho ly\u017eov\u00e1n\u00ed. V roce 1974 zakoupila spole\u010dnost Swix tov\u00e1rnu na v\u00fdrobu hol\u00ed Liljedahl. Pr\u00e1v\u011b do tohoto obdob\u00ed se vrac\u00ed sv\u00fdm konceptem kolekce Legacy. Tato bunda je vyrobena pro milovn\u00edky b\u011b\u017eeck\u00e9ho ly\u017eov\u00e1n\u00ed v pozvoln\u00e9m a odpo\u010dinkov\u00e9m tempu a tomuto p\u0159edpokladu odpov\u00edd\u00e1 i volba detail\u016f a materi\u00e1lu. Hlavn\u00edm materi\u00e1lem je&#8230;<\/p>\n","protected":false},"featured_media":129186,"comment_status":"closed","ping_status":"open","template":"","meta":{"_acf_changed":false,"_kadence_starter_templates_imported_post":false,"_kad_post_transparent":"","_kad_post_title":"","_kad_post_layout":"","_kad_post_sidebar_id":"","_kad_post_content_style":"","_kad_post_vertical_padding":"","_kad_post_feature":"","_kad_post_feature_position":"","_kad_post_header":false,"_kad_post_footer":false,"_kad_post_classname":""},"product_brand":[],"product_cat":[48,50,49],"product_tag":[],"class_list":{"0":"post-129185","1":"product","2":"type-product","3":"status-publish","4":"has-post-thumbnail","6":"product_cat-sport","7":"product_cat-sportovni-bundy","8":"product_cat-sportovni-obleceni","9":"pa_obchod-swix-cz","10":"pa_pohlavi-zena","12":"first","13":"instock","14":"sale","15":"product-type-external","16":"entry","17":"content-bg","18":"loop-entry"},"acf":[],"yoast_head":"<!-- This site is optimized with the Yoast SEO plugin v27.4 - https:\/\/yoast.com\/product\/yoast-seo-wordpress\/ -->\n<title>D\u00e1msk\u00fd anorak Swix Legacy 12036 | Shopatoa.com<\/title>\n<meta name=\"description\" content=\"Anorak Legacy je inspirov\u00e1n dlouhou tradic\u00ed norsk\u00e9ho b\u011b\u017eeck\u00e9ho ly\u017eov\u00e1n\u00ed. V roce 1974 zakoupila spole\u010dnost Swix tov\u00e1rnu na v\u00fdrobu hol\u00ed Liljedahl. Pr\u00e1v\u011b do tohoto obdob\u00ed se vrac\u00ed sv\u00fdm konceptem kolekce Legacy. Tato bunda je vyrobena pro milovn\u00edky b\u011b\u017eeck\u00e9ho ly\u017eov\u00e1n\u00ed v pozvoln\u00e9m a odpo\u010dinkov\u00e9m tempu a tomuto p\u0159edpokladu odpov\u00edd\u00e1 i volba detail\u016f a materi\u00e1lu. Hlavn\u00edm materi\u00e1lem je bavlna s tenk\u00fdm PU z\u00e1t\u011brem. Obvod kapuce a spodn\u00ed lem bundy lze nastavit pomoc\u00ed stahovac\u00ed elastick\u00e9 \u0161\u0148\u016frky. N\u00e1prsn\u00ed kapsa a dv\u011b kapsy na ruce se zipy. Nastaven\u00ed konce ruk\u00e1v\u016f a celorozep\u00ednac\u00ed zip na lev\u00e9 stran\u011b.\u2022 M\u011bkk\u00fd bavln\u011bn\u00fd materi\u00e1l s tenk\u00fdm PU z\u00e1t\u011brem\u2022 Lehk\u00fd hlavn\u00ed materi\u00e1l\u2022 Nastaviteln\u00e1 kapuce a spodn\u00ed lem\u2022 3 kapsy \u2013 jedna n\u00e1prsn\u00ed a dv\u011b klasick\u00e9 p\u0159edn\u00edMateri\u00e1l: 100% bavlna, PFD + tenk\u00fd z\u00e1t\u011br PU + WR6 + Sanfor\" \/>\n<meta name=\"robots\" content=\"index, follow, max-snippet:-1, max-image-preview:large, max-video-preview:-1\" \/>\n<link rel=\"canonical\" href=\"https:\/\/shopatoa.com\/cz\/damsky-anorak-swix-legacy-12036\/\" \/>\n<meta property=\"og:locale\" content=\"cs_CZ\" \/>\n<meta property=\"og:type\" content=\"article\" \/>\n<meta property=\"og:title\" content=\"D\u00e1msk\u00fd anorak Swix Legacy 12036 | Shopatoa.com\" \/>\n<meta property=\"og:description\" content=\"Anorak Legacy je inspirov\u00e1n dlouhou tradic\u00ed norsk\u00e9ho b\u011b\u017eeck\u00e9ho ly\u017eov\u00e1n\u00ed. V roce 1974 zakoupila spole\u010dnost Swix tov\u00e1rnu na v\u00fdrobu hol\u00ed Liljedahl. Pr\u00e1v\u011b do tohoto obdob\u00ed se vrac\u00ed sv\u00fdm konceptem kolekce Legacy. Tato bunda je vyrobena pro milovn\u00edky b\u011b\u017eeck\u00e9ho ly\u017eov\u00e1n\u00ed v pozvoln\u00e9m a odpo\u010dinkov\u00e9m tempu a tomuto p\u0159edpokladu odpov\u00edd\u00e1 i volba detail\u016f a materi\u00e1lu. Hlavn\u00edm materi\u00e1lem je bavlna s tenk\u00fdm PU z\u00e1t\u011brem. Obvod kapuce a spodn\u00ed lem bundy lze nastavit pomoc\u00ed stahovac\u00ed elastick\u00e9 \u0161\u0148\u016frky. N\u00e1prsn\u00ed kapsa a dv\u011b kapsy na ruce se zipy. Nastaven\u00ed konce ruk\u00e1v\u016f a celorozep\u00ednac\u00ed zip na lev\u00e9 stran\u011b.\u2022 M\u011bkk\u00fd bavln\u011bn\u00fd materi\u00e1l s tenk\u00fdm PU z\u00e1t\u011brem\u2022 Lehk\u00fd hlavn\u00ed materi\u00e1l\u2022 Nastaviteln\u00e1 kapuce a spodn\u00ed lem\u2022 3 kapsy \u2013 jedna n\u00e1prsn\u00ed a dv\u011b klasick\u00e9 p\u0159edn\u00edMateri\u00e1l: 100% bavlna, PFD + tenk\u00fd z\u00e1t\u011br PU + WR6 + Sanfor\" \/>\n<meta property=\"og:url\" content=\"https:\/\/shopatoa.com\/cz\/damsky-anorak-swix-legacy-12036\/\" \/>\n<meta property=\"og:site_name\" content=\"SHOPATOA\" \/>\n<meta property=\"article:modified_time\" content=\"2025-03-14T20:34:11+00:00\" \/>\n<meta property=\"og:image\" content=\"https:\/\/shopatoa.com\/cz\/wp-content\/uploads\/2025\/02\/13440_102.jpg\" \/>\n\t<meta property=\"og:image:width\" content=\"440\" \/>\n\t<meta property=\"og:image:height\" content=\"440\" \/>\n\t<meta property=\"og:image:type\" content=\"image\/jpeg\" \/>\n<meta name=\"twitter:card\" content=\"summary_large_image\" \/>\n<meta name=\"twitter:label1\" content=\"Odhadovan\u00e1 doba \u010dten\u00ed\" \/>\n\t<meta name=\"twitter:data1\" content=\"1 minuta\" \/>\n<script type=\"application\/ld+json\" class=\"yoast-schema-graph\">{\"@context\":\"https:\\\/\\\/schema.org\",\"@graph\":[{\"@type\":\"WebPage\",\"@id\":\"https:\\\/\\\/shopatoa.com\\\/cz\\\/damsky-anorak-swix-legacy-12036\\\/\",\"url\":\"https:\\\/\\\/shopatoa.com\\\/cz\\\/damsky-anorak-swix-legacy-12036\\\/\",\"name\":\"D\u00e1msk\u00fd anorak Swix Legacy 12036 | Shopatoa.com\",\"isPartOf\":{\"@id\":\"https:\\\/\\\/shopatoa.com\\\/cz\\\/#website\"},\"primaryImageOfPage\":{\"@id\":\"https:\\\/\\\/shopatoa.com\\\/cz\\\/damsky-anorak-swix-legacy-12036\\\/#primaryimage\"},\"image\":{\"@id\":\"https:\\\/\\\/shopatoa.com\\\/cz\\\/damsky-anorak-swix-legacy-12036\\\/#primaryimage\"},\"thumbnailUrl\":\"https:\\\/\\\/shopatoa.com\\\/cz\\\/wp-content\\\/uploads\\\/2025\\\/02\\\/13440_102.jpg\",\"datePublished\":\"2025-02-14T12:59:33+00:00\",\"dateModified\":\"2025-03-14T20:34:11+00:00\",\"description\":\"Anorak Legacy je inspirov\u00e1n dlouhou tradic\u00ed norsk\u00e9ho b\u011b\u017eeck\u00e9ho ly\u017eov\u00e1n\u00ed. V roce 1974 zakoupila spole\u010dnost Swix tov\u00e1rnu na v\u00fdrobu hol\u00ed Liljedahl. Pr\u00e1v\u011b do tohoto obdob\u00ed se vrac\u00ed sv\u00fdm konceptem kolekce Legacy. Tato bunda je vyrobena pro milovn\u00edky b\u011b\u017eeck\u00e9ho ly\u017eov\u00e1n\u00ed v pozvoln\u00e9m a odpo\u010dinkov\u00e9m tempu a tomuto p\u0159edpokladu odpov\u00edd\u00e1 i volba detail\u016f a materi\u00e1lu. Hlavn\u00edm materi\u00e1lem je bavlna s tenk\u00fdm PU z\u00e1t\u011brem. Obvod kapuce a spodn\u00ed lem bundy lze nastavit pomoc\u00ed stahovac\u00ed elastick\u00e9 \u0161\u0148\u016frky. N\u00e1prsn\u00ed kapsa a dv\u011b kapsy na ruce se zipy. Nastaven\u00ed konce ruk\u00e1v\u016f a celorozep\u00ednac\u00ed zip na lev\u00e9 stran\u011b.\u2022 M\u011bkk\u00fd bavln\u011bn\u00fd materi\u00e1l s tenk\u00fdm PU z\u00e1t\u011brem\u2022 Lehk\u00fd hlavn\u00ed materi\u00e1l\u2022 Nastaviteln\u00e1 kapuce a spodn\u00ed lem\u2022 3 kapsy \u2013 jedna n\u00e1prsn\u00ed a dv\u011b klasick\u00e9 p\u0159edn\u00edMateri\u00e1l: 100% bavlna, PFD + tenk\u00fd z\u00e1t\u011br PU + WR6 + Sanfor\",\"breadcrumb\":{\"@id\":\"https:\\\/\\\/shopatoa.com\\\/cz\\\/damsky-anorak-swix-legacy-12036\\\/#breadcrumb\"},\"inLanguage\":\"cs\",\"potentialAction\":[{\"@type\":\"ReadAction\",\"target\":[\"https:\\\/\\\/shopatoa.com\\\/cz\\\/damsky-anorak-swix-legacy-12036\\\/\"]}]},{\"@type\":\"ImageObject\",\"inLanguage\":\"cs\",\"@id\":\"https:\\\/\\\/shopatoa.com\\\/cz\\\/damsky-anorak-swix-legacy-12036\\\/#primaryimage\",\"url\":\"https:\\\/\\\/shopatoa.com\\\/cz\\\/wp-content\\\/uploads\\\/2025\\\/02\\\/13440_102.jpg\",\"contentUrl\":\"https:\\\/\\\/shopatoa.com\\\/cz\\\/wp-content\\\/uploads\\\/2025\\\/02\\\/13440_102.jpg\",\"width\":440,\"height\":440},{\"@type\":\"BreadcrumbList\",\"@id\":\"https:\\\/\\\/shopatoa.com\\\/cz\\\/damsky-anorak-swix-legacy-12036\\\/#breadcrumb\",\"itemListElement\":[{\"@type\":\"ListItem\",\"position\":1,\"name\":\"Dom\u016f\",\"item\":\"https:\\\/\\\/shopatoa.com\\\/cz\\\/\"},{\"@type\":\"ListItem\",\"position\":2,\"name\":\"Produkty\",\"item\":\"https:\\\/\\\/shopatoa.com\\\/cz\\\/shop\\\/\"},{\"@type\":\"ListItem\",\"position\":3,\"name\":\"Sport\",\"item\":\"https:\\\/\\\/shopatoa.com\\\/cz\\\/sport\\\/\"},{\"@type\":\"ListItem\",\"position\":4,\"name\":\"Sportovn\u00ed oble\u010den\u00ed\",\"item\":\"https:\\\/\\\/shopatoa.com\\\/cz\\\/sportovni-obleceni\\\/\"},{\"@type\":\"ListItem\",\"position\":5,\"name\":\"Sportovn\u00ed bundy\",\"item\":\"https:\\\/\\\/shopatoa.com\\\/cz\\\/sportovni-bundy\\\/\"},{\"@type\":\"ListItem\",\"position\":6,\"name\":\"D\u00e1msk\u00fd anorak Swix Legacy 12036\"}]},{\"@type\":\"WebSite\",\"@id\":\"https:\\\/\\\/shopatoa.com\\\/cz\\\/#website\",\"url\":\"https:\\\/\\\/shopatoa.com\\\/cz\\\/\",\"name\":\"SHOPATOA\",\"description\":\"\",\"publisher\":{\"@id\":\"https:\\\/\\\/shopatoa.com\\\/cz\\\/#organization\"},\"potentialAction\":[{\"@type\":\"SearchAction\",\"target\":{\"@type\":\"EntryPoint\",\"urlTemplate\":\"https:\\\/\\\/shopatoa.com\\\/cz\\\/?s={search_term_string}\"},\"query-input\":{\"@type\":\"PropertyValueSpecification\",\"valueRequired\":true,\"valueName\":\"search_term_string\"}}],\"inLanguage\":\"cs\"},{\"@type\":\"Organization\",\"@id\":\"https:\\\/\\\/shopatoa.com\\\/cz\\\/#organization\",\"name\":\"SHOPATOA Digital s.r.o.\",\"url\":\"https:\\\/\\\/shopatoa.com\\\/cz\\\/\",\"logo\":{\"@type\":\"ImageObject\",\"inLanguage\":\"cs\",\"@id\":\"https:\\\/\\\/shopatoa.com\\\/cz\\\/#\\\/schema\\\/logo\\\/image\\\/\",\"url\":\"https:\\\/\\\/storage.googleapis.com\\\/cz-shopatoa-img\\\/cz\\\/ebccf434-shopatoa_logo.png\",\"contentUrl\":\"https:\\\/\\\/storage.googleapis.com\\\/cz-shopatoa-img\\\/cz\\\/ebccf434-shopatoa_logo.png\",\"width\":416,\"height\":63,\"caption\":\"SHOPATOA Digital s.r.o.\"},\"image\":{\"@id\":\"https:\\\/\\\/shopatoa.com\\\/cz\\\/#\\\/schema\\\/logo\\\/image\\\/\"}}]}<\/script>\n<!-- \/ Yoast SEO plugin. -->","yoast_head_json":{"title":"D\u00e1msk\u00fd anorak Swix Legacy 12036 | Shopatoa.com","description":"Anorak Legacy je inspirov\u00e1n dlouhou tradic\u00ed norsk\u00e9ho b\u011b\u017eeck\u00e9ho ly\u017eov\u00e1n\u00ed. V roce 1974 zakoupila spole\u010dnost Swix tov\u00e1rnu na v\u00fdrobu hol\u00ed Liljedahl. Pr\u00e1v\u011b do tohoto obdob\u00ed se vrac\u00ed sv\u00fdm konceptem kolekce Legacy. Tato bunda je vyrobena pro milovn\u00edky b\u011b\u017eeck\u00e9ho ly\u017eov\u00e1n\u00ed v pozvoln\u00e9m a odpo\u010dinkov\u00e9m tempu a tomuto p\u0159edpokladu odpov\u00edd\u00e1 i volba detail\u016f a materi\u00e1lu. Hlavn\u00edm materi\u00e1lem je bavlna s tenk\u00fdm PU z\u00e1t\u011brem. Obvod kapuce a spodn\u00ed lem bundy lze nastavit pomoc\u00ed stahovac\u00ed elastick\u00e9 \u0161\u0148\u016frky. N\u00e1prsn\u00ed kapsa a dv\u011b kapsy na ruce se zipy. Nastaven\u00ed konce ruk\u00e1v\u016f a celorozep\u00ednac\u00ed zip na lev\u00e9 stran\u011b.\u2022 M\u011bkk\u00fd bavln\u011bn\u00fd materi\u00e1l s tenk\u00fdm PU z\u00e1t\u011brem\u2022 Lehk\u00fd hlavn\u00ed materi\u00e1l\u2022 Nastaviteln\u00e1 kapuce a spodn\u00ed lem\u2022 3 kapsy \u2013 jedna n\u00e1prsn\u00ed a dv\u011b klasick\u00e9 p\u0159edn\u00edMateri\u00e1l: 100% bavlna, PFD + tenk\u00fd z\u00e1t\u011br PU + WR6 + Sanfor","robots":{"index":"index","follow":"follow","max-snippet":"max-snippet:-1","max-image-preview":"max-image-preview:large","max-video-preview":"max-video-preview:-1"},"canonical":"https:\/\/shopatoa.com\/cz\/damsky-anorak-swix-legacy-12036\/","og_locale":"cs_CZ","og_type":"article","og_title":"D\u00e1msk\u00fd anorak Swix Legacy 12036 | Shopatoa.com","og_description":"Anorak Legacy je inspirov\u00e1n dlouhou tradic\u00ed norsk\u00e9ho b\u011b\u017eeck\u00e9ho ly\u017eov\u00e1n\u00ed. V roce 1974 zakoupila spole\u010dnost Swix tov\u00e1rnu na v\u00fdrobu hol\u00ed Liljedahl. Pr\u00e1v\u011b do tohoto obdob\u00ed se vrac\u00ed sv\u00fdm konceptem kolekce Legacy. Tato bunda je vyrobena pro milovn\u00edky b\u011b\u017eeck\u00e9ho ly\u017eov\u00e1n\u00ed v pozvoln\u00e9m a odpo\u010dinkov\u00e9m tempu a tomuto p\u0159edpokladu odpov\u00edd\u00e1 i volba detail\u016f a materi\u00e1lu. Hlavn\u00edm materi\u00e1lem je bavlna s tenk\u00fdm PU z\u00e1t\u011brem. Obvod kapuce a spodn\u00ed lem bundy lze nastavit pomoc\u00ed stahovac\u00ed elastick\u00e9 \u0161\u0148\u016frky. N\u00e1prsn\u00ed kapsa a dv\u011b kapsy na ruce se zipy. Nastaven\u00ed konce ruk\u00e1v\u016f a celorozep\u00ednac\u00ed zip na lev\u00e9 stran\u011b.\u2022 M\u011bkk\u00fd bavln\u011bn\u00fd materi\u00e1l s tenk\u00fdm PU z\u00e1t\u011brem\u2022 Lehk\u00fd hlavn\u00ed materi\u00e1l\u2022 Nastaviteln\u00e1 kapuce a spodn\u00ed lem\u2022 3 kapsy \u2013 jedna n\u00e1prsn\u00ed a dv\u011b klasick\u00e9 p\u0159edn\u00edMateri\u00e1l: 100% bavlna, PFD + tenk\u00fd z\u00e1t\u011br PU + WR6 + Sanfor","og_url":"https:\/\/shopatoa.com\/cz\/damsky-anorak-swix-legacy-12036\/","og_site_name":"SHOPATOA","article_modified_time":"2025-03-14T20:34:11+00:00","og_image":[{"width":440,"height":440,"url":"https:\/\/shopatoa.com\/cz\/wp-content\/uploads\/2025\/02\/13440_102.jpg","type":"image\/jpeg"}],"twitter_card":"summary_large_image","twitter_misc":{"Odhadovan\u00e1 doba \u010dten\u00ed":"1 minuta"},"schema":{"@context":"https:\/\/schema.org","@graph":[{"@type":"WebPage","@id":"https:\/\/shopatoa.com\/cz\/damsky-anorak-swix-legacy-12036\/","url":"https:\/\/shopatoa.com\/cz\/damsky-anorak-swix-legacy-12036\/","name":"D\u00e1msk\u00fd anorak Swix Legacy 12036 | Shopatoa.com","isPartOf":{"@id":"https:\/\/shopatoa.com\/cz\/#website"},"primaryImageOfPage":{"@id":"https:\/\/shopatoa.com\/cz\/damsky-anorak-swix-legacy-12036\/#primaryimage"},"image":{"@id":"https:\/\/shopatoa.com\/cz\/damsky-anorak-swix-legacy-12036\/#primaryimage"},"thumbnailUrl":"https:\/\/shopatoa.com\/cz\/wp-content\/uploads\/2025\/02\/13440_102.jpg","datePublished":"2025-02-14T12:59:33+00:00","dateModified":"2025-03-14T20:34:11+00:00","description":"Anorak Legacy je inspirov\u00e1n dlouhou tradic\u00ed norsk\u00e9ho b\u011b\u017eeck\u00e9ho ly\u017eov\u00e1n\u00ed. V roce 1974 zakoupila spole\u010dnost Swix tov\u00e1rnu na v\u00fdrobu hol\u00ed Liljedahl. Pr\u00e1v\u011b do tohoto obdob\u00ed se vrac\u00ed sv\u00fdm konceptem kolekce Legacy. Tato bunda je vyrobena pro milovn\u00edky b\u011b\u017eeck\u00e9ho ly\u017eov\u00e1n\u00ed v pozvoln\u00e9m a odpo\u010dinkov\u00e9m tempu a tomuto p\u0159edpokladu odpov\u00edd\u00e1 i volba detail\u016f a materi\u00e1lu. Hlavn\u00edm materi\u00e1lem je bavlna s tenk\u00fdm PU z\u00e1t\u011brem. Obvod kapuce a spodn\u00ed lem bundy lze nastavit pomoc\u00ed stahovac\u00ed elastick\u00e9 \u0161\u0148\u016frky. N\u00e1prsn\u00ed kapsa a dv\u011b kapsy na ruce se zipy. Nastaven\u00ed konce ruk\u00e1v\u016f a celorozep\u00ednac\u00ed zip na lev\u00e9 stran\u011b.\u2022 M\u011bkk\u00fd bavln\u011bn\u00fd materi\u00e1l s tenk\u00fdm PU z\u00e1t\u011brem\u2022 Lehk\u00fd hlavn\u00ed materi\u00e1l\u2022 Nastaviteln\u00e1 kapuce a spodn\u00ed lem\u2022 3 kapsy \u2013 jedna n\u00e1prsn\u00ed a dv\u011b klasick\u00e9 p\u0159edn\u00edMateri\u00e1l: 100% bavlna, PFD + tenk\u00fd z\u00e1t\u011br PU + WR6 + Sanfor","breadcrumb":{"@id":"https:\/\/shopatoa.com\/cz\/damsky-anorak-swix-legacy-12036\/#breadcrumb"},"inLanguage":"cs","potentialAction":[{"@type":"ReadAction","target":["https:\/\/shopatoa.com\/cz\/damsky-anorak-swix-legacy-12036\/"]}]},{"@type":"ImageObject","inLanguage":"cs","@id":"https:\/\/shopatoa.com\/cz\/damsky-anorak-swix-legacy-12036\/#primaryimage","url":"https:\/\/shopatoa.com\/cz\/wp-content\/uploads\/2025\/02\/13440_102.jpg","contentUrl":"https:\/\/shopatoa.com\/cz\/wp-content\/uploads\/2025\/02\/13440_102.jpg","width":440,"height":440},{"@type":"BreadcrumbList","@id":"https:\/\/shopatoa.com\/cz\/damsky-anorak-swix-legacy-12036\/#breadcrumb","itemListElement":[{"@type":"ListItem","position":1,"name":"Dom\u016f","item":"https:\/\/shopatoa.com\/cz\/"},{"@type":"ListItem","position":2,"name":"Produkty","item":"https:\/\/shopatoa.com\/cz\/shop\/"},{"@type":"ListItem","position":3,"name":"Sport","item":"https:\/\/shopatoa.com\/cz\/sport\/"},{"@type":"ListItem","position":4,"name":"Sportovn\u00ed oble\u010den\u00ed","item":"https:\/\/shopatoa.com\/cz\/sportovni-obleceni\/"},{"@type":"ListItem","position":5,"name":"Sportovn\u00ed bundy","item":"https:\/\/shopatoa.com\/cz\/sportovni-bundy\/"},{"@type":"ListItem","position":6,"name":"D\u00e1msk\u00fd anorak Swix Legacy 12036"}]},{"@type":"WebSite","@id":"https:\/\/shopatoa.com\/cz\/#website","url":"https:\/\/shopatoa.com\/cz\/","name":"SHOPATOA","description":"","publisher":{"@id":"https:\/\/shopatoa.com\/cz\/#organization"},"potentialAction":[{"@type":"SearchAction","target":{"@type":"EntryPoint","urlTemplate":"https:\/\/shopatoa.com\/cz\/?s={search_term_string}"},"query-input":{"@type":"PropertyValueSpecification","valueRequired":true,"valueName":"search_term_string"}}],"inLanguage":"cs"},{"@type":"Organization","@id":"https:\/\/shopatoa.com\/cz\/#organization","name":"SHOPATOA Digital s.r.o.","url":"https:\/\/shopatoa.com\/cz\/","logo":{"@type":"ImageObject","inLanguage":"cs","@id":"https:\/\/shopatoa.com\/cz\/#\/schema\/logo\/image\/","url":"https:\/\/storage.googleapis.com\/cz-shopatoa-img\/cz\/ebccf434-shopatoa_logo.png","contentUrl":"https:\/\/storage.googleapis.com\/cz-shopatoa-img\/cz\/ebccf434-shopatoa_logo.png","width":416,"height":63,"caption":"SHOPATOA Digital s.r.o."},"image":{"@id":"https:\/\/shopatoa.com\/cz\/#\/schema\/logo\/image\/"}}]}},"_links":{"self":[{"href":"https:\/\/shopatoa.com\/cz\/wp-json\/wp\/v2\/product\/129185","targetHints":{"allow":["GET"]}}],"collection":[{"href":"https:\/\/shopatoa.com\/cz\/wp-json\/wp\/v2\/product"}],"about":[{"href":"https:\/\/shopatoa.com\/cz\/wp-json\/wp\/v2\/types\/product"}],"replies":[{"embeddable":true,"href":"https:\/\/shopatoa.com\/cz\/wp-json\/wp\/v2\/comments?post=129185"}],"wp:featuredmedia":[{"embeddable":true,"href":"https:\/\/shopatoa.com\/cz\/wp-json\/wp\/v2\/media\/129186"}],"wp:attachment":[{"href":"https:\/\/shopatoa.com\/cz\/wp-json\/wp\/v2\/media?parent=129185"}],"wp:term":[{"taxonomy":"product_brand","embeddable":true,"href":"https:\/\/shopatoa.com\/cz\/wp-json\/wp\/v2\/product_brand?post=129185"},{"taxonomy":"product_cat","embeddable":true,"href":"https:\/\/shopatoa.com\/cz\/wp-json\/wp\/v2\/product_cat?post=129185"},{"taxonomy":"product_tag","embeddable":true,"href":"https:\/\/shopatoa.com\/cz\/wp-json\/wp\/v2\/product_tag?post=129185"}],"curies":[{"name":"wp","href":"https:\/\/api.w.org\/{rel}","templated":true}]}}