{"id":129200,"date":"2025-02-14T13:59:33","date_gmt":"2025-02-14T12:59:33","guid":{"rendered":"https:\/\/shopatoa.com\/cz\/unisex-kabat-swix-surmount-primaloft-13154\/"},"modified":"2025-03-14T21:34:23","modified_gmt":"2025-03-14T20:34:23","slug":"unisex-kabat-swix-surmount-primaloft-13154","status":"publish","type":"product","link":"https:\/\/shopatoa.com\/cz\/unisex-kabat-swix-surmount-primaloft-13154\/","title":{"rendered":"Unisex kab\u00e1t Swix Surmount Primaloft 13154"},"content":{"rendered":"<p>Kab\u00e1t Surmount PrimaLoft\u00ae je pr\u00e9miov\u00fd vrchn\u00ed outdoorov\u00fd od\u011bv navr\u017een\u00fd p\u0159esn\u011b tak, aby spolehliv\u011b obst\u00e1l v n\u00e1ro\u010dn\u00fdch podm\u00ednk\u00e1ch tuh\u00e9 seversk\u00e9 zimy. Dvojit\u00e1 vrstva PrimaLoft\u00ae d\u011bl\u00e1 z t\u00e9to bundy skute\u010dn\u011b h\u0159ejiv\u00fd model. PrimaLoft\u00ae poskytuje stejn\u00fd pom\u011br loftu a hmotnosti jako u kvalitn\u00edho prachov\u00e9ho pe\u0159\u00ed, ale na rozd\u00edl od n\u011bho u Primaloftu p\u0159irozen\u011b nevznikaj\u00ed tepeln\u00e9 mosty v m\u00edstech \u0161v\u016f a materi\u00e1l nenavlhne. Svou skv\u011blou funk\u010dnost\u00ed byl kab\u00e1t stvo\u0159en pro podp\u016frn\u00fd t\u00fdm zimn\u00edch sportovc\u016f, ale d\u00edky jeho stylov\u00e9mu designu se bezvadn\u011b hod\u00ed pro ka\u017edodenn\u00ed no\u0161en\u00ed po celou zimu, pro chv\u00edle volna nejen p\u0159i sportu. Ochrann\u00fd vrchn\u00ed materi\u00e1l s podlepen\u00fdmi \u0161vy odol\u00e1 de\u0161ti po dlouh\u00e9 hodiny.\u2022 Vod\u011bodoln\u00fd, vysoce prody\u0161n\u00fd dvouvrstv\u00fd vrchn\u00ed materi\u00e1l\u2022 Mechanick\u00e1 pru\u017enost (bez elastanu)\u2022 Podlepen\u00e9 \u0161vy\u2022 Vodn\u00ed sloupec 20.000 mm\u2022 Propustnost vodn\u00edch par 20.000 g\/m2\/24 hod.\u2022 Izolace PrimaLoft\u00ae Silver\u2022 YKK\u00ae vod\u011bodoln\u00e9 zipy\u2022 N\u00e1prsn\u00ed kapsy a bo\u010dn\u00ed kapsy na zah\u0159\u00e1t\u00ed rukou\u2022 Kapuce s konstrukc\u00ed \u0161v\u016f, kter\u00e9 br\u00e1n\u00ed vytv\u00e1\u0159en\u00ed tepeln\u00fdch most\u016fSlo\u017een\u00ed materi\u00e1lu:Materi\u00e1l 1: 100% polyester \/ 100% polyuretan \/ CO DWR (cel\u00e9 t\u011blo)Materi\u00e1l 2: 100% polyamid \/ C6 DWR (hlavn\u00ed pod\u0161\u00edvka v\u010detn\u011b kapes)Materi\u00e1l 3: 92% polyester, 8% elastan \/ C6 DWR (vnit\u0159n\u00ed l\u00edmec)Materi\u00e1l 4: 100% polyesterov\u00e9 mikrovl\u00e1kno<\/p>\n","protected":false},"excerpt":{"rendered":"<p>Kab\u00e1t Surmount PrimaLoft\u00ae je pr\u00e9miov\u00fd vrchn\u00ed outdoorov\u00fd od\u011bv navr\u017een\u00fd p\u0159esn\u011b tak, aby spolehliv\u011b obst\u00e1l v n\u00e1ro\u010dn\u00fdch podm\u00ednk\u00e1ch tuh\u00e9 seversk\u00e9 zimy. Dvojit\u00e1 vrstva PrimaLoft\u00ae d\u011bl\u00e1 z t\u00e9to bundy skute\u010dn\u011b h\u0159ejiv\u00fd model. PrimaLoft\u00ae poskytuje stejn\u00fd pom\u011br loftu a hmotnosti jako u kvalitn\u00edho prachov\u00e9ho pe\u0159\u00ed, ale na rozd\u00edl od n\u011bho u Primaloftu p\u0159irozen\u011b nevznikaj\u00ed tepeln\u00e9 mosty v m\u00edstech&#8230;<\/p>\n","protected":false},"featured_media":129201,"comment_status":"closed","ping_status":"open","template":"","meta":{"_acf_changed":false,"_kadence_starter_templates_imported_post":false,"_kad_post_transparent":"","_kad_post_title":"","_kad_post_layout":"","_kad_post_sidebar_id":"","_kad_post_content_style":"","_kad_post_vertical_padding":"","_kad_post_feature":"","_kad_post_feature_position":"","_kad_post_header":false,"_kad_post_footer":false,"_kad_post_classname":""},"product_brand":[],"product_cat":[48,50,49],"product_tag":[],"class_list":{"0":"post-129200","1":"product","2":"type-product","3":"status-publish","4":"has-post-thumbnail","6":"product_cat-sport","7":"product_cat-sportovni-bundy","8":"product_cat-sportovni-obleceni","9":"pa_obchod-swix-cz","10":"pa_pohlavi-zena","12":"first","13":"instock","14":"sale","15":"product-type-external","16":"entry","17":"content-bg","18":"loop-entry"},"acf":[],"yoast_head":"<!-- This site is optimized with the Yoast SEO plugin v27.4 - https:\/\/yoast.com\/product\/yoast-seo-wordpress\/ -->\n<title>Unisex kab\u00e1t Swix Surmount Primaloft 13154 | Shopatoa.com<\/title>\n<meta name=\"description\" content=\"Kab\u00e1t Surmount PrimaLoft\u00ae je pr\u00e9miov\u00fd vrchn\u00ed outdoorov\u00fd od\u011bv navr\u017een\u00fd p\u0159esn\u011b tak, aby spolehliv\u011b obst\u00e1l v n\u00e1ro\u010dn\u00fdch podm\u00ednk\u00e1ch tuh\u00e9 seversk\u00e9 zimy. Dvojit\u00e1 vrstva PrimaLoft\u00ae d\u011bl\u00e1 z t\u00e9to bundy skute\u010dn\u011b h\u0159ejiv\u00fd model. PrimaLoft\u00ae poskytuje stejn\u00fd pom\u011br loftu a hmotnosti jako u kvalitn\u00edho prachov\u00e9ho pe\u0159\u00ed, ale na rozd\u00edl od n\u011bho u Primaloftu p\u0159irozen\u011b nevznikaj\u00ed tepeln\u00e9 mosty v m\u00edstech \u0161v\u016f a materi\u00e1l nenavlhne. Svou skv\u011blou funk\u010dnost\u00ed byl kab\u00e1t stvo\u0159en pro podp\u016frn\u00fd t\u00fdm zimn\u00edch sportovc\u016f, ale d\u00edky jeho stylov\u00e9mu designu se bezvadn\u011b hod\u00ed pro ka\u017edodenn\u00ed no\u0161en\u00ed po celou zimu, pro chv\u00edle volna nejen p\u0159i sportu. Ochrann\u00fd vrchn\u00ed materi\u00e1l s podlepen\u00fdmi \u0161vy odol\u00e1 de\u0161ti po dlouh\u00e9 hodiny.\u2022 Vod\u011bodoln\u00fd, vysoce prody\u0161n\u00fd dvouvrstv\u00fd vrchn\u00ed materi\u00e1l\u2022 Mechanick\u00e1 pru\u017enost (bez elastanu)\u2022 Podlepen\u00e9 \u0161vy\u2022 Vodn\u00ed sloupec 20.000 mm\u2022 Propustnost vodn\u00edch par 20.000 g\/m2\/24 hod.\u2022 Izolace PrimaLoft\u00ae Silver\u2022 YKK\u00ae vod\u011bodoln\u00e9 zipy\u2022 N\u00e1prsn\u00ed kapsy a bo\u010dn\u00ed kapsy na zah\u0159\u00e1t\u00ed rukou\u2022 Kapuce s konstrukc\u00ed \u0161v\u016f, kter\u00e9 br\u00e1n\u00ed vytv\u00e1\u0159en\u00ed tepeln\u00fdch most\u016fSlo\u017een\u00ed materi\u00e1lu:Materi\u00e1l 1: 100% polyester \/ 100% polyuretan \/ CO DWR (cel\u00e9 t\u011blo)Materi\u00e1l 2: 100% polyamid \/ C6 DWR (hlavn\u00ed pod\u0161\u00edvka v\u010detn\u011b kapes)Materi\u00e1l 3: 92% polyester, 8% elastan \/ C6 DWR (vnit\u0159n\u00ed l\u00edmec)Materi\u00e1l 4: 100% polyesterov\u00e9 mikrovl\u00e1kno\" \/>\n<meta name=\"robots\" content=\"index, follow, max-snippet:-1, max-image-preview:large, max-video-preview:-1\" \/>\n<link rel=\"canonical\" href=\"https:\/\/shopatoa.com\/cz\/unisex-kabat-swix-surmount-primaloft-13154\/\" \/>\n<meta property=\"og:locale\" content=\"cs_CZ\" \/>\n<meta property=\"og:type\" content=\"article\" \/>\n<meta property=\"og:title\" content=\"Unisex kab\u00e1t Swix Surmount Primaloft 13154 | Shopatoa.com\" \/>\n<meta property=\"og:description\" content=\"Kab\u00e1t Surmount PrimaLoft\u00ae je pr\u00e9miov\u00fd vrchn\u00ed outdoorov\u00fd od\u011bv navr\u017een\u00fd p\u0159esn\u011b tak, aby spolehliv\u011b obst\u00e1l v n\u00e1ro\u010dn\u00fdch podm\u00ednk\u00e1ch tuh\u00e9 seversk\u00e9 zimy. Dvojit\u00e1 vrstva PrimaLoft\u00ae d\u011bl\u00e1 z t\u00e9to bundy skute\u010dn\u011b h\u0159ejiv\u00fd model. PrimaLoft\u00ae poskytuje stejn\u00fd pom\u011br loftu a hmotnosti jako u kvalitn\u00edho prachov\u00e9ho pe\u0159\u00ed, ale na rozd\u00edl od n\u011bho u Primaloftu p\u0159irozen\u011b nevznikaj\u00ed tepeln\u00e9 mosty v m\u00edstech \u0161v\u016f a materi\u00e1l nenavlhne. Svou skv\u011blou funk\u010dnost\u00ed byl kab\u00e1t stvo\u0159en pro podp\u016frn\u00fd t\u00fdm zimn\u00edch sportovc\u016f, ale d\u00edky jeho stylov\u00e9mu designu se bezvadn\u011b hod\u00ed pro ka\u017edodenn\u00ed no\u0161en\u00ed po celou zimu, pro chv\u00edle volna nejen p\u0159i sportu. Ochrann\u00fd vrchn\u00ed materi\u00e1l s podlepen\u00fdmi \u0161vy odol\u00e1 de\u0161ti po dlouh\u00e9 hodiny.\u2022 Vod\u011bodoln\u00fd, vysoce prody\u0161n\u00fd dvouvrstv\u00fd vrchn\u00ed materi\u00e1l\u2022 Mechanick\u00e1 pru\u017enost (bez elastanu)\u2022 Podlepen\u00e9 \u0161vy\u2022 Vodn\u00ed sloupec 20.000 mm\u2022 Propustnost vodn\u00edch par 20.000 g\/m2\/24 hod.\u2022 Izolace PrimaLoft\u00ae Silver\u2022 YKK\u00ae vod\u011bodoln\u00e9 zipy\u2022 N\u00e1prsn\u00ed kapsy a bo\u010dn\u00ed kapsy na zah\u0159\u00e1t\u00ed rukou\u2022 Kapuce s konstrukc\u00ed \u0161v\u016f, kter\u00e9 br\u00e1n\u00ed vytv\u00e1\u0159en\u00ed tepeln\u00fdch most\u016fSlo\u017een\u00ed materi\u00e1lu:Materi\u00e1l 1: 100% polyester \/ 100% polyuretan \/ CO DWR (cel\u00e9 t\u011blo)Materi\u00e1l 2: 100% polyamid \/ C6 DWR (hlavn\u00ed pod\u0161\u00edvka v\u010detn\u011b kapes)Materi\u00e1l 3: 92% polyester, 8% elastan \/ C6 DWR (vnit\u0159n\u00ed l\u00edmec)Materi\u00e1l 4: 100% polyesterov\u00e9 mikrovl\u00e1kno\" \/>\n<meta property=\"og:url\" content=\"https:\/\/shopatoa.com\/cz\/unisex-kabat-swix-surmount-primaloft-13154\/\" \/>\n<meta property=\"og:site_name\" content=\"SHOPATOA\" \/>\n<meta property=\"article:modified_time\" content=\"2025-03-14T20:34:23+00:00\" \/>\n<meta property=\"og:image\" content=\"https:\/\/shopatoa.com\/cz\/wp-content\/uploads\/2025\/02\/16189_102.jpg\" \/>\n\t<meta property=\"og:image:width\" content=\"440\" \/>\n\t<meta property=\"og:image:height\" content=\"440\" \/>\n\t<meta property=\"og:image:type\" content=\"image\/jpeg\" \/>\n<meta name=\"twitter:card\" content=\"summary_large_image\" \/>\n<meta name=\"twitter:label1\" content=\"Odhadovan\u00e1 doba \u010dten\u00ed\" \/>\n\t<meta name=\"twitter:data1\" content=\"1 minuta\" \/>\n<script type=\"application\/ld+json\" class=\"yoast-schema-graph\">{\"@context\":\"https:\\\/\\\/schema.org\",\"@graph\":[{\"@type\":\"WebPage\",\"@id\":\"https:\\\/\\\/shopatoa.com\\\/cz\\\/unisex-kabat-swix-surmount-primaloft-13154\\\/\",\"url\":\"https:\\\/\\\/shopatoa.com\\\/cz\\\/unisex-kabat-swix-surmount-primaloft-13154\\\/\",\"name\":\"Unisex kab\u00e1t Swix Surmount Primaloft 13154 | Shopatoa.com\",\"isPartOf\":{\"@id\":\"https:\\\/\\\/shopatoa.com\\\/cz\\\/#website\"},\"primaryImageOfPage\":{\"@id\":\"https:\\\/\\\/shopatoa.com\\\/cz\\\/unisex-kabat-swix-surmount-primaloft-13154\\\/#primaryimage\"},\"image\":{\"@id\":\"https:\\\/\\\/shopatoa.com\\\/cz\\\/unisex-kabat-swix-surmount-primaloft-13154\\\/#primaryimage\"},\"thumbnailUrl\":\"https:\\\/\\\/shopatoa.com\\\/cz\\\/wp-content\\\/uploads\\\/2025\\\/02\\\/16189_102.jpg\",\"datePublished\":\"2025-02-14T12:59:33+00:00\",\"dateModified\":\"2025-03-14T20:34:23+00:00\",\"description\":\"Kab\u00e1t Surmount PrimaLoft\u00ae je pr\u00e9miov\u00fd vrchn\u00ed outdoorov\u00fd od\u011bv navr\u017een\u00fd p\u0159esn\u011b tak, aby spolehliv\u011b obst\u00e1l v n\u00e1ro\u010dn\u00fdch podm\u00ednk\u00e1ch tuh\u00e9 seversk\u00e9 zimy. Dvojit\u00e1 vrstva PrimaLoft\u00ae d\u011bl\u00e1 z t\u00e9to bundy skute\u010dn\u011b h\u0159ejiv\u00fd model. PrimaLoft\u00ae poskytuje stejn\u00fd pom\u011br loftu a hmotnosti jako u kvalitn\u00edho prachov\u00e9ho pe\u0159\u00ed, ale na rozd\u00edl od n\u011bho u Primaloftu p\u0159irozen\u011b nevznikaj\u00ed tepeln\u00e9 mosty v m\u00edstech \u0161v\u016f a materi\u00e1l nenavlhne. Svou skv\u011blou funk\u010dnost\u00ed byl kab\u00e1t stvo\u0159en pro podp\u016frn\u00fd t\u00fdm zimn\u00edch sportovc\u016f, ale d\u00edky jeho stylov\u00e9mu designu se bezvadn\u011b hod\u00ed pro ka\u017edodenn\u00ed no\u0161en\u00ed po celou zimu, pro chv\u00edle volna nejen p\u0159i sportu. Ochrann\u00fd vrchn\u00ed materi\u00e1l s podlepen\u00fdmi \u0161vy odol\u00e1 de\u0161ti po dlouh\u00e9 hodiny.\u2022 Vod\u011bodoln\u00fd, vysoce prody\u0161n\u00fd dvouvrstv\u00fd vrchn\u00ed materi\u00e1l\u2022 Mechanick\u00e1 pru\u017enost (bez elastanu)\u2022 Podlepen\u00e9 \u0161vy\u2022 Vodn\u00ed sloupec 20.000 mm\u2022 Propustnost vodn\u00edch par 20.000 g\\\/m2\\\/24 hod.\u2022 Izolace PrimaLoft\u00ae Silver\u2022 YKK\u00ae vod\u011bodoln\u00e9 zipy\u2022 N\u00e1prsn\u00ed kapsy a bo\u010dn\u00ed kapsy na zah\u0159\u00e1t\u00ed rukou\u2022 Kapuce s konstrukc\u00ed \u0161v\u016f, kter\u00e9 br\u00e1n\u00ed vytv\u00e1\u0159en\u00ed tepeln\u00fdch most\u016fSlo\u017een\u00ed materi\u00e1lu:Materi\u00e1l 1: 100% polyester \\\/ 100% polyuretan \\\/ CO DWR (cel\u00e9 t\u011blo)Materi\u00e1l 2: 100% polyamid \\\/ C6 DWR (hlavn\u00ed pod\u0161\u00edvka v\u010detn\u011b kapes)Materi\u00e1l 3: 92% polyester, 8% elastan \\\/ C6 DWR (vnit\u0159n\u00ed l\u00edmec)Materi\u00e1l 4: 100% polyesterov\u00e9 mikrovl\u00e1kno\",\"breadcrumb\":{\"@id\":\"https:\\\/\\\/shopatoa.com\\\/cz\\\/unisex-kabat-swix-surmount-primaloft-13154\\\/#breadcrumb\"},\"inLanguage\":\"cs\",\"potentialAction\":[{\"@type\":\"ReadAction\",\"target\":[\"https:\\\/\\\/shopatoa.com\\\/cz\\\/unisex-kabat-swix-surmount-primaloft-13154\\\/\"]}]},{\"@type\":\"ImageObject\",\"inLanguage\":\"cs\",\"@id\":\"https:\\\/\\\/shopatoa.com\\\/cz\\\/unisex-kabat-swix-surmount-primaloft-13154\\\/#primaryimage\",\"url\":\"https:\\\/\\\/shopatoa.com\\\/cz\\\/wp-content\\\/uploads\\\/2025\\\/02\\\/16189_102.jpg\",\"contentUrl\":\"https:\\\/\\\/shopatoa.com\\\/cz\\\/wp-content\\\/uploads\\\/2025\\\/02\\\/16189_102.jpg\",\"width\":440,\"height\":440},{\"@type\":\"BreadcrumbList\",\"@id\":\"https:\\\/\\\/shopatoa.com\\\/cz\\\/unisex-kabat-swix-surmount-primaloft-13154\\\/#breadcrumb\",\"itemListElement\":[{\"@type\":\"ListItem\",\"position\":1,\"name\":\"Dom\u016f\",\"item\":\"https:\\\/\\\/shopatoa.com\\\/cz\\\/\"},{\"@type\":\"ListItem\",\"position\":2,\"name\":\"Produkty\",\"item\":\"https:\\\/\\\/shopatoa.com\\\/cz\\\/shop\\\/\"},{\"@type\":\"ListItem\",\"position\":3,\"name\":\"Sport\",\"item\":\"https:\\\/\\\/shopatoa.com\\\/cz\\\/sport\\\/\"},{\"@type\":\"ListItem\",\"position\":4,\"name\":\"Sportovn\u00ed oble\u010den\u00ed\",\"item\":\"https:\\\/\\\/shopatoa.com\\\/cz\\\/sportovni-obleceni\\\/\"},{\"@type\":\"ListItem\",\"position\":5,\"name\":\"Sportovn\u00ed bundy\",\"item\":\"https:\\\/\\\/shopatoa.com\\\/cz\\\/sportovni-bundy\\\/\"},{\"@type\":\"ListItem\",\"position\":6,\"name\":\"Unisex kab\u00e1t Swix Surmount Primaloft 13154\"}]},{\"@type\":\"WebSite\",\"@id\":\"https:\\\/\\\/shopatoa.com\\\/cz\\\/#website\",\"url\":\"https:\\\/\\\/shopatoa.com\\\/cz\\\/\",\"name\":\"SHOPATOA\",\"description\":\"\",\"publisher\":{\"@id\":\"https:\\\/\\\/shopatoa.com\\\/cz\\\/#organization\"},\"potentialAction\":[{\"@type\":\"SearchAction\",\"target\":{\"@type\":\"EntryPoint\",\"urlTemplate\":\"https:\\\/\\\/shopatoa.com\\\/cz\\\/?s={search_term_string}\"},\"query-input\":{\"@type\":\"PropertyValueSpecification\",\"valueRequired\":true,\"valueName\":\"search_term_string\"}}],\"inLanguage\":\"cs\"},{\"@type\":\"Organization\",\"@id\":\"https:\\\/\\\/shopatoa.com\\\/cz\\\/#organization\",\"name\":\"SHOPATOA Digital s.r.o.\",\"url\":\"https:\\\/\\\/shopatoa.com\\\/cz\\\/\",\"logo\":{\"@type\":\"ImageObject\",\"inLanguage\":\"cs\",\"@id\":\"https:\\\/\\\/shopatoa.com\\\/cz\\\/#\\\/schema\\\/logo\\\/image\\\/\",\"url\":\"https:\\\/\\\/storage.googleapis.com\\\/cz-shopatoa-img\\\/cz\\\/ebccf434-shopatoa_logo.png\",\"contentUrl\":\"https:\\\/\\\/storage.googleapis.com\\\/cz-shopatoa-img\\\/cz\\\/ebccf434-shopatoa_logo.png\",\"width\":416,\"height\":63,\"caption\":\"SHOPATOA Digital s.r.o.\"},\"image\":{\"@id\":\"https:\\\/\\\/shopatoa.com\\\/cz\\\/#\\\/schema\\\/logo\\\/image\\\/\"}}]}<\/script>\n<!-- \/ Yoast SEO plugin. -->","yoast_head_json":{"title":"Unisex kab\u00e1t Swix Surmount Primaloft 13154 | Shopatoa.com","description":"Kab\u00e1t Surmount PrimaLoft\u00ae je pr\u00e9miov\u00fd vrchn\u00ed outdoorov\u00fd od\u011bv navr\u017een\u00fd p\u0159esn\u011b tak, aby spolehliv\u011b obst\u00e1l v n\u00e1ro\u010dn\u00fdch podm\u00ednk\u00e1ch tuh\u00e9 seversk\u00e9 zimy. Dvojit\u00e1 vrstva PrimaLoft\u00ae d\u011bl\u00e1 z t\u00e9to bundy skute\u010dn\u011b h\u0159ejiv\u00fd model. PrimaLoft\u00ae poskytuje stejn\u00fd pom\u011br loftu a hmotnosti jako u kvalitn\u00edho prachov\u00e9ho pe\u0159\u00ed, ale na rozd\u00edl od n\u011bho u Primaloftu p\u0159irozen\u011b nevznikaj\u00ed tepeln\u00e9 mosty v m\u00edstech \u0161v\u016f a materi\u00e1l nenavlhne. Svou skv\u011blou funk\u010dnost\u00ed byl kab\u00e1t stvo\u0159en pro podp\u016frn\u00fd t\u00fdm zimn\u00edch sportovc\u016f, ale d\u00edky jeho stylov\u00e9mu designu se bezvadn\u011b hod\u00ed pro ka\u017edodenn\u00ed no\u0161en\u00ed po celou zimu, pro chv\u00edle volna nejen p\u0159i sportu. Ochrann\u00fd vrchn\u00ed materi\u00e1l s podlepen\u00fdmi \u0161vy odol\u00e1 de\u0161ti po dlouh\u00e9 hodiny.\u2022 Vod\u011bodoln\u00fd, vysoce prody\u0161n\u00fd dvouvrstv\u00fd vrchn\u00ed materi\u00e1l\u2022 Mechanick\u00e1 pru\u017enost (bez elastanu)\u2022 Podlepen\u00e9 \u0161vy\u2022 Vodn\u00ed sloupec 20.000 mm\u2022 Propustnost vodn\u00edch par 20.000 g\/m2\/24 hod.\u2022 Izolace PrimaLoft\u00ae Silver\u2022 YKK\u00ae vod\u011bodoln\u00e9 zipy\u2022 N\u00e1prsn\u00ed kapsy a bo\u010dn\u00ed kapsy na zah\u0159\u00e1t\u00ed rukou\u2022 Kapuce s konstrukc\u00ed \u0161v\u016f, kter\u00e9 br\u00e1n\u00ed vytv\u00e1\u0159en\u00ed tepeln\u00fdch most\u016fSlo\u017een\u00ed materi\u00e1lu:Materi\u00e1l 1: 100% polyester \/ 100% polyuretan \/ CO DWR (cel\u00e9 t\u011blo)Materi\u00e1l 2: 100% polyamid \/ C6 DWR (hlavn\u00ed pod\u0161\u00edvka v\u010detn\u011b kapes)Materi\u00e1l 3: 92% polyester, 8% elastan \/ C6 DWR (vnit\u0159n\u00ed l\u00edmec)Materi\u00e1l 4: 100% polyesterov\u00e9 mikrovl\u00e1kno","robots":{"index":"index","follow":"follow","max-snippet":"max-snippet:-1","max-image-preview":"max-image-preview:large","max-video-preview":"max-video-preview:-1"},"canonical":"https:\/\/shopatoa.com\/cz\/unisex-kabat-swix-surmount-primaloft-13154\/","og_locale":"cs_CZ","og_type":"article","og_title":"Unisex kab\u00e1t Swix Surmount Primaloft 13154 | Shopatoa.com","og_description":"Kab\u00e1t Surmount PrimaLoft\u00ae je pr\u00e9miov\u00fd vrchn\u00ed outdoorov\u00fd od\u011bv navr\u017een\u00fd p\u0159esn\u011b tak, aby spolehliv\u011b obst\u00e1l v n\u00e1ro\u010dn\u00fdch podm\u00ednk\u00e1ch tuh\u00e9 seversk\u00e9 zimy. Dvojit\u00e1 vrstva PrimaLoft\u00ae d\u011bl\u00e1 z t\u00e9to bundy skute\u010dn\u011b h\u0159ejiv\u00fd model. PrimaLoft\u00ae poskytuje stejn\u00fd pom\u011br loftu a hmotnosti jako u kvalitn\u00edho prachov\u00e9ho pe\u0159\u00ed, ale na rozd\u00edl od n\u011bho u Primaloftu p\u0159irozen\u011b nevznikaj\u00ed tepeln\u00e9 mosty v m\u00edstech \u0161v\u016f a materi\u00e1l nenavlhne. Svou skv\u011blou funk\u010dnost\u00ed byl kab\u00e1t stvo\u0159en pro podp\u016frn\u00fd t\u00fdm zimn\u00edch sportovc\u016f, ale d\u00edky jeho stylov\u00e9mu designu se bezvadn\u011b hod\u00ed pro ka\u017edodenn\u00ed no\u0161en\u00ed po celou zimu, pro chv\u00edle volna nejen p\u0159i sportu. Ochrann\u00fd vrchn\u00ed materi\u00e1l s podlepen\u00fdmi \u0161vy odol\u00e1 de\u0161ti po dlouh\u00e9 hodiny.\u2022 Vod\u011bodoln\u00fd, vysoce prody\u0161n\u00fd dvouvrstv\u00fd vrchn\u00ed materi\u00e1l\u2022 Mechanick\u00e1 pru\u017enost (bez elastanu)\u2022 Podlepen\u00e9 \u0161vy\u2022 Vodn\u00ed sloupec 20.000 mm\u2022 Propustnost vodn\u00edch par 20.000 g\/m2\/24 hod.\u2022 Izolace PrimaLoft\u00ae Silver\u2022 YKK\u00ae vod\u011bodoln\u00e9 zipy\u2022 N\u00e1prsn\u00ed kapsy a bo\u010dn\u00ed kapsy na zah\u0159\u00e1t\u00ed rukou\u2022 Kapuce s konstrukc\u00ed \u0161v\u016f, kter\u00e9 br\u00e1n\u00ed vytv\u00e1\u0159en\u00ed tepeln\u00fdch most\u016fSlo\u017een\u00ed materi\u00e1lu:Materi\u00e1l 1: 100% polyester \/ 100% polyuretan \/ CO DWR (cel\u00e9 t\u011blo)Materi\u00e1l 2: 100% polyamid \/ C6 DWR (hlavn\u00ed pod\u0161\u00edvka v\u010detn\u011b kapes)Materi\u00e1l 3: 92% polyester, 8% elastan \/ C6 DWR (vnit\u0159n\u00ed l\u00edmec)Materi\u00e1l 4: 100% polyesterov\u00e9 mikrovl\u00e1kno","og_url":"https:\/\/shopatoa.com\/cz\/unisex-kabat-swix-surmount-primaloft-13154\/","og_site_name":"SHOPATOA","article_modified_time":"2025-03-14T20:34:23+00:00","og_image":[{"width":440,"height":440,"url":"https:\/\/shopatoa.com\/cz\/wp-content\/uploads\/2025\/02\/16189_102.jpg","type":"image\/jpeg"}],"twitter_card":"summary_large_image","twitter_misc":{"Odhadovan\u00e1 doba \u010dten\u00ed":"1 minuta"},"schema":{"@context":"https:\/\/schema.org","@graph":[{"@type":"WebPage","@id":"https:\/\/shopatoa.com\/cz\/unisex-kabat-swix-surmount-primaloft-13154\/","url":"https:\/\/shopatoa.com\/cz\/unisex-kabat-swix-surmount-primaloft-13154\/","name":"Unisex kab\u00e1t Swix Surmount Primaloft 13154 | Shopatoa.com","isPartOf":{"@id":"https:\/\/shopatoa.com\/cz\/#website"},"primaryImageOfPage":{"@id":"https:\/\/shopatoa.com\/cz\/unisex-kabat-swix-surmount-primaloft-13154\/#primaryimage"},"image":{"@id":"https:\/\/shopatoa.com\/cz\/unisex-kabat-swix-surmount-primaloft-13154\/#primaryimage"},"thumbnailUrl":"https:\/\/shopatoa.com\/cz\/wp-content\/uploads\/2025\/02\/16189_102.jpg","datePublished":"2025-02-14T12:59:33+00:00","dateModified":"2025-03-14T20:34:23+00:00","description":"Kab\u00e1t Surmount PrimaLoft\u00ae je pr\u00e9miov\u00fd vrchn\u00ed outdoorov\u00fd od\u011bv navr\u017een\u00fd p\u0159esn\u011b tak, aby spolehliv\u011b obst\u00e1l v n\u00e1ro\u010dn\u00fdch podm\u00ednk\u00e1ch tuh\u00e9 seversk\u00e9 zimy. Dvojit\u00e1 vrstva PrimaLoft\u00ae d\u011bl\u00e1 z t\u00e9to bundy skute\u010dn\u011b h\u0159ejiv\u00fd model. PrimaLoft\u00ae poskytuje stejn\u00fd pom\u011br loftu a hmotnosti jako u kvalitn\u00edho prachov\u00e9ho pe\u0159\u00ed, ale na rozd\u00edl od n\u011bho u Primaloftu p\u0159irozen\u011b nevznikaj\u00ed tepeln\u00e9 mosty v m\u00edstech \u0161v\u016f a materi\u00e1l nenavlhne. Svou skv\u011blou funk\u010dnost\u00ed byl kab\u00e1t stvo\u0159en pro podp\u016frn\u00fd t\u00fdm zimn\u00edch sportovc\u016f, ale d\u00edky jeho stylov\u00e9mu designu se bezvadn\u011b hod\u00ed pro ka\u017edodenn\u00ed no\u0161en\u00ed po celou zimu, pro chv\u00edle volna nejen p\u0159i sportu. Ochrann\u00fd vrchn\u00ed materi\u00e1l s podlepen\u00fdmi \u0161vy odol\u00e1 de\u0161ti po dlouh\u00e9 hodiny.\u2022 Vod\u011bodoln\u00fd, vysoce prody\u0161n\u00fd dvouvrstv\u00fd vrchn\u00ed materi\u00e1l\u2022 Mechanick\u00e1 pru\u017enost (bez elastanu)\u2022 Podlepen\u00e9 \u0161vy\u2022 Vodn\u00ed sloupec 20.000 mm\u2022 Propustnost vodn\u00edch par 20.000 g\/m2\/24 hod.\u2022 Izolace PrimaLoft\u00ae Silver\u2022 YKK\u00ae vod\u011bodoln\u00e9 zipy\u2022 N\u00e1prsn\u00ed kapsy a bo\u010dn\u00ed kapsy na zah\u0159\u00e1t\u00ed rukou\u2022 Kapuce s konstrukc\u00ed \u0161v\u016f, kter\u00e9 br\u00e1n\u00ed vytv\u00e1\u0159en\u00ed tepeln\u00fdch most\u016fSlo\u017een\u00ed materi\u00e1lu:Materi\u00e1l 1: 100% polyester \/ 100% polyuretan \/ CO DWR (cel\u00e9 t\u011blo)Materi\u00e1l 2: 100% polyamid \/ C6 DWR (hlavn\u00ed pod\u0161\u00edvka v\u010detn\u011b kapes)Materi\u00e1l 3: 92% polyester, 8% elastan \/ C6 DWR (vnit\u0159n\u00ed l\u00edmec)Materi\u00e1l 4: 100% polyesterov\u00e9 mikrovl\u00e1kno","breadcrumb":{"@id":"https:\/\/shopatoa.com\/cz\/unisex-kabat-swix-surmount-primaloft-13154\/#breadcrumb"},"inLanguage":"cs","potentialAction":[{"@type":"ReadAction","target":["https:\/\/shopatoa.com\/cz\/unisex-kabat-swix-surmount-primaloft-13154\/"]}]},{"@type":"ImageObject","inLanguage":"cs","@id":"https:\/\/shopatoa.com\/cz\/unisex-kabat-swix-surmount-primaloft-13154\/#primaryimage","url":"https:\/\/shopatoa.com\/cz\/wp-content\/uploads\/2025\/02\/16189_102.jpg","contentUrl":"https:\/\/shopatoa.com\/cz\/wp-content\/uploads\/2025\/02\/16189_102.jpg","width":440,"height":440},{"@type":"BreadcrumbList","@id":"https:\/\/shopatoa.com\/cz\/unisex-kabat-swix-surmount-primaloft-13154\/#breadcrumb","itemListElement":[{"@type":"ListItem","position":1,"name":"Dom\u016f","item":"https:\/\/shopatoa.com\/cz\/"},{"@type":"ListItem","position":2,"name":"Produkty","item":"https:\/\/shopatoa.com\/cz\/shop\/"},{"@type":"ListItem","position":3,"name":"Sport","item":"https:\/\/shopatoa.com\/cz\/sport\/"},{"@type":"ListItem","position":4,"name":"Sportovn\u00ed oble\u010den\u00ed","item":"https:\/\/shopatoa.com\/cz\/sportovni-obleceni\/"},{"@type":"ListItem","position":5,"name":"Sportovn\u00ed bundy","item":"https:\/\/shopatoa.com\/cz\/sportovni-bundy\/"},{"@type":"ListItem","position":6,"name":"Unisex kab\u00e1t Swix Surmount Primaloft 13154"}]},{"@type":"WebSite","@id":"https:\/\/shopatoa.com\/cz\/#website","url":"https:\/\/shopatoa.com\/cz\/","name":"SHOPATOA","description":"","publisher":{"@id":"https:\/\/shopatoa.com\/cz\/#organization"},"potentialAction":[{"@type":"SearchAction","target":{"@type":"EntryPoint","urlTemplate":"https:\/\/shopatoa.com\/cz\/?s={search_term_string}"},"query-input":{"@type":"PropertyValueSpecification","valueRequired":true,"valueName":"search_term_string"}}],"inLanguage":"cs"},{"@type":"Organization","@id":"https:\/\/shopatoa.com\/cz\/#organization","name":"SHOPATOA Digital s.r.o.","url":"https:\/\/shopatoa.com\/cz\/","logo":{"@type":"ImageObject","inLanguage":"cs","@id":"https:\/\/shopatoa.com\/cz\/#\/schema\/logo\/image\/","url":"https:\/\/storage.googleapis.com\/cz-shopatoa-img\/cz\/ebccf434-shopatoa_logo.png","contentUrl":"https:\/\/storage.googleapis.com\/cz-shopatoa-img\/cz\/ebccf434-shopatoa_logo.png","width":416,"height":63,"caption":"SHOPATOA Digital s.r.o."},"image":{"@id":"https:\/\/shopatoa.com\/cz\/#\/schema\/logo\/image\/"}}]}},"_links":{"self":[{"href":"https:\/\/shopatoa.com\/cz\/wp-json\/wp\/v2\/product\/129200","targetHints":{"allow":["GET"]}}],"collection":[{"href":"https:\/\/shopatoa.com\/cz\/wp-json\/wp\/v2\/product"}],"about":[{"href":"https:\/\/shopatoa.com\/cz\/wp-json\/wp\/v2\/types\/product"}],"replies":[{"embeddable":true,"href":"https:\/\/shopatoa.com\/cz\/wp-json\/wp\/v2\/comments?post=129200"}],"wp:featuredmedia":[{"embeddable":true,"href":"https:\/\/shopatoa.com\/cz\/wp-json\/wp\/v2\/media\/129201"}],"wp:attachment":[{"href":"https:\/\/shopatoa.com\/cz\/wp-json\/wp\/v2\/media?parent=129200"}],"wp:term":[{"taxonomy":"product_brand","embeddable":true,"href":"https:\/\/shopatoa.com\/cz\/wp-json\/wp\/v2\/product_brand?post=129200"},{"taxonomy":"product_cat","embeddable":true,"href":"https:\/\/shopatoa.com\/cz\/wp-json\/wp\/v2\/product_cat?post=129200"},{"taxonomy":"product_tag","embeddable":true,"href":"https:\/\/shopatoa.com\/cz\/wp-json\/wp\/v2\/product_tag?post=129200"}],"curies":[{"name":"wp","href":"https:\/\/api.w.org\/{rel}","templated":true}]}}