{"id":129209,"date":"2025-02-14T13:59:33","date_gmt":"2025-02-14T12:59:33","guid":{"rendered":"https:\/\/shopatoa.com\/cz\/panske-kalhoty-swix-surmount-shell-bib-22471\/"},"modified":"2025-03-14T21:34:30","modified_gmt":"2025-03-14T20:34:30","slug":"panske-kalhoty-swix-surmount-shell-bib-22471","status":"publish","type":"product","link":"https:\/\/shopatoa.com\/cz\/panske-kalhoty-swix-surmount-shell-bib-22471\/","title":{"rendered":"P\u00e1nsk\u00e9 kalhoty Swix Surmount Shell Bib 22471"},"content":{"rendered":"<p>Surmount Shell Bib kalhoty byly navr\u017eeny pro aktivn\u00ed ly\u017ea\u0159e a skialpinisty. Hlavn\u00ed materi\u00e1l je v\u011btru i vod\u011b odoln\u00fd a z\u00e1rove\u0148 velmi prody\u0161n\u00fd, s p\u0159\u00edjemn\u00fdm podkladem, kter\u00fd zvy\u0161uje pohodl\u00ed p\u0159i no\u0161en\u00ed. Konstruk\u010dn\u00ed designov\u00e9 linie jsou um\u00edst\u011bny s ohledem na funk\u010dnost. Kalhoty jsou vybaven\u00e9 poklopcem se zipem a k\u0161andami, kter\u00e9 lze vp\u0159edu odepnout. Vsadka z pru\u017en\u00e9ho materi\u00e1lu v zadn\u00ed \u010d\u00e1sti pasu dod\u00e1v\u00e1 extra pohodl\u00ed a prody\u0161nost. \u010cty\u0159i kapsy se zipy zajist\u00ed, \u017ee budete m\u00edt sv\u00e9 v\u011bci st\u00e1le po ruce. Celorozep\u00ednac\u00ed zipy v bo\u010dn\u00edch \u0161vech pro snadn\u00e9 obl\u00e9k\u00e1n\u00ed a svl\u00e9k\u00e1n\u00ed, kter\u00e9 vyu\u017eijete i pro odv\u011btr\u00e1v\u00e1n\u00ed p\u0159ebyte\u010dn\u00e9ho tepla. V\u00fdztu\u017ee na spodn\u00edm okraji nohavic chr\u00e1n\u00ed p\u0159ed ostr\u00fdmi hranami ly\u017e\u00ed i kameny. Vnit\u0159n\u00ed n\u00e1vleky jsou vyroben\u00e9 z 4-sm\u011brn\u011b stre\u010dov\u00e9ho materi\u00e1lu. Obvod nohavice snadno nastav\u00edte podle typu va\u0161ich bot pomoc\u00ed p\u00e1sku se such\u00fdm zipem.\u2022 Vodn\u00ed sloupec: 10.000 mm\u2022 Prody\u0161nost 25.000 g\/m2\/24 hod.\u2022 Technick\u00fd st\u0159ih a detaily pro optim\u00e1ln\u00ed pohyblivost a funk\u010dnost\u2022 YKK\u00ae vod\u011bodoln\u00e9 zipy\u2022 Kapsa s mo\u017enost\u00ed zv\u011bt\u0161en\u00ed s h\u00e1\u010dkem na p\u0159ipevn\u011bn\u00ed lavinov\u00e9 sondyMateri\u00e1l: 100% polyester s TPE membr\u00e1nou \/ 100% polyester 20D podklad<\/p>\n","protected":false},"excerpt":{"rendered":"<p>Surmount Shell Bib kalhoty byly navr\u017eeny pro aktivn\u00ed ly\u017ea\u0159e a skialpinisty. Hlavn\u00ed materi\u00e1l je v\u011btru i vod\u011b odoln\u00fd a z\u00e1rove\u0148 velmi prody\u0161n\u00fd, s p\u0159\u00edjemn\u00fdm podkladem, kter\u00fd zvy\u0161uje pohodl\u00ed p\u0159i no\u0161en\u00ed. Konstruk\u010dn\u00ed designov\u00e9 linie jsou um\u00edst\u011bny s ohledem na funk\u010dnost. Kalhoty jsou vybaven\u00e9 poklopcem se zipem a k\u0161andami, kter\u00e9 lze vp\u0159edu odepnout. Vsadka z pru\u017en\u00e9ho materi\u00e1lu&#8230;<\/p>\n","protected":false},"featured_media":129210,"comment_status":"closed","ping_status":"open","template":"","meta":{"_acf_changed":false,"_kadence_starter_templates_imported_post":false,"_kad_post_transparent":"","_kad_post_title":"","_kad_post_layout":"","_kad_post_sidebar_id":"","_kad_post_content_style":"","_kad_post_vertical_padding":"","_kad_post_feature":"","_kad_post_feature_position":"","_kad_post_header":false,"_kad_post_footer":false,"_kad_post_classname":""},"product_brand":[],"product_cat":[48,53,49],"product_tag":[],"class_list":{"0":"post-129209","1":"product","2":"type-product","3":"status-publish","4":"has-post-thumbnail","6":"product_cat-sport","7":"product_cat-sportovni-kalhoty","8":"product_cat-sportovni-obleceni","9":"pa_obchod-swix-cz","10":"pa_pohlavi-muz","12":"first","13":"instock","14":"sale","15":"product-type-external","16":"entry","17":"content-bg","18":"loop-entry"},"acf":[],"yoast_head":"<!-- This site is optimized with the Yoast SEO plugin v27.4 - https:\/\/yoast.com\/product\/yoast-seo-wordpress\/ -->\n<title>P\u00e1nsk\u00e9 kalhoty Swix Surmount Shell Bib 22471 | Shopatoa.com<\/title>\n<meta name=\"description\" content=\"Surmount Shell Bib kalhoty byly navr\u017eeny pro aktivn\u00ed ly\u017ea\u0159e a skialpinisty. Hlavn\u00ed materi\u00e1l je v\u011btru i vod\u011b odoln\u00fd a z\u00e1rove\u0148 velmi prody\u0161n\u00fd, s p\u0159\u00edjemn\u00fdm podkladem, kter\u00fd zvy\u0161uje pohodl\u00ed p\u0159i no\u0161en\u00ed. Konstruk\u010dn\u00ed designov\u00e9 linie jsou um\u00edst\u011bny s ohledem na funk\u010dnost. Kalhoty jsou vybaven\u00e9 poklopcem se zipem a k\u0161andami, kter\u00e9 lze vp\u0159edu odepnout. Vsadka z pru\u017en\u00e9ho materi\u00e1lu v zadn\u00ed \u010d\u00e1sti pasu dod\u00e1v\u00e1 extra pohodl\u00ed a prody\u0161nost. \u010cty\u0159i kapsy se zipy zajist\u00ed, \u017ee budete m\u00edt sv\u00e9 v\u011bci st\u00e1le po ruce. Celorozep\u00ednac\u00ed zipy v bo\u010dn\u00edch \u0161vech pro snadn\u00e9 obl\u00e9k\u00e1n\u00ed a svl\u00e9k\u00e1n\u00ed, kter\u00e9 vyu\u017eijete i pro odv\u011btr\u00e1v\u00e1n\u00ed p\u0159ebyte\u010dn\u00e9ho tepla. V\u00fdztu\u017ee na spodn\u00edm okraji nohavic chr\u00e1n\u00ed p\u0159ed ostr\u00fdmi hranami ly\u017e\u00ed i kameny. Vnit\u0159n\u00ed n\u00e1vleky jsou vyroben\u00e9 z 4-sm\u011brn\u011b stre\u010dov\u00e9ho materi\u00e1lu. Obvod nohavice snadno nastav\u00edte podle typu va\u0161ich bot pomoc\u00ed p\u00e1sku se such\u00fdm zipem.\u2022 Vodn\u00ed sloupec: 10.000 mm\u2022 Prody\u0161nost 25.000 g\/m2\/24 hod.\u2022 Technick\u00fd st\u0159ih a detaily pro optim\u00e1ln\u00ed pohyblivost a funk\u010dnost\u2022 YKK\u00ae vod\u011bodoln\u00e9 zipy\u2022 Kapsa s mo\u017enost\u00ed zv\u011bt\u0161en\u00ed s h\u00e1\u010dkem na p\u0159ipevn\u011bn\u00ed lavinov\u00e9 sondyMateri\u00e1l: 100% polyester s TPE membr\u00e1nou \/ 100% polyester 20D podklad\" \/>\n<meta name=\"robots\" content=\"index, follow, max-snippet:-1, max-image-preview:large, max-video-preview:-1\" \/>\n<link rel=\"canonical\" href=\"https:\/\/shopatoa.com\/cz\/panske-kalhoty-swix-surmount-shell-bib-22471\/\" \/>\n<meta property=\"og:locale\" content=\"cs_CZ\" \/>\n<meta property=\"og:type\" content=\"article\" \/>\n<meta property=\"og:title\" content=\"P\u00e1nsk\u00e9 kalhoty Swix Surmount Shell Bib 22471 | Shopatoa.com\" \/>\n<meta property=\"og:description\" content=\"Surmount Shell Bib kalhoty byly navr\u017eeny pro aktivn\u00ed ly\u017ea\u0159e a skialpinisty. Hlavn\u00ed materi\u00e1l je v\u011btru i vod\u011b odoln\u00fd a z\u00e1rove\u0148 velmi prody\u0161n\u00fd, s p\u0159\u00edjemn\u00fdm podkladem, kter\u00fd zvy\u0161uje pohodl\u00ed p\u0159i no\u0161en\u00ed. Konstruk\u010dn\u00ed designov\u00e9 linie jsou um\u00edst\u011bny s ohledem na funk\u010dnost. Kalhoty jsou vybaven\u00e9 poklopcem se zipem a k\u0161andami, kter\u00e9 lze vp\u0159edu odepnout. Vsadka z pru\u017en\u00e9ho materi\u00e1lu v zadn\u00ed \u010d\u00e1sti pasu dod\u00e1v\u00e1 extra pohodl\u00ed a prody\u0161nost. \u010cty\u0159i kapsy se zipy zajist\u00ed, \u017ee budete m\u00edt sv\u00e9 v\u011bci st\u00e1le po ruce. Celorozep\u00ednac\u00ed zipy v bo\u010dn\u00edch \u0161vech pro snadn\u00e9 obl\u00e9k\u00e1n\u00ed a svl\u00e9k\u00e1n\u00ed, kter\u00e9 vyu\u017eijete i pro odv\u011btr\u00e1v\u00e1n\u00ed p\u0159ebyte\u010dn\u00e9ho tepla. V\u00fdztu\u017ee na spodn\u00edm okraji nohavic chr\u00e1n\u00ed p\u0159ed ostr\u00fdmi hranami ly\u017e\u00ed i kameny. Vnit\u0159n\u00ed n\u00e1vleky jsou vyroben\u00e9 z 4-sm\u011brn\u011b stre\u010dov\u00e9ho materi\u00e1lu. Obvod nohavice snadno nastav\u00edte podle typu va\u0161ich bot pomoc\u00ed p\u00e1sku se such\u00fdm zipem.\u2022 Vodn\u00ed sloupec: 10.000 mm\u2022 Prody\u0161nost 25.000 g\/m2\/24 hod.\u2022 Technick\u00fd st\u0159ih a detaily pro optim\u00e1ln\u00ed pohyblivost a funk\u010dnost\u2022 YKK\u00ae vod\u011bodoln\u00e9 zipy\u2022 Kapsa s mo\u017enost\u00ed zv\u011bt\u0161en\u00ed s h\u00e1\u010dkem na p\u0159ipevn\u011bn\u00ed lavinov\u00e9 sondyMateri\u00e1l: 100% polyester s TPE membr\u00e1nou \/ 100% polyester 20D podklad\" \/>\n<meta property=\"og:url\" content=\"https:\/\/shopatoa.com\/cz\/panske-kalhoty-swix-surmount-shell-bib-22471\/\" \/>\n<meta property=\"og:site_name\" content=\"SHOPATOA\" \/>\n<meta property=\"article:modified_time\" content=\"2025-03-14T20:34:30+00:00\" \/>\n<meta property=\"og:image\" content=\"https:\/\/shopatoa.com\/cz\/wp-content\/uploads\/2025\/02\/14911_102.jpg\" \/>\n\t<meta property=\"og:image:width\" content=\"440\" \/>\n\t<meta property=\"og:image:height\" content=\"440\" \/>\n\t<meta property=\"og:image:type\" content=\"image\/jpeg\" \/>\n<meta name=\"twitter:card\" content=\"summary_large_image\" \/>\n<meta name=\"twitter:label1\" content=\"Odhadovan\u00e1 doba \u010dten\u00ed\" \/>\n\t<meta name=\"twitter:data1\" content=\"1 minuta\" \/>\n<script type=\"application\/ld+json\" class=\"yoast-schema-graph\">{\"@context\":\"https:\\\/\\\/schema.org\",\"@graph\":[{\"@type\":\"WebPage\",\"@id\":\"https:\\\/\\\/shopatoa.com\\\/cz\\\/panske-kalhoty-swix-surmount-shell-bib-22471\\\/\",\"url\":\"https:\\\/\\\/shopatoa.com\\\/cz\\\/panske-kalhoty-swix-surmount-shell-bib-22471\\\/\",\"name\":\"P\u00e1nsk\u00e9 kalhoty Swix Surmount Shell Bib 22471 | Shopatoa.com\",\"isPartOf\":{\"@id\":\"https:\\\/\\\/shopatoa.com\\\/cz\\\/#website\"},\"primaryImageOfPage\":{\"@id\":\"https:\\\/\\\/shopatoa.com\\\/cz\\\/panske-kalhoty-swix-surmount-shell-bib-22471\\\/#primaryimage\"},\"image\":{\"@id\":\"https:\\\/\\\/shopatoa.com\\\/cz\\\/panske-kalhoty-swix-surmount-shell-bib-22471\\\/#primaryimage\"},\"thumbnailUrl\":\"https:\\\/\\\/shopatoa.com\\\/cz\\\/wp-content\\\/uploads\\\/2025\\\/02\\\/14911_102.jpg\",\"datePublished\":\"2025-02-14T12:59:33+00:00\",\"dateModified\":\"2025-03-14T20:34:30+00:00\",\"description\":\"Surmount Shell Bib kalhoty byly navr\u017eeny pro aktivn\u00ed ly\u017ea\u0159e a skialpinisty. Hlavn\u00ed materi\u00e1l je v\u011btru i vod\u011b odoln\u00fd a z\u00e1rove\u0148 velmi prody\u0161n\u00fd, s p\u0159\u00edjemn\u00fdm podkladem, kter\u00fd zvy\u0161uje pohodl\u00ed p\u0159i no\u0161en\u00ed. Konstruk\u010dn\u00ed designov\u00e9 linie jsou um\u00edst\u011bny s ohledem na funk\u010dnost. Kalhoty jsou vybaven\u00e9 poklopcem se zipem a k\u0161andami, kter\u00e9 lze vp\u0159edu odepnout. Vsadka z pru\u017en\u00e9ho materi\u00e1lu v zadn\u00ed \u010d\u00e1sti pasu dod\u00e1v\u00e1 extra pohodl\u00ed a prody\u0161nost. \u010cty\u0159i kapsy se zipy zajist\u00ed, \u017ee budete m\u00edt sv\u00e9 v\u011bci st\u00e1le po ruce. Celorozep\u00ednac\u00ed zipy v bo\u010dn\u00edch \u0161vech pro snadn\u00e9 obl\u00e9k\u00e1n\u00ed a svl\u00e9k\u00e1n\u00ed, kter\u00e9 vyu\u017eijete i pro odv\u011btr\u00e1v\u00e1n\u00ed p\u0159ebyte\u010dn\u00e9ho tepla. V\u00fdztu\u017ee na spodn\u00edm okraji nohavic chr\u00e1n\u00ed p\u0159ed ostr\u00fdmi hranami ly\u017e\u00ed i kameny. Vnit\u0159n\u00ed n\u00e1vleky jsou vyroben\u00e9 z 4-sm\u011brn\u011b stre\u010dov\u00e9ho materi\u00e1lu. Obvod nohavice snadno nastav\u00edte podle typu va\u0161ich bot pomoc\u00ed p\u00e1sku se such\u00fdm zipem.\u2022 Vodn\u00ed sloupec: 10.000 mm\u2022 Prody\u0161nost 25.000 g\\\/m2\\\/24 hod.\u2022 Technick\u00fd st\u0159ih a detaily pro optim\u00e1ln\u00ed pohyblivost a funk\u010dnost\u2022 YKK\u00ae vod\u011bodoln\u00e9 zipy\u2022 Kapsa s mo\u017enost\u00ed zv\u011bt\u0161en\u00ed s h\u00e1\u010dkem na p\u0159ipevn\u011bn\u00ed lavinov\u00e9 sondyMateri\u00e1l: 100% polyester s TPE membr\u00e1nou \\\/ 100% polyester 20D podklad\",\"breadcrumb\":{\"@id\":\"https:\\\/\\\/shopatoa.com\\\/cz\\\/panske-kalhoty-swix-surmount-shell-bib-22471\\\/#breadcrumb\"},\"inLanguage\":\"cs\",\"potentialAction\":[{\"@type\":\"ReadAction\",\"target\":[\"https:\\\/\\\/shopatoa.com\\\/cz\\\/panske-kalhoty-swix-surmount-shell-bib-22471\\\/\"]}]},{\"@type\":\"ImageObject\",\"inLanguage\":\"cs\",\"@id\":\"https:\\\/\\\/shopatoa.com\\\/cz\\\/panske-kalhoty-swix-surmount-shell-bib-22471\\\/#primaryimage\",\"url\":\"https:\\\/\\\/shopatoa.com\\\/cz\\\/wp-content\\\/uploads\\\/2025\\\/02\\\/14911_102.jpg\",\"contentUrl\":\"https:\\\/\\\/shopatoa.com\\\/cz\\\/wp-content\\\/uploads\\\/2025\\\/02\\\/14911_102.jpg\",\"width\":440,\"height\":440},{\"@type\":\"BreadcrumbList\",\"@id\":\"https:\\\/\\\/shopatoa.com\\\/cz\\\/panske-kalhoty-swix-surmount-shell-bib-22471\\\/#breadcrumb\",\"itemListElement\":[{\"@type\":\"ListItem\",\"position\":1,\"name\":\"Dom\u016f\",\"item\":\"https:\\\/\\\/shopatoa.com\\\/cz\\\/\"},{\"@type\":\"ListItem\",\"position\":2,\"name\":\"Produkty\",\"item\":\"https:\\\/\\\/shopatoa.com\\\/cz\\\/shop\\\/\"},{\"@type\":\"ListItem\",\"position\":3,\"name\":\"Sport\",\"item\":\"https:\\\/\\\/shopatoa.com\\\/cz\\\/sport\\\/\"},{\"@type\":\"ListItem\",\"position\":4,\"name\":\"Sportovn\u00ed oble\u010den\u00ed\",\"item\":\"https:\\\/\\\/shopatoa.com\\\/cz\\\/sportovni-obleceni\\\/\"},{\"@type\":\"ListItem\",\"position\":5,\"name\":\"Sportovn\u00ed kalhoty\",\"item\":\"https:\\\/\\\/shopatoa.com\\\/cz\\\/sportovni-kalhoty\\\/\"},{\"@type\":\"ListItem\",\"position\":6,\"name\":\"P\u00e1nsk\u00e9 kalhoty Swix Surmount Shell Bib 22471\"}]},{\"@type\":\"WebSite\",\"@id\":\"https:\\\/\\\/shopatoa.com\\\/cz\\\/#website\",\"url\":\"https:\\\/\\\/shopatoa.com\\\/cz\\\/\",\"name\":\"SHOPATOA\",\"description\":\"\",\"publisher\":{\"@id\":\"https:\\\/\\\/shopatoa.com\\\/cz\\\/#organization\"},\"potentialAction\":[{\"@type\":\"SearchAction\",\"target\":{\"@type\":\"EntryPoint\",\"urlTemplate\":\"https:\\\/\\\/shopatoa.com\\\/cz\\\/?s={search_term_string}\"},\"query-input\":{\"@type\":\"PropertyValueSpecification\",\"valueRequired\":true,\"valueName\":\"search_term_string\"}}],\"inLanguage\":\"cs\"},{\"@type\":\"Organization\",\"@id\":\"https:\\\/\\\/shopatoa.com\\\/cz\\\/#organization\",\"name\":\"SHOPATOA Digital s.r.o.\",\"url\":\"https:\\\/\\\/shopatoa.com\\\/cz\\\/\",\"logo\":{\"@type\":\"ImageObject\",\"inLanguage\":\"cs\",\"@id\":\"https:\\\/\\\/shopatoa.com\\\/cz\\\/#\\\/schema\\\/logo\\\/image\\\/\",\"url\":\"https:\\\/\\\/storage.googleapis.com\\\/cz-shopatoa-img\\\/cz\\\/ebccf434-shopatoa_logo.png\",\"contentUrl\":\"https:\\\/\\\/storage.googleapis.com\\\/cz-shopatoa-img\\\/cz\\\/ebccf434-shopatoa_logo.png\",\"width\":416,\"height\":63,\"caption\":\"SHOPATOA Digital s.r.o.\"},\"image\":{\"@id\":\"https:\\\/\\\/shopatoa.com\\\/cz\\\/#\\\/schema\\\/logo\\\/image\\\/\"}}]}<\/script>\n<!-- \/ Yoast SEO plugin. -->","yoast_head_json":{"title":"P\u00e1nsk\u00e9 kalhoty Swix Surmount Shell Bib 22471 | Shopatoa.com","description":"Surmount Shell Bib kalhoty byly navr\u017eeny pro aktivn\u00ed ly\u017ea\u0159e a skialpinisty. Hlavn\u00ed materi\u00e1l je v\u011btru i vod\u011b odoln\u00fd a z\u00e1rove\u0148 velmi prody\u0161n\u00fd, s p\u0159\u00edjemn\u00fdm podkladem, kter\u00fd zvy\u0161uje pohodl\u00ed p\u0159i no\u0161en\u00ed. Konstruk\u010dn\u00ed designov\u00e9 linie jsou um\u00edst\u011bny s ohledem na funk\u010dnost. Kalhoty jsou vybaven\u00e9 poklopcem se zipem a k\u0161andami, kter\u00e9 lze vp\u0159edu odepnout. Vsadka z pru\u017en\u00e9ho materi\u00e1lu v zadn\u00ed \u010d\u00e1sti pasu dod\u00e1v\u00e1 extra pohodl\u00ed a prody\u0161nost. \u010cty\u0159i kapsy se zipy zajist\u00ed, \u017ee budete m\u00edt sv\u00e9 v\u011bci st\u00e1le po ruce. Celorozep\u00ednac\u00ed zipy v bo\u010dn\u00edch \u0161vech pro snadn\u00e9 obl\u00e9k\u00e1n\u00ed a svl\u00e9k\u00e1n\u00ed, kter\u00e9 vyu\u017eijete i pro odv\u011btr\u00e1v\u00e1n\u00ed p\u0159ebyte\u010dn\u00e9ho tepla. V\u00fdztu\u017ee na spodn\u00edm okraji nohavic chr\u00e1n\u00ed p\u0159ed ostr\u00fdmi hranami ly\u017e\u00ed i kameny. Vnit\u0159n\u00ed n\u00e1vleky jsou vyroben\u00e9 z 4-sm\u011brn\u011b stre\u010dov\u00e9ho materi\u00e1lu. Obvod nohavice snadno nastav\u00edte podle typu va\u0161ich bot pomoc\u00ed p\u00e1sku se such\u00fdm zipem.\u2022 Vodn\u00ed sloupec: 10.000 mm\u2022 Prody\u0161nost 25.000 g\/m2\/24 hod.\u2022 Technick\u00fd st\u0159ih a detaily pro optim\u00e1ln\u00ed pohyblivost a funk\u010dnost\u2022 YKK\u00ae vod\u011bodoln\u00e9 zipy\u2022 Kapsa s mo\u017enost\u00ed zv\u011bt\u0161en\u00ed s h\u00e1\u010dkem na p\u0159ipevn\u011bn\u00ed lavinov\u00e9 sondyMateri\u00e1l: 100% polyester s TPE membr\u00e1nou \/ 100% polyester 20D podklad","robots":{"index":"index","follow":"follow","max-snippet":"max-snippet:-1","max-image-preview":"max-image-preview:large","max-video-preview":"max-video-preview:-1"},"canonical":"https:\/\/shopatoa.com\/cz\/panske-kalhoty-swix-surmount-shell-bib-22471\/","og_locale":"cs_CZ","og_type":"article","og_title":"P\u00e1nsk\u00e9 kalhoty Swix Surmount Shell Bib 22471 | Shopatoa.com","og_description":"Surmount Shell Bib kalhoty byly navr\u017eeny pro aktivn\u00ed ly\u017ea\u0159e a skialpinisty. Hlavn\u00ed materi\u00e1l je v\u011btru i vod\u011b odoln\u00fd a z\u00e1rove\u0148 velmi prody\u0161n\u00fd, s p\u0159\u00edjemn\u00fdm podkladem, kter\u00fd zvy\u0161uje pohodl\u00ed p\u0159i no\u0161en\u00ed. Konstruk\u010dn\u00ed designov\u00e9 linie jsou um\u00edst\u011bny s ohledem na funk\u010dnost. Kalhoty jsou vybaven\u00e9 poklopcem se zipem a k\u0161andami, kter\u00e9 lze vp\u0159edu odepnout. Vsadka z pru\u017en\u00e9ho materi\u00e1lu v zadn\u00ed \u010d\u00e1sti pasu dod\u00e1v\u00e1 extra pohodl\u00ed a prody\u0161nost. \u010cty\u0159i kapsy se zipy zajist\u00ed, \u017ee budete m\u00edt sv\u00e9 v\u011bci st\u00e1le po ruce. Celorozep\u00ednac\u00ed zipy v bo\u010dn\u00edch \u0161vech pro snadn\u00e9 obl\u00e9k\u00e1n\u00ed a svl\u00e9k\u00e1n\u00ed, kter\u00e9 vyu\u017eijete i pro odv\u011btr\u00e1v\u00e1n\u00ed p\u0159ebyte\u010dn\u00e9ho tepla. V\u00fdztu\u017ee na spodn\u00edm okraji nohavic chr\u00e1n\u00ed p\u0159ed ostr\u00fdmi hranami ly\u017e\u00ed i kameny. Vnit\u0159n\u00ed n\u00e1vleky jsou vyroben\u00e9 z 4-sm\u011brn\u011b stre\u010dov\u00e9ho materi\u00e1lu. Obvod nohavice snadno nastav\u00edte podle typu va\u0161ich bot pomoc\u00ed p\u00e1sku se such\u00fdm zipem.\u2022 Vodn\u00ed sloupec: 10.000 mm\u2022 Prody\u0161nost 25.000 g\/m2\/24 hod.\u2022 Technick\u00fd st\u0159ih a detaily pro optim\u00e1ln\u00ed pohyblivost a funk\u010dnost\u2022 YKK\u00ae vod\u011bodoln\u00e9 zipy\u2022 Kapsa s mo\u017enost\u00ed zv\u011bt\u0161en\u00ed s h\u00e1\u010dkem na p\u0159ipevn\u011bn\u00ed lavinov\u00e9 sondyMateri\u00e1l: 100% polyester s TPE membr\u00e1nou \/ 100% polyester 20D podklad","og_url":"https:\/\/shopatoa.com\/cz\/panske-kalhoty-swix-surmount-shell-bib-22471\/","og_site_name":"SHOPATOA","article_modified_time":"2025-03-14T20:34:30+00:00","og_image":[{"width":440,"height":440,"url":"https:\/\/shopatoa.com\/cz\/wp-content\/uploads\/2025\/02\/14911_102.jpg","type":"image\/jpeg"}],"twitter_card":"summary_large_image","twitter_misc":{"Odhadovan\u00e1 doba \u010dten\u00ed":"1 minuta"},"schema":{"@context":"https:\/\/schema.org","@graph":[{"@type":"WebPage","@id":"https:\/\/shopatoa.com\/cz\/panske-kalhoty-swix-surmount-shell-bib-22471\/","url":"https:\/\/shopatoa.com\/cz\/panske-kalhoty-swix-surmount-shell-bib-22471\/","name":"P\u00e1nsk\u00e9 kalhoty Swix Surmount Shell Bib 22471 | Shopatoa.com","isPartOf":{"@id":"https:\/\/shopatoa.com\/cz\/#website"},"primaryImageOfPage":{"@id":"https:\/\/shopatoa.com\/cz\/panske-kalhoty-swix-surmount-shell-bib-22471\/#primaryimage"},"image":{"@id":"https:\/\/shopatoa.com\/cz\/panske-kalhoty-swix-surmount-shell-bib-22471\/#primaryimage"},"thumbnailUrl":"https:\/\/shopatoa.com\/cz\/wp-content\/uploads\/2025\/02\/14911_102.jpg","datePublished":"2025-02-14T12:59:33+00:00","dateModified":"2025-03-14T20:34:30+00:00","description":"Surmount Shell Bib kalhoty byly navr\u017eeny pro aktivn\u00ed ly\u017ea\u0159e a skialpinisty. Hlavn\u00ed materi\u00e1l je v\u011btru i vod\u011b odoln\u00fd a z\u00e1rove\u0148 velmi prody\u0161n\u00fd, s p\u0159\u00edjemn\u00fdm podkladem, kter\u00fd zvy\u0161uje pohodl\u00ed p\u0159i no\u0161en\u00ed. Konstruk\u010dn\u00ed designov\u00e9 linie jsou um\u00edst\u011bny s ohledem na funk\u010dnost. Kalhoty jsou vybaven\u00e9 poklopcem se zipem a k\u0161andami, kter\u00e9 lze vp\u0159edu odepnout. Vsadka z pru\u017en\u00e9ho materi\u00e1lu v zadn\u00ed \u010d\u00e1sti pasu dod\u00e1v\u00e1 extra pohodl\u00ed a prody\u0161nost. \u010cty\u0159i kapsy se zipy zajist\u00ed, \u017ee budete m\u00edt sv\u00e9 v\u011bci st\u00e1le po ruce. Celorozep\u00ednac\u00ed zipy v bo\u010dn\u00edch \u0161vech pro snadn\u00e9 obl\u00e9k\u00e1n\u00ed a svl\u00e9k\u00e1n\u00ed, kter\u00e9 vyu\u017eijete i pro odv\u011btr\u00e1v\u00e1n\u00ed p\u0159ebyte\u010dn\u00e9ho tepla. V\u00fdztu\u017ee na spodn\u00edm okraji nohavic chr\u00e1n\u00ed p\u0159ed ostr\u00fdmi hranami ly\u017e\u00ed i kameny. Vnit\u0159n\u00ed n\u00e1vleky jsou vyroben\u00e9 z 4-sm\u011brn\u011b stre\u010dov\u00e9ho materi\u00e1lu. Obvod nohavice snadno nastav\u00edte podle typu va\u0161ich bot pomoc\u00ed p\u00e1sku se such\u00fdm zipem.\u2022 Vodn\u00ed sloupec: 10.000 mm\u2022 Prody\u0161nost 25.000 g\/m2\/24 hod.\u2022 Technick\u00fd st\u0159ih a detaily pro optim\u00e1ln\u00ed pohyblivost a funk\u010dnost\u2022 YKK\u00ae vod\u011bodoln\u00e9 zipy\u2022 Kapsa s mo\u017enost\u00ed zv\u011bt\u0161en\u00ed s h\u00e1\u010dkem na p\u0159ipevn\u011bn\u00ed lavinov\u00e9 sondyMateri\u00e1l: 100% polyester s TPE membr\u00e1nou \/ 100% polyester 20D podklad","breadcrumb":{"@id":"https:\/\/shopatoa.com\/cz\/panske-kalhoty-swix-surmount-shell-bib-22471\/#breadcrumb"},"inLanguage":"cs","potentialAction":[{"@type":"ReadAction","target":["https:\/\/shopatoa.com\/cz\/panske-kalhoty-swix-surmount-shell-bib-22471\/"]}]},{"@type":"ImageObject","inLanguage":"cs","@id":"https:\/\/shopatoa.com\/cz\/panske-kalhoty-swix-surmount-shell-bib-22471\/#primaryimage","url":"https:\/\/shopatoa.com\/cz\/wp-content\/uploads\/2025\/02\/14911_102.jpg","contentUrl":"https:\/\/shopatoa.com\/cz\/wp-content\/uploads\/2025\/02\/14911_102.jpg","width":440,"height":440},{"@type":"BreadcrumbList","@id":"https:\/\/shopatoa.com\/cz\/panske-kalhoty-swix-surmount-shell-bib-22471\/#breadcrumb","itemListElement":[{"@type":"ListItem","position":1,"name":"Dom\u016f","item":"https:\/\/shopatoa.com\/cz\/"},{"@type":"ListItem","position":2,"name":"Produkty","item":"https:\/\/shopatoa.com\/cz\/shop\/"},{"@type":"ListItem","position":3,"name":"Sport","item":"https:\/\/shopatoa.com\/cz\/sport\/"},{"@type":"ListItem","position":4,"name":"Sportovn\u00ed oble\u010den\u00ed","item":"https:\/\/shopatoa.com\/cz\/sportovni-obleceni\/"},{"@type":"ListItem","position":5,"name":"Sportovn\u00ed kalhoty","item":"https:\/\/shopatoa.com\/cz\/sportovni-kalhoty\/"},{"@type":"ListItem","position":6,"name":"P\u00e1nsk\u00e9 kalhoty Swix Surmount Shell Bib 22471"}]},{"@type":"WebSite","@id":"https:\/\/shopatoa.com\/cz\/#website","url":"https:\/\/shopatoa.com\/cz\/","name":"SHOPATOA","description":"","publisher":{"@id":"https:\/\/shopatoa.com\/cz\/#organization"},"potentialAction":[{"@type":"SearchAction","target":{"@type":"EntryPoint","urlTemplate":"https:\/\/shopatoa.com\/cz\/?s={search_term_string}"},"query-input":{"@type":"PropertyValueSpecification","valueRequired":true,"valueName":"search_term_string"}}],"inLanguage":"cs"},{"@type":"Organization","@id":"https:\/\/shopatoa.com\/cz\/#organization","name":"SHOPATOA Digital s.r.o.","url":"https:\/\/shopatoa.com\/cz\/","logo":{"@type":"ImageObject","inLanguage":"cs","@id":"https:\/\/shopatoa.com\/cz\/#\/schema\/logo\/image\/","url":"https:\/\/storage.googleapis.com\/cz-shopatoa-img\/cz\/ebccf434-shopatoa_logo.png","contentUrl":"https:\/\/storage.googleapis.com\/cz-shopatoa-img\/cz\/ebccf434-shopatoa_logo.png","width":416,"height":63,"caption":"SHOPATOA Digital s.r.o."},"image":{"@id":"https:\/\/shopatoa.com\/cz\/#\/schema\/logo\/image\/"}}]}},"_links":{"self":[{"href":"https:\/\/shopatoa.com\/cz\/wp-json\/wp\/v2\/product\/129209","targetHints":{"allow":["GET"]}}],"collection":[{"href":"https:\/\/shopatoa.com\/cz\/wp-json\/wp\/v2\/product"}],"about":[{"href":"https:\/\/shopatoa.com\/cz\/wp-json\/wp\/v2\/types\/product"}],"replies":[{"embeddable":true,"href":"https:\/\/shopatoa.com\/cz\/wp-json\/wp\/v2\/comments?post=129209"}],"wp:featuredmedia":[{"embeddable":true,"href":"https:\/\/shopatoa.com\/cz\/wp-json\/wp\/v2\/media\/129210"}],"wp:attachment":[{"href":"https:\/\/shopatoa.com\/cz\/wp-json\/wp\/v2\/media?parent=129209"}],"wp:term":[{"taxonomy":"product_brand","embeddable":true,"href":"https:\/\/shopatoa.com\/cz\/wp-json\/wp\/v2\/product_brand?post=129209"},{"taxonomy":"product_cat","embeddable":true,"href":"https:\/\/shopatoa.com\/cz\/wp-json\/wp\/v2\/product_cat?post=129209"},{"taxonomy":"product_tag","embeddable":true,"href":"https:\/\/shopatoa.com\/cz\/wp-json\/wp\/v2\/product_tag?post=129209"}],"curies":[{"name":"wp","href":"https:\/\/api.w.org\/{rel}","templated":true}]}}