{"id":129218,"date":"2025-02-14T13:59:33","date_gmt":"2025-02-14T12:59:33","guid":{"rendered":"https:\/\/shopatoa.com\/cz\/panska-bunda-swix-surmount-shell-12051\/"},"modified":"2025-03-14T21:34:37","modified_gmt":"2025-03-14T20:34:37","slug":"panska-bunda-swix-surmount-shell-12051","status":"publish","type":"product","link":"https:\/\/shopatoa.com\/cz\/panska-bunda-swix-surmount-shell-12051\/","title":{"rendered":"P\u00e1nsk\u00e1 bunda Swix Surmount Shell 12051"},"content":{"rendered":"<p>Bunda Surmount Shell byla navr\u017eena pro aktivn\u00ed ly\u017ea\u0159e a skialpinisty. Hlavn\u00ed materi\u00e1l je v\u011btru i vod\u011b odoln\u00fd a z\u00e1rove\u0148 velmi prody\u0161n\u00fd, s p\u0159\u00edjemn\u00fdm podkladem, kter\u00fd zvy\u0161uje pohodl\u00ed p\u0159i no\u0161en\u00ed. Tato bunda je pln\u011b podlepen\u00e1 a m\u00e1 technick\u00fd st\u0159ih, kter\u00fd zaji\u0161\u0165uje skv\u011blou pohyblivost. Konstruk\u010dn\u00ed designov\u00e9 linie jsou um\u00edst\u011bny s ohledem na funk\u010dnost, proto m\u00e1 bunda snadn\u00fd p\u0159\u00edstup do n\u00e1prsn\u00edch kapes na zip a odv\u011btr\u00e1n\u00ed pod ruk\u00e1vy vhodn\u00e9 p\u0159i no\u0161en\u00ed batohu na z\u00e1dech. Kapuce s jednoru\u010dn\u00edm nastaven\u00edm je ur\u010dena pro lezeckou \u010di skialpinistickou helmu, stahov\u00e1n\u00ed ruk\u00e1v\u016f se such\u00fdm zipem pro nastaven\u00ed podle aktu\u00e1ln\u00ed pot\u0159eby.\u2022 Vodn\u00ed sloupec: 10.000 mm\u2022 Prody\u0161nost 25.000 g\/m2\/24 hod.\u2022 Technick\u00fd st\u0159ih a detaily pro optim\u00e1ln\u00ed pohyblivost a funk\u010dnost\u2022 YKK\u00ae vod\u011bodoln\u00e9 zipy\u2022 Ochrana brady proti po\u0161kr\u00e1b\u00e1n\u00ed zipemMateri\u00e1l: 100% polyester s TPE membr\u00e1nou \/ 100% polyester 20D podklad<\/p>\n","protected":false},"excerpt":{"rendered":"<p>Bunda Surmount Shell byla navr\u017eena pro aktivn\u00ed ly\u017ea\u0159e a skialpinisty. Hlavn\u00ed materi\u00e1l je v\u011btru i vod\u011b odoln\u00fd a z\u00e1rove\u0148 velmi prody\u0161n\u00fd, s p\u0159\u00edjemn\u00fdm podkladem, kter\u00fd zvy\u0161uje pohodl\u00ed p\u0159i no\u0161en\u00ed. Tato bunda je pln\u011b podlepen\u00e1 a m\u00e1 technick\u00fd st\u0159ih, kter\u00fd zaji\u0161\u0165uje skv\u011blou pohyblivost. Konstruk\u010dn\u00ed designov\u00e9 linie jsou um\u00edst\u011bny s ohledem na funk\u010dnost, proto m\u00e1 bunda snadn\u00fd&#8230;<\/p>\n","protected":false},"featured_media":129219,"comment_status":"closed","ping_status":"open","template":"","meta":{"_acf_changed":false,"_kadence_starter_templates_imported_post":false,"_kad_post_transparent":"","_kad_post_title":"","_kad_post_layout":"","_kad_post_sidebar_id":"","_kad_post_content_style":"","_kad_post_vertical_padding":"","_kad_post_feature":"","_kad_post_feature_position":"","_kad_post_header":false,"_kad_post_footer":false,"_kad_post_classname":""},"product_brand":[],"product_cat":[48,50,49],"product_tag":[],"class_list":{"0":"post-129218","1":"product","2":"type-product","3":"status-publish","4":"has-post-thumbnail","6":"product_cat-sport","7":"product_cat-sportovni-bundy","8":"product_cat-sportovni-obleceni","9":"pa_obchod-swix-cz","10":"pa_pohlavi-muz","12":"first","13":"instock","14":"sale","15":"product-type-external","16":"entry","17":"content-bg","18":"loop-entry"},"acf":[],"yoast_head":"<!-- This site is optimized with the Yoast SEO plugin v27.4 - https:\/\/yoast.com\/product\/yoast-seo-wordpress\/ -->\n<title>P\u00e1nsk\u00e1 bunda Swix Surmount Shell 12051 | Shopatoa.com<\/title>\n<meta name=\"description\" content=\"Bunda Surmount Shell byla navr\u017eena pro aktivn\u00ed ly\u017ea\u0159e a skialpinisty. Hlavn\u00ed materi\u00e1l je v\u011btru i vod\u011b odoln\u00fd a z\u00e1rove\u0148 velmi prody\u0161n\u00fd, s p\u0159\u00edjemn\u00fdm podkladem, kter\u00fd zvy\u0161uje pohodl\u00ed p\u0159i no\u0161en\u00ed. Tato bunda je pln\u011b podlepen\u00e1 a m\u00e1 technick\u00fd st\u0159ih, kter\u00fd zaji\u0161\u0165uje skv\u011blou pohyblivost. Konstruk\u010dn\u00ed designov\u00e9 linie jsou um\u00edst\u011bny s ohledem na funk\u010dnost, proto m\u00e1 bunda snadn\u00fd p\u0159\u00edstup do n\u00e1prsn\u00edch kapes na zip a odv\u011btr\u00e1n\u00ed pod ruk\u00e1vy vhodn\u00e9 p\u0159i no\u0161en\u00ed batohu na z\u00e1dech. Kapuce s jednoru\u010dn\u00edm nastaven\u00edm je ur\u010dena pro lezeckou \u010di skialpinistickou helmu, stahov\u00e1n\u00ed ruk\u00e1v\u016f se such\u00fdm zipem pro nastaven\u00ed podle aktu\u00e1ln\u00ed pot\u0159eby.\u2022 Vodn\u00ed sloupec: 10.000 mm\u2022 Prody\u0161nost 25.000 g\/m2\/24 hod.\u2022 Technick\u00fd st\u0159ih a detaily pro optim\u00e1ln\u00ed pohyblivost a funk\u010dnost\u2022 YKK\u00ae vod\u011bodoln\u00e9 zipy\u2022 Ochrana brady proti po\u0161kr\u00e1b\u00e1n\u00ed zipemMateri\u00e1l: 100% polyester s TPE membr\u00e1nou \/ 100% polyester 20D podklad\" \/>\n<meta name=\"robots\" content=\"index, follow, max-snippet:-1, max-image-preview:large, max-video-preview:-1\" \/>\n<link rel=\"canonical\" href=\"https:\/\/shopatoa.com\/cz\/panska-bunda-swix-surmount-shell-12051\/\" \/>\n<meta property=\"og:locale\" content=\"cs_CZ\" \/>\n<meta property=\"og:type\" content=\"article\" \/>\n<meta property=\"og:title\" content=\"P\u00e1nsk\u00e1 bunda Swix Surmount Shell 12051 | Shopatoa.com\" \/>\n<meta property=\"og:description\" content=\"Bunda Surmount Shell byla navr\u017eena pro aktivn\u00ed ly\u017ea\u0159e a skialpinisty. Hlavn\u00ed materi\u00e1l je v\u011btru i vod\u011b odoln\u00fd a z\u00e1rove\u0148 velmi prody\u0161n\u00fd, s p\u0159\u00edjemn\u00fdm podkladem, kter\u00fd zvy\u0161uje pohodl\u00ed p\u0159i no\u0161en\u00ed. Tato bunda je pln\u011b podlepen\u00e1 a m\u00e1 technick\u00fd st\u0159ih, kter\u00fd zaji\u0161\u0165uje skv\u011blou pohyblivost. Konstruk\u010dn\u00ed designov\u00e9 linie jsou um\u00edst\u011bny s ohledem na funk\u010dnost, proto m\u00e1 bunda snadn\u00fd p\u0159\u00edstup do n\u00e1prsn\u00edch kapes na zip a odv\u011btr\u00e1n\u00ed pod ruk\u00e1vy vhodn\u00e9 p\u0159i no\u0161en\u00ed batohu na z\u00e1dech. Kapuce s jednoru\u010dn\u00edm nastaven\u00edm je ur\u010dena pro lezeckou \u010di skialpinistickou helmu, stahov\u00e1n\u00ed ruk\u00e1v\u016f se such\u00fdm zipem pro nastaven\u00ed podle aktu\u00e1ln\u00ed pot\u0159eby.\u2022 Vodn\u00ed sloupec: 10.000 mm\u2022 Prody\u0161nost 25.000 g\/m2\/24 hod.\u2022 Technick\u00fd st\u0159ih a detaily pro optim\u00e1ln\u00ed pohyblivost a funk\u010dnost\u2022 YKK\u00ae vod\u011bodoln\u00e9 zipy\u2022 Ochrana brady proti po\u0161kr\u00e1b\u00e1n\u00ed zipemMateri\u00e1l: 100% polyester s TPE membr\u00e1nou \/ 100% polyester 20D podklad\" \/>\n<meta property=\"og:url\" content=\"https:\/\/shopatoa.com\/cz\/panska-bunda-swix-surmount-shell-12051\/\" \/>\n<meta property=\"og:site_name\" content=\"SHOPATOA\" \/>\n<meta property=\"article:modified_time\" content=\"2025-03-14T20:34:37+00:00\" \/>\n<meta property=\"og:image\" content=\"https:\/\/shopatoa.com\/cz\/wp-content\/uploads\/2025\/02\/15241_102.jpg\" \/>\n\t<meta property=\"og:image:width\" content=\"440\" \/>\n\t<meta property=\"og:image:height\" content=\"440\" \/>\n\t<meta property=\"og:image:type\" content=\"image\/jpeg\" \/>\n<meta name=\"twitter:card\" content=\"summary_large_image\" \/>\n<meta name=\"twitter:label1\" content=\"Odhadovan\u00e1 doba \u010dten\u00ed\" \/>\n\t<meta name=\"twitter:data1\" content=\"1 minuta\" \/>\n<script type=\"application\/ld+json\" class=\"yoast-schema-graph\">{\"@context\":\"https:\\\/\\\/schema.org\",\"@graph\":[{\"@type\":\"WebPage\",\"@id\":\"https:\\\/\\\/shopatoa.com\\\/cz\\\/panska-bunda-swix-surmount-shell-12051\\\/\",\"url\":\"https:\\\/\\\/shopatoa.com\\\/cz\\\/panska-bunda-swix-surmount-shell-12051\\\/\",\"name\":\"P\u00e1nsk\u00e1 bunda Swix Surmount Shell 12051 | Shopatoa.com\",\"isPartOf\":{\"@id\":\"https:\\\/\\\/shopatoa.com\\\/cz\\\/#website\"},\"primaryImageOfPage\":{\"@id\":\"https:\\\/\\\/shopatoa.com\\\/cz\\\/panska-bunda-swix-surmount-shell-12051\\\/#primaryimage\"},\"image\":{\"@id\":\"https:\\\/\\\/shopatoa.com\\\/cz\\\/panska-bunda-swix-surmount-shell-12051\\\/#primaryimage\"},\"thumbnailUrl\":\"https:\\\/\\\/shopatoa.com\\\/cz\\\/wp-content\\\/uploads\\\/2025\\\/02\\\/15241_102.jpg\",\"datePublished\":\"2025-02-14T12:59:33+00:00\",\"dateModified\":\"2025-03-14T20:34:37+00:00\",\"description\":\"Bunda Surmount Shell byla navr\u017eena pro aktivn\u00ed ly\u017ea\u0159e a skialpinisty. Hlavn\u00ed materi\u00e1l je v\u011btru i vod\u011b odoln\u00fd a z\u00e1rove\u0148 velmi prody\u0161n\u00fd, s p\u0159\u00edjemn\u00fdm podkladem, kter\u00fd zvy\u0161uje pohodl\u00ed p\u0159i no\u0161en\u00ed. Tato bunda je pln\u011b podlepen\u00e1 a m\u00e1 technick\u00fd st\u0159ih, kter\u00fd zaji\u0161\u0165uje skv\u011blou pohyblivost. Konstruk\u010dn\u00ed designov\u00e9 linie jsou um\u00edst\u011bny s ohledem na funk\u010dnost, proto m\u00e1 bunda snadn\u00fd p\u0159\u00edstup do n\u00e1prsn\u00edch kapes na zip a odv\u011btr\u00e1n\u00ed pod ruk\u00e1vy vhodn\u00e9 p\u0159i no\u0161en\u00ed batohu na z\u00e1dech. Kapuce s jednoru\u010dn\u00edm nastaven\u00edm je ur\u010dena pro lezeckou \u010di skialpinistickou helmu, stahov\u00e1n\u00ed ruk\u00e1v\u016f se such\u00fdm zipem pro nastaven\u00ed podle aktu\u00e1ln\u00ed pot\u0159eby.\u2022 Vodn\u00ed sloupec: 10.000 mm\u2022 Prody\u0161nost 25.000 g\\\/m2\\\/24 hod.\u2022 Technick\u00fd st\u0159ih a detaily pro optim\u00e1ln\u00ed pohyblivost a funk\u010dnost\u2022 YKK\u00ae vod\u011bodoln\u00e9 zipy\u2022 Ochrana brady proti po\u0161kr\u00e1b\u00e1n\u00ed zipemMateri\u00e1l: 100% polyester s TPE membr\u00e1nou \\\/ 100% polyester 20D podklad\",\"breadcrumb\":{\"@id\":\"https:\\\/\\\/shopatoa.com\\\/cz\\\/panska-bunda-swix-surmount-shell-12051\\\/#breadcrumb\"},\"inLanguage\":\"cs\",\"potentialAction\":[{\"@type\":\"ReadAction\",\"target\":[\"https:\\\/\\\/shopatoa.com\\\/cz\\\/panska-bunda-swix-surmount-shell-12051\\\/\"]}]},{\"@type\":\"ImageObject\",\"inLanguage\":\"cs\",\"@id\":\"https:\\\/\\\/shopatoa.com\\\/cz\\\/panska-bunda-swix-surmount-shell-12051\\\/#primaryimage\",\"url\":\"https:\\\/\\\/shopatoa.com\\\/cz\\\/wp-content\\\/uploads\\\/2025\\\/02\\\/15241_102.jpg\",\"contentUrl\":\"https:\\\/\\\/shopatoa.com\\\/cz\\\/wp-content\\\/uploads\\\/2025\\\/02\\\/15241_102.jpg\",\"width\":440,\"height\":440},{\"@type\":\"BreadcrumbList\",\"@id\":\"https:\\\/\\\/shopatoa.com\\\/cz\\\/panska-bunda-swix-surmount-shell-12051\\\/#breadcrumb\",\"itemListElement\":[{\"@type\":\"ListItem\",\"position\":1,\"name\":\"Dom\u016f\",\"item\":\"https:\\\/\\\/shopatoa.com\\\/cz\\\/\"},{\"@type\":\"ListItem\",\"position\":2,\"name\":\"Produkty\",\"item\":\"https:\\\/\\\/shopatoa.com\\\/cz\\\/shop\\\/\"},{\"@type\":\"ListItem\",\"position\":3,\"name\":\"Sport\",\"item\":\"https:\\\/\\\/shopatoa.com\\\/cz\\\/sport\\\/\"},{\"@type\":\"ListItem\",\"position\":4,\"name\":\"Sportovn\u00ed oble\u010den\u00ed\",\"item\":\"https:\\\/\\\/shopatoa.com\\\/cz\\\/sportovni-obleceni\\\/\"},{\"@type\":\"ListItem\",\"position\":5,\"name\":\"Sportovn\u00ed bundy\",\"item\":\"https:\\\/\\\/shopatoa.com\\\/cz\\\/sportovni-bundy\\\/\"},{\"@type\":\"ListItem\",\"position\":6,\"name\":\"P\u00e1nsk\u00e1 bunda Swix Surmount Shell 12051\"}]},{\"@type\":\"WebSite\",\"@id\":\"https:\\\/\\\/shopatoa.com\\\/cz\\\/#website\",\"url\":\"https:\\\/\\\/shopatoa.com\\\/cz\\\/\",\"name\":\"SHOPATOA\",\"description\":\"\",\"publisher\":{\"@id\":\"https:\\\/\\\/shopatoa.com\\\/cz\\\/#organization\"},\"potentialAction\":[{\"@type\":\"SearchAction\",\"target\":{\"@type\":\"EntryPoint\",\"urlTemplate\":\"https:\\\/\\\/shopatoa.com\\\/cz\\\/?s={search_term_string}\"},\"query-input\":{\"@type\":\"PropertyValueSpecification\",\"valueRequired\":true,\"valueName\":\"search_term_string\"}}],\"inLanguage\":\"cs\"},{\"@type\":\"Organization\",\"@id\":\"https:\\\/\\\/shopatoa.com\\\/cz\\\/#organization\",\"name\":\"SHOPATOA Digital s.r.o.\",\"url\":\"https:\\\/\\\/shopatoa.com\\\/cz\\\/\",\"logo\":{\"@type\":\"ImageObject\",\"inLanguage\":\"cs\",\"@id\":\"https:\\\/\\\/shopatoa.com\\\/cz\\\/#\\\/schema\\\/logo\\\/image\\\/\",\"url\":\"https:\\\/\\\/storage.googleapis.com\\\/cz-shopatoa-img\\\/cz\\\/ebccf434-shopatoa_logo.png\",\"contentUrl\":\"https:\\\/\\\/storage.googleapis.com\\\/cz-shopatoa-img\\\/cz\\\/ebccf434-shopatoa_logo.png\",\"width\":416,\"height\":63,\"caption\":\"SHOPATOA Digital s.r.o.\"},\"image\":{\"@id\":\"https:\\\/\\\/shopatoa.com\\\/cz\\\/#\\\/schema\\\/logo\\\/image\\\/\"}}]}<\/script>\n<!-- \/ Yoast SEO plugin. -->","yoast_head_json":{"title":"P\u00e1nsk\u00e1 bunda Swix Surmount Shell 12051 | Shopatoa.com","description":"Bunda Surmount Shell byla navr\u017eena pro aktivn\u00ed ly\u017ea\u0159e a skialpinisty. Hlavn\u00ed materi\u00e1l je v\u011btru i vod\u011b odoln\u00fd a z\u00e1rove\u0148 velmi prody\u0161n\u00fd, s p\u0159\u00edjemn\u00fdm podkladem, kter\u00fd zvy\u0161uje pohodl\u00ed p\u0159i no\u0161en\u00ed. Tato bunda je pln\u011b podlepen\u00e1 a m\u00e1 technick\u00fd st\u0159ih, kter\u00fd zaji\u0161\u0165uje skv\u011blou pohyblivost. Konstruk\u010dn\u00ed designov\u00e9 linie jsou um\u00edst\u011bny s ohledem na funk\u010dnost, proto m\u00e1 bunda snadn\u00fd p\u0159\u00edstup do n\u00e1prsn\u00edch kapes na zip a odv\u011btr\u00e1n\u00ed pod ruk\u00e1vy vhodn\u00e9 p\u0159i no\u0161en\u00ed batohu na z\u00e1dech. Kapuce s jednoru\u010dn\u00edm nastaven\u00edm je ur\u010dena pro lezeckou \u010di skialpinistickou helmu, stahov\u00e1n\u00ed ruk\u00e1v\u016f se such\u00fdm zipem pro nastaven\u00ed podle aktu\u00e1ln\u00ed pot\u0159eby.\u2022 Vodn\u00ed sloupec: 10.000 mm\u2022 Prody\u0161nost 25.000 g\/m2\/24 hod.\u2022 Technick\u00fd st\u0159ih a detaily pro optim\u00e1ln\u00ed pohyblivost a funk\u010dnost\u2022 YKK\u00ae vod\u011bodoln\u00e9 zipy\u2022 Ochrana brady proti po\u0161kr\u00e1b\u00e1n\u00ed zipemMateri\u00e1l: 100% polyester s TPE membr\u00e1nou \/ 100% polyester 20D podklad","robots":{"index":"index","follow":"follow","max-snippet":"max-snippet:-1","max-image-preview":"max-image-preview:large","max-video-preview":"max-video-preview:-1"},"canonical":"https:\/\/shopatoa.com\/cz\/panska-bunda-swix-surmount-shell-12051\/","og_locale":"cs_CZ","og_type":"article","og_title":"P\u00e1nsk\u00e1 bunda Swix Surmount Shell 12051 | Shopatoa.com","og_description":"Bunda Surmount Shell byla navr\u017eena pro aktivn\u00ed ly\u017ea\u0159e a skialpinisty. Hlavn\u00ed materi\u00e1l je v\u011btru i vod\u011b odoln\u00fd a z\u00e1rove\u0148 velmi prody\u0161n\u00fd, s p\u0159\u00edjemn\u00fdm podkladem, kter\u00fd zvy\u0161uje pohodl\u00ed p\u0159i no\u0161en\u00ed. Tato bunda je pln\u011b podlepen\u00e1 a m\u00e1 technick\u00fd st\u0159ih, kter\u00fd zaji\u0161\u0165uje skv\u011blou pohyblivost. Konstruk\u010dn\u00ed designov\u00e9 linie jsou um\u00edst\u011bny s ohledem na funk\u010dnost, proto m\u00e1 bunda snadn\u00fd p\u0159\u00edstup do n\u00e1prsn\u00edch kapes na zip a odv\u011btr\u00e1n\u00ed pod ruk\u00e1vy vhodn\u00e9 p\u0159i no\u0161en\u00ed batohu na z\u00e1dech. Kapuce s jednoru\u010dn\u00edm nastaven\u00edm je ur\u010dena pro lezeckou \u010di skialpinistickou helmu, stahov\u00e1n\u00ed ruk\u00e1v\u016f se such\u00fdm zipem pro nastaven\u00ed podle aktu\u00e1ln\u00ed pot\u0159eby.\u2022 Vodn\u00ed sloupec: 10.000 mm\u2022 Prody\u0161nost 25.000 g\/m2\/24 hod.\u2022 Technick\u00fd st\u0159ih a detaily pro optim\u00e1ln\u00ed pohyblivost a funk\u010dnost\u2022 YKK\u00ae vod\u011bodoln\u00e9 zipy\u2022 Ochrana brady proti po\u0161kr\u00e1b\u00e1n\u00ed zipemMateri\u00e1l: 100% polyester s TPE membr\u00e1nou \/ 100% polyester 20D podklad","og_url":"https:\/\/shopatoa.com\/cz\/panska-bunda-swix-surmount-shell-12051\/","og_site_name":"SHOPATOA","article_modified_time":"2025-03-14T20:34:37+00:00","og_image":[{"width":440,"height":440,"url":"https:\/\/shopatoa.com\/cz\/wp-content\/uploads\/2025\/02\/15241_102.jpg","type":"image\/jpeg"}],"twitter_card":"summary_large_image","twitter_misc":{"Odhadovan\u00e1 doba \u010dten\u00ed":"1 minuta"},"schema":{"@context":"https:\/\/schema.org","@graph":[{"@type":"WebPage","@id":"https:\/\/shopatoa.com\/cz\/panska-bunda-swix-surmount-shell-12051\/","url":"https:\/\/shopatoa.com\/cz\/panska-bunda-swix-surmount-shell-12051\/","name":"P\u00e1nsk\u00e1 bunda Swix Surmount Shell 12051 | Shopatoa.com","isPartOf":{"@id":"https:\/\/shopatoa.com\/cz\/#website"},"primaryImageOfPage":{"@id":"https:\/\/shopatoa.com\/cz\/panska-bunda-swix-surmount-shell-12051\/#primaryimage"},"image":{"@id":"https:\/\/shopatoa.com\/cz\/panska-bunda-swix-surmount-shell-12051\/#primaryimage"},"thumbnailUrl":"https:\/\/shopatoa.com\/cz\/wp-content\/uploads\/2025\/02\/15241_102.jpg","datePublished":"2025-02-14T12:59:33+00:00","dateModified":"2025-03-14T20:34:37+00:00","description":"Bunda Surmount Shell byla navr\u017eena pro aktivn\u00ed ly\u017ea\u0159e a skialpinisty. Hlavn\u00ed materi\u00e1l je v\u011btru i vod\u011b odoln\u00fd a z\u00e1rove\u0148 velmi prody\u0161n\u00fd, s p\u0159\u00edjemn\u00fdm podkladem, kter\u00fd zvy\u0161uje pohodl\u00ed p\u0159i no\u0161en\u00ed. Tato bunda je pln\u011b podlepen\u00e1 a m\u00e1 technick\u00fd st\u0159ih, kter\u00fd zaji\u0161\u0165uje skv\u011blou pohyblivost. Konstruk\u010dn\u00ed designov\u00e9 linie jsou um\u00edst\u011bny s ohledem na funk\u010dnost, proto m\u00e1 bunda snadn\u00fd p\u0159\u00edstup do n\u00e1prsn\u00edch kapes na zip a odv\u011btr\u00e1n\u00ed pod ruk\u00e1vy vhodn\u00e9 p\u0159i no\u0161en\u00ed batohu na z\u00e1dech. Kapuce s jednoru\u010dn\u00edm nastaven\u00edm je ur\u010dena pro lezeckou \u010di skialpinistickou helmu, stahov\u00e1n\u00ed ruk\u00e1v\u016f se such\u00fdm zipem pro nastaven\u00ed podle aktu\u00e1ln\u00ed pot\u0159eby.\u2022 Vodn\u00ed sloupec: 10.000 mm\u2022 Prody\u0161nost 25.000 g\/m2\/24 hod.\u2022 Technick\u00fd st\u0159ih a detaily pro optim\u00e1ln\u00ed pohyblivost a funk\u010dnost\u2022 YKK\u00ae vod\u011bodoln\u00e9 zipy\u2022 Ochrana brady proti po\u0161kr\u00e1b\u00e1n\u00ed zipemMateri\u00e1l: 100% polyester s TPE membr\u00e1nou \/ 100% polyester 20D podklad","breadcrumb":{"@id":"https:\/\/shopatoa.com\/cz\/panska-bunda-swix-surmount-shell-12051\/#breadcrumb"},"inLanguage":"cs","potentialAction":[{"@type":"ReadAction","target":["https:\/\/shopatoa.com\/cz\/panska-bunda-swix-surmount-shell-12051\/"]}]},{"@type":"ImageObject","inLanguage":"cs","@id":"https:\/\/shopatoa.com\/cz\/panska-bunda-swix-surmount-shell-12051\/#primaryimage","url":"https:\/\/shopatoa.com\/cz\/wp-content\/uploads\/2025\/02\/15241_102.jpg","contentUrl":"https:\/\/shopatoa.com\/cz\/wp-content\/uploads\/2025\/02\/15241_102.jpg","width":440,"height":440},{"@type":"BreadcrumbList","@id":"https:\/\/shopatoa.com\/cz\/panska-bunda-swix-surmount-shell-12051\/#breadcrumb","itemListElement":[{"@type":"ListItem","position":1,"name":"Dom\u016f","item":"https:\/\/shopatoa.com\/cz\/"},{"@type":"ListItem","position":2,"name":"Produkty","item":"https:\/\/shopatoa.com\/cz\/shop\/"},{"@type":"ListItem","position":3,"name":"Sport","item":"https:\/\/shopatoa.com\/cz\/sport\/"},{"@type":"ListItem","position":4,"name":"Sportovn\u00ed oble\u010den\u00ed","item":"https:\/\/shopatoa.com\/cz\/sportovni-obleceni\/"},{"@type":"ListItem","position":5,"name":"Sportovn\u00ed bundy","item":"https:\/\/shopatoa.com\/cz\/sportovni-bundy\/"},{"@type":"ListItem","position":6,"name":"P\u00e1nsk\u00e1 bunda Swix Surmount Shell 12051"}]},{"@type":"WebSite","@id":"https:\/\/shopatoa.com\/cz\/#website","url":"https:\/\/shopatoa.com\/cz\/","name":"SHOPATOA","description":"","publisher":{"@id":"https:\/\/shopatoa.com\/cz\/#organization"},"potentialAction":[{"@type":"SearchAction","target":{"@type":"EntryPoint","urlTemplate":"https:\/\/shopatoa.com\/cz\/?s={search_term_string}"},"query-input":{"@type":"PropertyValueSpecification","valueRequired":true,"valueName":"search_term_string"}}],"inLanguage":"cs"},{"@type":"Organization","@id":"https:\/\/shopatoa.com\/cz\/#organization","name":"SHOPATOA Digital s.r.o.","url":"https:\/\/shopatoa.com\/cz\/","logo":{"@type":"ImageObject","inLanguage":"cs","@id":"https:\/\/shopatoa.com\/cz\/#\/schema\/logo\/image\/","url":"https:\/\/storage.googleapis.com\/cz-shopatoa-img\/cz\/ebccf434-shopatoa_logo.png","contentUrl":"https:\/\/storage.googleapis.com\/cz-shopatoa-img\/cz\/ebccf434-shopatoa_logo.png","width":416,"height":63,"caption":"SHOPATOA Digital s.r.o."},"image":{"@id":"https:\/\/shopatoa.com\/cz\/#\/schema\/logo\/image\/"}}]}},"_links":{"self":[{"href":"https:\/\/shopatoa.com\/cz\/wp-json\/wp\/v2\/product\/129218","targetHints":{"allow":["GET"]}}],"collection":[{"href":"https:\/\/shopatoa.com\/cz\/wp-json\/wp\/v2\/product"}],"about":[{"href":"https:\/\/shopatoa.com\/cz\/wp-json\/wp\/v2\/types\/product"}],"replies":[{"embeddable":true,"href":"https:\/\/shopatoa.com\/cz\/wp-json\/wp\/v2\/comments?post=129218"}],"wp:featuredmedia":[{"embeddable":true,"href":"https:\/\/shopatoa.com\/cz\/wp-json\/wp\/v2\/media\/129219"}],"wp:attachment":[{"href":"https:\/\/shopatoa.com\/cz\/wp-json\/wp\/v2\/media?parent=129218"}],"wp:term":[{"taxonomy":"product_brand","embeddable":true,"href":"https:\/\/shopatoa.com\/cz\/wp-json\/wp\/v2\/product_brand?post=129218"},{"taxonomy":"product_cat","embeddable":true,"href":"https:\/\/shopatoa.com\/cz\/wp-json\/wp\/v2\/product_cat?post=129218"},{"taxonomy":"product_tag","embeddable":true,"href":"https:\/\/shopatoa.com\/cz\/wp-json\/wp\/v2\/product_tag?post=129218"}],"curies":[{"name":"wp","href":"https:\/\/api.w.org\/{rel}","templated":true}]}}