{"id":129345,"date":"2025-02-14T14:38:14","date_gmt":"2025-02-14T13:38:14","guid":{"rendered":"https:\/\/shopatoa.com\/cz\/panske-zabky-coqui-kare-blue\/"},"modified":"2025-03-14T21:36:42","modified_gmt":"2025-03-14T20:36:42","slug":"panske-zabky-coqui-kare-blue","status":"publish","type":"product","link":"https:\/\/shopatoa.com\/cz\/panske-zabky-coqui-kare-blue\/","title":{"rendered":"P\u00e1nsk\u00e9 \u017eabky COQUI KARE Blue"},"content":{"rendered":"<p>P\u00e1nsk\u00e9 \u017eabky Coqui Care. Na\u0161e nejobl\u00edben\u011bj\u0161\u00ed. Kontrastn\u00ed barevn\u00e9 kombinace. Zm\u011bk\u010den\u00e9 patn\u00ed l\u016f\u017eko, lehk\u00e9 a pohodln\u00e9 pro celodenn\u00ed no\u0161en\u00ed.<\/p>\n<p>Doporu\u010dujeme zm\u011b\u0159it d\u00e9lku chodidla a vyb\u00edrat dle uveden\u00fdch centimetr\u016f pod velikostmi v tabulce. V p\u0159\u00edpad\u011b rozmez\u00ed mezi velikostmi zvolte v\u011bt\u0161\u00ed.<\/p>\n<p>\u00a0<\/p>\n","protected":false},"excerpt":{"rendered":"<p>P\u00e1nsk\u00e9 \u017eabky Coqui Care. Na\u0161e nejobl\u00edben\u011bj\u0161\u00ed. Kontrastn\u00ed barevn\u00e9 kombinace. Zm\u011bk\u010den\u00e9 patn\u00ed l\u016f\u017eko, lehk\u00e9 a pohodln\u00e9 pro celodenn\u00ed no\u0161en\u00ed. Doporu\u010dujeme zm\u011b\u0159it d\u00e9lku chodidla a vyb\u00edrat dle uveden\u00fdch centimetr\u016f pod velikostmi v tabulce. V p\u0159\u00edpad\u011b rozmez\u00ed mezi velikostmi zvolte v\u011bt\u0161\u00ed. \u00a0<\/p>\n","protected":false},"featured_media":129346,"comment_status":"closed","ping_status":"open","template":"","meta":{"_acf_changed":false,"_kadence_starter_templates_imported_post":false,"_kad_post_transparent":"","_kad_post_title":"","_kad_post_layout":"","_kad_post_sidebar_id":"","_kad_post_content_style":"","_kad_post_vertical_padding":"","_kad_post_feature":"","_kad_post_feature_position":"","_kad_post_header":false,"_kad_post_footer":false,"_kad_post_classname":""},"product_brand":[],"product_cat":[31,25],"product_tag":[],"class_list":{"0":"post-129345","1":"product","2":"type-product","3":"status-publish","4":"has-post-thumbnail","6":"product_cat-boty","7":"product_cat-obleceni-a-moda","8":"pa_obchod-coqui-shoes-cz","10":"first","11":"instock","12":"product-type-external","13":"entry","14":"content-bg","15":"loop-entry"},"acf":[],"yoast_head":"<!-- This site is optimized with the Yoast SEO plugin v27.4 - https:\/\/yoast.com\/product\/yoast-seo-wordpress\/ -->\n<title>P\u00e1nsk\u00e9 \u017eabky COQUI KARE Blue | SHOPATOA.COM<\/title>\n<meta name=\"description\" content=\"P\u00e1nsk\u00e9 \u017eabky Coqui Care. Na\u0161e nejobl\u00edben\u011bj\u0161\u00ed. Kontrastn\u00ed barevn\u00e9 kombinace. Zm\u011bk\u010den\u00e9 patn\u00ed l\u016f\u017eko, lehk\u00e9 a pohodln\u00e9 pro celodenn\u00ed no\u0161en\u00ed. Doporu\u010dujeme zm\u011b\u0159it d\u00e9lku chodidla a vyb\u00edrat dle uveden\u00fdch centimetr\u016f pod velikostmi v tabulce. V p\u0159\u00edpad\u011b rozmez\u00ed mezi velikostmi zvolte v\u011bt\u0161\u00ed. &nbsp;\" \/>\n<meta name=\"robots\" content=\"index, follow, max-snippet:-1, max-image-preview:large, max-video-preview:-1\" \/>\n<link rel=\"canonical\" href=\"https:\/\/shopatoa.com\/cz\/panske-zabky-coqui-kare-blue\/\" \/>\n<meta property=\"og:locale\" content=\"cs_CZ\" \/>\n<meta property=\"og:type\" content=\"article\" \/>\n<meta property=\"og:title\" content=\"P\u00e1nsk\u00e9 \u017eabky COQUI KARE Blue | SHOPATOA.COM\" \/>\n<meta property=\"og:description\" content=\"P\u00e1nsk\u00e9 \u017eabky Coqui Care. Na\u0161e nejobl\u00edben\u011bj\u0161\u00ed. Kontrastn\u00ed barevn\u00e9 kombinace. Zm\u011bk\u010den\u00e9 patn\u00ed l\u016f\u017eko, lehk\u00e9 a pohodln\u00e9 pro celodenn\u00ed no\u0161en\u00ed. Doporu\u010dujeme zm\u011b\u0159it d\u00e9lku chodidla a vyb\u00edrat dle uveden\u00fdch centimetr\u016f pod velikostmi v tabulce. V p\u0159\u00edpad\u011b rozmez\u00ed mezi velikostmi zvolte v\u011bt\u0161\u00ed. &nbsp;\" \/>\n<meta property=\"og:url\" content=\"https:\/\/shopatoa.com\/cz\/panske-zabky-coqui-kare-blue\/\" \/>\n<meta property=\"og:site_name\" content=\"SHOPATOA\" \/>\n<meta property=\"article:modified_time\" content=\"2025-03-14T20:36:42+00:00\" \/>\n<meta property=\"og:image\" content=\"https:\/\/shopatoa.com\/cz\/wp-content\/uploads\/2025\/02\/6273-coqui-7903-kare-blue-001.jpg\" \/>\n\t<meta property=\"og:image:width\" content=\"1280\" \/>\n\t<meta property=\"og:image:height\" content=\"1280\" \/>\n\t<meta property=\"og:image:type\" content=\"image\/jpeg\" \/>\n<meta name=\"twitter:card\" content=\"summary_large_image\" \/>\n<script type=\"application\/ld+json\" class=\"yoast-schema-graph\">{\"@context\":\"https:\\\/\\\/schema.org\",\"@graph\":[{\"@type\":\"WebPage\",\"@id\":\"https:\\\/\\\/shopatoa.com\\\/cz\\\/panske-zabky-coqui-kare-blue\\\/\",\"url\":\"https:\\\/\\\/shopatoa.com\\\/cz\\\/panske-zabky-coqui-kare-blue\\\/\",\"name\":\"P\u00e1nsk\u00e9 \u017eabky COQUI KARE Blue | SHOPATOA.COM\",\"isPartOf\":{\"@id\":\"https:\\\/\\\/shopatoa.com\\\/cz\\\/#website\"},\"primaryImageOfPage\":{\"@id\":\"https:\\\/\\\/shopatoa.com\\\/cz\\\/panske-zabky-coqui-kare-blue\\\/#primaryimage\"},\"image\":{\"@id\":\"https:\\\/\\\/shopatoa.com\\\/cz\\\/panske-zabky-coqui-kare-blue\\\/#primaryimage\"},\"thumbnailUrl\":\"https:\\\/\\\/shopatoa.com\\\/cz\\\/wp-content\\\/uploads\\\/2025\\\/02\\\/6273-coqui-7903-kare-blue-001.jpg\",\"datePublished\":\"2025-02-14T13:38:14+00:00\",\"dateModified\":\"2025-03-14T20:36:42+00:00\",\"description\":\"P\u00e1nsk\u00e9 \u017eabky Coqui Care. Na\u0161e nejobl\u00edben\u011bj\u0161\u00ed. Kontrastn\u00ed barevn\u00e9 kombinace. Zm\u011bk\u010den\u00e9 patn\u00ed l\u016f\u017eko, lehk\u00e9 a pohodln\u00e9 pro celodenn\u00ed no\u0161en\u00ed. Doporu\u010dujeme zm\u011b\u0159it d\u00e9lku chodidla a vyb\u00edrat dle uveden\u00fdch centimetr\u016f pod velikostmi v tabulce. V p\u0159\u00edpad\u011b rozmez\u00ed mezi velikostmi zvolte v\u011bt\u0161\u00ed. &nbsp;\",\"breadcrumb\":{\"@id\":\"https:\\\/\\\/shopatoa.com\\\/cz\\\/panske-zabky-coqui-kare-blue\\\/#breadcrumb\"},\"inLanguage\":\"cs\",\"potentialAction\":[{\"@type\":\"ReadAction\",\"target\":[\"https:\\\/\\\/shopatoa.com\\\/cz\\\/panske-zabky-coqui-kare-blue\\\/\"]}]},{\"@type\":\"ImageObject\",\"inLanguage\":\"cs\",\"@id\":\"https:\\\/\\\/shopatoa.com\\\/cz\\\/panske-zabky-coqui-kare-blue\\\/#primaryimage\",\"url\":\"https:\\\/\\\/shopatoa.com\\\/cz\\\/wp-content\\\/uploads\\\/2025\\\/02\\\/6273-coqui-7903-kare-blue-001.jpg\",\"contentUrl\":\"https:\\\/\\\/shopatoa.com\\\/cz\\\/wp-content\\\/uploads\\\/2025\\\/02\\\/6273-coqui-7903-kare-blue-001.jpg\",\"width\":1280,\"height\":1280},{\"@type\":\"BreadcrumbList\",\"@id\":\"https:\\\/\\\/shopatoa.com\\\/cz\\\/panske-zabky-coqui-kare-blue\\\/#breadcrumb\",\"itemListElement\":[{\"@type\":\"ListItem\",\"position\":1,\"name\":\"Dom\u016f\",\"item\":\"https:\\\/\\\/shopatoa.com\\\/cz\\\/\"},{\"@type\":\"ListItem\",\"position\":2,\"name\":\"Produkty\",\"item\":\"https:\\\/\\\/shopatoa.com\\\/cz\\\/shop\\\/\"},{\"@type\":\"ListItem\",\"position\":3,\"name\":\"Oble\u010den\u00ed a m\u00f3da\",\"item\":\"https:\\\/\\\/shopatoa.com\\\/cz\\\/obleceni-a-moda\\\/\"},{\"@type\":\"ListItem\",\"position\":4,\"name\":\"Boty\",\"item\":\"https:\\\/\\\/shopatoa.com\\\/cz\\\/boty\\\/\"},{\"@type\":\"ListItem\",\"position\":5,\"name\":\"P\u00e1nsk\u00e9 \u017eabky COQUI KARE Blue\"}]},{\"@type\":\"WebSite\",\"@id\":\"https:\\\/\\\/shopatoa.com\\\/cz\\\/#website\",\"url\":\"https:\\\/\\\/shopatoa.com\\\/cz\\\/\",\"name\":\"SHOPATOA\",\"description\":\"\",\"publisher\":{\"@id\":\"https:\\\/\\\/shopatoa.com\\\/cz\\\/#organization\"},\"potentialAction\":[{\"@type\":\"SearchAction\",\"target\":{\"@type\":\"EntryPoint\",\"urlTemplate\":\"https:\\\/\\\/shopatoa.com\\\/cz\\\/?s={search_term_string}\"},\"query-input\":{\"@type\":\"PropertyValueSpecification\",\"valueRequired\":true,\"valueName\":\"search_term_string\"}}],\"inLanguage\":\"cs\"},{\"@type\":\"Organization\",\"@id\":\"https:\\\/\\\/shopatoa.com\\\/cz\\\/#organization\",\"name\":\"SHOPATOA Digital s.r.o.\",\"url\":\"https:\\\/\\\/shopatoa.com\\\/cz\\\/\",\"logo\":{\"@type\":\"ImageObject\",\"inLanguage\":\"cs\",\"@id\":\"https:\\\/\\\/shopatoa.com\\\/cz\\\/#\\\/schema\\\/logo\\\/image\\\/\",\"url\":\"https:\\\/\\\/storage.googleapis.com\\\/cz-shopatoa-img\\\/cz\\\/ebccf434-shopatoa_logo.png\",\"contentUrl\":\"https:\\\/\\\/storage.googleapis.com\\\/cz-shopatoa-img\\\/cz\\\/ebccf434-shopatoa_logo.png\",\"width\":416,\"height\":63,\"caption\":\"SHOPATOA Digital s.r.o.\"},\"image\":{\"@id\":\"https:\\\/\\\/shopatoa.com\\\/cz\\\/#\\\/schema\\\/logo\\\/image\\\/\"}}]}<\/script>\n<!-- \/ Yoast SEO plugin. -->","yoast_head_json":{"title":"P\u00e1nsk\u00e9 \u017eabky COQUI KARE Blue | SHOPATOA.COM","description":"P\u00e1nsk\u00e9 \u017eabky Coqui Care. Na\u0161e nejobl\u00edben\u011bj\u0161\u00ed. Kontrastn\u00ed barevn\u00e9 kombinace. Zm\u011bk\u010den\u00e9 patn\u00ed l\u016f\u017eko, lehk\u00e9 a pohodln\u00e9 pro celodenn\u00ed no\u0161en\u00ed. Doporu\u010dujeme zm\u011b\u0159it d\u00e9lku chodidla a vyb\u00edrat dle uveden\u00fdch centimetr\u016f pod velikostmi v tabulce. V p\u0159\u00edpad\u011b rozmez\u00ed mezi velikostmi zvolte v\u011bt\u0161\u00ed. &nbsp;","robots":{"index":"index","follow":"follow","max-snippet":"max-snippet:-1","max-image-preview":"max-image-preview:large","max-video-preview":"max-video-preview:-1"},"canonical":"https:\/\/shopatoa.com\/cz\/panske-zabky-coqui-kare-blue\/","og_locale":"cs_CZ","og_type":"article","og_title":"P\u00e1nsk\u00e9 \u017eabky COQUI KARE Blue | SHOPATOA.COM","og_description":"P\u00e1nsk\u00e9 \u017eabky Coqui Care. Na\u0161e nejobl\u00edben\u011bj\u0161\u00ed. Kontrastn\u00ed barevn\u00e9 kombinace. Zm\u011bk\u010den\u00e9 patn\u00ed l\u016f\u017eko, lehk\u00e9 a pohodln\u00e9 pro celodenn\u00ed no\u0161en\u00ed. Doporu\u010dujeme zm\u011b\u0159it d\u00e9lku chodidla a vyb\u00edrat dle uveden\u00fdch centimetr\u016f pod velikostmi v tabulce. V p\u0159\u00edpad\u011b rozmez\u00ed mezi velikostmi zvolte v\u011bt\u0161\u00ed. &nbsp;","og_url":"https:\/\/shopatoa.com\/cz\/panske-zabky-coqui-kare-blue\/","og_site_name":"SHOPATOA","article_modified_time":"2025-03-14T20:36:42+00:00","og_image":[{"width":1280,"height":1280,"url":"https:\/\/shopatoa.com\/cz\/wp-content\/uploads\/2025\/02\/6273-coqui-7903-kare-blue-001.jpg","type":"image\/jpeg"}],"twitter_card":"summary_large_image","schema":{"@context":"https:\/\/schema.org","@graph":[{"@type":"WebPage","@id":"https:\/\/shopatoa.com\/cz\/panske-zabky-coqui-kare-blue\/","url":"https:\/\/shopatoa.com\/cz\/panske-zabky-coqui-kare-blue\/","name":"P\u00e1nsk\u00e9 \u017eabky COQUI KARE Blue | SHOPATOA.COM","isPartOf":{"@id":"https:\/\/shopatoa.com\/cz\/#website"},"primaryImageOfPage":{"@id":"https:\/\/shopatoa.com\/cz\/panske-zabky-coqui-kare-blue\/#primaryimage"},"image":{"@id":"https:\/\/shopatoa.com\/cz\/panske-zabky-coqui-kare-blue\/#primaryimage"},"thumbnailUrl":"https:\/\/shopatoa.com\/cz\/wp-content\/uploads\/2025\/02\/6273-coqui-7903-kare-blue-001.jpg","datePublished":"2025-02-14T13:38:14+00:00","dateModified":"2025-03-14T20:36:42+00:00","description":"P\u00e1nsk\u00e9 \u017eabky Coqui Care. Na\u0161e nejobl\u00edben\u011bj\u0161\u00ed. Kontrastn\u00ed barevn\u00e9 kombinace. Zm\u011bk\u010den\u00e9 patn\u00ed l\u016f\u017eko, lehk\u00e9 a pohodln\u00e9 pro celodenn\u00ed no\u0161en\u00ed. Doporu\u010dujeme zm\u011b\u0159it d\u00e9lku chodidla a vyb\u00edrat dle uveden\u00fdch centimetr\u016f pod velikostmi v tabulce. V p\u0159\u00edpad\u011b rozmez\u00ed mezi velikostmi zvolte v\u011bt\u0161\u00ed. &nbsp;","breadcrumb":{"@id":"https:\/\/shopatoa.com\/cz\/panske-zabky-coqui-kare-blue\/#breadcrumb"},"inLanguage":"cs","potentialAction":[{"@type":"ReadAction","target":["https:\/\/shopatoa.com\/cz\/panske-zabky-coqui-kare-blue\/"]}]},{"@type":"ImageObject","inLanguage":"cs","@id":"https:\/\/shopatoa.com\/cz\/panske-zabky-coqui-kare-blue\/#primaryimage","url":"https:\/\/shopatoa.com\/cz\/wp-content\/uploads\/2025\/02\/6273-coqui-7903-kare-blue-001.jpg","contentUrl":"https:\/\/shopatoa.com\/cz\/wp-content\/uploads\/2025\/02\/6273-coqui-7903-kare-blue-001.jpg","width":1280,"height":1280},{"@type":"BreadcrumbList","@id":"https:\/\/shopatoa.com\/cz\/panske-zabky-coqui-kare-blue\/#breadcrumb","itemListElement":[{"@type":"ListItem","position":1,"name":"Dom\u016f","item":"https:\/\/shopatoa.com\/cz\/"},{"@type":"ListItem","position":2,"name":"Produkty","item":"https:\/\/shopatoa.com\/cz\/shop\/"},{"@type":"ListItem","position":3,"name":"Oble\u010den\u00ed a m\u00f3da","item":"https:\/\/shopatoa.com\/cz\/obleceni-a-moda\/"},{"@type":"ListItem","position":4,"name":"Boty","item":"https:\/\/shopatoa.com\/cz\/boty\/"},{"@type":"ListItem","position":5,"name":"P\u00e1nsk\u00e9 \u017eabky COQUI KARE Blue"}]},{"@type":"WebSite","@id":"https:\/\/shopatoa.com\/cz\/#website","url":"https:\/\/shopatoa.com\/cz\/","name":"SHOPATOA","description":"","publisher":{"@id":"https:\/\/shopatoa.com\/cz\/#organization"},"potentialAction":[{"@type":"SearchAction","target":{"@type":"EntryPoint","urlTemplate":"https:\/\/shopatoa.com\/cz\/?s={search_term_string}"},"query-input":{"@type":"PropertyValueSpecification","valueRequired":true,"valueName":"search_term_string"}}],"inLanguage":"cs"},{"@type":"Organization","@id":"https:\/\/shopatoa.com\/cz\/#organization","name":"SHOPATOA Digital s.r.o.","url":"https:\/\/shopatoa.com\/cz\/","logo":{"@type":"ImageObject","inLanguage":"cs","@id":"https:\/\/shopatoa.com\/cz\/#\/schema\/logo\/image\/","url":"https:\/\/storage.googleapis.com\/cz-shopatoa-img\/cz\/ebccf434-shopatoa_logo.png","contentUrl":"https:\/\/storage.googleapis.com\/cz-shopatoa-img\/cz\/ebccf434-shopatoa_logo.png","width":416,"height":63,"caption":"SHOPATOA Digital s.r.o."},"image":{"@id":"https:\/\/shopatoa.com\/cz\/#\/schema\/logo\/image\/"}}]}},"_links":{"self":[{"href":"https:\/\/shopatoa.com\/cz\/wp-json\/wp\/v2\/product\/129345","targetHints":{"allow":["GET"]}}],"collection":[{"href":"https:\/\/shopatoa.com\/cz\/wp-json\/wp\/v2\/product"}],"about":[{"href":"https:\/\/shopatoa.com\/cz\/wp-json\/wp\/v2\/types\/product"}],"replies":[{"embeddable":true,"href":"https:\/\/shopatoa.com\/cz\/wp-json\/wp\/v2\/comments?post=129345"}],"wp:featuredmedia":[{"embeddable":true,"href":"https:\/\/shopatoa.com\/cz\/wp-json\/wp\/v2\/media\/129346"}],"wp:attachment":[{"href":"https:\/\/shopatoa.com\/cz\/wp-json\/wp\/v2\/media?parent=129345"}],"wp:term":[{"taxonomy":"product_brand","embeddable":true,"href":"https:\/\/shopatoa.com\/cz\/wp-json\/wp\/v2\/product_brand?post=129345"},{"taxonomy":"product_cat","embeddable":true,"href":"https:\/\/shopatoa.com\/cz\/wp-json\/wp\/v2\/product_cat?post=129345"},{"taxonomy":"product_tag","embeddable":true,"href":"https:\/\/shopatoa.com\/cz\/wp-json\/wp\/v2\/product_tag?post=129345"}],"curies":[{"name":"wp","href":"https:\/\/api.w.org\/{rel}","templated":true}]}}