{"id":129473,"date":"2025-02-14T15:00:18","date_gmt":"2025-02-14T14:00:18","guid":{"rendered":"https:\/\/shopatoa.com\/cz\/triko-kr-rukav-summer-wool-2\/"},"modified":"2025-03-14T21:39:06","modified_gmt":"2025-03-14T20:39:06","slug":"triko-kr-rukav-summer-wool-2","status":"publish","type":"product","link":"https:\/\/shopatoa.com\/cz\/triko-kr-rukav-summer-wool-2\/","title":{"rendered":"Triko kr. ruk\u00e1v Summer Wool"},"content":{"rendered":"<p>Lehk\u00e9 a p\u0159\u00edjemn\u011b m\u011bkk\u00e9 triko ze 100% merino vlny ur\u010den\u00e9 pro letn\u00ed pou\u017eit\u00ed. P\u0159irozen\u00e9 termoregula\u010dn\u00ed vlastnosti vlny Merino p\u0159in\u00e1\u0161\u00ed chladiv\u00fd \u00fa\u010dinek v hork\u00fdch dnech a zah\u0159ej\u00ed v chladn\u00fdch dnech, d\u00edky \u010demu\u017e se pohodln\u00e9 no\u0161en\u00ed po cel\u00fd rok. V letn\u00edch dnech ocen\u00edte, \u017ee vlna potla\u010duje z\u00e1pach a triko nen\u00ed nutn\u00e9 pr\u00e1t tak \u010dasto.\u2022 Lehk\u00e9 a m\u011bkk\u00e9 triko ze 100% merino vlny\u2022 P\u0159irozen\u00fd chladiv\u00fd \u00fa\u010dinek\u2022 Potla\u010duje z\u00e1pach\u2022 Certifik\u00e1t Woolmark\u2022 Mikron: 16,5 \/ 150 gMateri\u00e1l: 100% vlna Merino<\/p>\n","protected":false},"excerpt":{"rendered":"<p>Lehk\u00e9 a p\u0159\u00edjemn\u011b m\u011bkk\u00e9 triko ze 100% merino vlny ur\u010den\u00e9 pro letn\u00ed pou\u017eit\u00ed. P\u0159irozen\u00e9 termoregula\u010dn\u00ed vlastnosti vlny Merino p\u0159in\u00e1\u0161\u00ed chladiv\u00fd \u00fa\u010dinek v hork\u00fdch dnech a zah\u0159ej\u00ed v chladn\u00fdch dnech, d\u00edky \u010demu\u017e se pohodln\u00e9 no\u0161en\u00ed po cel\u00fd rok. V letn\u00edch dnech ocen\u00edte, \u017ee vlna potla\u010duje z\u00e1pach a triko nen\u00ed nutn\u00e9 pr\u00e1t tak \u010dasto.\u2022 Lehk\u00e9 a m\u011bkk\u00e9&#8230;<\/p>\n","protected":false},"featured_media":129474,"comment_status":"closed","ping_status":"open","template":"","meta":{"_acf_changed":false,"_kadence_starter_templates_imported_post":false,"_kad_post_transparent":"","_kad_post_title":"","_kad_post_layout":"","_kad_post_sidebar_id":"","_kad_post_content_style":"","_kad_post_vertical_padding":"","_kad_post_feature":"","_kad_post_feature_position":"","_kad_post_header":false,"_kad_post_footer":false,"_kad_post_classname":""},"product_brand":[],"product_cat":[15],"product_tag":[],"class_list":{"0":"post-129473","1":"product","2":"type-product","3":"status-publish","4":"has-post-thumbnail","6":"product_cat-uncategorized","7":"pa_obchod-sorrygravity-cz","8":"pa_pohlavi-zena","10":"first","11":"instock","12":"product-type-external","13":"entry","14":"content-bg","15":"loop-entry"},"acf":[],"yoast_head":"<!-- This site is optimized with the Yoast SEO plugin v27.4 - https:\/\/yoast.com\/product\/yoast-seo-wordpress\/ -->\n<title>Triko kr. ruk\u00e1v Summer Wool - SHOPATOA.COM<\/title>\n<meta name=\"description\" content=\"Lehk\u00e9 a p\u0159\u00edjemn\u011b m\u011bkk\u00e9 triko ze 100% merino vlny ur\u010den\u00e9 pro letn\u00ed pou\u017eit\u00ed. P\u0159irozen\u00e9 termoregula\u010dn\u00ed vlastnosti vlny Merino p\u0159in\u00e1\u0161\u00ed chladiv\u00fd \u00fa\u010dinek v hork\u00fdch dnech a zah\u0159ej\u00ed v chladn\u00fdch dnech, d\u00edky \u010demu\u017e se pohodln\u00e9 no\u0161en\u00ed po cel\u00fd rok. V letn\u00edch dnech ocen\u00edte, \u017ee vlna potla\u010duje z\u00e1pach a triko nen\u00ed nutn\u00e9 pr\u00e1t tak \u010dasto.\u2022 Lehk\u00e9 a m\u011bkk\u00e9 triko ze 100% merino vlny\u2022 P\u0159irozen\u00fd chladiv\u00fd \u00fa\u010dinek\u2022 Potla\u010duje z\u00e1pach\u2022 Certifik\u00e1t Woolmark\u2022 Mikron: 16,5 \/ 150 gMateri\u00e1l: 100% vlna Merino\" \/>\n<meta name=\"robots\" content=\"index, follow, max-snippet:-1, max-image-preview:large, max-video-preview:-1\" \/>\n<link rel=\"canonical\" href=\"https:\/\/shopatoa.com\/cz\/triko-kr-rukav-summer-wool-2\/\" \/>\n<meta property=\"og:locale\" content=\"cs_CZ\" \/>\n<meta property=\"og:type\" content=\"article\" \/>\n<meta property=\"og:title\" content=\"Triko kr. ruk\u00e1v Summer Wool - SHOPATOA.COM\" \/>\n<meta property=\"og:description\" content=\"Lehk\u00e9 a p\u0159\u00edjemn\u011b m\u011bkk\u00e9 triko ze 100% merino vlny ur\u010den\u00e9 pro letn\u00ed pou\u017eit\u00ed. P\u0159irozen\u00e9 termoregula\u010dn\u00ed vlastnosti vlny Merino p\u0159in\u00e1\u0161\u00ed chladiv\u00fd \u00fa\u010dinek v hork\u00fdch dnech a zah\u0159ej\u00ed v chladn\u00fdch dnech, d\u00edky \u010demu\u017e se pohodln\u00e9 no\u0161en\u00ed po cel\u00fd rok. V letn\u00edch dnech ocen\u00edte, \u017ee vlna potla\u010duje z\u00e1pach a triko nen\u00ed nutn\u00e9 pr\u00e1t tak \u010dasto.\u2022 Lehk\u00e9 a m\u011bkk\u00e9 triko ze 100% merino vlny\u2022 P\u0159irozen\u00fd chladiv\u00fd \u00fa\u010dinek\u2022 Potla\u010duje z\u00e1pach\u2022 Certifik\u00e1t Woolmark\u2022 Mikron: 16,5 \/ 150 gMateri\u00e1l: 100% vlna Merino\" \/>\n<meta property=\"og:url\" content=\"https:\/\/shopatoa.com\/cz\/triko-kr-rukav-summer-wool-2\/\" \/>\n<meta property=\"og:site_name\" content=\"SHOPATOA\" \/>\n<meta property=\"article:modified_time\" content=\"2025-03-14T20:39:06+00:00\" \/>\n<meta property=\"og:image\" content=\"https:\/\/shopatoa.com\/cz\/wp-content\/uploads\/2025\/02\/19245_102.jpg\" \/>\n\t<meta property=\"og:image:width\" content=\"440\" \/>\n\t<meta property=\"og:image:height\" content=\"440\" \/>\n\t<meta property=\"og:image:type\" content=\"image\/jpeg\" \/>\n<meta name=\"twitter:card\" content=\"summary_large_image\" \/>\n<script type=\"application\/ld+json\" class=\"yoast-schema-graph\">{\"@context\":\"https:\\\/\\\/schema.org\",\"@graph\":[{\"@type\":\"WebPage\",\"@id\":\"https:\\\/\\\/shopatoa.com\\\/cz\\\/triko-kr-rukav-summer-wool-2\\\/\",\"url\":\"https:\\\/\\\/shopatoa.com\\\/cz\\\/triko-kr-rukav-summer-wool-2\\\/\",\"name\":\"Triko kr. ruk\u00e1v Summer Wool - SHOPATOA.COM\",\"isPartOf\":{\"@id\":\"https:\\\/\\\/shopatoa.com\\\/cz\\\/#website\"},\"primaryImageOfPage\":{\"@id\":\"https:\\\/\\\/shopatoa.com\\\/cz\\\/triko-kr-rukav-summer-wool-2\\\/#primaryimage\"},\"image\":{\"@id\":\"https:\\\/\\\/shopatoa.com\\\/cz\\\/triko-kr-rukav-summer-wool-2\\\/#primaryimage\"},\"thumbnailUrl\":\"https:\\\/\\\/shopatoa.com\\\/cz\\\/wp-content\\\/uploads\\\/2025\\\/02\\\/19245_102.jpg\",\"datePublished\":\"2025-02-14T14:00:18+00:00\",\"dateModified\":\"2025-03-14T20:39:06+00:00\",\"description\":\"Lehk\u00e9 a p\u0159\u00edjemn\u011b m\u011bkk\u00e9 triko ze 100% merino vlny ur\u010den\u00e9 pro letn\u00ed pou\u017eit\u00ed. P\u0159irozen\u00e9 termoregula\u010dn\u00ed vlastnosti vlny Merino p\u0159in\u00e1\u0161\u00ed chladiv\u00fd \u00fa\u010dinek v hork\u00fdch dnech a zah\u0159ej\u00ed v chladn\u00fdch dnech, d\u00edky \u010demu\u017e se pohodln\u00e9 no\u0161en\u00ed po cel\u00fd rok. V letn\u00edch dnech ocen\u00edte, \u017ee vlna potla\u010duje z\u00e1pach a triko nen\u00ed nutn\u00e9 pr\u00e1t tak \u010dasto.\u2022 Lehk\u00e9 a m\u011bkk\u00e9 triko ze 100% merino vlny\u2022 P\u0159irozen\u00fd chladiv\u00fd \u00fa\u010dinek\u2022 Potla\u010duje z\u00e1pach\u2022 Certifik\u00e1t Woolmark\u2022 Mikron: 16,5 \\\/ 150 gMateri\u00e1l: 100% vlna Merino\",\"breadcrumb\":{\"@id\":\"https:\\\/\\\/shopatoa.com\\\/cz\\\/triko-kr-rukav-summer-wool-2\\\/#breadcrumb\"},\"inLanguage\":\"cs\",\"potentialAction\":[{\"@type\":\"ReadAction\",\"target\":[\"https:\\\/\\\/shopatoa.com\\\/cz\\\/triko-kr-rukav-summer-wool-2\\\/\"]}]},{\"@type\":\"ImageObject\",\"inLanguage\":\"cs\",\"@id\":\"https:\\\/\\\/shopatoa.com\\\/cz\\\/triko-kr-rukav-summer-wool-2\\\/#primaryimage\",\"url\":\"https:\\\/\\\/shopatoa.com\\\/cz\\\/wp-content\\\/uploads\\\/2025\\\/02\\\/19245_102.jpg\",\"contentUrl\":\"https:\\\/\\\/shopatoa.com\\\/cz\\\/wp-content\\\/uploads\\\/2025\\\/02\\\/19245_102.jpg\",\"width\":440,\"height\":440},{\"@type\":\"BreadcrumbList\",\"@id\":\"https:\\\/\\\/shopatoa.com\\\/cz\\\/triko-kr-rukav-summer-wool-2\\\/#breadcrumb\",\"itemListElement\":[{\"@type\":\"ListItem\",\"position\":1,\"name\":\"Dom\u016f\",\"item\":\"https:\\\/\\\/shopatoa.com\\\/cz\\\/\"},{\"@type\":\"ListItem\",\"position\":2,\"name\":\"Produkty\",\"item\":\"https:\\\/\\\/shopatoa.com\\\/cz\\\/shop\\\/\"},{\"@type\":\"ListItem\",\"position\":3,\"name\":\"Uncategorized\",\"item\":\"https:\\\/\\\/shopatoa.com\\\/cz\\\/uncategorized\\\/\"},{\"@type\":\"ListItem\",\"position\":4,\"name\":\"Triko kr. ruk\u00e1v Summer Wool\"}]},{\"@type\":\"WebSite\",\"@id\":\"https:\\\/\\\/shopatoa.com\\\/cz\\\/#website\",\"url\":\"https:\\\/\\\/shopatoa.com\\\/cz\\\/\",\"name\":\"SHOPATOA\",\"description\":\"\",\"publisher\":{\"@id\":\"https:\\\/\\\/shopatoa.com\\\/cz\\\/#organization\"},\"potentialAction\":[{\"@type\":\"SearchAction\",\"target\":{\"@type\":\"EntryPoint\",\"urlTemplate\":\"https:\\\/\\\/shopatoa.com\\\/cz\\\/?s={search_term_string}\"},\"query-input\":{\"@type\":\"PropertyValueSpecification\",\"valueRequired\":true,\"valueName\":\"search_term_string\"}}],\"inLanguage\":\"cs\"},{\"@type\":\"Organization\",\"@id\":\"https:\\\/\\\/shopatoa.com\\\/cz\\\/#organization\",\"name\":\"SHOPATOA Digital s.r.o.\",\"url\":\"https:\\\/\\\/shopatoa.com\\\/cz\\\/\",\"logo\":{\"@type\":\"ImageObject\",\"inLanguage\":\"cs\",\"@id\":\"https:\\\/\\\/shopatoa.com\\\/cz\\\/#\\\/schema\\\/logo\\\/image\\\/\",\"url\":\"https:\\\/\\\/storage.googleapis.com\\\/cz-shopatoa-img\\\/cz\\\/ebccf434-shopatoa_logo.png\",\"contentUrl\":\"https:\\\/\\\/storage.googleapis.com\\\/cz-shopatoa-img\\\/cz\\\/ebccf434-shopatoa_logo.png\",\"width\":416,\"height\":63,\"caption\":\"SHOPATOA Digital s.r.o.\"},\"image\":{\"@id\":\"https:\\\/\\\/shopatoa.com\\\/cz\\\/#\\\/schema\\\/logo\\\/image\\\/\"}}]}<\/script>\n<!-- \/ Yoast SEO plugin. -->","yoast_head_json":{"title":"Triko kr. ruk\u00e1v Summer Wool - SHOPATOA.COM","description":"Lehk\u00e9 a p\u0159\u00edjemn\u011b m\u011bkk\u00e9 triko ze 100% merino vlny ur\u010den\u00e9 pro letn\u00ed pou\u017eit\u00ed. P\u0159irozen\u00e9 termoregula\u010dn\u00ed vlastnosti vlny Merino p\u0159in\u00e1\u0161\u00ed chladiv\u00fd \u00fa\u010dinek v hork\u00fdch dnech a zah\u0159ej\u00ed v chladn\u00fdch dnech, d\u00edky \u010demu\u017e se pohodln\u00e9 no\u0161en\u00ed po cel\u00fd rok. V letn\u00edch dnech ocen\u00edte, \u017ee vlna potla\u010duje z\u00e1pach a triko nen\u00ed nutn\u00e9 pr\u00e1t tak \u010dasto.\u2022 Lehk\u00e9 a m\u011bkk\u00e9 triko ze 100% merino vlny\u2022 P\u0159irozen\u00fd chladiv\u00fd \u00fa\u010dinek\u2022 Potla\u010duje z\u00e1pach\u2022 Certifik\u00e1t Woolmark\u2022 Mikron: 16,5 \/ 150 gMateri\u00e1l: 100% vlna Merino","robots":{"index":"index","follow":"follow","max-snippet":"max-snippet:-1","max-image-preview":"max-image-preview:large","max-video-preview":"max-video-preview:-1"},"canonical":"https:\/\/shopatoa.com\/cz\/triko-kr-rukav-summer-wool-2\/","og_locale":"cs_CZ","og_type":"article","og_title":"Triko kr. ruk\u00e1v Summer Wool - SHOPATOA.COM","og_description":"Lehk\u00e9 a p\u0159\u00edjemn\u011b m\u011bkk\u00e9 triko ze 100% merino vlny ur\u010den\u00e9 pro letn\u00ed pou\u017eit\u00ed. P\u0159irozen\u00e9 termoregula\u010dn\u00ed vlastnosti vlny Merino p\u0159in\u00e1\u0161\u00ed chladiv\u00fd \u00fa\u010dinek v hork\u00fdch dnech a zah\u0159ej\u00ed v chladn\u00fdch dnech, d\u00edky \u010demu\u017e se pohodln\u00e9 no\u0161en\u00ed po cel\u00fd rok. V letn\u00edch dnech ocen\u00edte, \u017ee vlna potla\u010duje z\u00e1pach a triko nen\u00ed nutn\u00e9 pr\u00e1t tak \u010dasto.\u2022 Lehk\u00e9 a m\u011bkk\u00e9 triko ze 100% merino vlny\u2022 P\u0159irozen\u00fd chladiv\u00fd \u00fa\u010dinek\u2022 Potla\u010duje z\u00e1pach\u2022 Certifik\u00e1t Woolmark\u2022 Mikron: 16,5 \/ 150 gMateri\u00e1l: 100% vlna Merino","og_url":"https:\/\/shopatoa.com\/cz\/triko-kr-rukav-summer-wool-2\/","og_site_name":"SHOPATOA","article_modified_time":"2025-03-14T20:39:06+00:00","og_image":[{"width":440,"height":440,"url":"https:\/\/shopatoa.com\/cz\/wp-content\/uploads\/2025\/02\/19245_102.jpg","type":"image\/jpeg"}],"twitter_card":"summary_large_image","schema":{"@context":"https:\/\/schema.org","@graph":[{"@type":"WebPage","@id":"https:\/\/shopatoa.com\/cz\/triko-kr-rukav-summer-wool-2\/","url":"https:\/\/shopatoa.com\/cz\/triko-kr-rukav-summer-wool-2\/","name":"Triko kr. ruk\u00e1v Summer Wool - SHOPATOA.COM","isPartOf":{"@id":"https:\/\/shopatoa.com\/cz\/#website"},"primaryImageOfPage":{"@id":"https:\/\/shopatoa.com\/cz\/triko-kr-rukav-summer-wool-2\/#primaryimage"},"image":{"@id":"https:\/\/shopatoa.com\/cz\/triko-kr-rukav-summer-wool-2\/#primaryimage"},"thumbnailUrl":"https:\/\/shopatoa.com\/cz\/wp-content\/uploads\/2025\/02\/19245_102.jpg","datePublished":"2025-02-14T14:00:18+00:00","dateModified":"2025-03-14T20:39:06+00:00","description":"Lehk\u00e9 a p\u0159\u00edjemn\u011b m\u011bkk\u00e9 triko ze 100% merino vlny ur\u010den\u00e9 pro letn\u00ed pou\u017eit\u00ed. P\u0159irozen\u00e9 termoregula\u010dn\u00ed vlastnosti vlny Merino p\u0159in\u00e1\u0161\u00ed chladiv\u00fd \u00fa\u010dinek v hork\u00fdch dnech a zah\u0159ej\u00ed v chladn\u00fdch dnech, d\u00edky \u010demu\u017e se pohodln\u00e9 no\u0161en\u00ed po cel\u00fd rok. V letn\u00edch dnech ocen\u00edte, \u017ee vlna potla\u010duje z\u00e1pach a triko nen\u00ed nutn\u00e9 pr\u00e1t tak \u010dasto.\u2022 Lehk\u00e9 a m\u011bkk\u00e9 triko ze 100% merino vlny\u2022 P\u0159irozen\u00fd chladiv\u00fd \u00fa\u010dinek\u2022 Potla\u010duje z\u00e1pach\u2022 Certifik\u00e1t Woolmark\u2022 Mikron: 16,5 \/ 150 gMateri\u00e1l: 100% vlna Merino","breadcrumb":{"@id":"https:\/\/shopatoa.com\/cz\/triko-kr-rukav-summer-wool-2\/#breadcrumb"},"inLanguage":"cs","potentialAction":[{"@type":"ReadAction","target":["https:\/\/shopatoa.com\/cz\/triko-kr-rukav-summer-wool-2\/"]}]},{"@type":"ImageObject","inLanguage":"cs","@id":"https:\/\/shopatoa.com\/cz\/triko-kr-rukav-summer-wool-2\/#primaryimage","url":"https:\/\/shopatoa.com\/cz\/wp-content\/uploads\/2025\/02\/19245_102.jpg","contentUrl":"https:\/\/shopatoa.com\/cz\/wp-content\/uploads\/2025\/02\/19245_102.jpg","width":440,"height":440},{"@type":"BreadcrumbList","@id":"https:\/\/shopatoa.com\/cz\/triko-kr-rukav-summer-wool-2\/#breadcrumb","itemListElement":[{"@type":"ListItem","position":1,"name":"Dom\u016f","item":"https:\/\/shopatoa.com\/cz\/"},{"@type":"ListItem","position":2,"name":"Produkty","item":"https:\/\/shopatoa.com\/cz\/shop\/"},{"@type":"ListItem","position":3,"name":"Uncategorized","item":"https:\/\/shopatoa.com\/cz\/uncategorized\/"},{"@type":"ListItem","position":4,"name":"Triko kr. ruk\u00e1v Summer Wool"}]},{"@type":"WebSite","@id":"https:\/\/shopatoa.com\/cz\/#website","url":"https:\/\/shopatoa.com\/cz\/","name":"SHOPATOA","description":"","publisher":{"@id":"https:\/\/shopatoa.com\/cz\/#organization"},"potentialAction":[{"@type":"SearchAction","target":{"@type":"EntryPoint","urlTemplate":"https:\/\/shopatoa.com\/cz\/?s={search_term_string}"},"query-input":{"@type":"PropertyValueSpecification","valueRequired":true,"valueName":"search_term_string"}}],"inLanguage":"cs"},{"@type":"Organization","@id":"https:\/\/shopatoa.com\/cz\/#organization","name":"SHOPATOA Digital s.r.o.","url":"https:\/\/shopatoa.com\/cz\/","logo":{"@type":"ImageObject","inLanguage":"cs","@id":"https:\/\/shopatoa.com\/cz\/#\/schema\/logo\/image\/","url":"https:\/\/storage.googleapis.com\/cz-shopatoa-img\/cz\/ebccf434-shopatoa_logo.png","contentUrl":"https:\/\/storage.googleapis.com\/cz-shopatoa-img\/cz\/ebccf434-shopatoa_logo.png","width":416,"height":63,"caption":"SHOPATOA Digital s.r.o."},"image":{"@id":"https:\/\/shopatoa.com\/cz\/#\/schema\/logo\/image\/"}}]}},"_links":{"self":[{"href":"https:\/\/shopatoa.com\/cz\/wp-json\/wp\/v2\/product\/129473","targetHints":{"allow":["GET"]}}],"collection":[{"href":"https:\/\/shopatoa.com\/cz\/wp-json\/wp\/v2\/product"}],"about":[{"href":"https:\/\/shopatoa.com\/cz\/wp-json\/wp\/v2\/types\/product"}],"replies":[{"embeddable":true,"href":"https:\/\/shopatoa.com\/cz\/wp-json\/wp\/v2\/comments?post=129473"}],"wp:featuredmedia":[{"embeddable":true,"href":"https:\/\/shopatoa.com\/cz\/wp-json\/wp\/v2\/media\/129474"}],"wp:attachment":[{"href":"https:\/\/shopatoa.com\/cz\/wp-json\/wp\/v2\/media?parent=129473"}],"wp:term":[{"taxonomy":"product_brand","embeddable":true,"href":"https:\/\/shopatoa.com\/cz\/wp-json\/wp\/v2\/product_brand?post=129473"},{"taxonomy":"product_cat","embeddable":true,"href":"https:\/\/shopatoa.com\/cz\/wp-json\/wp\/v2\/product_cat?post=129473"},{"taxonomy":"product_tag","embeddable":true,"href":"https:\/\/shopatoa.com\/cz\/wp-json\/wp\/v2\/product_tag?post=129473"}],"curies":[{"name":"wp","href":"https:\/\/api.w.org\/{rel}","templated":true}]}}