{"id":129563,"date":"2025-02-14T15:14:34","date_gmt":"2025-02-14T14:14:34","guid":{"rendered":"https:\/\/shopatoa.com\/cz\/team-jacket-m-cerna\/"},"modified":"2025-03-14T21:40:52","modified_gmt":"2025-03-14T20:40:52","slug":"team-jacket-m-cerna","status":"publish","type":"product","link":"https:\/\/shopatoa.com\/cz\/team-jacket-m-cerna\/","title":{"rendered":"TEAM JACKET-M \u010cern\u00e1"},"content":{"rendered":"<p>Kilpi TEAM JACKET-M je p\u00e1nsk\u00e1 ly\u017ea\u0159sk\u00e1 bunda z t\u00fdmov\u00e9 kolekce, kter\u00e1 je vhodn\u00e1 pro z\u00e1vodn\u00edky, tren\u00e9ry a instruktory. Jej\u00ed design a zpracov\u00e1n\u00ed se \u0159\u00edd\u00ed pot\u0159ebami sportovc\u016f, kte\u0159\u00ed tr\u00e1v\u00ed hodiny na svahu za jak\u00fdchkoliv podm\u00ednek. Spolehliv\u00fd a ov\u011b\u0159en\u00fd materi\u00e1l DERMIZAX s pln\u011b podlepen\u00fdmi \u0161vy je dostate\u010dn\u011b pevn\u00fd, odoln\u00fd a elastick\u00fd. Vnit\u0159n\u00ed elastick\u00e1 pod\u0161\u00edvka se s\u00ed\u0165ovan\u00fdmi z\u00f3nami pro lep\u0161\u00ed mikroventilaci, nab\u00edz\u00ed vysok\u00fd komfort a pohodl\u00ed p\u0159i ly\u017eov\u00e1n\u00ed. Zna\u010dkov\u00e1 syntetick\u00e1 izolace PRIMALOFT je z\u00e1rukou tepla a sucha i v t\u011bch netu\u017e\u0161\u00edch mrazech. Odn\u00edmateln\u00e1, nastaviteln\u00e1 kapuce m\u00e1 zpevn\u011bn\u00fd k\u0161ilt a je dostate\u010dn\u011b velk\u00e1 na to, aby se dala nasadit na helmu. Ventila\u010dn\u00ed zipy v podpa\u017e\u00ed slou\u017e\u00ed. Hlavn\u00ed i kapsov\u00e9 zipy jsou vod\u011bodoln\u00e9 zna\u010dky YKK. Lemy ruk\u00e1v\u016f s vnit\u0159n\u00ed man\u017eetou se utahuj\u00ed pomoc\u00ed such\u00fdch zip\u016f. Bunda je krom\u011b jin\u00e9ho vybavena 4 vn\u011bj\u0161\u00edmi kapsami, kapsou na skipass, a z\u00e1dovou kapsou na sva\u010dinu, l\u00e9k\u00e1rni\u010dku nebo jin\u00e9 nezbytnosti pot\u0159ebn\u00e9 na svahu. Na vnit\u0159n\u00ed stran\u011b nechyb\u00ed protisn\u011bhov\u00fd l\u00edmec, kapsa na br\u00fdle s had\u0159\u00edkem na \u010di\u0161t\u011bn\u00ed br\u00fdl\u00ed, jmenovka a zipov\u00e1 kapsa na cennosti. Na ruk\u00e1vovou n\u00e1\u0161ivku ze such\u00e9ho zipu je mo\u017en\u00e9 um\u00edstit vlastn\u00ed logo nebo jmenovku. Mezin\u00e1rodn\u011b pou\u017e\u00edvan\u00fd integrovan\u00fd prvek RECCO zvy\u0161uje va\u0161i dohledatelnost p\u0159i nehod\u011b v ter\u00e9nu. Z\u00e1vodn\u00ed design \u010dern\u00e9 bundy je zv\u00fdrazn\u011bn kontrastn\u00edmi prvky v t\u00fdmov\u00e9 modr\u00e9 a b\u00edl\u00e9 barv\u011b.<\/p>\n","protected":false},"excerpt":{"rendered":"<p>Kilpi TEAM JACKET-M je p\u00e1nsk\u00e1 ly\u017ea\u0159sk\u00e1 bunda z t\u00fdmov\u00e9 kolekce, kter\u00e1 je vhodn\u00e1 pro z\u00e1vodn\u00edky, tren\u00e9ry a instruktory. Jej\u00ed design a zpracov\u00e1n\u00ed se \u0159\u00edd\u00ed pot\u0159ebami sportovc\u016f, kte\u0159\u00ed tr\u00e1v\u00ed hodiny na svahu za jak\u00fdchkoliv podm\u00ednek. Spolehliv\u00fd a ov\u011b\u0159en\u00fd materi\u00e1l DERMIZAX s pln\u011b podlepen\u00fdmi \u0161vy je dostate\u010dn\u011b pevn\u00fd, odoln\u00fd a elastick\u00fd. Vnit\u0159n\u00ed elastick\u00e1 pod\u0161\u00edvka se s\u00ed\u0165ovan\u00fdmi z\u00f3nami&#8230;<\/p>\n","protected":false},"featured_media":129564,"comment_status":"closed","ping_status":"open","template":"","meta":{"_acf_changed":false,"_kadence_starter_templates_imported_post":false,"_kad_post_transparent":"","_kad_post_title":"","_kad_post_layout":"","_kad_post_sidebar_id":"","_kad_post_content_style":"","_kad_post_vertical_padding":"","_kad_post_feature":"","_kad_post_feature_position":"","_kad_post_header":false,"_kad_post_footer":false,"_kad_post_classname":""},"product_brand":[],"product_cat":[15],"product_tag":[],"class_list":{"0":"post-129563","1":"product","2":"type-product","3":"status-publish","4":"has-post-thumbnail","6":"product_cat-uncategorized","7":"pa_obchod-shopkilpi-cz","8":"pa_pohlavi-muz","9":"pa_sport-lyze","11":"first","12":"instock","13":"product-type-external","14":"entry","15":"content-bg","16":"loop-entry"},"acf":[],"yoast_head":"<!-- This site is optimized with the Yoast SEO plugin v27.4 - https:\/\/yoast.com\/product\/yoast-seo-wordpress\/ -->\n<title>TEAM JACKET-M \u010cern\u00e1 - SHOPATOA.COM<\/title>\n<meta name=\"description\" content=\"Kilpi TEAM JACKET-M je p&aacute;nsk&aacute; ly&#382;a&#345;sk&aacute; bunda z t&yacute;mov&eacute; kolekce, kter&aacute; je vhodn&aacute; pro z&aacute;vodn&iacute;ky, tren&eacute;ry a instruktory. Jej&iacute; design a zpracov&aacute;n&iacute; se &#345;&iacute;d&iacute; pot&#345;ebami sportovc&#367;, kte&#345;&iacute; tr&aacute;v&iacute; hodiny na svahu za jak&yacute;chkoliv podm&iacute;nek. Spolehliv&yacute; a ov&#283;&#345;en&yacute; materi&aacute;l DERMIZAX s pln&#283; podlepen&yacute;mi &scaron;vy je dostate&#269;n&#283; pevn&yacute;, odoln&yacute; a elastick&yacute;. Vnit&#345;n&iacute; elastick&aacute; pod&scaron;&iacute;vka se s&iacute;&#357;ovan&yacute;mi z&oacute;nami pro lep&scaron;&iacute; mikroventilaci, nab&iacute;z&iacute; vysok&yacute; komfort a pohodl&iacute; p&#345;i ly&#382;ov&aacute;n&iacute;. Zna&#269;kov&aacute; syntetick&aacute; izolace PRIMALOFT je z&aacute;rukou tepla a sucha i v t&#283;ch netu&#382;&scaron;&iacute;ch mrazech. Odn&iacute;mateln&aacute;, nastaviteln&aacute; kapuce m&aacute; zpevn&#283;n&yacute; k&scaron;ilt a je dostate&#269;n&#283; velk&aacute; na to, aby se dala nasadit na helmu. Ventila&#269;n&iacute; zipy v podpa&#382;&iacute; slou&#382;&iacute;. Hlavn&iacute; i kapsov&eacute; zipy jsou vod&#283;odoln&eacute; zna&#269;ky YKK. Lemy ruk&aacute;v&#367; s vnit&#345;n&iacute; man&#382;etou se utahuj&iacute; pomoc&iacute; such&yacute;ch zip&#367;. Bunda je krom&#283; jin&eacute;ho vybavena 4 vn&#283;j&scaron;&iacute;mi kapsami, kapsou na skipass, a z&aacute;dovou kapsou na sva&#269;inu, l&eacute;k&aacute;rni&#269;ku nebo jin&eacute; nezbytnosti pot&#345;ebn&eacute; na svahu. Na vnit&#345;n&iacute; stran&#283; nechyb&iacute; protisn&#283;hov&yacute; l&iacute;mec, kapsa na br&yacute;le s had&#345;&iacute;kem na &#269;i&scaron;t&#283;n&iacute; br&yacute;l&iacute;, jmenovka a zipov&aacute; kapsa na cennosti. Na ruk&aacute;vovou n&aacute;&scaron;ivku ze such&eacute;ho zipu je mo&#382;n&eacute; um&iacute;stit vlastn&iacute; logo nebo jmenovku. Mezin&aacute;rodn&#283; pou&#382;&iacute;van&yacute; integrovan&yacute; prvek RECCO zvy&scaron;uje va&scaron;i dohledatelnost p&#345;i nehod&#283; v ter&eacute;nu. Z&aacute;vodn&iacute; design &#269;ern&eacute; bundy je zv&yacute;razn&#283;n kontrastn&iacute;mi prvky v t&yacute;mov&eacute; modr&eacute; a b&iacute;l&eacute; barv&#283;.\" \/>\n<meta name=\"robots\" content=\"index, follow, max-snippet:-1, max-image-preview:large, max-video-preview:-1\" \/>\n<link rel=\"canonical\" href=\"https:\/\/shopatoa.com\/cz\/team-jacket-m-cerna\/\" \/>\n<meta property=\"og:locale\" content=\"cs_CZ\" \/>\n<meta property=\"og:type\" content=\"article\" \/>\n<meta property=\"og:title\" content=\"TEAM JACKET-M \u010cern\u00e1 - SHOPATOA.COM\" \/>\n<meta property=\"og:description\" content=\"Kilpi TEAM JACKET-M je p&aacute;nsk&aacute; ly&#382;a&#345;sk&aacute; bunda z t&yacute;mov&eacute; kolekce, kter&aacute; je vhodn&aacute; pro z&aacute;vodn&iacute;ky, tren&eacute;ry a instruktory. Jej&iacute; design a zpracov&aacute;n&iacute; se &#345;&iacute;d&iacute; pot&#345;ebami sportovc&#367;, kte&#345;&iacute; tr&aacute;v&iacute; hodiny na svahu za jak&yacute;chkoliv podm&iacute;nek. Spolehliv&yacute; a ov&#283;&#345;en&yacute; materi&aacute;l DERMIZAX s pln&#283; podlepen&yacute;mi &scaron;vy je dostate&#269;n&#283; pevn&yacute;, odoln&yacute; a elastick&yacute;. Vnit&#345;n&iacute; elastick&aacute; pod&scaron;&iacute;vka se s&iacute;&#357;ovan&yacute;mi z&oacute;nami pro lep&scaron;&iacute; mikroventilaci, nab&iacute;z&iacute; vysok&yacute; komfort a pohodl&iacute; p&#345;i ly&#382;ov&aacute;n&iacute;. Zna&#269;kov&aacute; syntetick&aacute; izolace PRIMALOFT je z&aacute;rukou tepla a sucha i v t&#283;ch netu&#382;&scaron;&iacute;ch mrazech. Odn&iacute;mateln&aacute;, nastaviteln&aacute; kapuce m&aacute; zpevn&#283;n&yacute; k&scaron;ilt a je dostate&#269;n&#283; velk&aacute; na to, aby se dala nasadit na helmu. Ventila&#269;n&iacute; zipy v podpa&#382;&iacute; slou&#382;&iacute;. Hlavn&iacute; i kapsov&eacute; zipy jsou vod&#283;odoln&eacute; zna&#269;ky YKK. Lemy ruk&aacute;v&#367; s vnit&#345;n&iacute; man&#382;etou se utahuj&iacute; pomoc&iacute; such&yacute;ch zip&#367;. Bunda je krom&#283; jin&eacute;ho vybavena 4 vn&#283;j&scaron;&iacute;mi kapsami, kapsou na skipass, a z&aacute;dovou kapsou na sva&#269;inu, l&eacute;k&aacute;rni&#269;ku nebo jin&eacute; nezbytnosti pot&#345;ebn&eacute; na svahu. Na vnit&#345;n&iacute; stran&#283; nechyb&iacute; protisn&#283;hov&yacute; l&iacute;mec, kapsa na br&yacute;le s had&#345;&iacute;kem na &#269;i&scaron;t&#283;n&iacute; br&yacute;l&iacute;, jmenovka a zipov&aacute; kapsa na cennosti. Na ruk&aacute;vovou n&aacute;&scaron;ivku ze such&eacute;ho zipu je mo&#382;n&eacute; um&iacute;stit vlastn&iacute; logo nebo jmenovku. Mezin&aacute;rodn&#283; pou&#382;&iacute;van&yacute; integrovan&yacute; prvek RECCO zvy&scaron;uje va&scaron;i dohledatelnost p&#345;i nehod&#283; v ter&eacute;nu. Z&aacute;vodn&iacute; design &#269;ern&eacute; bundy je zv&yacute;razn&#283;n kontrastn&iacute;mi prvky v t&yacute;mov&eacute; modr&eacute; a b&iacute;l&eacute; barv&#283;.\" \/>\n<meta property=\"og:url\" content=\"https:\/\/shopatoa.com\/cz\/team-jacket-m-cerna\/\" \/>\n<meta property=\"og:site_name\" content=\"SHOPATOA\" \/>\n<meta property=\"article:modified_time\" content=\"2025-03-14T20:40:52+00:00\" \/>\n<meta property=\"og:image\" content=\"https:\/\/shopatoa.com\/cz\/wp-content\/uploads\/2025\/02\/SM0105KIBLK_TEAM_JACKET-M_01.jpg\" \/>\n\t<meta property=\"og:image:width\" content=\"416\" \/>\n\t<meta property=\"og:image:height\" content=\"600\" \/>\n\t<meta property=\"og:image:type\" content=\"image\/jpeg\" \/>\n<meta name=\"twitter:card\" content=\"summary_large_image\" \/>\n<meta name=\"twitter:label1\" content=\"Odhadovan\u00e1 doba \u010dten\u00ed\" \/>\n\t<meta name=\"twitter:data1\" content=\"1 minuta\" \/>\n<script type=\"application\/ld+json\" class=\"yoast-schema-graph\">{\"@context\":\"https:\\\/\\\/schema.org\",\"@graph\":[{\"@type\":\"WebPage\",\"@id\":\"https:\\\/\\\/shopatoa.com\\\/cz\\\/team-jacket-m-cerna\\\/\",\"url\":\"https:\\\/\\\/shopatoa.com\\\/cz\\\/team-jacket-m-cerna\\\/\",\"name\":\"TEAM JACKET-M \u010cern\u00e1 - SHOPATOA.COM\",\"isPartOf\":{\"@id\":\"https:\\\/\\\/shopatoa.com\\\/cz\\\/#website\"},\"primaryImageOfPage\":{\"@id\":\"https:\\\/\\\/shopatoa.com\\\/cz\\\/team-jacket-m-cerna\\\/#primaryimage\"},\"image\":{\"@id\":\"https:\\\/\\\/shopatoa.com\\\/cz\\\/team-jacket-m-cerna\\\/#primaryimage\"},\"thumbnailUrl\":\"https:\\\/\\\/shopatoa.com\\\/cz\\\/wp-content\\\/uploads\\\/2025\\\/02\\\/SM0105KIBLK_TEAM_JACKET-M_01.jpg\",\"datePublished\":\"2025-02-14T14:14:34+00:00\",\"dateModified\":\"2025-03-14T20:40:52+00:00\",\"description\":\"Kilpi TEAM JACKET-M je p&aacute;nsk&aacute; ly&#382;a&#345;sk&aacute; bunda z t&yacute;mov&eacute; kolekce, kter&aacute; je vhodn&aacute; pro z&aacute;vodn&iacute;ky, tren&eacute;ry a instruktory. Jej&iacute; design a zpracov&aacute;n&iacute; se &#345;&iacute;d&iacute; pot&#345;ebami sportovc&#367;, kte&#345;&iacute; tr&aacute;v&iacute; hodiny na svahu za jak&yacute;chkoliv podm&iacute;nek. Spolehliv&yacute; a ov&#283;&#345;en&yacute; materi&aacute;l DERMIZAX s pln&#283; podlepen&yacute;mi &scaron;vy je dostate&#269;n&#283; pevn&yacute;, odoln&yacute; a elastick&yacute;. Vnit&#345;n&iacute; elastick&aacute; pod&scaron;&iacute;vka se s&iacute;&#357;ovan&yacute;mi z&oacute;nami pro lep&scaron;&iacute; mikroventilaci, nab&iacute;z&iacute; vysok&yacute; komfort a pohodl&iacute; p&#345;i ly&#382;ov&aacute;n&iacute;. Zna&#269;kov&aacute; syntetick&aacute; izolace PRIMALOFT je z&aacute;rukou tepla a sucha i v t&#283;ch netu&#382;&scaron;&iacute;ch mrazech. Odn&iacute;mateln&aacute;, nastaviteln&aacute; kapuce m&aacute; zpevn&#283;n&yacute; k&scaron;ilt a je dostate&#269;n&#283; velk&aacute; na to, aby se dala nasadit na helmu. Ventila&#269;n&iacute; zipy v podpa&#382;&iacute; slou&#382;&iacute;. Hlavn&iacute; i kapsov&eacute; zipy jsou vod&#283;odoln&eacute; zna&#269;ky YKK. Lemy ruk&aacute;v&#367; s vnit&#345;n&iacute; man&#382;etou se utahuj&iacute; pomoc&iacute; such&yacute;ch zip&#367;. Bunda je krom&#283; jin&eacute;ho vybavena 4 vn&#283;j&scaron;&iacute;mi kapsami, kapsou na skipass, a z&aacute;dovou kapsou na sva&#269;inu, l&eacute;k&aacute;rni&#269;ku nebo jin&eacute; nezbytnosti pot&#345;ebn&eacute; na svahu. Na vnit&#345;n&iacute; stran&#283; nechyb&iacute; protisn&#283;hov&yacute; l&iacute;mec, kapsa na br&yacute;le s had&#345;&iacute;kem na &#269;i&scaron;t&#283;n&iacute; br&yacute;l&iacute;, jmenovka a zipov&aacute; kapsa na cennosti. Na ruk&aacute;vovou n&aacute;&scaron;ivku ze such&eacute;ho zipu je mo&#382;n&eacute; um&iacute;stit vlastn&iacute; logo nebo jmenovku. Mezin&aacute;rodn&#283; pou&#382;&iacute;van&yacute; integrovan&yacute; prvek RECCO zvy&scaron;uje va&scaron;i dohledatelnost p&#345;i nehod&#283; v ter&eacute;nu. Z&aacute;vodn&iacute; design &#269;ern&eacute; bundy je zv&yacute;razn&#283;n kontrastn&iacute;mi prvky v t&yacute;mov&eacute; modr&eacute; a b&iacute;l&eacute; barv&#283;.\",\"breadcrumb\":{\"@id\":\"https:\\\/\\\/shopatoa.com\\\/cz\\\/team-jacket-m-cerna\\\/#breadcrumb\"},\"inLanguage\":\"cs\",\"potentialAction\":[{\"@type\":\"ReadAction\",\"target\":[\"https:\\\/\\\/shopatoa.com\\\/cz\\\/team-jacket-m-cerna\\\/\"]}]},{\"@type\":\"ImageObject\",\"inLanguage\":\"cs\",\"@id\":\"https:\\\/\\\/shopatoa.com\\\/cz\\\/team-jacket-m-cerna\\\/#primaryimage\",\"url\":\"https:\\\/\\\/shopatoa.com\\\/cz\\\/wp-content\\\/uploads\\\/2025\\\/02\\\/SM0105KIBLK_TEAM_JACKET-M_01.jpg\",\"contentUrl\":\"https:\\\/\\\/shopatoa.com\\\/cz\\\/wp-content\\\/uploads\\\/2025\\\/02\\\/SM0105KIBLK_TEAM_JACKET-M_01.jpg\",\"width\":416,\"height\":600},{\"@type\":\"BreadcrumbList\",\"@id\":\"https:\\\/\\\/shopatoa.com\\\/cz\\\/team-jacket-m-cerna\\\/#breadcrumb\",\"itemListElement\":[{\"@type\":\"ListItem\",\"position\":1,\"name\":\"Dom\u016f\",\"item\":\"https:\\\/\\\/shopatoa.com\\\/cz\\\/\"},{\"@type\":\"ListItem\",\"position\":2,\"name\":\"Produkty\",\"item\":\"https:\\\/\\\/shopatoa.com\\\/cz\\\/shop\\\/\"},{\"@type\":\"ListItem\",\"position\":3,\"name\":\"Uncategorized\",\"item\":\"https:\\\/\\\/shopatoa.com\\\/cz\\\/uncategorized\\\/\"},{\"@type\":\"ListItem\",\"position\":4,\"name\":\"TEAM JACKET-M \u010cern\u00e1\"}]},{\"@type\":\"WebSite\",\"@id\":\"https:\\\/\\\/shopatoa.com\\\/cz\\\/#website\",\"url\":\"https:\\\/\\\/shopatoa.com\\\/cz\\\/\",\"name\":\"SHOPATOA\",\"description\":\"\",\"publisher\":{\"@id\":\"https:\\\/\\\/shopatoa.com\\\/cz\\\/#organization\"},\"potentialAction\":[{\"@type\":\"SearchAction\",\"target\":{\"@type\":\"EntryPoint\",\"urlTemplate\":\"https:\\\/\\\/shopatoa.com\\\/cz\\\/?s={search_term_string}\"},\"query-input\":{\"@type\":\"PropertyValueSpecification\",\"valueRequired\":true,\"valueName\":\"search_term_string\"}}],\"inLanguage\":\"cs\"},{\"@type\":\"Organization\",\"@id\":\"https:\\\/\\\/shopatoa.com\\\/cz\\\/#organization\",\"name\":\"SHOPATOA Digital s.r.o.\",\"url\":\"https:\\\/\\\/shopatoa.com\\\/cz\\\/\",\"logo\":{\"@type\":\"ImageObject\",\"inLanguage\":\"cs\",\"@id\":\"https:\\\/\\\/shopatoa.com\\\/cz\\\/#\\\/schema\\\/logo\\\/image\\\/\",\"url\":\"https:\\\/\\\/storage.googleapis.com\\\/cz-shopatoa-img\\\/cz\\\/ebccf434-shopatoa_logo.png\",\"contentUrl\":\"https:\\\/\\\/storage.googleapis.com\\\/cz-shopatoa-img\\\/cz\\\/ebccf434-shopatoa_logo.png\",\"width\":416,\"height\":63,\"caption\":\"SHOPATOA Digital s.r.o.\"},\"image\":{\"@id\":\"https:\\\/\\\/shopatoa.com\\\/cz\\\/#\\\/schema\\\/logo\\\/image\\\/\"}}]}<\/script>\n<!-- \/ Yoast SEO plugin. -->","yoast_head_json":{"title":"TEAM JACKET-M \u010cern\u00e1 - SHOPATOA.COM","description":"Kilpi TEAM JACKET-M je p&aacute;nsk&aacute; ly&#382;a&#345;sk&aacute; bunda z t&yacute;mov&eacute; kolekce, kter&aacute; je vhodn&aacute; pro z&aacute;vodn&iacute;ky, tren&eacute;ry a instruktory. Jej&iacute; design a zpracov&aacute;n&iacute; se &#345;&iacute;d&iacute; pot&#345;ebami sportovc&#367;, kte&#345;&iacute; tr&aacute;v&iacute; hodiny na svahu za jak&yacute;chkoliv podm&iacute;nek. Spolehliv&yacute; a ov&#283;&#345;en&yacute; materi&aacute;l DERMIZAX s pln&#283; podlepen&yacute;mi &scaron;vy je dostate&#269;n&#283; pevn&yacute;, odoln&yacute; a elastick&yacute;. Vnit&#345;n&iacute; elastick&aacute; pod&scaron;&iacute;vka se s&iacute;&#357;ovan&yacute;mi z&oacute;nami pro lep&scaron;&iacute; mikroventilaci, nab&iacute;z&iacute; vysok&yacute; komfort a pohodl&iacute; p&#345;i ly&#382;ov&aacute;n&iacute;. Zna&#269;kov&aacute; syntetick&aacute; izolace PRIMALOFT je z&aacute;rukou tepla a sucha i v t&#283;ch netu&#382;&scaron;&iacute;ch mrazech. Odn&iacute;mateln&aacute;, nastaviteln&aacute; kapuce m&aacute; zpevn&#283;n&yacute; k&scaron;ilt a je dostate&#269;n&#283; velk&aacute; na to, aby se dala nasadit na helmu. Ventila&#269;n&iacute; zipy v podpa&#382;&iacute; slou&#382;&iacute;. Hlavn&iacute; i kapsov&eacute; zipy jsou vod&#283;odoln&eacute; zna&#269;ky YKK. Lemy ruk&aacute;v&#367; s vnit&#345;n&iacute; man&#382;etou se utahuj&iacute; pomoc&iacute; such&yacute;ch zip&#367;. Bunda je krom&#283; jin&eacute;ho vybavena 4 vn&#283;j&scaron;&iacute;mi kapsami, kapsou na skipass, a z&aacute;dovou kapsou na sva&#269;inu, l&eacute;k&aacute;rni&#269;ku nebo jin&eacute; nezbytnosti pot&#345;ebn&eacute; na svahu. Na vnit&#345;n&iacute; stran&#283; nechyb&iacute; protisn&#283;hov&yacute; l&iacute;mec, kapsa na br&yacute;le s had&#345;&iacute;kem na &#269;i&scaron;t&#283;n&iacute; br&yacute;l&iacute;, jmenovka a zipov&aacute; kapsa na cennosti. Na ruk&aacute;vovou n&aacute;&scaron;ivku ze such&eacute;ho zipu je mo&#382;n&eacute; um&iacute;stit vlastn&iacute; logo nebo jmenovku. Mezin&aacute;rodn&#283; pou&#382;&iacute;van&yacute; integrovan&yacute; prvek RECCO zvy&scaron;uje va&scaron;i dohledatelnost p&#345;i nehod&#283; v ter&eacute;nu. Z&aacute;vodn&iacute; design &#269;ern&eacute; bundy je zv&yacute;razn&#283;n kontrastn&iacute;mi prvky v t&yacute;mov&eacute; modr&eacute; a b&iacute;l&eacute; barv&#283;.","robots":{"index":"index","follow":"follow","max-snippet":"max-snippet:-1","max-image-preview":"max-image-preview:large","max-video-preview":"max-video-preview:-1"},"canonical":"https:\/\/shopatoa.com\/cz\/team-jacket-m-cerna\/","og_locale":"cs_CZ","og_type":"article","og_title":"TEAM JACKET-M \u010cern\u00e1 - SHOPATOA.COM","og_description":"Kilpi TEAM JACKET-M je p&aacute;nsk&aacute; ly&#382;a&#345;sk&aacute; bunda z t&yacute;mov&eacute; kolekce, kter&aacute; je vhodn&aacute; pro z&aacute;vodn&iacute;ky, tren&eacute;ry a instruktory. Jej&iacute; design a zpracov&aacute;n&iacute; se &#345;&iacute;d&iacute; pot&#345;ebami sportovc&#367;, kte&#345;&iacute; tr&aacute;v&iacute; hodiny na svahu za jak&yacute;chkoliv podm&iacute;nek. Spolehliv&yacute; a ov&#283;&#345;en&yacute; materi&aacute;l DERMIZAX s pln&#283; podlepen&yacute;mi &scaron;vy je dostate&#269;n&#283; pevn&yacute;, odoln&yacute; a elastick&yacute;. Vnit&#345;n&iacute; elastick&aacute; pod&scaron;&iacute;vka se s&iacute;&#357;ovan&yacute;mi z&oacute;nami pro lep&scaron;&iacute; mikroventilaci, nab&iacute;z&iacute; vysok&yacute; komfort a pohodl&iacute; p&#345;i ly&#382;ov&aacute;n&iacute;. Zna&#269;kov&aacute; syntetick&aacute; izolace PRIMALOFT je z&aacute;rukou tepla a sucha i v t&#283;ch netu&#382;&scaron;&iacute;ch mrazech. Odn&iacute;mateln&aacute;, nastaviteln&aacute; kapuce m&aacute; zpevn&#283;n&yacute; k&scaron;ilt a je dostate&#269;n&#283; velk&aacute; na to, aby se dala nasadit na helmu. Ventila&#269;n&iacute; zipy v podpa&#382;&iacute; slou&#382;&iacute;. Hlavn&iacute; i kapsov&eacute; zipy jsou vod&#283;odoln&eacute; zna&#269;ky YKK. Lemy ruk&aacute;v&#367; s vnit&#345;n&iacute; man&#382;etou se utahuj&iacute; pomoc&iacute; such&yacute;ch zip&#367;. Bunda je krom&#283; jin&eacute;ho vybavena 4 vn&#283;j&scaron;&iacute;mi kapsami, kapsou na skipass, a z&aacute;dovou kapsou na sva&#269;inu, l&eacute;k&aacute;rni&#269;ku nebo jin&eacute; nezbytnosti pot&#345;ebn&eacute; na svahu. Na vnit&#345;n&iacute; stran&#283; nechyb&iacute; protisn&#283;hov&yacute; l&iacute;mec, kapsa na br&yacute;le s had&#345;&iacute;kem na &#269;i&scaron;t&#283;n&iacute; br&yacute;l&iacute;, jmenovka a zipov&aacute; kapsa na cennosti. Na ruk&aacute;vovou n&aacute;&scaron;ivku ze such&eacute;ho zipu je mo&#382;n&eacute; um&iacute;stit vlastn&iacute; logo nebo jmenovku. Mezin&aacute;rodn&#283; pou&#382;&iacute;van&yacute; integrovan&yacute; prvek RECCO zvy&scaron;uje va&scaron;i dohledatelnost p&#345;i nehod&#283; v ter&eacute;nu. Z&aacute;vodn&iacute; design &#269;ern&eacute; bundy je zv&yacute;razn&#283;n kontrastn&iacute;mi prvky v t&yacute;mov&eacute; modr&eacute; a b&iacute;l&eacute; barv&#283;.","og_url":"https:\/\/shopatoa.com\/cz\/team-jacket-m-cerna\/","og_site_name":"SHOPATOA","article_modified_time":"2025-03-14T20:40:52+00:00","og_image":[{"width":416,"height":600,"url":"https:\/\/shopatoa.com\/cz\/wp-content\/uploads\/2025\/02\/SM0105KIBLK_TEAM_JACKET-M_01.jpg","type":"image\/jpeg"}],"twitter_card":"summary_large_image","twitter_misc":{"Odhadovan\u00e1 doba \u010dten\u00ed":"1 minuta"},"schema":{"@context":"https:\/\/schema.org","@graph":[{"@type":"WebPage","@id":"https:\/\/shopatoa.com\/cz\/team-jacket-m-cerna\/","url":"https:\/\/shopatoa.com\/cz\/team-jacket-m-cerna\/","name":"TEAM JACKET-M \u010cern\u00e1 - SHOPATOA.COM","isPartOf":{"@id":"https:\/\/shopatoa.com\/cz\/#website"},"primaryImageOfPage":{"@id":"https:\/\/shopatoa.com\/cz\/team-jacket-m-cerna\/#primaryimage"},"image":{"@id":"https:\/\/shopatoa.com\/cz\/team-jacket-m-cerna\/#primaryimage"},"thumbnailUrl":"https:\/\/shopatoa.com\/cz\/wp-content\/uploads\/2025\/02\/SM0105KIBLK_TEAM_JACKET-M_01.jpg","datePublished":"2025-02-14T14:14:34+00:00","dateModified":"2025-03-14T20:40:52+00:00","description":"Kilpi TEAM JACKET-M je p&aacute;nsk&aacute; ly&#382;a&#345;sk&aacute; bunda z t&yacute;mov&eacute; kolekce, kter&aacute; je vhodn&aacute; pro z&aacute;vodn&iacute;ky, tren&eacute;ry a instruktory. Jej&iacute; design a zpracov&aacute;n&iacute; se &#345;&iacute;d&iacute; pot&#345;ebami sportovc&#367;, kte&#345;&iacute; tr&aacute;v&iacute; hodiny na svahu za jak&yacute;chkoliv podm&iacute;nek. Spolehliv&yacute; a ov&#283;&#345;en&yacute; materi&aacute;l DERMIZAX s pln&#283; podlepen&yacute;mi &scaron;vy je dostate&#269;n&#283; pevn&yacute;, odoln&yacute; a elastick&yacute;. Vnit&#345;n&iacute; elastick&aacute; pod&scaron;&iacute;vka se s&iacute;&#357;ovan&yacute;mi z&oacute;nami pro lep&scaron;&iacute; mikroventilaci, nab&iacute;z&iacute; vysok&yacute; komfort a pohodl&iacute; p&#345;i ly&#382;ov&aacute;n&iacute;. Zna&#269;kov&aacute; syntetick&aacute; izolace PRIMALOFT je z&aacute;rukou tepla a sucha i v t&#283;ch netu&#382;&scaron;&iacute;ch mrazech. Odn&iacute;mateln&aacute;, nastaviteln&aacute; kapuce m&aacute; zpevn&#283;n&yacute; k&scaron;ilt a je dostate&#269;n&#283; velk&aacute; na to, aby se dala nasadit na helmu. Ventila&#269;n&iacute; zipy v podpa&#382;&iacute; slou&#382;&iacute;. Hlavn&iacute; i kapsov&eacute; zipy jsou vod&#283;odoln&eacute; zna&#269;ky YKK. Lemy ruk&aacute;v&#367; s vnit&#345;n&iacute; man&#382;etou se utahuj&iacute; pomoc&iacute; such&yacute;ch zip&#367;. Bunda je krom&#283; jin&eacute;ho vybavena 4 vn&#283;j&scaron;&iacute;mi kapsami, kapsou na skipass, a z&aacute;dovou kapsou na sva&#269;inu, l&eacute;k&aacute;rni&#269;ku nebo jin&eacute; nezbytnosti pot&#345;ebn&eacute; na svahu. Na vnit&#345;n&iacute; stran&#283; nechyb&iacute; protisn&#283;hov&yacute; l&iacute;mec, kapsa na br&yacute;le s had&#345;&iacute;kem na &#269;i&scaron;t&#283;n&iacute; br&yacute;l&iacute;, jmenovka a zipov&aacute; kapsa na cennosti. Na ruk&aacute;vovou n&aacute;&scaron;ivku ze such&eacute;ho zipu je mo&#382;n&eacute; um&iacute;stit vlastn&iacute; logo nebo jmenovku. Mezin&aacute;rodn&#283; pou&#382;&iacute;van&yacute; integrovan&yacute; prvek RECCO zvy&scaron;uje va&scaron;i dohledatelnost p&#345;i nehod&#283; v ter&eacute;nu. Z&aacute;vodn&iacute; design &#269;ern&eacute; bundy je zv&yacute;razn&#283;n kontrastn&iacute;mi prvky v t&yacute;mov&eacute; modr&eacute; a b&iacute;l&eacute; barv&#283;.","breadcrumb":{"@id":"https:\/\/shopatoa.com\/cz\/team-jacket-m-cerna\/#breadcrumb"},"inLanguage":"cs","potentialAction":[{"@type":"ReadAction","target":["https:\/\/shopatoa.com\/cz\/team-jacket-m-cerna\/"]}]},{"@type":"ImageObject","inLanguage":"cs","@id":"https:\/\/shopatoa.com\/cz\/team-jacket-m-cerna\/#primaryimage","url":"https:\/\/shopatoa.com\/cz\/wp-content\/uploads\/2025\/02\/SM0105KIBLK_TEAM_JACKET-M_01.jpg","contentUrl":"https:\/\/shopatoa.com\/cz\/wp-content\/uploads\/2025\/02\/SM0105KIBLK_TEAM_JACKET-M_01.jpg","width":416,"height":600},{"@type":"BreadcrumbList","@id":"https:\/\/shopatoa.com\/cz\/team-jacket-m-cerna\/#breadcrumb","itemListElement":[{"@type":"ListItem","position":1,"name":"Dom\u016f","item":"https:\/\/shopatoa.com\/cz\/"},{"@type":"ListItem","position":2,"name":"Produkty","item":"https:\/\/shopatoa.com\/cz\/shop\/"},{"@type":"ListItem","position":3,"name":"Uncategorized","item":"https:\/\/shopatoa.com\/cz\/uncategorized\/"},{"@type":"ListItem","position":4,"name":"TEAM JACKET-M \u010cern\u00e1"}]},{"@type":"WebSite","@id":"https:\/\/shopatoa.com\/cz\/#website","url":"https:\/\/shopatoa.com\/cz\/","name":"SHOPATOA","description":"","publisher":{"@id":"https:\/\/shopatoa.com\/cz\/#organization"},"potentialAction":[{"@type":"SearchAction","target":{"@type":"EntryPoint","urlTemplate":"https:\/\/shopatoa.com\/cz\/?s={search_term_string}"},"query-input":{"@type":"PropertyValueSpecification","valueRequired":true,"valueName":"search_term_string"}}],"inLanguage":"cs"},{"@type":"Organization","@id":"https:\/\/shopatoa.com\/cz\/#organization","name":"SHOPATOA Digital s.r.o.","url":"https:\/\/shopatoa.com\/cz\/","logo":{"@type":"ImageObject","inLanguage":"cs","@id":"https:\/\/shopatoa.com\/cz\/#\/schema\/logo\/image\/","url":"https:\/\/storage.googleapis.com\/cz-shopatoa-img\/cz\/ebccf434-shopatoa_logo.png","contentUrl":"https:\/\/storage.googleapis.com\/cz-shopatoa-img\/cz\/ebccf434-shopatoa_logo.png","width":416,"height":63,"caption":"SHOPATOA Digital s.r.o."},"image":{"@id":"https:\/\/shopatoa.com\/cz\/#\/schema\/logo\/image\/"}}]}},"_links":{"self":[{"href":"https:\/\/shopatoa.com\/cz\/wp-json\/wp\/v2\/product\/129563","targetHints":{"allow":["GET"]}}],"collection":[{"href":"https:\/\/shopatoa.com\/cz\/wp-json\/wp\/v2\/product"}],"about":[{"href":"https:\/\/shopatoa.com\/cz\/wp-json\/wp\/v2\/types\/product"}],"replies":[{"embeddable":true,"href":"https:\/\/shopatoa.com\/cz\/wp-json\/wp\/v2\/comments?post=129563"}],"wp:featuredmedia":[{"embeddable":true,"href":"https:\/\/shopatoa.com\/cz\/wp-json\/wp\/v2\/media\/129564"}],"wp:attachment":[{"href":"https:\/\/shopatoa.com\/cz\/wp-json\/wp\/v2\/media?parent=129563"}],"wp:term":[{"taxonomy":"product_brand","embeddable":true,"href":"https:\/\/shopatoa.com\/cz\/wp-json\/wp\/v2\/product_brand?post=129563"},{"taxonomy":"product_cat","embeddable":true,"href":"https:\/\/shopatoa.com\/cz\/wp-json\/wp\/v2\/product_cat?post=129563"},{"taxonomy":"product_tag","embeddable":true,"href":"https:\/\/shopatoa.com\/cz\/wp-json\/wp\/v2\/product_tag?post=129563"}],"curies":[{"name":"wp","href":"https:\/\/api.w.org\/{rel}","templated":true}]}}