{"id":129565,"date":"2025-02-14T15:14:34","date_gmt":"2025-02-14T14:14:34","guid":{"rendered":"https:\/\/shopatoa.com\/cz\/hyder-m-cervena\/"},"modified":"2025-03-14T21:40:54","modified_gmt":"2025-03-14T20:40:54","slug":"hyder-m-cervena","status":"publish","type":"product","link":"https:\/\/shopatoa.com\/cz\/hyder-m-cervena\/","title":{"rendered":"HYDER-M \u010cerven\u00e1"},"content":{"rendered":"<p>P\u00e1nsk\u00e1 ly\u017ea\u0159sk\u00e1 bunda Kilpi HYDER-M p\u0159edstavuje to nejlep\u0161\u00ed v nab\u00eddce p\u00e1nsk\u00fdch bund Kilpi. Z\u00e1kladem je zna\u010dkov\u00fd membr\u00e1nov\u00fd materi\u00e1l DERMIZAX, kter\u00fd je vysoce vod\u011bodoln\u00fd a prody\u0161n\u00fd. V kombinaci s podlepen\u00fdmi \u0161vy je z\u00e1rukou sucha a pohodl\u00ed v jak\u00fdchkoliv podm\u00ednk\u00e1ch. Vlastn\u00ed teplo pom\u00e1h\u00e1 udr\u017eovat kombinace vnit\u0159n\u00ed elastick\u00e9 pod\u0161\u00edvky, strukturovan\u00e9 z\u00f3ny a syntetick\u00e1 v\u00fdpl\u0148 Primaloft. Hlavn\u00ed kapsy, n\u00e1prsn\u00ed kapsy a ruk\u00e1vov\u00e1 kapsa na skipass s vod\u011bodoln\u00fdmi zipy YKK jsou jistotou dlouh\u00e9 \u017eivotnosti a funk\u010dnosti. Ventila\u010dn\u00ed zipy v podpa\u017e\u00ed pom\u00e1haj\u00ed k lep\u0161\u00edmu odv\u011btr\u00e1v\u00e1n\u00ed. Integrovan\u00fd prvek RECCO zvy\u0161uje \u0161anci na va\u0161i dohledatelnost v p\u0159\u00edpad\u011b nehody v ter\u00e9nu. Prostorn\u00e1 kapuce s t\u0159\u00edbodov\u00fdm stahov\u00e1n\u00edm a zpevn\u011bn\u00fdm k\u0161iltem je odn\u00edmateln\u00e1. Uvnit\u0159 bundy se nach\u00e1z\u00ed protisn\u011bhov\u00fd l\u00edmec. Pru\u017en\u00e9 ruk\u00e1vov\u00e9 man\u017eety a lemy ruk\u00e1v\u016f se daj\u00ed st\u00e1hnout such\u00fdm zipem. Vnit\u0159n\u00ed s\u00ed\u0165ov\u00e1 kapsa obsahuje nav\u00edc had\u0159\u00edk na \u010di\u0161t\u011bn\u00ed br\u00fdl\u00ed. Propracovan\u00e9 kontrastn\u00ed detaily s laserem \u0159ezan\u00fdmi a vyra\u017een\u00fdmi prvky d\u011blaj\u00ed bundu Kilpi HYDER-M nep\u0159ehl\u00e9dnutelnou. Doporu\u010dujeme do kombinace kalhoty LEGEND-M, kter\u00e9 najdete v nab\u00eddce p\u00e1nsk\u00fdch ly\u017ea\u0159sk\u00fdch kalhot.<\/p>\n","protected":false},"excerpt":{"rendered":"<p>P\u00e1nsk\u00e1 ly\u017ea\u0159sk\u00e1 bunda Kilpi HYDER-M p\u0159edstavuje to nejlep\u0161\u00ed v nab\u00eddce p\u00e1nsk\u00fdch bund Kilpi. Z\u00e1kladem je zna\u010dkov\u00fd membr\u00e1nov\u00fd materi\u00e1l DERMIZAX, kter\u00fd je vysoce vod\u011bodoln\u00fd a prody\u0161n\u00fd. V kombinaci s podlepen\u00fdmi \u0161vy je z\u00e1rukou sucha a pohodl\u00ed v jak\u00fdchkoliv podm\u00ednk\u00e1ch. Vlastn\u00ed teplo pom\u00e1h\u00e1 udr\u017eovat kombinace vnit\u0159n\u00ed elastick\u00e9 pod\u0161\u00edvky, strukturovan\u00e9 z\u00f3ny a syntetick\u00e1 v\u00fdpl\u0148 Primaloft. Hlavn\u00ed kapsy, n\u00e1prsn\u00ed&#8230;<\/p>\n","protected":false},"featured_media":129566,"comment_status":"closed","ping_status":"open","template":"","meta":{"_acf_changed":false,"_kadence_starter_templates_imported_post":false,"_kad_post_transparent":"","_kad_post_title":"","_kad_post_layout":"","_kad_post_sidebar_id":"","_kad_post_content_style":"","_kad_post_vertical_padding":"","_kad_post_feature":"","_kad_post_feature_position":"","_kad_post_header":false,"_kad_post_footer":false,"_kad_post_classname":""},"product_brand":[],"product_cat":[15],"product_tag":[],"class_list":{"0":"post-129565","1":"product","2":"type-product","3":"status-publish","4":"has-post-thumbnail","6":"product_cat-uncategorized","7":"pa_obchod-shopkilpi-cz","8":"pa_pohlavi-muz","9":"pa_sport-lyze","11":"first","12":"instock","13":"product-type-external","14":"entry","15":"content-bg","16":"loop-entry"},"acf":[],"yoast_head":"<!-- This site is optimized with the Yoast SEO plugin v27.4 - https:\/\/yoast.com\/product\/yoast-seo-wordpress\/ -->\n<title>HYDER-M \u010cerven\u00e1 - SHOPATOA.COM<\/title>\n<meta name=\"description\" content=\"P&aacute;nsk&aacute; ly&#382;a&#345;sk&aacute; bunda Kilpi HYDER-M p&#345;edstavuje to nejlep&scaron;&iacute; v nab&iacute;dce p&aacute;nsk&yacute;ch bund Kilpi. Z&aacute;kladem je zna&#269;kov&yacute; membr&aacute;nov&yacute; materi&aacute;l DERMIZAX, kter&yacute; je vysoce vod&#283;odoln&yacute; a prody&scaron;n&yacute;. V kombinaci s podlepen&yacute;mi &scaron;vy je z&aacute;rukou sucha a pohodl&iacute; v jak&yacute;chkoliv podm&iacute;nk&aacute;ch. Vlastn&iacute; teplo pom&aacute;h&aacute; udr&#382;ovat kombinace vnit&#345;n&iacute; elastick&eacute; pod&scaron;&iacute;vky, strukturovan&eacute; z&oacute;ny a syntetick&aacute; v&yacute;pl&#328; Primaloft. Hlavn&iacute; kapsy, n&aacute;prsn&iacute; kapsy a ruk&aacute;vov&aacute; kapsa na skipass s vod&#283;odoln&yacute;mi zipy YKK jsou jistotou dlouh&eacute; &#382;ivotnosti a funk&#269;nosti. Ventila&#269;n&iacute; zipy v podpa&#382;&iacute; pom&aacute;haj&iacute; k lep&scaron;&iacute;mu odv&#283;tr&aacute;v&aacute;n&iacute;. Integrovan&yacute; prvek RECCO zvy&scaron;uje &scaron;anci na va&scaron;i dohledatelnost v p&#345;&iacute;pad&#283; nehody v ter&eacute;nu. Prostorn&aacute; kapuce s t&#345;&iacute;bodov&yacute;m stahov&aacute;n&iacute;m a zpevn&#283;n&yacute;m k&scaron;iltem je odn&iacute;mateln&aacute;. Uvnit&#345; bundy se nach&aacute;z&iacute; protisn&#283;hov&yacute; l&iacute;mec. Pru&#382;n&eacute; ruk&aacute;vov&eacute; man&#382;ety a lemy ruk&aacute;v&#367; se daj&iacute; st&aacute;hnout such&yacute;m zipem. Vnit&#345;n&iacute; s&iacute;&#357;ov&aacute; kapsa obsahuje nav&iacute;c had&#345;&iacute;k na &#269;i&scaron;t&#283;n&iacute; br&yacute;l&iacute;. Propracovan&eacute; kontrastn&iacute; detaily s laserem &#345;ezan&yacute;mi a vyra&#382;en&yacute;mi prvky d&#283;laj&iacute; bundu Kilpi HYDER-M nep&#345;ehl&eacute;dnutelnou. Doporu&#269;ujeme do kombinace kalhoty LEGEND-M, kter&eacute; najdete v nab&iacute;dce p&aacute;nsk&yacute;ch ly&#382;a&#345;sk&yacute;ch kalhot.\" \/>\n<meta name=\"robots\" content=\"index, follow, max-snippet:-1, max-image-preview:large, max-video-preview:-1\" \/>\n<link rel=\"canonical\" href=\"https:\/\/shopatoa.com\/cz\/hyder-m-cervena\/\" \/>\n<meta property=\"og:locale\" content=\"cs_CZ\" \/>\n<meta property=\"og:type\" content=\"article\" \/>\n<meta property=\"og:title\" content=\"HYDER-M \u010cerven\u00e1 - SHOPATOA.COM\" \/>\n<meta property=\"og:description\" content=\"P&aacute;nsk&aacute; ly&#382;a&#345;sk&aacute; bunda Kilpi HYDER-M p&#345;edstavuje to nejlep&scaron;&iacute; v nab&iacute;dce p&aacute;nsk&yacute;ch bund Kilpi. Z&aacute;kladem je zna&#269;kov&yacute; membr&aacute;nov&yacute; materi&aacute;l DERMIZAX, kter&yacute; je vysoce vod&#283;odoln&yacute; a prody&scaron;n&yacute;. V kombinaci s podlepen&yacute;mi &scaron;vy je z&aacute;rukou sucha a pohodl&iacute; v jak&yacute;chkoliv podm&iacute;nk&aacute;ch. Vlastn&iacute; teplo pom&aacute;h&aacute; udr&#382;ovat kombinace vnit&#345;n&iacute; elastick&eacute; pod&scaron;&iacute;vky, strukturovan&eacute; z&oacute;ny a syntetick&aacute; v&yacute;pl&#328; Primaloft. Hlavn&iacute; kapsy, n&aacute;prsn&iacute; kapsy a ruk&aacute;vov&aacute; kapsa na skipass s vod&#283;odoln&yacute;mi zipy YKK jsou jistotou dlouh&eacute; &#382;ivotnosti a funk&#269;nosti. Ventila&#269;n&iacute; zipy v podpa&#382;&iacute; pom&aacute;haj&iacute; k lep&scaron;&iacute;mu odv&#283;tr&aacute;v&aacute;n&iacute;. Integrovan&yacute; prvek RECCO zvy&scaron;uje &scaron;anci na va&scaron;i dohledatelnost v p&#345;&iacute;pad&#283; nehody v ter&eacute;nu. Prostorn&aacute; kapuce s t&#345;&iacute;bodov&yacute;m stahov&aacute;n&iacute;m a zpevn&#283;n&yacute;m k&scaron;iltem je odn&iacute;mateln&aacute;. Uvnit&#345; bundy se nach&aacute;z&iacute; protisn&#283;hov&yacute; l&iacute;mec. Pru&#382;n&eacute; ruk&aacute;vov&eacute; man&#382;ety a lemy ruk&aacute;v&#367; se daj&iacute; st&aacute;hnout such&yacute;m zipem. Vnit&#345;n&iacute; s&iacute;&#357;ov&aacute; kapsa obsahuje nav&iacute;c had&#345;&iacute;k na &#269;i&scaron;t&#283;n&iacute; br&yacute;l&iacute;. Propracovan&eacute; kontrastn&iacute; detaily s laserem &#345;ezan&yacute;mi a vyra&#382;en&yacute;mi prvky d&#283;laj&iacute; bundu Kilpi HYDER-M nep&#345;ehl&eacute;dnutelnou. Doporu&#269;ujeme do kombinace kalhoty LEGEND-M, kter&eacute; najdete v nab&iacute;dce p&aacute;nsk&yacute;ch ly&#382;a&#345;sk&yacute;ch kalhot.\" \/>\n<meta property=\"og:url\" content=\"https:\/\/shopatoa.com\/cz\/hyder-m-cervena\/\" \/>\n<meta property=\"og:site_name\" content=\"SHOPATOA\" \/>\n<meta property=\"article:modified_time\" content=\"2025-03-14T20:40:54+00:00\" \/>\n<meta property=\"og:image\" content=\"https:\/\/shopatoa.com\/cz\/wp-content\/uploads\/2025\/02\/SM0106KIRED_HYDER-M_01.jpg\" \/>\n\t<meta property=\"og:image:width\" content=\"421\" \/>\n\t<meta property=\"og:image:height\" content=\"600\" \/>\n\t<meta property=\"og:image:type\" content=\"image\/jpeg\" \/>\n<meta name=\"twitter:card\" content=\"summary_large_image\" \/>\n<meta name=\"twitter:label1\" content=\"Odhadovan\u00e1 doba \u010dten\u00ed\" \/>\n\t<meta name=\"twitter:data1\" content=\"1 minuta\" \/>\n<script type=\"application\/ld+json\" class=\"yoast-schema-graph\">{\"@context\":\"https:\\\/\\\/schema.org\",\"@graph\":[{\"@type\":\"WebPage\",\"@id\":\"https:\\\/\\\/shopatoa.com\\\/cz\\\/hyder-m-cervena\\\/\",\"url\":\"https:\\\/\\\/shopatoa.com\\\/cz\\\/hyder-m-cervena\\\/\",\"name\":\"HYDER-M \u010cerven\u00e1 - SHOPATOA.COM\",\"isPartOf\":{\"@id\":\"https:\\\/\\\/shopatoa.com\\\/cz\\\/#website\"},\"primaryImageOfPage\":{\"@id\":\"https:\\\/\\\/shopatoa.com\\\/cz\\\/hyder-m-cervena\\\/#primaryimage\"},\"image\":{\"@id\":\"https:\\\/\\\/shopatoa.com\\\/cz\\\/hyder-m-cervena\\\/#primaryimage\"},\"thumbnailUrl\":\"https:\\\/\\\/shopatoa.com\\\/cz\\\/wp-content\\\/uploads\\\/2025\\\/02\\\/SM0106KIRED_HYDER-M_01.jpg\",\"datePublished\":\"2025-02-14T14:14:34+00:00\",\"dateModified\":\"2025-03-14T20:40:54+00:00\",\"description\":\"P&aacute;nsk&aacute; ly&#382;a&#345;sk&aacute; bunda Kilpi HYDER-M p&#345;edstavuje to nejlep&scaron;&iacute; v nab&iacute;dce p&aacute;nsk&yacute;ch bund Kilpi. Z&aacute;kladem je zna&#269;kov&yacute; membr&aacute;nov&yacute; materi&aacute;l DERMIZAX, kter&yacute; je vysoce vod&#283;odoln&yacute; a prody&scaron;n&yacute;. V kombinaci s podlepen&yacute;mi &scaron;vy je z&aacute;rukou sucha a pohodl&iacute; v jak&yacute;chkoliv podm&iacute;nk&aacute;ch. Vlastn&iacute; teplo pom&aacute;h&aacute; udr&#382;ovat kombinace vnit&#345;n&iacute; elastick&eacute; pod&scaron;&iacute;vky, strukturovan&eacute; z&oacute;ny a syntetick&aacute; v&yacute;pl&#328; Primaloft. Hlavn&iacute; kapsy, n&aacute;prsn&iacute; kapsy a ruk&aacute;vov&aacute; kapsa na skipass s vod&#283;odoln&yacute;mi zipy YKK jsou jistotou dlouh&eacute; &#382;ivotnosti a funk&#269;nosti. Ventila&#269;n&iacute; zipy v podpa&#382;&iacute; pom&aacute;haj&iacute; k lep&scaron;&iacute;mu odv&#283;tr&aacute;v&aacute;n&iacute;. Integrovan&yacute; prvek RECCO zvy&scaron;uje &scaron;anci na va&scaron;i dohledatelnost v p&#345;&iacute;pad&#283; nehody v ter&eacute;nu. Prostorn&aacute; kapuce s t&#345;&iacute;bodov&yacute;m stahov&aacute;n&iacute;m a zpevn&#283;n&yacute;m k&scaron;iltem je odn&iacute;mateln&aacute;. Uvnit&#345; bundy se nach&aacute;z&iacute; protisn&#283;hov&yacute; l&iacute;mec. Pru&#382;n&eacute; ruk&aacute;vov&eacute; man&#382;ety a lemy ruk&aacute;v&#367; se daj&iacute; st&aacute;hnout such&yacute;m zipem. Vnit&#345;n&iacute; s&iacute;&#357;ov&aacute; kapsa obsahuje nav&iacute;c had&#345;&iacute;k na &#269;i&scaron;t&#283;n&iacute; br&yacute;l&iacute;. Propracovan&eacute; kontrastn&iacute; detaily s laserem &#345;ezan&yacute;mi a vyra&#382;en&yacute;mi prvky d&#283;laj&iacute; bundu Kilpi HYDER-M nep&#345;ehl&eacute;dnutelnou. Doporu&#269;ujeme do kombinace kalhoty LEGEND-M, kter&eacute; najdete v nab&iacute;dce p&aacute;nsk&yacute;ch ly&#382;a&#345;sk&yacute;ch kalhot.\",\"breadcrumb\":{\"@id\":\"https:\\\/\\\/shopatoa.com\\\/cz\\\/hyder-m-cervena\\\/#breadcrumb\"},\"inLanguage\":\"cs\",\"potentialAction\":[{\"@type\":\"ReadAction\",\"target\":[\"https:\\\/\\\/shopatoa.com\\\/cz\\\/hyder-m-cervena\\\/\"]}]},{\"@type\":\"ImageObject\",\"inLanguage\":\"cs\",\"@id\":\"https:\\\/\\\/shopatoa.com\\\/cz\\\/hyder-m-cervena\\\/#primaryimage\",\"url\":\"https:\\\/\\\/shopatoa.com\\\/cz\\\/wp-content\\\/uploads\\\/2025\\\/02\\\/SM0106KIRED_HYDER-M_01.jpg\",\"contentUrl\":\"https:\\\/\\\/shopatoa.com\\\/cz\\\/wp-content\\\/uploads\\\/2025\\\/02\\\/SM0106KIRED_HYDER-M_01.jpg\",\"width\":421,\"height\":600},{\"@type\":\"BreadcrumbList\",\"@id\":\"https:\\\/\\\/shopatoa.com\\\/cz\\\/hyder-m-cervena\\\/#breadcrumb\",\"itemListElement\":[{\"@type\":\"ListItem\",\"position\":1,\"name\":\"Dom\u016f\",\"item\":\"https:\\\/\\\/shopatoa.com\\\/cz\\\/\"},{\"@type\":\"ListItem\",\"position\":2,\"name\":\"Produkty\",\"item\":\"https:\\\/\\\/shopatoa.com\\\/cz\\\/shop\\\/\"},{\"@type\":\"ListItem\",\"position\":3,\"name\":\"Uncategorized\",\"item\":\"https:\\\/\\\/shopatoa.com\\\/cz\\\/uncategorized\\\/\"},{\"@type\":\"ListItem\",\"position\":4,\"name\":\"HYDER-M \u010cerven\u00e1\"}]},{\"@type\":\"WebSite\",\"@id\":\"https:\\\/\\\/shopatoa.com\\\/cz\\\/#website\",\"url\":\"https:\\\/\\\/shopatoa.com\\\/cz\\\/\",\"name\":\"SHOPATOA\",\"description\":\"\",\"publisher\":{\"@id\":\"https:\\\/\\\/shopatoa.com\\\/cz\\\/#organization\"},\"potentialAction\":[{\"@type\":\"SearchAction\",\"target\":{\"@type\":\"EntryPoint\",\"urlTemplate\":\"https:\\\/\\\/shopatoa.com\\\/cz\\\/?s={search_term_string}\"},\"query-input\":{\"@type\":\"PropertyValueSpecification\",\"valueRequired\":true,\"valueName\":\"search_term_string\"}}],\"inLanguage\":\"cs\"},{\"@type\":\"Organization\",\"@id\":\"https:\\\/\\\/shopatoa.com\\\/cz\\\/#organization\",\"name\":\"SHOPATOA Digital s.r.o.\",\"url\":\"https:\\\/\\\/shopatoa.com\\\/cz\\\/\",\"logo\":{\"@type\":\"ImageObject\",\"inLanguage\":\"cs\",\"@id\":\"https:\\\/\\\/shopatoa.com\\\/cz\\\/#\\\/schema\\\/logo\\\/image\\\/\",\"url\":\"https:\\\/\\\/storage.googleapis.com\\\/cz-shopatoa-img\\\/cz\\\/ebccf434-shopatoa_logo.png\",\"contentUrl\":\"https:\\\/\\\/storage.googleapis.com\\\/cz-shopatoa-img\\\/cz\\\/ebccf434-shopatoa_logo.png\",\"width\":416,\"height\":63,\"caption\":\"SHOPATOA Digital s.r.o.\"},\"image\":{\"@id\":\"https:\\\/\\\/shopatoa.com\\\/cz\\\/#\\\/schema\\\/logo\\\/image\\\/\"}}]}<\/script>\n<!-- \/ Yoast SEO plugin. -->","yoast_head_json":{"title":"HYDER-M \u010cerven\u00e1 - SHOPATOA.COM","description":"P&aacute;nsk&aacute; ly&#382;a&#345;sk&aacute; bunda Kilpi HYDER-M p&#345;edstavuje to nejlep&scaron;&iacute; v nab&iacute;dce p&aacute;nsk&yacute;ch bund Kilpi. Z&aacute;kladem je zna&#269;kov&yacute; membr&aacute;nov&yacute; materi&aacute;l DERMIZAX, kter&yacute; je vysoce vod&#283;odoln&yacute; a prody&scaron;n&yacute;. V kombinaci s podlepen&yacute;mi &scaron;vy je z&aacute;rukou sucha a pohodl&iacute; v jak&yacute;chkoliv podm&iacute;nk&aacute;ch. Vlastn&iacute; teplo pom&aacute;h&aacute; udr&#382;ovat kombinace vnit&#345;n&iacute; elastick&eacute; pod&scaron;&iacute;vky, strukturovan&eacute; z&oacute;ny a syntetick&aacute; v&yacute;pl&#328; Primaloft. Hlavn&iacute; kapsy, n&aacute;prsn&iacute; kapsy a ruk&aacute;vov&aacute; kapsa na skipass s vod&#283;odoln&yacute;mi zipy YKK jsou jistotou dlouh&eacute; &#382;ivotnosti a funk&#269;nosti. Ventila&#269;n&iacute; zipy v podpa&#382;&iacute; pom&aacute;haj&iacute; k lep&scaron;&iacute;mu odv&#283;tr&aacute;v&aacute;n&iacute;. Integrovan&yacute; prvek RECCO zvy&scaron;uje &scaron;anci na va&scaron;i dohledatelnost v p&#345;&iacute;pad&#283; nehody v ter&eacute;nu. Prostorn&aacute; kapuce s t&#345;&iacute;bodov&yacute;m stahov&aacute;n&iacute;m a zpevn&#283;n&yacute;m k&scaron;iltem je odn&iacute;mateln&aacute;. Uvnit&#345; bundy se nach&aacute;z&iacute; protisn&#283;hov&yacute; l&iacute;mec. Pru&#382;n&eacute; ruk&aacute;vov&eacute; man&#382;ety a lemy ruk&aacute;v&#367; se daj&iacute; st&aacute;hnout such&yacute;m zipem. Vnit&#345;n&iacute; s&iacute;&#357;ov&aacute; kapsa obsahuje nav&iacute;c had&#345;&iacute;k na &#269;i&scaron;t&#283;n&iacute; br&yacute;l&iacute;. Propracovan&eacute; kontrastn&iacute; detaily s laserem &#345;ezan&yacute;mi a vyra&#382;en&yacute;mi prvky d&#283;laj&iacute; bundu Kilpi HYDER-M nep&#345;ehl&eacute;dnutelnou. Doporu&#269;ujeme do kombinace kalhoty LEGEND-M, kter&eacute; najdete v nab&iacute;dce p&aacute;nsk&yacute;ch ly&#382;a&#345;sk&yacute;ch kalhot.","robots":{"index":"index","follow":"follow","max-snippet":"max-snippet:-1","max-image-preview":"max-image-preview:large","max-video-preview":"max-video-preview:-1"},"canonical":"https:\/\/shopatoa.com\/cz\/hyder-m-cervena\/","og_locale":"cs_CZ","og_type":"article","og_title":"HYDER-M \u010cerven\u00e1 - SHOPATOA.COM","og_description":"P&aacute;nsk&aacute; ly&#382;a&#345;sk&aacute; bunda Kilpi HYDER-M p&#345;edstavuje to nejlep&scaron;&iacute; v nab&iacute;dce p&aacute;nsk&yacute;ch bund Kilpi. Z&aacute;kladem je zna&#269;kov&yacute; membr&aacute;nov&yacute; materi&aacute;l DERMIZAX, kter&yacute; je vysoce vod&#283;odoln&yacute; a prody&scaron;n&yacute;. V kombinaci s podlepen&yacute;mi &scaron;vy je z&aacute;rukou sucha a pohodl&iacute; v jak&yacute;chkoliv podm&iacute;nk&aacute;ch. Vlastn&iacute; teplo pom&aacute;h&aacute; udr&#382;ovat kombinace vnit&#345;n&iacute; elastick&eacute; pod&scaron;&iacute;vky, strukturovan&eacute; z&oacute;ny a syntetick&aacute; v&yacute;pl&#328; Primaloft. Hlavn&iacute; kapsy, n&aacute;prsn&iacute; kapsy a ruk&aacute;vov&aacute; kapsa na skipass s vod&#283;odoln&yacute;mi zipy YKK jsou jistotou dlouh&eacute; &#382;ivotnosti a funk&#269;nosti. Ventila&#269;n&iacute; zipy v podpa&#382;&iacute; pom&aacute;haj&iacute; k lep&scaron;&iacute;mu odv&#283;tr&aacute;v&aacute;n&iacute;. Integrovan&yacute; prvek RECCO zvy&scaron;uje &scaron;anci na va&scaron;i dohledatelnost v p&#345;&iacute;pad&#283; nehody v ter&eacute;nu. Prostorn&aacute; kapuce s t&#345;&iacute;bodov&yacute;m stahov&aacute;n&iacute;m a zpevn&#283;n&yacute;m k&scaron;iltem je odn&iacute;mateln&aacute;. Uvnit&#345; bundy se nach&aacute;z&iacute; protisn&#283;hov&yacute; l&iacute;mec. Pru&#382;n&eacute; ruk&aacute;vov&eacute; man&#382;ety a lemy ruk&aacute;v&#367; se daj&iacute; st&aacute;hnout such&yacute;m zipem. Vnit&#345;n&iacute; s&iacute;&#357;ov&aacute; kapsa obsahuje nav&iacute;c had&#345;&iacute;k na &#269;i&scaron;t&#283;n&iacute; br&yacute;l&iacute;. Propracovan&eacute; kontrastn&iacute; detaily s laserem &#345;ezan&yacute;mi a vyra&#382;en&yacute;mi prvky d&#283;laj&iacute; bundu Kilpi HYDER-M nep&#345;ehl&eacute;dnutelnou. Doporu&#269;ujeme do kombinace kalhoty LEGEND-M, kter&eacute; najdete v nab&iacute;dce p&aacute;nsk&yacute;ch ly&#382;a&#345;sk&yacute;ch kalhot.","og_url":"https:\/\/shopatoa.com\/cz\/hyder-m-cervena\/","og_site_name":"SHOPATOA","article_modified_time":"2025-03-14T20:40:54+00:00","og_image":[{"width":421,"height":600,"url":"https:\/\/shopatoa.com\/cz\/wp-content\/uploads\/2025\/02\/SM0106KIRED_HYDER-M_01.jpg","type":"image\/jpeg"}],"twitter_card":"summary_large_image","twitter_misc":{"Odhadovan\u00e1 doba \u010dten\u00ed":"1 minuta"},"schema":{"@context":"https:\/\/schema.org","@graph":[{"@type":"WebPage","@id":"https:\/\/shopatoa.com\/cz\/hyder-m-cervena\/","url":"https:\/\/shopatoa.com\/cz\/hyder-m-cervena\/","name":"HYDER-M \u010cerven\u00e1 - SHOPATOA.COM","isPartOf":{"@id":"https:\/\/shopatoa.com\/cz\/#website"},"primaryImageOfPage":{"@id":"https:\/\/shopatoa.com\/cz\/hyder-m-cervena\/#primaryimage"},"image":{"@id":"https:\/\/shopatoa.com\/cz\/hyder-m-cervena\/#primaryimage"},"thumbnailUrl":"https:\/\/shopatoa.com\/cz\/wp-content\/uploads\/2025\/02\/SM0106KIRED_HYDER-M_01.jpg","datePublished":"2025-02-14T14:14:34+00:00","dateModified":"2025-03-14T20:40:54+00:00","description":"P&aacute;nsk&aacute; ly&#382;a&#345;sk&aacute; bunda Kilpi HYDER-M p&#345;edstavuje to nejlep&scaron;&iacute; v nab&iacute;dce p&aacute;nsk&yacute;ch bund Kilpi. Z&aacute;kladem je zna&#269;kov&yacute; membr&aacute;nov&yacute; materi&aacute;l DERMIZAX, kter&yacute; je vysoce vod&#283;odoln&yacute; a prody&scaron;n&yacute;. V kombinaci s podlepen&yacute;mi &scaron;vy je z&aacute;rukou sucha a pohodl&iacute; v jak&yacute;chkoliv podm&iacute;nk&aacute;ch. Vlastn&iacute; teplo pom&aacute;h&aacute; udr&#382;ovat kombinace vnit&#345;n&iacute; elastick&eacute; pod&scaron;&iacute;vky, strukturovan&eacute; z&oacute;ny a syntetick&aacute; v&yacute;pl&#328; Primaloft. Hlavn&iacute; kapsy, n&aacute;prsn&iacute; kapsy a ruk&aacute;vov&aacute; kapsa na skipass s vod&#283;odoln&yacute;mi zipy YKK jsou jistotou dlouh&eacute; &#382;ivotnosti a funk&#269;nosti. Ventila&#269;n&iacute; zipy v podpa&#382;&iacute; pom&aacute;haj&iacute; k lep&scaron;&iacute;mu odv&#283;tr&aacute;v&aacute;n&iacute;. Integrovan&yacute; prvek RECCO zvy&scaron;uje &scaron;anci na va&scaron;i dohledatelnost v p&#345;&iacute;pad&#283; nehody v ter&eacute;nu. Prostorn&aacute; kapuce s t&#345;&iacute;bodov&yacute;m stahov&aacute;n&iacute;m a zpevn&#283;n&yacute;m k&scaron;iltem je odn&iacute;mateln&aacute;. Uvnit&#345; bundy se nach&aacute;z&iacute; protisn&#283;hov&yacute; l&iacute;mec. Pru&#382;n&eacute; ruk&aacute;vov&eacute; man&#382;ety a lemy ruk&aacute;v&#367; se daj&iacute; st&aacute;hnout such&yacute;m zipem. Vnit&#345;n&iacute; s&iacute;&#357;ov&aacute; kapsa obsahuje nav&iacute;c had&#345;&iacute;k na &#269;i&scaron;t&#283;n&iacute; br&yacute;l&iacute;. Propracovan&eacute; kontrastn&iacute; detaily s laserem &#345;ezan&yacute;mi a vyra&#382;en&yacute;mi prvky d&#283;laj&iacute; bundu Kilpi HYDER-M nep&#345;ehl&eacute;dnutelnou. Doporu&#269;ujeme do kombinace kalhoty LEGEND-M, kter&eacute; najdete v nab&iacute;dce p&aacute;nsk&yacute;ch ly&#382;a&#345;sk&yacute;ch kalhot.","breadcrumb":{"@id":"https:\/\/shopatoa.com\/cz\/hyder-m-cervena\/#breadcrumb"},"inLanguage":"cs","potentialAction":[{"@type":"ReadAction","target":["https:\/\/shopatoa.com\/cz\/hyder-m-cervena\/"]}]},{"@type":"ImageObject","inLanguage":"cs","@id":"https:\/\/shopatoa.com\/cz\/hyder-m-cervena\/#primaryimage","url":"https:\/\/shopatoa.com\/cz\/wp-content\/uploads\/2025\/02\/SM0106KIRED_HYDER-M_01.jpg","contentUrl":"https:\/\/shopatoa.com\/cz\/wp-content\/uploads\/2025\/02\/SM0106KIRED_HYDER-M_01.jpg","width":421,"height":600},{"@type":"BreadcrumbList","@id":"https:\/\/shopatoa.com\/cz\/hyder-m-cervena\/#breadcrumb","itemListElement":[{"@type":"ListItem","position":1,"name":"Dom\u016f","item":"https:\/\/shopatoa.com\/cz\/"},{"@type":"ListItem","position":2,"name":"Produkty","item":"https:\/\/shopatoa.com\/cz\/shop\/"},{"@type":"ListItem","position":3,"name":"Uncategorized","item":"https:\/\/shopatoa.com\/cz\/uncategorized\/"},{"@type":"ListItem","position":4,"name":"HYDER-M \u010cerven\u00e1"}]},{"@type":"WebSite","@id":"https:\/\/shopatoa.com\/cz\/#website","url":"https:\/\/shopatoa.com\/cz\/","name":"SHOPATOA","description":"","publisher":{"@id":"https:\/\/shopatoa.com\/cz\/#organization"},"potentialAction":[{"@type":"SearchAction","target":{"@type":"EntryPoint","urlTemplate":"https:\/\/shopatoa.com\/cz\/?s={search_term_string}"},"query-input":{"@type":"PropertyValueSpecification","valueRequired":true,"valueName":"search_term_string"}}],"inLanguage":"cs"},{"@type":"Organization","@id":"https:\/\/shopatoa.com\/cz\/#organization","name":"SHOPATOA Digital s.r.o.","url":"https:\/\/shopatoa.com\/cz\/","logo":{"@type":"ImageObject","inLanguage":"cs","@id":"https:\/\/shopatoa.com\/cz\/#\/schema\/logo\/image\/","url":"https:\/\/storage.googleapis.com\/cz-shopatoa-img\/cz\/ebccf434-shopatoa_logo.png","contentUrl":"https:\/\/storage.googleapis.com\/cz-shopatoa-img\/cz\/ebccf434-shopatoa_logo.png","width":416,"height":63,"caption":"SHOPATOA Digital s.r.o."},"image":{"@id":"https:\/\/shopatoa.com\/cz\/#\/schema\/logo\/image\/"}}]}},"_links":{"self":[{"href":"https:\/\/shopatoa.com\/cz\/wp-json\/wp\/v2\/product\/129565","targetHints":{"allow":["GET"]}}],"collection":[{"href":"https:\/\/shopatoa.com\/cz\/wp-json\/wp\/v2\/product"}],"about":[{"href":"https:\/\/shopatoa.com\/cz\/wp-json\/wp\/v2\/types\/product"}],"replies":[{"embeddable":true,"href":"https:\/\/shopatoa.com\/cz\/wp-json\/wp\/v2\/comments?post=129565"}],"wp:featuredmedia":[{"embeddable":true,"href":"https:\/\/shopatoa.com\/cz\/wp-json\/wp\/v2\/media\/129566"}],"wp:attachment":[{"href":"https:\/\/shopatoa.com\/cz\/wp-json\/wp\/v2\/media?parent=129565"}],"wp:term":[{"taxonomy":"product_brand","embeddable":true,"href":"https:\/\/shopatoa.com\/cz\/wp-json\/wp\/v2\/product_brand?post=129565"},{"taxonomy":"product_cat","embeddable":true,"href":"https:\/\/shopatoa.com\/cz\/wp-json\/wp\/v2\/product_cat?post=129565"},{"taxonomy":"product_tag","embeddable":true,"href":"https:\/\/shopatoa.com\/cz\/wp-json\/wp\/v2\/product_tag?post=129565"}],"curies":[{"name":"wp","href":"https:\/\/api.w.org\/{rel}","templated":true}]}}