{"id":129567,"date":"2025-02-14T15:14:34","date_gmt":"2025-02-14T14:14:34","guid":{"rendered":"https:\/\/shopatoa.com\/cz\/hyder-m-modra\/"},"modified":"2025-03-14T21:40:56","modified_gmt":"2025-03-14T20:40:56","slug":"hyder-m-modra","status":"publish","type":"product","link":"https:\/\/shopatoa.com\/cz\/hyder-m-modra\/","title":{"rendered":"HYDER-M Modr\u00e1"},"content":{"rendered":"<p>P\u00e1nsk\u00e1 ly\u017ea\u0159sk\u00e1 bunda Kilpi HYDER-M p\u0159edstavuje to nejlep\u0161\u00ed v nab\u00eddce p\u00e1nsk\u00fdch bund Kilpi. Z\u00e1kladem je zna\u010dkov\u00fd membr\u00e1nov\u00fd materi\u00e1l DERMIZAX, vysoce vod\u011bodoln\u00fd a prody\u0161n\u00fd. V kombinaci s podlepen\u00fdmi \u0161vy je z\u00e1rukou sucha a pohodl\u00ed v jak\u00fdchkoliv podm\u00ednk\u00e1ch. Vlastn\u00ed teplo pom\u00e1h\u00e1 udr\u017eovat kombinace vnit\u0159n\u00ed elastick\u00e9 pod\u0161\u00edvky, strukturovan\u00e9 z\u00f3ny a syntetick\u00e1 v\u00fdpl\u0148 Primaloft. Hlavn\u00ed kapsy, n\u00e1prsn\u00ed kapsy a ruk\u00e1vov\u00e1 kapsa na skipass s vod\u011bodoln\u00fdmi zipy YKK, jsou jistotou dlouh\u00e9 \u017eivotnosti a funk\u010dnosti. Mezi dal\u0161\u00ed v\u00fdhody t\u00e9to bundy jsou ventila\u010dn\u00ed zipy v podpa\u017e\u00edch, prostorn\u00e1, odn\u00edmateln\u00e1 kapuce s t\u0159\u00edbodov\u00fdm stahov\u00e1n\u00edm a zpevn\u011bn\u00fdm k\u0161iltem a protisn\u011bhov\u00fd l\u00edmec. Lemy ruk\u00e1v\u016f se daj\u00ed st\u00e1hnout such\u00fdm zipem. Vnit\u0159n\u00ed s\u00ed\u0165ov\u00e1 kapsa obsahuje nav\u00edc had\u0159\u00edk na \u010di\u0161t\u011bn\u00ed br\u00fdl\u00ed. Bunda m\u00e1 integrovan\u00fd prvek RECCO, kter\u00fd zvy\u0161uje va\u0161i \u0161anci nalezen\u00ed p\u0159i nehod\u011b. Propracovan\u00e9 kontrastn\u00ed detaily s laserem \u0159ezan\u00fdmi a vyra\u017een\u00fdmi prvky d\u011blaj\u00ed bundu Kilpi HYDER-M nep\u0159ehl\u00e9dnutelnou. Doporu\u010dujeme do kombinace kalhoty Kilpi LEGEND-M, kter\u00e9 najdete v nab\u00eddce p\u00e1nsk\u00fdch ly\u017ea\u0159sk\u00fdch kalhot.Model na fotografii: Velikost M, v\u00fd\u0161ka 189 cm, obvod hrudn\u00edku 100 cm, obvod pasu 84 cm, obvod bok\u016f 102 cm.<\/p>\n","protected":false},"excerpt":{"rendered":"<p>P\u00e1nsk\u00e1 ly\u017ea\u0159sk\u00e1 bunda Kilpi HYDER-M p\u0159edstavuje to nejlep\u0161\u00ed v nab\u00eddce p\u00e1nsk\u00fdch bund Kilpi. Z\u00e1kladem je zna\u010dkov\u00fd membr\u00e1nov\u00fd materi\u00e1l DERMIZAX, vysoce vod\u011bodoln\u00fd a prody\u0161n\u00fd. V kombinaci s podlepen\u00fdmi \u0161vy je z\u00e1rukou sucha a pohodl\u00ed v jak\u00fdchkoliv podm\u00ednk\u00e1ch. Vlastn\u00ed teplo pom\u00e1h\u00e1 udr\u017eovat kombinace vnit\u0159n\u00ed elastick\u00e9 pod\u0161\u00edvky, strukturovan\u00e9 z\u00f3ny a syntetick\u00e1 v\u00fdpl\u0148 Primaloft. Hlavn\u00ed kapsy, n\u00e1prsn\u00ed kapsy a&#8230;<\/p>\n","protected":false},"featured_media":129568,"comment_status":"closed","ping_status":"open","template":"","meta":{"_acf_changed":false,"_kadence_starter_templates_imported_post":false,"_kad_post_transparent":"","_kad_post_title":"","_kad_post_layout":"","_kad_post_sidebar_id":"","_kad_post_content_style":"","_kad_post_vertical_padding":"","_kad_post_feature":"","_kad_post_feature_position":"","_kad_post_header":false,"_kad_post_footer":false,"_kad_post_classname":""},"product_brand":[],"product_cat":[15],"product_tag":[],"class_list":{"0":"post-129567","1":"product","2":"type-product","3":"status-publish","4":"has-post-thumbnail","6":"product_cat-uncategorized","7":"pa_obchod-shopkilpi-cz","8":"pa_pohlavi-muz","9":"pa_sport-lyze","11":"first","12":"instock","13":"product-type-external","14":"entry","15":"content-bg","16":"loop-entry"},"acf":[],"yoast_head":"<!-- This site is optimized with the Yoast SEO plugin v27.4 - https:\/\/yoast.com\/product\/yoast-seo-wordpress\/ -->\n<title>HYDER-M Modr\u00e1 - SHOPATOA.COM<\/title>\n<meta name=\"description\" content=\"P\u00e1nsk\u00e1 ly\u017ea\u0159sk\u00e1 bunda Kilpi HYDER-M p\u0159edstavuje to nejlep\u0161\u00ed v nab\u00eddce p\u00e1nsk\u00fdch bund Kilpi. Z\u00e1kladem je zna\u010dkov\u00fd membr\u00e1nov\u00fd materi\u00e1l DERMIZAX, vysoce vod\u011bodoln\u00fd a prody\u0161n\u00fd. V kombinaci s podlepen\u00fdmi \u0161vy je z\u00e1rukou sucha a pohodl\u00ed v jak\u00fdchkoliv podm\u00ednk\u00e1ch. Vlastn\u00ed teplo pom\u00e1h\u00e1 udr\u017eovat kombinace vnit\u0159n\u00ed elastick\u00e9 pod\u0161\u00edvky, strukturovan\u00e9 z\u00f3ny a syntetick\u00e1 v\u00fdpl\u0148 Primaloft. Hlavn\u00ed kapsy, n\u00e1prsn\u00ed kapsy a ruk\u00e1vov\u00e1 kapsa na skipass s vod\u011bodoln\u00fdmi zipy YKK, jsou jistotou dlouh\u00e9 \u017eivotnosti a funk\u010dnosti. Mezi dal\u0161\u00ed v\u00fdhody t\u00e9to bundy jsou ventila\u010dn\u00ed zipy v podpa\u017e\u00edch, prostorn\u00e1, odn\u00edmateln\u00e1 kapuce s t\u0159\u00edbodov\u00fdm stahov\u00e1n\u00edm a zpevn\u011bn\u00fdm k\u0161iltem a protisn\u011bhov\u00fd l\u00edmec. Lemy ruk\u00e1v\u016f se daj\u00ed st\u00e1hnout such\u00fdm zipem. Vnit\u0159n\u00ed s\u00ed\u0165ov\u00e1 kapsa obsahuje nav\u00edc had\u0159\u00edk na \u010di\u0161t\u011bn\u00ed br\u00fdl\u00ed. Bunda m\u00e1 integrovan\u00fd prvek RECCO, kter\u00fd zvy\u0161uje va\u0161i \u0161anci nalezen\u00ed p\u0159i nehod\u011b. Propracovan\u00e9 kontrastn\u00ed detaily s laserem \u0159ezan\u00fdmi a vyra\u017een\u00fdmi prvky d\u011blaj\u00ed bundu Kilpi HYDER-M nep\u0159ehl\u00e9dnutelnou. Doporu\u010dujeme do kombinace kalhoty Kilpi LEGEND-M, kter\u00e9 najdete v nab\u00eddce p\u00e1nsk\u00fdch ly\u017ea\u0159sk\u00fdch kalhot.Model na fotografii: Velikost M, v\u00fd\u0161ka 189 cm, obvod hrudn\u00edku 100 cm, obvod pasu 84 cm, obvod bok\u016f 102 cm.\" \/>\n<meta name=\"robots\" content=\"index, follow, max-snippet:-1, max-image-preview:large, max-video-preview:-1\" \/>\n<link rel=\"canonical\" href=\"https:\/\/shopatoa.com\/cz\/hyder-m-modra\/\" \/>\n<meta property=\"og:locale\" content=\"cs_CZ\" \/>\n<meta property=\"og:type\" content=\"article\" \/>\n<meta property=\"og:title\" content=\"HYDER-M Modr\u00e1 - SHOPATOA.COM\" \/>\n<meta property=\"og:description\" content=\"P\u00e1nsk\u00e1 ly\u017ea\u0159sk\u00e1 bunda Kilpi HYDER-M p\u0159edstavuje to nejlep\u0161\u00ed v nab\u00eddce p\u00e1nsk\u00fdch bund Kilpi. Z\u00e1kladem je zna\u010dkov\u00fd membr\u00e1nov\u00fd materi\u00e1l DERMIZAX, vysoce vod\u011bodoln\u00fd a prody\u0161n\u00fd. V kombinaci s podlepen\u00fdmi \u0161vy je z\u00e1rukou sucha a pohodl\u00ed v jak\u00fdchkoliv podm\u00ednk\u00e1ch. Vlastn\u00ed teplo pom\u00e1h\u00e1 udr\u017eovat kombinace vnit\u0159n\u00ed elastick\u00e9 pod\u0161\u00edvky, strukturovan\u00e9 z\u00f3ny a syntetick\u00e1 v\u00fdpl\u0148 Primaloft. Hlavn\u00ed kapsy, n\u00e1prsn\u00ed kapsy a ruk\u00e1vov\u00e1 kapsa na skipass s vod\u011bodoln\u00fdmi zipy YKK, jsou jistotou dlouh\u00e9 \u017eivotnosti a funk\u010dnosti. Mezi dal\u0161\u00ed v\u00fdhody t\u00e9to bundy jsou ventila\u010dn\u00ed zipy v podpa\u017e\u00edch, prostorn\u00e1, odn\u00edmateln\u00e1 kapuce s t\u0159\u00edbodov\u00fdm stahov\u00e1n\u00edm a zpevn\u011bn\u00fdm k\u0161iltem a protisn\u011bhov\u00fd l\u00edmec. Lemy ruk\u00e1v\u016f se daj\u00ed st\u00e1hnout such\u00fdm zipem. Vnit\u0159n\u00ed s\u00ed\u0165ov\u00e1 kapsa obsahuje nav\u00edc had\u0159\u00edk na \u010di\u0161t\u011bn\u00ed br\u00fdl\u00ed. Bunda m\u00e1 integrovan\u00fd prvek RECCO, kter\u00fd zvy\u0161uje va\u0161i \u0161anci nalezen\u00ed p\u0159i nehod\u011b. Propracovan\u00e9 kontrastn\u00ed detaily s laserem \u0159ezan\u00fdmi a vyra\u017een\u00fdmi prvky d\u011blaj\u00ed bundu Kilpi HYDER-M nep\u0159ehl\u00e9dnutelnou. Doporu\u010dujeme do kombinace kalhoty Kilpi LEGEND-M, kter\u00e9 najdete v nab\u00eddce p\u00e1nsk\u00fdch ly\u017ea\u0159sk\u00fdch kalhot.Model na fotografii: Velikost M, v\u00fd\u0161ka 189 cm, obvod hrudn\u00edku 100 cm, obvod pasu 84 cm, obvod bok\u016f 102 cm.\" \/>\n<meta property=\"og:url\" content=\"https:\/\/shopatoa.com\/cz\/hyder-m-modra\/\" \/>\n<meta property=\"og:site_name\" content=\"SHOPATOA\" \/>\n<meta property=\"article:modified_time\" content=\"2025-03-14T20:40:56+00:00\" \/>\n<meta property=\"og:image\" content=\"https:\/\/shopatoa.com\/cz\/wp-content\/uploads\/2025\/02\/UM0106KIBLU_HYDER-M_01.jpg\" \/>\n\t<meta property=\"og:image:width\" content=\"480\" \/>\n\t<meta property=\"og:image:height\" content=\"600\" \/>\n\t<meta property=\"og:image:type\" content=\"image\/jpeg\" \/>\n<meta name=\"twitter:card\" content=\"summary_large_image\" \/>\n<meta name=\"twitter:label1\" content=\"Odhadovan\u00e1 doba \u010dten\u00ed\" \/>\n\t<meta name=\"twitter:data1\" content=\"1 minuta\" \/>\n<script type=\"application\/ld+json\" class=\"yoast-schema-graph\">{\"@context\":\"https:\\\/\\\/schema.org\",\"@graph\":[{\"@type\":\"WebPage\",\"@id\":\"https:\\\/\\\/shopatoa.com\\\/cz\\\/hyder-m-modra\\\/\",\"url\":\"https:\\\/\\\/shopatoa.com\\\/cz\\\/hyder-m-modra\\\/\",\"name\":\"HYDER-M Modr\u00e1 - SHOPATOA.COM\",\"isPartOf\":{\"@id\":\"https:\\\/\\\/shopatoa.com\\\/cz\\\/#website\"},\"primaryImageOfPage\":{\"@id\":\"https:\\\/\\\/shopatoa.com\\\/cz\\\/hyder-m-modra\\\/#primaryimage\"},\"image\":{\"@id\":\"https:\\\/\\\/shopatoa.com\\\/cz\\\/hyder-m-modra\\\/#primaryimage\"},\"thumbnailUrl\":\"https:\\\/\\\/shopatoa.com\\\/cz\\\/wp-content\\\/uploads\\\/2025\\\/02\\\/UM0106KIBLU_HYDER-M_01.jpg\",\"datePublished\":\"2025-02-14T14:14:34+00:00\",\"dateModified\":\"2025-03-14T20:40:56+00:00\",\"description\":\"P\u00e1nsk\u00e1 ly\u017ea\u0159sk\u00e1 bunda Kilpi HYDER-M p\u0159edstavuje to nejlep\u0161\u00ed v nab\u00eddce p\u00e1nsk\u00fdch bund Kilpi. Z\u00e1kladem je zna\u010dkov\u00fd membr\u00e1nov\u00fd materi\u00e1l DERMIZAX, vysoce vod\u011bodoln\u00fd a prody\u0161n\u00fd. V kombinaci s podlepen\u00fdmi \u0161vy je z\u00e1rukou sucha a pohodl\u00ed v jak\u00fdchkoliv podm\u00ednk\u00e1ch. Vlastn\u00ed teplo pom\u00e1h\u00e1 udr\u017eovat kombinace vnit\u0159n\u00ed elastick\u00e9 pod\u0161\u00edvky, strukturovan\u00e9 z\u00f3ny a syntetick\u00e1 v\u00fdpl\u0148 Primaloft. Hlavn\u00ed kapsy, n\u00e1prsn\u00ed kapsy a ruk\u00e1vov\u00e1 kapsa na skipass s vod\u011bodoln\u00fdmi zipy YKK, jsou jistotou dlouh\u00e9 \u017eivotnosti a funk\u010dnosti. Mezi dal\u0161\u00ed v\u00fdhody t\u00e9to bundy jsou ventila\u010dn\u00ed zipy v podpa\u017e\u00edch, prostorn\u00e1, odn\u00edmateln\u00e1 kapuce s t\u0159\u00edbodov\u00fdm stahov\u00e1n\u00edm a zpevn\u011bn\u00fdm k\u0161iltem a protisn\u011bhov\u00fd l\u00edmec. Lemy ruk\u00e1v\u016f se daj\u00ed st\u00e1hnout such\u00fdm zipem. Vnit\u0159n\u00ed s\u00ed\u0165ov\u00e1 kapsa obsahuje nav\u00edc had\u0159\u00edk na \u010di\u0161t\u011bn\u00ed br\u00fdl\u00ed. Bunda m\u00e1 integrovan\u00fd prvek RECCO, kter\u00fd zvy\u0161uje va\u0161i \u0161anci nalezen\u00ed p\u0159i nehod\u011b. Propracovan\u00e9 kontrastn\u00ed detaily s laserem \u0159ezan\u00fdmi a vyra\u017een\u00fdmi prvky d\u011blaj\u00ed bundu Kilpi HYDER-M nep\u0159ehl\u00e9dnutelnou. Doporu\u010dujeme do kombinace kalhoty Kilpi LEGEND-M, kter\u00e9 najdete v nab\u00eddce p\u00e1nsk\u00fdch ly\u017ea\u0159sk\u00fdch kalhot.Model na fotografii: Velikost M, v\u00fd\u0161ka 189 cm, obvod hrudn\u00edku 100 cm, obvod pasu 84 cm, obvod bok\u016f 102 cm.\",\"breadcrumb\":{\"@id\":\"https:\\\/\\\/shopatoa.com\\\/cz\\\/hyder-m-modra\\\/#breadcrumb\"},\"inLanguage\":\"cs\",\"potentialAction\":[{\"@type\":\"ReadAction\",\"target\":[\"https:\\\/\\\/shopatoa.com\\\/cz\\\/hyder-m-modra\\\/\"]}]},{\"@type\":\"ImageObject\",\"inLanguage\":\"cs\",\"@id\":\"https:\\\/\\\/shopatoa.com\\\/cz\\\/hyder-m-modra\\\/#primaryimage\",\"url\":\"https:\\\/\\\/shopatoa.com\\\/cz\\\/wp-content\\\/uploads\\\/2025\\\/02\\\/UM0106KIBLU_HYDER-M_01.jpg\",\"contentUrl\":\"https:\\\/\\\/shopatoa.com\\\/cz\\\/wp-content\\\/uploads\\\/2025\\\/02\\\/UM0106KIBLU_HYDER-M_01.jpg\",\"width\":480,\"height\":600},{\"@type\":\"BreadcrumbList\",\"@id\":\"https:\\\/\\\/shopatoa.com\\\/cz\\\/hyder-m-modra\\\/#breadcrumb\",\"itemListElement\":[{\"@type\":\"ListItem\",\"position\":1,\"name\":\"Dom\u016f\",\"item\":\"https:\\\/\\\/shopatoa.com\\\/cz\\\/\"},{\"@type\":\"ListItem\",\"position\":2,\"name\":\"Produkty\",\"item\":\"https:\\\/\\\/shopatoa.com\\\/cz\\\/shop\\\/\"},{\"@type\":\"ListItem\",\"position\":3,\"name\":\"Uncategorized\",\"item\":\"https:\\\/\\\/shopatoa.com\\\/cz\\\/uncategorized\\\/\"},{\"@type\":\"ListItem\",\"position\":4,\"name\":\"HYDER-M Modr\u00e1\"}]},{\"@type\":\"WebSite\",\"@id\":\"https:\\\/\\\/shopatoa.com\\\/cz\\\/#website\",\"url\":\"https:\\\/\\\/shopatoa.com\\\/cz\\\/\",\"name\":\"SHOPATOA\",\"description\":\"\",\"publisher\":{\"@id\":\"https:\\\/\\\/shopatoa.com\\\/cz\\\/#organization\"},\"potentialAction\":[{\"@type\":\"SearchAction\",\"target\":{\"@type\":\"EntryPoint\",\"urlTemplate\":\"https:\\\/\\\/shopatoa.com\\\/cz\\\/?s={search_term_string}\"},\"query-input\":{\"@type\":\"PropertyValueSpecification\",\"valueRequired\":true,\"valueName\":\"search_term_string\"}}],\"inLanguage\":\"cs\"},{\"@type\":\"Organization\",\"@id\":\"https:\\\/\\\/shopatoa.com\\\/cz\\\/#organization\",\"name\":\"SHOPATOA Digital s.r.o.\",\"url\":\"https:\\\/\\\/shopatoa.com\\\/cz\\\/\",\"logo\":{\"@type\":\"ImageObject\",\"inLanguage\":\"cs\",\"@id\":\"https:\\\/\\\/shopatoa.com\\\/cz\\\/#\\\/schema\\\/logo\\\/image\\\/\",\"url\":\"https:\\\/\\\/storage.googleapis.com\\\/cz-shopatoa-img\\\/cz\\\/ebccf434-shopatoa_logo.png\",\"contentUrl\":\"https:\\\/\\\/storage.googleapis.com\\\/cz-shopatoa-img\\\/cz\\\/ebccf434-shopatoa_logo.png\",\"width\":416,\"height\":63,\"caption\":\"SHOPATOA Digital s.r.o.\"},\"image\":{\"@id\":\"https:\\\/\\\/shopatoa.com\\\/cz\\\/#\\\/schema\\\/logo\\\/image\\\/\"}}]}<\/script>\n<!-- \/ Yoast SEO plugin. -->","yoast_head_json":{"title":"HYDER-M Modr\u00e1 - SHOPATOA.COM","description":"P\u00e1nsk\u00e1 ly\u017ea\u0159sk\u00e1 bunda Kilpi HYDER-M p\u0159edstavuje to nejlep\u0161\u00ed v nab\u00eddce p\u00e1nsk\u00fdch bund Kilpi. Z\u00e1kladem je zna\u010dkov\u00fd membr\u00e1nov\u00fd materi\u00e1l DERMIZAX, vysoce vod\u011bodoln\u00fd a prody\u0161n\u00fd. V kombinaci s podlepen\u00fdmi \u0161vy je z\u00e1rukou sucha a pohodl\u00ed v jak\u00fdchkoliv podm\u00ednk\u00e1ch. Vlastn\u00ed teplo pom\u00e1h\u00e1 udr\u017eovat kombinace vnit\u0159n\u00ed elastick\u00e9 pod\u0161\u00edvky, strukturovan\u00e9 z\u00f3ny a syntetick\u00e1 v\u00fdpl\u0148 Primaloft. Hlavn\u00ed kapsy, n\u00e1prsn\u00ed kapsy a ruk\u00e1vov\u00e1 kapsa na skipass s vod\u011bodoln\u00fdmi zipy YKK, jsou jistotou dlouh\u00e9 \u017eivotnosti a funk\u010dnosti. Mezi dal\u0161\u00ed v\u00fdhody t\u00e9to bundy jsou ventila\u010dn\u00ed zipy v podpa\u017e\u00edch, prostorn\u00e1, odn\u00edmateln\u00e1 kapuce s t\u0159\u00edbodov\u00fdm stahov\u00e1n\u00edm a zpevn\u011bn\u00fdm k\u0161iltem a protisn\u011bhov\u00fd l\u00edmec. Lemy ruk\u00e1v\u016f se daj\u00ed st\u00e1hnout such\u00fdm zipem. Vnit\u0159n\u00ed s\u00ed\u0165ov\u00e1 kapsa obsahuje nav\u00edc had\u0159\u00edk na \u010di\u0161t\u011bn\u00ed br\u00fdl\u00ed. Bunda m\u00e1 integrovan\u00fd prvek RECCO, kter\u00fd zvy\u0161uje va\u0161i \u0161anci nalezen\u00ed p\u0159i nehod\u011b. Propracovan\u00e9 kontrastn\u00ed detaily s laserem \u0159ezan\u00fdmi a vyra\u017een\u00fdmi prvky d\u011blaj\u00ed bundu Kilpi HYDER-M nep\u0159ehl\u00e9dnutelnou. Doporu\u010dujeme do kombinace kalhoty Kilpi LEGEND-M, kter\u00e9 najdete v nab\u00eddce p\u00e1nsk\u00fdch ly\u017ea\u0159sk\u00fdch kalhot.Model na fotografii: Velikost M, v\u00fd\u0161ka 189 cm, obvod hrudn\u00edku 100 cm, obvod pasu 84 cm, obvod bok\u016f 102 cm.","robots":{"index":"index","follow":"follow","max-snippet":"max-snippet:-1","max-image-preview":"max-image-preview:large","max-video-preview":"max-video-preview:-1"},"canonical":"https:\/\/shopatoa.com\/cz\/hyder-m-modra\/","og_locale":"cs_CZ","og_type":"article","og_title":"HYDER-M Modr\u00e1 - SHOPATOA.COM","og_description":"P\u00e1nsk\u00e1 ly\u017ea\u0159sk\u00e1 bunda Kilpi HYDER-M p\u0159edstavuje to nejlep\u0161\u00ed v nab\u00eddce p\u00e1nsk\u00fdch bund Kilpi. Z\u00e1kladem je zna\u010dkov\u00fd membr\u00e1nov\u00fd materi\u00e1l DERMIZAX, vysoce vod\u011bodoln\u00fd a prody\u0161n\u00fd. V kombinaci s podlepen\u00fdmi \u0161vy je z\u00e1rukou sucha a pohodl\u00ed v jak\u00fdchkoliv podm\u00ednk\u00e1ch. Vlastn\u00ed teplo pom\u00e1h\u00e1 udr\u017eovat kombinace vnit\u0159n\u00ed elastick\u00e9 pod\u0161\u00edvky, strukturovan\u00e9 z\u00f3ny a syntetick\u00e1 v\u00fdpl\u0148 Primaloft. Hlavn\u00ed kapsy, n\u00e1prsn\u00ed kapsy a ruk\u00e1vov\u00e1 kapsa na skipass s vod\u011bodoln\u00fdmi zipy YKK, jsou jistotou dlouh\u00e9 \u017eivotnosti a funk\u010dnosti. Mezi dal\u0161\u00ed v\u00fdhody t\u00e9to bundy jsou ventila\u010dn\u00ed zipy v podpa\u017e\u00edch, prostorn\u00e1, odn\u00edmateln\u00e1 kapuce s t\u0159\u00edbodov\u00fdm stahov\u00e1n\u00edm a zpevn\u011bn\u00fdm k\u0161iltem a protisn\u011bhov\u00fd l\u00edmec. Lemy ruk\u00e1v\u016f se daj\u00ed st\u00e1hnout such\u00fdm zipem. Vnit\u0159n\u00ed s\u00ed\u0165ov\u00e1 kapsa obsahuje nav\u00edc had\u0159\u00edk na \u010di\u0161t\u011bn\u00ed br\u00fdl\u00ed. Bunda m\u00e1 integrovan\u00fd prvek RECCO, kter\u00fd zvy\u0161uje va\u0161i \u0161anci nalezen\u00ed p\u0159i nehod\u011b. Propracovan\u00e9 kontrastn\u00ed detaily s laserem \u0159ezan\u00fdmi a vyra\u017een\u00fdmi prvky d\u011blaj\u00ed bundu Kilpi HYDER-M nep\u0159ehl\u00e9dnutelnou. Doporu\u010dujeme do kombinace kalhoty Kilpi LEGEND-M, kter\u00e9 najdete v nab\u00eddce p\u00e1nsk\u00fdch ly\u017ea\u0159sk\u00fdch kalhot.Model na fotografii: Velikost M, v\u00fd\u0161ka 189 cm, obvod hrudn\u00edku 100 cm, obvod pasu 84 cm, obvod bok\u016f 102 cm.","og_url":"https:\/\/shopatoa.com\/cz\/hyder-m-modra\/","og_site_name":"SHOPATOA","article_modified_time":"2025-03-14T20:40:56+00:00","og_image":[{"width":480,"height":600,"url":"https:\/\/shopatoa.com\/cz\/wp-content\/uploads\/2025\/02\/UM0106KIBLU_HYDER-M_01.jpg","type":"image\/jpeg"}],"twitter_card":"summary_large_image","twitter_misc":{"Odhadovan\u00e1 doba \u010dten\u00ed":"1 minuta"},"schema":{"@context":"https:\/\/schema.org","@graph":[{"@type":"WebPage","@id":"https:\/\/shopatoa.com\/cz\/hyder-m-modra\/","url":"https:\/\/shopatoa.com\/cz\/hyder-m-modra\/","name":"HYDER-M Modr\u00e1 - SHOPATOA.COM","isPartOf":{"@id":"https:\/\/shopatoa.com\/cz\/#website"},"primaryImageOfPage":{"@id":"https:\/\/shopatoa.com\/cz\/hyder-m-modra\/#primaryimage"},"image":{"@id":"https:\/\/shopatoa.com\/cz\/hyder-m-modra\/#primaryimage"},"thumbnailUrl":"https:\/\/shopatoa.com\/cz\/wp-content\/uploads\/2025\/02\/UM0106KIBLU_HYDER-M_01.jpg","datePublished":"2025-02-14T14:14:34+00:00","dateModified":"2025-03-14T20:40:56+00:00","description":"P\u00e1nsk\u00e1 ly\u017ea\u0159sk\u00e1 bunda Kilpi HYDER-M p\u0159edstavuje to nejlep\u0161\u00ed v nab\u00eddce p\u00e1nsk\u00fdch bund Kilpi. Z\u00e1kladem je zna\u010dkov\u00fd membr\u00e1nov\u00fd materi\u00e1l DERMIZAX, vysoce vod\u011bodoln\u00fd a prody\u0161n\u00fd. V kombinaci s podlepen\u00fdmi \u0161vy je z\u00e1rukou sucha a pohodl\u00ed v jak\u00fdchkoliv podm\u00ednk\u00e1ch. Vlastn\u00ed teplo pom\u00e1h\u00e1 udr\u017eovat kombinace vnit\u0159n\u00ed elastick\u00e9 pod\u0161\u00edvky, strukturovan\u00e9 z\u00f3ny a syntetick\u00e1 v\u00fdpl\u0148 Primaloft. Hlavn\u00ed kapsy, n\u00e1prsn\u00ed kapsy a ruk\u00e1vov\u00e1 kapsa na skipass s vod\u011bodoln\u00fdmi zipy YKK, jsou jistotou dlouh\u00e9 \u017eivotnosti a funk\u010dnosti. Mezi dal\u0161\u00ed v\u00fdhody t\u00e9to bundy jsou ventila\u010dn\u00ed zipy v podpa\u017e\u00edch, prostorn\u00e1, odn\u00edmateln\u00e1 kapuce s t\u0159\u00edbodov\u00fdm stahov\u00e1n\u00edm a zpevn\u011bn\u00fdm k\u0161iltem a protisn\u011bhov\u00fd l\u00edmec. Lemy ruk\u00e1v\u016f se daj\u00ed st\u00e1hnout such\u00fdm zipem. Vnit\u0159n\u00ed s\u00ed\u0165ov\u00e1 kapsa obsahuje nav\u00edc had\u0159\u00edk na \u010di\u0161t\u011bn\u00ed br\u00fdl\u00ed. Bunda m\u00e1 integrovan\u00fd prvek RECCO, kter\u00fd zvy\u0161uje va\u0161i \u0161anci nalezen\u00ed p\u0159i nehod\u011b. Propracovan\u00e9 kontrastn\u00ed detaily s laserem \u0159ezan\u00fdmi a vyra\u017een\u00fdmi prvky d\u011blaj\u00ed bundu Kilpi HYDER-M nep\u0159ehl\u00e9dnutelnou. Doporu\u010dujeme do kombinace kalhoty Kilpi LEGEND-M, kter\u00e9 najdete v nab\u00eddce p\u00e1nsk\u00fdch ly\u017ea\u0159sk\u00fdch kalhot.Model na fotografii: Velikost M, v\u00fd\u0161ka 189 cm, obvod hrudn\u00edku 100 cm, obvod pasu 84 cm, obvod bok\u016f 102 cm.","breadcrumb":{"@id":"https:\/\/shopatoa.com\/cz\/hyder-m-modra\/#breadcrumb"},"inLanguage":"cs","potentialAction":[{"@type":"ReadAction","target":["https:\/\/shopatoa.com\/cz\/hyder-m-modra\/"]}]},{"@type":"ImageObject","inLanguage":"cs","@id":"https:\/\/shopatoa.com\/cz\/hyder-m-modra\/#primaryimage","url":"https:\/\/shopatoa.com\/cz\/wp-content\/uploads\/2025\/02\/UM0106KIBLU_HYDER-M_01.jpg","contentUrl":"https:\/\/shopatoa.com\/cz\/wp-content\/uploads\/2025\/02\/UM0106KIBLU_HYDER-M_01.jpg","width":480,"height":600},{"@type":"BreadcrumbList","@id":"https:\/\/shopatoa.com\/cz\/hyder-m-modra\/#breadcrumb","itemListElement":[{"@type":"ListItem","position":1,"name":"Dom\u016f","item":"https:\/\/shopatoa.com\/cz\/"},{"@type":"ListItem","position":2,"name":"Produkty","item":"https:\/\/shopatoa.com\/cz\/shop\/"},{"@type":"ListItem","position":3,"name":"Uncategorized","item":"https:\/\/shopatoa.com\/cz\/uncategorized\/"},{"@type":"ListItem","position":4,"name":"HYDER-M Modr\u00e1"}]},{"@type":"WebSite","@id":"https:\/\/shopatoa.com\/cz\/#website","url":"https:\/\/shopatoa.com\/cz\/","name":"SHOPATOA","description":"","publisher":{"@id":"https:\/\/shopatoa.com\/cz\/#organization"},"potentialAction":[{"@type":"SearchAction","target":{"@type":"EntryPoint","urlTemplate":"https:\/\/shopatoa.com\/cz\/?s={search_term_string}"},"query-input":{"@type":"PropertyValueSpecification","valueRequired":true,"valueName":"search_term_string"}}],"inLanguage":"cs"},{"@type":"Organization","@id":"https:\/\/shopatoa.com\/cz\/#organization","name":"SHOPATOA Digital s.r.o.","url":"https:\/\/shopatoa.com\/cz\/","logo":{"@type":"ImageObject","inLanguage":"cs","@id":"https:\/\/shopatoa.com\/cz\/#\/schema\/logo\/image\/","url":"https:\/\/storage.googleapis.com\/cz-shopatoa-img\/cz\/ebccf434-shopatoa_logo.png","contentUrl":"https:\/\/storage.googleapis.com\/cz-shopatoa-img\/cz\/ebccf434-shopatoa_logo.png","width":416,"height":63,"caption":"SHOPATOA Digital s.r.o."},"image":{"@id":"https:\/\/shopatoa.com\/cz\/#\/schema\/logo\/image\/"}}]}},"_links":{"self":[{"href":"https:\/\/shopatoa.com\/cz\/wp-json\/wp\/v2\/product\/129567","targetHints":{"allow":["GET"]}}],"collection":[{"href":"https:\/\/shopatoa.com\/cz\/wp-json\/wp\/v2\/product"}],"about":[{"href":"https:\/\/shopatoa.com\/cz\/wp-json\/wp\/v2\/types\/product"}],"replies":[{"embeddable":true,"href":"https:\/\/shopatoa.com\/cz\/wp-json\/wp\/v2\/comments?post=129567"}],"wp:featuredmedia":[{"embeddable":true,"href":"https:\/\/shopatoa.com\/cz\/wp-json\/wp\/v2\/media\/129568"}],"wp:attachment":[{"href":"https:\/\/shopatoa.com\/cz\/wp-json\/wp\/v2\/media?parent=129567"}],"wp:term":[{"taxonomy":"product_brand","embeddable":true,"href":"https:\/\/shopatoa.com\/cz\/wp-json\/wp\/v2\/product_brand?post=129567"},{"taxonomy":"product_cat","embeddable":true,"href":"https:\/\/shopatoa.com\/cz\/wp-json\/wp\/v2\/product_cat?post=129567"},{"taxonomy":"product_tag","embeddable":true,"href":"https:\/\/shopatoa.com\/cz\/wp-json\/wp\/v2\/product_tag?post=129567"}],"curies":[{"name":"wp","href":"https:\/\/api.w.org\/{rel}","templated":true}]}}