{"id":129571,"date":"2025-02-14T15:14:34","date_gmt":"2025-02-14T14:14:34","guid":{"rendered":"https:\/\/shopatoa.com\/cz\/ltd-archer-m-cerna\/"},"modified":"2025-03-14T21:41:01","modified_gmt":"2025-03-14T20:41:01","slug":"ltd-archer-m-cerna","status":"publish","type":"product","link":"https:\/\/shopatoa.com\/cz\/ltd-archer-m-cerna\/","title":{"rendered":"LTD ARCHER-M \u010cern\u00e1"},"content":{"rendered":"<p>P\u00e1nsk\u00e1 hardshellov\u00e1 bunda Kilpi LTD ARCHER-MLimitovan\u00e1 v\u00fdro\u010dn\u00ed kolekceOslavte 10 let zna\u010dky Kilpi s touto exkluzivn\u00ed bundou, kter\u00e1 kombinuje \u0161pi\u010dkov\u00fd design, precizn\u00ed zpracov\u00e1n\u00ed a maxim\u00e1ln\u00ed funk\u010dnost. Model LTD ARCHER-M je navr\u017een pro mu\u017ee, kte\u0159\u00ed hledaj\u00ed spolehlivou ochranu a komfort p\u0159i zimn\u00edch sportech, jako je skialpinismus, freeride, ly\u017eov\u00e1n\u00ed nebo horolezectv\u00ed.Kl\u00ed\u010dov\u00e9 vlastnosti:Vysoce kvalitn\u00ed membr\u00e1nov\u00fd materi\u00e1l Dermizax s vodn\u00edm sloupcem 20 000 mm a prody\u0161nost\u00ed 10 000 g\/m2\/24h zaji\u0161\u0165uje vynikaj\u00edc\u00ed vod\u011bodolnost a prody\u0161nost.Podlepen\u00e9 \u0161vy a nepromokav\u00e9 zipy YKK poskytuj\u00ed spolehlivou ochranu p\u0159ed vlhkost\u00ed.Ventila\u010dn\u00ed zipy umo\u017e\u0148uj\u00ed efektivn\u00ed odv\u011btr\u00e1v\u00e1n\u00ed b\u011bhem n\u00e1ro\u010dn\u00fdch aktivit.Prostorn\u00e1 kapuce s t\u0159\u00edbodov\u00fdm stahov\u00e1n\u00edm a zpevn\u011bn\u00fdm k\u0161iltem je kompatibiln\u00ed s p\u0159ilbou a nab\u00edz\u00ed ochranu p\u0159ed nep\u0159\u00edzniv\u00fdm po\u010das\u00edm.Vysok\u00fd l\u00edmec s hladkou krytkou brady chr\u00e1n\u00ed obli\u010dej p\u0159ed v\u011btrem a chladem.\u0160irok\u00fd l\u00edmec s mo\u017enost\u00ed pootev\u0159en\u00ed zipu pro lep\u0161\u00ed ventilaci d\u00edky mikroperforaci pod hlavn\u00edm zipem.\u0160est zipov\u00fdch kapes, v\u010detn\u011b kapsy na ruk\u00e1vu na skipas a vnit\u0159n\u00ed zipov\u00e9 kapsy, poskytuje dostatek \u00falo\u017en\u00e9ho prostoru.Nastaviteln\u00fd spodn\u00ed lem a \u0161\u00ed\u0159ka ruk\u00e1v\u016f pomoc\u00ed such\u00fdch zip\u016f umo\u017e\u0148uj\u00ed individu\u00e1ln\u00ed p\u0159izp\u016fsoben\u00ed.Odn\u00edmateln\u00fd vnit\u0159n\u00ed protisn\u011bhov\u00fd l\u00edmec zvy\u0161uje ochranu p\u0159ed sn\u011bhem.Integrovan\u00fd reflektor RECCO zvy\u0161uje bezpe\u010dnost v ter\u00e9nu.Tato bunda je ide\u00e1ln\u00ed volbou pro n\u00e1ro\u010dn\u00e9 sportovce, kte\u0159\u00ed hledaj\u00ed spojen\u00ed luxusu, funk\u010dnosti a jedine\u010dn\u00e9ho designu.<\/p>\n","protected":false},"excerpt":{"rendered":"<p>P\u00e1nsk\u00e1 hardshellov\u00e1 bunda Kilpi LTD ARCHER-MLimitovan\u00e1 v\u00fdro\u010dn\u00ed kolekceOslavte 10 let zna\u010dky Kilpi s touto exkluzivn\u00ed bundou, kter\u00e1 kombinuje \u0161pi\u010dkov\u00fd design, precizn\u00ed zpracov\u00e1n\u00ed a maxim\u00e1ln\u00ed funk\u010dnost. Model LTD ARCHER-M je navr\u017een pro mu\u017ee, kte\u0159\u00ed hledaj\u00ed spolehlivou ochranu a komfort p\u0159i zimn\u00edch sportech, jako je skialpinismus, freeride, ly\u017eov\u00e1n\u00ed nebo horolezectv\u00ed.Kl\u00ed\u010dov\u00e9 vlastnosti:Vysoce kvalitn\u00ed membr\u00e1nov\u00fd materi\u00e1l Dermizax s vodn\u00edm&#8230;<\/p>\n","protected":false},"featured_media":129572,"comment_status":"closed","ping_status":"open","template":"","meta":{"_acf_changed":false,"_kadence_starter_templates_imported_post":false,"_kad_post_transparent":"","_kad_post_title":"","_kad_post_layout":"","_kad_post_sidebar_id":"","_kad_post_content_style":"","_kad_post_vertical_padding":"","_kad_post_feature":"","_kad_post_feature_position":"","_kad_post_header":false,"_kad_post_footer":false,"_kad_post_classname":""},"product_brand":[],"product_cat":[15],"product_tag":[],"class_list":{"0":"post-129571","1":"product","2":"type-product","3":"status-publish","4":"has-post-thumbnail","6":"product_cat-uncategorized","7":"pa_obchod-shopkilpi-cz","8":"pa_pohlavi-muz","9":"pa_sport-turistika","11":"first","12":"instock","13":"product-type-external","14":"entry","15":"content-bg","16":"loop-entry"},"acf":[],"yoast_head":"<!-- This site is optimized with the Yoast SEO plugin v27.4 - https:\/\/yoast.com\/product\/yoast-seo-wordpress\/ -->\n<title>LTD ARCHER-M \u010cern\u00e1 - SHOPATOA.COM<\/title>\n<meta name=\"description\" content=\"P\u00e1nsk\u00e1 hardshellov\u00e1 bunda Kilpi LTD ARCHER-MLimitovan\u00e1 v\u00fdro\u010dn\u00ed kolekceOslavte 10 let zna\u010dky Kilpi s touto exkluzivn\u00ed bundou, kter\u00e1 kombinuje \u0161pi\u010dkov\u00fd design, precizn\u00ed zpracov\u00e1n\u00ed a maxim\u00e1ln\u00ed funk\u010dnost. Model LTD ARCHER-M je navr\u017een pro mu\u017ee, kte\u0159\u00ed hledaj\u00ed spolehlivou ochranu a komfort p\u0159i zimn\u00edch sportech, jako je skialpinismus, freeride, ly\u017eov\u00e1n\u00ed nebo horolezectv\u00ed.Kl\u00ed\u010dov\u00e9 vlastnosti:Vysoce kvalitn\u00ed membr\u00e1nov\u00fd materi\u00e1l Dermizax s vodn\u00edm sloupcem 20 000 mm a prody\u0161nost\u00ed 10 000 g\/m2\/24h zaji\u0161\u0165uje vynikaj\u00edc\u00ed vod\u011bodolnost a prody\u0161nost.Podlepen\u00e9 \u0161vy a nepromokav\u00e9 zipy YKK poskytuj\u00ed spolehlivou ochranu p\u0159ed vlhkost\u00ed.Ventila\u010dn\u00ed zipy umo\u017e\u0148uj\u00ed efektivn\u00ed odv\u011btr\u00e1v\u00e1n\u00ed b\u011bhem n\u00e1ro\u010dn\u00fdch aktivit.Prostorn\u00e1 kapuce s t\u0159\u00edbodov\u00fdm stahov\u00e1n\u00edm a zpevn\u011bn\u00fdm k\u0161iltem je kompatibiln\u00ed s p\u0159ilbou a nab\u00edz\u00ed ochranu p\u0159ed nep\u0159\u00edzniv\u00fdm po\u010das\u00edm.Vysok\u00fd l\u00edmec s hladkou krytkou brady chr\u00e1n\u00ed obli\u010dej p\u0159ed v\u011btrem a chladem.\u0160irok\u00fd l\u00edmec s mo\u017enost\u00ed pootev\u0159en\u00ed zipu pro lep\u0161\u00ed ventilaci d\u00edky mikroperforaci pod hlavn\u00edm zipem.\u0160est zipov\u00fdch kapes, v\u010detn\u011b kapsy na ruk\u00e1vu na skipas a vnit\u0159n\u00ed zipov\u00e9 kapsy, poskytuje dostatek \u00falo\u017en\u00e9ho prostoru.Nastaviteln\u00fd spodn\u00ed lem a \u0161\u00ed\u0159ka ruk\u00e1v\u016f pomoc\u00ed such\u00fdch zip\u016f umo\u017e\u0148uj\u00ed individu\u00e1ln\u00ed p\u0159izp\u016fsoben\u00ed.Odn\u00edmateln\u00fd vnit\u0159n\u00ed protisn\u011bhov\u00fd l\u00edmec zvy\u0161uje ochranu p\u0159ed sn\u011bhem.Integrovan\u00fd reflektor RECCO zvy\u0161uje bezpe\u010dnost v ter\u00e9nu.Tato bunda je ide\u00e1ln\u00ed volbou pro n\u00e1ro\u010dn\u00e9 sportovce, kte\u0159\u00ed hledaj\u00ed spojen\u00ed luxusu, funk\u010dnosti a jedine\u010dn\u00e9ho designu.\" \/>\n<meta name=\"robots\" content=\"index, follow, max-snippet:-1, max-image-preview:large, max-video-preview:-1\" \/>\n<link rel=\"canonical\" href=\"https:\/\/shopatoa.com\/cz\/ltd-archer-m-cerna\/\" \/>\n<meta property=\"og:locale\" content=\"cs_CZ\" \/>\n<meta property=\"og:type\" content=\"article\" \/>\n<meta property=\"og:title\" content=\"LTD ARCHER-M \u010cern\u00e1 - SHOPATOA.COM\" \/>\n<meta property=\"og:description\" content=\"P\u00e1nsk\u00e1 hardshellov\u00e1 bunda Kilpi LTD ARCHER-MLimitovan\u00e1 v\u00fdro\u010dn\u00ed kolekceOslavte 10 let zna\u010dky Kilpi s touto exkluzivn\u00ed bundou, kter\u00e1 kombinuje \u0161pi\u010dkov\u00fd design, precizn\u00ed zpracov\u00e1n\u00ed a maxim\u00e1ln\u00ed funk\u010dnost. Model LTD ARCHER-M je navr\u017een pro mu\u017ee, kte\u0159\u00ed hledaj\u00ed spolehlivou ochranu a komfort p\u0159i zimn\u00edch sportech, jako je skialpinismus, freeride, ly\u017eov\u00e1n\u00ed nebo horolezectv\u00ed.Kl\u00ed\u010dov\u00e9 vlastnosti:Vysoce kvalitn\u00ed membr\u00e1nov\u00fd materi\u00e1l Dermizax s vodn\u00edm sloupcem 20 000 mm a prody\u0161nost\u00ed 10 000 g\/m2\/24h zaji\u0161\u0165uje vynikaj\u00edc\u00ed vod\u011bodolnost a prody\u0161nost.Podlepen\u00e9 \u0161vy a nepromokav\u00e9 zipy YKK poskytuj\u00ed spolehlivou ochranu p\u0159ed vlhkost\u00ed.Ventila\u010dn\u00ed zipy umo\u017e\u0148uj\u00ed efektivn\u00ed odv\u011btr\u00e1v\u00e1n\u00ed b\u011bhem n\u00e1ro\u010dn\u00fdch aktivit.Prostorn\u00e1 kapuce s t\u0159\u00edbodov\u00fdm stahov\u00e1n\u00edm a zpevn\u011bn\u00fdm k\u0161iltem je kompatibiln\u00ed s p\u0159ilbou a nab\u00edz\u00ed ochranu p\u0159ed nep\u0159\u00edzniv\u00fdm po\u010das\u00edm.Vysok\u00fd l\u00edmec s hladkou krytkou brady chr\u00e1n\u00ed obli\u010dej p\u0159ed v\u011btrem a chladem.\u0160irok\u00fd l\u00edmec s mo\u017enost\u00ed pootev\u0159en\u00ed zipu pro lep\u0161\u00ed ventilaci d\u00edky mikroperforaci pod hlavn\u00edm zipem.\u0160est zipov\u00fdch kapes, v\u010detn\u011b kapsy na ruk\u00e1vu na skipas a vnit\u0159n\u00ed zipov\u00e9 kapsy, poskytuje dostatek \u00falo\u017en\u00e9ho prostoru.Nastaviteln\u00fd spodn\u00ed lem a \u0161\u00ed\u0159ka ruk\u00e1v\u016f pomoc\u00ed such\u00fdch zip\u016f umo\u017e\u0148uj\u00ed individu\u00e1ln\u00ed p\u0159izp\u016fsoben\u00ed.Odn\u00edmateln\u00fd vnit\u0159n\u00ed protisn\u011bhov\u00fd l\u00edmec zvy\u0161uje ochranu p\u0159ed sn\u011bhem.Integrovan\u00fd reflektor RECCO zvy\u0161uje bezpe\u010dnost v ter\u00e9nu.Tato bunda je ide\u00e1ln\u00ed volbou pro n\u00e1ro\u010dn\u00e9 sportovce, kte\u0159\u00ed hledaj\u00ed spojen\u00ed luxusu, funk\u010dnosti a jedine\u010dn\u00e9ho designu.\" \/>\n<meta property=\"og:url\" content=\"https:\/\/shopatoa.com\/cz\/ltd-archer-m-cerna\/\" \/>\n<meta property=\"og:site_name\" content=\"SHOPATOA\" \/>\n<meta property=\"article:modified_time\" content=\"2025-03-14T20:41:01+00:00\" \/>\n<meta property=\"og:image\" content=\"https:\/\/shopatoa.com\/cz\/wp-content\/uploads\/2025\/02\/UM0140KIBLK_LTD_ARCHER-M_01.jpg\" \/>\n\t<meta property=\"og:image:width\" content=\"480\" \/>\n\t<meta property=\"og:image:height\" content=\"600\" \/>\n\t<meta property=\"og:image:type\" content=\"image\/jpeg\" \/>\n<meta name=\"twitter:card\" content=\"summary_large_image\" \/>\n<meta name=\"twitter:label1\" content=\"Odhadovan\u00e1 doba \u010dten\u00ed\" \/>\n\t<meta name=\"twitter:data1\" content=\"1 minuta\" \/>\n<script type=\"application\/ld+json\" class=\"yoast-schema-graph\">{\"@context\":\"https:\\\/\\\/schema.org\",\"@graph\":[{\"@type\":\"WebPage\",\"@id\":\"https:\\\/\\\/shopatoa.com\\\/cz\\\/ltd-archer-m-cerna\\\/\",\"url\":\"https:\\\/\\\/shopatoa.com\\\/cz\\\/ltd-archer-m-cerna\\\/\",\"name\":\"LTD ARCHER-M \u010cern\u00e1 - SHOPATOA.COM\",\"isPartOf\":{\"@id\":\"https:\\\/\\\/shopatoa.com\\\/cz\\\/#website\"},\"primaryImageOfPage\":{\"@id\":\"https:\\\/\\\/shopatoa.com\\\/cz\\\/ltd-archer-m-cerna\\\/#primaryimage\"},\"image\":{\"@id\":\"https:\\\/\\\/shopatoa.com\\\/cz\\\/ltd-archer-m-cerna\\\/#primaryimage\"},\"thumbnailUrl\":\"https:\\\/\\\/shopatoa.com\\\/cz\\\/wp-content\\\/uploads\\\/2025\\\/02\\\/UM0140KIBLK_LTD_ARCHER-M_01.jpg\",\"datePublished\":\"2025-02-14T14:14:34+00:00\",\"dateModified\":\"2025-03-14T20:41:01+00:00\",\"description\":\"P\u00e1nsk\u00e1 hardshellov\u00e1 bunda Kilpi LTD ARCHER-MLimitovan\u00e1 v\u00fdro\u010dn\u00ed kolekceOslavte 10 let zna\u010dky Kilpi s touto exkluzivn\u00ed bundou, kter\u00e1 kombinuje \u0161pi\u010dkov\u00fd design, precizn\u00ed zpracov\u00e1n\u00ed a maxim\u00e1ln\u00ed funk\u010dnost. Model LTD ARCHER-M je navr\u017een pro mu\u017ee, kte\u0159\u00ed hledaj\u00ed spolehlivou ochranu a komfort p\u0159i zimn\u00edch sportech, jako je skialpinismus, freeride, ly\u017eov\u00e1n\u00ed nebo horolezectv\u00ed.Kl\u00ed\u010dov\u00e9 vlastnosti:Vysoce kvalitn\u00ed membr\u00e1nov\u00fd materi\u00e1l Dermizax s vodn\u00edm sloupcem 20 000 mm a prody\u0161nost\u00ed 10 000 g\\\/m2\\\/24h zaji\u0161\u0165uje vynikaj\u00edc\u00ed vod\u011bodolnost a prody\u0161nost.Podlepen\u00e9 \u0161vy a nepromokav\u00e9 zipy YKK poskytuj\u00ed spolehlivou ochranu p\u0159ed vlhkost\u00ed.Ventila\u010dn\u00ed zipy umo\u017e\u0148uj\u00ed efektivn\u00ed odv\u011btr\u00e1v\u00e1n\u00ed b\u011bhem n\u00e1ro\u010dn\u00fdch aktivit.Prostorn\u00e1 kapuce s t\u0159\u00edbodov\u00fdm stahov\u00e1n\u00edm a zpevn\u011bn\u00fdm k\u0161iltem je kompatibiln\u00ed s p\u0159ilbou a nab\u00edz\u00ed ochranu p\u0159ed nep\u0159\u00edzniv\u00fdm po\u010das\u00edm.Vysok\u00fd l\u00edmec s hladkou krytkou brady chr\u00e1n\u00ed obli\u010dej p\u0159ed v\u011btrem a chladem.\u0160irok\u00fd l\u00edmec s mo\u017enost\u00ed pootev\u0159en\u00ed zipu pro lep\u0161\u00ed ventilaci d\u00edky mikroperforaci pod hlavn\u00edm zipem.\u0160est zipov\u00fdch kapes, v\u010detn\u011b kapsy na ruk\u00e1vu na skipas a vnit\u0159n\u00ed zipov\u00e9 kapsy, poskytuje dostatek \u00falo\u017en\u00e9ho prostoru.Nastaviteln\u00fd spodn\u00ed lem a \u0161\u00ed\u0159ka ruk\u00e1v\u016f pomoc\u00ed such\u00fdch zip\u016f umo\u017e\u0148uj\u00ed individu\u00e1ln\u00ed p\u0159izp\u016fsoben\u00ed.Odn\u00edmateln\u00fd vnit\u0159n\u00ed protisn\u011bhov\u00fd l\u00edmec zvy\u0161uje ochranu p\u0159ed sn\u011bhem.Integrovan\u00fd reflektor RECCO zvy\u0161uje bezpe\u010dnost v ter\u00e9nu.Tato bunda je ide\u00e1ln\u00ed volbou pro n\u00e1ro\u010dn\u00e9 sportovce, kte\u0159\u00ed hledaj\u00ed spojen\u00ed luxusu, funk\u010dnosti a jedine\u010dn\u00e9ho designu.\",\"breadcrumb\":{\"@id\":\"https:\\\/\\\/shopatoa.com\\\/cz\\\/ltd-archer-m-cerna\\\/#breadcrumb\"},\"inLanguage\":\"cs\",\"potentialAction\":[{\"@type\":\"ReadAction\",\"target\":[\"https:\\\/\\\/shopatoa.com\\\/cz\\\/ltd-archer-m-cerna\\\/\"]}]},{\"@type\":\"ImageObject\",\"inLanguage\":\"cs\",\"@id\":\"https:\\\/\\\/shopatoa.com\\\/cz\\\/ltd-archer-m-cerna\\\/#primaryimage\",\"url\":\"https:\\\/\\\/shopatoa.com\\\/cz\\\/wp-content\\\/uploads\\\/2025\\\/02\\\/UM0140KIBLK_LTD_ARCHER-M_01.jpg\",\"contentUrl\":\"https:\\\/\\\/shopatoa.com\\\/cz\\\/wp-content\\\/uploads\\\/2025\\\/02\\\/UM0140KIBLK_LTD_ARCHER-M_01.jpg\",\"width\":480,\"height\":600},{\"@type\":\"BreadcrumbList\",\"@id\":\"https:\\\/\\\/shopatoa.com\\\/cz\\\/ltd-archer-m-cerna\\\/#breadcrumb\",\"itemListElement\":[{\"@type\":\"ListItem\",\"position\":1,\"name\":\"Dom\u016f\",\"item\":\"https:\\\/\\\/shopatoa.com\\\/cz\\\/\"},{\"@type\":\"ListItem\",\"position\":2,\"name\":\"Produkty\",\"item\":\"https:\\\/\\\/shopatoa.com\\\/cz\\\/shop\\\/\"},{\"@type\":\"ListItem\",\"position\":3,\"name\":\"Uncategorized\",\"item\":\"https:\\\/\\\/shopatoa.com\\\/cz\\\/uncategorized\\\/\"},{\"@type\":\"ListItem\",\"position\":4,\"name\":\"LTD ARCHER-M \u010cern\u00e1\"}]},{\"@type\":\"WebSite\",\"@id\":\"https:\\\/\\\/shopatoa.com\\\/cz\\\/#website\",\"url\":\"https:\\\/\\\/shopatoa.com\\\/cz\\\/\",\"name\":\"SHOPATOA\",\"description\":\"\",\"publisher\":{\"@id\":\"https:\\\/\\\/shopatoa.com\\\/cz\\\/#organization\"},\"potentialAction\":[{\"@type\":\"SearchAction\",\"target\":{\"@type\":\"EntryPoint\",\"urlTemplate\":\"https:\\\/\\\/shopatoa.com\\\/cz\\\/?s={search_term_string}\"},\"query-input\":{\"@type\":\"PropertyValueSpecification\",\"valueRequired\":true,\"valueName\":\"search_term_string\"}}],\"inLanguage\":\"cs\"},{\"@type\":\"Organization\",\"@id\":\"https:\\\/\\\/shopatoa.com\\\/cz\\\/#organization\",\"name\":\"SHOPATOA Digital s.r.o.\",\"url\":\"https:\\\/\\\/shopatoa.com\\\/cz\\\/\",\"logo\":{\"@type\":\"ImageObject\",\"inLanguage\":\"cs\",\"@id\":\"https:\\\/\\\/shopatoa.com\\\/cz\\\/#\\\/schema\\\/logo\\\/image\\\/\",\"url\":\"https:\\\/\\\/storage.googleapis.com\\\/cz-shopatoa-img\\\/cz\\\/ebccf434-shopatoa_logo.png\",\"contentUrl\":\"https:\\\/\\\/storage.googleapis.com\\\/cz-shopatoa-img\\\/cz\\\/ebccf434-shopatoa_logo.png\",\"width\":416,\"height\":63,\"caption\":\"SHOPATOA Digital s.r.o.\"},\"image\":{\"@id\":\"https:\\\/\\\/shopatoa.com\\\/cz\\\/#\\\/schema\\\/logo\\\/image\\\/\"}}]}<\/script>\n<!-- \/ Yoast SEO plugin. -->","yoast_head_json":{"title":"LTD ARCHER-M \u010cern\u00e1 - SHOPATOA.COM","description":"P\u00e1nsk\u00e1 hardshellov\u00e1 bunda Kilpi LTD ARCHER-MLimitovan\u00e1 v\u00fdro\u010dn\u00ed kolekceOslavte 10 let zna\u010dky Kilpi s touto exkluzivn\u00ed bundou, kter\u00e1 kombinuje \u0161pi\u010dkov\u00fd design, precizn\u00ed zpracov\u00e1n\u00ed a maxim\u00e1ln\u00ed funk\u010dnost. Model LTD ARCHER-M je navr\u017een pro mu\u017ee, kte\u0159\u00ed hledaj\u00ed spolehlivou ochranu a komfort p\u0159i zimn\u00edch sportech, jako je skialpinismus, freeride, ly\u017eov\u00e1n\u00ed nebo horolezectv\u00ed.Kl\u00ed\u010dov\u00e9 vlastnosti:Vysoce kvalitn\u00ed membr\u00e1nov\u00fd materi\u00e1l Dermizax s vodn\u00edm sloupcem 20 000 mm a prody\u0161nost\u00ed 10 000 g\/m2\/24h zaji\u0161\u0165uje vynikaj\u00edc\u00ed vod\u011bodolnost a prody\u0161nost.Podlepen\u00e9 \u0161vy a nepromokav\u00e9 zipy YKK poskytuj\u00ed spolehlivou ochranu p\u0159ed vlhkost\u00ed.Ventila\u010dn\u00ed zipy umo\u017e\u0148uj\u00ed efektivn\u00ed odv\u011btr\u00e1v\u00e1n\u00ed b\u011bhem n\u00e1ro\u010dn\u00fdch aktivit.Prostorn\u00e1 kapuce s t\u0159\u00edbodov\u00fdm stahov\u00e1n\u00edm a zpevn\u011bn\u00fdm k\u0161iltem je kompatibiln\u00ed s p\u0159ilbou a nab\u00edz\u00ed ochranu p\u0159ed nep\u0159\u00edzniv\u00fdm po\u010das\u00edm.Vysok\u00fd l\u00edmec s hladkou krytkou brady chr\u00e1n\u00ed obli\u010dej p\u0159ed v\u011btrem a chladem.\u0160irok\u00fd l\u00edmec s mo\u017enost\u00ed pootev\u0159en\u00ed zipu pro lep\u0161\u00ed ventilaci d\u00edky mikroperforaci pod hlavn\u00edm zipem.\u0160est zipov\u00fdch kapes, v\u010detn\u011b kapsy na ruk\u00e1vu na skipas a vnit\u0159n\u00ed zipov\u00e9 kapsy, poskytuje dostatek \u00falo\u017en\u00e9ho prostoru.Nastaviteln\u00fd spodn\u00ed lem a \u0161\u00ed\u0159ka ruk\u00e1v\u016f pomoc\u00ed such\u00fdch zip\u016f umo\u017e\u0148uj\u00ed individu\u00e1ln\u00ed p\u0159izp\u016fsoben\u00ed.Odn\u00edmateln\u00fd vnit\u0159n\u00ed protisn\u011bhov\u00fd l\u00edmec zvy\u0161uje ochranu p\u0159ed sn\u011bhem.Integrovan\u00fd reflektor RECCO zvy\u0161uje bezpe\u010dnost v ter\u00e9nu.Tato bunda je ide\u00e1ln\u00ed volbou pro n\u00e1ro\u010dn\u00e9 sportovce, kte\u0159\u00ed hledaj\u00ed spojen\u00ed luxusu, funk\u010dnosti a jedine\u010dn\u00e9ho designu.","robots":{"index":"index","follow":"follow","max-snippet":"max-snippet:-1","max-image-preview":"max-image-preview:large","max-video-preview":"max-video-preview:-1"},"canonical":"https:\/\/shopatoa.com\/cz\/ltd-archer-m-cerna\/","og_locale":"cs_CZ","og_type":"article","og_title":"LTD ARCHER-M \u010cern\u00e1 - SHOPATOA.COM","og_description":"P\u00e1nsk\u00e1 hardshellov\u00e1 bunda Kilpi LTD ARCHER-MLimitovan\u00e1 v\u00fdro\u010dn\u00ed kolekceOslavte 10 let zna\u010dky Kilpi s touto exkluzivn\u00ed bundou, kter\u00e1 kombinuje \u0161pi\u010dkov\u00fd design, precizn\u00ed zpracov\u00e1n\u00ed a maxim\u00e1ln\u00ed funk\u010dnost. Model LTD ARCHER-M je navr\u017een pro mu\u017ee, kte\u0159\u00ed hledaj\u00ed spolehlivou ochranu a komfort p\u0159i zimn\u00edch sportech, jako je skialpinismus, freeride, ly\u017eov\u00e1n\u00ed nebo horolezectv\u00ed.Kl\u00ed\u010dov\u00e9 vlastnosti:Vysoce kvalitn\u00ed membr\u00e1nov\u00fd materi\u00e1l Dermizax s vodn\u00edm sloupcem 20 000 mm a prody\u0161nost\u00ed 10 000 g\/m2\/24h zaji\u0161\u0165uje vynikaj\u00edc\u00ed vod\u011bodolnost a prody\u0161nost.Podlepen\u00e9 \u0161vy a nepromokav\u00e9 zipy YKK poskytuj\u00ed spolehlivou ochranu p\u0159ed vlhkost\u00ed.Ventila\u010dn\u00ed zipy umo\u017e\u0148uj\u00ed efektivn\u00ed odv\u011btr\u00e1v\u00e1n\u00ed b\u011bhem n\u00e1ro\u010dn\u00fdch aktivit.Prostorn\u00e1 kapuce s t\u0159\u00edbodov\u00fdm stahov\u00e1n\u00edm a zpevn\u011bn\u00fdm k\u0161iltem je kompatibiln\u00ed s p\u0159ilbou a nab\u00edz\u00ed ochranu p\u0159ed nep\u0159\u00edzniv\u00fdm po\u010das\u00edm.Vysok\u00fd l\u00edmec s hladkou krytkou brady chr\u00e1n\u00ed obli\u010dej p\u0159ed v\u011btrem a chladem.\u0160irok\u00fd l\u00edmec s mo\u017enost\u00ed pootev\u0159en\u00ed zipu pro lep\u0161\u00ed ventilaci d\u00edky mikroperforaci pod hlavn\u00edm zipem.\u0160est zipov\u00fdch kapes, v\u010detn\u011b kapsy na ruk\u00e1vu na skipas a vnit\u0159n\u00ed zipov\u00e9 kapsy, poskytuje dostatek \u00falo\u017en\u00e9ho prostoru.Nastaviteln\u00fd spodn\u00ed lem a \u0161\u00ed\u0159ka ruk\u00e1v\u016f pomoc\u00ed such\u00fdch zip\u016f umo\u017e\u0148uj\u00ed individu\u00e1ln\u00ed p\u0159izp\u016fsoben\u00ed.Odn\u00edmateln\u00fd vnit\u0159n\u00ed protisn\u011bhov\u00fd l\u00edmec zvy\u0161uje ochranu p\u0159ed sn\u011bhem.Integrovan\u00fd reflektor RECCO zvy\u0161uje bezpe\u010dnost v ter\u00e9nu.Tato bunda je ide\u00e1ln\u00ed volbou pro n\u00e1ro\u010dn\u00e9 sportovce, kte\u0159\u00ed hledaj\u00ed spojen\u00ed luxusu, funk\u010dnosti a jedine\u010dn\u00e9ho designu.","og_url":"https:\/\/shopatoa.com\/cz\/ltd-archer-m-cerna\/","og_site_name":"SHOPATOA","article_modified_time":"2025-03-14T20:41:01+00:00","og_image":[{"width":480,"height":600,"url":"https:\/\/shopatoa.com\/cz\/wp-content\/uploads\/2025\/02\/UM0140KIBLK_LTD_ARCHER-M_01.jpg","type":"image\/jpeg"}],"twitter_card":"summary_large_image","twitter_misc":{"Odhadovan\u00e1 doba \u010dten\u00ed":"1 minuta"},"schema":{"@context":"https:\/\/schema.org","@graph":[{"@type":"WebPage","@id":"https:\/\/shopatoa.com\/cz\/ltd-archer-m-cerna\/","url":"https:\/\/shopatoa.com\/cz\/ltd-archer-m-cerna\/","name":"LTD ARCHER-M \u010cern\u00e1 - SHOPATOA.COM","isPartOf":{"@id":"https:\/\/shopatoa.com\/cz\/#website"},"primaryImageOfPage":{"@id":"https:\/\/shopatoa.com\/cz\/ltd-archer-m-cerna\/#primaryimage"},"image":{"@id":"https:\/\/shopatoa.com\/cz\/ltd-archer-m-cerna\/#primaryimage"},"thumbnailUrl":"https:\/\/shopatoa.com\/cz\/wp-content\/uploads\/2025\/02\/UM0140KIBLK_LTD_ARCHER-M_01.jpg","datePublished":"2025-02-14T14:14:34+00:00","dateModified":"2025-03-14T20:41:01+00:00","description":"P\u00e1nsk\u00e1 hardshellov\u00e1 bunda Kilpi LTD ARCHER-MLimitovan\u00e1 v\u00fdro\u010dn\u00ed kolekceOslavte 10 let zna\u010dky Kilpi s touto exkluzivn\u00ed bundou, kter\u00e1 kombinuje \u0161pi\u010dkov\u00fd design, precizn\u00ed zpracov\u00e1n\u00ed a maxim\u00e1ln\u00ed funk\u010dnost. Model LTD ARCHER-M je navr\u017een pro mu\u017ee, kte\u0159\u00ed hledaj\u00ed spolehlivou ochranu a komfort p\u0159i zimn\u00edch sportech, jako je skialpinismus, freeride, ly\u017eov\u00e1n\u00ed nebo horolezectv\u00ed.Kl\u00ed\u010dov\u00e9 vlastnosti:Vysoce kvalitn\u00ed membr\u00e1nov\u00fd materi\u00e1l Dermizax s vodn\u00edm sloupcem 20 000 mm a prody\u0161nost\u00ed 10 000 g\/m2\/24h zaji\u0161\u0165uje vynikaj\u00edc\u00ed vod\u011bodolnost a prody\u0161nost.Podlepen\u00e9 \u0161vy a nepromokav\u00e9 zipy YKK poskytuj\u00ed spolehlivou ochranu p\u0159ed vlhkost\u00ed.Ventila\u010dn\u00ed zipy umo\u017e\u0148uj\u00ed efektivn\u00ed odv\u011btr\u00e1v\u00e1n\u00ed b\u011bhem n\u00e1ro\u010dn\u00fdch aktivit.Prostorn\u00e1 kapuce s t\u0159\u00edbodov\u00fdm stahov\u00e1n\u00edm a zpevn\u011bn\u00fdm k\u0161iltem je kompatibiln\u00ed s p\u0159ilbou a nab\u00edz\u00ed ochranu p\u0159ed nep\u0159\u00edzniv\u00fdm po\u010das\u00edm.Vysok\u00fd l\u00edmec s hladkou krytkou brady chr\u00e1n\u00ed obli\u010dej p\u0159ed v\u011btrem a chladem.\u0160irok\u00fd l\u00edmec s mo\u017enost\u00ed pootev\u0159en\u00ed zipu pro lep\u0161\u00ed ventilaci d\u00edky mikroperforaci pod hlavn\u00edm zipem.\u0160est zipov\u00fdch kapes, v\u010detn\u011b kapsy na ruk\u00e1vu na skipas a vnit\u0159n\u00ed zipov\u00e9 kapsy, poskytuje dostatek \u00falo\u017en\u00e9ho prostoru.Nastaviteln\u00fd spodn\u00ed lem a \u0161\u00ed\u0159ka ruk\u00e1v\u016f pomoc\u00ed such\u00fdch zip\u016f umo\u017e\u0148uj\u00ed individu\u00e1ln\u00ed p\u0159izp\u016fsoben\u00ed.Odn\u00edmateln\u00fd vnit\u0159n\u00ed protisn\u011bhov\u00fd l\u00edmec zvy\u0161uje ochranu p\u0159ed sn\u011bhem.Integrovan\u00fd reflektor RECCO zvy\u0161uje bezpe\u010dnost v ter\u00e9nu.Tato bunda je ide\u00e1ln\u00ed volbou pro n\u00e1ro\u010dn\u00e9 sportovce, kte\u0159\u00ed hledaj\u00ed spojen\u00ed luxusu, funk\u010dnosti a jedine\u010dn\u00e9ho designu.","breadcrumb":{"@id":"https:\/\/shopatoa.com\/cz\/ltd-archer-m-cerna\/#breadcrumb"},"inLanguage":"cs","potentialAction":[{"@type":"ReadAction","target":["https:\/\/shopatoa.com\/cz\/ltd-archer-m-cerna\/"]}]},{"@type":"ImageObject","inLanguage":"cs","@id":"https:\/\/shopatoa.com\/cz\/ltd-archer-m-cerna\/#primaryimage","url":"https:\/\/shopatoa.com\/cz\/wp-content\/uploads\/2025\/02\/UM0140KIBLK_LTD_ARCHER-M_01.jpg","contentUrl":"https:\/\/shopatoa.com\/cz\/wp-content\/uploads\/2025\/02\/UM0140KIBLK_LTD_ARCHER-M_01.jpg","width":480,"height":600},{"@type":"BreadcrumbList","@id":"https:\/\/shopatoa.com\/cz\/ltd-archer-m-cerna\/#breadcrumb","itemListElement":[{"@type":"ListItem","position":1,"name":"Dom\u016f","item":"https:\/\/shopatoa.com\/cz\/"},{"@type":"ListItem","position":2,"name":"Produkty","item":"https:\/\/shopatoa.com\/cz\/shop\/"},{"@type":"ListItem","position":3,"name":"Uncategorized","item":"https:\/\/shopatoa.com\/cz\/uncategorized\/"},{"@type":"ListItem","position":4,"name":"LTD ARCHER-M \u010cern\u00e1"}]},{"@type":"WebSite","@id":"https:\/\/shopatoa.com\/cz\/#website","url":"https:\/\/shopatoa.com\/cz\/","name":"SHOPATOA","description":"","publisher":{"@id":"https:\/\/shopatoa.com\/cz\/#organization"},"potentialAction":[{"@type":"SearchAction","target":{"@type":"EntryPoint","urlTemplate":"https:\/\/shopatoa.com\/cz\/?s={search_term_string}"},"query-input":{"@type":"PropertyValueSpecification","valueRequired":true,"valueName":"search_term_string"}}],"inLanguage":"cs"},{"@type":"Organization","@id":"https:\/\/shopatoa.com\/cz\/#organization","name":"SHOPATOA Digital s.r.o.","url":"https:\/\/shopatoa.com\/cz\/","logo":{"@type":"ImageObject","inLanguage":"cs","@id":"https:\/\/shopatoa.com\/cz\/#\/schema\/logo\/image\/","url":"https:\/\/storage.googleapis.com\/cz-shopatoa-img\/cz\/ebccf434-shopatoa_logo.png","contentUrl":"https:\/\/storage.googleapis.com\/cz-shopatoa-img\/cz\/ebccf434-shopatoa_logo.png","width":416,"height":63,"caption":"SHOPATOA Digital s.r.o."},"image":{"@id":"https:\/\/shopatoa.com\/cz\/#\/schema\/logo\/image\/"}}]}},"_links":{"self":[{"href":"https:\/\/shopatoa.com\/cz\/wp-json\/wp\/v2\/product\/129571","targetHints":{"allow":["GET"]}}],"collection":[{"href":"https:\/\/shopatoa.com\/cz\/wp-json\/wp\/v2\/product"}],"about":[{"href":"https:\/\/shopatoa.com\/cz\/wp-json\/wp\/v2\/types\/product"}],"replies":[{"embeddable":true,"href":"https:\/\/shopatoa.com\/cz\/wp-json\/wp\/v2\/comments?post=129571"}],"wp:featuredmedia":[{"embeddable":true,"href":"https:\/\/shopatoa.com\/cz\/wp-json\/wp\/v2\/media\/129572"}],"wp:attachment":[{"href":"https:\/\/shopatoa.com\/cz\/wp-json\/wp\/v2\/media?parent=129571"}],"wp:term":[{"taxonomy":"product_brand","embeddable":true,"href":"https:\/\/shopatoa.com\/cz\/wp-json\/wp\/v2\/product_brand?post=129571"},{"taxonomy":"product_cat","embeddable":true,"href":"https:\/\/shopatoa.com\/cz\/wp-json\/wp\/v2\/product_cat?post=129571"},{"taxonomy":"product_tag","embeddable":true,"href":"https:\/\/shopatoa.com\/cz\/wp-json\/wp\/v2\/product_tag?post=129571"}],"curies":[{"name":"wp","href":"https:\/\/api.w.org\/{rel}","templated":true}]}}