{"id":129654,"date":"2025-02-14T15:49:24","date_gmt":"2025-02-14T14:49:24","guid":{"rendered":"https:\/\/shopatoa.com\/cz\/mg-mini-tripod-stativ-cerny\/"},"modified":"2025-03-14T21:42:26","modified_gmt":"2025-03-14T20:42:26","slug":"mg-mini-tripod-stativ-cerny","status":"publish","type":"product","link":"https:\/\/shopatoa.com\/cz\/mg-mini-tripod-stativ-cerny\/","title":{"rendered":"MG Mini Tripod stativ, \u010dern\u00fd"},"content":{"rendered":"<p>Mini stativ je perfektn\u00ed vychyt\u00e1vkou pro ka\u017ed\u00e9ho fanou\u0161ka fotografie. Hod\u00ed se na fotografov\u00e1n\u00ed prost\u0159ednictv\u00edm samospou\u0161t\u011b a z\u00e1rove\u0148 slou\u017e\u00ed jako stabiliz\u00e1tor obrazu, kter\u00fd zlep\u0161uje plynulost filmov\u00e1n\u00ed nebo fotografov\u00e1n\u00ed. Rukoje\u0165 umo\u017e\u0148uje pohodln\u00e9 a bezpe\u010dn\u00e9 dr\u017een\u00ed kamer a fotoapar\u00e1t\u016f p\u0159\u00edmo v ruce a to i ve velmi slo\u017eit\u00fdch podm\u00ednk\u00e1ch.<\/p>\n<p>Stativ je vyroben z vysoce kvalitn\u00edch materi\u00e1l\u016f (ABS + hlin\u00edk) a d\u00edky mal\u00fdm rozm\u011br\u016fm jej m\u016f\u017eete prakticky p\u0159en\u00e1\u0161et.<\/p>\n<p><b>Upozorn\u011bn\u00ed: Stativ je vhodn\u00fd pro sportovn\u00ed kamery a kompaktn\u00ed fotoapar\u00e1ty. Pokud chcete stativ vyu\u017e\u00edvat s mobiln\u00edm telefonem je nutno dokoupit <a href =\"https:\/\/www.mobilego.si\/mg-mount-clip-uchyt-na-telefon-pre-stativ--cierny-dHUR53874.htm \"> \u00fachyt na telef\u00f3n.<\/a> <\/b> <\/b><\/p>\n<p><H3> Vlastnosti: <\/h3>\n<p> \u2022 Umo\u017e\u0148uje 360 \u200b\u200bstup\u0148ovou rotaci<br \/>\n\u2022 Zabezpe\u010duje stabilitu a bezpe\u010dnost za\u0159\u00edzen\u00ed<br \/>\n\u2022 Ur\u010deno pro kompaktn\u00ed fotoapar\u00e1ty a sportovn\u00ed kamery<br \/>\n\u2022 Mo\u017enost dokoupit \u00fachyt pro telefon<br \/>\n\u2022 Hmotnost: 165 gram\u016f<br \/>\n\u2022 V\u00fd\u0161ka: 16 a\u017e 21 cm<\/p>\n","protected":false},"excerpt":{"rendered":"<p>Mini stativ je perfektn\u00ed vychyt\u00e1vkou pro ka\u017ed\u00e9ho fanou\u0161ka fotografie. Hod\u00ed se na fotografov\u00e1n\u00ed prost\u0159ednictv\u00edm samospou\u0161t\u011b a z\u00e1rove\u0148 slou\u017e\u00ed jako stabiliz\u00e1tor obrazu, kter\u00fd zlep\u0161uje plynulost filmov\u00e1n\u00ed nebo fotografov\u00e1n\u00ed. Rukoje\u0165 umo\u017e\u0148uje pohodln\u00e9 a bezpe\u010dn\u00e9 dr\u017een\u00ed kamer a fotoapar\u00e1t\u016f p\u0159\u00edmo v ruce a to i ve velmi slo\u017eit\u00fdch podm\u00ednk\u00e1ch. Stativ je vyroben z vysoce kvalitn\u00edch materi\u00e1l\u016f (ABS +&#8230;<\/p>\n","protected":false},"featured_media":129655,"comment_status":"closed","ping_status":"open","template":"","meta":{"_acf_changed":false,"_kadence_starter_templates_imported_post":false,"_kad_post_transparent":"","_kad_post_title":"","_kad_post_layout":"","_kad_post_sidebar_id":"","_kad_post_content_style":"","_kad_post_vertical_padding":"","_kad_post_feature":"","_kad_post_feature_position":"","_kad_post_header":false,"_kad_post_footer":false,"_kad_post_classname":""},"product_brand":[],"product_cat":[58],"product_tag":[],"class_list":{"0":"post-129654","1":"product","2":"type-product","3":"status-publish","4":"has-post-thumbnail","6":"product_cat-elektronika","7":"pa_obchod-mobilego-cz","9":"first","10":"instock","11":"product-type-external","12":"entry","13":"content-bg","14":"loop-entry"},"acf":[],"yoast_head":"<!-- This site is optimized with the Yoast SEO plugin v27.4 - https:\/\/yoast.com\/product\/yoast-seo-wordpress\/ -->\n<title>MG Mini Tripod stativ, \u010dern\u00fd - SHOPATOA<\/title>\n<meta name=\"robots\" content=\"index, follow, max-snippet:-1, max-image-preview:large, max-video-preview:-1\" \/>\n<link rel=\"canonical\" href=\"https:\/\/shopatoa.com\/cz\/mg-mini-tripod-stativ-cerny\/\" \/>\n<meta property=\"og:locale\" content=\"cs_CZ\" \/>\n<meta property=\"og:type\" content=\"article\" \/>\n<meta property=\"og:title\" content=\"MG Mini Tripod stativ, \u010dern\u00fd - SHOPATOA\" \/>\n<meta property=\"og:description\" content=\"Mini stativ je perfektn\u00ed vychyt\u00e1vkou pro ka\u017ed\u00e9ho fanou\u0161ka fotografie. Hod\u00ed se na fotografov\u00e1n\u00ed prost\u0159ednictv\u00edm samospou\u0161t\u011b a z\u00e1rove\u0148 slou\u017e\u00ed jako stabiliz\u00e1tor obrazu, kter\u00fd zlep\u0161uje plynulost filmov\u00e1n\u00ed nebo fotografov\u00e1n\u00ed. Rukoje\u0165 umo\u017e\u0148uje pohodln\u00e9 a bezpe\u010dn\u00e9 dr\u017een\u00ed kamer a fotoapar\u00e1t\u016f p\u0159\u00edmo v ruce a to i ve velmi slo\u017eit\u00fdch podm\u00ednk\u00e1ch. Stativ je vyroben z vysoce kvalitn\u00edch materi\u00e1l\u016f (ABS +...\" \/>\n<meta property=\"og:url\" content=\"https:\/\/shopatoa.com\/cz\/mg-mini-tripod-stativ-cerny\/\" \/>\n<meta property=\"og:site_name\" content=\"SHOPATOA\" \/>\n<meta property=\"article:modified_time\" content=\"2025-03-14T20:42:26+00:00\" \/>\n<meta property=\"og:image\" content=\"https:\/\/shopatoa.com\/cz\/wp-content\/uploads\/2025\/02\/HUR98547-2065af37ba011171688401087d04d873.jpg\" \/>\n\t<meta property=\"og:image:width\" content=\"460\" \/>\n\t<meta property=\"og:image:height\" content=\"460\" \/>\n\t<meta property=\"og:image:type\" content=\"image\/jpeg\" \/>\n<meta name=\"twitter:card\" content=\"summary_large_image\" \/>\n<meta name=\"twitter:label1\" content=\"Odhadovan\u00e1 doba \u010dten\u00ed\" \/>\n\t<meta name=\"twitter:data1\" content=\"1 minuta\" \/>\n<script type=\"application\/ld+json\" class=\"yoast-schema-graph\">{\"@context\":\"https:\\\/\\\/schema.org\",\"@graph\":[{\"@type\":\"WebPage\",\"@id\":\"https:\\\/\\\/shopatoa.com\\\/cz\\\/mg-mini-tripod-stativ-cerny\\\/\",\"url\":\"https:\\\/\\\/shopatoa.com\\\/cz\\\/mg-mini-tripod-stativ-cerny\\\/\",\"name\":\"MG Mini Tripod stativ, \u010dern\u00fd - SHOPATOA\",\"isPartOf\":{\"@id\":\"https:\\\/\\\/shopatoa.com\\\/cz\\\/#website\"},\"primaryImageOfPage\":{\"@id\":\"https:\\\/\\\/shopatoa.com\\\/cz\\\/mg-mini-tripod-stativ-cerny\\\/#primaryimage\"},\"image\":{\"@id\":\"https:\\\/\\\/shopatoa.com\\\/cz\\\/mg-mini-tripod-stativ-cerny\\\/#primaryimage\"},\"thumbnailUrl\":\"https:\\\/\\\/shopatoa.com\\\/cz\\\/wp-content\\\/uploads\\\/2025\\\/02\\\/HUR98547-2065af37ba011171688401087d04d873.jpg\",\"datePublished\":\"2025-02-14T14:49:24+00:00\",\"dateModified\":\"2025-03-14T20:42:26+00:00\",\"breadcrumb\":{\"@id\":\"https:\\\/\\\/shopatoa.com\\\/cz\\\/mg-mini-tripod-stativ-cerny\\\/#breadcrumb\"},\"inLanguage\":\"cs\",\"potentialAction\":[{\"@type\":\"ReadAction\",\"target\":[\"https:\\\/\\\/shopatoa.com\\\/cz\\\/mg-mini-tripod-stativ-cerny\\\/\"]}]},{\"@type\":\"ImageObject\",\"inLanguage\":\"cs\",\"@id\":\"https:\\\/\\\/shopatoa.com\\\/cz\\\/mg-mini-tripod-stativ-cerny\\\/#primaryimage\",\"url\":\"https:\\\/\\\/shopatoa.com\\\/cz\\\/wp-content\\\/uploads\\\/2025\\\/02\\\/HUR98547-2065af37ba011171688401087d04d873.jpg\",\"contentUrl\":\"https:\\\/\\\/shopatoa.com\\\/cz\\\/wp-content\\\/uploads\\\/2025\\\/02\\\/HUR98547-2065af37ba011171688401087d04d873.jpg\",\"width\":460,\"height\":460},{\"@type\":\"BreadcrumbList\",\"@id\":\"https:\\\/\\\/shopatoa.com\\\/cz\\\/mg-mini-tripod-stativ-cerny\\\/#breadcrumb\",\"itemListElement\":[{\"@type\":\"ListItem\",\"position\":1,\"name\":\"Dom\u016f\",\"item\":\"https:\\\/\\\/shopatoa.com\\\/cz\\\/\"},{\"@type\":\"ListItem\",\"position\":2,\"name\":\"Produkty\",\"item\":\"https:\\\/\\\/shopatoa.com\\\/cz\\\/shop\\\/\"},{\"@type\":\"ListItem\",\"position\":3,\"name\":\"Elektronika\",\"item\":\"https:\\\/\\\/shopatoa.com\\\/cz\\\/elektronika\\\/\"},{\"@type\":\"ListItem\",\"position\":4,\"name\":\"MG Mini Tripod stativ, \u010dern\u00fd\"}]},{\"@type\":\"WebSite\",\"@id\":\"https:\\\/\\\/shopatoa.com\\\/cz\\\/#website\",\"url\":\"https:\\\/\\\/shopatoa.com\\\/cz\\\/\",\"name\":\"SHOPATOA\",\"description\":\"\",\"publisher\":{\"@id\":\"https:\\\/\\\/shopatoa.com\\\/cz\\\/#organization\"},\"potentialAction\":[{\"@type\":\"SearchAction\",\"target\":{\"@type\":\"EntryPoint\",\"urlTemplate\":\"https:\\\/\\\/shopatoa.com\\\/cz\\\/?s={search_term_string}\"},\"query-input\":{\"@type\":\"PropertyValueSpecification\",\"valueRequired\":true,\"valueName\":\"search_term_string\"}}],\"inLanguage\":\"cs\"},{\"@type\":\"Organization\",\"@id\":\"https:\\\/\\\/shopatoa.com\\\/cz\\\/#organization\",\"name\":\"SHOPATOA Digital s.r.o.\",\"url\":\"https:\\\/\\\/shopatoa.com\\\/cz\\\/\",\"logo\":{\"@type\":\"ImageObject\",\"inLanguage\":\"cs\",\"@id\":\"https:\\\/\\\/shopatoa.com\\\/cz\\\/#\\\/schema\\\/logo\\\/image\\\/\",\"url\":\"https:\\\/\\\/storage.googleapis.com\\\/cz-shopatoa-img\\\/cz\\\/ebccf434-shopatoa_logo.png\",\"contentUrl\":\"https:\\\/\\\/storage.googleapis.com\\\/cz-shopatoa-img\\\/cz\\\/ebccf434-shopatoa_logo.png\",\"width\":416,\"height\":63,\"caption\":\"SHOPATOA Digital s.r.o.\"},\"image\":{\"@id\":\"https:\\\/\\\/shopatoa.com\\\/cz\\\/#\\\/schema\\\/logo\\\/image\\\/\"}}]}<\/script>\n<!-- \/ Yoast SEO plugin. -->","yoast_head_json":{"title":"MG Mini Tripod stativ, \u010dern\u00fd - SHOPATOA","robots":{"index":"index","follow":"follow","max-snippet":"max-snippet:-1","max-image-preview":"max-image-preview:large","max-video-preview":"max-video-preview:-1"},"canonical":"https:\/\/shopatoa.com\/cz\/mg-mini-tripod-stativ-cerny\/","og_locale":"cs_CZ","og_type":"article","og_title":"MG Mini Tripod stativ, \u010dern\u00fd - SHOPATOA","og_description":"Mini stativ je perfektn\u00ed vychyt\u00e1vkou pro ka\u017ed\u00e9ho fanou\u0161ka fotografie. Hod\u00ed se na fotografov\u00e1n\u00ed prost\u0159ednictv\u00edm samospou\u0161t\u011b a z\u00e1rove\u0148 slou\u017e\u00ed jako stabiliz\u00e1tor obrazu, kter\u00fd zlep\u0161uje plynulost filmov\u00e1n\u00ed nebo fotografov\u00e1n\u00ed. Rukoje\u0165 umo\u017e\u0148uje pohodln\u00e9 a bezpe\u010dn\u00e9 dr\u017een\u00ed kamer a fotoapar\u00e1t\u016f p\u0159\u00edmo v ruce a to i ve velmi slo\u017eit\u00fdch podm\u00ednk\u00e1ch. Stativ je vyroben z vysoce kvalitn\u00edch materi\u00e1l\u016f (ABS +...","og_url":"https:\/\/shopatoa.com\/cz\/mg-mini-tripod-stativ-cerny\/","og_site_name":"SHOPATOA","article_modified_time":"2025-03-14T20:42:26+00:00","og_image":[{"width":460,"height":460,"url":"https:\/\/shopatoa.com\/cz\/wp-content\/uploads\/2025\/02\/HUR98547-2065af37ba011171688401087d04d873.jpg","type":"image\/jpeg"}],"twitter_card":"summary_large_image","twitter_misc":{"Odhadovan\u00e1 doba \u010dten\u00ed":"1 minuta"},"schema":{"@context":"https:\/\/schema.org","@graph":[{"@type":"WebPage","@id":"https:\/\/shopatoa.com\/cz\/mg-mini-tripod-stativ-cerny\/","url":"https:\/\/shopatoa.com\/cz\/mg-mini-tripod-stativ-cerny\/","name":"MG Mini Tripod stativ, \u010dern\u00fd - SHOPATOA","isPartOf":{"@id":"https:\/\/shopatoa.com\/cz\/#website"},"primaryImageOfPage":{"@id":"https:\/\/shopatoa.com\/cz\/mg-mini-tripod-stativ-cerny\/#primaryimage"},"image":{"@id":"https:\/\/shopatoa.com\/cz\/mg-mini-tripod-stativ-cerny\/#primaryimage"},"thumbnailUrl":"https:\/\/shopatoa.com\/cz\/wp-content\/uploads\/2025\/02\/HUR98547-2065af37ba011171688401087d04d873.jpg","datePublished":"2025-02-14T14:49:24+00:00","dateModified":"2025-03-14T20:42:26+00:00","breadcrumb":{"@id":"https:\/\/shopatoa.com\/cz\/mg-mini-tripod-stativ-cerny\/#breadcrumb"},"inLanguage":"cs","potentialAction":[{"@type":"ReadAction","target":["https:\/\/shopatoa.com\/cz\/mg-mini-tripod-stativ-cerny\/"]}]},{"@type":"ImageObject","inLanguage":"cs","@id":"https:\/\/shopatoa.com\/cz\/mg-mini-tripod-stativ-cerny\/#primaryimage","url":"https:\/\/shopatoa.com\/cz\/wp-content\/uploads\/2025\/02\/HUR98547-2065af37ba011171688401087d04d873.jpg","contentUrl":"https:\/\/shopatoa.com\/cz\/wp-content\/uploads\/2025\/02\/HUR98547-2065af37ba011171688401087d04d873.jpg","width":460,"height":460},{"@type":"BreadcrumbList","@id":"https:\/\/shopatoa.com\/cz\/mg-mini-tripod-stativ-cerny\/#breadcrumb","itemListElement":[{"@type":"ListItem","position":1,"name":"Dom\u016f","item":"https:\/\/shopatoa.com\/cz\/"},{"@type":"ListItem","position":2,"name":"Produkty","item":"https:\/\/shopatoa.com\/cz\/shop\/"},{"@type":"ListItem","position":3,"name":"Elektronika","item":"https:\/\/shopatoa.com\/cz\/elektronika\/"},{"@type":"ListItem","position":4,"name":"MG Mini Tripod stativ, \u010dern\u00fd"}]},{"@type":"WebSite","@id":"https:\/\/shopatoa.com\/cz\/#website","url":"https:\/\/shopatoa.com\/cz\/","name":"SHOPATOA","description":"","publisher":{"@id":"https:\/\/shopatoa.com\/cz\/#organization"},"potentialAction":[{"@type":"SearchAction","target":{"@type":"EntryPoint","urlTemplate":"https:\/\/shopatoa.com\/cz\/?s={search_term_string}"},"query-input":{"@type":"PropertyValueSpecification","valueRequired":true,"valueName":"search_term_string"}}],"inLanguage":"cs"},{"@type":"Organization","@id":"https:\/\/shopatoa.com\/cz\/#organization","name":"SHOPATOA Digital s.r.o.","url":"https:\/\/shopatoa.com\/cz\/","logo":{"@type":"ImageObject","inLanguage":"cs","@id":"https:\/\/shopatoa.com\/cz\/#\/schema\/logo\/image\/","url":"https:\/\/storage.googleapis.com\/cz-shopatoa-img\/cz\/ebccf434-shopatoa_logo.png","contentUrl":"https:\/\/storage.googleapis.com\/cz-shopatoa-img\/cz\/ebccf434-shopatoa_logo.png","width":416,"height":63,"caption":"SHOPATOA Digital s.r.o."},"image":{"@id":"https:\/\/shopatoa.com\/cz\/#\/schema\/logo\/image\/"}}]}},"_links":{"self":[{"href":"https:\/\/shopatoa.com\/cz\/wp-json\/wp\/v2\/product\/129654","targetHints":{"allow":["GET"]}}],"collection":[{"href":"https:\/\/shopatoa.com\/cz\/wp-json\/wp\/v2\/product"}],"about":[{"href":"https:\/\/shopatoa.com\/cz\/wp-json\/wp\/v2\/types\/product"}],"replies":[{"embeddable":true,"href":"https:\/\/shopatoa.com\/cz\/wp-json\/wp\/v2\/comments?post=129654"}],"wp:featuredmedia":[{"embeddable":true,"href":"https:\/\/shopatoa.com\/cz\/wp-json\/wp\/v2\/media\/129655"}],"wp:attachment":[{"href":"https:\/\/shopatoa.com\/cz\/wp-json\/wp\/v2\/media?parent=129654"}],"wp:term":[{"taxonomy":"product_brand","embeddable":true,"href":"https:\/\/shopatoa.com\/cz\/wp-json\/wp\/v2\/product_brand?post=129654"},{"taxonomy":"product_cat","embeddable":true,"href":"https:\/\/shopatoa.com\/cz\/wp-json\/wp\/v2\/product_cat?post=129654"},{"taxonomy":"product_tag","embeddable":true,"href":"https:\/\/shopatoa.com\/cz\/wp-json\/wp\/v2\/product_tag?post=129654"}],"curies":[{"name":"wp","href":"https:\/\/api.w.org\/{rel}","templated":true}]}}