{"id":129658,"date":"2025-02-14T15:49:24","date_gmt":"2025-02-14T14:49:24","guid":{"rendered":"https:\/\/shopatoa.com\/cz\/tech-protect-l04s-bezdrotova-magsafe-selfie-tyc-cerna\/"},"modified":"2025-03-14T21:42:31","modified_gmt":"2025-03-14T20:42:31","slug":"tech-protect-l04s-bezdrotova-magsafe-selfie-tyc-cerna","status":"publish","type":"product","link":"https:\/\/shopatoa.com\/cz\/tech-protect-l04s-bezdrotova-magsafe-selfie-tyc-cerna\/","title":{"rendered":"Tech-Protect L04S bezdr\u00f4tov\u00e1 MagSafe selfie ty\u010d, \u010dern\u00e1"},"content":{"rendered":"<p>Selfie ty\u010d, kter\u00e1 funguje tak\u00e9 jako stativ a je ovl\u00e1d\u00e1na Bluetooth d\u00e1lkov\u00fdm ovl\u00e1d\u00e1n\u00edm. D\u00edky stativu se m\u016f\u017eete fotit z v\u011bt\u0161\u00ed vzd\u00e1lenosti a fotografovat nejen tv\u00e1\u0159, ale tak\u00e9 celou postavu. Selfie ty\u010d lze pou\u017e\u00edvat s r\u016fzn\u00fdmi mobiln\u00edmi telefony s opera\u010dn\u00edm syst\u00e9mem jako Android nebo iOS.<\/p>\n<p>Bezdr\u00e1tov\u00e1 selfie ty\u010d byla speci\u00e1ln\u011b navr\u017eena tak, aby vyhovovala pot\u0159eb\u00e1m u\u017eivatel\u016f chytr\u00fdch telefon\u016f, zejm\u00e9na majitel\u016f iPhon\u016f s technologi\u00ed MagSafe. Vestav\u011bn\u00fd Bluetooth modul umo\u017e\u0148uje bezdr\u00e1tov\u00e9 p\u0159ipojen\u00ed ty\u010de k telefonu, co\u017e eliminuje pot\u0159ebu pou\u017eit\u00ed kabel\u016f a usnad\u0148uje obsluhu.<\/p>\n<h3>Vlastnosti:<\/h3>\n<p>\u2022 Kompatibiln\u00ed s MagSafe<br \/>\n\u2022 Velikost ve slo\u017een\u00e9m stavu: 20,5 cm<br \/>\n\u2022 Maxim\u00e1ln\u00ed rozlo\u017een\u00fd rozm\u011br: 94,2 cm<br \/>\n\u2022 Podpora pro za\u0159\u00edzen\u00ed o \u0161\u00ed\u0159ce 5,7 cm &#8211; 8 cm<br \/>\n\u2022 Hmotnost: 250g<br \/>\n\u2022 Funkce stativu<br \/>\n\u2022 Kompatibiln\u00ed s iOS, Android<\/p>\n","protected":false},"excerpt":{"rendered":"<p>Selfie ty\u010d, kter\u00e1 funguje tak\u00e9 jako stativ a je ovl\u00e1d\u00e1na Bluetooth d\u00e1lkov\u00fdm ovl\u00e1d\u00e1n\u00edm. D\u00edky stativu se m\u016f\u017eete fotit z v\u011bt\u0161\u00ed vzd\u00e1lenosti a fotografovat nejen tv\u00e1\u0159, ale tak\u00e9 celou postavu. Selfie ty\u010d lze pou\u017e\u00edvat s r\u016fzn\u00fdmi mobiln\u00edmi telefony s opera\u010dn\u00edm syst\u00e9mem jako Android nebo iOS. Bezdr\u00e1tov\u00e1 selfie ty\u010d byla speci\u00e1ln\u011b navr\u017eena tak, aby vyhovovala pot\u0159eb\u00e1m u\u017eivatel\u016f&#8230;<\/p>\n","protected":false},"featured_media":129659,"comment_status":"closed","ping_status":"open","template":"","meta":{"_acf_changed":false,"_kadence_starter_templates_imported_post":false,"_kad_post_transparent":"","_kad_post_title":"","_kad_post_layout":"","_kad_post_sidebar_id":"","_kad_post_content_style":"","_kad_post_vertical_padding":"","_kad_post_feature":"","_kad_post_feature_position":"","_kad_post_header":false,"_kad_post_footer":false,"_kad_post_classname":""},"product_brand":[],"product_cat":[58],"product_tag":[],"class_list":{"0":"post-129658","1":"product","2":"type-product","3":"status-publish","4":"has-post-thumbnail","6":"product_cat-elektronika","7":"pa_obchod-mobilego-cz","9":"first","10":"instock","11":"product-type-external","12":"entry","13":"content-bg","14":"loop-entry"},"acf":[],"yoast_head":"<!-- This site is optimized with the Yoast SEO plugin v27.4 - https:\/\/yoast.com\/product\/yoast-seo-wordpress\/ -->\n<title>Tech-Protect L04S bezdr\u00f4tov\u00e1 MagSafe selfie ty\u010d, \u010dern\u00e1 - SHOPATOA<\/title>\n<meta name=\"robots\" content=\"index, follow, max-snippet:-1, max-image-preview:large, max-video-preview:-1\" \/>\n<link rel=\"canonical\" href=\"https:\/\/shopatoa.com\/cz\/tech-protect-l04s-bezdrotova-magsafe-selfie-tyc-cerna\/\" \/>\n<meta property=\"og:locale\" content=\"cs_CZ\" \/>\n<meta property=\"og:type\" content=\"article\" \/>\n<meta property=\"og:title\" content=\"Tech-Protect L04S bezdr\u00f4tov\u00e1 MagSafe selfie ty\u010d, \u010dern\u00e1 - SHOPATOA\" \/>\n<meta property=\"og:description\" content=\"Selfie ty\u010d, kter\u00e1 funguje tak\u00e9 jako stativ a je ovl\u00e1d\u00e1na Bluetooth d\u00e1lkov\u00fdm ovl\u00e1d\u00e1n\u00edm. D\u00edky stativu se m\u016f\u017eete fotit z v\u011bt\u0161\u00ed vzd\u00e1lenosti a fotografovat nejen tv\u00e1\u0159, ale tak\u00e9 celou postavu. Selfie ty\u010d lze pou\u017e\u00edvat s r\u016fzn\u00fdmi mobiln\u00edmi telefony s opera\u010dn\u00edm syst\u00e9mem jako Android nebo iOS. Bezdr\u00e1tov\u00e1 selfie ty\u010d byla speci\u00e1ln\u011b navr\u017eena tak, aby vyhovovala pot\u0159eb\u00e1m u\u017eivatel\u016f...\" \/>\n<meta property=\"og:url\" content=\"https:\/\/shopatoa.com\/cz\/tech-protect-l04s-bezdrotova-magsafe-selfie-tyc-cerna\/\" \/>\n<meta property=\"og:site_name\" content=\"SHOPATOA\" \/>\n<meta property=\"article:modified_time\" content=\"2025-03-14T20:42:31+00:00\" \/>\n<meta property=\"og:image\" content=\"https:\/\/shopatoa.com\/cz\/wp-content\/uploads\/2025\/02\/TEC605471-b04b24042b77bea1d9c69e5ec3666dc8.jpg\" \/>\n\t<meta property=\"og:image:width\" content=\"460\" \/>\n\t<meta property=\"og:image:height\" content=\"460\" \/>\n\t<meta property=\"og:image:type\" content=\"image\/jpeg\" \/>\n<meta name=\"twitter:card\" content=\"summary_large_image\" \/>\n<meta name=\"twitter:label1\" content=\"Odhadovan\u00e1 doba \u010dten\u00ed\" \/>\n\t<meta name=\"twitter:data1\" content=\"1 minuta\" \/>\n<script type=\"application\/ld+json\" class=\"yoast-schema-graph\">{\"@context\":\"https:\\\/\\\/schema.org\",\"@graph\":[{\"@type\":\"WebPage\",\"@id\":\"https:\\\/\\\/shopatoa.com\\\/cz\\\/tech-protect-l04s-bezdrotova-magsafe-selfie-tyc-cerna\\\/\",\"url\":\"https:\\\/\\\/shopatoa.com\\\/cz\\\/tech-protect-l04s-bezdrotova-magsafe-selfie-tyc-cerna\\\/\",\"name\":\"Tech-Protect L04S bezdr\u00f4tov\u00e1 MagSafe selfie ty\u010d, \u010dern\u00e1 - SHOPATOA\",\"isPartOf\":{\"@id\":\"https:\\\/\\\/shopatoa.com\\\/cz\\\/#website\"},\"primaryImageOfPage\":{\"@id\":\"https:\\\/\\\/shopatoa.com\\\/cz\\\/tech-protect-l04s-bezdrotova-magsafe-selfie-tyc-cerna\\\/#primaryimage\"},\"image\":{\"@id\":\"https:\\\/\\\/shopatoa.com\\\/cz\\\/tech-protect-l04s-bezdrotova-magsafe-selfie-tyc-cerna\\\/#primaryimage\"},\"thumbnailUrl\":\"https:\\\/\\\/shopatoa.com\\\/cz\\\/wp-content\\\/uploads\\\/2025\\\/02\\\/TEC605471-b04b24042b77bea1d9c69e5ec3666dc8.jpg\",\"datePublished\":\"2025-02-14T14:49:24+00:00\",\"dateModified\":\"2025-03-14T20:42:31+00:00\",\"breadcrumb\":{\"@id\":\"https:\\\/\\\/shopatoa.com\\\/cz\\\/tech-protect-l04s-bezdrotova-magsafe-selfie-tyc-cerna\\\/#breadcrumb\"},\"inLanguage\":\"cs\",\"potentialAction\":[{\"@type\":\"ReadAction\",\"target\":[\"https:\\\/\\\/shopatoa.com\\\/cz\\\/tech-protect-l04s-bezdrotova-magsafe-selfie-tyc-cerna\\\/\"]}]},{\"@type\":\"ImageObject\",\"inLanguage\":\"cs\",\"@id\":\"https:\\\/\\\/shopatoa.com\\\/cz\\\/tech-protect-l04s-bezdrotova-magsafe-selfie-tyc-cerna\\\/#primaryimage\",\"url\":\"https:\\\/\\\/shopatoa.com\\\/cz\\\/wp-content\\\/uploads\\\/2025\\\/02\\\/TEC605471-b04b24042b77bea1d9c69e5ec3666dc8.jpg\",\"contentUrl\":\"https:\\\/\\\/shopatoa.com\\\/cz\\\/wp-content\\\/uploads\\\/2025\\\/02\\\/TEC605471-b04b24042b77bea1d9c69e5ec3666dc8.jpg\",\"width\":460,\"height\":460},{\"@type\":\"BreadcrumbList\",\"@id\":\"https:\\\/\\\/shopatoa.com\\\/cz\\\/tech-protect-l04s-bezdrotova-magsafe-selfie-tyc-cerna\\\/#breadcrumb\",\"itemListElement\":[{\"@type\":\"ListItem\",\"position\":1,\"name\":\"Dom\u016f\",\"item\":\"https:\\\/\\\/shopatoa.com\\\/cz\\\/\"},{\"@type\":\"ListItem\",\"position\":2,\"name\":\"Produkty\",\"item\":\"https:\\\/\\\/shopatoa.com\\\/cz\\\/shop\\\/\"},{\"@type\":\"ListItem\",\"position\":3,\"name\":\"Elektronika\",\"item\":\"https:\\\/\\\/shopatoa.com\\\/cz\\\/elektronika\\\/\"},{\"@type\":\"ListItem\",\"position\":4,\"name\":\"Tech-Protect L04S bezdr\u00f4tov\u00e1 MagSafe selfie ty\u010d, \u010dern\u00e1\"}]},{\"@type\":\"WebSite\",\"@id\":\"https:\\\/\\\/shopatoa.com\\\/cz\\\/#website\",\"url\":\"https:\\\/\\\/shopatoa.com\\\/cz\\\/\",\"name\":\"SHOPATOA\",\"description\":\"\",\"publisher\":{\"@id\":\"https:\\\/\\\/shopatoa.com\\\/cz\\\/#organization\"},\"potentialAction\":[{\"@type\":\"SearchAction\",\"target\":{\"@type\":\"EntryPoint\",\"urlTemplate\":\"https:\\\/\\\/shopatoa.com\\\/cz\\\/?s={search_term_string}\"},\"query-input\":{\"@type\":\"PropertyValueSpecification\",\"valueRequired\":true,\"valueName\":\"search_term_string\"}}],\"inLanguage\":\"cs\"},{\"@type\":\"Organization\",\"@id\":\"https:\\\/\\\/shopatoa.com\\\/cz\\\/#organization\",\"name\":\"SHOPATOA Digital s.r.o.\",\"url\":\"https:\\\/\\\/shopatoa.com\\\/cz\\\/\",\"logo\":{\"@type\":\"ImageObject\",\"inLanguage\":\"cs\",\"@id\":\"https:\\\/\\\/shopatoa.com\\\/cz\\\/#\\\/schema\\\/logo\\\/image\\\/\",\"url\":\"https:\\\/\\\/storage.googleapis.com\\\/cz-shopatoa-img\\\/cz\\\/ebccf434-shopatoa_logo.png\",\"contentUrl\":\"https:\\\/\\\/storage.googleapis.com\\\/cz-shopatoa-img\\\/cz\\\/ebccf434-shopatoa_logo.png\",\"width\":416,\"height\":63,\"caption\":\"SHOPATOA Digital s.r.o.\"},\"image\":{\"@id\":\"https:\\\/\\\/shopatoa.com\\\/cz\\\/#\\\/schema\\\/logo\\\/image\\\/\"}}]}<\/script>\n<!-- \/ Yoast SEO plugin. -->","yoast_head_json":{"title":"Tech-Protect L04S bezdr\u00f4tov\u00e1 MagSafe selfie ty\u010d, \u010dern\u00e1 - SHOPATOA","robots":{"index":"index","follow":"follow","max-snippet":"max-snippet:-1","max-image-preview":"max-image-preview:large","max-video-preview":"max-video-preview:-1"},"canonical":"https:\/\/shopatoa.com\/cz\/tech-protect-l04s-bezdrotova-magsafe-selfie-tyc-cerna\/","og_locale":"cs_CZ","og_type":"article","og_title":"Tech-Protect L04S bezdr\u00f4tov\u00e1 MagSafe selfie ty\u010d, \u010dern\u00e1 - SHOPATOA","og_description":"Selfie ty\u010d, kter\u00e1 funguje tak\u00e9 jako stativ a je ovl\u00e1d\u00e1na Bluetooth d\u00e1lkov\u00fdm ovl\u00e1d\u00e1n\u00edm. D\u00edky stativu se m\u016f\u017eete fotit z v\u011bt\u0161\u00ed vzd\u00e1lenosti a fotografovat nejen tv\u00e1\u0159, ale tak\u00e9 celou postavu. Selfie ty\u010d lze pou\u017e\u00edvat s r\u016fzn\u00fdmi mobiln\u00edmi telefony s opera\u010dn\u00edm syst\u00e9mem jako Android nebo iOS. Bezdr\u00e1tov\u00e1 selfie ty\u010d byla speci\u00e1ln\u011b navr\u017eena tak, aby vyhovovala pot\u0159eb\u00e1m u\u017eivatel\u016f...","og_url":"https:\/\/shopatoa.com\/cz\/tech-protect-l04s-bezdrotova-magsafe-selfie-tyc-cerna\/","og_site_name":"SHOPATOA","article_modified_time":"2025-03-14T20:42:31+00:00","og_image":[{"width":460,"height":460,"url":"https:\/\/shopatoa.com\/cz\/wp-content\/uploads\/2025\/02\/TEC605471-b04b24042b77bea1d9c69e5ec3666dc8.jpg","type":"image\/jpeg"}],"twitter_card":"summary_large_image","twitter_misc":{"Odhadovan\u00e1 doba \u010dten\u00ed":"1 minuta"},"schema":{"@context":"https:\/\/schema.org","@graph":[{"@type":"WebPage","@id":"https:\/\/shopatoa.com\/cz\/tech-protect-l04s-bezdrotova-magsafe-selfie-tyc-cerna\/","url":"https:\/\/shopatoa.com\/cz\/tech-protect-l04s-bezdrotova-magsafe-selfie-tyc-cerna\/","name":"Tech-Protect L04S bezdr\u00f4tov\u00e1 MagSafe selfie ty\u010d, \u010dern\u00e1 - SHOPATOA","isPartOf":{"@id":"https:\/\/shopatoa.com\/cz\/#website"},"primaryImageOfPage":{"@id":"https:\/\/shopatoa.com\/cz\/tech-protect-l04s-bezdrotova-magsafe-selfie-tyc-cerna\/#primaryimage"},"image":{"@id":"https:\/\/shopatoa.com\/cz\/tech-protect-l04s-bezdrotova-magsafe-selfie-tyc-cerna\/#primaryimage"},"thumbnailUrl":"https:\/\/shopatoa.com\/cz\/wp-content\/uploads\/2025\/02\/TEC605471-b04b24042b77bea1d9c69e5ec3666dc8.jpg","datePublished":"2025-02-14T14:49:24+00:00","dateModified":"2025-03-14T20:42:31+00:00","breadcrumb":{"@id":"https:\/\/shopatoa.com\/cz\/tech-protect-l04s-bezdrotova-magsafe-selfie-tyc-cerna\/#breadcrumb"},"inLanguage":"cs","potentialAction":[{"@type":"ReadAction","target":["https:\/\/shopatoa.com\/cz\/tech-protect-l04s-bezdrotova-magsafe-selfie-tyc-cerna\/"]}]},{"@type":"ImageObject","inLanguage":"cs","@id":"https:\/\/shopatoa.com\/cz\/tech-protect-l04s-bezdrotova-magsafe-selfie-tyc-cerna\/#primaryimage","url":"https:\/\/shopatoa.com\/cz\/wp-content\/uploads\/2025\/02\/TEC605471-b04b24042b77bea1d9c69e5ec3666dc8.jpg","contentUrl":"https:\/\/shopatoa.com\/cz\/wp-content\/uploads\/2025\/02\/TEC605471-b04b24042b77bea1d9c69e5ec3666dc8.jpg","width":460,"height":460},{"@type":"BreadcrumbList","@id":"https:\/\/shopatoa.com\/cz\/tech-protect-l04s-bezdrotova-magsafe-selfie-tyc-cerna\/#breadcrumb","itemListElement":[{"@type":"ListItem","position":1,"name":"Dom\u016f","item":"https:\/\/shopatoa.com\/cz\/"},{"@type":"ListItem","position":2,"name":"Produkty","item":"https:\/\/shopatoa.com\/cz\/shop\/"},{"@type":"ListItem","position":3,"name":"Elektronika","item":"https:\/\/shopatoa.com\/cz\/elektronika\/"},{"@type":"ListItem","position":4,"name":"Tech-Protect L04S bezdr\u00f4tov\u00e1 MagSafe selfie ty\u010d, \u010dern\u00e1"}]},{"@type":"WebSite","@id":"https:\/\/shopatoa.com\/cz\/#website","url":"https:\/\/shopatoa.com\/cz\/","name":"SHOPATOA","description":"","publisher":{"@id":"https:\/\/shopatoa.com\/cz\/#organization"},"potentialAction":[{"@type":"SearchAction","target":{"@type":"EntryPoint","urlTemplate":"https:\/\/shopatoa.com\/cz\/?s={search_term_string}"},"query-input":{"@type":"PropertyValueSpecification","valueRequired":true,"valueName":"search_term_string"}}],"inLanguage":"cs"},{"@type":"Organization","@id":"https:\/\/shopatoa.com\/cz\/#organization","name":"SHOPATOA Digital s.r.o.","url":"https:\/\/shopatoa.com\/cz\/","logo":{"@type":"ImageObject","inLanguage":"cs","@id":"https:\/\/shopatoa.com\/cz\/#\/schema\/logo\/image\/","url":"https:\/\/storage.googleapis.com\/cz-shopatoa-img\/cz\/ebccf434-shopatoa_logo.png","contentUrl":"https:\/\/storage.googleapis.com\/cz-shopatoa-img\/cz\/ebccf434-shopatoa_logo.png","width":416,"height":63,"caption":"SHOPATOA Digital s.r.o."},"image":{"@id":"https:\/\/shopatoa.com\/cz\/#\/schema\/logo\/image\/"}}]}},"_links":{"self":[{"href":"https:\/\/shopatoa.com\/cz\/wp-json\/wp\/v2\/product\/129658","targetHints":{"allow":["GET"]}}],"collection":[{"href":"https:\/\/shopatoa.com\/cz\/wp-json\/wp\/v2\/product"}],"about":[{"href":"https:\/\/shopatoa.com\/cz\/wp-json\/wp\/v2\/types\/product"}],"replies":[{"embeddable":true,"href":"https:\/\/shopatoa.com\/cz\/wp-json\/wp\/v2\/comments?post=129658"}],"wp:featuredmedia":[{"embeddable":true,"href":"https:\/\/shopatoa.com\/cz\/wp-json\/wp\/v2\/media\/129659"}],"wp:attachment":[{"href":"https:\/\/shopatoa.com\/cz\/wp-json\/wp\/v2\/media?parent=129658"}],"wp:term":[{"taxonomy":"product_brand","embeddable":true,"href":"https:\/\/shopatoa.com\/cz\/wp-json\/wp\/v2\/product_brand?post=129658"},{"taxonomy":"product_cat","embeddable":true,"href":"https:\/\/shopatoa.com\/cz\/wp-json\/wp\/v2\/product_cat?post=129658"},{"taxonomy":"product_tag","embeddable":true,"href":"https:\/\/shopatoa.com\/cz\/wp-json\/wp\/v2\/product_tag?post=129658"}],"curies":[{"name":"wp","href":"https:\/\/api.w.org\/{rel}","templated":true}]}}