{"id":129668,"date":"2025-02-14T15:49:24","date_gmt":"2025-02-14T14:49:24","guid":{"rendered":"https:\/\/shopatoa.com\/cz\/tech-protect-l05s-bluetooth-selfie-tyc-se-stativem-a-led-svetlem-cerna\/"},"modified":"2025-03-14T21:42:42","modified_gmt":"2025-03-14T20:42:42","slug":"tech-protect-l05s-bluetooth-selfie-tyc-se-stativem-a-led-svetlem-cerna","status":"publish","type":"product","link":"https:\/\/shopatoa.com\/cz\/tech-protect-l05s-bluetooth-selfie-tyc-se-stativem-a-led-svetlem-cerna\/","title":{"rendered":"Tech-Protect L05S bluetooth selfie ty\u010d se stativem a LED sv\u011btlem, \u010dern\u00e1"},"content":{"rendered":"<p>Tech-Protect L035 je selfie ty\u010d, kter\u00e1 kombinuje odolnost, stabilitu a multifunk\u010dnost, zaji\u0161\u0165uje dokonal\u00e9 z\u00e1b\u011bry p\u0159i focen\u00ed nebo vlogov\u00e1n\u00ed. D\u00edky stativu se m\u016f\u017eete fotit z v\u011bt\u0161\u00ed vzd\u00e1lenosti a fotografovat nejen tv\u00e1\u0159, ale tak\u00e9 celou postavu. Selfie ty\u010d lze pou\u017e\u00edvat s r\u016fzn\u00fdmi mobiln\u00edmi telefony s opera\u010dn\u00edm syst\u00e9mem jako Android nebo iOS<\/p>\n<h3>Praktick\u00e1 selfie ty\u010d<\/h3>\n<p>Vestav\u011bn\u00fd Bluetooth modul umo\u017e\u0148uje bezdr\u00e1tov\u00e9 p\u0159ipojen\u00ed ty\u010de k telefonu, co\u017e eliminuje pot\u0159ebu pou\u017eit\u00ed kabel\u016f a usnad\u0148uje obsluhu. L05S m\u00e1 teleskopickou ty\u010d, kter\u00e1 umo\u017e\u0148uje prodlou\u017een\u00ed na p\u016fsobivou d\u00e9lku. To v\u00e1m umo\u017en\u00ed snadno zachytit \u0161iroko\u00fahl\u00fd z\u00e1b\u011br nebo vyfotografovat skupinu p\u0159\u00e1tel. Stativ je nav\u00edc vybaven t\u0159emi nohama, kter\u00e9 zaji\u0161\u0165uj\u00ed stabilitu p\u0159i fotografov\u00e1n\u00ed a nat\u00e1\u010den\u00ed vide\u00ed.<\/p>\n<h3>LED sv\u011btlo<\/h3>\n<p>Pevn\u011b zpracovan\u00fd dr\u017e\u00e1k na smartphone zaru\u010d\u00ed stabilizaci p\u0159i focen\u00ed a nat\u00e1\u010den\u00ed vide\u00ed. V dr\u017e\u00e1ku je nav\u00edc zabudov\u00e1na LED lampa, kter\u00e1 nab\u00edz\u00ed mo\u017enost v\u00fdb\u011bru mezi tepl\u00fdm, studen\u00fdm sv\u011btlem nebo kombinac\u00ed obou, jako\u017e i 6-\u00farov\u0148ov\u00e9 nastaven\u00ed jasu. Tato funkce v\u00e1m umo\u017e\u0148uje p\u0159izp\u016fsobit osv\u011btlen\u00ed r\u016fzn\u00fdm podm\u00ednk\u00e1m, co\u017e v\u00e1m umo\u017en\u00ed dos\u00e1hnout skv\u011bl\u00fdch v\u00fdsledk\u016f p\u0159i fotografov\u00e1n\u00ed i nat\u00e1\u010den\u00ed videa.<\/p>\n<h3>Parametry:<\/h3>\n<p>\u2022 Velikost ve slo\u017een\u00e9m stavu: 33,5 cm<br \/>\n\u2022 Maxim\u00e1ln\u00ed rozlo\u017een\u00fd rozm\u011br: 104 cm<br \/>\n\u2022 Podpora pro za\u0159\u00edzen\u00ed s \u0161\u00ed\u0159kou od 6 cm do 8,8 cm<br \/>\n\u2022 Hmotnost: 250 g<br \/>\n\u2022 Funkce stativu<br \/>\n\u2022 LED osv\u011btlen\u00ed<br \/>\n\u2022 Teplota b\u00edl\u00e9ho sv\u011btla: 6500 K, v\u00fdkon: 0,37 W<br \/>\n\u2022 Teplota tepl\u00e9ho sv\u011btla: 3000 K, v\u00fdkon: 0,37 W<br \/>\n\u2022 Teplota sm\u00ed\u0161en\u00e9ho sv\u011btla: 4500 K, v\u00fdkon: 0,41 W<br \/>\n\u2022 V\u00fdkon LED lampy: 0,2W<br \/>\n\u2022 Kompatibiln\u00ed s iOS, Android<br \/>\n\u2022 Obsah balen\u00ed: selfie ty\u010d, bluetooth d\u00e1lkov\u00e9 ovl\u00e1d\u00e1n\u00ed<\/p>\n","protected":false},"excerpt":{"rendered":"<p>Tech-Protect L035 je selfie ty\u010d, kter\u00e1 kombinuje odolnost, stabilitu a multifunk\u010dnost, zaji\u0161\u0165uje dokonal\u00e9 z\u00e1b\u011bry p\u0159i focen\u00ed nebo vlogov\u00e1n\u00ed. D\u00edky stativu se m\u016f\u017eete fotit z v\u011bt\u0161\u00ed vzd\u00e1lenosti a fotografovat nejen tv\u00e1\u0159, ale tak\u00e9 celou postavu. Selfie ty\u010d lze pou\u017e\u00edvat s r\u016fzn\u00fdmi mobiln\u00edmi telefony s opera\u010dn\u00edm syst\u00e9mem jako Android nebo iOS Praktick\u00e1 selfie ty\u010d Vestav\u011bn\u00fd Bluetooth modul&#8230;<\/p>\n","protected":false},"featured_media":129669,"comment_status":"closed","ping_status":"open","template":"","meta":{"_acf_changed":false,"_kadence_starter_templates_imported_post":false,"_kad_post_transparent":"","_kad_post_title":"","_kad_post_layout":"","_kad_post_sidebar_id":"","_kad_post_content_style":"","_kad_post_vertical_padding":"","_kad_post_feature":"","_kad_post_feature_position":"","_kad_post_header":false,"_kad_post_footer":false,"_kad_post_classname":""},"product_brand":[],"product_cat":[58],"product_tag":[],"class_list":{"0":"post-129668","1":"product","2":"type-product","3":"status-publish","4":"has-post-thumbnail","6":"product_cat-elektronika","7":"pa_obchod-mobilego-cz","9":"first","10":"instock","11":"product-type-external","12":"entry","13":"content-bg","14":"loop-entry"},"acf":[],"yoast_head":"<!-- This site is optimized with the Yoast SEO plugin v27.4 - https:\/\/yoast.com\/product\/yoast-seo-wordpress\/ -->\n<title>Tech-Protect L05S bluetooth selfie ty\u010d se stativem a LED sv\u011btlem, \u010dern\u00e1 - SHOPATOA<\/title>\n<meta name=\"robots\" content=\"index, follow, max-snippet:-1, max-image-preview:large, max-video-preview:-1\" \/>\n<link rel=\"canonical\" href=\"https:\/\/shopatoa.com\/cz\/tech-protect-l05s-bluetooth-selfie-tyc-se-stativem-a-led-svetlem-cerna\/\" \/>\n<meta property=\"og:locale\" content=\"cs_CZ\" \/>\n<meta property=\"og:type\" content=\"article\" \/>\n<meta property=\"og:title\" content=\"Tech-Protect L05S bluetooth selfie ty\u010d se stativem a LED sv\u011btlem, \u010dern\u00e1 - SHOPATOA\" \/>\n<meta property=\"og:description\" content=\"Tech-Protect L035 je selfie ty\u010d, kter\u00e1 kombinuje odolnost, stabilitu a multifunk\u010dnost, zaji\u0161\u0165uje dokonal\u00e9 z\u00e1b\u011bry p\u0159i focen\u00ed nebo vlogov\u00e1n\u00ed. D\u00edky stativu se m\u016f\u017eete fotit z v\u011bt\u0161\u00ed vzd\u00e1lenosti a fotografovat nejen tv\u00e1\u0159, ale tak\u00e9 celou postavu. Selfie ty\u010d lze pou\u017e\u00edvat s r\u016fzn\u00fdmi mobiln\u00edmi telefony s opera\u010dn\u00edm syst\u00e9mem jako Android nebo iOS Praktick\u00e1 selfie ty\u010d Vestav\u011bn\u00fd Bluetooth modul...\" \/>\n<meta property=\"og:url\" content=\"https:\/\/shopatoa.com\/cz\/tech-protect-l05s-bluetooth-selfie-tyc-se-stativem-a-led-svetlem-cerna\/\" \/>\n<meta property=\"og:site_name\" content=\"SHOPATOA\" \/>\n<meta property=\"article:modified_time\" content=\"2025-03-14T20:42:42+00:00\" \/>\n<meta property=\"og:image\" content=\"https:\/\/shopatoa.com\/cz\/wp-content\/uploads\/2025\/02\/TEC690381-05bf9820faefe27aec7092bb3c1cd02a.jpg\" \/>\n\t<meta property=\"og:image:width\" content=\"460\" \/>\n\t<meta property=\"og:image:height\" content=\"460\" \/>\n\t<meta property=\"og:image:type\" content=\"image\/jpeg\" \/>\n<meta name=\"twitter:card\" content=\"summary_large_image\" \/>\n<meta name=\"twitter:label1\" content=\"Odhadovan\u00e1 doba \u010dten\u00ed\" \/>\n\t<meta name=\"twitter:data1\" content=\"2 minuty\" \/>\n<script type=\"application\/ld+json\" class=\"yoast-schema-graph\">{\"@context\":\"https:\\\/\\\/schema.org\",\"@graph\":[{\"@type\":\"WebPage\",\"@id\":\"https:\\\/\\\/shopatoa.com\\\/cz\\\/tech-protect-l05s-bluetooth-selfie-tyc-se-stativem-a-led-svetlem-cerna\\\/\",\"url\":\"https:\\\/\\\/shopatoa.com\\\/cz\\\/tech-protect-l05s-bluetooth-selfie-tyc-se-stativem-a-led-svetlem-cerna\\\/\",\"name\":\"Tech-Protect L05S bluetooth selfie ty\u010d se stativem a LED sv\u011btlem, \u010dern\u00e1 - SHOPATOA\",\"isPartOf\":{\"@id\":\"https:\\\/\\\/shopatoa.com\\\/cz\\\/#website\"},\"primaryImageOfPage\":{\"@id\":\"https:\\\/\\\/shopatoa.com\\\/cz\\\/tech-protect-l05s-bluetooth-selfie-tyc-se-stativem-a-led-svetlem-cerna\\\/#primaryimage\"},\"image\":{\"@id\":\"https:\\\/\\\/shopatoa.com\\\/cz\\\/tech-protect-l05s-bluetooth-selfie-tyc-se-stativem-a-led-svetlem-cerna\\\/#primaryimage\"},\"thumbnailUrl\":\"https:\\\/\\\/shopatoa.com\\\/cz\\\/wp-content\\\/uploads\\\/2025\\\/02\\\/TEC690381-05bf9820faefe27aec7092bb3c1cd02a.jpg\",\"datePublished\":\"2025-02-14T14:49:24+00:00\",\"dateModified\":\"2025-03-14T20:42:42+00:00\",\"breadcrumb\":{\"@id\":\"https:\\\/\\\/shopatoa.com\\\/cz\\\/tech-protect-l05s-bluetooth-selfie-tyc-se-stativem-a-led-svetlem-cerna\\\/#breadcrumb\"},\"inLanguage\":\"cs\",\"potentialAction\":[{\"@type\":\"ReadAction\",\"target\":[\"https:\\\/\\\/shopatoa.com\\\/cz\\\/tech-protect-l05s-bluetooth-selfie-tyc-se-stativem-a-led-svetlem-cerna\\\/\"]}]},{\"@type\":\"ImageObject\",\"inLanguage\":\"cs\",\"@id\":\"https:\\\/\\\/shopatoa.com\\\/cz\\\/tech-protect-l05s-bluetooth-selfie-tyc-se-stativem-a-led-svetlem-cerna\\\/#primaryimage\",\"url\":\"https:\\\/\\\/shopatoa.com\\\/cz\\\/wp-content\\\/uploads\\\/2025\\\/02\\\/TEC690381-05bf9820faefe27aec7092bb3c1cd02a.jpg\",\"contentUrl\":\"https:\\\/\\\/shopatoa.com\\\/cz\\\/wp-content\\\/uploads\\\/2025\\\/02\\\/TEC690381-05bf9820faefe27aec7092bb3c1cd02a.jpg\",\"width\":460,\"height\":460},{\"@type\":\"BreadcrumbList\",\"@id\":\"https:\\\/\\\/shopatoa.com\\\/cz\\\/tech-protect-l05s-bluetooth-selfie-tyc-se-stativem-a-led-svetlem-cerna\\\/#breadcrumb\",\"itemListElement\":[{\"@type\":\"ListItem\",\"position\":1,\"name\":\"Dom\u016f\",\"item\":\"https:\\\/\\\/shopatoa.com\\\/cz\\\/\"},{\"@type\":\"ListItem\",\"position\":2,\"name\":\"Produkty\",\"item\":\"https:\\\/\\\/shopatoa.com\\\/cz\\\/shop\\\/\"},{\"@type\":\"ListItem\",\"position\":3,\"name\":\"Elektronika\",\"item\":\"https:\\\/\\\/shopatoa.com\\\/cz\\\/elektronika\\\/\"},{\"@type\":\"ListItem\",\"position\":4,\"name\":\"Tech-Protect L05S bluetooth selfie ty\u010d se stativem a LED sv\u011btlem, \u010dern\u00e1\"}]},{\"@type\":\"WebSite\",\"@id\":\"https:\\\/\\\/shopatoa.com\\\/cz\\\/#website\",\"url\":\"https:\\\/\\\/shopatoa.com\\\/cz\\\/\",\"name\":\"SHOPATOA\",\"description\":\"\",\"publisher\":{\"@id\":\"https:\\\/\\\/shopatoa.com\\\/cz\\\/#organization\"},\"potentialAction\":[{\"@type\":\"SearchAction\",\"target\":{\"@type\":\"EntryPoint\",\"urlTemplate\":\"https:\\\/\\\/shopatoa.com\\\/cz\\\/?s={search_term_string}\"},\"query-input\":{\"@type\":\"PropertyValueSpecification\",\"valueRequired\":true,\"valueName\":\"search_term_string\"}}],\"inLanguage\":\"cs\"},{\"@type\":\"Organization\",\"@id\":\"https:\\\/\\\/shopatoa.com\\\/cz\\\/#organization\",\"name\":\"SHOPATOA Digital s.r.o.\",\"url\":\"https:\\\/\\\/shopatoa.com\\\/cz\\\/\",\"logo\":{\"@type\":\"ImageObject\",\"inLanguage\":\"cs\",\"@id\":\"https:\\\/\\\/shopatoa.com\\\/cz\\\/#\\\/schema\\\/logo\\\/image\\\/\",\"url\":\"https:\\\/\\\/storage.googleapis.com\\\/cz-shopatoa-img\\\/cz\\\/ebccf434-shopatoa_logo.png\",\"contentUrl\":\"https:\\\/\\\/storage.googleapis.com\\\/cz-shopatoa-img\\\/cz\\\/ebccf434-shopatoa_logo.png\",\"width\":416,\"height\":63,\"caption\":\"SHOPATOA Digital s.r.o.\"},\"image\":{\"@id\":\"https:\\\/\\\/shopatoa.com\\\/cz\\\/#\\\/schema\\\/logo\\\/image\\\/\"}}]}<\/script>\n<!-- \/ Yoast SEO plugin. -->","yoast_head_json":{"title":"Tech-Protect L05S bluetooth selfie ty\u010d se stativem a LED sv\u011btlem, \u010dern\u00e1 - SHOPATOA","robots":{"index":"index","follow":"follow","max-snippet":"max-snippet:-1","max-image-preview":"max-image-preview:large","max-video-preview":"max-video-preview:-1"},"canonical":"https:\/\/shopatoa.com\/cz\/tech-protect-l05s-bluetooth-selfie-tyc-se-stativem-a-led-svetlem-cerna\/","og_locale":"cs_CZ","og_type":"article","og_title":"Tech-Protect L05S bluetooth selfie ty\u010d se stativem a LED sv\u011btlem, \u010dern\u00e1 - SHOPATOA","og_description":"Tech-Protect L035 je selfie ty\u010d, kter\u00e1 kombinuje odolnost, stabilitu a multifunk\u010dnost, zaji\u0161\u0165uje dokonal\u00e9 z\u00e1b\u011bry p\u0159i focen\u00ed nebo vlogov\u00e1n\u00ed. D\u00edky stativu se m\u016f\u017eete fotit z v\u011bt\u0161\u00ed vzd\u00e1lenosti a fotografovat nejen tv\u00e1\u0159, ale tak\u00e9 celou postavu. Selfie ty\u010d lze pou\u017e\u00edvat s r\u016fzn\u00fdmi mobiln\u00edmi telefony s opera\u010dn\u00edm syst\u00e9mem jako Android nebo iOS Praktick\u00e1 selfie ty\u010d Vestav\u011bn\u00fd Bluetooth modul...","og_url":"https:\/\/shopatoa.com\/cz\/tech-protect-l05s-bluetooth-selfie-tyc-se-stativem-a-led-svetlem-cerna\/","og_site_name":"SHOPATOA","article_modified_time":"2025-03-14T20:42:42+00:00","og_image":[{"width":460,"height":460,"url":"https:\/\/shopatoa.com\/cz\/wp-content\/uploads\/2025\/02\/TEC690381-05bf9820faefe27aec7092bb3c1cd02a.jpg","type":"image\/jpeg"}],"twitter_card":"summary_large_image","twitter_misc":{"Odhadovan\u00e1 doba \u010dten\u00ed":"2 minuty"},"schema":{"@context":"https:\/\/schema.org","@graph":[{"@type":"WebPage","@id":"https:\/\/shopatoa.com\/cz\/tech-protect-l05s-bluetooth-selfie-tyc-se-stativem-a-led-svetlem-cerna\/","url":"https:\/\/shopatoa.com\/cz\/tech-protect-l05s-bluetooth-selfie-tyc-se-stativem-a-led-svetlem-cerna\/","name":"Tech-Protect L05S bluetooth selfie ty\u010d se stativem a LED sv\u011btlem, \u010dern\u00e1 - SHOPATOA","isPartOf":{"@id":"https:\/\/shopatoa.com\/cz\/#website"},"primaryImageOfPage":{"@id":"https:\/\/shopatoa.com\/cz\/tech-protect-l05s-bluetooth-selfie-tyc-se-stativem-a-led-svetlem-cerna\/#primaryimage"},"image":{"@id":"https:\/\/shopatoa.com\/cz\/tech-protect-l05s-bluetooth-selfie-tyc-se-stativem-a-led-svetlem-cerna\/#primaryimage"},"thumbnailUrl":"https:\/\/shopatoa.com\/cz\/wp-content\/uploads\/2025\/02\/TEC690381-05bf9820faefe27aec7092bb3c1cd02a.jpg","datePublished":"2025-02-14T14:49:24+00:00","dateModified":"2025-03-14T20:42:42+00:00","breadcrumb":{"@id":"https:\/\/shopatoa.com\/cz\/tech-protect-l05s-bluetooth-selfie-tyc-se-stativem-a-led-svetlem-cerna\/#breadcrumb"},"inLanguage":"cs","potentialAction":[{"@type":"ReadAction","target":["https:\/\/shopatoa.com\/cz\/tech-protect-l05s-bluetooth-selfie-tyc-se-stativem-a-led-svetlem-cerna\/"]}]},{"@type":"ImageObject","inLanguage":"cs","@id":"https:\/\/shopatoa.com\/cz\/tech-protect-l05s-bluetooth-selfie-tyc-se-stativem-a-led-svetlem-cerna\/#primaryimage","url":"https:\/\/shopatoa.com\/cz\/wp-content\/uploads\/2025\/02\/TEC690381-05bf9820faefe27aec7092bb3c1cd02a.jpg","contentUrl":"https:\/\/shopatoa.com\/cz\/wp-content\/uploads\/2025\/02\/TEC690381-05bf9820faefe27aec7092bb3c1cd02a.jpg","width":460,"height":460},{"@type":"BreadcrumbList","@id":"https:\/\/shopatoa.com\/cz\/tech-protect-l05s-bluetooth-selfie-tyc-se-stativem-a-led-svetlem-cerna\/#breadcrumb","itemListElement":[{"@type":"ListItem","position":1,"name":"Dom\u016f","item":"https:\/\/shopatoa.com\/cz\/"},{"@type":"ListItem","position":2,"name":"Produkty","item":"https:\/\/shopatoa.com\/cz\/shop\/"},{"@type":"ListItem","position":3,"name":"Elektronika","item":"https:\/\/shopatoa.com\/cz\/elektronika\/"},{"@type":"ListItem","position":4,"name":"Tech-Protect L05S bluetooth selfie ty\u010d se stativem a LED sv\u011btlem, \u010dern\u00e1"}]},{"@type":"WebSite","@id":"https:\/\/shopatoa.com\/cz\/#website","url":"https:\/\/shopatoa.com\/cz\/","name":"SHOPATOA","description":"","publisher":{"@id":"https:\/\/shopatoa.com\/cz\/#organization"},"potentialAction":[{"@type":"SearchAction","target":{"@type":"EntryPoint","urlTemplate":"https:\/\/shopatoa.com\/cz\/?s={search_term_string}"},"query-input":{"@type":"PropertyValueSpecification","valueRequired":true,"valueName":"search_term_string"}}],"inLanguage":"cs"},{"@type":"Organization","@id":"https:\/\/shopatoa.com\/cz\/#organization","name":"SHOPATOA Digital s.r.o.","url":"https:\/\/shopatoa.com\/cz\/","logo":{"@type":"ImageObject","inLanguage":"cs","@id":"https:\/\/shopatoa.com\/cz\/#\/schema\/logo\/image\/","url":"https:\/\/storage.googleapis.com\/cz-shopatoa-img\/cz\/ebccf434-shopatoa_logo.png","contentUrl":"https:\/\/storage.googleapis.com\/cz-shopatoa-img\/cz\/ebccf434-shopatoa_logo.png","width":416,"height":63,"caption":"SHOPATOA Digital s.r.o."},"image":{"@id":"https:\/\/shopatoa.com\/cz\/#\/schema\/logo\/image\/"}}]}},"_links":{"self":[{"href":"https:\/\/shopatoa.com\/cz\/wp-json\/wp\/v2\/product\/129668","targetHints":{"allow":["GET"]}}],"collection":[{"href":"https:\/\/shopatoa.com\/cz\/wp-json\/wp\/v2\/product"}],"about":[{"href":"https:\/\/shopatoa.com\/cz\/wp-json\/wp\/v2\/types\/product"}],"replies":[{"embeddable":true,"href":"https:\/\/shopatoa.com\/cz\/wp-json\/wp\/v2\/comments?post=129668"}],"wp:featuredmedia":[{"embeddable":true,"href":"https:\/\/shopatoa.com\/cz\/wp-json\/wp\/v2\/media\/129669"}],"wp:attachment":[{"href":"https:\/\/shopatoa.com\/cz\/wp-json\/wp\/v2\/media?parent=129668"}],"wp:term":[{"taxonomy":"product_brand","embeddable":true,"href":"https:\/\/shopatoa.com\/cz\/wp-json\/wp\/v2\/product_brand?post=129668"},{"taxonomy":"product_cat","embeddable":true,"href":"https:\/\/shopatoa.com\/cz\/wp-json\/wp\/v2\/product_cat?post=129668"},{"taxonomy":"product_tag","embeddable":true,"href":"https:\/\/shopatoa.com\/cz\/wp-json\/wp\/v2\/product_tag?post=129668"}],"curies":[{"name":"wp","href":"https:\/\/api.w.org\/{rel}","templated":true}]}}