{"id":129674,"date":"2025-02-14T15:49:24","date_gmt":"2025-02-14T14:49:24","guid":{"rendered":"https:\/\/shopatoa.com\/cz\/tech-protect-l08s-bluetooth-selfie-tyc-cerna\/"},"modified":"2025-03-14T21:42:49","modified_gmt":"2025-03-14T20:42:49","slug":"tech-protect-l08s-bluetooth-selfie-tyc-cerna","status":"publish","type":"product","link":"https:\/\/shopatoa.com\/cz\/tech-protect-l08s-bluetooth-selfie-tyc-cerna\/","title":{"rendered":"Tech-Protect L08S bluetooth selfie ty\u010d, \u010dern\u00e1"},"content":{"rendered":"<p>Tech-Protect L08S je selfie ty\u010d, kter\u00e1 kombinuje odolnost, stabilitu a multifunk\u010dnost, zaji\u0161\u0165uje dokonal\u00e9 z\u00e1b\u011bry p\u0159i focen\u00ed nebo vlogov\u00e1n\u00ed. D\u00edky teleskopick\u00e9 konstrukci lze v\u00fd\u0161ku selfie ty\u010de libovoln\u011b nastavit a\u017e do 141 cm. Ve slo\u017een\u00e9m stavu m\u00e1 d\u00e9lku p\u0159ibli\u017en\u011b 32 cm.<\/p>\n<p>Pohybliv\u00e1 hlava umo\u017e\u0148uje polohov\u00e1n\u00ed chytr\u00e9ho telefonu ve vertik\u00e1ln\u00ed i horizont\u00e1ln\u00ed poloze. Oto\u010dn\u00fd dr\u017e\u00e1k dr\u017e\u00ed telefon velmi pevn\u011b a nav\u00edc umo\u017e\u0148uje oh\u00fdb\u00e1n\u00ed telefonu dop\u0159edu nebo dozadu.<\/p>\n<p>Hlin\u00edkov\u00e1 konstrukce zaru\u010duje nejen odolnost a v\u011bt\u0161\u00ed lehkost, ale tak\u00e9 v\u00fdbornou stabilitu mont\u00e1\u017ee. Spodn\u00ed \u010d\u00e1st je vybavena protiskluzov\u00fdmi silikonov\u00fdmi podlo\u017ekami, kter\u00e9 zaji\u0161\u0165uj\u00ed stabilitu na jak\u00e9mkoli povrchu.<\/p>\n<p>V\u00fdrobce p\u0159ibalil praktick\u00e9 Bluetooth d\u00e1lkov\u00e9 ovl\u00e1d\u00e1n\u00ed s dosahem a\u017e 15 metr\u016f, upevn\u011bn\u00e9 na stativu.<\/p>\n<h3>Vlastnosti:<\/h3>\n<p>\u2022 Dosah d\u00e1lkov\u00e9ho ovl\u00e1d\u00e1n\u00ed: <15m<br \/>\n\u2022 Velikost ve slo\u017een\u00e9m stavu: 32 cm<br \/>\n\u2022 Minim\u00e1ln\u00ed rozm\u011br v rozlo\u017een\u00e9m stavu: 51 cm<br \/>\n\u2022 Maxim\u00e1ln\u00ed rozlo\u017een\u00e1 velikost: 141 cm<br \/>\n\u2022 \u0160\u00ed\u0159ka \u010delist\u00ed od 4 cm do 8,8 cm<br \/>\n\u2022 Kapacita baterie: 150 mAh<br \/>\n\u2022 Hmotnost: 410 g<br \/>\n\u2022 Kompatibiln\u00ed s iOS, Android<br \/>\n\u2022 Obsah balen\u00ed: selfie ty\u010d, bluetooth d\u00e1lkov\u00e9 ovl\u00e1d\u00e1n<\/p>\n","protected":false},"excerpt":{"rendered":"<p>Tech-Protect L08S je selfie ty\u010d, kter\u00e1 kombinuje odolnost, stabilitu a multifunk\u010dnost, zaji\u0161\u0165uje dokonal\u00e9 z\u00e1b\u011bry p\u0159i focen\u00ed nebo vlogov\u00e1n\u00ed. D\u00edky teleskopick\u00e9 konstrukci lze v\u00fd\u0161ku selfie ty\u010de libovoln\u011b nastavit a\u017e do 141 cm. Ve slo\u017een\u00e9m stavu m\u00e1 d\u00e9lku p\u0159ibli\u017en\u011b 32 cm. Pohybliv\u00e1 hlava umo\u017e\u0148uje polohov\u00e1n\u00ed chytr\u00e9ho telefonu ve vertik\u00e1ln\u00ed i horizont\u00e1ln\u00ed poloze. Oto\u010dn\u00fd dr\u017e\u00e1k dr\u017e\u00ed telefon velmi&#8230;<\/p>\n","protected":false},"featured_media":129675,"comment_status":"closed","ping_status":"open","template":"","meta":{"_acf_changed":false,"_kadence_starter_templates_imported_post":false,"_kad_post_transparent":"","_kad_post_title":"","_kad_post_layout":"","_kad_post_sidebar_id":"","_kad_post_content_style":"","_kad_post_vertical_padding":"","_kad_post_feature":"","_kad_post_feature_position":"","_kad_post_header":false,"_kad_post_footer":false,"_kad_post_classname":""},"product_brand":[],"product_cat":[58],"product_tag":[],"class_list":{"0":"post-129674","1":"product","2":"type-product","3":"status-publish","4":"has-post-thumbnail","6":"product_cat-elektronika","7":"pa_obchod-mobilego-cz","9":"first","10":"instock","11":"product-type-external","12":"entry","13":"content-bg","14":"loop-entry"},"acf":[],"yoast_head":"<!-- This site is optimized with the Yoast SEO plugin v27.4 - https:\/\/yoast.com\/product\/yoast-seo-wordpress\/ -->\n<title>Tech-Protect L08S bluetooth selfie ty\u010d, \u010dern\u00e1 - SHOPATOA<\/title>\n<meta name=\"robots\" content=\"index, follow, max-snippet:-1, max-image-preview:large, max-video-preview:-1\" \/>\n<link rel=\"canonical\" href=\"https:\/\/shopatoa.com\/cz\/tech-protect-l08s-bluetooth-selfie-tyc-cerna\/\" \/>\n<meta property=\"og:locale\" content=\"cs_CZ\" \/>\n<meta property=\"og:type\" content=\"article\" \/>\n<meta property=\"og:title\" content=\"Tech-Protect L08S bluetooth selfie ty\u010d, \u010dern\u00e1 - SHOPATOA\" \/>\n<meta property=\"og:description\" content=\"Tech-Protect L08S je selfie ty\u010d, kter\u00e1 kombinuje odolnost, stabilitu a multifunk\u010dnost, zaji\u0161\u0165uje dokonal\u00e9 z\u00e1b\u011bry p\u0159i focen\u00ed nebo vlogov\u00e1n\u00ed. D\u00edky teleskopick\u00e9 konstrukci lze v\u00fd\u0161ku selfie ty\u010de libovoln\u011b nastavit a\u017e do 141 cm. Ve slo\u017een\u00e9m stavu m\u00e1 d\u00e9lku p\u0159ibli\u017en\u011b 32 cm. Pohybliv\u00e1 hlava umo\u017e\u0148uje polohov\u00e1n\u00ed chytr\u00e9ho telefonu ve vertik\u00e1ln\u00ed i horizont\u00e1ln\u00ed poloze. Oto\u010dn\u00fd dr\u017e\u00e1k dr\u017e\u00ed telefon velmi...\" \/>\n<meta property=\"og:url\" content=\"https:\/\/shopatoa.com\/cz\/tech-protect-l08s-bluetooth-selfie-tyc-cerna\/\" \/>\n<meta property=\"og:site_name\" content=\"SHOPATOA\" \/>\n<meta property=\"article:modified_time\" content=\"2025-03-14T20:42:49+00:00\" \/>\n<meta property=\"og:image\" content=\"https:\/\/shopatoa.com\/cz\/wp-content\/uploads\/2025\/02\/TEC308286-766cefd26821070d3a2ff180ba60423f.jpg\" \/>\n\t<meta property=\"og:image:width\" content=\"460\" \/>\n\t<meta property=\"og:image:height\" content=\"460\" \/>\n\t<meta property=\"og:image:type\" content=\"image\/jpeg\" \/>\n<meta name=\"twitter:card\" content=\"summary_large_image\" \/>\n<meta name=\"twitter:label1\" content=\"Odhadovan\u00e1 doba \u010dten\u00ed\" \/>\n\t<meta name=\"twitter:data1\" content=\"1 minuta\" \/>\n<script type=\"application\/ld+json\" class=\"yoast-schema-graph\">{\"@context\":\"https:\\\/\\\/schema.org\",\"@graph\":[{\"@type\":\"WebPage\",\"@id\":\"https:\\\/\\\/shopatoa.com\\\/cz\\\/tech-protect-l08s-bluetooth-selfie-tyc-cerna\\\/\",\"url\":\"https:\\\/\\\/shopatoa.com\\\/cz\\\/tech-protect-l08s-bluetooth-selfie-tyc-cerna\\\/\",\"name\":\"Tech-Protect L08S bluetooth selfie ty\u010d, \u010dern\u00e1 - SHOPATOA\",\"isPartOf\":{\"@id\":\"https:\\\/\\\/shopatoa.com\\\/cz\\\/#website\"},\"primaryImageOfPage\":{\"@id\":\"https:\\\/\\\/shopatoa.com\\\/cz\\\/tech-protect-l08s-bluetooth-selfie-tyc-cerna\\\/#primaryimage\"},\"image\":{\"@id\":\"https:\\\/\\\/shopatoa.com\\\/cz\\\/tech-protect-l08s-bluetooth-selfie-tyc-cerna\\\/#primaryimage\"},\"thumbnailUrl\":\"https:\\\/\\\/shopatoa.com\\\/cz\\\/wp-content\\\/uploads\\\/2025\\\/02\\\/TEC308286-766cefd26821070d3a2ff180ba60423f.jpg\",\"datePublished\":\"2025-02-14T14:49:24+00:00\",\"dateModified\":\"2025-03-14T20:42:49+00:00\",\"breadcrumb\":{\"@id\":\"https:\\\/\\\/shopatoa.com\\\/cz\\\/tech-protect-l08s-bluetooth-selfie-tyc-cerna\\\/#breadcrumb\"},\"inLanguage\":\"cs\",\"potentialAction\":[{\"@type\":\"ReadAction\",\"target\":[\"https:\\\/\\\/shopatoa.com\\\/cz\\\/tech-protect-l08s-bluetooth-selfie-tyc-cerna\\\/\"]}]},{\"@type\":\"ImageObject\",\"inLanguage\":\"cs\",\"@id\":\"https:\\\/\\\/shopatoa.com\\\/cz\\\/tech-protect-l08s-bluetooth-selfie-tyc-cerna\\\/#primaryimage\",\"url\":\"https:\\\/\\\/shopatoa.com\\\/cz\\\/wp-content\\\/uploads\\\/2025\\\/02\\\/TEC308286-766cefd26821070d3a2ff180ba60423f.jpg\",\"contentUrl\":\"https:\\\/\\\/shopatoa.com\\\/cz\\\/wp-content\\\/uploads\\\/2025\\\/02\\\/TEC308286-766cefd26821070d3a2ff180ba60423f.jpg\",\"width\":460,\"height\":460},{\"@type\":\"BreadcrumbList\",\"@id\":\"https:\\\/\\\/shopatoa.com\\\/cz\\\/tech-protect-l08s-bluetooth-selfie-tyc-cerna\\\/#breadcrumb\",\"itemListElement\":[{\"@type\":\"ListItem\",\"position\":1,\"name\":\"Dom\u016f\",\"item\":\"https:\\\/\\\/shopatoa.com\\\/cz\\\/\"},{\"@type\":\"ListItem\",\"position\":2,\"name\":\"Produkty\",\"item\":\"https:\\\/\\\/shopatoa.com\\\/cz\\\/shop\\\/\"},{\"@type\":\"ListItem\",\"position\":3,\"name\":\"Elektronika\",\"item\":\"https:\\\/\\\/shopatoa.com\\\/cz\\\/elektronika\\\/\"},{\"@type\":\"ListItem\",\"position\":4,\"name\":\"Tech-Protect L08S bluetooth selfie ty\u010d, \u010dern\u00e1\"}]},{\"@type\":\"WebSite\",\"@id\":\"https:\\\/\\\/shopatoa.com\\\/cz\\\/#website\",\"url\":\"https:\\\/\\\/shopatoa.com\\\/cz\\\/\",\"name\":\"SHOPATOA\",\"description\":\"\",\"publisher\":{\"@id\":\"https:\\\/\\\/shopatoa.com\\\/cz\\\/#organization\"},\"potentialAction\":[{\"@type\":\"SearchAction\",\"target\":{\"@type\":\"EntryPoint\",\"urlTemplate\":\"https:\\\/\\\/shopatoa.com\\\/cz\\\/?s={search_term_string}\"},\"query-input\":{\"@type\":\"PropertyValueSpecification\",\"valueRequired\":true,\"valueName\":\"search_term_string\"}}],\"inLanguage\":\"cs\"},{\"@type\":\"Organization\",\"@id\":\"https:\\\/\\\/shopatoa.com\\\/cz\\\/#organization\",\"name\":\"SHOPATOA Digital s.r.o.\",\"url\":\"https:\\\/\\\/shopatoa.com\\\/cz\\\/\",\"logo\":{\"@type\":\"ImageObject\",\"inLanguage\":\"cs\",\"@id\":\"https:\\\/\\\/shopatoa.com\\\/cz\\\/#\\\/schema\\\/logo\\\/image\\\/\",\"url\":\"https:\\\/\\\/storage.googleapis.com\\\/cz-shopatoa-img\\\/cz\\\/ebccf434-shopatoa_logo.png\",\"contentUrl\":\"https:\\\/\\\/storage.googleapis.com\\\/cz-shopatoa-img\\\/cz\\\/ebccf434-shopatoa_logo.png\",\"width\":416,\"height\":63,\"caption\":\"SHOPATOA Digital s.r.o.\"},\"image\":{\"@id\":\"https:\\\/\\\/shopatoa.com\\\/cz\\\/#\\\/schema\\\/logo\\\/image\\\/\"}}]}<\/script>\n<!-- \/ Yoast SEO plugin. -->","yoast_head_json":{"title":"Tech-Protect L08S bluetooth selfie ty\u010d, \u010dern\u00e1 - SHOPATOA","robots":{"index":"index","follow":"follow","max-snippet":"max-snippet:-1","max-image-preview":"max-image-preview:large","max-video-preview":"max-video-preview:-1"},"canonical":"https:\/\/shopatoa.com\/cz\/tech-protect-l08s-bluetooth-selfie-tyc-cerna\/","og_locale":"cs_CZ","og_type":"article","og_title":"Tech-Protect L08S bluetooth selfie ty\u010d, \u010dern\u00e1 - SHOPATOA","og_description":"Tech-Protect L08S je selfie ty\u010d, kter\u00e1 kombinuje odolnost, stabilitu a multifunk\u010dnost, zaji\u0161\u0165uje dokonal\u00e9 z\u00e1b\u011bry p\u0159i focen\u00ed nebo vlogov\u00e1n\u00ed. D\u00edky teleskopick\u00e9 konstrukci lze v\u00fd\u0161ku selfie ty\u010de libovoln\u011b nastavit a\u017e do 141 cm. Ve slo\u017een\u00e9m stavu m\u00e1 d\u00e9lku p\u0159ibli\u017en\u011b 32 cm. Pohybliv\u00e1 hlava umo\u017e\u0148uje polohov\u00e1n\u00ed chytr\u00e9ho telefonu ve vertik\u00e1ln\u00ed i horizont\u00e1ln\u00ed poloze. Oto\u010dn\u00fd dr\u017e\u00e1k dr\u017e\u00ed telefon velmi...","og_url":"https:\/\/shopatoa.com\/cz\/tech-protect-l08s-bluetooth-selfie-tyc-cerna\/","og_site_name":"SHOPATOA","article_modified_time":"2025-03-14T20:42:49+00:00","og_image":[{"width":460,"height":460,"url":"https:\/\/shopatoa.com\/cz\/wp-content\/uploads\/2025\/02\/TEC308286-766cefd26821070d3a2ff180ba60423f.jpg","type":"image\/jpeg"}],"twitter_card":"summary_large_image","twitter_misc":{"Odhadovan\u00e1 doba \u010dten\u00ed":"1 minuta"},"schema":{"@context":"https:\/\/schema.org","@graph":[{"@type":"WebPage","@id":"https:\/\/shopatoa.com\/cz\/tech-protect-l08s-bluetooth-selfie-tyc-cerna\/","url":"https:\/\/shopatoa.com\/cz\/tech-protect-l08s-bluetooth-selfie-tyc-cerna\/","name":"Tech-Protect L08S bluetooth selfie ty\u010d, \u010dern\u00e1 - SHOPATOA","isPartOf":{"@id":"https:\/\/shopatoa.com\/cz\/#website"},"primaryImageOfPage":{"@id":"https:\/\/shopatoa.com\/cz\/tech-protect-l08s-bluetooth-selfie-tyc-cerna\/#primaryimage"},"image":{"@id":"https:\/\/shopatoa.com\/cz\/tech-protect-l08s-bluetooth-selfie-tyc-cerna\/#primaryimage"},"thumbnailUrl":"https:\/\/shopatoa.com\/cz\/wp-content\/uploads\/2025\/02\/TEC308286-766cefd26821070d3a2ff180ba60423f.jpg","datePublished":"2025-02-14T14:49:24+00:00","dateModified":"2025-03-14T20:42:49+00:00","breadcrumb":{"@id":"https:\/\/shopatoa.com\/cz\/tech-protect-l08s-bluetooth-selfie-tyc-cerna\/#breadcrumb"},"inLanguage":"cs","potentialAction":[{"@type":"ReadAction","target":["https:\/\/shopatoa.com\/cz\/tech-protect-l08s-bluetooth-selfie-tyc-cerna\/"]}]},{"@type":"ImageObject","inLanguage":"cs","@id":"https:\/\/shopatoa.com\/cz\/tech-protect-l08s-bluetooth-selfie-tyc-cerna\/#primaryimage","url":"https:\/\/shopatoa.com\/cz\/wp-content\/uploads\/2025\/02\/TEC308286-766cefd26821070d3a2ff180ba60423f.jpg","contentUrl":"https:\/\/shopatoa.com\/cz\/wp-content\/uploads\/2025\/02\/TEC308286-766cefd26821070d3a2ff180ba60423f.jpg","width":460,"height":460},{"@type":"BreadcrumbList","@id":"https:\/\/shopatoa.com\/cz\/tech-protect-l08s-bluetooth-selfie-tyc-cerna\/#breadcrumb","itemListElement":[{"@type":"ListItem","position":1,"name":"Dom\u016f","item":"https:\/\/shopatoa.com\/cz\/"},{"@type":"ListItem","position":2,"name":"Produkty","item":"https:\/\/shopatoa.com\/cz\/shop\/"},{"@type":"ListItem","position":3,"name":"Elektronika","item":"https:\/\/shopatoa.com\/cz\/elektronika\/"},{"@type":"ListItem","position":4,"name":"Tech-Protect L08S bluetooth selfie ty\u010d, \u010dern\u00e1"}]},{"@type":"WebSite","@id":"https:\/\/shopatoa.com\/cz\/#website","url":"https:\/\/shopatoa.com\/cz\/","name":"SHOPATOA","description":"","publisher":{"@id":"https:\/\/shopatoa.com\/cz\/#organization"},"potentialAction":[{"@type":"SearchAction","target":{"@type":"EntryPoint","urlTemplate":"https:\/\/shopatoa.com\/cz\/?s={search_term_string}"},"query-input":{"@type":"PropertyValueSpecification","valueRequired":true,"valueName":"search_term_string"}}],"inLanguage":"cs"},{"@type":"Organization","@id":"https:\/\/shopatoa.com\/cz\/#organization","name":"SHOPATOA Digital s.r.o.","url":"https:\/\/shopatoa.com\/cz\/","logo":{"@type":"ImageObject","inLanguage":"cs","@id":"https:\/\/shopatoa.com\/cz\/#\/schema\/logo\/image\/","url":"https:\/\/storage.googleapis.com\/cz-shopatoa-img\/cz\/ebccf434-shopatoa_logo.png","contentUrl":"https:\/\/storage.googleapis.com\/cz-shopatoa-img\/cz\/ebccf434-shopatoa_logo.png","width":416,"height":63,"caption":"SHOPATOA Digital s.r.o."},"image":{"@id":"https:\/\/shopatoa.com\/cz\/#\/schema\/logo\/image\/"}}]}},"_links":{"self":[{"href":"https:\/\/shopatoa.com\/cz\/wp-json\/wp\/v2\/product\/129674","targetHints":{"allow":["GET"]}}],"collection":[{"href":"https:\/\/shopatoa.com\/cz\/wp-json\/wp\/v2\/product"}],"about":[{"href":"https:\/\/shopatoa.com\/cz\/wp-json\/wp\/v2\/types\/product"}],"replies":[{"embeddable":true,"href":"https:\/\/shopatoa.com\/cz\/wp-json\/wp\/v2\/comments?post=129674"}],"wp:featuredmedia":[{"embeddable":true,"href":"https:\/\/shopatoa.com\/cz\/wp-json\/wp\/v2\/media\/129675"}],"wp:attachment":[{"href":"https:\/\/shopatoa.com\/cz\/wp-json\/wp\/v2\/media?parent=129674"}],"wp:term":[{"taxonomy":"product_brand","embeddable":true,"href":"https:\/\/shopatoa.com\/cz\/wp-json\/wp\/v2\/product_brand?post=129674"},{"taxonomy":"product_cat","embeddable":true,"href":"https:\/\/shopatoa.com\/cz\/wp-json\/wp\/v2\/product_cat?post=129674"},{"taxonomy":"product_tag","embeddable":true,"href":"https:\/\/shopatoa.com\/cz\/wp-json\/wp\/v2\/product_tag?post=129674"}],"curies":[{"name":"wp","href":"https:\/\/api.w.org\/{rel}","templated":true}]}}