{"id":129680,"date":"2025-02-14T15:49:24","date_gmt":"2025-02-14T14:49:24","guid":{"rendered":"https:\/\/shopatoa.com\/cz\/mg-telescopic-bluetooth-selfie-tyc-1-75m-cerna\/"},"modified":"2025-03-14T21:42:55","modified_gmt":"2025-03-14T20:42:55","slug":"mg-telescopic-bluetooth-selfie-tyc-1-75m-cerna","status":"publish","type":"product","link":"https:\/\/shopatoa.com\/cz\/mg-telescopic-bluetooth-selfie-tyc-1-75m-cerna\/","title":{"rendered":"MG Telescopic Bluetooth selfie ty\u010d 1.75m, \u010dern\u00e1"},"content":{"rendered":"<p>Bluetooth selfie ty\u010d je navr\u017eena pro ty, kte\u0159\u00ed hledaj\u00ed pohodl\u00ed, stabilitu a flexibilitu p\u0159i focen\u00ed \u010di nat\u00e1\u010den\u00ed vide\u00ed. D\u00edky bezdr\u00e1tov\u00e9mu p\u0159ipojen\u00ed p\u0159es Bluetooth se snadno a rychle sp\u00e1ruje s chytr\u00fdm telefonem, co\u017e v\u00e1m umo\u017e\u0148uje pohodln\u00e9 sn\u00edm\u00e1n\u00ed na d\u00e1lku. Je vybavena nastavitelnou teleskopickou ty\u010d\u00ed, kterou lze rozt\u00e1hnout na ide\u00e1ln\u00ed d\u00e9lku pro perfektn\u00ed z\u00e1b\u011br. Je tak\u00e9 vybavena odn\u00edmateln\u00fdm dr\u017e\u00e1kem pro chytr\u00e9 telefony o \u0161\u00ed\u0159ce 65 a\u017e 95 mm. Univerz\u00e1ln\u00ed 1\/4 z\u00e1vit umo\u017e\u0148uje p\u0159ipevn\u011bn\u00ed r\u016fzn\u00e9ho p\u0159\u00edslu\u0161enstv\u00ed a oto\u010dn\u00e1 hlava o 360 \u00b0 poskytuje neomezen\u00e9 kreativn\u00ed mo\u017enosti.<\/p>\n<h3>Stabiln\u00ed a pevn\u00e1 konstrukce selfie ty\u010de<\/h3>\n<p>Selfie ty\u010d je z\u00e1rukou stability i v n\u00e1ro\u010dn\u00fdch podm\u00ednk\u00e1ch. Pevn\u00e1 konstrukce z hlin\u00edkov\u00e9 slitiny znamen\u00e1, \u017ee se b\u011bhem pou\u017e\u00edv\u00e1n\u00ed nek\u00fdve. D\u00edky osmi segment\u016fm, kter\u00e9 m\u016f\u017eete vysunout do maxim\u00e1ln\u00ed v\u00fd\u0161ky 1,75 m, z\u00edsk\u00e1te dokonal\u00fd z\u00e1b\u011br z ka\u017ed\u00e9 perspektivy.<\/p>\n<h3>D\u00e1 se pou\u017e\u00edt i jako dr\u017e\u00e1k telefonu<\/h3>\n<p>Selfie ty\u010d je skute\u010dn\u00fdm hitem i pro milovn\u00edky mobiln\u00ed fotografie. M\u00e1 odn\u00edmateln\u00fd dr\u017e\u00e1k pro chytr\u00e9 telefony o \u0161\u00ed\u0159ce 65 a\u017e 95 mm, d\u00edky \u010demu\u017e je mimo\u0159\u00e1dn\u011b univerz\u00e1ln\u00ed. D\u00edky tomu bude ka\u017ed\u00e1 fotografie ostr\u00e1 a stabiln\u00ed, beze strachu z vypadnut\u00ed za\u0159\u00edzen\u00ed.<\/p>\n<h3>Kompatibilita s mnoha za\u0159\u00edzen\u00edmi<\/h3>\n<p>Nemus\u00edte se b\u00e1t, zda selfie ty\u010d bude pasovat do va\u0161eho telefonu. Je kompatibiln\u00ed s nejpopul\u00e1rn\u011bj\u0161\u00edmi zna\u010dkami jako Apple, Samsung, Xiaomi, Huawei a mnoha dal\u0161\u00edmi. Bez ohledu na to, zda sn\u00edm\u00e1te horizont\u00e1ln\u011b nebo vertik\u00e1ln\u011b, poskytuje naprostou flexibilitu a pohodl\u00ed p\u0159i pou\u017e\u00edv\u00e1n\u00ed.<\/p>\n<h3>D\u00e1lkov\u00e9 ovl\u00e1d\u00e1n\u00ed pro pohodl\u00ed<\/h3>\n<p>D\u00edky tla\u010d\u00edtku Bluetooth v\u00e1m selfie ty\u010d umo\u017e\u0148uje fotografovat a nahr\u00e1vat videa bez dotyku telefonu. D\u00e1lkov\u00e9 ovl\u00e1d\u00e1n\u00ed znamen\u00e1, \u017ee m\u016f\u017eete ud\u011blat dokonal\u00fd z\u00e1b\u011br z d\u00e1lky. Je to perfektn\u00ed \u0159e\u0161en\u00ed pro v\u00fdlety, p\u00e1rty a jakoukoli situaci, kde je d\u016fle\u017eit\u00e9 pohodl\u00ed.<\/p>\n<h3>Rotace o 360\u00b0<\/h3>\n<p>Oto\u010den\u00ed o 360\u00b0 v\u00e1m umo\u017e\u0148uje poka\u017ed\u00e9 zachytit dokonal\u00fd \u00fahel. A\u0165 u\u017e d\u011bl\u00e1te selfie, nahr\u00e1v\u00e1te video nebo fotografujete na \u0161\u00ed\u0159ku, pln\u00e9 oto\u010den\u00ed v\u00e1m umo\u017en\u00ed um\u00edstit telefon nebo fotoapar\u00e1t do libovoln\u00e9 polohy. Va\u0161e z\u00e1b\u011bry budou v\u017edy dokonal\u00e9!<\/p>\n<h3>1\/4 z\u00e1vit<\/h3>\n<p>D\u00edky 1\/4 palcov\u00e9mu z\u00e1vitu na selfie ty\u010d m\u016f\u017eete p\u0159ipevnit r\u016fzn\u00e9 dopl\u0148ky jako selfie ring, sportovn\u00ed kameru nebo digit\u00e1ln\u00ed fotoapar\u00e1t.<\/p>\n<h3>Vlastnosti:<\/h3>\n<p>\u2022 Funguje jako selfie ty\u010d i jako stabiln\u00ed stativ<br \/>\n\u2022 Umo\u017e\u0148uje d\u00e1lkov\u00e9 ovl\u00e1d\u00e1n\u00ed bez dotyku telefonu<br \/>\n\u2022 Selfie ty\u010d m\u00e1 d\u00e1lkov\u00e9 ovl\u00e1d\u00e1n\u00ed s Bluetooth modulem<br \/>\n\u2022 Poskytuje pohodln\u00e9 pou\u017e\u00edv\u00e1n\u00ed s d\u00e1lkov\u00fdm ovl\u00e1d\u00e1n\u00edm Bluetooth<br \/>\n\u2022 Fotit m\u016f\u017eete ze vzd\u00e1lenosti a\u017e 10 metr\u016f<br \/>\n\u2022 Skryt\u00fd stativ poskytuje stabilitu na r\u016fzn\u00fdch povr\u0161\u00edch<br \/>\n\u2022 Rotace o 360 stup\u0148\u016f<br \/>\n\u2022 Stativ vyroben\u00fd z hlin\u00edkov\u00e9 slitiny zaji\u0161\u0165uje odolnost<br \/>\n\u2022 M\u00e1 odn\u00edmateln\u00fd dr\u017e\u00e1k pro chytr\u00e9 telefony o \u0161\u00ed\u0159ce 65 a\u017e 95 mm.<br \/>\n\u2022 Nab\u00edz\u00ed \u0161irokou kompatibilitu se z\u00e1vitem 1\/4 palce<br \/>\n\u2022 D\u00edky z\u00e1vitu 1\/4 je kompatibiln\u00ed nap\u0159\u00edklad. se sportovn\u00edmi kamerami<\/p>\n<h3>Parametry:<\/h3>\n<p>\u2022 Maxim\u00e1ln\u00ed d\u00e9lka: 175 cm<br \/>\n\u2022 Bluetooth verze d\u00e1lkov\u00e9ho ovlada\u010de: Bluetooth 4.0<br \/>\n\u2022 Dosah d\u00e1lkov\u00e9ho ovl\u00e1d\u00e1n\u00ed: 10 m<br \/>\n\u2022 Nap\u00e1jen\u00ed d\u00e1lkov\u00e9ho ovlada\u010de: baterie CR1632<br \/>\n\u2022 Materi\u00e1l: ABS, nerezav\u011bj\u00edc\u00ed ocel<\/p>\n","protected":false},"excerpt":{"rendered":"<p>Bluetooth selfie ty\u010d je navr\u017eena pro ty, kte\u0159\u00ed hledaj\u00ed pohodl\u00ed, stabilitu a flexibilitu p\u0159i focen\u00ed \u010di nat\u00e1\u010den\u00ed vide\u00ed. D\u00edky bezdr\u00e1tov\u00e9mu p\u0159ipojen\u00ed p\u0159es Bluetooth se snadno a rychle sp\u00e1ruje s chytr\u00fdm telefonem, co\u017e v\u00e1m umo\u017e\u0148uje pohodln\u00e9 sn\u00edm\u00e1n\u00ed na d\u00e1lku. Je vybavena nastavitelnou teleskopickou ty\u010d\u00ed, kterou lze rozt\u00e1hnout na ide\u00e1ln\u00ed d\u00e9lku pro perfektn\u00ed z\u00e1b\u011br. Je tak\u00e9 vybavena&#8230;<\/p>\n","protected":false},"featured_media":129681,"comment_status":"closed","ping_status":"open","template":"","meta":{"_acf_changed":false,"_kadence_starter_templates_imported_post":false,"_kad_post_transparent":"","_kad_post_title":"","_kad_post_layout":"","_kad_post_sidebar_id":"","_kad_post_content_style":"","_kad_post_vertical_padding":"","_kad_post_feature":"","_kad_post_feature_position":"","_kad_post_header":false,"_kad_post_footer":false,"_kad_post_classname":""},"product_brand":[],"product_cat":[58],"product_tag":[],"class_list":{"0":"post-129680","1":"product","2":"type-product","3":"status-publish","4":"has-post-thumbnail","6":"product_cat-elektronika","7":"pa_obchod-mobilego-cz","9":"first","10":"instock","11":"product-type-external","12":"entry","13":"content-bg","14":"loop-entry"},"acf":[],"yoast_head":"<!-- This site is optimized with the Yoast SEO plugin v27.4 - https:\/\/yoast.com\/product\/yoast-seo-wordpress\/ -->\n<title>MG Telescopic Bluetooth selfie ty\u010d 1.75m, \u010dern\u00e1 - SHOPATOA<\/title>\n<meta name=\"robots\" content=\"index, follow, max-snippet:-1, max-image-preview:large, max-video-preview:-1\" \/>\n<link rel=\"canonical\" href=\"https:\/\/shopatoa.com\/cz\/mg-telescopic-bluetooth-selfie-tyc-1-75m-cerna\/\" \/>\n<meta property=\"og:locale\" content=\"cs_CZ\" \/>\n<meta property=\"og:type\" content=\"article\" \/>\n<meta property=\"og:title\" content=\"MG Telescopic Bluetooth selfie ty\u010d 1.75m, \u010dern\u00e1 - SHOPATOA\" \/>\n<meta property=\"og:description\" content=\"Bluetooth selfie ty\u010d je navr\u017eena pro ty, kte\u0159\u00ed hledaj\u00ed pohodl\u00ed, stabilitu a flexibilitu p\u0159i focen\u00ed \u010di nat\u00e1\u010den\u00ed vide\u00ed. D\u00edky bezdr\u00e1tov\u00e9mu p\u0159ipojen\u00ed p\u0159es Bluetooth se snadno a rychle sp\u00e1ruje s chytr\u00fdm telefonem, co\u017e v\u00e1m umo\u017e\u0148uje pohodln\u00e9 sn\u00edm\u00e1n\u00ed na d\u00e1lku. Je vybavena nastavitelnou teleskopickou ty\u010d\u00ed, kterou lze rozt\u00e1hnout na ide\u00e1ln\u00ed d\u00e9lku pro perfektn\u00ed z\u00e1b\u011br. Je tak\u00e9 vybavena...\" \/>\n<meta property=\"og:url\" content=\"https:\/\/shopatoa.com\/cz\/mg-telescopic-bluetooth-selfie-tyc-1-75m-cerna\/\" \/>\n<meta property=\"og:site_name\" content=\"SHOPATOA\" \/>\n<meta property=\"article:modified_time\" content=\"2025-03-14T20:42:55+00:00\" \/>\n<meta property=\"og:image\" content=\"https:\/\/shopatoa.com\/cz\/wp-content\/uploads\/2025\/02\/HUR103724-7d23ba79457dea638b91f2e77587af33.jpg\" \/>\n\t<meta property=\"og:image:width\" content=\"460\" \/>\n\t<meta property=\"og:image:height\" content=\"460\" \/>\n\t<meta property=\"og:image:type\" content=\"image\/jpeg\" \/>\n<meta name=\"twitter:card\" content=\"summary_large_image\" \/>\n<meta name=\"twitter:label1\" content=\"Odhadovan\u00e1 doba \u010dten\u00ed\" \/>\n\t<meta name=\"twitter:data1\" content=\"3 minuty\" \/>\n<script type=\"application\/ld+json\" class=\"yoast-schema-graph\">{\"@context\":\"https:\\\/\\\/schema.org\",\"@graph\":[{\"@type\":\"WebPage\",\"@id\":\"https:\\\/\\\/shopatoa.com\\\/cz\\\/mg-telescopic-bluetooth-selfie-tyc-1-75m-cerna\\\/\",\"url\":\"https:\\\/\\\/shopatoa.com\\\/cz\\\/mg-telescopic-bluetooth-selfie-tyc-1-75m-cerna\\\/\",\"name\":\"MG Telescopic Bluetooth selfie ty\u010d 1.75m, \u010dern\u00e1 - SHOPATOA\",\"isPartOf\":{\"@id\":\"https:\\\/\\\/shopatoa.com\\\/cz\\\/#website\"},\"primaryImageOfPage\":{\"@id\":\"https:\\\/\\\/shopatoa.com\\\/cz\\\/mg-telescopic-bluetooth-selfie-tyc-1-75m-cerna\\\/#primaryimage\"},\"image\":{\"@id\":\"https:\\\/\\\/shopatoa.com\\\/cz\\\/mg-telescopic-bluetooth-selfie-tyc-1-75m-cerna\\\/#primaryimage\"},\"thumbnailUrl\":\"https:\\\/\\\/shopatoa.com\\\/cz\\\/wp-content\\\/uploads\\\/2025\\\/02\\\/HUR103724-7d23ba79457dea638b91f2e77587af33.jpg\",\"datePublished\":\"2025-02-14T14:49:24+00:00\",\"dateModified\":\"2025-03-14T20:42:55+00:00\",\"breadcrumb\":{\"@id\":\"https:\\\/\\\/shopatoa.com\\\/cz\\\/mg-telescopic-bluetooth-selfie-tyc-1-75m-cerna\\\/#breadcrumb\"},\"inLanguage\":\"cs\",\"potentialAction\":[{\"@type\":\"ReadAction\",\"target\":[\"https:\\\/\\\/shopatoa.com\\\/cz\\\/mg-telescopic-bluetooth-selfie-tyc-1-75m-cerna\\\/\"]}]},{\"@type\":\"ImageObject\",\"inLanguage\":\"cs\",\"@id\":\"https:\\\/\\\/shopatoa.com\\\/cz\\\/mg-telescopic-bluetooth-selfie-tyc-1-75m-cerna\\\/#primaryimage\",\"url\":\"https:\\\/\\\/shopatoa.com\\\/cz\\\/wp-content\\\/uploads\\\/2025\\\/02\\\/HUR103724-7d23ba79457dea638b91f2e77587af33.jpg\",\"contentUrl\":\"https:\\\/\\\/shopatoa.com\\\/cz\\\/wp-content\\\/uploads\\\/2025\\\/02\\\/HUR103724-7d23ba79457dea638b91f2e77587af33.jpg\",\"width\":460,\"height\":460},{\"@type\":\"BreadcrumbList\",\"@id\":\"https:\\\/\\\/shopatoa.com\\\/cz\\\/mg-telescopic-bluetooth-selfie-tyc-1-75m-cerna\\\/#breadcrumb\",\"itemListElement\":[{\"@type\":\"ListItem\",\"position\":1,\"name\":\"Dom\u016f\",\"item\":\"https:\\\/\\\/shopatoa.com\\\/cz\\\/\"},{\"@type\":\"ListItem\",\"position\":2,\"name\":\"Produkty\",\"item\":\"https:\\\/\\\/shopatoa.com\\\/cz\\\/shop\\\/\"},{\"@type\":\"ListItem\",\"position\":3,\"name\":\"Elektronika\",\"item\":\"https:\\\/\\\/shopatoa.com\\\/cz\\\/elektronika\\\/\"},{\"@type\":\"ListItem\",\"position\":4,\"name\":\"MG Telescopic Bluetooth selfie ty\u010d 1.75m, \u010dern\u00e1\"}]},{\"@type\":\"WebSite\",\"@id\":\"https:\\\/\\\/shopatoa.com\\\/cz\\\/#website\",\"url\":\"https:\\\/\\\/shopatoa.com\\\/cz\\\/\",\"name\":\"SHOPATOA\",\"description\":\"\",\"publisher\":{\"@id\":\"https:\\\/\\\/shopatoa.com\\\/cz\\\/#organization\"},\"potentialAction\":[{\"@type\":\"SearchAction\",\"target\":{\"@type\":\"EntryPoint\",\"urlTemplate\":\"https:\\\/\\\/shopatoa.com\\\/cz\\\/?s={search_term_string}\"},\"query-input\":{\"@type\":\"PropertyValueSpecification\",\"valueRequired\":true,\"valueName\":\"search_term_string\"}}],\"inLanguage\":\"cs\"},{\"@type\":\"Organization\",\"@id\":\"https:\\\/\\\/shopatoa.com\\\/cz\\\/#organization\",\"name\":\"SHOPATOA Digital s.r.o.\",\"url\":\"https:\\\/\\\/shopatoa.com\\\/cz\\\/\",\"logo\":{\"@type\":\"ImageObject\",\"inLanguage\":\"cs\",\"@id\":\"https:\\\/\\\/shopatoa.com\\\/cz\\\/#\\\/schema\\\/logo\\\/image\\\/\",\"url\":\"https:\\\/\\\/storage.googleapis.com\\\/cz-shopatoa-img\\\/cz\\\/ebccf434-shopatoa_logo.png\",\"contentUrl\":\"https:\\\/\\\/storage.googleapis.com\\\/cz-shopatoa-img\\\/cz\\\/ebccf434-shopatoa_logo.png\",\"width\":416,\"height\":63,\"caption\":\"SHOPATOA Digital s.r.o.\"},\"image\":{\"@id\":\"https:\\\/\\\/shopatoa.com\\\/cz\\\/#\\\/schema\\\/logo\\\/image\\\/\"}}]}<\/script>\n<!-- \/ Yoast SEO plugin. -->","yoast_head_json":{"title":"MG Telescopic Bluetooth selfie ty\u010d 1.75m, \u010dern\u00e1 - SHOPATOA","robots":{"index":"index","follow":"follow","max-snippet":"max-snippet:-1","max-image-preview":"max-image-preview:large","max-video-preview":"max-video-preview:-1"},"canonical":"https:\/\/shopatoa.com\/cz\/mg-telescopic-bluetooth-selfie-tyc-1-75m-cerna\/","og_locale":"cs_CZ","og_type":"article","og_title":"MG Telescopic Bluetooth selfie ty\u010d 1.75m, \u010dern\u00e1 - SHOPATOA","og_description":"Bluetooth selfie ty\u010d je navr\u017eena pro ty, kte\u0159\u00ed hledaj\u00ed pohodl\u00ed, stabilitu a flexibilitu p\u0159i focen\u00ed \u010di nat\u00e1\u010den\u00ed vide\u00ed. D\u00edky bezdr\u00e1tov\u00e9mu p\u0159ipojen\u00ed p\u0159es Bluetooth se snadno a rychle sp\u00e1ruje s chytr\u00fdm telefonem, co\u017e v\u00e1m umo\u017e\u0148uje pohodln\u00e9 sn\u00edm\u00e1n\u00ed na d\u00e1lku. Je vybavena nastavitelnou teleskopickou ty\u010d\u00ed, kterou lze rozt\u00e1hnout na ide\u00e1ln\u00ed d\u00e9lku pro perfektn\u00ed z\u00e1b\u011br. Je tak\u00e9 vybavena...","og_url":"https:\/\/shopatoa.com\/cz\/mg-telescopic-bluetooth-selfie-tyc-1-75m-cerna\/","og_site_name":"SHOPATOA","article_modified_time":"2025-03-14T20:42:55+00:00","og_image":[{"width":460,"height":460,"url":"https:\/\/shopatoa.com\/cz\/wp-content\/uploads\/2025\/02\/HUR103724-7d23ba79457dea638b91f2e77587af33.jpg","type":"image\/jpeg"}],"twitter_card":"summary_large_image","twitter_misc":{"Odhadovan\u00e1 doba \u010dten\u00ed":"3 minuty"},"schema":{"@context":"https:\/\/schema.org","@graph":[{"@type":"WebPage","@id":"https:\/\/shopatoa.com\/cz\/mg-telescopic-bluetooth-selfie-tyc-1-75m-cerna\/","url":"https:\/\/shopatoa.com\/cz\/mg-telescopic-bluetooth-selfie-tyc-1-75m-cerna\/","name":"MG Telescopic Bluetooth selfie ty\u010d 1.75m, \u010dern\u00e1 - SHOPATOA","isPartOf":{"@id":"https:\/\/shopatoa.com\/cz\/#website"},"primaryImageOfPage":{"@id":"https:\/\/shopatoa.com\/cz\/mg-telescopic-bluetooth-selfie-tyc-1-75m-cerna\/#primaryimage"},"image":{"@id":"https:\/\/shopatoa.com\/cz\/mg-telescopic-bluetooth-selfie-tyc-1-75m-cerna\/#primaryimage"},"thumbnailUrl":"https:\/\/shopatoa.com\/cz\/wp-content\/uploads\/2025\/02\/HUR103724-7d23ba79457dea638b91f2e77587af33.jpg","datePublished":"2025-02-14T14:49:24+00:00","dateModified":"2025-03-14T20:42:55+00:00","breadcrumb":{"@id":"https:\/\/shopatoa.com\/cz\/mg-telescopic-bluetooth-selfie-tyc-1-75m-cerna\/#breadcrumb"},"inLanguage":"cs","potentialAction":[{"@type":"ReadAction","target":["https:\/\/shopatoa.com\/cz\/mg-telescopic-bluetooth-selfie-tyc-1-75m-cerna\/"]}]},{"@type":"ImageObject","inLanguage":"cs","@id":"https:\/\/shopatoa.com\/cz\/mg-telescopic-bluetooth-selfie-tyc-1-75m-cerna\/#primaryimage","url":"https:\/\/shopatoa.com\/cz\/wp-content\/uploads\/2025\/02\/HUR103724-7d23ba79457dea638b91f2e77587af33.jpg","contentUrl":"https:\/\/shopatoa.com\/cz\/wp-content\/uploads\/2025\/02\/HUR103724-7d23ba79457dea638b91f2e77587af33.jpg","width":460,"height":460},{"@type":"BreadcrumbList","@id":"https:\/\/shopatoa.com\/cz\/mg-telescopic-bluetooth-selfie-tyc-1-75m-cerna\/#breadcrumb","itemListElement":[{"@type":"ListItem","position":1,"name":"Dom\u016f","item":"https:\/\/shopatoa.com\/cz\/"},{"@type":"ListItem","position":2,"name":"Produkty","item":"https:\/\/shopatoa.com\/cz\/shop\/"},{"@type":"ListItem","position":3,"name":"Elektronika","item":"https:\/\/shopatoa.com\/cz\/elektronika\/"},{"@type":"ListItem","position":4,"name":"MG Telescopic Bluetooth selfie ty\u010d 1.75m, \u010dern\u00e1"}]},{"@type":"WebSite","@id":"https:\/\/shopatoa.com\/cz\/#website","url":"https:\/\/shopatoa.com\/cz\/","name":"SHOPATOA","description":"","publisher":{"@id":"https:\/\/shopatoa.com\/cz\/#organization"},"potentialAction":[{"@type":"SearchAction","target":{"@type":"EntryPoint","urlTemplate":"https:\/\/shopatoa.com\/cz\/?s={search_term_string}"},"query-input":{"@type":"PropertyValueSpecification","valueRequired":true,"valueName":"search_term_string"}}],"inLanguage":"cs"},{"@type":"Organization","@id":"https:\/\/shopatoa.com\/cz\/#organization","name":"SHOPATOA Digital s.r.o.","url":"https:\/\/shopatoa.com\/cz\/","logo":{"@type":"ImageObject","inLanguage":"cs","@id":"https:\/\/shopatoa.com\/cz\/#\/schema\/logo\/image\/","url":"https:\/\/storage.googleapis.com\/cz-shopatoa-img\/cz\/ebccf434-shopatoa_logo.png","contentUrl":"https:\/\/storage.googleapis.com\/cz-shopatoa-img\/cz\/ebccf434-shopatoa_logo.png","width":416,"height":63,"caption":"SHOPATOA Digital s.r.o."},"image":{"@id":"https:\/\/shopatoa.com\/cz\/#\/schema\/logo\/image\/"}}]}},"_links":{"self":[{"href":"https:\/\/shopatoa.com\/cz\/wp-json\/wp\/v2\/product\/129680","targetHints":{"allow":["GET"]}}],"collection":[{"href":"https:\/\/shopatoa.com\/cz\/wp-json\/wp\/v2\/product"}],"about":[{"href":"https:\/\/shopatoa.com\/cz\/wp-json\/wp\/v2\/types\/product"}],"replies":[{"embeddable":true,"href":"https:\/\/shopatoa.com\/cz\/wp-json\/wp\/v2\/comments?post=129680"}],"wp:featuredmedia":[{"embeddable":true,"href":"https:\/\/shopatoa.com\/cz\/wp-json\/wp\/v2\/media\/129681"}],"wp:attachment":[{"href":"https:\/\/shopatoa.com\/cz\/wp-json\/wp\/v2\/media?parent=129680"}],"wp:term":[{"taxonomy":"product_brand","embeddable":true,"href":"https:\/\/shopatoa.com\/cz\/wp-json\/wp\/v2\/product_brand?post=129680"},{"taxonomy":"product_cat","embeddable":true,"href":"https:\/\/shopatoa.com\/cz\/wp-json\/wp\/v2\/product_cat?post=129680"},{"taxonomy":"product_tag","embeddable":true,"href":"https:\/\/shopatoa.com\/cz\/wp-json\/wp\/v2\/product_tag?post=129680"}],"curies":[{"name":"wp","href":"https:\/\/api.w.org\/{rel}","templated":true}]}}