{"id":129682,"date":"2025-02-14T15:49:24","date_gmt":"2025-02-14T14:49:24","guid":{"rendered":"https:\/\/shopatoa.com\/cz\/mg-telescopic-bluetooth-selfie-tyc-s-led-svetlom-0-71m-cerna\/"},"modified":"2025-03-14T21:42:58","modified_gmt":"2025-03-14T20:42:58","slug":"mg-telescopic-bluetooth-selfie-tyc-s-led-svetlom-0-71m-cerna","status":"publish","type":"product","link":"https:\/\/shopatoa.com\/cz\/mg-telescopic-bluetooth-selfie-tyc-s-led-svetlom-0-71m-cerna\/","title":{"rendered":"MG Telescopic Bluetooth selfie ty\u010d s LED sv\u011btlom 0.71m, \u010dern\u00e1"},"content":{"rendered":"<p>Selfie ty\u010d s kulat\u00fdm LED sv\u011btlem, kter\u00e9 poskytuje p\u0159irozen\u00e9 a rovnom\u011brn\u00e9 osv\u011btlen\u00ed pro v\u0161echny va\u0161e fotografie a videa.<br \/>\nLED sv\u00edtilna s 20 jasn\u00fdmi diodami nab\u00edz\u00ed tepl\u00e9 a studen\u00e9 sv\u011btlo. Bezdr\u00e1tov\u00e9 p\u0159ipojen\u00ed p\u0159es Bluetooth umo\u017e\u0148uje snadn\u00e9 sn\u00edm\u00e1n\u00ed na d\u00e1lku, co\u017e v\u00e1m poskytne v\u011bt\u0161\u00ed flexibilitu p\u0159i focen\u00ed.<\/p>\n<h3>Dokonal\u00e9 osv\u011btlen\u00ed s kulat\u00fdm LED sv\u00edtidlem<\/h3>\n<p>Selfie ty\u010d se dod\u00e1v\u00e1 s kulat\u00fdm LED sv\u011btlem, kter\u00e9 poskytuje tepl\u00e9 i studen\u00e9 sv\u011btlo. S 20 jasn\u00fdmi LED diodami si snadno p\u0159izp\u016fsob\u00edte osv\u011btlen\u00ed podle sv\u00fdch pot\u0159eb, co\u017e se hod\u00ed zejm\u00e9na p\u0159i nat\u00e1\u010den\u00ed vlog\u016f nebo live streamingu. Sv\u011btlo je kompaktn\u00ed a snadno se pou\u017e\u00edv\u00e1 a jeho siln\u00e9 sv\u011btlo umo\u017e\u0148uje dos\u00e1hnout ide\u00e1ln\u00edch sv\u011bteln\u00fdch podm\u00ednek v ka\u017ed\u00e9 situaci.<\/p>\n<h3>Kompaktn\u00ed design pro snadn\u00e9 skladov\u00e1n\u00ed<\/h3>\n<p>Jednou z nejlep\u0161\u00edch v\u011bc\u00ed na selfie ty\u010di je jej\u00ed chytr\u00fd design. D\u00e1 se slo\u017eit na 18,5 cm, d\u00edky \u010demu\u017e se neuv\u011b\u0159iteln\u011b snadno p\u0159en\u00e1\u0161\u00ed a skladuje. D\u00e1 se snadno ulo\u017eit do ta\u0161ky nebo batohu, co\u017e je ide\u00e1ln\u00ed pro cestov\u00e1n\u00ed. Kdy\u017e ji pot\u0159ebujete pou\u017e\u00edt, jednodu\u0161e ji rozlo\u017ete na celou d\u00e9lku 70 cm.<\/p>\n<h3>Sn\u00edmejte dokonal\u00e9 selfie s 360\u00b0 oto\u010dnou hlavou<\/h3>\n<p>Hlava selfie ty\u010de umo\u017e\u0148uje rotaci o pln\u00fdch 360 stup\u0148\u016f, co\u017e v\u00e1m d\u00e1v\u00e1 mo\u017enost nastavit telefon do libovoln\u00e9 polohy a zachytit tak ty nejlep\u0161\u00ed z\u00e1b\u011bry bez nutnosti slo\u017een\u00ed za\u0159\u00edzen\u00ed z ty\u010de. Pevn\u00e1 a stabiln\u00ed konstrukce hlavy zaru\u010duje, \u017ee telefon z\u016fstane bezpe\u010dn\u011b na m\u00edst\u011b, a\u0165 u\u017e preferujete vertik\u00e1ln\u00ed nebo horizont\u00e1ln\u00ed fotografie.<\/p>\n<h3>Pln\u00e9 ovl\u00e1d\u00e1n\u00ed pomoc\u00ed d\u00e1lkov\u00e9ho ovl\u00e1d\u00e1n\u00ed<\/h3>\n<p>Selfie ty\u010d s ot\u00e1\u010den\u00edm o 360\u00b0 a d\u00e1lkov\u00fdm ovl\u00e1d\u00e1n\u00edm Bluetooth 5.2 v\u00e1m d\u00e1v\u00e1 plnou kontrolu nad ka\u017ed\u00fdm z\u00e1b\u011brem. D\u00e1lkov\u00e9 ovl\u00e1d\u00e1n\u00ed v\u00e1m umo\u017en\u00ed pohodln\u011b fotit z jak\u00e9koli vzd\u00e1lenosti, d\u00edky \u010demu\u017e bude ka\u017ed\u00e1 fotografie dokonal\u00e1.<\/p>\n<h3>Stabilita d\u00edky skryt\u00e9mu stativu<\/h3>\n<p>Praktick\u00fd stojan na telefon lze z\u00edskat jednoduch\u00fdm rozlo\u017een\u00edm selfie ty\u010de, kter\u00e1 obsahuje vestav\u011bn\u00fd stativ pro stabiln\u00ed um\u00edst\u011bn\u00ed telefonu na r\u016fzn\u00fdch povr\u0161\u00edch.<\/p>\n<h3>Vlastnosti:<\/h3>\n<p>\u2022 Funguje jako selfie ty\u010d i jako stabiln\u00ed stativ<br \/>\n\u2022 Design 2 v 1 zaji\u0161\u0165uje snadn\u00e9 pou\u017e\u00edv\u00e1n\u00ed<br \/>\n\u2022 Kulat\u00e1 LED lampa<br \/>\n\u2022 Sv\u00edtilna nab\u00edz\u00ed tepl\u00e9 a studen\u00e9 sv\u011btlo s 20 jasn\u00fdmi LED diodami.<br \/>\n\u2022 Kompaktn\u00ed design umo\u017e\u0148uje snadn\u00e9 skladov\u00e1n\u00ed<br \/>\n\u2022 Lze slo\u017eit na 18,5 cm a prodlou\u017eit na 71 cm, m\u00e1 5 teleskopick\u00fdch segment\u016f<br \/>\n\u2022 Umo\u017en\u00ed v\u00e1m d\u011blat dokonal\u00e9 selfie \u2013 i vertik\u00e1ln\u011b<br \/>\n\u2022 Oto\u010dn\u00e1 hlava umo\u017e\u0148uje plynul\u00e9 nahr\u00e1v\u00e1n\u00ed videa<br \/>\n\u2022 Poskytuje pohodln\u00e9 pou\u017e\u00edv\u00e1n\u00ed s d\u00e1lkov\u00fdm ovl\u00e1d\u00e1n\u00edm Bluetooth<br \/>\n\u2022 Fotit m\u016f\u017eete ze vzd\u00e1lenosti a\u017e 10 metr\u016f<br \/>\n\u2022 Skryt\u00fd stativ poskytuje stabilitu na r\u016fzn\u00fdch povr\u0161\u00edch<br \/>\n\u2022 Selfie ty\u010d dob\u0159e poslou\u017e\u00ed i jako stojan na telefon na va\u0161em stole<\/p>\n<h3>Parametry:<\/h3>\n<p>\u2022 D\u00e9lka selfie ty\u010d: 71 cm<br \/>\n\u2022 D\u00e9lka stativ: 31 &#8211; 67 cm<br \/>\n\u2022 Bluetooth verze d\u00e1lkov\u00e9ho ovlada\u010de: Bluetooth 4.0<br \/>\n\u2022 Dosah d\u00e1lkov\u00e9ho ovl\u00e1d\u00e1n\u00ed: 10 m<br \/>\n\u2022 Nap\u00e1jen\u00ed d\u00e1lkov\u00e9ho ovlada\u010de: baterie CR1632<br \/>\n\u2022 Dal\u0161\u00ed funkce: LED lampa &#8211; 70 mAh<br \/>\n\u2022 USB kabel<br \/>\n\u2022 Materi\u00e1l: ABS, nerezav\u011bj\u00edc\u00ed ocel<\/p>\n","protected":false},"excerpt":{"rendered":"<p>Selfie ty\u010d s kulat\u00fdm LED sv\u011btlem, kter\u00e9 poskytuje p\u0159irozen\u00e9 a rovnom\u011brn\u00e9 osv\u011btlen\u00ed pro v\u0161echny va\u0161e fotografie a videa. LED sv\u00edtilna s 20 jasn\u00fdmi diodami nab\u00edz\u00ed tepl\u00e9 a studen\u00e9 sv\u011btlo. Bezdr\u00e1tov\u00e9 p\u0159ipojen\u00ed p\u0159es Bluetooth umo\u017e\u0148uje snadn\u00e9 sn\u00edm\u00e1n\u00ed na d\u00e1lku, co\u017e v\u00e1m poskytne v\u011bt\u0161\u00ed flexibilitu p\u0159i focen\u00ed. Dokonal\u00e9 osv\u011btlen\u00ed s kulat\u00fdm LED sv\u00edtidlem Selfie ty\u010d se dod\u00e1v\u00e1&#8230;<\/p>\n","protected":false},"featured_media":129683,"comment_status":"closed","ping_status":"open","template":"","meta":{"_acf_changed":false,"_kadence_starter_templates_imported_post":false,"_kad_post_transparent":"","_kad_post_title":"","_kad_post_layout":"","_kad_post_sidebar_id":"","_kad_post_content_style":"","_kad_post_vertical_padding":"","_kad_post_feature":"","_kad_post_feature_position":"","_kad_post_header":false,"_kad_post_footer":false,"_kad_post_classname":""},"product_brand":[],"product_cat":[58],"product_tag":[],"class_list":{"0":"post-129682","1":"product","2":"type-product","3":"status-publish","4":"has-post-thumbnail","6":"product_cat-elektronika","7":"pa_obchod-mobilego-cz","9":"first","10":"instock","11":"product-type-external","12":"entry","13":"content-bg","14":"loop-entry"},"acf":[],"yoast_head":"<!-- This site is optimized with the Yoast SEO plugin v27.4 - https:\/\/yoast.com\/product\/yoast-seo-wordpress\/ -->\n<title>MG Telescopic Bluetooth selfie ty\u010d s LED sv\u011btlom 0.71m, \u010dern\u00e1 - SHOPATOA<\/title>\n<meta name=\"robots\" content=\"index, follow, max-snippet:-1, max-image-preview:large, max-video-preview:-1\" \/>\n<link rel=\"canonical\" href=\"https:\/\/shopatoa.com\/cz\/mg-telescopic-bluetooth-selfie-tyc-s-led-svetlom-0-71m-cerna\/\" \/>\n<meta property=\"og:locale\" content=\"cs_CZ\" \/>\n<meta property=\"og:type\" content=\"article\" \/>\n<meta property=\"og:title\" content=\"MG Telescopic Bluetooth selfie ty\u010d s LED sv\u011btlom 0.71m, \u010dern\u00e1 - SHOPATOA\" \/>\n<meta property=\"og:description\" content=\"Selfie ty\u010d s kulat\u00fdm LED sv\u011btlem, kter\u00e9 poskytuje p\u0159irozen\u00e9 a rovnom\u011brn\u00e9 osv\u011btlen\u00ed pro v\u0161echny va\u0161e fotografie a videa. LED sv\u00edtilna s 20 jasn\u00fdmi diodami nab\u00edz\u00ed tepl\u00e9 a studen\u00e9 sv\u011btlo. Bezdr\u00e1tov\u00e9 p\u0159ipojen\u00ed p\u0159es Bluetooth umo\u017e\u0148uje snadn\u00e9 sn\u00edm\u00e1n\u00ed na d\u00e1lku, co\u017e v\u00e1m poskytne v\u011bt\u0161\u00ed flexibilitu p\u0159i focen\u00ed. Dokonal\u00e9 osv\u011btlen\u00ed s kulat\u00fdm LED sv\u00edtidlem Selfie ty\u010d se dod\u00e1v\u00e1...\" \/>\n<meta property=\"og:url\" content=\"https:\/\/shopatoa.com\/cz\/mg-telescopic-bluetooth-selfie-tyc-s-led-svetlom-0-71m-cerna\/\" \/>\n<meta property=\"og:site_name\" content=\"SHOPATOA\" \/>\n<meta property=\"article:modified_time\" content=\"2025-03-14T20:42:58+00:00\" \/>\n<meta property=\"og:image\" content=\"https:\/\/shopatoa.com\/cz\/wp-content\/uploads\/2025\/02\/HUR103748-62f442dc1adb5af311960219741bbc4e.jpg\" \/>\n\t<meta property=\"og:image:width\" content=\"460\" \/>\n\t<meta property=\"og:image:height\" content=\"460\" \/>\n\t<meta property=\"og:image:type\" content=\"image\/jpeg\" \/>\n<meta name=\"twitter:card\" content=\"summary_large_image\" \/>\n<meta name=\"twitter:label1\" content=\"Odhadovan\u00e1 doba \u010dten\u00ed\" \/>\n\t<meta name=\"twitter:data1\" content=\"3 minuty\" \/>\n<script type=\"application\/ld+json\" class=\"yoast-schema-graph\">{\"@context\":\"https:\\\/\\\/schema.org\",\"@graph\":[{\"@type\":\"WebPage\",\"@id\":\"https:\\\/\\\/shopatoa.com\\\/cz\\\/mg-telescopic-bluetooth-selfie-tyc-s-led-svetlom-0-71m-cerna\\\/\",\"url\":\"https:\\\/\\\/shopatoa.com\\\/cz\\\/mg-telescopic-bluetooth-selfie-tyc-s-led-svetlom-0-71m-cerna\\\/\",\"name\":\"MG Telescopic Bluetooth selfie ty\u010d s LED sv\u011btlom 0.71m, \u010dern\u00e1 - SHOPATOA\",\"isPartOf\":{\"@id\":\"https:\\\/\\\/shopatoa.com\\\/cz\\\/#website\"},\"primaryImageOfPage\":{\"@id\":\"https:\\\/\\\/shopatoa.com\\\/cz\\\/mg-telescopic-bluetooth-selfie-tyc-s-led-svetlom-0-71m-cerna\\\/#primaryimage\"},\"image\":{\"@id\":\"https:\\\/\\\/shopatoa.com\\\/cz\\\/mg-telescopic-bluetooth-selfie-tyc-s-led-svetlom-0-71m-cerna\\\/#primaryimage\"},\"thumbnailUrl\":\"https:\\\/\\\/shopatoa.com\\\/cz\\\/wp-content\\\/uploads\\\/2025\\\/02\\\/HUR103748-62f442dc1adb5af311960219741bbc4e.jpg\",\"datePublished\":\"2025-02-14T14:49:24+00:00\",\"dateModified\":\"2025-03-14T20:42:58+00:00\",\"breadcrumb\":{\"@id\":\"https:\\\/\\\/shopatoa.com\\\/cz\\\/mg-telescopic-bluetooth-selfie-tyc-s-led-svetlom-0-71m-cerna\\\/#breadcrumb\"},\"inLanguage\":\"cs\",\"potentialAction\":[{\"@type\":\"ReadAction\",\"target\":[\"https:\\\/\\\/shopatoa.com\\\/cz\\\/mg-telescopic-bluetooth-selfie-tyc-s-led-svetlom-0-71m-cerna\\\/\"]}]},{\"@type\":\"ImageObject\",\"inLanguage\":\"cs\",\"@id\":\"https:\\\/\\\/shopatoa.com\\\/cz\\\/mg-telescopic-bluetooth-selfie-tyc-s-led-svetlom-0-71m-cerna\\\/#primaryimage\",\"url\":\"https:\\\/\\\/shopatoa.com\\\/cz\\\/wp-content\\\/uploads\\\/2025\\\/02\\\/HUR103748-62f442dc1adb5af311960219741bbc4e.jpg\",\"contentUrl\":\"https:\\\/\\\/shopatoa.com\\\/cz\\\/wp-content\\\/uploads\\\/2025\\\/02\\\/HUR103748-62f442dc1adb5af311960219741bbc4e.jpg\",\"width\":460,\"height\":460},{\"@type\":\"BreadcrumbList\",\"@id\":\"https:\\\/\\\/shopatoa.com\\\/cz\\\/mg-telescopic-bluetooth-selfie-tyc-s-led-svetlom-0-71m-cerna\\\/#breadcrumb\",\"itemListElement\":[{\"@type\":\"ListItem\",\"position\":1,\"name\":\"Dom\u016f\",\"item\":\"https:\\\/\\\/shopatoa.com\\\/cz\\\/\"},{\"@type\":\"ListItem\",\"position\":2,\"name\":\"Produkty\",\"item\":\"https:\\\/\\\/shopatoa.com\\\/cz\\\/shop\\\/\"},{\"@type\":\"ListItem\",\"position\":3,\"name\":\"Elektronika\",\"item\":\"https:\\\/\\\/shopatoa.com\\\/cz\\\/elektronika\\\/\"},{\"@type\":\"ListItem\",\"position\":4,\"name\":\"MG Telescopic Bluetooth selfie ty\u010d s LED sv\u011btlom 0.71m, \u010dern\u00e1\"}]},{\"@type\":\"WebSite\",\"@id\":\"https:\\\/\\\/shopatoa.com\\\/cz\\\/#website\",\"url\":\"https:\\\/\\\/shopatoa.com\\\/cz\\\/\",\"name\":\"SHOPATOA\",\"description\":\"\",\"publisher\":{\"@id\":\"https:\\\/\\\/shopatoa.com\\\/cz\\\/#organization\"},\"potentialAction\":[{\"@type\":\"SearchAction\",\"target\":{\"@type\":\"EntryPoint\",\"urlTemplate\":\"https:\\\/\\\/shopatoa.com\\\/cz\\\/?s={search_term_string}\"},\"query-input\":{\"@type\":\"PropertyValueSpecification\",\"valueRequired\":true,\"valueName\":\"search_term_string\"}}],\"inLanguage\":\"cs\"},{\"@type\":\"Organization\",\"@id\":\"https:\\\/\\\/shopatoa.com\\\/cz\\\/#organization\",\"name\":\"SHOPATOA Digital s.r.o.\",\"url\":\"https:\\\/\\\/shopatoa.com\\\/cz\\\/\",\"logo\":{\"@type\":\"ImageObject\",\"inLanguage\":\"cs\",\"@id\":\"https:\\\/\\\/shopatoa.com\\\/cz\\\/#\\\/schema\\\/logo\\\/image\\\/\",\"url\":\"https:\\\/\\\/storage.googleapis.com\\\/cz-shopatoa-img\\\/cz\\\/ebccf434-shopatoa_logo.png\",\"contentUrl\":\"https:\\\/\\\/storage.googleapis.com\\\/cz-shopatoa-img\\\/cz\\\/ebccf434-shopatoa_logo.png\",\"width\":416,\"height\":63,\"caption\":\"SHOPATOA Digital s.r.o.\"},\"image\":{\"@id\":\"https:\\\/\\\/shopatoa.com\\\/cz\\\/#\\\/schema\\\/logo\\\/image\\\/\"}}]}<\/script>\n<!-- \/ Yoast SEO plugin. -->","yoast_head_json":{"title":"MG Telescopic Bluetooth selfie ty\u010d s LED sv\u011btlom 0.71m, \u010dern\u00e1 - SHOPATOA","robots":{"index":"index","follow":"follow","max-snippet":"max-snippet:-1","max-image-preview":"max-image-preview:large","max-video-preview":"max-video-preview:-1"},"canonical":"https:\/\/shopatoa.com\/cz\/mg-telescopic-bluetooth-selfie-tyc-s-led-svetlom-0-71m-cerna\/","og_locale":"cs_CZ","og_type":"article","og_title":"MG Telescopic Bluetooth selfie ty\u010d s LED sv\u011btlom 0.71m, \u010dern\u00e1 - SHOPATOA","og_description":"Selfie ty\u010d s kulat\u00fdm LED sv\u011btlem, kter\u00e9 poskytuje p\u0159irozen\u00e9 a rovnom\u011brn\u00e9 osv\u011btlen\u00ed pro v\u0161echny va\u0161e fotografie a videa. LED sv\u00edtilna s 20 jasn\u00fdmi diodami nab\u00edz\u00ed tepl\u00e9 a studen\u00e9 sv\u011btlo. Bezdr\u00e1tov\u00e9 p\u0159ipojen\u00ed p\u0159es Bluetooth umo\u017e\u0148uje snadn\u00e9 sn\u00edm\u00e1n\u00ed na d\u00e1lku, co\u017e v\u00e1m poskytne v\u011bt\u0161\u00ed flexibilitu p\u0159i focen\u00ed. Dokonal\u00e9 osv\u011btlen\u00ed s kulat\u00fdm LED sv\u00edtidlem Selfie ty\u010d se dod\u00e1v\u00e1...","og_url":"https:\/\/shopatoa.com\/cz\/mg-telescopic-bluetooth-selfie-tyc-s-led-svetlom-0-71m-cerna\/","og_site_name":"SHOPATOA","article_modified_time":"2025-03-14T20:42:58+00:00","og_image":[{"width":460,"height":460,"url":"https:\/\/shopatoa.com\/cz\/wp-content\/uploads\/2025\/02\/HUR103748-62f442dc1adb5af311960219741bbc4e.jpg","type":"image\/jpeg"}],"twitter_card":"summary_large_image","twitter_misc":{"Odhadovan\u00e1 doba \u010dten\u00ed":"3 minuty"},"schema":{"@context":"https:\/\/schema.org","@graph":[{"@type":"WebPage","@id":"https:\/\/shopatoa.com\/cz\/mg-telescopic-bluetooth-selfie-tyc-s-led-svetlom-0-71m-cerna\/","url":"https:\/\/shopatoa.com\/cz\/mg-telescopic-bluetooth-selfie-tyc-s-led-svetlom-0-71m-cerna\/","name":"MG Telescopic Bluetooth selfie ty\u010d s LED sv\u011btlom 0.71m, \u010dern\u00e1 - SHOPATOA","isPartOf":{"@id":"https:\/\/shopatoa.com\/cz\/#website"},"primaryImageOfPage":{"@id":"https:\/\/shopatoa.com\/cz\/mg-telescopic-bluetooth-selfie-tyc-s-led-svetlom-0-71m-cerna\/#primaryimage"},"image":{"@id":"https:\/\/shopatoa.com\/cz\/mg-telescopic-bluetooth-selfie-tyc-s-led-svetlom-0-71m-cerna\/#primaryimage"},"thumbnailUrl":"https:\/\/shopatoa.com\/cz\/wp-content\/uploads\/2025\/02\/HUR103748-62f442dc1adb5af311960219741bbc4e.jpg","datePublished":"2025-02-14T14:49:24+00:00","dateModified":"2025-03-14T20:42:58+00:00","breadcrumb":{"@id":"https:\/\/shopatoa.com\/cz\/mg-telescopic-bluetooth-selfie-tyc-s-led-svetlom-0-71m-cerna\/#breadcrumb"},"inLanguage":"cs","potentialAction":[{"@type":"ReadAction","target":["https:\/\/shopatoa.com\/cz\/mg-telescopic-bluetooth-selfie-tyc-s-led-svetlom-0-71m-cerna\/"]}]},{"@type":"ImageObject","inLanguage":"cs","@id":"https:\/\/shopatoa.com\/cz\/mg-telescopic-bluetooth-selfie-tyc-s-led-svetlom-0-71m-cerna\/#primaryimage","url":"https:\/\/shopatoa.com\/cz\/wp-content\/uploads\/2025\/02\/HUR103748-62f442dc1adb5af311960219741bbc4e.jpg","contentUrl":"https:\/\/shopatoa.com\/cz\/wp-content\/uploads\/2025\/02\/HUR103748-62f442dc1adb5af311960219741bbc4e.jpg","width":460,"height":460},{"@type":"BreadcrumbList","@id":"https:\/\/shopatoa.com\/cz\/mg-telescopic-bluetooth-selfie-tyc-s-led-svetlom-0-71m-cerna\/#breadcrumb","itemListElement":[{"@type":"ListItem","position":1,"name":"Dom\u016f","item":"https:\/\/shopatoa.com\/cz\/"},{"@type":"ListItem","position":2,"name":"Produkty","item":"https:\/\/shopatoa.com\/cz\/shop\/"},{"@type":"ListItem","position":3,"name":"Elektronika","item":"https:\/\/shopatoa.com\/cz\/elektronika\/"},{"@type":"ListItem","position":4,"name":"MG Telescopic Bluetooth selfie ty\u010d s LED sv\u011btlom 0.71m, \u010dern\u00e1"}]},{"@type":"WebSite","@id":"https:\/\/shopatoa.com\/cz\/#website","url":"https:\/\/shopatoa.com\/cz\/","name":"SHOPATOA","description":"","publisher":{"@id":"https:\/\/shopatoa.com\/cz\/#organization"},"potentialAction":[{"@type":"SearchAction","target":{"@type":"EntryPoint","urlTemplate":"https:\/\/shopatoa.com\/cz\/?s={search_term_string}"},"query-input":{"@type":"PropertyValueSpecification","valueRequired":true,"valueName":"search_term_string"}}],"inLanguage":"cs"},{"@type":"Organization","@id":"https:\/\/shopatoa.com\/cz\/#organization","name":"SHOPATOA Digital s.r.o.","url":"https:\/\/shopatoa.com\/cz\/","logo":{"@type":"ImageObject","inLanguage":"cs","@id":"https:\/\/shopatoa.com\/cz\/#\/schema\/logo\/image\/","url":"https:\/\/storage.googleapis.com\/cz-shopatoa-img\/cz\/ebccf434-shopatoa_logo.png","contentUrl":"https:\/\/storage.googleapis.com\/cz-shopatoa-img\/cz\/ebccf434-shopatoa_logo.png","width":416,"height":63,"caption":"SHOPATOA Digital s.r.o."},"image":{"@id":"https:\/\/shopatoa.com\/cz\/#\/schema\/logo\/image\/"}}]}},"_links":{"self":[{"href":"https:\/\/shopatoa.com\/cz\/wp-json\/wp\/v2\/product\/129682","targetHints":{"allow":["GET"]}}],"collection":[{"href":"https:\/\/shopatoa.com\/cz\/wp-json\/wp\/v2\/product"}],"about":[{"href":"https:\/\/shopatoa.com\/cz\/wp-json\/wp\/v2\/types\/product"}],"replies":[{"embeddable":true,"href":"https:\/\/shopatoa.com\/cz\/wp-json\/wp\/v2\/comments?post=129682"}],"wp:featuredmedia":[{"embeddable":true,"href":"https:\/\/shopatoa.com\/cz\/wp-json\/wp\/v2\/media\/129683"}],"wp:attachment":[{"href":"https:\/\/shopatoa.com\/cz\/wp-json\/wp\/v2\/media?parent=129682"}],"wp:term":[{"taxonomy":"product_brand","embeddable":true,"href":"https:\/\/shopatoa.com\/cz\/wp-json\/wp\/v2\/product_brand?post=129682"},{"taxonomy":"product_cat","embeddable":true,"href":"https:\/\/shopatoa.com\/cz\/wp-json\/wp\/v2\/product_cat?post=129682"},{"taxonomy":"product_tag","embeddable":true,"href":"https:\/\/shopatoa.com\/cz\/wp-json\/wp\/v2\/product_tag?post=129682"}],"curies":[{"name":"wp","href":"https:\/\/api.w.org\/{rel}","templated":true}]}}