{"id":129684,"date":"2025-02-14T15:49:24","date_gmt":"2025-02-14T14:49:24","guid":{"rendered":"https:\/\/shopatoa.com\/cz\/mg-telescopic-bluetooth-selfie-tyc-s-led-svetlom-1m-cerna\/"},"modified":"2025-03-14T21:43:00","modified_gmt":"2025-03-14T20:43:00","slug":"mg-telescopic-bluetooth-selfie-tyc-s-led-svetlom-1m-cerna","status":"publish","type":"product","link":"https:\/\/shopatoa.com\/cz\/mg-telescopic-bluetooth-selfie-tyc-s-led-svetlom-1m-cerna\/","title":{"rendered":"MG Telescopic Bluetooth selfie ty\u010d s LED sv\u011btlom 1m, \u010dern\u00e1"},"content":{"rendered":"<p>Zachy\u0165te ka\u017ed\u00fd okam\u017eik s maxim\u00e1ln\u00ed kvalitou d\u00edky Bluetooth selfie ty\u010di s LED sv\u011btlem. Tento multifunk\u010dn\u00ed dopln\u011bk v\u00e1m umo\u017en\u00ed vytv\u00e1\u0159et profesion\u00e1ln\u00ed fotografie a videa bez ohledu na sv\u011bteln\u00e9 podm\u00ednky. Zabudovan\u00e9 nastaviteln\u00e9 LED sv\u011btlo poskytuje ide\u00e1ln\u00ed osv\u011btlen\u00ed pro jasn\u00e9 a z\u00e1\u0159iv\u00e9 sn\u00edmky, zat\u00edmco d\u00e1lkov\u00e9 ovl\u00e1d\u00e1n\u00ed p\u0159es Bluetooth v\u00e1m umo\u017en\u00ed pohodln\u011b fotit na d\u00e1lku, bez nutnosti dr\u017eet telefon.<\/p>\n<h3>Perfektn\u00ed z\u00e1b\u011bry d\u00edky d\u00e9lce 1m<\/h3>\n<p>Selfie ty\u010d lze teleskopicky vysunout na d\u00e9lku 103 cm. To v\u00e1m umo\u017en\u00ed zachytit \u0161ir\u0161\u00ed sn\u00edmky v\u010detn\u011b v\u00edce lid\u00ed nebo pozad\u00ed. Jedn\u00e1 se o perfektn\u00ed n\u00e1stroj pro ty, kte\u0159\u00ed si cen\u00ed perfektn\u011b po\u0159\u00edzen\u00e9 fotografie, ani\u017e by museli nat\u00e1hnout ruku.<\/p>\n<h3>Dokonal\u00e9 osv\u011btlen\u00ed s kulat\u00fdm sv\u011btlem<\/h3>\n<p>Integrovan\u00e1 kulat\u00e1 lampa s 20 LED diodami dokonale osv\u011btl\u00ed ka\u017edou fotografii nebo video. To zaru\u010duje nejen dokonal\u00e9 z\u00e1b\u011bry za ka\u017ed\u00fdch podm\u00ednek, ale tak\u00e9 mo\u017enost veden\u00ed \u017eiv\u00e9ho vys\u00edl\u00e1n\u00ed bez dodate\u010dn\u00e9ho osv\u011btlen\u00ed. Lampa je ide\u00e1ln\u00ed pro ka\u017edodenn\u00ed pou\u017eit\u00ed v interi\u00e9ru i exteri\u00e9ru, p\u0159i\u010dem\u017e v\u017edy zajist\u00ed vynikaj\u00edc\u00ed sv\u011btlo.<\/p>\n<h3>Kompatibilita s mnoha za\u0159\u00edzen\u00edmi<\/h3>\n<p>Nemus\u00edte se b\u00e1t, zda selfie ty\u010d bude pasovat do va\u0161eho telefonu. Je kompatibiln\u00ed s nejpopul\u00e1rn\u011bj\u0161\u00edmi zna\u010dkami jako Apple, Samsung, Xiaomi, Huawei a mnoha dal\u0161\u00edmi.<\/p>\n<h3>D\u00e1lkov\u00e9 ovl\u00e1d\u00e1n\u00ed pro pohodl\u00ed<\/h3>\n<p>D\u00edky tla\u010d\u00edtku Bluetooth v\u00e1m selfie ty\u010d umo\u017e\u0148uje fotografovat a nahr\u00e1vat videa bez dotyku telefonu. D\u00e1lkov\u00e9 ovl\u00e1d\u00e1n\u00ed znamen\u00e1, \u017ee m\u016f\u017eete ud\u011blat dokonal\u00fd z\u00e1b\u011br z d\u00e1lky. Je to perfektn\u00ed \u0159e\u0161en\u00ed pro v\u00fdlety, p\u00e1rty a jakoukoli situaci, kde je d\u016fle\u017eit\u00e9 pohodl\u00ed.<\/p>\n<h3>Rotace o 360\u00b0<\/h3>\n<p>Oto\u010den\u00ed o 360\u00b0 v\u00e1m umo\u017e\u0148uje poka\u017ed\u00e9 zachytit dokonal\u00fd \u00fahel. A\u0165 u\u017e d\u011bl\u00e1te selfie, nahr\u00e1v\u00e1te video nebo fotografujete na \u0161\u00ed\u0159ku, pln\u00e9 oto\u010den\u00ed v\u00e1m umo\u017en\u00ed um\u00edstit telefon nebo fotoapar\u00e1t do libovoln\u00e9 polohy. Va\u0161e z\u00e1b\u011bry budou v\u017edy dokonal\u00e9!<\/p>\n<h3>Vlastnosti:<\/h3>\n<p>\u2022 Funguje jako selfie ty\u010d i jako stabiln\u00ed stativ<br \/>\n\u2022 Integrovan\u00e1 kulat\u00e1 lampa s 20 LED diodami dokonale osv\u011btl\u00ed ka\u017edou sc\u00e9nu<br \/>\n\u2022 Je to ide\u00e1ln\u00ed \u0159e\u0161en\u00ed pro fotografie, nahr\u00e1v\u00e1n\u00ed videa nebo \u017eiv\u00e9 vys\u00edl\u00e1n\u00ed<br \/>\n\u2022 Protiskluzov\u00e1 rukoje\u0165 poskytuje pevn\u00e9 uchopen\u00ed a vestav\u011bn\u00fd stativ dod\u00e1v\u00e1 stabilitu<br \/>\n\u2022 Umo\u017e\u0148uje d\u00e1lkov\u00e9 ovl\u00e1d\u00e1n\u00ed bez dotyku telefonu<br \/>\n\u2022 Selfie ty\u010d m\u00e1 d\u00e1lkov\u00e9 ovl\u00e1d\u00e1n\u00ed s Bluetooth modulem<br \/>\n\u2022 Poskytuje pohodln\u00e9 pou\u017e\u00edv\u00e1n\u00ed s d\u00e1lkov\u00fdm ovl\u00e1d\u00e1n\u00edm Bluetooth<br \/>\n\u2022 Fotit m\u016f\u017eete ze vzd\u00e1lenosti a\u017e 10 metr\u016f<br \/>\n\u2022 Rotace o 360 stup\u0148\u016f<\/p>\n<h3>Parametry:<\/h3>\n<p>\u2022 D\u00e9lka: 1m<br \/>\n\u2022 Bluetooth verze d\u00e1lkov\u00e9ho ovlada\u010de: Bluetooth 4.0<br \/>\n\u2022 Dosah d\u00e1lkov\u00e9ho ovl\u00e1d\u00e1n\u00ed: 10 m<br \/>\n\u2022 Nap\u00e1jen\u00ed d\u00e1lkov\u00e9ho ovlada\u010de: baterie CR1632<br \/>\n\u2022 Materi\u00e1l: ABS, nerezav\u011bj\u00edc\u00ed ocel<br \/>\n\u2022 Dal\u0161\u00ed funkce: LED lampa &#8211; 70 mAh<br \/>\n\u2022 USB kabel<\/p>\n","protected":false},"excerpt":{"rendered":"<p>Zachy\u0165te ka\u017ed\u00fd okam\u017eik s maxim\u00e1ln\u00ed kvalitou d\u00edky Bluetooth selfie ty\u010di s LED sv\u011btlem. Tento multifunk\u010dn\u00ed dopln\u011bk v\u00e1m umo\u017en\u00ed vytv\u00e1\u0159et profesion\u00e1ln\u00ed fotografie a videa bez ohledu na sv\u011bteln\u00e9 podm\u00ednky. Zabudovan\u00e9 nastaviteln\u00e9 LED sv\u011btlo poskytuje ide\u00e1ln\u00ed osv\u011btlen\u00ed pro jasn\u00e9 a z\u00e1\u0159iv\u00e9 sn\u00edmky, zat\u00edmco d\u00e1lkov\u00e9 ovl\u00e1d\u00e1n\u00ed p\u0159es Bluetooth v\u00e1m umo\u017en\u00ed pohodln\u011b fotit na d\u00e1lku, bez nutnosti dr\u017eet telefon&#8230;.<\/p>\n","protected":false},"featured_media":129685,"comment_status":"closed","ping_status":"open","template":"","meta":{"_acf_changed":false,"_kadence_starter_templates_imported_post":false,"_kad_post_transparent":"","_kad_post_title":"","_kad_post_layout":"","_kad_post_sidebar_id":"","_kad_post_content_style":"","_kad_post_vertical_padding":"","_kad_post_feature":"","_kad_post_feature_position":"","_kad_post_header":false,"_kad_post_footer":false,"_kad_post_classname":""},"product_brand":[],"product_cat":[58],"product_tag":[],"class_list":{"0":"post-129684","1":"product","2":"type-product","3":"status-publish","4":"has-post-thumbnail","6":"product_cat-elektronika","7":"pa_obchod-mobilego-cz","9":"first","10":"instock","11":"product-type-external","12":"entry","13":"content-bg","14":"loop-entry"},"acf":[],"yoast_head":"<!-- This site is optimized with the Yoast SEO plugin v27.4 - https:\/\/yoast.com\/product\/yoast-seo-wordpress\/ -->\n<title>MG Telescopic Bluetooth selfie ty\u010d s LED sv\u011btlom 1m, \u010dern\u00e1 - SHOPATOA<\/title>\n<meta name=\"robots\" content=\"index, follow, max-snippet:-1, max-image-preview:large, max-video-preview:-1\" \/>\n<link rel=\"canonical\" href=\"https:\/\/shopatoa.com\/cz\/mg-telescopic-bluetooth-selfie-tyc-s-led-svetlom-1m-cerna\/\" \/>\n<meta property=\"og:locale\" content=\"cs_CZ\" \/>\n<meta property=\"og:type\" content=\"article\" \/>\n<meta property=\"og:title\" content=\"MG Telescopic Bluetooth selfie ty\u010d s LED sv\u011btlom 1m, \u010dern\u00e1 - SHOPATOA\" \/>\n<meta property=\"og:description\" content=\"Zachy\u0165te ka\u017ed\u00fd okam\u017eik s maxim\u00e1ln\u00ed kvalitou d\u00edky Bluetooth selfie ty\u010di s LED sv\u011btlem. Tento multifunk\u010dn\u00ed dopln\u011bk v\u00e1m umo\u017en\u00ed vytv\u00e1\u0159et profesion\u00e1ln\u00ed fotografie a videa bez ohledu na sv\u011bteln\u00e9 podm\u00ednky. Zabudovan\u00e9 nastaviteln\u00e9 LED sv\u011btlo poskytuje ide\u00e1ln\u00ed osv\u011btlen\u00ed pro jasn\u00e9 a z\u00e1\u0159iv\u00e9 sn\u00edmky, zat\u00edmco d\u00e1lkov\u00e9 ovl\u00e1d\u00e1n\u00ed p\u0159es Bluetooth v\u00e1m umo\u017en\u00ed pohodln\u011b fotit na d\u00e1lku, bez nutnosti dr\u017eet telefon....\" \/>\n<meta property=\"og:url\" content=\"https:\/\/shopatoa.com\/cz\/mg-telescopic-bluetooth-selfie-tyc-s-led-svetlom-1m-cerna\/\" \/>\n<meta property=\"og:site_name\" content=\"SHOPATOA\" \/>\n<meta property=\"article:modified_time\" content=\"2025-03-14T20:43:00+00:00\" \/>\n<meta property=\"og:image\" content=\"https:\/\/shopatoa.com\/cz\/wp-content\/uploads\/2025\/02\/HUR103755-99a0badb69b5ff9b1e9c7a891f06b4cb.jpg\" \/>\n\t<meta property=\"og:image:width\" content=\"460\" \/>\n\t<meta property=\"og:image:height\" content=\"460\" \/>\n\t<meta property=\"og:image:type\" content=\"image\/jpeg\" \/>\n<meta name=\"twitter:card\" content=\"summary_large_image\" \/>\n<meta name=\"twitter:label1\" content=\"Odhadovan\u00e1 doba \u010dten\u00ed\" \/>\n\t<meta name=\"twitter:data1\" content=\"3 minuty\" \/>\n<script type=\"application\/ld+json\" class=\"yoast-schema-graph\">{\"@context\":\"https:\\\/\\\/schema.org\",\"@graph\":[{\"@type\":\"WebPage\",\"@id\":\"https:\\\/\\\/shopatoa.com\\\/cz\\\/mg-telescopic-bluetooth-selfie-tyc-s-led-svetlom-1m-cerna\\\/\",\"url\":\"https:\\\/\\\/shopatoa.com\\\/cz\\\/mg-telescopic-bluetooth-selfie-tyc-s-led-svetlom-1m-cerna\\\/\",\"name\":\"MG Telescopic Bluetooth selfie ty\u010d s LED sv\u011btlom 1m, \u010dern\u00e1 - SHOPATOA\",\"isPartOf\":{\"@id\":\"https:\\\/\\\/shopatoa.com\\\/cz\\\/#website\"},\"primaryImageOfPage\":{\"@id\":\"https:\\\/\\\/shopatoa.com\\\/cz\\\/mg-telescopic-bluetooth-selfie-tyc-s-led-svetlom-1m-cerna\\\/#primaryimage\"},\"image\":{\"@id\":\"https:\\\/\\\/shopatoa.com\\\/cz\\\/mg-telescopic-bluetooth-selfie-tyc-s-led-svetlom-1m-cerna\\\/#primaryimage\"},\"thumbnailUrl\":\"https:\\\/\\\/shopatoa.com\\\/cz\\\/wp-content\\\/uploads\\\/2025\\\/02\\\/HUR103755-99a0badb69b5ff9b1e9c7a891f06b4cb.jpg\",\"datePublished\":\"2025-02-14T14:49:24+00:00\",\"dateModified\":\"2025-03-14T20:43:00+00:00\",\"breadcrumb\":{\"@id\":\"https:\\\/\\\/shopatoa.com\\\/cz\\\/mg-telescopic-bluetooth-selfie-tyc-s-led-svetlom-1m-cerna\\\/#breadcrumb\"},\"inLanguage\":\"cs\",\"potentialAction\":[{\"@type\":\"ReadAction\",\"target\":[\"https:\\\/\\\/shopatoa.com\\\/cz\\\/mg-telescopic-bluetooth-selfie-tyc-s-led-svetlom-1m-cerna\\\/\"]}]},{\"@type\":\"ImageObject\",\"inLanguage\":\"cs\",\"@id\":\"https:\\\/\\\/shopatoa.com\\\/cz\\\/mg-telescopic-bluetooth-selfie-tyc-s-led-svetlom-1m-cerna\\\/#primaryimage\",\"url\":\"https:\\\/\\\/shopatoa.com\\\/cz\\\/wp-content\\\/uploads\\\/2025\\\/02\\\/HUR103755-99a0badb69b5ff9b1e9c7a891f06b4cb.jpg\",\"contentUrl\":\"https:\\\/\\\/shopatoa.com\\\/cz\\\/wp-content\\\/uploads\\\/2025\\\/02\\\/HUR103755-99a0badb69b5ff9b1e9c7a891f06b4cb.jpg\",\"width\":460,\"height\":460},{\"@type\":\"BreadcrumbList\",\"@id\":\"https:\\\/\\\/shopatoa.com\\\/cz\\\/mg-telescopic-bluetooth-selfie-tyc-s-led-svetlom-1m-cerna\\\/#breadcrumb\",\"itemListElement\":[{\"@type\":\"ListItem\",\"position\":1,\"name\":\"Dom\u016f\",\"item\":\"https:\\\/\\\/shopatoa.com\\\/cz\\\/\"},{\"@type\":\"ListItem\",\"position\":2,\"name\":\"Produkty\",\"item\":\"https:\\\/\\\/shopatoa.com\\\/cz\\\/shop\\\/\"},{\"@type\":\"ListItem\",\"position\":3,\"name\":\"Elektronika\",\"item\":\"https:\\\/\\\/shopatoa.com\\\/cz\\\/elektronika\\\/\"},{\"@type\":\"ListItem\",\"position\":4,\"name\":\"MG Telescopic Bluetooth selfie ty\u010d s LED sv\u011btlom 1m, \u010dern\u00e1\"}]},{\"@type\":\"WebSite\",\"@id\":\"https:\\\/\\\/shopatoa.com\\\/cz\\\/#website\",\"url\":\"https:\\\/\\\/shopatoa.com\\\/cz\\\/\",\"name\":\"SHOPATOA\",\"description\":\"\",\"publisher\":{\"@id\":\"https:\\\/\\\/shopatoa.com\\\/cz\\\/#organization\"},\"potentialAction\":[{\"@type\":\"SearchAction\",\"target\":{\"@type\":\"EntryPoint\",\"urlTemplate\":\"https:\\\/\\\/shopatoa.com\\\/cz\\\/?s={search_term_string}\"},\"query-input\":{\"@type\":\"PropertyValueSpecification\",\"valueRequired\":true,\"valueName\":\"search_term_string\"}}],\"inLanguage\":\"cs\"},{\"@type\":\"Organization\",\"@id\":\"https:\\\/\\\/shopatoa.com\\\/cz\\\/#organization\",\"name\":\"SHOPATOA Digital s.r.o.\",\"url\":\"https:\\\/\\\/shopatoa.com\\\/cz\\\/\",\"logo\":{\"@type\":\"ImageObject\",\"inLanguage\":\"cs\",\"@id\":\"https:\\\/\\\/shopatoa.com\\\/cz\\\/#\\\/schema\\\/logo\\\/image\\\/\",\"url\":\"https:\\\/\\\/storage.googleapis.com\\\/cz-shopatoa-img\\\/cz\\\/ebccf434-shopatoa_logo.png\",\"contentUrl\":\"https:\\\/\\\/storage.googleapis.com\\\/cz-shopatoa-img\\\/cz\\\/ebccf434-shopatoa_logo.png\",\"width\":416,\"height\":63,\"caption\":\"SHOPATOA Digital s.r.o.\"},\"image\":{\"@id\":\"https:\\\/\\\/shopatoa.com\\\/cz\\\/#\\\/schema\\\/logo\\\/image\\\/\"}}]}<\/script>\n<!-- \/ Yoast SEO plugin. -->","yoast_head_json":{"title":"MG Telescopic Bluetooth selfie ty\u010d s LED sv\u011btlom 1m, \u010dern\u00e1 - SHOPATOA","robots":{"index":"index","follow":"follow","max-snippet":"max-snippet:-1","max-image-preview":"max-image-preview:large","max-video-preview":"max-video-preview:-1"},"canonical":"https:\/\/shopatoa.com\/cz\/mg-telescopic-bluetooth-selfie-tyc-s-led-svetlom-1m-cerna\/","og_locale":"cs_CZ","og_type":"article","og_title":"MG Telescopic Bluetooth selfie ty\u010d s LED sv\u011btlom 1m, \u010dern\u00e1 - SHOPATOA","og_description":"Zachy\u0165te ka\u017ed\u00fd okam\u017eik s maxim\u00e1ln\u00ed kvalitou d\u00edky Bluetooth selfie ty\u010di s LED sv\u011btlem. Tento multifunk\u010dn\u00ed dopln\u011bk v\u00e1m umo\u017en\u00ed vytv\u00e1\u0159et profesion\u00e1ln\u00ed fotografie a videa bez ohledu na sv\u011bteln\u00e9 podm\u00ednky. Zabudovan\u00e9 nastaviteln\u00e9 LED sv\u011btlo poskytuje ide\u00e1ln\u00ed osv\u011btlen\u00ed pro jasn\u00e9 a z\u00e1\u0159iv\u00e9 sn\u00edmky, zat\u00edmco d\u00e1lkov\u00e9 ovl\u00e1d\u00e1n\u00ed p\u0159es Bluetooth v\u00e1m umo\u017en\u00ed pohodln\u011b fotit na d\u00e1lku, bez nutnosti dr\u017eet telefon....","og_url":"https:\/\/shopatoa.com\/cz\/mg-telescopic-bluetooth-selfie-tyc-s-led-svetlom-1m-cerna\/","og_site_name":"SHOPATOA","article_modified_time":"2025-03-14T20:43:00+00:00","og_image":[{"width":460,"height":460,"url":"https:\/\/shopatoa.com\/cz\/wp-content\/uploads\/2025\/02\/HUR103755-99a0badb69b5ff9b1e9c7a891f06b4cb.jpg","type":"image\/jpeg"}],"twitter_card":"summary_large_image","twitter_misc":{"Odhadovan\u00e1 doba \u010dten\u00ed":"3 minuty"},"schema":{"@context":"https:\/\/schema.org","@graph":[{"@type":"WebPage","@id":"https:\/\/shopatoa.com\/cz\/mg-telescopic-bluetooth-selfie-tyc-s-led-svetlom-1m-cerna\/","url":"https:\/\/shopatoa.com\/cz\/mg-telescopic-bluetooth-selfie-tyc-s-led-svetlom-1m-cerna\/","name":"MG Telescopic Bluetooth selfie ty\u010d s LED sv\u011btlom 1m, \u010dern\u00e1 - SHOPATOA","isPartOf":{"@id":"https:\/\/shopatoa.com\/cz\/#website"},"primaryImageOfPage":{"@id":"https:\/\/shopatoa.com\/cz\/mg-telescopic-bluetooth-selfie-tyc-s-led-svetlom-1m-cerna\/#primaryimage"},"image":{"@id":"https:\/\/shopatoa.com\/cz\/mg-telescopic-bluetooth-selfie-tyc-s-led-svetlom-1m-cerna\/#primaryimage"},"thumbnailUrl":"https:\/\/shopatoa.com\/cz\/wp-content\/uploads\/2025\/02\/HUR103755-99a0badb69b5ff9b1e9c7a891f06b4cb.jpg","datePublished":"2025-02-14T14:49:24+00:00","dateModified":"2025-03-14T20:43:00+00:00","breadcrumb":{"@id":"https:\/\/shopatoa.com\/cz\/mg-telescopic-bluetooth-selfie-tyc-s-led-svetlom-1m-cerna\/#breadcrumb"},"inLanguage":"cs","potentialAction":[{"@type":"ReadAction","target":["https:\/\/shopatoa.com\/cz\/mg-telescopic-bluetooth-selfie-tyc-s-led-svetlom-1m-cerna\/"]}]},{"@type":"ImageObject","inLanguage":"cs","@id":"https:\/\/shopatoa.com\/cz\/mg-telescopic-bluetooth-selfie-tyc-s-led-svetlom-1m-cerna\/#primaryimage","url":"https:\/\/shopatoa.com\/cz\/wp-content\/uploads\/2025\/02\/HUR103755-99a0badb69b5ff9b1e9c7a891f06b4cb.jpg","contentUrl":"https:\/\/shopatoa.com\/cz\/wp-content\/uploads\/2025\/02\/HUR103755-99a0badb69b5ff9b1e9c7a891f06b4cb.jpg","width":460,"height":460},{"@type":"BreadcrumbList","@id":"https:\/\/shopatoa.com\/cz\/mg-telescopic-bluetooth-selfie-tyc-s-led-svetlom-1m-cerna\/#breadcrumb","itemListElement":[{"@type":"ListItem","position":1,"name":"Dom\u016f","item":"https:\/\/shopatoa.com\/cz\/"},{"@type":"ListItem","position":2,"name":"Produkty","item":"https:\/\/shopatoa.com\/cz\/shop\/"},{"@type":"ListItem","position":3,"name":"Elektronika","item":"https:\/\/shopatoa.com\/cz\/elektronika\/"},{"@type":"ListItem","position":4,"name":"MG Telescopic Bluetooth selfie ty\u010d s LED sv\u011btlom 1m, \u010dern\u00e1"}]},{"@type":"WebSite","@id":"https:\/\/shopatoa.com\/cz\/#website","url":"https:\/\/shopatoa.com\/cz\/","name":"SHOPATOA","description":"","publisher":{"@id":"https:\/\/shopatoa.com\/cz\/#organization"},"potentialAction":[{"@type":"SearchAction","target":{"@type":"EntryPoint","urlTemplate":"https:\/\/shopatoa.com\/cz\/?s={search_term_string}"},"query-input":{"@type":"PropertyValueSpecification","valueRequired":true,"valueName":"search_term_string"}}],"inLanguage":"cs"},{"@type":"Organization","@id":"https:\/\/shopatoa.com\/cz\/#organization","name":"SHOPATOA Digital s.r.o.","url":"https:\/\/shopatoa.com\/cz\/","logo":{"@type":"ImageObject","inLanguage":"cs","@id":"https:\/\/shopatoa.com\/cz\/#\/schema\/logo\/image\/","url":"https:\/\/storage.googleapis.com\/cz-shopatoa-img\/cz\/ebccf434-shopatoa_logo.png","contentUrl":"https:\/\/storage.googleapis.com\/cz-shopatoa-img\/cz\/ebccf434-shopatoa_logo.png","width":416,"height":63,"caption":"SHOPATOA Digital s.r.o."},"image":{"@id":"https:\/\/shopatoa.com\/cz\/#\/schema\/logo\/image\/"}}]}},"_links":{"self":[{"href":"https:\/\/shopatoa.com\/cz\/wp-json\/wp\/v2\/product\/129684","targetHints":{"allow":["GET"]}}],"collection":[{"href":"https:\/\/shopatoa.com\/cz\/wp-json\/wp\/v2\/product"}],"about":[{"href":"https:\/\/shopatoa.com\/cz\/wp-json\/wp\/v2\/types\/product"}],"replies":[{"embeddable":true,"href":"https:\/\/shopatoa.com\/cz\/wp-json\/wp\/v2\/comments?post=129684"}],"wp:featuredmedia":[{"embeddable":true,"href":"https:\/\/shopatoa.com\/cz\/wp-json\/wp\/v2\/media\/129685"}],"wp:attachment":[{"href":"https:\/\/shopatoa.com\/cz\/wp-json\/wp\/v2\/media?parent=129684"}],"wp:term":[{"taxonomy":"product_brand","embeddable":true,"href":"https:\/\/shopatoa.com\/cz\/wp-json\/wp\/v2\/product_brand?post=129684"},{"taxonomy":"product_cat","embeddable":true,"href":"https:\/\/shopatoa.com\/cz\/wp-json\/wp\/v2\/product_cat?post=129684"},{"taxonomy":"product_tag","embeddable":true,"href":"https:\/\/shopatoa.com\/cz\/wp-json\/wp\/v2\/product_tag?post=129684"}],"curies":[{"name":"wp","href":"https:\/\/api.w.org\/{rel}","templated":true}]}}