{"id":129704,"date":"2025-02-14T15:52:39","date_gmt":"2025-02-14T14:52:39","guid":{"rendered":"https:\/\/shopatoa.com\/cz\/lednice-zero-dual-zone-69l\/"},"modified":"2025-03-14T21:43:23","modified_gmt":"2025-03-14T20:43:23","slug":"lednice-zero-dual-zone-69l","status":"publish","type":"product","link":"https:\/\/shopatoa.com\/cz\/lednice-zero-dual-zone-69l\/","title":{"rendered":"Lednice ZERO DUAL-ZONE 69L"},"content":{"rendered":"<p>P\u0159enosn\u00fd elektrick\u00fd chladic\u00ed box ARB ZERO je nejnov\u011bj\u0161\u00edm p\u0159\u00edr\u016fstkem do \u0159ady ARB lednic. Je nabit\u00fd jedine\u010dn\u00fdmi funkcemi, kter\u00e9 v\u00e1m zajist\u00ed co nejbezstarostn\u011bj\u0161\u00ed pobyt v p\u0159\u00edrod\u011b. Tento stylov\u00fd chladic\u00ed box je k dispozici bu\u010f v jednoz\u00f3nov\u00e9m, nebo dvouz\u00f3nov\u00e9m proveden\u00ed a ve \u010dty\u0159ech r\u016fzn\u00fdch velikostech.<br \/>\nPokud hled\u00e1te nov\u00fd zp\u016fsob, jak udr\u017eet plechovky v chladu a j\u00eddlo ve zmrzl\u00e9m stavu, hledejte nov\u00fd elektrick\u00fd chladic\u00ed box ZERO od spole\u010dnosti ARB. M\u00edt k dispozici chladic\u00ed i mrazic\u00ed prostor najednou znamen\u00e1, \u017ee m\u016f\u017eete cestovat del\u0161\u00ed dobu bez dopl\u0148ov\u00e1n\u00ed z\u00e1sob.<br \/>\nJsou k dispozici v objemu 69 L a 96 L a d\u00edky rychloup\u00ednac\u00edmu v\u00edku pro v\u00fdm\u011bnu otvor\u016f a p\u0159edn\u00edmu a zadn\u00edmu p\u0159\u00edvodu stejnosm\u011brn\u00e9ho proudu, jsou dokonal\u00fdm dopl\u0148kem va\u0161eho auta, obytn\u00e9ho p\u0159\u00edv\u011bsu nebo karavanu. Pro v\u011bt\u0161\u00ed pohodl\u00ed jsou p\u0159enosn\u00e9 chladic\u00ed boxy vybaveny tak\u00e9 p\u0159edn\u00edm vstupem st\u0159\u00eddav\u00e9ho proudu pro p\u0159ipojen\u00ed doma nebo na m\u00edst\u011b s elektrickou energi\u00ed a praktickou z\u00e1suvkou USB pro nab\u00edjen\u00ed va\u0161ich za\u0159\u00edzen\u00ed. Teplotu m\u016f\u017eete ovl\u00e1dat pomoc\u00ed panelu na p\u0159edn\u00ed stran\u011b nebo bezdr\u00e1tov\u011b prost\u0159ednictv\u00edm zdarma sta\u017eiteln\u00e9 aplikace na kompatibiln\u00edch za\u0159\u00edzen\u00edch s technologi\u00ed Bluetooth.<br \/>\nVlastnosti:<\/p>\n<p>Chlad\u00ed v rozmez\u00ed od -22\u00b0C a\u017e 10\u00b0C<br \/>\nHmotnost: 31 kg<br \/>\nKapacita: 69 L<br \/>\nNap\u00e1jen\u00ed pomoc\u00ed 12V nebo 230V<br \/>\nOdb\u011br proudu: 0,8 Ah<br \/>\nIntegrovan\u00e1 ochrana proti vybit\u00ed akumul\u00e1toru<br \/>\nBluetooth p\u0159ipojen\u00ed<br \/>\nVnit\u0159n\u00ed LED osv\u011btlen\u00ed<\/p>\n","protected":false},"excerpt":{"rendered":"<p>P\u0159enosn\u00fd elektrick\u00fd chladic\u00ed box ARB ZERO je nejnov\u011bj\u0161\u00edm p\u0159\u00edr\u016fstkem do \u0159ady ARB lednic. Je nabit\u00fd jedine\u010dn\u00fdmi funkcemi, kter\u00e9 v\u00e1m zajist\u00ed co nejbezstarostn\u011bj\u0161\u00ed pobyt v p\u0159\u00edrod\u011b. Tento stylov\u00fd chladic\u00ed box je k dispozici bu\u010f v jednoz\u00f3nov\u00e9m, nebo dvouz\u00f3nov\u00e9m proveden\u00ed a ve \u010dty\u0159ech r\u016fzn\u00fdch velikostech. Pokud hled\u00e1te nov\u00fd zp\u016fsob, jak udr\u017eet plechovky v chladu a j\u00eddlo ve&#8230;<\/p>\n","protected":false},"featured_media":129705,"comment_status":"closed","ping_status":"open","template":"","meta":{"_acf_changed":false,"_kadence_starter_templates_imported_post":false,"_kad_post_transparent":"","_kad_post_title":"","_kad_post_layout":"","_kad_post_sidebar_id":"","_kad_post_content_style":"","_kad_post_vertical_padding":"","_kad_post_feature":"","_kad_post_feature_position":"","_kad_post_header":false,"_kad_post_footer":false,"_kad_post_classname":""},"product_brand":[],"product_cat":[85,48],"product_tag":[],"class_list":{"0":"post-129704","1":"product","2":"type-product","3":"status-publish","4":"has-post-thumbnail","6":"product_cat-outdoorove-vybaveni","7":"product_cat-sport","8":"pa_obchod-procamping-cz","10":"first","11":"instock","12":"product-type-external","13":"entry","14":"content-bg","15":"loop-entry"},"acf":[],"yoast_head":"<!-- This site is optimized with the Yoast SEO plugin v27.4 - https:\/\/yoast.com\/product\/yoast-seo-wordpress\/ -->\n<title>Lednice ZERO DUAL-ZONE 69L - SHOPATOA.COM<\/title>\n<meta name=\"description\" content=\"P\u0159enosn\u00fd elektrick\u00fd chladic\u00ed box ARB ZERO je nejnov\u011bj\u0161\u00edm p\u0159\u00edr\u016fstkem do \u0159ady ARB lednic. Je nabit\u00fd jedine\u010dn\u00fdmi funkcemi, kter\u00e9 v\u00e1m zajist\u00ed co nejbezstarostn\u011bj\u0161\u00ed pobyt v p\u0159\u00edrod\u011b. Tento stylov\u00fd chladic\u00ed box je k dispozici bu\u010f v jednoz\u00f3nov\u00e9m, nebo dvouz\u00f3nov\u00e9m proveden\u00ed a ve \u010dty\u0159ech r\u016fzn\u00fdch velikostech. Pokud hled\u00e1te nov\u00fd zp\u016fsob, jak udr\u017eet plechovky v chladu a j\u00eddlo ve zmrzl\u00e9m stavu, hledejte nov\u00fd elektrick\u00fd chladic\u00ed box ZERO od spole\u010dnosti ARB. M\u00edt k dispozici chladic\u00ed i mrazic\u00ed prostor najednou znamen\u00e1, \u017ee m\u016f\u017eete cestovat del\u0161\u00ed dobu bez dopl\u0148ov\u00e1n\u00ed z\u00e1sob. Jsou k dispozici v objemu 69 L a 96 L a d\u00edky rychloup\u00ednac\u00edmu v\u00edku pro v\u00fdm\u011bnu otvor\u016f a p\u0159edn\u00edmu a zadn\u00edmu p\u0159\u00edvodu stejnosm\u011brn\u00e9ho proudu, jsou dokonal\u00fdm dopl\u0148kem va\u0161eho auta, obytn\u00e9ho p\u0159\u00edv\u011bsu nebo karavanu. Pro v\u011bt\u0161\u00ed pohodl\u00ed jsou p\u0159enosn\u00e9 chladic\u00ed boxy vybaveny tak\u00e9 p\u0159edn\u00edm vstupem st\u0159\u00eddav\u00e9ho proudu pro p\u0159ipojen\u00ed doma nebo na m\u00edst\u011b s elektrickou energi\u00ed a praktickou z\u00e1suvkou USB pro nab\u00edjen\u00ed va\u0161ich za\u0159\u00edzen\u00ed. Teplotu m\u016f\u017eete ovl\u00e1dat pomoc\u00ed panelu na p\u0159edn\u00ed stran\u011b nebo bezdr\u00e1tov\u011b prost\u0159ednictv\u00edm zdarma sta\u017eiteln\u00e9 aplikace na kompatibiln\u00edch za\u0159\u00edzen\u00edch s technologi\u00ed Bluetooth. Vlastnosti: Chlad\u00ed v rozmez\u00ed od -22\u00b0C a\u017e 10\u00b0C Hmotnost: 31 kg Kapacita: 69 L Nap\u00e1jen\u00ed pomoc\u00ed 12V nebo 230V Odb\u011br proudu: 0,8 Ah Integrovan\u00e1 ochrana proti vybit\u00ed akumul\u00e1toru Bluetooth p\u0159ipojen\u00ed Vnit\u0159n\u00ed LED osv\u011btlen\u00ed\" \/>\n<meta name=\"robots\" content=\"index, follow, max-snippet:-1, max-image-preview:large, max-video-preview:-1\" \/>\n<link rel=\"canonical\" href=\"https:\/\/shopatoa.com\/cz\/lednice-zero-dual-zone-69l\/\" \/>\n<meta property=\"og:locale\" content=\"cs_CZ\" \/>\n<meta property=\"og:type\" content=\"article\" \/>\n<meta property=\"og:title\" content=\"Lednice ZERO DUAL-ZONE 69L - SHOPATOA.COM\" \/>\n<meta property=\"og:description\" content=\"P\u0159enosn\u00fd elektrick\u00fd chladic\u00ed box ARB ZERO je nejnov\u011bj\u0161\u00edm p\u0159\u00edr\u016fstkem do \u0159ady ARB lednic. Je nabit\u00fd jedine\u010dn\u00fdmi funkcemi, kter\u00e9 v\u00e1m zajist\u00ed co nejbezstarostn\u011bj\u0161\u00ed pobyt v p\u0159\u00edrod\u011b. Tento stylov\u00fd chladic\u00ed box je k dispozici bu\u010f v jednoz\u00f3nov\u00e9m, nebo dvouz\u00f3nov\u00e9m proveden\u00ed a ve \u010dty\u0159ech r\u016fzn\u00fdch velikostech. Pokud hled\u00e1te nov\u00fd zp\u016fsob, jak udr\u017eet plechovky v chladu a j\u00eddlo ve zmrzl\u00e9m stavu, hledejte nov\u00fd elektrick\u00fd chladic\u00ed box ZERO od spole\u010dnosti ARB. M\u00edt k dispozici chladic\u00ed i mrazic\u00ed prostor najednou znamen\u00e1, \u017ee m\u016f\u017eete cestovat del\u0161\u00ed dobu bez dopl\u0148ov\u00e1n\u00ed z\u00e1sob. Jsou k dispozici v objemu 69 L a 96 L a d\u00edky rychloup\u00ednac\u00edmu v\u00edku pro v\u00fdm\u011bnu otvor\u016f a p\u0159edn\u00edmu a zadn\u00edmu p\u0159\u00edvodu stejnosm\u011brn\u00e9ho proudu, jsou dokonal\u00fdm dopl\u0148kem va\u0161eho auta, obytn\u00e9ho p\u0159\u00edv\u011bsu nebo karavanu. Pro v\u011bt\u0161\u00ed pohodl\u00ed jsou p\u0159enosn\u00e9 chladic\u00ed boxy vybaveny tak\u00e9 p\u0159edn\u00edm vstupem st\u0159\u00eddav\u00e9ho proudu pro p\u0159ipojen\u00ed doma nebo na m\u00edst\u011b s elektrickou energi\u00ed a praktickou z\u00e1suvkou USB pro nab\u00edjen\u00ed va\u0161ich za\u0159\u00edzen\u00ed. Teplotu m\u016f\u017eete ovl\u00e1dat pomoc\u00ed panelu na p\u0159edn\u00ed stran\u011b nebo bezdr\u00e1tov\u011b prost\u0159ednictv\u00edm zdarma sta\u017eiteln\u00e9 aplikace na kompatibiln\u00edch za\u0159\u00edzen\u00edch s technologi\u00ed Bluetooth. Vlastnosti: Chlad\u00ed v rozmez\u00ed od -22\u00b0C a\u017e 10\u00b0C Hmotnost: 31 kg Kapacita: 69 L Nap\u00e1jen\u00ed pomoc\u00ed 12V nebo 230V Odb\u011br proudu: 0,8 Ah Integrovan\u00e1 ochrana proti vybit\u00ed akumul\u00e1toru Bluetooth p\u0159ipojen\u00ed Vnit\u0159n\u00ed LED osv\u011btlen\u00ed\" \/>\n<meta property=\"og:url\" content=\"https:\/\/shopatoa.com\/cz\/lednice-zero-dual-zone-69l\/\" \/>\n<meta property=\"og:site_name\" content=\"SHOPATOA\" \/>\n<meta property=\"article:modified_time\" content=\"2025-03-14T20:43:23+00:00\" \/>\n<meta property=\"og:image\" content=\"https:\/\/shopatoa.com\/cz\/wp-content\/uploads\/2025\/02\/n6453864a2826a-10802693.jpeg\" \/>\n\t<meta property=\"og:image:width\" content=\"1000\" \/>\n\t<meta property=\"og:image:height\" content=\"667\" \/>\n\t<meta property=\"og:image:type\" content=\"image\/jpeg\" \/>\n<meta name=\"twitter:card\" content=\"summary_large_image\" \/>\n<meta name=\"twitter:label1\" content=\"Odhadovan\u00e1 doba \u010dten\u00ed\" \/>\n\t<meta name=\"twitter:data1\" content=\"1 minuta\" \/>\n<script type=\"application\/ld+json\" class=\"yoast-schema-graph\">{\"@context\":\"https:\\\/\\\/schema.org\",\"@graph\":[{\"@type\":\"WebPage\",\"@id\":\"https:\\\/\\\/shopatoa.com\\\/cz\\\/lednice-zero-dual-zone-69l\\\/\",\"url\":\"https:\\\/\\\/shopatoa.com\\\/cz\\\/lednice-zero-dual-zone-69l\\\/\",\"name\":\"Lednice ZERO DUAL-ZONE 69L - SHOPATOA.COM\",\"isPartOf\":{\"@id\":\"https:\\\/\\\/shopatoa.com\\\/cz\\\/#website\"},\"primaryImageOfPage\":{\"@id\":\"https:\\\/\\\/shopatoa.com\\\/cz\\\/lednice-zero-dual-zone-69l\\\/#primaryimage\"},\"image\":{\"@id\":\"https:\\\/\\\/shopatoa.com\\\/cz\\\/lednice-zero-dual-zone-69l\\\/#primaryimage\"},\"thumbnailUrl\":\"https:\\\/\\\/shopatoa.com\\\/cz\\\/wp-content\\\/uploads\\\/2025\\\/02\\\/n6453864a2826a-10802693.jpeg\",\"datePublished\":\"2025-02-14T14:52:39+00:00\",\"dateModified\":\"2025-03-14T20:43:23+00:00\",\"description\":\"P\u0159enosn\u00fd elektrick\u00fd chladic\u00ed box ARB ZERO je nejnov\u011bj\u0161\u00edm p\u0159\u00edr\u016fstkem do \u0159ady ARB lednic. Je nabit\u00fd jedine\u010dn\u00fdmi funkcemi, kter\u00e9 v\u00e1m zajist\u00ed co nejbezstarostn\u011bj\u0161\u00ed pobyt v p\u0159\u00edrod\u011b. Tento stylov\u00fd chladic\u00ed box je k dispozici bu\u010f v jednoz\u00f3nov\u00e9m, nebo dvouz\u00f3nov\u00e9m proveden\u00ed a ve \u010dty\u0159ech r\u016fzn\u00fdch velikostech. Pokud hled\u00e1te nov\u00fd zp\u016fsob, jak udr\u017eet plechovky v chladu a j\u00eddlo ve zmrzl\u00e9m stavu, hledejte nov\u00fd elektrick\u00fd chladic\u00ed box ZERO od spole\u010dnosti ARB. M\u00edt k dispozici chladic\u00ed i mrazic\u00ed prostor najednou znamen\u00e1, \u017ee m\u016f\u017eete cestovat del\u0161\u00ed dobu bez dopl\u0148ov\u00e1n\u00ed z\u00e1sob. Jsou k dispozici v objemu 69 L a 96 L a d\u00edky rychloup\u00ednac\u00edmu v\u00edku pro v\u00fdm\u011bnu otvor\u016f a p\u0159edn\u00edmu a zadn\u00edmu p\u0159\u00edvodu stejnosm\u011brn\u00e9ho proudu, jsou dokonal\u00fdm dopl\u0148kem va\u0161eho auta, obytn\u00e9ho p\u0159\u00edv\u011bsu nebo karavanu. Pro v\u011bt\u0161\u00ed pohodl\u00ed jsou p\u0159enosn\u00e9 chladic\u00ed boxy vybaveny tak\u00e9 p\u0159edn\u00edm vstupem st\u0159\u00eddav\u00e9ho proudu pro p\u0159ipojen\u00ed doma nebo na m\u00edst\u011b s elektrickou energi\u00ed a praktickou z\u00e1suvkou USB pro nab\u00edjen\u00ed va\u0161ich za\u0159\u00edzen\u00ed. Teplotu m\u016f\u017eete ovl\u00e1dat pomoc\u00ed panelu na p\u0159edn\u00ed stran\u011b nebo bezdr\u00e1tov\u011b prost\u0159ednictv\u00edm zdarma sta\u017eiteln\u00e9 aplikace na kompatibiln\u00edch za\u0159\u00edzen\u00edch s technologi\u00ed Bluetooth. Vlastnosti: Chlad\u00ed v rozmez\u00ed od -22\u00b0C a\u017e 10\u00b0C Hmotnost: 31 kg Kapacita: 69 L Nap\u00e1jen\u00ed pomoc\u00ed 12V nebo 230V Odb\u011br proudu: 0,8 Ah Integrovan\u00e1 ochrana proti vybit\u00ed akumul\u00e1toru Bluetooth p\u0159ipojen\u00ed Vnit\u0159n\u00ed LED osv\u011btlen\u00ed\",\"breadcrumb\":{\"@id\":\"https:\\\/\\\/shopatoa.com\\\/cz\\\/lednice-zero-dual-zone-69l\\\/#breadcrumb\"},\"inLanguage\":\"cs\",\"potentialAction\":[{\"@type\":\"ReadAction\",\"target\":[\"https:\\\/\\\/shopatoa.com\\\/cz\\\/lednice-zero-dual-zone-69l\\\/\"]}]},{\"@type\":\"ImageObject\",\"inLanguage\":\"cs\",\"@id\":\"https:\\\/\\\/shopatoa.com\\\/cz\\\/lednice-zero-dual-zone-69l\\\/#primaryimage\",\"url\":\"https:\\\/\\\/shopatoa.com\\\/cz\\\/wp-content\\\/uploads\\\/2025\\\/02\\\/n6453864a2826a-10802693.jpeg\",\"contentUrl\":\"https:\\\/\\\/shopatoa.com\\\/cz\\\/wp-content\\\/uploads\\\/2025\\\/02\\\/n6453864a2826a-10802693.jpeg\",\"width\":1000,\"height\":667},{\"@type\":\"BreadcrumbList\",\"@id\":\"https:\\\/\\\/shopatoa.com\\\/cz\\\/lednice-zero-dual-zone-69l\\\/#breadcrumb\",\"itemListElement\":[{\"@type\":\"ListItem\",\"position\":1,\"name\":\"Dom\u016f\",\"item\":\"https:\\\/\\\/shopatoa.com\\\/cz\\\/\"},{\"@type\":\"ListItem\",\"position\":2,\"name\":\"Produkty\",\"item\":\"https:\\\/\\\/shopatoa.com\\\/cz\\\/shop\\\/\"},{\"@type\":\"ListItem\",\"position\":3,\"name\":\"Sport\",\"item\":\"https:\\\/\\\/shopatoa.com\\\/cz\\\/sport\\\/\"},{\"@type\":\"ListItem\",\"position\":4,\"name\":\"Outdoorov\u00e9 vybaven\u00ed\",\"item\":\"https:\\\/\\\/shopatoa.com\\\/cz\\\/outdoorove-vybaveni\\\/\"},{\"@type\":\"ListItem\",\"position\":5,\"name\":\"Lednice ZERO DUAL-ZONE 69L\"}]},{\"@type\":\"WebSite\",\"@id\":\"https:\\\/\\\/shopatoa.com\\\/cz\\\/#website\",\"url\":\"https:\\\/\\\/shopatoa.com\\\/cz\\\/\",\"name\":\"SHOPATOA\",\"description\":\"\",\"publisher\":{\"@id\":\"https:\\\/\\\/shopatoa.com\\\/cz\\\/#organization\"},\"potentialAction\":[{\"@type\":\"SearchAction\",\"target\":{\"@type\":\"EntryPoint\",\"urlTemplate\":\"https:\\\/\\\/shopatoa.com\\\/cz\\\/?s={search_term_string}\"},\"query-input\":{\"@type\":\"PropertyValueSpecification\",\"valueRequired\":true,\"valueName\":\"search_term_string\"}}],\"inLanguage\":\"cs\"},{\"@type\":\"Organization\",\"@id\":\"https:\\\/\\\/shopatoa.com\\\/cz\\\/#organization\",\"name\":\"SHOPATOA Digital s.r.o.\",\"url\":\"https:\\\/\\\/shopatoa.com\\\/cz\\\/\",\"logo\":{\"@type\":\"ImageObject\",\"inLanguage\":\"cs\",\"@id\":\"https:\\\/\\\/shopatoa.com\\\/cz\\\/#\\\/schema\\\/logo\\\/image\\\/\",\"url\":\"https:\\\/\\\/storage.googleapis.com\\\/cz-shopatoa-img\\\/cz\\\/ebccf434-shopatoa_logo.png\",\"contentUrl\":\"https:\\\/\\\/storage.googleapis.com\\\/cz-shopatoa-img\\\/cz\\\/ebccf434-shopatoa_logo.png\",\"width\":416,\"height\":63,\"caption\":\"SHOPATOA Digital s.r.o.\"},\"image\":{\"@id\":\"https:\\\/\\\/shopatoa.com\\\/cz\\\/#\\\/schema\\\/logo\\\/image\\\/\"}}]}<\/script>\n<!-- \/ Yoast SEO plugin. -->","yoast_head_json":{"title":"Lednice ZERO DUAL-ZONE 69L - SHOPATOA.COM","description":"P\u0159enosn\u00fd elektrick\u00fd chladic\u00ed box ARB ZERO je nejnov\u011bj\u0161\u00edm p\u0159\u00edr\u016fstkem do \u0159ady ARB lednic. Je nabit\u00fd jedine\u010dn\u00fdmi funkcemi, kter\u00e9 v\u00e1m zajist\u00ed co nejbezstarostn\u011bj\u0161\u00ed pobyt v p\u0159\u00edrod\u011b. Tento stylov\u00fd chladic\u00ed box je k dispozici bu\u010f v jednoz\u00f3nov\u00e9m, nebo dvouz\u00f3nov\u00e9m proveden\u00ed a ve \u010dty\u0159ech r\u016fzn\u00fdch velikostech. Pokud hled\u00e1te nov\u00fd zp\u016fsob, jak udr\u017eet plechovky v chladu a j\u00eddlo ve zmrzl\u00e9m stavu, hledejte nov\u00fd elektrick\u00fd chladic\u00ed box ZERO od spole\u010dnosti ARB. M\u00edt k dispozici chladic\u00ed i mrazic\u00ed prostor najednou znamen\u00e1, \u017ee m\u016f\u017eete cestovat del\u0161\u00ed dobu bez dopl\u0148ov\u00e1n\u00ed z\u00e1sob. Jsou k dispozici v objemu 69 L a 96 L a d\u00edky rychloup\u00ednac\u00edmu v\u00edku pro v\u00fdm\u011bnu otvor\u016f a p\u0159edn\u00edmu a zadn\u00edmu p\u0159\u00edvodu stejnosm\u011brn\u00e9ho proudu, jsou dokonal\u00fdm dopl\u0148kem va\u0161eho auta, obytn\u00e9ho p\u0159\u00edv\u011bsu nebo karavanu. Pro v\u011bt\u0161\u00ed pohodl\u00ed jsou p\u0159enosn\u00e9 chladic\u00ed boxy vybaveny tak\u00e9 p\u0159edn\u00edm vstupem st\u0159\u00eddav\u00e9ho proudu pro p\u0159ipojen\u00ed doma nebo na m\u00edst\u011b s elektrickou energi\u00ed a praktickou z\u00e1suvkou USB pro nab\u00edjen\u00ed va\u0161ich za\u0159\u00edzen\u00ed. Teplotu m\u016f\u017eete ovl\u00e1dat pomoc\u00ed panelu na p\u0159edn\u00ed stran\u011b nebo bezdr\u00e1tov\u011b prost\u0159ednictv\u00edm zdarma sta\u017eiteln\u00e9 aplikace na kompatibiln\u00edch za\u0159\u00edzen\u00edch s technologi\u00ed Bluetooth. Vlastnosti: Chlad\u00ed v rozmez\u00ed od -22\u00b0C a\u017e 10\u00b0C Hmotnost: 31 kg Kapacita: 69 L Nap\u00e1jen\u00ed pomoc\u00ed 12V nebo 230V Odb\u011br proudu: 0,8 Ah Integrovan\u00e1 ochrana proti vybit\u00ed akumul\u00e1toru Bluetooth p\u0159ipojen\u00ed Vnit\u0159n\u00ed LED osv\u011btlen\u00ed","robots":{"index":"index","follow":"follow","max-snippet":"max-snippet:-1","max-image-preview":"max-image-preview:large","max-video-preview":"max-video-preview:-1"},"canonical":"https:\/\/shopatoa.com\/cz\/lednice-zero-dual-zone-69l\/","og_locale":"cs_CZ","og_type":"article","og_title":"Lednice ZERO DUAL-ZONE 69L - SHOPATOA.COM","og_description":"P\u0159enosn\u00fd elektrick\u00fd chladic\u00ed box ARB ZERO je nejnov\u011bj\u0161\u00edm p\u0159\u00edr\u016fstkem do \u0159ady ARB lednic. Je nabit\u00fd jedine\u010dn\u00fdmi funkcemi, kter\u00e9 v\u00e1m zajist\u00ed co nejbezstarostn\u011bj\u0161\u00ed pobyt v p\u0159\u00edrod\u011b. Tento stylov\u00fd chladic\u00ed box je k dispozici bu\u010f v jednoz\u00f3nov\u00e9m, nebo dvouz\u00f3nov\u00e9m proveden\u00ed a ve \u010dty\u0159ech r\u016fzn\u00fdch velikostech. Pokud hled\u00e1te nov\u00fd zp\u016fsob, jak udr\u017eet plechovky v chladu a j\u00eddlo ve zmrzl\u00e9m stavu, hledejte nov\u00fd elektrick\u00fd chladic\u00ed box ZERO od spole\u010dnosti ARB. M\u00edt k dispozici chladic\u00ed i mrazic\u00ed prostor najednou znamen\u00e1, \u017ee m\u016f\u017eete cestovat del\u0161\u00ed dobu bez dopl\u0148ov\u00e1n\u00ed z\u00e1sob. Jsou k dispozici v objemu 69 L a 96 L a d\u00edky rychloup\u00ednac\u00edmu v\u00edku pro v\u00fdm\u011bnu otvor\u016f a p\u0159edn\u00edmu a zadn\u00edmu p\u0159\u00edvodu stejnosm\u011brn\u00e9ho proudu, jsou dokonal\u00fdm dopl\u0148kem va\u0161eho auta, obytn\u00e9ho p\u0159\u00edv\u011bsu nebo karavanu. Pro v\u011bt\u0161\u00ed pohodl\u00ed jsou p\u0159enosn\u00e9 chladic\u00ed boxy vybaveny tak\u00e9 p\u0159edn\u00edm vstupem st\u0159\u00eddav\u00e9ho proudu pro p\u0159ipojen\u00ed doma nebo na m\u00edst\u011b s elektrickou energi\u00ed a praktickou z\u00e1suvkou USB pro nab\u00edjen\u00ed va\u0161ich za\u0159\u00edzen\u00ed. Teplotu m\u016f\u017eete ovl\u00e1dat pomoc\u00ed panelu na p\u0159edn\u00ed stran\u011b nebo bezdr\u00e1tov\u011b prost\u0159ednictv\u00edm zdarma sta\u017eiteln\u00e9 aplikace na kompatibiln\u00edch za\u0159\u00edzen\u00edch s technologi\u00ed Bluetooth. Vlastnosti: Chlad\u00ed v rozmez\u00ed od -22\u00b0C a\u017e 10\u00b0C Hmotnost: 31 kg Kapacita: 69 L Nap\u00e1jen\u00ed pomoc\u00ed 12V nebo 230V Odb\u011br proudu: 0,8 Ah Integrovan\u00e1 ochrana proti vybit\u00ed akumul\u00e1toru Bluetooth p\u0159ipojen\u00ed Vnit\u0159n\u00ed LED osv\u011btlen\u00ed","og_url":"https:\/\/shopatoa.com\/cz\/lednice-zero-dual-zone-69l\/","og_site_name":"SHOPATOA","article_modified_time":"2025-03-14T20:43:23+00:00","og_image":[{"width":1000,"height":667,"url":"https:\/\/shopatoa.com\/cz\/wp-content\/uploads\/2025\/02\/n6453864a2826a-10802693.jpeg","type":"image\/jpeg"}],"twitter_card":"summary_large_image","twitter_misc":{"Odhadovan\u00e1 doba \u010dten\u00ed":"1 minuta"},"schema":{"@context":"https:\/\/schema.org","@graph":[{"@type":"WebPage","@id":"https:\/\/shopatoa.com\/cz\/lednice-zero-dual-zone-69l\/","url":"https:\/\/shopatoa.com\/cz\/lednice-zero-dual-zone-69l\/","name":"Lednice ZERO DUAL-ZONE 69L - SHOPATOA.COM","isPartOf":{"@id":"https:\/\/shopatoa.com\/cz\/#website"},"primaryImageOfPage":{"@id":"https:\/\/shopatoa.com\/cz\/lednice-zero-dual-zone-69l\/#primaryimage"},"image":{"@id":"https:\/\/shopatoa.com\/cz\/lednice-zero-dual-zone-69l\/#primaryimage"},"thumbnailUrl":"https:\/\/shopatoa.com\/cz\/wp-content\/uploads\/2025\/02\/n6453864a2826a-10802693.jpeg","datePublished":"2025-02-14T14:52:39+00:00","dateModified":"2025-03-14T20:43:23+00:00","description":"P\u0159enosn\u00fd elektrick\u00fd chladic\u00ed box ARB ZERO je nejnov\u011bj\u0161\u00edm p\u0159\u00edr\u016fstkem do \u0159ady ARB lednic. Je nabit\u00fd jedine\u010dn\u00fdmi funkcemi, kter\u00e9 v\u00e1m zajist\u00ed co nejbezstarostn\u011bj\u0161\u00ed pobyt v p\u0159\u00edrod\u011b. Tento stylov\u00fd chladic\u00ed box je k dispozici bu\u010f v jednoz\u00f3nov\u00e9m, nebo dvouz\u00f3nov\u00e9m proveden\u00ed a ve \u010dty\u0159ech r\u016fzn\u00fdch velikostech. Pokud hled\u00e1te nov\u00fd zp\u016fsob, jak udr\u017eet plechovky v chladu a j\u00eddlo ve zmrzl\u00e9m stavu, hledejte nov\u00fd elektrick\u00fd chladic\u00ed box ZERO od spole\u010dnosti ARB. M\u00edt k dispozici chladic\u00ed i mrazic\u00ed prostor najednou znamen\u00e1, \u017ee m\u016f\u017eete cestovat del\u0161\u00ed dobu bez dopl\u0148ov\u00e1n\u00ed z\u00e1sob. Jsou k dispozici v objemu 69 L a 96 L a d\u00edky rychloup\u00ednac\u00edmu v\u00edku pro v\u00fdm\u011bnu otvor\u016f a p\u0159edn\u00edmu a zadn\u00edmu p\u0159\u00edvodu stejnosm\u011brn\u00e9ho proudu, jsou dokonal\u00fdm dopl\u0148kem va\u0161eho auta, obytn\u00e9ho p\u0159\u00edv\u011bsu nebo karavanu. Pro v\u011bt\u0161\u00ed pohodl\u00ed jsou p\u0159enosn\u00e9 chladic\u00ed boxy vybaveny tak\u00e9 p\u0159edn\u00edm vstupem st\u0159\u00eddav\u00e9ho proudu pro p\u0159ipojen\u00ed doma nebo na m\u00edst\u011b s elektrickou energi\u00ed a praktickou z\u00e1suvkou USB pro nab\u00edjen\u00ed va\u0161ich za\u0159\u00edzen\u00ed. Teplotu m\u016f\u017eete ovl\u00e1dat pomoc\u00ed panelu na p\u0159edn\u00ed stran\u011b nebo bezdr\u00e1tov\u011b prost\u0159ednictv\u00edm zdarma sta\u017eiteln\u00e9 aplikace na kompatibiln\u00edch za\u0159\u00edzen\u00edch s technologi\u00ed Bluetooth. Vlastnosti: Chlad\u00ed v rozmez\u00ed od -22\u00b0C a\u017e 10\u00b0C Hmotnost: 31 kg Kapacita: 69 L Nap\u00e1jen\u00ed pomoc\u00ed 12V nebo 230V Odb\u011br proudu: 0,8 Ah Integrovan\u00e1 ochrana proti vybit\u00ed akumul\u00e1toru Bluetooth p\u0159ipojen\u00ed Vnit\u0159n\u00ed LED osv\u011btlen\u00ed","breadcrumb":{"@id":"https:\/\/shopatoa.com\/cz\/lednice-zero-dual-zone-69l\/#breadcrumb"},"inLanguage":"cs","potentialAction":[{"@type":"ReadAction","target":["https:\/\/shopatoa.com\/cz\/lednice-zero-dual-zone-69l\/"]}]},{"@type":"ImageObject","inLanguage":"cs","@id":"https:\/\/shopatoa.com\/cz\/lednice-zero-dual-zone-69l\/#primaryimage","url":"https:\/\/shopatoa.com\/cz\/wp-content\/uploads\/2025\/02\/n6453864a2826a-10802693.jpeg","contentUrl":"https:\/\/shopatoa.com\/cz\/wp-content\/uploads\/2025\/02\/n6453864a2826a-10802693.jpeg","width":1000,"height":667},{"@type":"BreadcrumbList","@id":"https:\/\/shopatoa.com\/cz\/lednice-zero-dual-zone-69l\/#breadcrumb","itemListElement":[{"@type":"ListItem","position":1,"name":"Dom\u016f","item":"https:\/\/shopatoa.com\/cz\/"},{"@type":"ListItem","position":2,"name":"Produkty","item":"https:\/\/shopatoa.com\/cz\/shop\/"},{"@type":"ListItem","position":3,"name":"Sport","item":"https:\/\/shopatoa.com\/cz\/sport\/"},{"@type":"ListItem","position":4,"name":"Outdoorov\u00e9 vybaven\u00ed","item":"https:\/\/shopatoa.com\/cz\/outdoorove-vybaveni\/"},{"@type":"ListItem","position":5,"name":"Lednice ZERO DUAL-ZONE 69L"}]},{"@type":"WebSite","@id":"https:\/\/shopatoa.com\/cz\/#website","url":"https:\/\/shopatoa.com\/cz\/","name":"SHOPATOA","description":"","publisher":{"@id":"https:\/\/shopatoa.com\/cz\/#organization"},"potentialAction":[{"@type":"SearchAction","target":{"@type":"EntryPoint","urlTemplate":"https:\/\/shopatoa.com\/cz\/?s={search_term_string}"},"query-input":{"@type":"PropertyValueSpecification","valueRequired":true,"valueName":"search_term_string"}}],"inLanguage":"cs"},{"@type":"Organization","@id":"https:\/\/shopatoa.com\/cz\/#organization","name":"SHOPATOA Digital s.r.o.","url":"https:\/\/shopatoa.com\/cz\/","logo":{"@type":"ImageObject","inLanguage":"cs","@id":"https:\/\/shopatoa.com\/cz\/#\/schema\/logo\/image\/","url":"https:\/\/storage.googleapis.com\/cz-shopatoa-img\/cz\/ebccf434-shopatoa_logo.png","contentUrl":"https:\/\/storage.googleapis.com\/cz-shopatoa-img\/cz\/ebccf434-shopatoa_logo.png","width":416,"height":63,"caption":"SHOPATOA Digital s.r.o."},"image":{"@id":"https:\/\/shopatoa.com\/cz\/#\/schema\/logo\/image\/"}}]}},"_links":{"self":[{"href":"https:\/\/shopatoa.com\/cz\/wp-json\/wp\/v2\/product\/129704","targetHints":{"allow":["GET"]}}],"collection":[{"href":"https:\/\/shopatoa.com\/cz\/wp-json\/wp\/v2\/product"}],"about":[{"href":"https:\/\/shopatoa.com\/cz\/wp-json\/wp\/v2\/types\/product"}],"replies":[{"embeddable":true,"href":"https:\/\/shopatoa.com\/cz\/wp-json\/wp\/v2\/comments?post=129704"}],"wp:featuredmedia":[{"embeddable":true,"href":"https:\/\/shopatoa.com\/cz\/wp-json\/wp\/v2\/media\/129705"}],"wp:attachment":[{"href":"https:\/\/shopatoa.com\/cz\/wp-json\/wp\/v2\/media?parent=129704"}],"wp:term":[{"taxonomy":"product_brand","embeddable":true,"href":"https:\/\/shopatoa.com\/cz\/wp-json\/wp\/v2\/product_brand?post=129704"},{"taxonomy":"product_cat","embeddable":true,"href":"https:\/\/shopatoa.com\/cz\/wp-json\/wp\/v2\/product_cat?post=129704"},{"taxonomy":"product_tag","embeddable":true,"href":"https:\/\/shopatoa.com\/cz\/wp-json\/wp\/v2\/product_tag?post=129704"}],"curies":[{"name":"wp","href":"https:\/\/api.w.org\/{rel}","templated":true}]}}