{"id":129706,"date":"2025-02-14T15:52:39","date_gmt":"2025-02-14T14:52:39","guid":{"rendered":"https:\/\/shopatoa.com\/cz\/arb-stresni-stan-simpson-3\/"},"modified":"2025-03-14T21:43:25","modified_gmt":"2025-03-14T20:43:25","slug":"arb-stresni-stan-simpson-3","status":"publish","type":"product","link":"https:\/\/shopatoa.com\/cz\/arb-stresni-stan-simpson-3\/","title":{"rendered":"ARB st\u0159e\u0161n\u00ed stan SIMPSON 3"},"content":{"rendered":"<p>St\u0159e\u0161n\u00ed stan ARB Simpson III poskytuje maxim\u00e1ln\u00ed pohodl\u00ed a komfort p\u0159i cestov\u00e1n\u00ed. St\u0159e\u0161n\u00ed stan, kter\u00fd se rozlo\u017e\u00ed b\u011bhem chv\u00edle, poskytuje spac\u00ed prostor mimo zem, chr\u00e1n\u011bn\u00fd p\u0159ed pov\u011btrnostn\u00edmi vlivy. Ve\u0161ker\u00e9 l\u016f\u017ekoviny mohou b\u011bhem cesty z\u016fstat uvnit\u0159 stanu, \u010d\u00edm\u017e se uvoln\u00ed d\u016fle\u017eit\u00fd \u00falo\u017en\u00fd prostor ve vozidle a stan lze snadno a rychle sbalit.<br \/>\nRychl\u00e9mu sbalen\u00ed a sestaven\u00ed napom\u00e1h\u00e1 tak\u00e9 jedine\u010dn\u00fd syst\u00e9m bungee lanek, kter\u00fd udr\u017euje st\u011bny zastr\u010den\u00e9 a pom\u00e1h\u00e1 tak urychlit sbalen\u00ed, abyste se rychleji vr\u00e1tili na cestu.<br \/>\nNov\u011b m\u00e1 st\u0159e\u0161n\u00ed stan SIMPSON III 2 vyv\u00fd\u0161en\u00e9 kapsy pro boty.<br \/>\nVlastnosti:<\/p>\n<p>Rychloskl\u00e1dateln\u00fd<br \/>\nChr\u00e1n\u00ed p\u0159ed pov\u011btrnostn\u00edmi vlivy<br \/>\nVnit\u0159n\u00ed \u00falo\u017en\u00fd prostor<br \/>\nHlin\u00edkov\u00fd \u017eeb\u0159\u00edk<br \/>\nHmotnost: 81kg<br \/>\nL\u016f\u017ekoviny skladovateln\u00e9 ve slo\u017een\u00e9m stanu<br \/>\nVyrobeno z vysoce kvalitn\u00edho, vod\u011bodoln\u00e9ho polyester\/bavln\u011bn\u00e9ho pl\u00e1tna<\/p>\n<p>Vyrobeno z vysoce kvalitn\u00edho, vod\u011bodoln\u00e9ho poly\/bavln\u011bn\u00e9ho rip stop pl\u00e1tna<br \/>\nVstupn\u00ed dv\u00ed\u0159ka za ka\u017ed\u00e9ho po\u010das\u00ed s popruhy, kter\u00e9 v\u00e1m pomohou dostat se do stanu<br \/>\nJemn\u00e1 okna a dve\u0159e se s\u00edt\u00ed proti hmyzu chr\u00e1n\u00edc\u00ed p\u0159ed nejmen\u0161\u00edm hmyzem pro lep\u0161\u00ed no\u010dn\u00ed sp\u00e1nek<br \/>\nObsahuje 2,5&#8243; matraci z lepen\u00e9 p\u011bny s vysokou hustotou se sn\u00edmateln\u00fdm potahem pro v\u011bt\u0161\u00ed pohodl\u00ed a odolnost<br \/>\nV\u00fdsuvn\u00fd \u017eeb\u0159\u00edk z eloxovan\u00e9ho hlin\u00edku<br \/>\nVe slo\u017een\u00e9m stavu lze povle\u010den\u00ed ulo\u017eit dovnit\u0159<\/p>\n","protected":false},"excerpt":{"rendered":"<p>St\u0159e\u0161n\u00ed stan ARB Simpson III poskytuje maxim\u00e1ln\u00ed pohodl\u00ed a komfort p\u0159i cestov\u00e1n\u00ed. St\u0159e\u0161n\u00ed stan, kter\u00fd se rozlo\u017e\u00ed b\u011bhem chv\u00edle, poskytuje spac\u00ed prostor mimo zem, chr\u00e1n\u011bn\u00fd p\u0159ed pov\u011btrnostn\u00edmi vlivy. Ve\u0161ker\u00e9 l\u016f\u017ekoviny mohou b\u011bhem cesty z\u016fstat uvnit\u0159 stanu, \u010d\u00edm\u017e se uvoln\u00ed d\u016fle\u017eit\u00fd \u00falo\u017en\u00fd prostor ve vozidle a stan lze snadno a rychle sbalit. Rychl\u00e9mu sbalen\u00ed a sestaven\u00ed&#8230;<\/p>\n","protected":false},"featured_media":129707,"comment_status":"closed","ping_status":"open","template":"","meta":{"_acf_changed":false,"_kadence_starter_templates_imported_post":false,"_kad_post_transparent":"","_kad_post_title":"","_kad_post_layout":"","_kad_post_sidebar_id":"","_kad_post_content_style":"","_kad_post_vertical_padding":"","_kad_post_feature":"","_kad_post_feature_position":"","_kad_post_header":false,"_kad_post_footer":false,"_kad_post_classname":""},"product_brand":[],"product_cat":[85,48],"product_tag":[],"class_list":{"0":"post-129706","1":"product","2":"type-product","3":"status-publish","4":"has-post-thumbnail","6":"product_cat-outdoorove-vybaveni","7":"product_cat-sport","8":"pa_obchod-procamping-cz","10":"first","11":"instock","12":"product-type-external","13":"entry","14":"content-bg","15":"loop-entry"},"acf":[],"yoast_head":"<!-- This site is optimized with the Yoast SEO plugin v27.4 - https:\/\/yoast.com\/product\/yoast-seo-wordpress\/ -->\n<title>ARB st\u0159e\u0161n\u00ed stan SIMPSON 3 - SHOPATOA.COM<\/title>\n<meta name=\"description\" content=\"St\u0159e\u0161n\u00ed stan ARB Simpson III poskytuje maxim\u00e1ln\u00ed pohodl\u00ed a komfort p\u0159i cestov\u00e1n\u00ed. St\u0159e\u0161n\u00ed stan, kter\u00fd se rozlo\u017e\u00ed b\u011bhem chv\u00edle, poskytuje spac\u00ed prostor mimo zem, chr\u00e1n\u011bn\u00fd p\u0159ed pov\u011btrnostn\u00edmi vlivy. Ve\u0161ker\u00e9 l\u016f\u017ekoviny mohou b\u011bhem cesty z\u016fstat uvnit\u0159 stanu, \u010d\u00edm\u017e se uvoln\u00ed d\u016fle\u017eit\u00fd \u00falo\u017en\u00fd prostor ve vozidle a stan lze snadno a rychle sbalit. Rychl\u00e9mu sbalen\u00ed a sestaven\u00ed napom\u00e1h\u00e1 tak\u00e9 jedine\u010dn\u00fd syst\u00e9m bungee lanek, kter\u00fd udr\u017euje st\u011bny zastr\u010den\u00e9 a pom\u00e1h\u00e1 tak urychlit sbalen\u00ed, abyste se rychleji vr\u00e1tili na cestu. Nov\u011b m\u00e1 st\u0159e\u0161n\u00ed stan SIMPSON III 2 vyv\u00fd\u0161en\u00e9 kapsy pro boty. Vlastnosti: Rychloskl\u00e1dateln\u00fd Chr\u00e1n\u00ed p\u0159ed pov\u011btrnostn\u00edmi vlivy Vnit\u0159n\u00ed \u00falo\u017en\u00fd prostor Hlin\u00edkov\u00fd \u017eeb\u0159\u00edk Hmotnost: 81kg L\u016f\u017ekoviny skladovateln\u00e9 ve slo\u017een\u00e9m stanu Vyrobeno z vysoce kvalitn\u00edho, vod\u011bodoln\u00e9ho polyester\/bavln\u011bn\u00e9ho pl\u00e1tna Vyrobeno z vysoce kvalitn\u00edho, vod\u011bodoln\u00e9ho poly\/bavln\u011bn\u00e9ho rip stop pl\u00e1tna Vstupn\u00ed dv\u00ed\u0159ka za ka\u017ed\u00e9ho po\u010das\u00ed s popruhy, kter\u00e9 v\u00e1m pomohou dostat se do stanu Jemn\u00e1 okna a dve\u0159e se s\u00edt\u00ed proti hmyzu chr\u00e1n\u00edc\u00ed p\u0159ed nejmen\u0161\u00edm hmyzem pro lep\u0161\u00ed no\u010dn\u00ed sp\u00e1nek Obsahuje 2,5&quot; matraci z lepen\u00e9 p\u011bny s vysokou hustotou se sn\u00edmateln\u00fdm potahem pro v\u011bt\u0161\u00ed pohodl\u00ed a odolnost V\u00fdsuvn\u00fd \u017eeb\u0159\u00edk z eloxovan\u00e9ho hlin\u00edku Ve slo\u017een\u00e9m stavu lze povle\u010den\u00ed ulo\u017eit dovnit\u0159\" \/>\n<meta name=\"robots\" content=\"index, follow, max-snippet:-1, max-image-preview:large, max-video-preview:-1\" \/>\n<link rel=\"canonical\" href=\"https:\/\/shopatoa.com\/cz\/arb-stresni-stan-simpson-3\/\" \/>\n<meta property=\"og:locale\" content=\"cs_CZ\" \/>\n<meta property=\"og:type\" content=\"article\" \/>\n<meta property=\"og:title\" content=\"ARB st\u0159e\u0161n\u00ed stan SIMPSON 3 - SHOPATOA.COM\" \/>\n<meta property=\"og:description\" content=\"St\u0159e\u0161n\u00ed stan ARB Simpson III poskytuje maxim\u00e1ln\u00ed pohodl\u00ed a komfort p\u0159i cestov\u00e1n\u00ed. St\u0159e\u0161n\u00ed stan, kter\u00fd se rozlo\u017e\u00ed b\u011bhem chv\u00edle, poskytuje spac\u00ed prostor mimo zem, chr\u00e1n\u011bn\u00fd p\u0159ed pov\u011btrnostn\u00edmi vlivy. Ve\u0161ker\u00e9 l\u016f\u017ekoviny mohou b\u011bhem cesty z\u016fstat uvnit\u0159 stanu, \u010d\u00edm\u017e se uvoln\u00ed d\u016fle\u017eit\u00fd \u00falo\u017en\u00fd prostor ve vozidle a stan lze snadno a rychle sbalit. Rychl\u00e9mu sbalen\u00ed a sestaven\u00ed napom\u00e1h\u00e1 tak\u00e9 jedine\u010dn\u00fd syst\u00e9m bungee lanek, kter\u00fd udr\u017euje st\u011bny zastr\u010den\u00e9 a pom\u00e1h\u00e1 tak urychlit sbalen\u00ed, abyste se rychleji vr\u00e1tili na cestu. Nov\u011b m\u00e1 st\u0159e\u0161n\u00ed stan SIMPSON III 2 vyv\u00fd\u0161en\u00e9 kapsy pro boty. Vlastnosti: Rychloskl\u00e1dateln\u00fd Chr\u00e1n\u00ed p\u0159ed pov\u011btrnostn\u00edmi vlivy Vnit\u0159n\u00ed \u00falo\u017en\u00fd prostor Hlin\u00edkov\u00fd \u017eeb\u0159\u00edk Hmotnost: 81kg L\u016f\u017ekoviny skladovateln\u00e9 ve slo\u017een\u00e9m stanu Vyrobeno z vysoce kvalitn\u00edho, vod\u011bodoln\u00e9ho polyester\/bavln\u011bn\u00e9ho pl\u00e1tna Vyrobeno z vysoce kvalitn\u00edho, vod\u011bodoln\u00e9ho poly\/bavln\u011bn\u00e9ho rip stop pl\u00e1tna Vstupn\u00ed dv\u00ed\u0159ka za ka\u017ed\u00e9ho po\u010das\u00ed s popruhy, kter\u00e9 v\u00e1m pomohou dostat se do stanu Jemn\u00e1 okna a dve\u0159e se s\u00edt\u00ed proti hmyzu chr\u00e1n\u00edc\u00ed p\u0159ed nejmen\u0161\u00edm hmyzem pro lep\u0161\u00ed no\u010dn\u00ed sp\u00e1nek Obsahuje 2,5&quot; matraci z lepen\u00e9 p\u011bny s vysokou hustotou se sn\u00edmateln\u00fdm potahem pro v\u011bt\u0161\u00ed pohodl\u00ed a odolnost V\u00fdsuvn\u00fd \u017eeb\u0159\u00edk z eloxovan\u00e9ho hlin\u00edku Ve slo\u017een\u00e9m stavu lze povle\u010den\u00ed ulo\u017eit dovnit\u0159\" \/>\n<meta property=\"og:url\" content=\"https:\/\/shopatoa.com\/cz\/arb-stresni-stan-simpson-3\/\" \/>\n<meta property=\"og:site_name\" content=\"SHOPATOA\" \/>\n<meta property=\"article:modified_time\" content=\"2025-03-14T20:43:25+00:00\" \/>\n<meta property=\"og:image\" content=\"https:\/\/shopatoa.com\/cz\/wp-content\/uploads\/2025\/02\/n6453842a0d833-803103.jpeg\" \/>\n\t<meta property=\"og:image:width\" content=\"1000\" \/>\n\t<meta property=\"og:image:height\" content=\"667\" \/>\n\t<meta property=\"og:image:type\" content=\"image\/jpeg\" \/>\n<meta name=\"twitter:card\" content=\"summary_large_image\" \/>\n<meta name=\"twitter:label1\" content=\"Odhadovan\u00e1 doba \u010dten\u00ed\" \/>\n\t<meta name=\"twitter:data1\" content=\"1 minuta\" \/>\n<script type=\"application\/ld+json\" class=\"yoast-schema-graph\">{\"@context\":\"https:\\\/\\\/schema.org\",\"@graph\":[{\"@type\":\"WebPage\",\"@id\":\"https:\\\/\\\/shopatoa.com\\\/cz\\\/arb-stresni-stan-simpson-3\\\/\",\"url\":\"https:\\\/\\\/shopatoa.com\\\/cz\\\/arb-stresni-stan-simpson-3\\\/\",\"name\":\"ARB st\u0159e\u0161n\u00ed stan SIMPSON 3 - SHOPATOA.COM\",\"isPartOf\":{\"@id\":\"https:\\\/\\\/shopatoa.com\\\/cz\\\/#website\"},\"primaryImageOfPage\":{\"@id\":\"https:\\\/\\\/shopatoa.com\\\/cz\\\/arb-stresni-stan-simpson-3\\\/#primaryimage\"},\"image\":{\"@id\":\"https:\\\/\\\/shopatoa.com\\\/cz\\\/arb-stresni-stan-simpson-3\\\/#primaryimage\"},\"thumbnailUrl\":\"https:\\\/\\\/shopatoa.com\\\/cz\\\/wp-content\\\/uploads\\\/2025\\\/02\\\/n6453842a0d833-803103.jpeg\",\"datePublished\":\"2025-02-14T14:52:39+00:00\",\"dateModified\":\"2025-03-14T20:43:25+00:00\",\"description\":\"St\u0159e\u0161n\u00ed stan ARB Simpson III poskytuje maxim\u00e1ln\u00ed pohodl\u00ed a komfort p\u0159i cestov\u00e1n\u00ed. St\u0159e\u0161n\u00ed stan, kter\u00fd se rozlo\u017e\u00ed b\u011bhem chv\u00edle, poskytuje spac\u00ed prostor mimo zem, chr\u00e1n\u011bn\u00fd p\u0159ed pov\u011btrnostn\u00edmi vlivy. Ve\u0161ker\u00e9 l\u016f\u017ekoviny mohou b\u011bhem cesty z\u016fstat uvnit\u0159 stanu, \u010d\u00edm\u017e se uvoln\u00ed d\u016fle\u017eit\u00fd \u00falo\u017en\u00fd prostor ve vozidle a stan lze snadno a rychle sbalit. Rychl\u00e9mu sbalen\u00ed a sestaven\u00ed napom\u00e1h\u00e1 tak\u00e9 jedine\u010dn\u00fd syst\u00e9m bungee lanek, kter\u00fd udr\u017euje st\u011bny zastr\u010den\u00e9 a pom\u00e1h\u00e1 tak urychlit sbalen\u00ed, abyste se rychleji vr\u00e1tili na cestu. Nov\u011b m\u00e1 st\u0159e\u0161n\u00ed stan SIMPSON III 2 vyv\u00fd\u0161en\u00e9 kapsy pro boty. Vlastnosti: Rychloskl\u00e1dateln\u00fd Chr\u00e1n\u00ed p\u0159ed pov\u011btrnostn\u00edmi vlivy Vnit\u0159n\u00ed \u00falo\u017en\u00fd prostor Hlin\u00edkov\u00fd \u017eeb\u0159\u00edk Hmotnost: 81kg L\u016f\u017ekoviny skladovateln\u00e9 ve slo\u017een\u00e9m stanu Vyrobeno z vysoce kvalitn\u00edho, vod\u011bodoln\u00e9ho polyester\\\/bavln\u011bn\u00e9ho pl\u00e1tna Vyrobeno z vysoce kvalitn\u00edho, vod\u011bodoln\u00e9ho poly\\\/bavln\u011bn\u00e9ho rip stop pl\u00e1tna Vstupn\u00ed dv\u00ed\u0159ka za ka\u017ed\u00e9ho po\u010das\u00ed s popruhy, kter\u00e9 v\u00e1m pomohou dostat se do stanu Jemn\u00e1 okna a dve\u0159e se s\u00edt\u00ed proti hmyzu chr\u00e1n\u00edc\u00ed p\u0159ed nejmen\u0161\u00edm hmyzem pro lep\u0161\u00ed no\u010dn\u00ed sp\u00e1nek Obsahuje 2,5\\\" matraci z lepen\u00e9 p\u011bny s vysokou hustotou se sn\u00edmateln\u00fdm potahem pro v\u011bt\u0161\u00ed pohodl\u00ed a odolnost V\u00fdsuvn\u00fd \u017eeb\u0159\u00edk z eloxovan\u00e9ho hlin\u00edku Ve slo\u017een\u00e9m stavu lze povle\u010den\u00ed ulo\u017eit dovnit\u0159\",\"breadcrumb\":{\"@id\":\"https:\\\/\\\/shopatoa.com\\\/cz\\\/arb-stresni-stan-simpson-3\\\/#breadcrumb\"},\"inLanguage\":\"cs\",\"potentialAction\":[{\"@type\":\"ReadAction\",\"target\":[\"https:\\\/\\\/shopatoa.com\\\/cz\\\/arb-stresni-stan-simpson-3\\\/\"]}]},{\"@type\":\"ImageObject\",\"inLanguage\":\"cs\",\"@id\":\"https:\\\/\\\/shopatoa.com\\\/cz\\\/arb-stresni-stan-simpson-3\\\/#primaryimage\",\"url\":\"https:\\\/\\\/shopatoa.com\\\/cz\\\/wp-content\\\/uploads\\\/2025\\\/02\\\/n6453842a0d833-803103.jpeg\",\"contentUrl\":\"https:\\\/\\\/shopatoa.com\\\/cz\\\/wp-content\\\/uploads\\\/2025\\\/02\\\/n6453842a0d833-803103.jpeg\",\"width\":1000,\"height\":667},{\"@type\":\"BreadcrumbList\",\"@id\":\"https:\\\/\\\/shopatoa.com\\\/cz\\\/arb-stresni-stan-simpson-3\\\/#breadcrumb\",\"itemListElement\":[{\"@type\":\"ListItem\",\"position\":1,\"name\":\"Dom\u016f\",\"item\":\"https:\\\/\\\/shopatoa.com\\\/cz\\\/\"},{\"@type\":\"ListItem\",\"position\":2,\"name\":\"Produkty\",\"item\":\"https:\\\/\\\/shopatoa.com\\\/cz\\\/shop\\\/\"},{\"@type\":\"ListItem\",\"position\":3,\"name\":\"Sport\",\"item\":\"https:\\\/\\\/shopatoa.com\\\/cz\\\/sport\\\/\"},{\"@type\":\"ListItem\",\"position\":4,\"name\":\"Outdoorov\u00e9 vybaven\u00ed\",\"item\":\"https:\\\/\\\/shopatoa.com\\\/cz\\\/outdoorove-vybaveni\\\/\"},{\"@type\":\"ListItem\",\"position\":5,\"name\":\"ARB st\u0159e\u0161n\u00ed stan SIMPSON 3\"}]},{\"@type\":\"WebSite\",\"@id\":\"https:\\\/\\\/shopatoa.com\\\/cz\\\/#website\",\"url\":\"https:\\\/\\\/shopatoa.com\\\/cz\\\/\",\"name\":\"SHOPATOA\",\"description\":\"\",\"publisher\":{\"@id\":\"https:\\\/\\\/shopatoa.com\\\/cz\\\/#organization\"},\"potentialAction\":[{\"@type\":\"SearchAction\",\"target\":{\"@type\":\"EntryPoint\",\"urlTemplate\":\"https:\\\/\\\/shopatoa.com\\\/cz\\\/?s={search_term_string}\"},\"query-input\":{\"@type\":\"PropertyValueSpecification\",\"valueRequired\":true,\"valueName\":\"search_term_string\"}}],\"inLanguage\":\"cs\"},{\"@type\":\"Organization\",\"@id\":\"https:\\\/\\\/shopatoa.com\\\/cz\\\/#organization\",\"name\":\"SHOPATOA Digital s.r.o.\",\"url\":\"https:\\\/\\\/shopatoa.com\\\/cz\\\/\",\"logo\":{\"@type\":\"ImageObject\",\"inLanguage\":\"cs\",\"@id\":\"https:\\\/\\\/shopatoa.com\\\/cz\\\/#\\\/schema\\\/logo\\\/image\\\/\",\"url\":\"https:\\\/\\\/storage.googleapis.com\\\/cz-shopatoa-img\\\/cz\\\/ebccf434-shopatoa_logo.png\",\"contentUrl\":\"https:\\\/\\\/storage.googleapis.com\\\/cz-shopatoa-img\\\/cz\\\/ebccf434-shopatoa_logo.png\",\"width\":416,\"height\":63,\"caption\":\"SHOPATOA Digital s.r.o.\"},\"image\":{\"@id\":\"https:\\\/\\\/shopatoa.com\\\/cz\\\/#\\\/schema\\\/logo\\\/image\\\/\"}}]}<\/script>\n<!-- \/ Yoast SEO plugin. -->","yoast_head_json":{"title":"ARB st\u0159e\u0161n\u00ed stan SIMPSON 3 - SHOPATOA.COM","description":"St\u0159e\u0161n\u00ed stan ARB Simpson III poskytuje maxim\u00e1ln\u00ed pohodl\u00ed a komfort p\u0159i cestov\u00e1n\u00ed. St\u0159e\u0161n\u00ed stan, kter\u00fd se rozlo\u017e\u00ed b\u011bhem chv\u00edle, poskytuje spac\u00ed prostor mimo zem, chr\u00e1n\u011bn\u00fd p\u0159ed pov\u011btrnostn\u00edmi vlivy. Ve\u0161ker\u00e9 l\u016f\u017ekoviny mohou b\u011bhem cesty z\u016fstat uvnit\u0159 stanu, \u010d\u00edm\u017e se uvoln\u00ed d\u016fle\u017eit\u00fd \u00falo\u017en\u00fd prostor ve vozidle a stan lze snadno a rychle sbalit. Rychl\u00e9mu sbalen\u00ed a sestaven\u00ed napom\u00e1h\u00e1 tak\u00e9 jedine\u010dn\u00fd syst\u00e9m bungee lanek, kter\u00fd udr\u017euje st\u011bny zastr\u010den\u00e9 a pom\u00e1h\u00e1 tak urychlit sbalen\u00ed, abyste se rychleji vr\u00e1tili na cestu. Nov\u011b m\u00e1 st\u0159e\u0161n\u00ed stan SIMPSON III 2 vyv\u00fd\u0161en\u00e9 kapsy pro boty. Vlastnosti: Rychloskl\u00e1dateln\u00fd Chr\u00e1n\u00ed p\u0159ed pov\u011btrnostn\u00edmi vlivy Vnit\u0159n\u00ed \u00falo\u017en\u00fd prostor Hlin\u00edkov\u00fd \u017eeb\u0159\u00edk Hmotnost: 81kg L\u016f\u017ekoviny skladovateln\u00e9 ve slo\u017een\u00e9m stanu Vyrobeno z vysoce kvalitn\u00edho, vod\u011bodoln\u00e9ho polyester\/bavln\u011bn\u00e9ho pl\u00e1tna Vyrobeno z vysoce kvalitn\u00edho, vod\u011bodoln\u00e9ho poly\/bavln\u011bn\u00e9ho rip stop pl\u00e1tna Vstupn\u00ed dv\u00ed\u0159ka za ka\u017ed\u00e9ho po\u010das\u00ed s popruhy, kter\u00e9 v\u00e1m pomohou dostat se do stanu Jemn\u00e1 okna a dve\u0159e se s\u00edt\u00ed proti hmyzu chr\u00e1n\u00edc\u00ed p\u0159ed nejmen\u0161\u00edm hmyzem pro lep\u0161\u00ed no\u010dn\u00ed sp\u00e1nek Obsahuje 2,5\" matraci z lepen\u00e9 p\u011bny s vysokou hustotou se sn\u00edmateln\u00fdm potahem pro v\u011bt\u0161\u00ed pohodl\u00ed a odolnost V\u00fdsuvn\u00fd \u017eeb\u0159\u00edk z eloxovan\u00e9ho hlin\u00edku Ve slo\u017een\u00e9m stavu lze povle\u010den\u00ed ulo\u017eit dovnit\u0159","robots":{"index":"index","follow":"follow","max-snippet":"max-snippet:-1","max-image-preview":"max-image-preview:large","max-video-preview":"max-video-preview:-1"},"canonical":"https:\/\/shopatoa.com\/cz\/arb-stresni-stan-simpson-3\/","og_locale":"cs_CZ","og_type":"article","og_title":"ARB st\u0159e\u0161n\u00ed stan SIMPSON 3 - SHOPATOA.COM","og_description":"St\u0159e\u0161n\u00ed stan ARB Simpson III poskytuje maxim\u00e1ln\u00ed pohodl\u00ed a komfort p\u0159i cestov\u00e1n\u00ed. St\u0159e\u0161n\u00ed stan, kter\u00fd se rozlo\u017e\u00ed b\u011bhem chv\u00edle, poskytuje spac\u00ed prostor mimo zem, chr\u00e1n\u011bn\u00fd p\u0159ed pov\u011btrnostn\u00edmi vlivy. Ve\u0161ker\u00e9 l\u016f\u017ekoviny mohou b\u011bhem cesty z\u016fstat uvnit\u0159 stanu, \u010d\u00edm\u017e se uvoln\u00ed d\u016fle\u017eit\u00fd \u00falo\u017en\u00fd prostor ve vozidle a stan lze snadno a rychle sbalit. Rychl\u00e9mu sbalen\u00ed a sestaven\u00ed napom\u00e1h\u00e1 tak\u00e9 jedine\u010dn\u00fd syst\u00e9m bungee lanek, kter\u00fd udr\u017euje st\u011bny zastr\u010den\u00e9 a pom\u00e1h\u00e1 tak urychlit sbalen\u00ed, abyste se rychleji vr\u00e1tili na cestu. Nov\u011b m\u00e1 st\u0159e\u0161n\u00ed stan SIMPSON III 2 vyv\u00fd\u0161en\u00e9 kapsy pro boty. Vlastnosti: Rychloskl\u00e1dateln\u00fd Chr\u00e1n\u00ed p\u0159ed pov\u011btrnostn\u00edmi vlivy Vnit\u0159n\u00ed \u00falo\u017en\u00fd prostor Hlin\u00edkov\u00fd \u017eeb\u0159\u00edk Hmotnost: 81kg L\u016f\u017ekoviny skladovateln\u00e9 ve slo\u017een\u00e9m stanu Vyrobeno z vysoce kvalitn\u00edho, vod\u011bodoln\u00e9ho polyester\/bavln\u011bn\u00e9ho pl\u00e1tna Vyrobeno z vysoce kvalitn\u00edho, vod\u011bodoln\u00e9ho poly\/bavln\u011bn\u00e9ho rip stop pl\u00e1tna Vstupn\u00ed dv\u00ed\u0159ka za ka\u017ed\u00e9ho po\u010das\u00ed s popruhy, kter\u00e9 v\u00e1m pomohou dostat se do stanu Jemn\u00e1 okna a dve\u0159e se s\u00edt\u00ed proti hmyzu chr\u00e1n\u00edc\u00ed p\u0159ed nejmen\u0161\u00edm hmyzem pro lep\u0161\u00ed no\u010dn\u00ed sp\u00e1nek Obsahuje 2,5\" matraci z lepen\u00e9 p\u011bny s vysokou hustotou se sn\u00edmateln\u00fdm potahem pro v\u011bt\u0161\u00ed pohodl\u00ed a odolnost V\u00fdsuvn\u00fd \u017eeb\u0159\u00edk z eloxovan\u00e9ho hlin\u00edku Ve slo\u017een\u00e9m stavu lze povle\u010den\u00ed ulo\u017eit dovnit\u0159","og_url":"https:\/\/shopatoa.com\/cz\/arb-stresni-stan-simpson-3\/","og_site_name":"SHOPATOA","article_modified_time":"2025-03-14T20:43:25+00:00","og_image":[{"width":1000,"height":667,"url":"https:\/\/shopatoa.com\/cz\/wp-content\/uploads\/2025\/02\/n6453842a0d833-803103.jpeg","type":"image\/jpeg"}],"twitter_card":"summary_large_image","twitter_misc":{"Odhadovan\u00e1 doba \u010dten\u00ed":"1 minuta"},"schema":{"@context":"https:\/\/schema.org","@graph":[{"@type":"WebPage","@id":"https:\/\/shopatoa.com\/cz\/arb-stresni-stan-simpson-3\/","url":"https:\/\/shopatoa.com\/cz\/arb-stresni-stan-simpson-3\/","name":"ARB st\u0159e\u0161n\u00ed stan SIMPSON 3 - SHOPATOA.COM","isPartOf":{"@id":"https:\/\/shopatoa.com\/cz\/#website"},"primaryImageOfPage":{"@id":"https:\/\/shopatoa.com\/cz\/arb-stresni-stan-simpson-3\/#primaryimage"},"image":{"@id":"https:\/\/shopatoa.com\/cz\/arb-stresni-stan-simpson-3\/#primaryimage"},"thumbnailUrl":"https:\/\/shopatoa.com\/cz\/wp-content\/uploads\/2025\/02\/n6453842a0d833-803103.jpeg","datePublished":"2025-02-14T14:52:39+00:00","dateModified":"2025-03-14T20:43:25+00:00","description":"St\u0159e\u0161n\u00ed stan ARB Simpson III poskytuje maxim\u00e1ln\u00ed pohodl\u00ed a komfort p\u0159i cestov\u00e1n\u00ed. St\u0159e\u0161n\u00ed stan, kter\u00fd se rozlo\u017e\u00ed b\u011bhem chv\u00edle, poskytuje spac\u00ed prostor mimo zem, chr\u00e1n\u011bn\u00fd p\u0159ed pov\u011btrnostn\u00edmi vlivy. Ve\u0161ker\u00e9 l\u016f\u017ekoviny mohou b\u011bhem cesty z\u016fstat uvnit\u0159 stanu, \u010d\u00edm\u017e se uvoln\u00ed d\u016fle\u017eit\u00fd \u00falo\u017en\u00fd prostor ve vozidle a stan lze snadno a rychle sbalit. Rychl\u00e9mu sbalen\u00ed a sestaven\u00ed napom\u00e1h\u00e1 tak\u00e9 jedine\u010dn\u00fd syst\u00e9m bungee lanek, kter\u00fd udr\u017euje st\u011bny zastr\u010den\u00e9 a pom\u00e1h\u00e1 tak urychlit sbalen\u00ed, abyste se rychleji vr\u00e1tili na cestu. Nov\u011b m\u00e1 st\u0159e\u0161n\u00ed stan SIMPSON III 2 vyv\u00fd\u0161en\u00e9 kapsy pro boty. Vlastnosti: Rychloskl\u00e1dateln\u00fd Chr\u00e1n\u00ed p\u0159ed pov\u011btrnostn\u00edmi vlivy Vnit\u0159n\u00ed \u00falo\u017en\u00fd prostor Hlin\u00edkov\u00fd \u017eeb\u0159\u00edk Hmotnost: 81kg L\u016f\u017ekoviny skladovateln\u00e9 ve slo\u017een\u00e9m stanu Vyrobeno z vysoce kvalitn\u00edho, vod\u011bodoln\u00e9ho polyester\/bavln\u011bn\u00e9ho pl\u00e1tna Vyrobeno z vysoce kvalitn\u00edho, vod\u011bodoln\u00e9ho poly\/bavln\u011bn\u00e9ho rip stop pl\u00e1tna Vstupn\u00ed dv\u00ed\u0159ka za ka\u017ed\u00e9ho po\u010das\u00ed s popruhy, kter\u00e9 v\u00e1m pomohou dostat se do stanu Jemn\u00e1 okna a dve\u0159e se s\u00edt\u00ed proti hmyzu chr\u00e1n\u00edc\u00ed p\u0159ed nejmen\u0161\u00edm hmyzem pro lep\u0161\u00ed no\u010dn\u00ed sp\u00e1nek Obsahuje 2,5\" matraci z lepen\u00e9 p\u011bny s vysokou hustotou se sn\u00edmateln\u00fdm potahem pro v\u011bt\u0161\u00ed pohodl\u00ed a odolnost V\u00fdsuvn\u00fd \u017eeb\u0159\u00edk z eloxovan\u00e9ho hlin\u00edku Ve slo\u017een\u00e9m stavu lze povle\u010den\u00ed ulo\u017eit dovnit\u0159","breadcrumb":{"@id":"https:\/\/shopatoa.com\/cz\/arb-stresni-stan-simpson-3\/#breadcrumb"},"inLanguage":"cs","potentialAction":[{"@type":"ReadAction","target":["https:\/\/shopatoa.com\/cz\/arb-stresni-stan-simpson-3\/"]}]},{"@type":"ImageObject","inLanguage":"cs","@id":"https:\/\/shopatoa.com\/cz\/arb-stresni-stan-simpson-3\/#primaryimage","url":"https:\/\/shopatoa.com\/cz\/wp-content\/uploads\/2025\/02\/n6453842a0d833-803103.jpeg","contentUrl":"https:\/\/shopatoa.com\/cz\/wp-content\/uploads\/2025\/02\/n6453842a0d833-803103.jpeg","width":1000,"height":667},{"@type":"BreadcrumbList","@id":"https:\/\/shopatoa.com\/cz\/arb-stresni-stan-simpson-3\/#breadcrumb","itemListElement":[{"@type":"ListItem","position":1,"name":"Dom\u016f","item":"https:\/\/shopatoa.com\/cz\/"},{"@type":"ListItem","position":2,"name":"Produkty","item":"https:\/\/shopatoa.com\/cz\/shop\/"},{"@type":"ListItem","position":3,"name":"Sport","item":"https:\/\/shopatoa.com\/cz\/sport\/"},{"@type":"ListItem","position":4,"name":"Outdoorov\u00e9 vybaven\u00ed","item":"https:\/\/shopatoa.com\/cz\/outdoorove-vybaveni\/"},{"@type":"ListItem","position":5,"name":"ARB st\u0159e\u0161n\u00ed stan SIMPSON 3"}]},{"@type":"WebSite","@id":"https:\/\/shopatoa.com\/cz\/#website","url":"https:\/\/shopatoa.com\/cz\/","name":"SHOPATOA","description":"","publisher":{"@id":"https:\/\/shopatoa.com\/cz\/#organization"},"potentialAction":[{"@type":"SearchAction","target":{"@type":"EntryPoint","urlTemplate":"https:\/\/shopatoa.com\/cz\/?s={search_term_string}"},"query-input":{"@type":"PropertyValueSpecification","valueRequired":true,"valueName":"search_term_string"}}],"inLanguage":"cs"},{"@type":"Organization","@id":"https:\/\/shopatoa.com\/cz\/#organization","name":"SHOPATOA Digital s.r.o.","url":"https:\/\/shopatoa.com\/cz\/","logo":{"@type":"ImageObject","inLanguage":"cs","@id":"https:\/\/shopatoa.com\/cz\/#\/schema\/logo\/image\/","url":"https:\/\/storage.googleapis.com\/cz-shopatoa-img\/cz\/ebccf434-shopatoa_logo.png","contentUrl":"https:\/\/storage.googleapis.com\/cz-shopatoa-img\/cz\/ebccf434-shopatoa_logo.png","width":416,"height":63,"caption":"SHOPATOA Digital s.r.o."},"image":{"@id":"https:\/\/shopatoa.com\/cz\/#\/schema\/logo\/image\/"}}]}},"_links":{"self":[{"href":"https:\/\/shopatoa.com\/cz\/wp-json\/wp\/v2\/product\/129706","targetHints":{"allow":["GET"]}}],"collection":[{"href":"https:\/\/shopatoa.com\/cz\/wp-json\/wp\/v2\/product"}],"about":[{"href":"https:\/\/shopatoa.com\/cz\/wp-json\/wp\/v2\/types\/product"}],"replies":[{"embeddable":true,"href":"https:\/\/shopatoa.com\/cz\/wp-json\/wp\/v2\/comments?post=129706"}],"wp:featuredmedia":[{"embeddable":true,"href":"https:\/\/shopatoa.com\/cz\/wp-json\/wp\/v2\/media\/129707"}],"wp:attachment":[{"href":"https:\/\/shopatoa.com\/cz\/wp-json\/wp\/v2\/media?parent=129706"}],"wp:term":[{"taxonomy":"product_brand","embeddable":true,"href":"https:\/\/shopatoa.com\/cz\/wp-json\/wp\/v2\/product_brand?post=129706"},{"taxonomy":"product_cat","embeddable":true,"href":"https:\/\/shopatoa.com\/cz\/wp-json\/wp\/v2\/product_cat?post=129706"},{"taxonomy":"product_tag","embeddable":true,"href":"https:\/\/shopatoa.com\/cz\/wp-json\/wp\/v2\/product_tag?post=129706"}],"curies":[{"name":"wp","href":"https:\/\/api.w.org\/{rel}","templated":true}]}}