{"id":129712,"date":"2025-02-14T15:52:39","date_gmt":"2025-02-14T14:52:39","guid":{"rendered":"https:\/\/shopatoa.com\/cz\/outwell-jacksondale-5pa\/"},"modified":"2025-03-14T21:43:32","modified_gmt":"2025-03-14T20:43:32","slug":"outwell-jacksondale-5pa","status":"publish","type":"product","link":"https:\/\/shopatoa.com\/cz\/outwell-jacksondale-5pa\/","title":{"rendered":"Outwell Jacksondale 5PA"},"content":{"rendered":"<p>Nafukovac\u00ed stan Outwell Jacksondale 5PA s velk\u00fdm prostorem pro hlavu a podlahu v obytn\u00e9 \u010d\u00e1sti je ide\u00e1ln\u00ed volbou pro aktivn\u00ed rodiny a p\u0159\u00e1tele. Snadno se stav\u00ed, nab\u00edz\u00ed flexibiln\u00ed p\u0159\u00edstup d\u00edky vchodu Rain Safe p\u0159es jedny z bo\u010dn\u00edch dve\u0159\u00ed a skv\u011bl\u00e9 mo\u017enosti v\u011btr\u00e1n\u00ed, kter\u00e9 v\u00e1m umo\u017en\u00ed regulovat proud\u011bn\u00ed \u010derstv\u00e9ho vzduchu. A\u0165 u\u017e se jedn\u00e1 o kr\u00e1tkou p\u0159est\u00e1vku nebo del\u0161\u00ed dovolenou v kempu, hladk\u00fd profil v\u00e1m zajist\u00ed vynikaj\u00edc\u00ed stabilitu p\u0159i siln\u00e9m v\u011btru. Jeho t\u0159\u00edz\u00f3nov\u00e1 konstrukce nav\u00edc umo\u017e\u0148uje ponechat vlhk\u00e9 oble\u010den\u00ed a vybaven\u00ed v mokr\u00e9 z\u00f3n\u011b nebo ji vyu\u017e\u00edt pro praktick\u00e9 skladov\u00e1n\u00ed. Ve dvou lo\u017enic\u00edch se vysp\u00ed a\u017e p\u011bt osob, tak\u017ee je to \u00fahledn\u00e1 a pohodln\u00e1 z\u00e1kladna pro v\u00e1s a va\u0161e bl\u00edzk\u00e9, abyste si mohli stylov\u011b a pohodln\u011b u\u017e\u00edvat kempov\u00e1n\u00ed a dobrodru\u017estv\u00ed v p\u0159\u00edrod\u011b.<\/p>\n<p>T\u0159i z\u00f3ny poskytuj\u00ed velk\u00e9 rodin\u011b mokrou m\u00edstnost, such\u00fd ob\u00fdvac\u00ed pokoj a lo\u017enici.<br \/>\nP\u0159edem tvarovan\u00e9 vzduchov\u00e9 trubky poskytuj\u00ed velkou sv\u011btlou v\u00fd\u0161ku a vnit\u0159n\u00ed prostor<br \/>\nTmav\u00e9 lo\u017enice Premier s ventila\u010dn\u00ed s\u00ed\u0165kou pro komfortn\u00ed sp\u00e1nek<br \/>\nP\u0159\u00eddavn\u00e9 bo\u010dn\u00ed dve\u0159e pro flexibiln\u00ed p\u0159\u00edstup<br \/>\nDvojit\u00e9 zipy umo\u017e\u0148uj\u00ed \u00fapln\u00e9 otev\u0159en\u00ed p\u0159edn\u00ed \u010d\u00e1sti<br \/>\nOdoln\u00e9 popruhy proti bou\u0159ce<br \/>\nRychl\u00e9<\/p>\n","protected":false},"excerpt":{"rendered":"<p>Nafukovac\u00ed stan Outwell Jacksondale 5PA s velk\u00fdm prostorem pro hlavu a podlahu v obytn\u00e9 \u010d\u00e1sti je ide\u00e1ln\u00ed volbou pro aktivn\u00ed rodiny a p\u0159\u00e1tele. Snadno se stav\u00ed, nab\u00edz\u00ed flexibiln\u00ed p\u0159\u00edstup d\u00edky vchodu Rain Safe p\u0159es jedny z bo\u010dn\u00edch dve\u0159\u00ed a skv\u011bl\u00e9 mo\u017enosti v\u011btr\u00e1n\u00ed, kter\u00e9 v\u00e1m umo\u017en\u00ed regulovat proud\u011bn\u00ed \u010derstv\u00e9ho vzduchu. A\u0165 u\u017e se jedn\u00e1 o kr\u00e1tkou&#8230;<\/p>\n","protected":false},"featured_media":129713,"comment_status":"closed","ping_status":"open","template":"","meta":{"_acf_changed":false,"_kadence_starter_templates_imported_post":false,"_kad_post_transparent":"","_kad_post_title":"","_kad_post_layout":"","_kad_post_sidebar_id":"","_kad_post_content_style":"","_kad_post_vertical_padding":"","_kad_post_feature":"","_kad_post_feature_position":"","_kad_post_header":false,"_kad_post_footer":false,"_kad_post_classname":""},"product_brand":[],"product_cat":[85,48],"product_tag":[],"class_list":{"0":"post-129712","1":"product","2":"type-product","3":"status-publish","4":"has-post-thumbnail","6":"product_cat-outdoorove-vybaveni","7":"product_cat-sport","8":"pa_obchod-procamping-cz","10":"first","11":"instock","12":"product-type-external","13":"entry","14":"content-bg","15":"loop-entry"},"acf":[],"yoast_head":"<!-- This site is optimized with the Yoast SEO plugin v27.4 - https:\/\/yoast.com\/product\/yoast-seo-wordpress\/ -->\n<title>Outwell Jacksondale 5PA - SHOPATOA.COM<\/title>\n<meta name=\"description\" content=\"Nafukovac\u00ed stan Outwell Jacksondale 5PA s velk\u00fdm prostorem pro hlavu a podlahu v obytn\u00e9 \u010d\u00e1sti je ide\u00e1ln\u00ed volbou pro aktivn\u00ed rodiny a p\u0159\u00e1tele. Snadno se stav\u00ed, nab\u00edz\u00ed flexibiln\u00ed p\u0159\u00edstup d\u00edky vchodu Rain Safe p\u0159es jedny z bo\u010dn\u00edch dve\u0159\u00ed a skv\u011bl\u00e9 mo\u017enosti v\u011btr\u00e1n\u00ed, kter\u00e9 v\u00e1m umo\u017en\u00ed regulovat proud\u011bn\u00ed \u010derstv\u00e9ho vzduchu. A\u0165 u\u017e se jedn\u00e1 o kr\u00e1tkou p\u0159est\u00e1vku nebo del\u0161\u00ed dovolenou v kempu, hladk\u00fd profil v\u00e1m zajist\u00ed vynikaj\u00edc\u00ed stabilitu p\u0159i siln\u00e9m v\u011btru. Jeho t\u0159\u00edz\u00f3nov\u00e1 konstrukce nav\u00edc umo\u017e\u0148uje ponechat vlhk\u00e9 oble\u010den\u00ed a vybaven\u00ed v mokr\u00e9 z\u00f3n\u011b nebo ji vyu\u017e\u00edt pro praktick\u00e9 skladov\u00e1n\u00ed. Ve dvou lo\u017enic\u00edch se vysp\u00ed a\u017e p\u011bt osob, tak\u017ee je to \u00fahledn\u00e1 a pohodln\u00e1 z\u00e1kladna pro v\u00e1s a va\u0161e bl\u00edzk\u00e9, abyste si mohli stylov\u011b a pohodln\u011b u\u017e\u00edvat kempov\u00e1n\u00ed a dobrodru\u017estv\u00ed v p\u0159\u00edrod\u011b. T\u0159i z\u00f3ny poskytuj\u00ed velk\u00e9 rodin\u011b mokrou m\u00edstnost, such\u00fd ob\u00fdvac\u00ed pokoj a lo\u017enici. P\u0159edem tvarovan\u00e9 vzduchov\u00e9 trubky poskytuj\u00ed velkou sv\u011btlou v\u00fd\u0161ku a vnit\u0159n\u00ed prostor Tmav\u00e9 lo\u017enice Premier s ventila\u010dn\u00ed s\u00ed\u0165kou pro komfortn\u00ed sp\u00e1nek P\u0159\u00eddavn\u00e9 bo\u010dn\u00ed dve\u0159e pro flexibiln\u00ed p\u0159\u00edstup Dvojit\u00e9 zipy umo\u017e\u0148uj\u00ed \u00fapln\u00e9 otev\u0159en\u00ed p\u0159edn\u00ed \u010d\u00e1sti Odoln\u00e9 popruhy proti bou\u0159ce Rychl\u00e9\" \/>\n<meta name=\"robots\" content=\"index, follow, max-snippet:-1, max-image-preview:large, max-video-preview:-1\" \/>\n<link rel=\"canonical\" href=\"https:\/\/shopatoa.com\/cz\/outwell-jacksondale-5pa\/\" \/>\n<meta property=\"og:locale\" content=\"cs_CZ\" \/>\n<meta property=\"og:type\" content=\"article\" \/>\n<meta property=\"og:title\" content=\"Outwell Jacksondale 5PA - SHOPATOA.COM\" \/>\n<meta property=\"og:description\" content=\"Nafukovac\u00ed stan Outwell Jacksondale 5PA s velk\u00fdm prostorem pro hlavu a podlahu v obytn\u00e9 \u010d\u00e1sti je ide\u00e1ln\u00ed volbou pro aktivn\u00ed rodiny a p\u0159\u00e1tele. Snadno se stav\u00ed, nab\u00edz\u00ed flexibiln\u00ed p\u0159\u00edstup d\u00edky vchodu Rain Safe p\u0159es jedny z bo\u010dn\u00edch dve\u0159\u00ed a skv\u011bl\u00e9 mo\u017enosti v\u011btr\u00e1n\u00ed, kter\u00e9 v\u00e1m umo\u017en\u00ed regulovat proud\u011bn\u00ed \u010derstv\u00e9ho vzduchu. A\u0165 u\u017e se jedn\u00e1 o kr\u00e1tkou p\u0159est\u00e1vku nebo del\u0161\u00ed dovolenou v kempu, hladk\u00fd profil v\u00e1m zajist\u00ed vynikaj\u00edc\u00ed stabilitu p\u0159i siln\u00e9m v\u011btru. Jeho t\u0159\u00edz\u00f3nov\u00e1 konstrukce nav\u00edc umo\u017e\u0148uje ponechat vlhk\u00e9 oble\u010den\u00ed a vybaven\u00ed v mokr\u00e9 z\u00f3n\u011b nebo ji vyu\u017e\u00edt pro praktick\u00e9 skladov\u00e1n\u00ed. Ve dvou lo\u017enic\u00edch se vysp\u00ed a\u017e p\u011bt osob, tak\u017ee je to \u00fahledn\u00e1 a pohodln\u00e1 z\u00e1kladna pro v\u00e1s a va\u0161e bl\u00edzk\u00e9, abyste si mohli stylov\u011b a pohodln\u011b u\u017e\u00edvat kempov\u00e1n\u00ed a dobrodru\u017estv\u00ed v p\u0159\u00edrod\u011b. T\u0159i z\u00f3ny poskytuj\u00ed velk\u00e9 rodin\u011b mokrou m\u00edstnost, such\u00fd ob\u00fdvac\u00ed pokoj a lo\u017enici. P\u0159edem tvarovan\u00e9 vzduchov\u00e9 trubky poskytuj\u00ed velkou sv\u011btlou v\u00fd\u0161ku a vnit\u0159n\u00ed prostor Tmav\u00e9 lo\u017enice Premier s ventila\u010dn\u00ed s\u00ed\u0165kou pro komfortn\u00ed sp\u00e1nek P\u0159\u00eddavn\u00e9 bo\u010dn\u00ed dve\u0159e pro flexibiln\u00ed p\u0159\u00edstup Dvojit\u00e9 zipy umo\u017e\u0148uj\u00ed \u00fapln\u00e9 otev\u0159en\u00ed p\u0159edn\u00ed \u010d\u00e1sti Odoln\u00e9 popruhy proti bou\u0159ce Rychl\u00e9\" \/>\n<meta property=\"og:url\" content=\"https:\/\/shopatoa.com\/cz\/outwell-jacksondale-5pa\/\" \/>\n<meta property=\"og:site_name\" content=\"SHOPATOA\" \/>\n<meta property=\"article:modified_time\" content=\"2025-03-14T20:43:32+00:00\" \/>\n<meta property=\"og:image\" content=\"https:\/\/shopatoa.com\/cz\/wp-content\/uploads\/2025\/02\/z623b37f78547b.jpg\" \/>\n\t<meta property=\"og:image:width\" content=\"1000\" \/>\n\t<meta property=\"og:image:height\" content=\"562\" \/>\n\t<meta property=\"og:image:type\" content=\"image\/jpeg\" \/>\n<meta name=\"twitter:card\" content=\"summary_large_image\" \/>\n<meta name=\"twitter:label1\" content=\"Odhadovan\u00e1 doba \u010dten\u00ed\" \/>\n\t<meta name=\"twitter:data1\" content=\"1 minuta\" \/>\n<script type=\"application\/ld+json\" class=\"yoast-schema-graph\">{\"@context\":\"https:\\\/\\\/schema.org\",\"@graph\":[{\"@type\":\"WebPage\",\"@id\":\"https:\\\/\\\/shopatoa.com\\\/cz\\\/outwell-jacksondale-5pa\\\/\",\"url\":\"https:\\\/\\\/shopatoa.com\\\/cz\\\/outwell-jacksondale-5pa\\\/\",\"name\":\"Outwell Jacksondale 5PA - SHOPATOA.COM\",\"isPartOf\":{\"@id\":\"https:\\\/\\\/shopatoa.com\\\/cz\\\/#website\"},\"primaryImageOfPage\":{\"@id\":\"https:\\\/\\\/shopatoa.com\\\/cz\\\/outwell-jacksondale-5pa\\\/#primaryimage\"},\"image\":{\"@id\":\"https:\\\/\\\/shopatoa.com\\\/cz\\\/outwell-jacksondale-5pa\\\/#primaryimage\"},\"thumbnailUrl\":\"https:\\\/\\\/shopatoa.com\\\/cz\\\/wp-content\\\/uploads\\\/2025\\\/02\\\/z623b37f78547b.jpg\",\"datePublished\":\"2025-02-14T14:52:39+00:00\",\"dateModified\":\"2025-03-14T20:43:32+00:00\",\"description\":\"Nafukovac\u00ed stan Outwell Jacksondale 5PA s velk\u00fdm prostorem pro hlavu a podlahu v obytn\u00e9 \u010d\u00e1sti je ide\u00e1ln\u00ed volbou pro aktivn\u00ed rodiny a p\u0159\u00e1tele. Snadno se stav\u00ed, nab\u00edz\u00ed flexibiln\u00ed p\u0159\u00edstup d\u00edky vchodu Rain Safe p\u0159es jedny z bo\u010dn\u00edch dve\u0159\u00ed a skv\u011bl\u00e9 mo\u017enosti v\u011btr\u00e1n\u00ed, kter\u00e9 v\u00e1m umo\u017en\u00ed regulovat proud\u011bn\u00ed \u010derstv\u00e9ho vzduchu. A\u0165 u\u017e se jedn\u00e1 o kr\u00e1tkou p\u0159est\u00e1vku nebo del\u0161\u00ed dovolenou v kempu, hladk\u00fd profil v\u00e1m zajist\u00ed vynikaj\u00edc\u00ed stabilitu p\u0159i siln\u00e9m v\u011btru. Jeho t\u0159\u00edz\u00f3nov\u00e1 konstrukce nav\u00edc umo\u017e\u0148uje ponechat vlhk\u00e9 oble\u010den\u00ed a vybaven\u00ed v mokr\u00e9 z\u00f3n\u011b nebo ji vyu\u017e\u00edt pro praktick\u00e9 skladov\u00e1n\u00ed. Ve dvou lo\u017enic\u00edch se vysp\u00ed a\u017e p\u011bt osob, tak\u017ee je to \u00fahledn\u00e1 a pohodln\u00e1 z\u00e1kladna pro v\u00e1s a va\u0161e bl\u00edzk\u00e9, abyste si mohli stylov\u011b a pohodln\u011b u\u017e\u00edvat kempov\u00e1n\u00ed a dobrodru\u017estv\u00ed v p\u0159\u00edrod\u011b. T\u0159i z\u00f3ny poskytuj\u00ed velk\u00e9 rodin\u011b mokrou m\u00edstnost, such\u00fd ob\u00fdvac\u00ed pokoj a lo\u017enici. P\u0159edem tvarovan\u00e9 vzduchov\u00e9 trubky poskytuj\u00ed velkou sv\u011btlou v\u00fd\u0161ku a vnit\u0159n\u00ed prostor Tmav\u00e9 lo\u017enice Premier s ventila\u010dn\u00ed s\u00ed\u0165kou pro komfortn\u00ed sp\u00e1nek P\u0159\u00eddavn\u00e9 bo\u010dn\u00ed dve\u0159e pro flexibiln\u00ed p\u0159\u00edstup Dvojit\u00e9 zipy umo\u017e\u0148uj\u00ed \u00fapln\u00e9 otev\u0159en\u00ed p\u0159edn\u00ed \u010d\u00e1sti Odoln\u00e9 popruhy proti bou\u0159ce Rychl\u00e9\",\"breadcrumb\":{\"@id\":\"https:\\\/\\\/shopatoa.com\\\/cz\\\/outwell-jacksondale-5pa\\\/#breadcrumb\"},\"inLanguage\":\"cs\",\"potentialAction\":[{\"@type\":\"ReadAction\",\"target\":[\"https:\\\/\\\/shopatoa.com\\\/cz\\\/outwell-jacksondale-5pa\\\/\"]}]},{\"@type\":\"ImageObject\",\"inLanguage\":\"cs\",\"@id\":\"https:\\\/\\\/shopatoa.com\\\/cz\\\/outwell-jacksondale-5pa\\\/#primaryimage\",\"url\":\"https:\\\/\\\/shopatoa.com\\\/cz\\\/wp-content\\\/uploads\\\/2025\\\/02\\\/z623b37f78547b.jpg\",\"contentUrl\":\"https:\\\/\\\/shopatoa.com\\\/cz\\\/wp-content\\\/uploads\\\/2025\\\/02\\\/z623b37f78547b.jpg\",\"width\":1000,\"height\":562},{\"@type\":\"BreadcrumbList\",\"@id\":\"https:\\\/\\\/shopatoa.com\\\/cz\\\/outwell-jacksondale-5pa\\\/#breadcrumb\",\"itemListElement\":[{\"@type\":\"ListItem\",\"position\":1,\"name\":\"Dom\u016f\",\"item\":\"https:\\\/\\\/shopatoa.com\\\/cz\\\/\"},{\"@type\":\"ListItem\",\"position\":2,\"name\":\"Produkty\",\"item\":\"https:\\\/\\\/shopatoa.com\\\/cz\\\/shop\\\/\"},{\"@type\":\"ListItem\",\"position\":3,\"name\":\"Sport\",\"item\":\"https:\\\/\\\/shopatoa.com\\\/cz\\\/sport\\\/\"},{\"@type\":\"ListItem\",\"position\":4,\"name\":\"Outdoorov\u00e9 vybaven\u00ed\",\"item\":\"https:\\\/\\\/shopatoa.com\\\/cz\\\/outdoorove-vybaveni\\\/\"},{\"@type\":\"ListItem\",\"position\":5,\"name\":\"Outwell Jacksondale 5PA\"}]},{\"@type\":\"WebSite\",\"@id\":\"https:\\\/\\\/shopatoa.com\\\/cz\\\/#website\",\"url\":\"https:\\\/\\\/shopatoa.com\\\/cz\\\/\",\"name\":\"SHOPATOA\",\"description\":\"\",\"publisher\":{\"@id\":\"https:\\\/\\\/shopatoa.com\\\/cz\\\/#organization\"},\"potentialAction\":[{\"@type\":\"SearchAction\",\"target\":{\"@type\":\"EntryPoint\",\"urlTemplate\":\"https:\\\/\\\/shopatoa.com\\\/cz\\\/?s={search_term_string}\"},\"query-input\":{\"@type\":\"PropertyValueSpecification\",\"valueRequired\":true,\"valueName\":\"search_term_string\"}}],\"inLanguage\":\"cs\"},{\"@type\":\"Organization\",\"@id\":\"https:\\\/\\\/shopatoa.com\\\/cz\\\/#organization\",\"name\":\"SHOPATOA Digital s.r.o.\",\"url\":\"https:\\\/\\\/shopatoa.com\\\/cz\\\/\",\"logo\":{\"@type\":\"ImageObject\",\"inLanguage\":\"cs\",\"@id\":\"https:\\\/\\\/shopatoa.com\\\/cz\\\/#\\\/schema\\\/logo\\\/image\\\/\",\"url\":\"https:\\\/\\\/storage.googleapis.com\\\/cz-shopatoa-img\\\/cz\\\/ebccf434-shopatoa_logo.png\",\"contentUrl\":\"https:\\\/\\\/storage.googleapis.com\\\/cz-shopatoa-img\\\/cz\\\/ebccf434-shopatoa_logo.png\",\"width\":416,\"height\":63,\"caption\":\"SHOPATOA Digital s.r.o.\"},\"image\":{\"@id\":\"https:\\\/\\\/shopatoa.com\\\/cz\\\/#\\\/schema\\\/logo\\\/image\\\/\"}}]}<\/script>\n<!-- \/ Yoast SEO plugin. -->","yoast_head_json":{"title":"Outwell Jacksondale 5PA - SHOPATOA.COM","description":"Nafukovac\u00ed stan Outwell Jacksondale 5PA s velk\u00fdm prostorem pro hlavu a podlahu v obytn\u00e9 \u010d\u00e1sti je ide\u00e1ln\u00ed volbou pro aktivn\u00ed rodiny a p\u0159\u00e1tele. Snadno se stav\u00ed, nab\u00edz\u00ed flexibiln\u00ed p\u0159\u00edstup d\u00edky vchodu Rain Safe p\u0159es jedny z bo\u010dn\u00edch dve\u0159\u00ed a skv\u011bl\u00e9 mo\u017enosti v\u011btr\u00e1n\u00ed, kter\u00e9 v\u00e1m umo\u017en\u00ed regulovat proud\u011bn\u00ed \u010derstv\u00e9ho vzduchu. A\u0165 u\u017e se jedn\u00e1 o kr\u00e1tkou p\u0159est\u00e1vku nebo del\u0161\u00ed dovolenou v kempu, hladk\u00fd profil v\u00e1m zajist\u00ed vynikaj\u00edc\u00ed stabilitu p\u0159i siln\u00e9m v\u011btru. Jeho t\u0159\u00edz\u00f3nov\u00e1 konstrukce nav\u00edc umo\u017e\u0148uje ponechat vlhk\u00e9 oble\u010den\u00ed a vybaven\u00ed v mokr\u00e9 z\u00f3n\u011b nebo ji vyu\u017e\u00edt pro praktick\u00e9 skladov\u00e1n\u00ed. Ve dvou lo\u017enic\u00edch se vysp\u00ed a\u017e p\u011bt osob, tak\u017ee je to \u00fahledn\u00e1 a pohodln\u00e1 z\u00e1kladna pro v\u00e1s a va\u0161e bl\u00edzk\u00e9, abyste si mohli stylov\u011b a pohodln\u011b u\u017e\u00edvat kempov\u00e1n\u00ed a dobrodru\u017estv\u00ed v p\u0159\u00edrod\u011b. T\u0159i z\u00f3ny poskytuj\u00ed velk\u00e9 rodin\u011b mokrou m\u00edstnost, such\u00fd ob\u00fdvac\u00ed pokoj a lo\u017enici. P\u0159edem tvarovan\u00e9 vzduchov\u00e9 trubky poskytuj\u00ed velkou sv\u011btlou v\u00fd\u0161ku a vnit\u0159n\u00ed prostor Tmav\u00e9 lo\u017enice Premier s ventila\u010dn\u00ed s\u00ed\u0165kou pro komfortn\u00ed sp\u00e1nek P\u0159\u00eddavn\u00e9 bo\u010dn\u00ed dve\u0159e pro flexibiln\u00ed p\u0159\u00edstup Dvojit\u00e9 zipy umo\u017e\u0148uj\u00ed \u00fapln\u00e9 otev\u0159en\u00ed p\u0159edn\u00ed \u010d\u00e1sti Odoln\u00e9 popruhy proti bou\u0159ce Rychl\u00e9","robots":{"index":"index","follow":"follow","max-snippet":"max-snippet:-1","max-image-preview":"max-image-preview:large","max-video-preview":"max-video-preview:-1"},"canonical":"https:\/\/shopatoa.com\/cz\/outwell-jacksondale-5pa\/","og_locale":"cs_CZ","og_type":"article","og_title":"Outwell Jacksondale 5PA - SHOPATOA.COM","og_description":"Nafukovac\u00ed stan Outwell Jacksondale 5PA s velk\u00fdm prostorem pro hlavu a podlahu v obytn\u00e9 \u010d\u00e1sti je ide\u00e1ln\u00ed volbou pro aktivn\u00ed rodiny a p\u0159\u00e1tele. Snadno se stav\u00ed, nab\u00edz\u00ed flexibiln\u00ed p\u0159\u00edstup d\u00edky vchodu Rain Safe p\u0159es jedny z bo\u010dn\u00edch dve\u0159\u00ed a skv\u011bl\u00e9 mo\u017enosti v\u011btr\u00e1n\u00ed, kter\u00e9 v\u00e1m umo\u017en\u00ed regulovat proud\u011bn\u00ed \u010derstv\u00e9ho vzduchu. A\u0165 u\u017e se jedn\u00e1 o kr\u00e1tkou p\u0159est\u00e1vku nebo del\u0161\u00ed dovolenou v kempu, hladk\u00fd profil v\u00e1m zajist\u00ed vynikaj\u00edc\u00ed stabilitu p\u0159i siln\u00e9m v\u011btru. Jeho t\u0159\u00edz\u00f3nov\u00e1 konstrukce nav\u00edc umo\u017e\u0148uje ponechat vlhk\u00e9 oble\u010den\u00ed a vybaven\u00ed v mokr\u00e9 z\u00f3n\u011b nebo ji vyu\u017e\u00edt pro praktick\u00e9 skladov\u00e1n\u00ed. Ve dvou lo\u017enic\u00edch se vysp\u00ed a\u017e p\u011bt osob, tak\u017ee je to \u00fahledn\u00e1 a pohodln\u00e1 z\u00e1kladna pro v\u00e1s a va\u0161e bl\u00edzk\u00e9, abyste si mohli stylov\u011b a pohodln\u011b u\u017e\u00edvat kempov\u00e1n\u00ed a dobrodru\u017estv\u00ed v p\u0159\u00edrod\u011b. T\u0159i z\u00f3ny poskytuj\u00ed velk\u00e9 rodin\u011b mokrou m\u00edstnost, such\u00fd ob\u00fdvac\u00ed pokoj a lo\u017enici. P\u0159edem tvarovan\u00e9 vzduchov\u00e9 trubky poskytuj\u00ed velkou sv\u011btlou v\u00fd\u0161ku a vnit\u0159n\u00ed prostor Tmav\u00e9 lo\u017enice Premier s ventila\u010dn\u00ed s\u00ed\u0165kou pro komfortn\u00ed sp\u00e1nek P\u0159\u00eddavn\u00e9 bo\u010dn\u00ed dve\u0159e pro flexibiln\u00ed p\u0159\u00edstup Dvojit\u00e9 zipy umo\u017e\u0148uj\u00ed \u00fapln\u00e9 otev\u0159en\u00ed p\u0159edn\u00ed \u010d\u00e1sti Odoln\u00e9 popruhy proti bou\u0159ce Rychl\u00e9","og_url":"https:\/\/shopatoa.com\/cz\/outwell-jacksondale-5pa\/","og_site_name":"SHOPATOA","article_modified_time":"2025-03-14T20:43:32+00:00","og_image":[{"width":1000,"height":562,"url":"https:\/\/shopatoa.com\/cz\/wp-content\/uploads\/2025\/02\/z623b37f78547b.jpg","type":"image\/jpeg"}],"twitter_card":"summary_large_image","twitter_misc":{"Odhadovan\u00e1 doba \u010dten\u00ed":"1 minuta"},"schema":{"@context":"https:\/\/schema.org","@graph":[{"@type":"WebPage","@id":"https:\/\/shopatoa.com\/cz\/outwell-jacksondale-5pa\/","url":"https:\/\/shopatoa.com\/cz\/outwell-jacksondale-5pa\/","name":"Outwell Jacksondale 5PA - SHOPATOA.COM","isPartOf":{"@id":"https:\/\/shopatoa.com\/cz\/#website"},"primaryImageOfPage":{"@id":"https:\/\/shopatoa.com\/cz\/outwell-jacksondale-5pa\/#primaryimage"},"image":{"@id":"https:\/\/shopatoa.com\/cz\/outwell-jacksondale-5pa\/#primaryimage"},"thumbnailUrl":"https:\/\/shopatoa.com\/cz\/wp-content\/uploads\/2025\/02\/z623b37f78547b.jpg","datePublished":"2025-02-14T14:52:39+00:00","dateModified":"2025-03-14T20:43:32+00:00","description":"Nafukovac\u00ed stan Outwell Jacksondale 5PA s velk\u00fdm prostorem pro hlavu a podlahu v obytn\u00e9 \u010d\u00e1sti je ide\u00e1ln\u00ed volbou pro aktivn\u00ed rodiny a p\u0159\u00e1tele. Snadno se stav\u00ed, nab\u00edz\u00ed flexibiln\u00ed p\u0159\u00edstup d\u00edky vchodu Rain Safe p\u0159es jedny z bo\u010dn\u00edch dve\u0159\u00ed a skv\u011bl\u00e9 mo\u017enosti v\u011btr\u00e1n\u00ed, kter\u00e9 v\u00e1m umo\u017en\u00ed regulovat proud\u011bn\u00ed \u010derstv\u00e9ho vzduchu. A\u0165 u\u017e se jedn\u00e1 o kr\u00e1tkou p\u0159est\u00e1vku nebo del\u0161\u00ed dovolenou v kempu, hladk\u00fd profil v\u00e1m zajist\u00ed vynikaj\u00edc\u00ed stabilitu p\u0159i siln\u00e9m v\u011btru. Jeho t\u0159\u00edz\u00f3nov\u00e1 konstrukce nav\u00edc umo\u017e\u0148uje ponechat vlhk\u00e9 oble\u010den\u00ed a vybaven\u00ed v mokr\u00e9 z\u00f3n\u011b nebo ji vyu\u017e\u00edt pro praktick\u00e9 skladov\u00e1n\u00ed. Ve dvou lo\u017enic\u00edch se vysp\u00ed a\u017e p\u011bt osob, tak\u017ee je to \u00fahledn\u00e1 a pohodln\u00e1 z\u00e1kladna pro v\u00e1s a va\u0161e bl\u00edzk\u00e9, abyste si mohli stylov\u011b a pohodln\u011b u\u017e\u00edvat kempov\u00e1n\u00ed a dobrodru\u017estv\u00ed v p\u0159\u00edrod\u011b. T\u0159i z\u00f3ny poskytuj\u00ed velk\u00e9 rodin\u011b mokrou m\u00edstnost, such\u00fd ob\u00fdvac\u00ed pokoj a lo\u017enici. P\u0159edem tvarovan\u00e9 vzduchov\u00e9 trubky poskytuj\u00ed velkou sv\u011btlou v\u00fd\u0161ku a vnit\u0159n\u00ed prostor Tmav\u00e9 lo\u017enice Premier s ventila\u010dn\u00ed s\u00ed\u0165kou pro komfortn\u00ed sp\u00e1nek P\u0159\u00eddavn\u00e9 bo\u010dn\u00ed dve\u0159e pro flexibiln\u00ed p\u0159\u00edstup Dvojit\u00e9 zipy umo\u017e\u0148uj\u00ed \u00fapln\u00e9 otev\u0159en\u00ed p\u0159edn\u00ed \u010d\u00e1sti Odoln\u00e9 popruhy proti bou\u0159ce Rychl\u00e9","breadcrumb":{"@id":"https:\/\/shopatoa.com\/cz\/outwell-jacksondale-5pa\/#breadcrumb"},"inLanguage":"cs","potentialAction":[{"@type":"ReadAction","target":["https:\/\/shopatoa.com\/cz\/outwell-jacksondale-5pa\/"]}]},{"@type":"ImageObject","inLanguage":"cs","@id":"https:\/\/shopatoa.com\/cz\/outwell-jacksondale-5pa\/#primaryimage","url":"https:\/\/shopatoa.com\/cz\/wp-content\/uploads\/2025\/02\/z623b37f78547b.jpg","contentUrl":"https:\/\/shopatoa.com\/cz\/wp-content\/uploads\/2025\/02\/z623b37f78547b.jpg","width":1000,"height":562},{"@type":"BreadcrumbList","@id":"https:\/\/shopatoa.com\/cz\/outwell-jacksondale-5pa\/#breadcrumb","itemListElement":[{"@type":"ListItem","position":1,"name":"Dom\u016f","item":"https:\/\/shopatoa.com\/cz\/"},{"@type":"ListItem","position":2,"name":"Produkty","item":"https:\/\/shopatoa.com\/cz\/shop\/"},{"@type":"ListItem","position":3,"name":"Sport","item":"https:\/\/shopatoa.com\/cz\/sport\/"},{"@type":"ListItem","position":4,"name":"Outdoorov\u00e9 vybaven\u00ed","item":"https:\/\/shopatoa.com\/cz\/outdoorove-vybaveni\/"},{"@type":"ListItem","position":5,"name":"Outwell Jacksondale 5PA"}]},{"@type":"WebSite","@id":"https:\/\/shopatoa.com\/cz\/#website","url":"https:\/\/shopatoa.com\/cz\/","name":"SHOPATOA","description":"","publisher":{"@id":"https:\/\/shopatoa.com\/cz\/#organization"},"potentialAction":[{"@type":"SearchAction","target":{"@type":"EntryPoint","urlTemplate":"https:\/\/shopatoa.com\/cz\/?s={search_term_string}"},"query-input":{"@type":"PropertyValueSpecification","valueRequired":true,"valueName":"search_term_string"}}],"inLanguage":"cs"},{"@type":"Organization","@id":"https:\/\/shopatoa.com\/cz\/#organization","name":"SHOPATOA Digital s.r.o.","url":"https:\/\/shopatoa.com\/cz\/","logo":{"@type":"ImageObject","inLanguage":"cs","@id":"https:\/\/shopatoa.com\/cz\/#\/schema\/logo\/image\/","url":"https:\/\/storage.googleapis.com\/cz-shopatoa-img\/cz\/ebccf434-shopatoa_logo.png","contentUrl":"https:\/\/storage.googleapis.com\/cz-shopatoa-img\/cz\/ebccf434-shopatoa_logo.png","width":416,"height":63,"caption":"SHOPATOA Digital s.r.o."},"image":{"@id":"https:\/\/shopatoa.com\/cz\/#\/schema\/logo\/image\/"}}]}},"_links":{"self":[{"href":"https:\/\/shopatoa.com\/cz\/wp-json\/wp\/v2\/product\/129712","targetHints":{"allow":["GET"]}}],"collection":[{"href":"https:\/\/shopatoa.com\/cz\/wp-json\/wp\/v2\/product"}],"about":[{"href":"https:\/\/shopatoa.com\/cz\/wp-json\/wp\/v2\/types\/product"}],"replies":[{"embeddable":true,"href":"https:\/\/shopatoa.com\/cz\/wp-json\/wp\/v2\/comments?post=129712"}],"wp:featuredmedia":[{"embeddable":true,"href":"https:\/\/shopatoa.com\/cz\/wp-json\/wp\/v2\/media\/129713"}],"wp:attachment":[{"href":"https:\/\/shopatoa.com\/cz\/wp-json\/wp\/v2\/media?parent=129712"}],"wp:term":[{"taxonomy":"product_brand","embeddable":true,"href":"https:\/\/shopatoa.com\/cz\/wp-json\/wp\/v2\/product_brand?post=129712"},{"taxonomy":"product_cat","embeddable":true,"href":"https:\/\/shopatoa.com\/cz\/wp-json\/wp\/v2\/product_cat?post=129712"},{"taxonomy":"product_tag","embeddable":true,"href":"https:\/\/shopatoa.com\/cz\/wp-json\/wp\/v2\/product_tag?post=129712"}],"curies":[{"name":"wp","href":"https:\/\/api.w.org\/{rel}","templated":true}]}}