{"id":129714,"date":"2025-02-14T15:52:39","date_gmt":"2025-02-14T14:52:39","guid":{"rendered":"https:\/\/shopatoa.com\/cz\/outwell-knoxville-7sa\/"},"modified":"2025-03-14T21:43:34","modified_gmt":"2025-03-14T20:43:34","slug":"outwell-knoxville-7sa","status":"publish","type":"product","link":"https:\/\/shopatoa.com\/cz\/outwell-knoxville-7sa\/","title":{"rendered":"Outwell Knoxville 7SA"},"content":{"rendered":"<p>Se vzdu\u0161n\u00fdm stanem Outwell Knoxville 7SA si u\u017eijete luxusn\u00ed kempov\u00e1n\u00ed. Tento velmi velk\u00fd t\u0159\u00edz\u00f3nov\u00fd stan s inovativn\u00ed tkaninou Outtex 6000 RS Endurance s vynikaj\u00edc\u00ed pevnost\u00ed v roztr\u017een\u00ed a odolnost\u00ed proti roztr\u017een\u00ed poskytuje dostatek prostoru v obytn\u00e9 i mokr\u00e9 z\u00f3n\u011b pro pohodln\u00e9 bydlen\u00ed ve stanu. Stan je vybaven inovativn\u00edmi funkcemi pro pohodl\u00ed domova a je skv\u011bl\u00fdm designem pro del\u0161\u00ed dovolenou. Ve t\u0159ech skv\u011ble v\u011btran\u00fdch vnit\u0159n\u00edch lo\u017enic\u00edch se vysp\u00ed sedm osob, tak\u017ee je ide\u00e1ln\u00ed pro velk\u00e9 rodiny nebo kempov\u00e1n\u00ed s p\u0159\u00e1teli, zat\u00edmco prostorn\u00e1, sv\u011btlem napln\u011bn\u00e1 obytn\u00e1 \u010d\u00e1st nab\u00edz\u00ed dostatek m\u00edsta pro \u017eivot ve stanu, stoln\u00ed hry a stolov\u00e1n\u00ed. Velk\u00e1 p\u0159edn\u00ed \u010d\u00e1st Panorama zaji\u0161\u0165uje, \u017ee z\u016fstanete ve spojen\u00ed s p\u0159\u00edrodou a skv\u011bl\u00fdm venkovn\u00edm prost\u0159ed\u00edm.<\/p>\n<p>T\u0159i z\u00f3ny: mokr\u00e1 m\u00edstnost, such\u00fd ob\u00fdvac\u00ed pokoj a lo\u017enice.<br \/>\nSyst\u00e9m Power Air nab\u00edz\u00ed odolnou technologii individu\u00e1ln\u00edch vzduchov\u00fdch trubic s p\u0159edtvarovan\u00fdmi trubicemi v gotick\u00e9m stylu, kter\u00e9 se snadno pumpuj\u00ed nebo vypou\u0161t\u011bj\u00ed pomoc\u00ed snadno p\u0159\u00edstupn\u00fdch vn\u011bj\u0161\u00edch ventil\u016f.<br \/>\nVzduchov\u00e9 trubice v gotick\u00e9m stylu poskytuj\u00ed velkou sv\u011btlou v\u00fd\u0161ku a vnit\u0159n\u00ed prostor<br \/>\nRychl\u00e9<\/p>\n","protected":false},"excerpt":{"rendered":"<p>Se vzdu\u0161n\u00fdm stanem Outwell Knoxville 7SA si u\u017eijete luxusn\u00ed kempov\u00e1n\u00ed. Tento velmi velk\u00fd t\u0159\u00edz\u00f3nov\u00fd stan s inovativn\u00ed tkaninou Outtex 6000 RS Endurance s vynikaj\u00edc\u00ed pevnost\u00ed v roztr\u017een\u00ed a odolnost\u00ed proti roztr\u017een\u00ed poskytuje dostatek prostoru v obytn\u00e9 i mokr\u00e9 z\u00f3n\u011b pro pohodln\u00e9 bydlen\u00ed ve stanu. Stan je vybaven inovativn\u00edmi funkcemi pro pohodl\u00ed domova a je skv\u011bl\u00fdm&#8230;<\/p>\n","protected":false},"featured_media":129715,"comment_status":"closed","ping_status":"open","template":"","meta":{"_acf_changed":false,"_kadence_starter_templates_imported_post":false,"_kad_post_transparent":"","_kad_post_title":"","_kad_post_layout":"","_kad_post_sidebar_id":"","_kad_post_content_style":"","_kad_post_vertical_padding":"","_kad_post_feature":"","_kad_post_feature_position":"","_kad_post_header":false,"_kad_post_footer":false,"_kad_post_classname":""},"product_brand":[],"product_cat":[85,48],"product_tag":[],"class_list":{"0":"post-129714","1":"product","2":"type-product","3":"status-publish","4":"has-post-thumbnail","6":"product_cat-outdoorove-vybaveni","7":"product_cat-sport","8":"pa_obchod-procamping-cz","10":"first","11":"instock","12":"product-type-external","13":"entry","14":"content-bg","15":"loop-entry"},"acf":[],"yoast_head":"<!-- This site is optimized with the Yoast SEO plugin v27.4 - https:\/\/yoast.com\/product\/yoast-seo-wordpress\/ -->\n<title>Outwell Knoxville 7SA - SHOPATOA.COM<\/title>\n<meta name=\"description\" content=\"Se vzdu\u0161n\u00fdm stanem Outwell Knoxville 7SA si u\u017eijete luxusn\u00ed kempov\u00e1n\u00ed. Tento velmi velk\u00fd t\u0159\u00edz\u00f3nov\u00fd stan s inovativn\u00ed tkaninou Outtex 6000 RS Endurance s vynikaj\u00edc\u00ed pevnost\u00ed v roztr\u017een\u00ed a odolnost\u00ed proti roztr\u017een\u00ed poskytuje dostatek prostoru v obytn\u00e9 i mokr\u00e9 z\u00f3n\u011b pro pohodln\u00e9 bydlen\u00ed ve stanu. Stan je vybaven inovativn\u00edmi funkcemi pro pohodl\u00ed domova a je skv\u011bl\u00fdm designem pro del\u0161\u00ed dovolenou. Ve t\u0159ech skv\u011ble v\u011btran\u00fdch vnit\u0159n\u00edch lo\u017enic\u00edch se vysp\u00ed sedm osob, tak\u017ee je ide\u00e1ln\u00ed pro velk\u00e9 rodiny nebo kempov\u00e1n\u00ed s p\u0159\u00e1teli, zat\u00edmco prostorn\u00e1, sv\u011btlem napln\u011bn\u00e1 obytn\u00e1 \u010d\u00e1st nab\u00edz\u00ed dostatek m\u00edsta pro \u017eivot ve stanu, stoln\u00ed hry a stolov\u00e1n\u00ed. Velk\u00e1 p\u0159edn\u00ed \u010d\u00e1st Panorama zaji\u0161\u0165uje, \u017ee z\u016fstanete ve spojen\u00ed s p\u0159\u00edrodou a skv\u011bl\u00fdm venkovn\u00edm prost\u0159ed\u00edm. T\u0159i z\u00f3ny: mokr\u00e1 m\u00edstnost, such\u00fd ob\u00fdvac\u00ed pokoj a lo\u017enice. Syst\u00e9m Power Air nab\u00edz\u00ed odolnou technologii individu\u00e1ln\u00edch vzduchov\u00fdch trubic s p\u0159edtvarovan\u00fdmi trubicemi v gotick\u00e9m stylu, kter\u00e9 se snadno pumpuj\u00ed nebo vypou\u0161t\u011bj\u00ed pomoc\u00ed snadno p\u0159\u00edstupn\u00fdch vn\u011bj\u0161\u00edch ventil\u016f. Vzduchov\u00e9 trubice v gotick\u00e9m stylu poskytuj\u00ed velkou sv\u011btlou v\u00fd\u0161ku a vnit\u0159n\u00ed prostor Rychl\u00e9\" \/>\n<meta name=\"robots\" content=\"index, follow, max-snippet:-1, max-image-preview:large, max-video-preview:-1\" \/>\n<link rel=\"canonical\" href=\"https:\/\/shopatoa.com\/cz\/outwell-knoxville-7sa\/\" \/>\n<meta property=\"og:locale\" content=\"cs_CZ\" \/>\n<meta property=\"og:type\" content=\"article\" \/>\n<meta property=\"og:title\" content=\"Outwell Knoxville 7SA - SHOPATOA.COM\" \/>\n<meta property=\"og:description\" content=\"Se vzdu\u0161n\u00fdm stanem Outwell Knoxville 7SA si u\u017eijete luxusn\u00ed kempov\u00e1n\u00ed. Tento velmi velk\u00fd t\u0159\u00edz\u00f3nov\u00fd stan s inovativn\u00ed tkaninou Outtex 6000 RS Endurance s vynikaj\u00edc\u00ed pevnost\u00ed v roztr\u017een\u00ed a odolnost\u00ed proti roztr\u017een\u00ed poskytuje dostatek prostoru v obytn\u00e9 i mokr\u00e9 z\u00f3n\u011b pro pohodln\u00e9 bydlen\u00ed ve stanu. Stan je vybaven inovativn\u00edmi funkcemi pro pohodl\u00ed domova a je skv\u011bl\u00fdm designem pro del\u0161\u00ed dovolenou. Ve t\u0159ech skv\u011ble v\u011btran\u00fdch vnit\u0159n\u00edch lo\u017enic\u00edch se vysp\u00ed sedm osob, tak\u017ee je ide\u00e1ln\u00ed pro velk\u00e9 rodiny nebo kempov\u00e1n\u00ed s p\u0159\u00e1teli, zat\u00edmco prostorn\u00e1, sv\u011btlem napln\u011bn\u00e1 obytn\u00e1 \u010d\u00e1st nab\u00edz\u00ed dostatek m\u00edsta pro \u017eivot ve stanu, stoln\u00ed hry a stolov\u00e1n\u00ed. Velk\u00e1 p\u0159edn\u00ed \u010d\u00e1st Panorama zaji\u0161\u0165uje, \u017ee z\u016fstanete ve spojen\u00ed s p\u0159\u00edrodou a skv\u011bl\u00fdm venkovn\u00edm prost\u0159ed\u00edm. T\u0159i z\u00f3ny: mokr\u00e1 m\u00edstnost, such\u00fd ob\u00fdvac\u00ed pokoj a lo\u017enice. Syst\u00e9m Power Air nab\u00edz\u00ed odolnou technologii individu\u00e1ln\u00edch vzduchov\u00fdch trubic s p\u0159edtvarovan\u00fdmi trubicemi v gotick\u00e9m stylu, kter\u00e9 se snadno pumpuj\u00ed nebo vypou\u0161t\u011bj\u00ed pomoc\u00ed snadno p\u0159\u00edstupn\u00fdch vn\u011bj\u0161\u00edch ventil\u016f. Vzduchov\u00e9 trubice v gotick\u00e9m stylu poskytuj\u00ed velkou sv\u011btlou v\u00fd\u0161ku a vnit\u0159n\u00ed prostor Rychl\u00e9\" \/>\n<meta property=\"og:url\" content=\"https:\/\/shopatoa.com\/cz\/outwell-knoxville-7sa\/\" \/>\n<meta property=\"og:site_name\" content=\"SHOPATOA\" \/>\n<meta property=\"article:modified_time\" content=\"2025-03-14T20:43:34+00:00\" \/>\n<meta property=\"og:image\" content=\"https:\/\/shopatoa.com\/cz\/wp-content\/uploads\/2025\/02\/r623b37f9e1ab2.jpg\" \/>\n\t<meta property=\"og:image:width\" content=\"1000\" \/>\n\t<meta property=\"og:image:height\" content=\"562\" \/>\n\t<meta property=\"og:image:type\" content=\"image\/jpeg\" \/>\n<meta name=\"twitter:card\" content=\"summary_large_image\" \/>\n<meta name=\"twitter:label1\" content=\"Odhadovan\u00e1 doba \u010dten\u00ed\" \/>\n\t<meta name=\"twitter:data1\" content=\"1 minuta\" \/>\n<script type=\"application\/ld+json\" class=\"yoast-schema-graph\">{\"@context\":\"https:\\\/\\\/schema.org\",\"@graph\":[{\"@type\":\"WebPage\",\"@id\":\"https:\\\/\\\/shopatoa.com\\\/cz\\\/outwell-knoxville-7sa\\\/\",\"url\":\"https:\\\/\\\/shopatoa.com\\\/cz\\\/outwell-knoxville-7sa\\\/\",\"name\":\"Outwell Knoxville 7SA - SHOPATOA.COM\",\"isPartOf\":{\"@id\":\"https:\\\/\\\/shopatoa.com\\\/cz\\\/#website\"},\"primaryImageOfPage\":{\"@id\":\"https:\\\/\\\/shopatoa.com\\\/cz\\\/outwell-knoxville-7sa\\\/#primaryimage\"},\"image\":{\"@id\":\"https:\\\/\\\/shopatoa.com\\\/cz\\\/outwell-knoxville-7sa\\\/#primaryimage\"},\"thumbnailUrl\":\"https:\\\/\\\/shopatoa.com\\\/cz\\\/wp-content\\\/uploads\\\/2025\\\/02\\\/r623b37f9e1ab2.jpg\",\"datePublished\":\"2025-02-14T14:52:39+00:00\",\"dateModified\":\"2025-03-14T20:43:34+00:00\",\"description\":\"Se vzdu\u0161n\u00fdm stanem Outwell Knoxville 7SA si u\u017eijete luxusn\u00ed kempov\u00e1n\u00ed. Tento velmi velk\u00fd t\u0159\u00edz\u00f3nov\u00fd stan s inovativn\u00ed tkaninou Outtex 6000 RS Endurance s vynikaj\u00edc\u00ed pevnost\u00ed v roztr\u017een\u00ed a odolnost\u00ed proti roztr\u017een\u00ed poskytuje dostatek prostoru v obytn\u00e9 i mokr\u00e9 z\u00f3n\u011b pro pohodln\u00e9 bydlen\u00ed ve stanu. Stan je vybaven inovativn\u00edmi funkcemi pro pohodl\u00ed domova a je skv\u011bl\u00fdm designem pro del\u0161\u00ed dovolenou. Ve t\u0159ech skv\u011ble v\u011btran\u00fdch vnit\u0159n\u00edch lo\u017enic\u00edch se vysp\u00ed sedm osob, tak\u017ee je ide\u00e1ln\u00ed pro velk\u00e9 rodiny nebo kempov\u00e1n\u00ed s p\u0159\u00e1teli, zat\u00edmco prostorn\u00e1, sv\u011btlem napln\u011bn\u00e1 obytn\u00e1 \u010d\u00e1st nab\u00edz\u00ed dostatek m\u00edsta pro \u017eivot ve stanu, stoln\u00ed hry a stolov\u00e1n\u00ed. Velk\u00e1 p\u0159edn\u00ed \u010d\u00e1st Panorama zaji\u0161\u0165uje, \u017ee z\u016fstanete ve spojen\u00ed s p\u0159\u00edrodou a skv\u011bl\u00fdm venkovn\u00edm prost\u0159ed\u00edm. T\u0159i z\u00f3ny: mokr\u00e1 m\u00edstnost, such\u00fd ob\u00fdvac\u00ed pokoj a lo\u017enice. Syst\u00e9m Power Air nab\u00edz\u00ed odolnou technologii individu\u00e1ln\u00edch vzduchov\u00fdch trubic s p\u0159edtvarovan\u00fdmi trubicemi v gotick\u00e9m stylu, kter\u00e9 se snadno pumpuj\u00ed nebo vypou\u0161t\u011bj\u00ed pomoc\u00ed snadno p\u0159\u00edstupn\u00fdch vn\u011bj\u0161\u00edch ventil\u016f. Vzduchov\u00e9 trubice v gotick\u00e9m stylu poskytuj\u00ed velkou sv\u011btlou v\u00fd\u0161ku a vnit\u0159n\u00ed prostor Rychl\u00e9\",\"breadcrumb\":{\"@id\":\"https:\\\/\\\/shopatoa.com\\\/cz\\\/outwell-knoxville-7sa\\\/#breadcrumb\"},\"inLanguage\":\"cs\",\"potentialAction\":[{\"@type\":\"ReadAction\",\"target\":[\"https:\\\/\\\/shopatoa.com\\\/cz\\\/outwell-knoxville-7sa\\\/\"]}]},{\"@type\":\"ImageObject\",\"inLanguage\":\"cs\",\"@id\":\"https:\\\/\\\/shopatoa.com\\\/cz\\\/outwell-knoxville-7sa\\\/#primaryimage\",\"url\":\"https:\\\/\\\/shopatoa.com\\\/cz\\\/wp-content\\\/uploads\\\/2025\\\/02\\\/r623b37f9e1ab2.jpg\",\"contentUrl\":\"https:\\\/\\\/shopatoa.com\\\/cz\\\/wp-content\\\/uploads\\\/2025\\\/02\\\/r623b37f9e1ab2.jpg\",\"width\":1000,\"height\":562},{\"@type\":\"BreadcrumbList\",\"@id\":\"https:\\\/\\\/shopatoa.com\\\/cz\\\/outwell-knoxville-7sa\\\/#breadcrumb\",\"itemListElement\":[{\"@type\":\"ListItem\",\"position\":1,\"name\":\"Dom\u016f\",\"item\":\"https:\\\/\\\/shopatoa.com\\\/cz\\\/\"},{\"@type\":\"ListItem\",\"position\":2,\"name\":\"Produkty\",\"item\":\"https:\\\/\\\/shopatoa.com\\\/cz\\\/shop\\\/\"},{\"@type\":\"ListItem\",\"position\":3,\"name\":\"Sport\",\"item\":\"https:\\\/\\\/shopatoa.com\\\/cz\\\/sport\\\/\"},{\"@type\":\"ListItem\",\"position\":4,\"name\":\"Outdoorov\u00e9 vybaven\u00ed\",\"item\":\"https:\\\/\\\/shopatoa.com\\\/cz\\\/outdoorove-vybaveni\\\/\"},{\"@type\":\"ListItem\",\"position\":5,\"name\":\"Outwell Knoxville 7SA\"}]},{\"@type\":\"WebSite\",\"@id\":\"https:\\\/\\\/shopatoa.com\\\/cz\\\/#website\",\"url\":\"https:\\\/\\\/shopatoa.com\\\/cz\\\/\",\"name\":\"SHOPATOA\",\"description\":\"\",\"publisher\":{\"@id\":\"https:\\\/\\\/shopatoa.com\\\/cz\\\/#organization\"},\"potentialAction\":[{\"@type\":\"SearchAction\",\"target\":{\"@type\":\"EntryPoint\",\"urlTemplate\":\"https:\\\/\\\/shopatoa.com\\\/cz\\\/?s={search_term_string}\"},\"query-input\":{\"@type\":\"PropertyValueSpecification\",\"valueRequired\":true,\"valueName\":\"search_term_string\"}}],\"inLanguage\":\"cs\"},{\"@type\":\"Organization\",\"@id\":\"https:\\\/\\\/shopatoa.com\\\/cz\\\/#organization\",\"name\":\"SHOPATOA Digital s.r.o.\",\"url\":\"https:\\\/\\\/shopatoa.com\\\/cz\\\/\",\"logo\":{\"@type\":\"ImageObject\",\"inLanguage\":\"cs\",\"@id\":\"https:\\\/\\\/shopatoa.com\\\/cz\\\/#\\\/schema\\\/logo\\\/image\\\/\",\"url\":\"https:\\\/\\\/storage.googleapis.com\\\/cz-shopatoa-img\\\/cz\\\/ebccf434-shopatoa_logo.png\",\"contentUrl\":\"https:\\\/\\\/storage.googleapis.com\\\/cz-shopatoa-img\\\/cz\\\/ebccf434-shopatoa_logo.png\",\"width\":416,\"height\":63,\"caption\":\"SHOPATOA Digital s.r.o.\"},\"image\":{\"@id\":\"https:\\\/\\\/shopatoa.com\\\/cz\\\/#\\\/schema\\\/logo\\\/image\\\/\"}}]}<\/script>\n<!-- \/ Yoast SEO plugin. -->","yoast_head_json":{"title":"Outwell Knoxville 7SA - SHOPATOA.COM","description":"Se vzdu\u0161n\u00fdm stanem Outwell Knoxville 7SA si u\u017eijete luxusn\u00ed kempov\u00e1n\u00ed. Tento velmi velk\u00fd t\u0159\u00edz\u00f3nov\u00fd stan s inovativn\u00ed tkaninou Outtex 6000 RS Endurance s vynikaj\u00edc\u00ed pevnost\u00ed v roztr\u017een\u00ed a odolnost\u00ed proti roztr\u017een\u00ed poskytuje dostatek prostoru v obytn\u00e9 i mokr\u00e9 z\u00f3n\u011b pro pohodln\u00e9 bydlen\u00ed ve stanu. Stan je vybaven inovativn\u00edmi funkcemi pro pohodl\u00ed domova a je skv\u011bl\u00fdm designem pro del\u0161\u00ed dovolenou. Ve t\u0159ech skv\u011ble v\u011btran\u00fdch vnit\u0159n\u00edch lo\u017enic\u00edch se vysp\u00ed sedm osob, tak\u017ee je ide\u00e1ln\u00ed pro velk\u00e9 rodiny nebo kempov\u00e1n\u00ed s p\u0159\u00e1teli, zat\u00edmco prostorn\u00e1, sv\u011btlem napln\u011bn\u00e1 obytn\u00e1 \u010d\u00e1st nab\u00edz\u00ed dostatek m\u00edsta pro \u017eivot ve stanu, stoln\u00ed hry a stolov\u00e1n\u00ed. Velk\u00e1 p\u0159edn\u00ed \u010d\u00e1st Panorama zaji\u0161\u0165uje, \u017ee z\u016fstanete ve spojen\u00ed s p\u0159\u00edrodou a skv\u011bl\u00fdm venkovn\u00edm prost\u0159ed\u00edm. T\u0159i z\u00f3ny: mokr\u00e1 m\u00edstnost, such\u00fd ob\u00fdvac\u00ed pokoj a lo\u017enice. Syst\u00e9m Power Air nab\u00edz\u00ed odolnou technologii individu\u00e1ln\u00edch vzduchov\u00fdch trubic s p\u0159edtvarovan\u00fdmi trubicemi v gotick\u00e9m stylu, kter\u00e9 se snadno pumpuj\u00ed nebo vypou\u0161t\u011bj\u00ed pomoc\u00ed snadno p\u0159\u00edstupn\u00fdch vn\u011bj\u0161\u00edch ventil\u016f. Vzduchov\u00e9 trubice v gotick\u00e9m stylu poskytuj\u00ed velkou sv\u011btlou v\u00fd\u0161ku a vnit\u0159n\u00ed prostor Rychl\u00e9","robots":{"index":"index","follow":"follow","max-snippet":"max-snippet:-1","max-image-preview":"max-image-preview:large","max-video-preview":"max-video-preview:-1"},"canonical":"https:\/\/shopatoa.com\/cz\/outwell-knoxville-7sa\/","og_locale":"cs_CZ","og_type":"article","og_title":"Outwell Knoxville 7SA - SHOPATOA.COM","og_description":"Se vzdu\u0161n\u00fdm stanem Outwell Knoxville 7SA si u\u017eijete luxusn\u00ed kempov\u00e1n\u00ed. Tento velmi velk\u00fd t\u0159\u00edz\u00f3nov\u00fd stan s inovativn\u00ed tkaninou Outtex 6000 RS Endurance s vynikaj\u00edc\u00ed pevnost\u00ed v roztr\u017een\u00ed a odolnost\u00ed proti roztr\u017een\u00ed poskytuje dostatek prostoru v obytn\u00e9 i mokr\u00e9 z\u00f3n\u011b pro pohodln\u00e9 bydlen\u00ed ve stanu. Stan je vybaven inovativn\u00edmi funkcemi pro pohodl\u00ed domova a je skv\u011bl\u00fdm designem pro del\u0161\u00ed dovolenou. Ve t\u0159ech skv\u011ble v\u011btran\u00fdch vnit\u0159n\u00edch lo\u017enic\u00edch se vysp\u00ed sedm osob, tak\u017ee je ide\u00e1ln\u00ed pro velk\u00e9 rodiny nebo kempov\u00e1n\u00ed s p\u0159\u00e1teli, zat\u00edmco prostorn\u00e1, sv\u011btlem napln\u011bn\u00e1 obytn\u00e1 \u010d\u00e1st nab\u00edz\u00ed dostatek m\u00edsta pro \u017eivot ve stanu, stoln\u00ed hry a stolov\u00e1n\u00ed. Velk\u00e1 p\u0159edn\u00ed \u010d\u00e1st Panorama zaji\u0161\u0165uje, \u017ee z\u016fstanete ve spojen\u00ed s p\u0159\u00edrodou a skv\u011bl\u00fdm venkovn\u00edm prost\u0159ed\u00edm. T\u0159i z\u00f3ny: mokr\u00e1 m\u00edstnost, such\u00fd ob\u00fdvac\u00ed pokoj a lo\u017enice. Syst\u00e9m Power Air nab\u00edz\u00ed odolnou technologii individu\u00e1ln\u00edch vzduchov\u00fdch trubic s p\u0159edtvarovan\u00fdmi trubicemi v gotick\u00e9m stylu, kter\u00e9 se snadno pumpuj\u00ed nebo vypou\u0161t\u011bj\u00ed pomoc\u00ed snadno p\u0159\u00edstupn\u00fdch vn\u011bj\u0161\u00edch ventil\u016f. Vzduchov\u00e9 trubice v gotick\u00e9m stylu poskytuj\u00ed velkou sv\u011btlou v\u00fd\u0161ku a vnit\u0159n\u00ed prostor Rychl\u00e9","og_url":"https:\/\/shopatoa.com\/cz\/outwell-knoxville-7sa\/","og_site_name":"SHOPATOA","article_modified_time":"2025-03-14T20:43:34+00:00","og_image":[{"width":1000,"height":562,"url":"https:\/\/shopatoa.com\/cz\/wp-content\/uploads\/2025\/02\/r623b37f9e1ab2.jpg","type":"image\/jpeg"}],"twitter_card":"summary_large_image","twitter_misc":{"Odhadovan\u00e1 doba \u010dten\u00ed":"1 minuta"},"schema":{"@context":"https:\/\/schema.org","@graph":[{"@type":"WebPage","@id":"https:\/\/shopatoa.com\/cz\/outwell-knoxville-7sa\/","url":"https:\/\/shopatoa.com\/cz\/outwell-knoxville-7sa\/","name":"Outwell Knoxville 7SA - SHOPATOA.COM","isPartOf":{"@id":"https:\/\/shopatoa.com\/cz\/#website"},"primaryImageOfPage":{"@id":"https:\/\/shopatoa.com\/cz\/outwell-knoxville-7sa\/#primaryimage"},"image":{"@id":"https:\/\/shopatoa.com\/cz\/outwell-knoxville-7sa\/#primaryimage"},"thumbnailUrl":"https:\/\/shopatoa.com\/cz\/wp-content\/uploads\/2025\/02\/r623b37f9e1ab2.jpg","datePublished":"2025-02-14T14:52:39+00:00","dateModified":"2025-03-14T20:43:34+00:00","description":"Se vzdu\u0161n\u00fdm stanem Outwell Knoxville 7SA si u\u017eijete luxusn\u00ed kempov\u00e1n\u00ed. Tento velmi velk\u00fd t\u0159\u00edz\u00f3nov\u00fd stan s inovativn\u00ed tkaninou Outtex 6000 RS Endurance s vynikaj\u00edc\u00ed pevnost\u00ed v roztr\u017een\u00ed a odolnost\u00ed proti roztr\u017een\u00ed poskytuje dostatek prostoru v obytn\u00e9 i mokr\u00e9 z\u00f3n\u011b pro pohodln\u00e9 bydlen\u00ed ve stanu. Stan je vybaven inovativn\u00edmi funkcemi pro pohodl\u00ed domova a je skv\u011bl\u00fdm designem pro del\u0161\u00ed dovolenou. Ve t\u0159ech skv\u011ble v\u011btran\u00fdch vnit\u0159n\u00edch lo\u017enic\u00edch se vysp\u00ed sedm osob, tak\u017ee je ide\u00e1ln\u00ed pro velk\u00e9 rodiny nebo kempov\u00e1n\u00ed s p\u0159\u00e1teli, zat\u00edmco prostorn\u00e1, sv\u011btlem napln\u011bn\u00e1 obytn\u00e1 \u010d\u00e1st nab\u00edz\u00ed dostatek m\u00edsta pro \u017eivot ve stanu, stoln\u00ed hry a stolov\u00e1n\u00ed. Velk\u00e1 p\u0159edn\u00ed \u010d\u00e1st Panorama zaji\u0161\u0165uje, \u017ee z\u016fstanete ve spojen\u00ed s p\u0159\u00edrodou a skv\u011bl\u00fdm venkovn\u00edm prost\u0159ed\u00edm. T\u0159i z\u00f3ny: mokr\u00e1 m\u00edstnost, such\u00fd ob\u00fdvac\u00ed pokoj a lo\u017enice. Syst\u00e9m Power Air nab\u00edz\u00ed odolnou technologii individu\u00e1ln\u00edch vzduchov\u00fdch trubic s p\u0159edtvarovan\u00fdmi trubicemi v gotick\u00e9m stylu, kter\u00e9 se snadno pumpuj\u00ed nebo vypou\u0161t\u011bj\u00ed pomoc\u00ed snadno p\u0159\u00edstupn\u00fdch vn\u011bj\u0161\u00edch ventil\u016f. Vzduchov\u00e9 trubice v gotick\u00e9m stylu poskytuj\u00ed velkou sv\u011btlou v\u00fd\u0161ku a vnit\u0159n\u00ed prostor Rychl\u00e9","breadcrumb":{"@id":"https:\/\/shopatoa.com\/cz\/outwell-knoxville-7sa\/#breadcrumb"},"inLanguage":"cs","potentialAction":[{"@type":"ReadAction","target":["https:\/\/shopatoa.com\/cz\/outwell-knoxville-7sa\/"]}]},{"@type":"ImageObject","inLanguage":"cs","@id":"https:\/\/shopatoa.com\/cz\/outwell-knoxville-7sa\/#primaryimage","url":"https:\/\/shopatoa.com\/cz\/wp-content\/uploads\/2025\/02\/r623b37f9e1ab2.jpg","contentUrl":"https:\/\/shopatoa.com\/cz\/wp-content\/uploads\/2025\/02\/r623b37f9e1ab2.jpg","width":1000,"height":562},{"@type":"BreadcrumbList","@id":"https:\/\/shopatoa.com\/cz\/outwell-knoxville-7sa\/#breadcrumb","itemListElement":[{"@type":"ListItem","position":1,"name":"Dom\u016f","item":"https:\/\/shopatoa.com\/cz\/"},{"@type":"ListItem","position":2,"name":"Produkty","item":"https:\/\/shopatoa.com\/cz\/shop\/"},{"@type":"ListItem","position":3,"name":"Sport","item":"https:\/\/shopatoa.com\/cz\/sport\/"},{"@type":"ListItem","position":4,"name":"Outdoorov\u00e9 vybaven\u00ed","item":"https:\/\/shopatoa.com\/cz\/outdoorove-vybaveni\/"},{"@type":"ListItem","position":5,"name":"Outwell Knoxville 7SA"}]},{"@type":"WebSite","@id":"https:\/\/shopatoa.com\/cz\/#website","url":"https:\/\/shopatoa.com\/cz\/","name":"SHOPATOA","description":"","publisher":{"@id":"https:\/\/shopatoa.com\/cz\/#organization"},"potentialAction":[{"@type":"SearchAction","target":{"@type":"EntryPoint","urlTemplate":"https:\/\/shopatoa.com\/cz\/?s={search_term_string}"},"query-input":{"@type":"PropertyValueSpecification","valueRequired":true,"valueName":"search_term_string"}}],"inLanguage":"cs"},{"@type":"Organization","@id":"https:\/\/shopatoa.com\/cz\/#organization","name":"SHOPATOA Digital s.r.o.","url":"https:\/\/shopatoa.com\/cz\/","logo":{"@type":"ImageObject","inLanguage":"cs","@id":"https:\/\/shopatoa.com\/cz\/#\/schema\/logo\/image\/","url":"https:\/\/storage.googleapis.com\/cz-shopatoa-img\/cz\/ebccf434-shopatoa_logo.png","contentUrl":"https:\/\/storage.googleapis.com\/cz-shopatoa-img\/cz\/ebccf434-shopatoa_logo.png","width":416,"height":63,"caption":"SHOPATOA Digital s.r.o."},"image":{"@id":"https:\/\/shopatoa.com\/cz\/#\/schema\/logo\/image\/"}}]}},"_links":{"self":[{"href":"https:\/\/shopatoa.com\/cz\/wp-json\/wp\/v2\/product\/129714","targetHints":{"allow":["GET"]}}],"collection":[{"href":"https:\/\/shopatoa.com\/cz\/wp-json\/wp\/v2\/product"}],"about":[{"href":"https:\/\/shopatoa.com\/cz\/wp-json\/wp\/v2\/types\/product"}],"replies":[{"embeddable":true,"href":"https:\/\/shopatoa.com\/cz\/wp-json\/wp\/v2\/comments?post=129714"}],"wp:featuredmedia":[{"embeddable":true,"href":"https:\/\/shopatoa.com\/cz\/wp-json\/wp\/v2\/media\/129715"}],"wp:attachment":[{"href":"https:\/\/shopatoa.com\/cz\/wp-json\/wp\/v2\/media?parent=129714"}],"wp:term":[{"taxonomy":"product_brand","embeddable":true,"href":"https:\/\/shopatoa.com\/cz\/wp-json\/wp\/v2\/product_brand?post=129714"},{"taxonomy":"product_cat","embeddable":true,"href":"https:\/\/shopatoa.com\/cz\/wp-json\/wp\/v2\/product_cat?post=129714"},{"taxonomy":"product_tag","embeddable":true,"href":"https:\/\/shopatoa.com\/cz\/wp-json\/wp\/v2\/product_tag?post=129714"}],"curies":[{"name":"wp","href":"https:\/\/api.w.org\/{rel}","templated":true}]}}