{"id":129716,"date":"2025-02-14T15:52:39","date_gmt":"2025-02-14T14:52:39","guid":{"rendered":"https:\/\/shopatoa.com\/cz\/outwell-yosemite-lake-6tc\/"},"modified":"2025-03-14T21:43:37","modified_gmt":"2025-03-14T20:43:37","slug":"outwell-yosemite-lake-6tc","status":"publish","type":"product","link":"https:\/\/shopatoa.com\/cz\/outwell-yosemite-lake-6tc\/","title":{"rendered":"Outwell Yosemite Lake 6TC"},"content":{"rendered":"<p>Luxusn\u00ed stan Outwell Yosemite Lake 6TC s ty\u010d\u00ed si zamiluj\u00ed milovn\u00edci kempov\u00e1n\u00ed, kte\u0159\u00ed si potrp\u00ed na velkorys\u00fd prostor a elegantn\u00ed styl. Tento vynikaj\u00edc\u00ed stan s dostatkem flexibiln\u00edho prostoru pro rodiny a p\u0159\u00e1tele, kte\u0159\u00ed hledaj\u00ed v\u00edce prostoru, pojme a\u017e \u0161est osob ve t\u0159ech velk\u00fdch lo\u017enic\u00edch. Jeho odoln\u00e1 technick\u00e1 bavln\u011bn\u00e1 tkanina s dlouhou \u017eivotnost\u00ed reguluje vnit\u0159n\u00ed klima a nab\u00edz\u00ed pravou outdoorovou atmosf\u00e9ru s dom\u00e1c\u00edm komfortem v pln\u011b vybaven\u00e9m velk\u00e9m proveden\u00ed. V\u00e1\u0161 pohodln\u00fd \u017eivot v kempu je zaji\u0161t\u011bn d\u00edky pln\u00e9 v\u00fd\u0161ce na st\u00e1n\u00ed, \u0161irok\u00e9mu obytn\u00e9mu prostoru pro stolov\u00e1n\u00ed a odpo\u010dinek a skv\u011bl\u00fdm mo\u017enostem v\u011btr\u00e1n\u00ed. T\u0159\u00edz\u00f3nov\u00e9 uspo\u0159\u00e1d\u00e1n\u00ed m\u00e1 bo\u010dn\u00ed dve\u0159e v oblasti mokr\u00e9 z\u00f3ny pro snadn\u00fd p\u0159\u00edstup a p\u0159edn\u00ed dve\u0159e m\u016f\u017eete odklopit a spojit se s p\u0159\u00edrodou. Spolu se dv\u011bma dve\u0159mi v obytn\u00e9 z\u00f3n\u011b m\u016f\u017eete t\u011b\u017eit ze skute\u010dn\u011b flexibiln\u00edho p\u0159\u00edstupu a funk\u010dnosti.<\/p>\n<p>T\u0159i z\u00f3ny poskytuj\u00ed velk\u00e9 rodin\u011b mokr\u00fd prostor, such\u00fd ob\u00fdvac\u00ed pokoj a lo\u017enici.<br \/>\nPln\u00e9 p\u0159edn\u00ed otev\u00edr\u00e1n\u00ed. Bo\u010dn\u00ed dve\u0159e podpo\u0159en\u00e9 pln\u00fdmi s\u00ed\u0165ov\u00fdmi panely umo\u017e\u0148uj\u00ed snadn\u00fd p\u0159\u00edstup a v\u011btr\u00e1n\u00ed v p\u0159edn\u00ed z\u00f3n\u011b.<br \/>\nRychl\u00e9<\/p>\n","protected":false},"excerpt":{"rendered":"<p>Luxusn\u00ed stan Outwell Yosemite Lake 6TC s ty\u010d\u00ed si zamiluj\u00ed milovn\u00edci kempov\u00e1n\u00ed, kte\u0159\u00ed si potrp\u00ed na velkorys\u00fd prostor a elegantn\u00ed styl. Tento vynikaj\u00edc\u00ed stan s dostatkem flexibiln\u00edho prostoru pro rodiny a p\u0159\u00e1tele, kte\u0159\u00ed hledaj\u00ed v\u00edce prostoru, pojme a\u017e \u0161est osob ve t\u0159ech velk\u00fdch lo\u017enic\u00edch. Jeho odoln\u00e1 technick\u00e1 bavln\u011bn\u00e1 tkanina s dlouhou \u017eivotnost\u00ed reguluje vnit\u0159n\u00ed klima&#8230;<\/p>\n","protected":false},"featured_media":129717,"comment_status":"closed","ping_status":"open","template":"","meta":{"_acf_changed":false,"_kadence_starter_templates_imported_post":false,"_kad_post_transparent":"","_kad_post_title":"","_kad_post_layout":"","_kad_post_sidebar_id":"","_kad_post_content_style":"","_kad_post_vertical_padding":"","_kad_post_feature":"","_kad_post_feature_position":"","_kad_post_header":false,"_kad_post_footer":false,"_kad_post_classname":""},"product_brand":[],"product_cat":[85,48],"product_tag":[],"class_list":{"0":"post-129716","1":"product","2":"type-product","3":"status-publish","4":"has-post-thumbnail","6":"product_cat-outdoorove-vybaveni","7":"product_cat-sport","8":"pa_obchod-procamping-cz","10":"first","11":"instock","12":"product-type-external","13":"entry","14":"content-bg","15":"loop-entry"},"acf":[],"yoast_head":"<!-- This site is optimized with the Yoast SEO plugin v27.4 - https:\/\/yoast.com\/product\/yoast-seo-wordpress\/ -->\n<title>Outwell Yosemite Lake 6TC - SHOPATOA.COM<\/title>\n<meta name=\"description\" content=\"Luxusn\u00ed stan Outwell Yosemite Lake 6TC s ty\u010d\u00ed si zamiluj\u00ed milovn\u00edci kempov\u00e1n\u00ed, kte\u0159\u00ed si potrp\u00ed na velkorys\u00fd prostor a elegantn\u00ed styl. Tento vynikaj\u00edc\u00ed stan s dostatkem flexibiln\u00edho prostoru pro rodiny a p\u0159\u00e1tele, kte\u0159\u00ed hledaj\u00ed v\u00edce prostoru, pojme a\u017e \u0161est osob ve t\u0159ech velk\u00fdch lo\u017enic\u00edch. Jeho odoln\u00e1 technick\u00e1 bavln\u011bn\u00e1 tkanina s dlouhou \u017eivotnost\u00ed reguluje vnit\u0159n\u00ed klima a nab\u00edz\u00ed pravou outdoorovou atmosf\u00e9ru s dom\u00e1c\u00edm komfortem v pln\u011b vybaven\u00e9m velk\u00e9m proveden\u00ed. V\u00e1\u0161 pohodln\u00fd \u017eivot v kempu je zaji\u0161t\u011bn d\u00edky pln\u00e9 v\u00fd\u0161ce na st\u00e1n\u00ed, \u0161irok\u00e9mu obytn\u00e9mu prostoru pro stolov\u00e1n\u00ed a odpo\u010dinek a skv\u011bl\u00fdm mo\u017enostem v\u011btr\u00e1n\u00ed. T\u0159\u00edz\u00f3nov\u00e9 uspo\u0159\u00e1d\u00e1n\u00ed m\u00e1 bo\u010dn\u00ed dve\u0159e v oblasti mokr\u00e9 z\u00f3ny pro snadn\u00fd p\u0159\u00edstup a p\u0159edn\u00ed dve\u0159e m\u016f\u017eete odklopit a spojit se s p\u0159\u00edrodou. Spolu se dv\u011bma dve\u0159mi v obytn\u00e9 z\u00f3n\u011b m\u016f\u017eete t\u011b\u017eit ze skute\u010dn\u011b flexibiln\u00edho p\u0159\u00edstupu a funk\u010dnosti. T\u0159i z\u00f3ny poskytuj\u00ed velk\u00e9 rodin\u011b mokr\u00fd prostor, such\u00fd ob\u00fdvac\u00ed pokoj a lo\u017enici. Pln\u00e9 p\u0159edn\u00ed otev\u00edr\u00e1n\u00ed. Bo\u010dn\u00ed dve\u0159e podpo\u0159en\u00e9 pln\u00fdmi s\u00ed\u0165ov\u00fdmi panely umo\u017e\u0148uj\u00ed snadn\u00fd p\u0159\u00edstup a v\u011btr\u00e1n\u00ed v p\u0159edn\u00ed z\u00f3n\u011b. Rychl\u00e9\" \/>\n<meta name=\"robots\" content=\"index, follow, max-snippet:-1, max-image-preview:large, max-video-preview:-1\" \/>\n<link rel=\"canonical\" href=\"https:\/\/shopatoa.com\/cz\/outwell-yosemite-lake-6tc\/\" \/>\n<meta property=\"og:locale\" content=\"cs_CZ\" \/>\n<meta property=\"og:type\" content=\"article\" \/>\n<meta property=\"og:title\" content=\"Outwell Yosemite Lake 6TC - SHOPATOA.COM\" \/>\n<meta property=\"og:description\" content=\"Luxusn\u00ed stan Outwell Yosemite Lake 6TC s ty\u010d\u00ed si zamiluj\u00ed milovn\u00edci kempov\u00e1n\u00ed, kte\u0159\u00ed si potrp\u00ed na velkorys\u00fd prostor a elegantn\u00ed styl. Tento vynikaj\u00edc\u00ed stan s dostatkem flexibiln\u00edho prostoru pro rodiny a p\u0159\u00e1tele, kte\u0159\u00ed hledaj\u00ed v\u00edce prostoru, pojme a\u017e \u0161est osob ve t\u0159ech velk\u00fdch lo\u017enic\u00edch. Jeho odoln\u00e1 technick\u00e1 bavln\u011bn\u00e1 tkanina s dlouhou \u017eivotnost\u00ed reguluje vnit\u0159n\u00ed klima a nab\u00edz\u00ed pravou outdoorovou atmosf\u00e9ru s dom\u00e1c\u00edm komfortem v pln\u011b vybaven\u00e9m velk\u00e9m proveden\u00ed. V\u00e1\u0161 pohodln\u00fd \u017eivot v kempu je zaji\u0161t\u011bn d\u00edky pln\u00e9 v\u00fd\u0161ce na st\u00e1n\u00ed, \u0161irok\u00e9mu obytn\u00e9mu prostoru pro stolov\u00e1n\u00ed a odpo\u010dinek a skv\u011bl\u00fdm mo\u017enostem v\u011btr\u00e1n\u00ed. T\u0159\u00edz\u00f3nov\u00e9 uspo\u0159\u00e1d\u00e1n\u00ed m\u00e1 bo\u010dn\u00ed dve\u0159e v oblasti mokr\u00e9 z\u00f3ny pro snadn\u00fd p\u0159\u00edstup a p\u0159edn\u00ed dve\u0159e m\u016f\u017eete odklopit a spojit se s p\u0159\u00edrodou. Spolu se dv\u011bma dve\u0159mi v obytn\u00e9 z\u00f3n\u011b m\u016f\u017eete t\u011b\u017eit ze skute\u010dn\u011b flexibiln\u00edho p\u0159\u00edstupu a funk\u010dnosti. T\u0159i z\u00f3ny poskytuj\u00ed velk\u00e9 rodin\u011b mokr\u00fd prostor, such\u00fd ob\u00fdvac\u00ed pokoj a lo\u017enici. Pln\u00e9 p\u0159edn\u00ed otev\u00edr\u00e1n\u00ed. Bo\u010dn\u00ed dve\u0159e podpo\u0159en\u00e9 pln\u00fdmi s\u00ed\u0165ov\u00fdmi panely umo\u017e\u0148uj\u00ed snadn\u00fd p\u0159\u00edstup a v\u011btr\u00e1n\u00ed v p\u0159edn\u00ed z\u00f3n\u011b. Rychl\u00e9\" \/>\n<meta property=\"og:url\" content=\"https:\/\/shopatoa.com\/cz\/outwell-yosemite-lake-6tc\/\" \/>\n<meta property=\"og:site_name\" content=\"SHOPATOA\" \/>\n<meta property=\"article:modified_time\" content=\"2025-03-14T20:43:37+00:00\" \/>\n<meta property=\"og:image\" content=\"https:\/\/shopatoa.com\/cz\/wp-content\/uploads\/2025\/02\/9623b37fd22b7f.jpg\" \/>\n\t<meta property=\"og:image:width\" content=\"1000\" \/>\n\t<meta property=\"og:image:height\" content=\"562\" \/>\n\t<meta property=\"og:image:type\" content=\"image\/jpeg\" \/>\n<meta name=\"twitter:card\" content=\"summary_large_image\" \/>\n<meta name=\"twitter:label1\" content=\"Odhadovan\u00e1 doba \u010dten\u00ed\" \/>\n\t<meta name=\"twitter:data1\" content=\"1 minuta\" \/>\n<script type=\"application\/ld+json\" class=\"yoast-schema-graph\">{\"@context\":\"https:\\\/\\\/schema.org\",\"@graph\":[{\"@type\":\"WebPage\",\"@id\":\"https:\\\/\\\/shopatoa.com\\\/cz\\\/outwell-yosemite-lake-6tc\\\/\",\"url\":\"https:\\\/\\\/shopatoa.com\\\/cz\\\/outwell-yosemite-lake-6tc\\\/\",\"name\":\"Outwell Yosemite Lake 6TC - SHOPATOA.COM\",\"isPartOf\":{\"@id\":\"https:\\\/\\\/shopatoa.com\\\/cz\\\/#website\"},\"primaryImageOfPage\":{\"@id\":\"https:\\\/\\\/shopatoa.com\\\/cz\\\/outwell-yosemite-lake-6tc\\\/#primaryimage\"},\"image\":{\"@id\":\"https:\\\/\\\/shopatoa.com\\\/cz\\\/outwell-yosemite-lake-6tc\\\/#primaryimage\"},\"thumbnailUrl\":\"https:\\\/\\\/shopatoa.com\\\/cz\\\/wp-content\\\/uploads\\\/2025\\\/02\\\/9623b37fd22b7f.jpg\",\"datePublished\":\"2025-02-14T14:52:39+00:00\",\"dateModified\":\"2025-03-14T20:43:37+00:00\",\"description\":\"Luxusn\u00ed stan Outwell Yosemite Lake 6TC s ty\u010d\u00ed si zamiluj\u00ed milovn\u00edci kempov\u00e1n\u00ed, kte\u0159\u00ed si potrp\u00ed na velkorys\u00fd prostor a elegantn\u00ed styl. Tento vynikaj\u00edc\u00ed stan s dostatkem flexibiln\u00edho prostoru pro rodiny a p\u0159\u00e1tele, kte\u0159\u00ed hledaj\u00ed v\u00edce prostoru, pojme a\u017e \u0161est osob ve t\u0159ech velk\u00fdch lo\u017enic\u00edch. Jeho odoln\u00e1 technick\u00e1 bavln\u011bn\u00e1 tkanina s dlouhou \u017eivotnost\u00ed reguluje vnit\u0159n\u00ed klima a nab\u00edz\u00ed pravou outdoorovou atmosf\u00e9ru s dom\u00e1c\u00edm komfortem v pln\u011b vybaven\u00e9m velk\u00e9m proveden\u00ed. V\u00e1\u0161 pohodln\u00fd \u017eivot v kempu je zaji\u0161t\u011bn d\u00edky pln\u00e9 v\u00fd\u0161ce na st\u00e1n\u00ed, \u0161irok\u00e9mu obytn\u00e9mu prostoru pro stolov\u00e1n\u00ed a odpo\u010dinek a skv\u011bl\u00fdm mo\u017enostem v\u011btr\u00e1n\u00ed. T\u0159\u00edz\u00f3nov\u00e9 uspo\u0159\u00e1d\u00e1n\u00ed m\u00e1 bo\u010dn\u00ed dve\u0159e v oblasti mokr\u00e9 z\u00f3ny pro snadn\u00fd p\u0159\u00edstup a p\u0159edn\u00ed dve\u0159e m\u016f\u017eete odklopit a spojit se s p\u0159\u00edrodou. Spolu se dv\u011bma dve\u0159mi v obytn\u00e9 z\u00f3n\u011b m\u016f\u017eete t\u011b\u017eit ze skute\u010dn\u011b flexibiln\u00edho p\u0159\u00edstupu a funk\u010dnosti. T\u0159i z\u00f3ny poskytuj\u00ed velk\u00e9 rodin\u011b mokr\u00fd prostor, such\u00fd ob\u00fdvac\u00ed pokoj a lo\u017enici. Pln\u00e9 p\u0159edn\u00ed otev\u00edr\u00e1n\u00ed. Bo\u010dn\u00ed dve\u0159e podpo\u0159en\u00e9 pln\u00fdmi s\u00ed\u0165ov\u00fdmi panely umo\u017e\u0148uj\u00ed snadn\u00fd p\u0159\u00edstup a v\u011btr\u00e1n\u00ed v p\u0159edn\u00ed z\u00f3n\u011b. Rychl\u00e9\",\"breadcrumb\":{\"@id\":\"https:\\\/\\\/shopatoa.com\\\/cz\\\/outwell-yosemite-lake-6tc\\\/#breadcrumb\"},\"inLanguage\":\"cs\",\"potentialAction\":[{\"@type\":\"ReadAction\",\"target\":[\"https:\\\/\\\/shopatoa.com\\\/cz\\\/outwell-yosemite-lake-6tc\\\/\"]}]},{\"@type\":\"ImageObject\",\"inLanguage\":\"cs\",\"@id\":\"https:\\\/\\\/shopatoa.com\\\/cz\\\/outwell-yosemite-lake-6tc\\\/#primaryimage\",\"url\":\"https:\\\/\\\/shopatoa.com\\\/cz\\\/wp-content\\\/uploads\\\/2025\\\/02\\\/9623b37fd22b7f.jpg\",\"contentUrl\":\"https:\\\/\\\/shopatoa.com\\\/cz\\\/wp-content\\\/uploads\\\/2025\\\/02\\\/9623b37fd22b7f.jpg\",\"width\":1000,\"height\":562},{\"@type\":\"BreadcrumbList\",\"@id\":\"https:\\\/\\\/shopatoa.com\\\/cz\\\/outwell-yosemite-lake-6tc\\\/#breadcrumb\",\"itemListElement\":[{\"@type\":\"ListItem\",\"position\":1,\"name\":\"Dom\u016f\",\"item\":\"https:\\\/\\\/shopatoa.com\\\/cz\\\/\"},{\"@type\":\"ListItem\",\"position\":2,\"name\":\"Produkty\",\"item\":\"https:\\\/\\\/shopatoa.com\\\/cz\\\/shop\\\/\"},{\"@type\":\"ListItem\",\"position\":3,\"name\":\"Sport\",\"item\":\"https:\\\/\\\/shopatoa.com\\\/cz\\\/sport\\\/\"},{\"@type\":\"ListItem\",\"position\":4,\"name\":\"Outdoorov\u00e9 vybaven\u00ed\",\"item\":\"https:\\\/\\\/shopatoa.com\\\/cz\\\/outdoorove-vybaveni\\\/\"},{\"@type\":\"ListItem\",\"position\":5,\"name\":\"Outwell Yosemite Lake 6TC\"}]},{\"@type\":\"WebSite\",\"@id\":\"https:\\\/\\\/shopatoa.com\\\/cz\\\/#website\",\"url\":\"https:\\\/\\\/shopatoa.com\\\/cz\\\/\",\"name\":\"SHOPATOA\",\"description\":\"\",\"publisher\":{\"@id\":\"https:\\\/\\\/shopatoa.com\\\/cz\\\/#organization\"},\"potentialAction\":[{\"@type\":\"SearchAction\",\"target\":{\"@type\":\"EntryPoint\",\"urlTemplate\":\"https:\\\/\\\/shopatoa.com\\\/cz\\\/?s={search_term_string}\"},\"query-input\":{\"@type\":\"PropertyValueSpecification\",\"valueRequired\":true,\"valueName\":\"search_term_string\"}}],\"inLanguage\":\"cs\"},{\"@type\":\"Organization\",\"@id\":\"https:\\\/\\\/shopatoa.com\\\/cz\\\/#organization\",\"name\":\"SHOPATOA Digital s.r.o.\",\"url\":\"https:\\\/\\\/shopatoa.com\\\/cz\\\/\",\"logo\":{\"@type\":\"ImageObject\",\"inLanguage\":\"cs\",\"@id\":\"https:\\\/\\\/shopatoa.com\\\/cz\\\/#\\\/schema\\\/logo\\\/image\\\/\",\"url\":\"https:\\\/\\\/storage.googleapis.com\\\/cz-shopatoa-img\\\/cz\\\/ebccf434-shopatoa_logo.png\",\"contentUrl\":\"https:\\\/\\\/storage.googleapis.com\\\/cz-shopatoa-img\\\/cz\\\/ebccf434-shopatoa_logo.png\",\"width\":416,\"height\":63,\"caption\":\"SHOPATOA Digital s.r.o.\"},\"image\":{\"@id\":\"https:\\\/\\\/shopatoa.com\\\/cz\\\/#\\\/schema\\\/logo\\\/image\\\/\"}}]}<\/script>\n<!-- \/ Yoast SEO plugin. -->","yoast_head_json":{"title":"Outwell Yosemite Lake 6TC - SHOPATOA.COM","description":"Luxusn\u00ed stan Outwell Yosemite Lake 6TC s ty\u010d\u00ed si zamiluj\u00ed milovn\u00edci kempov\u00e1n\u00ed, kte\u0159\u00ed si potrp\u00ed na velkorys\u00fd prostor a elegantn\u00ed styl. Tento vynikaj\u00edc\u00ed stan s dostatkem flexibiln\u00edho prostoru pro rodiny a p\u0159\u00e1tele, kte\u0159\u00ed hledaj\u00ed v\u00edce prostoru, pojme a\u017e \u0161est osob ve t\u0159ech velk\u00fdch lo\u017enic\u00edch. Jeho odoln\u00e1 technick\u00e1 bavln\u011bn\u00e1 tkanina s dlouhou \u017eivotnost\u00ed reguluje vnit\u0159n\u00ed klima a nab\u00edz\u00ed pravou outdoorovou atmosf\u00e9ru s dom\u00e1c\u00edm komfortem v pln\u011b vybaven\u00e9m velk\u00e9m proveden\u00ed. V\u00e1\u0161 pohodln\u00fd \u017eivot v kempu je zaji\u0161t\u011bn d\u00edky pln\u00e9 v\u00fd\u0161ce na st\u00e1n\u00ed, \u0161irok\u00e9mu obytn\u00e9mu prostoru pro stolov\u00e1n\u00ed a odpo\u010dinek a skv\u011bl\u00fdm mo\u017enostem v\u011btr\u00e1n\u00ed. T\u0159\u00edz\u00f3nov\u00e9 uspo\u0159\u00e1d\u00e1n\u00ed m\u00e1 bo\u010dn\u00ed dve\u0159e v oblasti mokr\u00e9 z\u00f3ny pro snadn\u00fd p\u0159\u00edstup a p\u0159edn\u00ed dve\u0159e m\u016f\u017eete odklopit a spojit se s p\u0159\u00edrodou. Spolu se dv\u011bma dve\u0159mi v obytn\u00e9 z\u00f3n\u011b m\u016f\u017eete t\u011b\u017eit ze skute\u010dn\u011b flexibiln\u00edho p\u0159\u00edstupu a funk\u010dnosti. T\u0159i z\u00f3ny poskytuj\u00ed velk\u00e9 rodin\u011b mokr\u00fd prostor, such\u00fd ob\u00fdvac\u00ed pokoj a lo\u017enici. Pln\u00e9 p\u0159edn\u00ed otev\u00edr\u00e1n\u00ed. Bo\u010dn\u00ed dve\u0159e podpo\u0159en\u00e9 pln\u00fdmi s\u00ed\u0165ov\u00fdmi panely umo\u017e\u0148uj\u00ed snadn\u00fd p\u0159\u00edstup a v\u011btr\u00e1n\u00ed v p\u0159edn\u00ed z\u00f3n\u011b. Rychl\u00e9","robots":{"index":"index","follow":"follow","max-snippet":"max-snippet:-1","max-image-preview":"max-image-preview:large","max-video-preview":"max-video-preview:-1"},"canonical":"https:\/\/shopatoa.com\/cz\/outwell-yosemite-lake-6tc\/","og_locale":"cs_CZ","og_type":"article","og_title":"Outwell Yosemite Lake 6TC - SHOPATOA.COM","og_description":"Luxusn\u00ed stan Outwell Yosemite Lake 6TC s ty\u010d\u00ed si zamiluj\u00ed milovn\u00edci kempov\u00e1n\u00ed, kte\u0159\u00ed si potrp\u00ed na velkorys\u00fd prostor a elegantn\u00ed styl. Tento vynikaj\u00edc\u00ed stan s dostatkem flexibiln\u00edho prostoru pro rodiny a p\u0159\u00e1tele, kte\u0159\u00ed hledaj\u00ed v\u00edce prostoru, pojme a\u017e \u0161est osob ve t\u0159ech velk\u00fdch lo\u017enic\u00edch. Jeho odoln\u00e1 technick\u00e1 bavln\u011bn\u00e1 tkanina s dlouhou \u017eivotnost\u00ed reguluje vnit\u0159n\u00ed klima a nab\u00edz\u00ed pravou outdoorovou atmosf\u00e9ru s dom\u00e1c\u00edm komfortem v pln\u011b vybaven\u00e9m velk\u00e9m proveden\u00ed. V\u00e1\u0161 pohodln\u00fd \u017eivot v kempu je zaji\u0161t\u011bn d\u00edky pln\u00e9 v\u00fd\u0161ce na st\u00e1n\u00ed, \u0161irok\u00e9mu obytn\u00e9mu prostoru pro stolov\u00e1n\u00ed a odpo\u010dinek a skv\u011bl\u00fdm mo\u017enostem v\u011btr\u00e1n\u00ed. T\u0159\u00edz\u00f3nov\u00e9 uspo\u0159\u00e1d\u00e1n\u00ed m\u00e1 bo\u010dn\u00ed dve\u0159e v oblasti mokr\u00e9 z\u00f3ny pro snadn\u00fd p\u0159\u00edstup a p\u0159edn\u00ed dve\u0159e m\u016f\u017eete odklopit a spojit se s p\u0159\u00edrodou. Spolu se dv\u011bma dve\u0159mi v obytn\u00e9 z\u00f3n\u011b m\u016f\u017eete t\u011b\u017eit ze skute\u010dn\u011b flexibiln\u00edho p\u0159\u00edstupu a funk\u010dnosti. T\u0159i z\u00f3ny poskytuj\u00ed velk\u00e9 rodin\u011b mokr\u00fd prostor, such\u00fd ob\u00fdvac\u00ed pokoj a lo\u017enici. Pln\u00e9 p\u0159edn\u00ed otev\u00edr\u00e1n\u00ed. Bo\u010dn\u00ed dve\u0159e podpo\u0159en\u00e9 pln\u00fdmi s\u00ed\u0165ov\u00fdmi panely umo\u017e\u0148uj\u00ed snadn\u00fd p\u0159\u00edstup a v\u011btr\u00e1n\u00ed v p\u0159edn\u00ed z\u00f3n\u011b. Rychl\u00e9","og_url":"https:\/\/shopatoa.com\/cz\/outwell-yosemite-lake-6tc\/","og_site_name":"SHOPATOA","article_modified_time":"2025-03-14T20:43:37+00:00","og_image":[{"width":1000,"height":562,"url":"https:\/\/shopatoa.com\/cz\/wp-content\/uploads\/2025\/02\/9623b37fd22b7f.jpg","type":"image\/jpeg"}],"twitter_card":"summary_large_image","twitter_misc":{"Odhadovan\u00e1 doba \u010dten\u00ed":"1 minuta"},"schema":{"@context":"https:\/\/schema.org","@graph":[{"@type":"WebPage","@id":"https:\/\/shopatoa.com\/cz\/outwell-yosemite-lake-6tc\/","url":"https:\/\/shopatoa.com\/cz\/outwell-yosemite-lake-6tc\/","name":"Outwell Yosemite Lake 6TC - SHOPATOA.COM","isPartOf":{"@id":"https:\/\/shopatoa.com\/cz\/#website"},"primaryImageOfPage":{"@id":"https:\/\/shopatoa.com\/cz\/outwell-yosemite-lake-6tc\/#primaryimage"},"image":{"@id":"https:\/\/shopatoa.com\/cz\/outwell-yosemite-lake-6tc\/#primaryimage"},"thumbnailUrl":"https:\/\/shopatoa.com\/cz\/wp-content\/uploads\/2025\/02\/9623b37fd22b7f.jpg","datePublished":"2025-02-14T14:52:39+00:00","dateModified":"2025-03-14T20:43:37+00:00","description":"Luxusn\u00ed stan Outwell Yosemite Lake 6TC s ty\u010d\u00ed si zamiluj\u00ed milovn\u00edci kempov\u00e1n\u00ed, kte\u0159\u00ed si potrp\u00ed na velkorys\u00fd prostor a elegantn\u00ed styl. Tento vynikaj\u00edc\u00ed stan s dostatkem flexibiln\u00edho prostoru pro rodiny a p\u0159\u00e1tele, kte\u0159\u00ed hledaj\u00ed v\u00edce prostoru, pojme a\u017e \u0161est osob ve t\u0159ech velk\u00fdch lo\u017enic\u00edch. Jeho odoln\u00e1 technick\u00e1 bavln\u011bn\u00e1 tkanina s dlouhou \u017eivotnost\u00ed reguluje vnit\u0159n\u00ed klima a nab\u00edz\u00ed pravou outdoorovou atmosf\u00e9ru s dom\u00e1c\u00edm komfortem v pln\u011b vybaven\u00e9m velk\u00e9m proveden\u00ed. V\u00e1\u0161 pohodln\u00fd \u017eivot v kempu je zaji\u0161t\u011bn d\u00edky pln\u00e9 v\u00fd\u0161ce na st\u00e1n\u00ed, \u0161irok\u00e9mu obytn\u00e9mu prostoru pro stolov\u00e1n\u00ed a odpo\u010dinek a skv\u011bl\u00fdm mo\u017enostem v\u011btr\u00e1n\u00ed. T\u0159\u00edz\u00f3nov\u00e9 uspo\u0159\u00e1d\u00e1n\u00ed m\u00e1 bo\u010dn\u00ed dve\u0159e v oblasti mokr\u00e9 z\u00f3ny pro snadn\u00fd p\u0159\u00edstup a p\u0159edn\u00ed dve\u0159e m\u016f\u017eete odklopit a spojit se s p\u0159\u00edrodou. Spolu se dv\u011bma dve\u0159mi v obytn\u00e9 z\u00f3n\u011b m\u016f\u017eete t\u011b\u017eit ze skute\u010dn\u011b flexibiln\u00edho p\u0159\u00edstupu a funk\u010dnosti. T\u0159i z\u00f3ny poskytuj\u00ed velk\u00e9 rodin\u011b mokr\u00fd prostor, such\u00fd ob\u00fdvac\u00ed pokoj a lo\u017enici. Pln\u00e9 p\u0159edn\u00ed otev\u00edr\u00e1n\u00ed. Bo\u010dn\u00ed dve\u0159e podpo\u0159en\u00e9 pln\u00fdmi s\u00ed\u0165ov\u00fdmi panely umo\u017e\u0148uj\u00ed snadn\u00fd p\u0159\u00edstup a v\u011btr\u00e1n\u00ed v p\u0159edn\u00ed z\u00f3n\u011b. Rychl\u00e9","breadcrumb":{"@id":"https:\/\/shopatoa.com\/cz\/outwell-yosemite-lake-6tc\/#breadcrumb"},"inLanguage":"cs","potentialAction":[{"@type":"ReadAction","target":["https:\/\/shopatoa.com\/cz\/outwell-yosemite-lake-6tc\/"]}]},{"@type":"ImageObject","inLanguage":"cs","@id":"https:\/\/shopatoa.com\/cz\/outwell-yosemite-lake-6tc\/#primaryimage","url":"https:\/\/shopatoa.com\/cz\/wp-content\/uploads\/2025\/02\/9623b37fd22b7f.jpg","contentUrl":"https:\/\/shopatoa.com\/cz\/wp-content\/uploads\/2025\/02\/9623b37fd22b7f.jpg","width":1000,"height":562},{"@type":"BreadcrumbList","@id":"https:\/\/shopatoa.com\/cz\/outwell-yosemite-lake-6tc\/#breadcrumb","itemListElement":[{"@type":"ListItem","position":1,"name":"Dom\u016f","item":"https:\/\/shopatoa.com\/cz\/"},{"@type":"ListItem","position":2,"name":"Produkty","item":"https:\/\/shopatoa.com\/cz\/shop\/"},{"@type":"ListItem","position":3,"name":"Sport","item":"https:\/\/shopatoa.com\/cz\/sport\/"},{"@type":"ListItem","position":4,"name":"Outdoorov\u00e9 vybaven\u00ed","item":"https:\/\/shopatoa.com\/cz\/outdoorove-vybaveni\/"},{"@type":"ListItem","position":5,"name":"Outwell Yosemite Lake 6TC"}]},{"@type":"WebSite","@id":"https:\/\/shopatoa.com\/cz\/#website","url":"https:\/\/shopatoa.com\/cz\/","name":"SHOPATOA","description":"","publisher":{"@id":"https:\/\/shopatoa.com\/cz\/#organization"},"potentialAction":[{"@type":"SearchAction","target":{"@type":"EntryPoint","urlTemplate":"https:\/\/shopatoa.com\/cz\/?s={search_term_string}"},"query-input":{"@type":"PropertyValueSpecification","valueRequired":true,"valueName":"search_term_string"}}],"inLanguage":"cs"},{"@type":"Organization","@id":"https:\/\/shopatoa.com\/cz\/#organization","name":"SHOPATOA Digital s.r.o.","url":"https:\/\/shopatoa.com\/cz\/","logo":{"@type":"ImageObject","inLanguage":"cs","@id":"https:\/\/shopatoa.com\/cz\/#\/schema\/logo\/image\/","url":"https:\/\/storage.googleapis.com\/cz-shopatoa-img\/cz\/ebccf434-shopatoa_logo.png","contentUrl":"https:\/\/storage.googleapis.com\/cz-shopatoa-img\/cz\/ebccf434-shopatoa_logo.png","width":416,"height":63,"caption":"SHOPATOA Digital s.r.o."},"image":{"@id":"https:\/\/shopatoa.com\/cz\/#\/schema\/logo\/image\/"}}]}},"_links":{"self":[{"href":"https:\/\/shopatoa.com\/cz\/wp-json\/wp\/v2\/product\/129716","targetHints":{"allow":["GET"]}}],"collection":[{"href":"https:\/\/shopatoa.com\/cz\/wp-json\/wp\/v2\/product"}],"about":[{"href":"https:\/\/shopatoa.com\/cz\/wp-json\/wp\/v2\/types\/product"}],"replies":[{"embeddable":true,"href":"https:\/\/shopatoa.com\/cz\/wp-json\/wp\/v2\/comments?post=129716"}],"wp:featuredmedia":[{"embeddable":true,"href":"https:\/\/shopatoa.com\/cz\/wp-json\/wp\/v2\/media\/129717"}],"wp:attachment":[{"href":"https:\/\/shopatoa.com\/cz\/wp-json\/wp\/v2\/media?parent=129716"}],"wp:term":[{"taxonomy":"product_brand","embeddable":true,"href":"https:\/\/shopatoa.com\/cz\/wp-json\/wp\/v2\/product_brand?post=129716"},{"taxonomy":"product_cat","embeddable":true,"href":"https:\/\/shopatoa.com\/cz\/wp-json\/wp\/v2\/product_cat?post=129716"},{"taxonomy":"product_tag","embeddable":true,"href":"https:\/\/shopatoa.com\/cz\/wp-json\/wp\/v2\/product_tag?post=129716"}],"curies":[{"name":"wp","href":"https:\/\/api.w.org\/{rel}","templated":true}]}}