{"id":129823,"date":"2025-02-14T16:40:02","date_gmt":"2025-02-14T15:40:02","guid":{"rendered":"https:\/\/shopatoa.com\/cz\/luvene-kolagen-drink-collavio-plus-malina-3x228-g\/"},"modified":"2025-03-14T21:45:39","modified_gmt":"2025-03-14T20:45:39","slug":"luvene-kolagen-drink-collavio-plus-malina-3x228-g","status":"publish","type":"product","link":"https:\/\/shopatoa.com\/cz\/luvene-kolagen-drink-collavio-plus-malina-3x228-g\/","title":{"rendered":"Luven\u00e9 Kolagen drink Collavio Plus malina 3&#215;228 g"},"content":{"rendered":"<p>Lahodn\u00fd beauty drink, kter\u00fd eliminuje prvn\u00ed zn\u00e1mky st\u00e1rnut\u00ed, jako jsou po\u010d\u00ednaj\u00edc\u00ed vr\u00e1sky, \u0161upinat\u00e1 poko\u017eka a uvadaj\u00edc\u00ed ple\u0165. Jeho pozitivn\u00ed \u00fa\u010dinky poc\u00edt\u00edte tak\u00e9 na kvalit\u011b sv\u00fdch vlas\u016f a neht\u016f, kter\u00e9 vy\u017eiv\u00ed a zodoln\u00ed. P\u0159\u00edzniv\u011b p\u016fsob\u00ed i v boji s celulitidou.<\/p>\n<p>Pro\u010d u\u017e\u00edvat kolagen?<\/p>\n<p>Kolagen je z\u00e1kladn\u00ed stavebn\u00ed b\u00edlkovinou v lidsk\u00e9m t\u011ble. U\u017e po 25. roce \u017eivota za\u010d\u00edn\u00e1 produkce kolagenu v lidsk\u00e9m t\u011ble klesat a po 40. roce si jej t\u011blo netvo\u0159\u00ed t\u00e9m\u011b\u0159 v\u016fbec. Zhruba v t\u00e9to dob\u011b ple\u0165 v\u00fdrazn\u011bji ochabuje a objevuj\u00ed se vr\u00e1sky. D\u00edky beauty drinku Collavio je mo\u017en\u00e9 proces st\u00e1rnut\u00ed pleti zpomalit.<\/p>\n","protected":false},"excerpt":{"rendered":"<p>Lahodn\u00fd beauty drink, kter\u00fd eliminuje prvn\u00ed zn\u00e1mky st\u00e1rnut\u00ed, jako jsou po\u010d\u00ednaj\u00edc\u00ed vr\u00e1sky, \u0161upinat\u00e1 poko\u017eka a uvadaj\u00edc\u00ed ple\u0165. Jeho pozitivn\u00ed \u00fa\u010dinky poc\u00edt\u00edte tak\u00e9 na kvalit\u011b sv\u00fdch vlas\u016f a neht\u016f, kter\u00e9 vy\u017eiv\u00ed a zodoln\u00ed. P\u0159\u00edzniv\u011b p\u016fsob\u00ed i v boji s celulitidou. Pro\u010d u\u017e\u00edvat kolagen? Kolagen je z\u00e1kladn\u00ed stavebn\u00ed b\u00edlkovinou v lidsk\u00e9m t\u011ble. U\u017e po 25. roce \u017eivota&#8230;<\/p>\n","protected":false},"featured_media":129824,"comment_status":"closed","ping_status":"open","template":"","meta":{"_acf_changed":false,"_kadence_starter_templates_imported_post":false,"_kad_post_transparent":"","_kad_post_title":"","_kad_post_layout":"","_kad_post_sidebar_id":"","_kad_post_content_style":"","_kad_post_vertical_padding":"","_kad_post_feature":"","_kad_post_feature_position":"","_kad_post_header":false,"_kad_post_footer":false,"_kad_post_classname":""},"product_brand":[],"product_cat":[98],"product_tag":[],"class_list":{"0":"post-129823","1":"product","2":"type-product","3":"status-publish","4":"has-post-thumbnail","6":"product_cat-kosmetika-a-zdravi","7":"pa_obchod-lovio-cz","9":"first","10":"instock","11":"product-type-external","12":"entry","13":"content-bg","14":"loop-entry"},"acf":[],"yoast_head":"<!-- This site is optimized with the Yoast SEO plugin v27.4 - https:\/\/yoast.com\/product\/yoast-seo-wordpress\/ -->\n<title>Luven\u00e9 Kolagen drink Collavio Plus malina 3x228 g - SHOPATOA.COM<\/title>\n<meta name=\"robots\" content=\"index, follow, max-snippet:-1, max-image-preview:large, max-video-preview:-1\" \/>\n<link rel=\"canonical\" href=\"https:\/\/shopatoa.com\/cz\/luvene-kolagen-drink-collavio-plus-malina-3x228-g\/\" \/>\n<meta property=\"og:locale\" content=\"cs_CZ\" \/>\n<meta property=\"og:type\" content=\"article\" \/>\n<meta property=\"og:title\" content=\"Luven\u00e9 Kolagen drink Collavio Plus malina 3x228 g - SHOPATOA.COM\" \/>\n<meta property=\"og:description\" content=\"Lahodn\u00fd beauty drink, kter\u00fd eliminuje prvn\u00ed zn\u00e1mky st\u00e1rnut\u00ed, jako jsou po\u010d\u00ednaj\u00edc\u00ed vr\u00e1sky, \u0161upinat\u00e1 poko\u017eka a uvadaj\u00edc\u00ed ple\u0165. Jeho pozitivn\u00ed \u00fa\u010dinky poc\u00edt\u00edte tak\u00e9 na kvalit\u011b sv\u00fdch vlas\u016f a neht\u016f, kter\u00e9 vy\u017eiv\u00ed a zodoln\u00ed. P\u0159\u00edzniv\u011b p\u016fsob\u00ed i v boji s celulitidou. Pro\u010d u\u017e\u00edvat kolagen? Kolagen je z\u00e1kladn\u00ed stavebn\u00ed b\u00edlkovinou v lidsk\u00e9m t\u011ble. U\u017e po 25. roce \u017eivota...\" \/>\n<meta property=\"og:url\" content=\"https:\/\/shopatoa.com\/cz\/luvene-kolagen-drink-collavio-plus-malina-3x228-g\/\" \/>\n<meta property=\"og:site_name\" content=\"SHOPATOA\" \/>\n<meta property=\"article:modified_time\" content=\"2025-03-14T20:45:39+00:00\" \/>\n<meta property=\"og:image\" content=\"https:\/\/shopatoa.com\/cz\/wp-content\/uploads\/2025\/02\/1000x1000_3x_collavio_plus_malina.jpg\" \/>\n\t<meta property=\"og:image:width\" content=\"1000\" \/>\n\t<meta property=\"og:image:height\" content=\"1000\" \/>\n\t<meta property=\"og:image:type\" content=\"image\/jpeg\" \/>\n<meta name=\"twitter:card\" content=\"summary_large_image\" \/>\n<meta name=\"twitter:label1\" content=\"Odhadovan\u00e1 doba \u010dten\u00ed\" \/>\n\t<meta name=\"twitter:data1\" content=\"1 minuta\" \/>\n<script type=\"application\/ld+json\" class=\"yoast-schema-graph\">{\"@context\":\"https:\\\/\\\/schema.org\",\"@graph\":[{\"@type\":\"WebPage\",\"@id\":\"https:\\\/\\\/shopatoa.com\\\/cz\\\/luvene-kolagen-drink-collavio-plus-malina-3x228-g\\\/\",\"url\":\"https:\\\/\\\/shopatoa.com\\\/cz\\\/luvene-kolagen-drink-collavio-plus-malina-3x228-g\\\/\",\"name\":\"Luven\u00e9 Kolagen drink Collavio Plus malina 3x228 g - SHOPATOA.COM\",\"isPartOf\":{\"@id\":\"https:\\\/\\\/shopatoa.com\\\/cz\\\/#website\"},\"primaryImageOfPage\":{\"@id\":\"https:\\\/\\\/shopatoa.com\\\/cz\\\/luvene-kolagen-drink-collavio-plus-malina-3x228-g\\\/#primaryimage\"},\"image\":{\"@id\":\"https:\\\/\\\/shopatoa.com\\\/cz\\\/luvene-kolagen-drink-collavio-plus-malina-3x228-g\\\/#primaryimage\"},\"thumbnailUrl\":\"https:\\\/\\\/shopatoa.com\\\/cz\\\/wp-content\\\/uploads\\\/2025\\\/02\\\/1000x1000_3x_collavio_plus_malina.jpg\",\"datePublished\":\"2025-02-14T15:40:02+00:00\",\"dateModified\":\"2025-03-14T20:45:39+00:00\",\"breadcrumb\":{\"@id\":\"https:\\\/\\\/shopatoa.com\\\/cz\\\/luvene-kolagen-drink-collavio-plus-malina-3x228-g\\\/#breadcrumb\"},\"inLanguage\":\"cs\",\"potentialAction\":[{\"@type\":\"ReadAction\",\"target\":[\"https:\\\/\\\/shopatoa.com\\\/cz\\\/luvene-kolagen-drink-collavio-plus-malina-3x228-g\\\/\"]}]},{\"@type\":\"ImageObject\",\"inLanguage\":\"cs\",\"@id\":\"https:\\\/\\\/shopatoa.com\\\/cz\\\/luvene-kolagen-drink-collavio-plus-malina-3x228-g\\\/#primaryimage\",\"url\":\"https:\\\/\\\/shopatoa.com\\\/cz\\\/wp-content\\\/uploads\\\/2025\\\/02\\\/1000x1000_3x_collavio_plus_malina.jpg\",\"contentUrl\":\"https:\\\/\\\/shopatoa.com\\\/cz\\\/wp-content\\\/uploads\\\/2025\\\/02\\\/1000x1000_3x_collavio_plus_malina.jpg\",\"width\":1000,\"height\":1000},{\"@type\":\"BreadcrumbList\",\"@id\":\"https:\\\/\\\/shopatoa.com\\\/cz\\\/luvene-kolagen-drink-collavio-plus-malina-3x228-g\\\/#breadcrumb\",\"itemListElement\":[{\"@type\":\"ListItem\",\"position\":1,\"name\":\"Dom\u016f\",\"item\":\"https:\\\/\\\/shopatoa.com\\\/cz\\\/\"},{\"@type\":\"ListItem\",\"position\":2,\"name\":\"Produkty\",\"item\":\"https:\\\/\\\/shopatoa.com\\\/cz\\\/shop\\\/\"},{\"@type\":\"ListItem\",\"position\":3,\"name\":\"Kosmetika a zdrav\u00ed\",\"item\":\"https:\\\/\\\/shopatoa.com\\\/cz\\\/kosmetika-a-zdravi\\\/\"},{\"@type\":\"ListItem\",\"position\":4,\"name\":\"Luven\u00e9 Kolagen drink Collavio Plus malina 3&#215;228 g\"}]},{\"@type\":\"WebSite\",\"@id\":\"https:\\\/\\\/shopatoa.com\\\/cz\\\/#website\",\"url\":\"https:\\\/\\\/shopatoa.com\\\/cz\\\/\",\"name\":\"SHOPATOA\",\"description\":\"\",\"publisher\":{\"@id\":\"https:\\\/\\\/shopatoa.com\\\/cz\\\/#organization\"},\"potentialAction\":[{\"@type\":\"SearchAction\",\"target\":{\"@type\":\"EntryPoint\",\"urlTemplate\":\"https:\\\/\\\/shopatoa.com\\\/cz\\\/?s={search_term_string}\"},\"query-input\":{\"@type\":\"PropertyValueSpecification\",\"valueRequired\":true,\"valueName\":\"search_term_string\"}}],\"inLanguage\":\"cs\"},{\"@type\":\"Organization\",\"@id\":\"https:\\\/\\\/shopatoa.com\\\/cz\\\/#organization\",\"name\":\"SHOPATOA Digital s.r.o.\",\"url\":\"https:\\\/\\\/shopatoa.com\\\/cz\\\/\",\"logo\":{\"@type\":\"ImageObject\",\"inLanguage\":\"cs\",\"@id\":\"https:\\\/\\\/shopatoa.com\\\/cz\\\/#\\\/schema\\\/logo\\\/image\\\/\",\"url\":\"https:\\\/\\\/storage.googleapis.com\\\/cz-shopatoa-img\\\/cz\\\/ebccf434-shopatoa_logo.png\",\"contentUrl\":\"https:\\\/\\\/storage.googleapis.com\\\/cz-shopatoa-img\\\/cz\\\/ebccf434-shopatoa_logo.png\",\"width\":416,\"height\":63,\"caption\":\"SHOPATOA Digital s.r.o.\"},\"image\":{\"@id\":\"https:\\\/\\\/shopatoa.com\\\/cz\\\/#\\\/schema\\\/logo\\\/image\\\/\"}}]}<\/script>\n<!-- \/ Yoast SEO plugin. -->","yoast_head_json":{"title":"Luven\u00e9 Kolagen drink Collavio Plus malina 3x228 g - SHOPATOA.COM","robots":{"index":"index","follow":"follow","max-snippet":"max-snippet:-1","max-image-preview":"max-image-preview:large","max-video-preview":"max-video-preview:-1"},"canonical":"https:\/\/shopatoa.com\/cz\/luvene-kolagen-drink-collavio-plus-malina-3x228-g\/","og_locale":"cs_CZ","og_type":"article","og_title":"Luven\u00e9 Kolagen drink Collavio Plus malina 3x228 g - SHOPATOA.COM","og_description":"Lahodn\u00fd beauty drink, kter\u00fd eliminuje prvn\u00ed zn\u00e1mky st\u00e1rnut\u00ed, jako jsou po\u010d\u00ednaj\u00edc\u00ed vr\u00e1sky, \u0161upinat\u00e1 poko\u017eka a uvadaj\u00edc\u00ed ple\u0165. Jeho pozitivn\u00ed \u00fa\u010dinky poc\u00edt\u00edte tak\u00e9 na kvalit\u011b sv\u00fdch vlas\u016f a neht\u016f, kter\u00e9 vy\u017eiv\u00ed a zodoln\u00ed. P\u0159\u00edzniv\u011b p\u016fsob\u00ed i v boji s celulitidou. Pro\u010d u\u017e\u00edvat kolagen? Kolagen je z\u00e1kladn\u00ed stavebn\u00ed b\u00edlkovinou v lidsk\u00e9m t\u011ble. U\u017e po 25. roce \u017eivota...","og_url":"https:\/\/shopatoa.com\/cz\/luvene-kolagen-drink-collavio-plus-malina-3x228-g\/","og_site_name":"SHOPATOA","article_modified_time":"2025-03-14T20:45:39+00:00","og_image":[{"width":1000,"height":1000,"url":"https:\/\/shopatoa.com\/cz\/wp-content\/uploads\/2025\/02\/1000x1000_3x_collavio_plus_malina.jpg","type":"image\/jpeg"}],"twitter_card":"summary_large_image","twitter_misc":{"Odhadovan\u00e1 doba \u010dten\u00ed":"1 minuta"},"schema":{"@context":"https:\/\/schema.org","@graph":[{"@type":"WebPage","@id":"https:\/\/shopatoa.com\/cz\/luvene-kolagen-drink-collavio-plus-malina-3x228-g\/","url":"https:\/\/shopatoa.com\/cz\/luvene-kolagen-drink-collavio-plus-malina-3x228-g\/","name":"Luven\u00e9 Kolagen drink Collavio Plus malina 3x228 g - SHOPATOA.COM","isPartOf":{"@id":"https:\/\/shopatoa.com\/cz\/#website"},"primaryImageOfPage":{"@id":"https:\/\/shopatoa.com\/cz\/luvene-kolagen-drink-collavio-plus-malina-3x228-g\/#primaryimage"},"image":{"@id":"https:\/\/shopatoa.com\/cz\/luvene-kolagen-drink-collavio-plus-malina-3x228-g\/#primaryimage"},"thumbnailUrl":"https:\/\/shopatoa.com\/cz\/wp-content\/uploads\/2025\/02\/1000x1000_3x_collavio_plus_malina.jpg","datePublished":"2025-02-14T15:40:02+00:00","dateModified":"2025-03-14T20:45:39+00:00","breadcrumb":{"@id":"https:\/\/shopatoa.com\/cz\/luvene-kolagen-drink-collavio-plus-malina-3x228-g\/#breadcrumb"},"inLanguage":"cs","potentialAction":[{"@type":"ReadAction","target":["https:\/\/shopatoa.com\/cz\/luvene-kolagen-drink-collavio-plus-malina-3x228-g\/"]}]},{"@type":"ImageObject","inLanguage":"cs","@id":"https:\/\/shopatoa.com\/cz\/luvene-kolagen-drink-collavio-plus-malina-3x228-g\/#primaryimage","url":"https:\/\/shopatoa.com\/cz\/wp-content\/uploads\/2025\/02\/1000x1000_3x_collavio_plus_malina.jpg","contentUrl":"https:\/\/shopatoa.com\/cz\/wp-content\/uploads\/2025\/02\/1000x1000_3x_collavio_plus_malina.jpg","width":1000,"height":1000},{"@type":"BreadcrumbList","@id":"https:\/\/shopatoa.com\/cz\/luvene-kolagen-drink-collavio-plus-malina-3x228-g\/#breadcrumb","itemListElement":[{"@type":"ListItem","position":1,"name":"Dom\u016f","item":"https:\/\/shopatoa.com\/cz\/"},{"@type":"ListItem","position":2,"name":"Produkty","item":"https:\/\/shopatoa.com\/cz\/shop\/"},{"@type":"ListItem","position":3,"name":"Kosmetika a zdrav\u00ed","item":"https:\/\/shopatoa.com\/cz\/kosmetika-a-zdravi\/"},{"@type":"ListItem","position":4,"name":"Luven\u00e9 Kolagen drink Collavio Plus malina 3&#215;228 g"}]},{"@type":"WebSite","@id":"https:\/\/shopatoa.com\/cz\/#website","url":"https:\/\/shopatoa.com\/cz\/","name":"SHOPATOA","description":"","publisher":{"@id":"https:\/\/shopatoa.com\/cz\/#organization"},"potentialAction":[{"@type":"SearchAction","target":{"@type":"EntryPoint","urlTemplate":"https:\/\/shopatoa.com\/cz\/?s={search_term_string}"},"query-input":{"@type":"PropertyValueSpecification","valueRequired":true,"valueName":"search_term_string"}}],"inLanguage":"cs"},{"@type":"Organization","@id":"https:\/\/shopatoa.com\/cz\/#organization","name":"SHOPATOA Digital s.r.o.","url":"https:\/\/shopatoa.com\/cz\/","logo":{"@type":"ImageObject","inLanguage":"cs","@id":"https:\/\/shopatoa.com\/cz\/#\/schema\/logo\/image\/","url":"https:\/\/storage.googleapis.com\/cz-shopatoa-img\/cz\/ebccf434-shopatoa_logo.png","contentUrl":"https:\/\/storage.googleapis.com\/cz-shopatoa-img\/cz\/ebccf434-shopatoa_logo.png","width":416,"height":63,"caption":"SHOPATOA Digital s.r.o."},"image":{"@id":"https:\/\/shopatoa.com\/cz\/#\/schema\/logo\/image\/"}}]}},"_links":{"self":[{"href":"https:\/\/shopatoa.com\/cz\/wp-json\/wp\/v2\/product\/129823","targetHints":{"allow":["GET"]}}],"collection":[{"href":"https:\/\/shopatoa.com\/cz\/wp-json\/wp\/v2\/product"}],"about":[{"href":"https:\/\/shopatoa.com\/cz\/wp-json\/wp\/v2\/types\/product"}],"replies":[{"embeddable":true,"href":"https:\/\/shopatoa.com\/cz\/wp-json\/wp\/v2\/comments?post=129823"}],"wp:featuredmedia":[{"embeddable":true,"href":"https:\/\/shopatoa.com\/cz\/wp-json\/wp\/v2\/media\/129824"}],"wp:attachment":[{"href":"https:\/\/shopatoa.com\/cz\/wp-json\/wp\/v2\/media?parent=129823"}],"wp:term":[{"taxonomy":"product_brand","embeddable":true,"href":"https:\/\/shopatoa.com\/cz\/wp-json\/wp\/v2\/product_brand?post=129823"},{"taxonomy":"product_cat","embeddable":true,"href":"https:\/\/shopatoa.com\/cz\/wp-json\/wp\/v2\/product_cat?post=129823"},{"taxonomy":"product_tag","embeddable":true,"href":"https:\/\/shopatoa.com\/cz\/wp-json\/wp\/v2\/product_tag?post=129823"}],"curies":[{"name":"wp","href":"https:\/\/api.w.org\/{rel}","templated":true}]}}