{"id":129829,"date":"2025-02-14T17:06:38","date_gmt":"2025-02-14T16:06:38","guid":{"rendered":"https:\/\/shopatoa.com\/cz\/dior-fahrenheit-32-objem-100-ml\/"},"modified":"2025-03-14T21:45:46","modified_gmt":"2025-03-14T20:45:46","slug":"dior-fahrenheit-32-objem-100-ml","status":"publish","type":"product","link":"https:\/\/shopatoa.com\/cz\/dior-fahrenheit-32-objem-100-ml\/","title":{"rendered":"Dior Fahrenheit 32 Objem: 100 ml"},"content":{"rendered":"<p>Christian Dior Fahrenheit 32 EDT 100ml p\u0159ich\u00e1z\u00ed jako nov\u00e1 verze p\u00e1nsk\u00e9 toaletn\u00ed vody, obsahuj\u00edc\u00ed orient\u00e1ln\u00ed v\u016fni. Tato v\u016fn\u011b je ur\u010dena inteligentn\u00edm mu\u017e\u016fm a gentleman\u016fm, kte\u0159\u00ed si r\u00e1di p\u0159e\u010dtou kvalitn\u00ed knihu, nebo chod\u00ed na v\u00fdznamn\u00e9 spole\u010densk\u00e9 akce. Takov\u00e9mu mu\u017ei Dior Fahrenheit 32 dod\u00e1 na eleganci a p\u016fvabu.<br \/>\n Christian Dior Fahrenheit 32 m\u00e1 b\u00edl\u00fd flakon a je velmi sv\u011b\u017e\u00ed v\u016fn\u011b pro l\u00e9to, vyvol\u00e1v\u00e1 dojem exklusivity a luxusu. Tato orient\u00e1ln\u00ed v\u016fn\u011b je zalo\u017eena na t\u0159ech skvostn\u00fdch komponentech: Kv\u011bt pomeran\u010de, vetiver a vanilka. Kv\u011bt pomeran\u010de p\u0159id\u00e1v\u00e1 sv\u011b\u017eest, d\u00edky jeho zaj\u00edmav\u00e9mu, jemn\u00e9mu ale ko\u0159en\u011bn\u00e9mu charakteru. Vetiver p\u0159id\u00e1 mu\u017ekou \u010distotu. Pou\u017e\u00edv\u00e1 se pouze j\u00e1dro k z\u00edsk\u00e1n\u00ed d\u0159evit\u00e9ho aroma, av\u0161ak hv\u011bzdou tohoto slo\u017een\u00ed je vanilka, kter\u00e1 parf\u00e9mu dod\u00e1v\u00e1 unik\u00e1tn\u00ed, lehkou jemnost.<\/p>\n","protected":false},"excerpt":{"rendered":"<p>Christian Dior Fahrenheit 32 EDT 100ml p\u0159ich\u00e1z\u00ed jako nov\u00e1 verze p\u00e1nsk\u00e9 toaletn\u00ed vody, obsahuj\u00edc\u00ed orient\u00e1ln\u00ed v\u016fni. Tato v\u016fn\u011b je ur\u010dena inteligentn\u00edm mu\u017e\u016fm a gentleman\u016fm, kte\u0159\u00ed si r\u00e1di p\u0159e\u010dtou kvalitn\u00ed knihu, nebo chod\u00ed na v\u00fdznamn\u00e9 spole\u010densk\u00e9 akce. Takov\u00e9mu mu\u017ei Dior Fahrenheit 32 dod\u00e1 na eleganci a p\u016fvabu. Christian Dior Fahrenheit 32 m\u00e1 b\u00edl\u00fd flakon a je&#8230;<\/p>\n","protected":false},"featured_media":129830,"comment_status":"closed","ping_status":"open","template":"","meta":{"_acf_changed":false,"_kadence_starter_templates_imported_post":false,"_kad_post_transparent":"","_kad_post_title":"","_kad_post_layout":"","_kad_post_sidebar_id":"","_kad_post_content_style":"","_kad_post_vertical_padding":"","_kad_post_feature":"","_kad_post_feature_position":"","_kad_post_header":false,"_kad_post_footer":false,"_kad_post_classname":""},"product_brand":[],"product_cat":[98],"product_tag":[],"class_list":{"0":"post-129829","1":"product","2":"type-product","3":"status-publish","4":"has-post-thumbnail","6":"product_cat-kosmetika-a-zdravi","7":"pa_obchod-krasnevune-cz","8":"pa_pohlavi-muz","10":"first","11":"instock","12":"product-type-external","13":"entry","14":"content-bg","15":"loop-entry"},"acf":[],"yoast_head":"<!-- This site is optimized with the Yoast SEO plugin v27.4 - https:\/\/yoast.com\/product\/yoast-seo-wordpress\/ -->\n<title>Dior Fahrenheit 32 Objem: 100 ml | SHOPATOA.COM<\/title>\n<meta name=\"description\" content=\"Christian Dior Fahrenheit 32 EDT 100ml p\u0159ich\u00e1z\u00ed jako nov\u00e1 verze p\u00e1nsk\u00e9 toaletn\u00ed vody, obsahuj\u00edc\u00ed orient\u00e1ln\u00ed v\u016fni. Tato v\u016fn\u011b je ur\u010dena inteligentn\u00edm mu\u017e\u016fm a gentleman\u016fm, kte\u0159\u00ed si r\u00e1di p\u0159e\u010dtou kvalitn\u00ed knihu, nebo chod\u00ed na v\u00fdznamn\u00e9 spole\u010densk\u00e9 akce. Takov\u00e9mu mu\u017ei Dior Fahrenheit 32 dod\u00e1 na eleganci a p\u016fvabu. Christian Dior Fahrenheit 32 m\u00e1 b\u00edl\u00fd flakon a je velmi sv\u011b\u017e\u00ed v\u016fn\u011b pro l\u00e9to, vyvol\u00e1v\u00e1 dojem exklusivity a luxusu. Tato orient\u00e1ln\u00ed v\u016fn\u011b je zalo\u017eena na t\u0159ech skvostn\u00fdch komponentech: Kv\u011bt pomeran\u010de, vetiver a vanilka. Kv\u011bt pomeran\u010de p\u0159id\u00e1v\u00e1 sv\u011b\u017eest, d\u00edky jeho zaj\u00edmav\u00e9mu, jemn\u00e9mu ale ko\u0159en\u011bn\u00e9mu charakteru. Vetiver p\u0159id\u00e1 mu\u017ekou \u010distotu. Pou\u017e\u00edv\u00e1 se pouze j\u00e1dro k z\u00edsk\u00e1n\u00ed d\u0159evit\u00e9ho aroma, av\u0161ak hv\u011bzdou tohoto slo\u017een\u00ed je vanilka, kter\u00e1 parf\u00e9mu dod\u00e1v\u00e1 unik\u00e1tn\u00ed, lehkou jemnost.\" \/>\n<meta name=\"robots\" content=\"index, follow, max-snippet:-1, max-image-preview:large, max-video-preview:-1\" \/>\n<link rel=\"canonical\" href=\"https:\/\/shopatoa.com\/cz\/dior-fahrenheit-32-objem-100-ml\/\" \/>\n<meta property=\"og:locale\" content=\"cs_CZ\" \/>\n<meta property=\"og:type\" content=\"article\" \/>\n<meta property=\"og:title\" content=\"Dior Fahrenheit 32 Objem: 100 ml | SHOPATOA.COM\" \/>\n<meta property=\"og:description\" content=\"Christian Dior Fahrenheit 32 EDT 100ml p\u0159ich\u00e1z\u00ed jako nov\u00e1 verze p\u00e1nsk\u00e9 toaletn\u00ed vody, obsahuj\u00edc\u00ed orient\u00e1ln\u00ed v\u016fni. Tato v\u016fn\u011b je ur\u010dena inteligentn\u00edm mu\u017e\u016fm a gentleman\u016fm, kte\u0159\u00ed si r\u00e1di p\u0159e\u010dtou kvalitn\u00ed knihu, nebo chod\u00ed na v\u00fdznamn\u00e9 spole\u010densk\u00e9 akce. Takov\u00e9mu mu\u017ei Dior Fahrenheit 32 dod\u00e1 na eleganci a p\u016fvabu. Christian Dior Fahrenheit 32 m\u00e1 b\u00edl\u00fd flakon a je velmi sv\u011b\u017e\u00ed v\u016fn\u011b pro l\u00e9to, vyvol\u00e1v\u00e1 dojem exklusivity a luxusu. Tato orient\u00e1ln\u00ed v\u016fn\u011b je zalo\u017eena na t\u0159ech skvostn\u00fdch komponentech: Kv\u011bt pomeran\u010de, vetiver a vanilka. Kv\u011bt pomeran\u010de p\u0159id\u00e1v\u00e1 sv\u011b\u017eest, d\u00edky jeho zaj\u00edmav\u00e9mu, jemn\u00e9mu ale ko\u0159en\u011bn\u00e9mu charakteru. Vetiver p\u0159id\u00e1 mu\u017ekou \u010distotu. Pou\u017e\u00edv\u00e1 se pouze j\u00e1dro k z\u00edsk\u00e1n\u00ed d\u0159evit\u00e9ho aroma, av\u0161ak hv\u011bzdou tohoto slo\u017een\u00ed je vanilka, kter\u00e1 parf\u00e9mu dod\u00e1v\u00e1 unik\u00e1tn\u00ed, lehkou jemnost.\" \/>\n<meta property=\"og:url\" content=\"https:\/\/shopatoa.com\/cz\/dior-fahrenheit-32-objem-100-ml\/\" \/>\n<meta property=\"og:site_name\" content=\"SHOPATOA\" \/>\n<meta property=\"article:modified_time\" content=\"2025-03-14T20:45:46+00:00\" \/>\n<meta property=\"og:image\" content=\"https:\/\/shopatoa.com\/cz\/wp-content\/uploads\/2025\/02\/14206-1_dior-fahrenheit-32-objem-100-ml.jpg\" \/>\n\t<meta property=\"og:image:width\" content=\"403\" \/>\n\t<meta property=\"og:image:height\" content=\"500\" \/>\n\t<meta property=\"og:image:type\" content=\"image\/jpeg\" \/>\n<meta name=\"twitter:card\" content=\"summary_large_image\" \/>\n<meta name=\"twitter:label1\" content=\"Odhadovan\u00e1 doba \u010dten\u00ed\" \/>\n\t<meta name=\"twitter:data1\" content=\"1 minuta\" \/>\n<script type=\"application\/ld+json\" class=\"yoast-schema-graph\">{\"@context\":\"https:\\\/\\\/schema.org\",\"@graph\":[{\"@type\":\"WebPage\",\"@id\":\"https:\\\/\\\/shopatoa.com\\\/cz\\\/dior-fahrenheit-32-objem-100-ml\\\/\",\"url\":\"https:\\\/\\\/shopatoa.com\\\/cz\\\/dior-fahrenheit-32-objem-100-ml\\\/\",\"name\":\"Dior Fahrenheit 32 Objem: 100 ml | SHOPATOA.COM\",\"isPartOf\":{\"@id\":\"https:\\\/\\\/shopatoa.com\\\/cz\\\/#website\"},\"primaryImageOfPage\":{\"@id\":\"https:\\\/\\\/shopatoa.com\\\/cz\\\/dior-fahrenheit-32-objem-100-ml\\\/#primaryimage\"},\"image\":{\"@id\":\"https:\\\/\\\/shopatoa.com\\\/cz\\\/dior-fahrenheit-32-objem-100-ml\\\/#primaryimage\"},\"thumbnailUrl\":\"https:\\\/\\\/shopatoa.com\\\/cz\\\/wp-content\\\/uploads\\\/2025\\\/02\\\/14206-1_dior-fahrenheit-32-objem-100-ml.jpg\",\"datePublished\":\"2025-02-14T16:06:38+00:00\",\"dateModified\":\"2025-03-14T20:45:46+00:00\",\"description\":\"Christian Dior Fahrenheit 32 EDT 100ml p\u0159ich\u00e1z\u00ed jako nov\u00e1 verze p\u00e1nsk\u00e9 toaletn\u00ed vody, obsahuj\u00edc\u00ed orient\u00e1ln\u00ed v\u016fni. Tato v\u016fn\u011b je ur\u010dena inteligentn\u00edm mu\u017e\u016fm a gentleman\u016fm, kte\u0159\u00ed si r\u00e1di p\u0159e\u010dtou kvalitn\u00ed knihu, nebo chod\u00ed na v\u00fdznamn\u00e9 spole\u010densk\u00e9 akce. Takov\u00e9mu mu\u017ei Dior Fahrenheit 32 dod\u00e1 na eleganci a p\u016fvabu. Christian Dior Fahrenheit 32 m\u00e1 b\u00edl\u00fd flakon a je velmi sv\u011b\u017e\u00ed v\u016fn\u011b pro l\u00e9to, vyvol\u00e1v\u00e1 dojem exklusivity a luxusu. Tato orient\u00e1ln\u00ed v\u016fn\u011b je zalo\u017eena na t\u0159ech skvostn\u00fdch komponentech: Kv\u011bt pomeran\u010de, vetiver a vanilka. Kv\u011bt pomeran\u010de p\u0159id\u00e1v\u00e1 sv\u011b\u017eest, d\u00edky jeho zaj\u00edmav\u00e9mu, jemn\u00e9mu ale ko\u0159en\u011bn\u00e9mu charakteru. Vetiver p\u0159id\u00e1 mu\u017ekou \u010distotu. Pou\u017e\u00edv\u00e1 se pouze j\u00e1dro k z\u00edsk\u00e1n\u00ed d\u0159evit\u00e9ho aroma, av\u0161ak hv\u011bzdou tohoto slo\u017een\u00ed je vanilka, kter\u00e1 parf\u00e9mu dod\u00e1v\u00e1 unik\u00e1tn\u00ed, lehkou jemnost.\",\"breadcrumb\":{\"@id\":\"https:\\\/\\\/shopatoa.com\\\/cz\\\/dior-fahrenheit-32-objem-100-ml\\\/#breadcrumb\"},\"inLanguage\":\"cs\",\"potentialAction\":[{\"@type\":\"ReadAction\",\"target\":[\"https:\\\/\\\/shopatoa.com\\\/cz\\\/dior-fahrenheit-32-objem-100-ml\\\/\"]}]},{\"@type\":\"ImageObject\",\"inLanguage\":\"cs\",\"@id\":\"https:\\\/\\\/shopatoa.com\\\/cz\\\/dior-fahrenheit-32-objem-100-ml\\\/#primaryimage\",\"url\":\"https:\\\/\\\/shopatoa.com\\\/cz\\\/wp-content\\\/uploads\\\/2025\\\/02\\\/14206-1_dior-fahrenheit-32-objem-100-ml.jpg\",\"contentUrl\":\"https:\\\/\\\/shopatoa.com\\\/cz\\\/wp-content\\\/uploads\\\/2025\\\/02\\\/14206-1_dior-fahrenheit-32-objem-100-ml.jpg\",\"width\":403,\"height\":500},{\"@type\":\"BreadcrumbList\",\"@id\":\"https:\\\/\\\/shopatoa.com\\\/cz\\\/dior-fahrenheit-32-objem-100-ml\\\/#breadcrumb\",\"itemListElement\":[{\"@type\":\"ListItem\",\"position\":1,\"name\":\"Dom\u016f\",\"item\":\"https:\\\/\\\/shopatoa.com\\\/cz\\\/\"},{\"@type\":\"ListItem\",\"position\":2,\"name\":\"Produkty\",\"item\":\"https:\\\/\\\/shopatoa.com\\\/cz\\\/shop\\\/\"},{\"@type\":\"ListItem\",\"position\":3,\"name\":\"Kosmetika a zdrav\u00ed\",\"item\":\"https:\\\/\\\/shopatoa.com\\\/cz\\\/kosmetika-a-zdravi\\\/\"},{\"@type\":\"ListItem\",\"position\":4,\"name\":\"Dior Fahrenheit 32 Objem: 100 ml\"}]},{\"@type\":\"WebSite\",\"@id\":\"https:\\\/\\\/shopatoa.com\\\/cz\\\/#website\",\"url\":\"https:\\\/\\\/shopatoa.com\\\/cz\\\/\",\"name\":\"SHOPATOA\",\"description\":\"\",\"publisher\":{\"@id\":\"https:\\\/\\\/shopatoa.com\\\/cz\\\/#organization\"},\"potentialAction\":[{\"@type\":\"SearchAction\",\"target\":{\"@type\":\"EntryPoint\",\"urlTemplate\":\"https:\\\/\\\/shopatoa.com\\\/cz\\\/?s={search_term_string}\"},\"query-input\":{\"@type\":\"PropertyValueSpecification\",\"valueRequired\":true,\"valueName\":\"search_term_string\"}}],\"inLanguage\":\"cs\"},{\"@type\":\"Organization\",\"@id\":\"https:\\\/\\\/shopatoa.com\\\/cz\\\/#organization\",\"name\":\"SHOPATOA Digital s.r.o.\",\"url\":\"https:\\\/\\\/shopatoa.com\\\/cz\\\/\",\"logo\":{\"@type\":\"ImageObject\",\"inLanguage\":\"cs\",\"@id\":\"https:\\\/\\\/shopatoa.com\\\/cz\\\/#\\\/schema\\\/logo\\\/image\\\/\",\"url\":\"https:\\\/\\\/storage.googleapis.com\\\/cz-shopatoa-img\\\/cz\\\/ebccf434-shopatoa_logo.png\",\"contentUrl\":\"https:\\\/\\\/storage.googleapis.com\\\/cz-shopatoa-img\\\/cz\\\/ebccf434-shopatoa_logo.png\",\"width\":416,\"height\":63,\"caption\":\"SHOPATOA Digital s.r.o.\"},\"image\":{\"@id\":\"https:\\\/\\\/shopatoa.com\\\/cz\\\/#\\\/schema\\\/logo\\\/image\\\/\"}}]}<\/script>\n<!-- \/ Yoast SEO plugin. -->","yoast_head_json":{"title":"Dior Fahrenheit 32 Objem: 100 ml | SHOPATOA.COM","description":"Christian Dior Fahrenheit 32 EDT 100ml p\u0159ich\u00e1z\u00ed jako nov\u00e1 verze p\u00e1nsk\u00e9 toaletn\u00ed vody, obsahuj\u00edc\u00ed orient\u00e1ln\u00ed v\u016fni. Tato v\u016fn\u011b je ur\u010dena inteligentn\u00edm mu\u017e\u016fm a gentleman\u016fm, kte\u0159\u00ed si r\u00e1di p\u0159e\u010dtou kvalitn\u00ed knihu, nebo chod\u00ed na v\u00fdznamn\u00e9 spole\u010densk\u00e9 akce. Takov\u00e9mu mu\u017ei Dior Fahrenheit 32 dod\u00e1 na eleganci a p\u016fvabu. Christian Dior Fahrenheit 32 m\u00e1 b\u00edl\u00fd flakon a je velmi sv\u011b\u017e\u00ed v\u016fn\u011b pro l\u00e9to, vyvol\u00e1v\u00e1 dojem exklusivity a luxusu. Tato orient\u00e1ln\u00ed v\u016fn\u011b je zalo\u017eena na t\u0159ech skvostn\u00fdch komponentech: Kv\u011bt pomeran\u010de, vetiver a vanilka. Kv\u011bt pomeran\u010de p\u0159id\u00e1v\u00e1 sv\u011b\u017eest, d\u00edky jeho zaj\u00edmav\u00e9mu, jemn\u00e9mu ale ko\u0159en\u011bn\u00e9mu charakteru. Vetiver p\u0159id\u00e1 mu\u017ekou \u010distotu. Pou\u017e\u00edv\u00e1 se pouze j\u00e1dro k z\u00edsk\u00e1n\u00ed d\u0159evit\u00e9ho aroma, av\u0161ak hv\u011bzdou tohoto slo\u017een\u00ed je vanilka, kter\u00e1 parf\u00e9mu dod\u00e1v\u00e1 unik\u00e1tn\u00ed, lehkou jemnost.","robots":{"index":"index","follow":"follow","max-snippet":"max-snippet:-1","max-image-preview":"max-image-preview:large","max-video-preview":"max-video-preview:-1"},"canonical":"https:\/\/shopatoa.com\/cz\/dior-fahrenheit-32-objem-100-ml\/","og_locale":"cs_CZ","og_type":"article","og_title":"Dior Fahrenheit 32 Objem: 100 ml | SHOPATOA.COM","og_description":"Christian Dior Fahrenheit 32 EDT 100ml p\u0159ich\u00e1z\u00ed jako nov\u00e1 verze p\u00e1nsk\u00e9 toaletn\u00ed vody, obsahuj\u00edc\u00ed orient\u00e1ln\u00ed v\u016fni. Tato v\u016fn\u011b je ur\u010dena inteligentn\u00edm mu\u017e\u016fm a gentleman\u016fm, kte\u0159\u00ed si r\u00e1di p\u0159e\u010dtou kvalitn\u00ed knihu, nebo chod\u00ed na v\u00fdznamn\u00e9 spole\u010densk\u00e9 akce. Takov\u00e9mu mu\u017ei Dior Fahrenheit 32 dod\u00e1 na eleganci a p\u016fvabu. Christian Dior Fahrenheit 32 m\u00e1 b\u00edl\u00fd flakon a je velmi sv\u011b\u017e\u00ed v\u016fn\u011b pro l\u00e9to, vyvol\u00e1v\u00e1 dojem exklusivity a luxusu. Tato orient\u00e1ln\u00ed v\u016fn\u011b je zalo\u017eena na t\u0159ech skvostn\u00fdch komponentech: Kv\u011bt pomeran\u010de, vetiver a vanilka. Kv\u011bt pomeran\u010de p\u0159id\u00e1v\u00e1 sv\u011b\u017eest, d\u00edky jeho zaj\u00edmav\u00e9mu, jemn\u00e9mu ale ko\u0159en\u011bn\u00e9mu charakteru. Vetiver p\u0159id\u00e1 mu\u017ekou \u010distotu. Pou\u017e\u00edv\u00e1 se pouze j\u00e1dro k z\u00edsk\u00e1n\u00ed d\u0159evit\u00e9ho aroma, av\u0161ak hv\u011bzdou tohoto slo\u017een\u00ed je vanilka, kter\u00e1 parf\u00e9mu dod\u00e1v\u00e1 unik\u00e1tn\u00ed, lehkou jemnost.","og_url":"https:\/\/shopatoa.com\/cz\/dior-fahrenheit-32-objem-100-ml\/","og_site_name":"SHOPATOA","article_modified_time":"2025-03-14T20:45:46+00:00","og_image":[{"width":403,"height":500,"url":"https:\/\/shopatoa.com\/cz\/wp-content\/uploads\/2025\/02\/14206-1_dior-fahrenheit-32-objem-100-ml.jpg","type":"image\/jpeg"}],"twitter_card":"summary_large_image","twitter_misc":{"Odhadovan\u00e1 doba \u010dten\u00ed":"1 minuta"},"schema":{"@context":"https:\/\/schema.org","@graph":[{"@type":"WebPage","@id":"https:\/\/shopatoa.com\/cz\/dior-fahrenheit-32-objem-100-ml\/","url":"https:\/\/shopatoa.com\/cz\/dior-fahrenheit-32-objem-100-ml\/","name":"Dior Fahrenheit 32 Objem: 100 ml | SHOPATOA.COM","isPartOf":{"@id":"https:\/\/shopatoa.com\/cz\/#website"},"primaryImageOfPage":{"@id":"https:\/\/shopatoa.com\/cz\/dior-fahrenheit-32-objem-100-ml\/#primaryimage"},"image":{"@id":"https:\/\/shopatoa.com\/cz\/dior-fahrenheit-32-objem-100-ml\/#primaryimage"},"thumbnailUrl":"https:\/\/shopatoa.com\/cz\/wp-content\/uploads\/2025\/02\/14206-1_dior-fahrenheit-32-objem-100-ml.jpg","datePublished":"2025-02-14T16:06:38+00:00","dateModified":"2025-03-14T20:45:46+00:00","description":"Christian Dior Fahrenheit 32 EDT 100ml p\u0159ich\u00e1z\u00ed jako nov\u00e1 verze p\u00e1nsk\u00e9 toaletn\u00ed vody, obsahuj\u00edc\u00ed orient\u00e1ln\u00ed v\u016fni. Tato v\u016fn\u011b je ur\u010dena inteligentn\u00edm mu\u017e\u016fm a gentleman\u016fm, kte\u0159\u00ed si r\u00e1di p\u0159e\u010dtou kvalitn\u00ed knihu, nebo chod\u00ed na v\u00fdznamn\u00e9 spole\u010densk\u00e9 akce. Takov\u00e9mu mu\u017ei Dior Fahrenheit 32 dod\u00e1 na eleganci a p\u016fvabu. Christian Dior Fahrenheit 32 m\u00e1 b\u00edl\u00fd flakon a je velmi sv\u011b\u017e\u00ed v\u016fn\u011b pro l\u00e9to, vyvol\u00e1v\u00e1 dojem exklusivity a luxusu. Tato orient\u00e1ln\u00ed v\u016fn\u011b je zalo\u017eena na t\u0159ech skvostn\u00fdch komponentech: Kv\u011bt pomeran\u010de, vetiver a vanilka. Kv\u011bt pomeran\u010de p\u0159id\u00e1v\u00e1 sv\u011b\u017eest, d\u00edky jeho zaj\u00edmav\u00e9mu, jemn\u00e9mu ale ko\u0159en\u011bn\u00e9mu charakteru. Vetiver p\u0159id\u00e1 mu\u017ekou \u010distotu. Pou\u017e\u00edv\u00e1 se pouze j\u00e1dro k z\u00edsk\u00e1n\u00ed d\u0159evit\u00e9ho aroma, av\u0161ak hv\u011bzdou tohoto slo\u017een\u00ed je vanilka, kter\u00e1 parf\u00e9mu dod\u00e1v\u00e1 unik\u00e1tn\u00ed, lehkou jemnost.","breadcrumb":{"@id":"https:\/\/shopatoa.com\/cz\/dior-fahrenheit-32-objem-100-ml\/#breadcrumb"},"inLanguage":"cs","potentialAction":[{"@type":"ReadAction","target":["https:\/\/shopatoa.com\/cz\/dior-fahrenheit-32-objem-100-ml\/"]}]},{"@type":"ImageObject","inLanguage":"cs","@id":"https:\/\/shopatoa.com\/cz\/dior-fahrenheit-32-objem-100-ml\/#primaryimage","url":"https:\/\/shopatoa.com\/cz\/wp-content\/uploads\/2025\/02\/14206-1_dior-fahrenheit-32-objem-100-ml.jpg","contentUrl":"https:\/\/shopatoa.com\/cz\/wp-content\/uploads\/2025\/02\/14206-1_dior-fahrenheit-32-objem-100-ml.jpg","width":403,"height":500},{"@type":"BreadcrumbList","@id":"https:\/\/shopatoa.com\/cz\/dior-fahrenheit-32-objem-100-ml\/#breadcrumb","itemListElement":[{"@type":"ListItem","position":1,"name":"Dom\u016f","item":"https:\/\/shopatoa.com\/cz\/"},{"@type":"ListItem","position":2,"name":"Produkty","item":"https:\/\/shopatoa.com\/cz\/shop\/"},{"@type":"ListItem","position":3,"name":"Kosmetika a zdrav\u00ed","item":"https:\/\/shopatoa.com\/cz\/kosmetika-a-zdravi\/"},{"@type":"ListItem","position":4,"name":"Dior Fahrenheit 32 Objem: 100 ml"}]},{"@type":"WebSite","@id":"https:\/\/shopatoa.com\/cz\/#website","url":"https:\/\/shopatoa.com\/cz\/","name":"SHOPATOA","description":"","publisher":{"@id":"https:\/\/shopatoa.com\/cz\/#organization"},"potentialAction":[{"@type":"SearchAction","target":{"@type":"EntryPoint","urlTemplate":"https:\/\/shopatoa.com\/cz\/?s={search_term_string}"},"query-input":{"@type":"PropertyValueSpecification","valueRequired":true,"valueName":"search_term_string"}}],"inLanguage":"cs"},{"@type":"Organization","@id":"https:\/\/shopatoa.com\/cz\/#organization","name":"SHOPATOA Digital s.r.o.","url":"https:\/\/shopatoa.com\/cz\/","logo":{"@type":"ImageObject","inLanguage":"cs","@id":"https:\/\/shopatoa.com\/cz\/#\/schema\/logo\/image\/","url":"https:\/\/storage.googleapis.com\/cz-shopatoa-img\/cz\/ebccf434-shopatoa_logo.png","contentUrl":"https:\/\/storage.googleapis.com\/cz-shopatoa-img\/cz\/ebccf434-shopatoa_logo.png","width":416,"height":63,"caption":"SHOPATOA Digital s.r.o."},"image":{"@id":"https:\/\/shopatoa.com\/cz\/#\/schema\/logo\/image\/"}}]}},"_links":{"self":[{"href":"https:\/\/shopatoa.com\/cz\/wp-json\/wp\/v2\/product\/129829","targetHints":{"allow":["GET"]}}],"collection":[{"href":"https:\/\/shopatoa.com\/cz\/wp-json\/wp\/v2\/product"}],"about":[{"href":"https:\/\/shopatoa.com\/cz\/wp-json\/wp\/v2\/types\/product"}],"replies":[{"embeddable":true,"href":"https:\/\/shopatoa.com\/cz\/wp-json\/wp\/v2\/comments?post=129829"}],"wp:featuredmedia":[{"embeddable":true,"href":"https:\/\/shopatoa.com\/cz\/wp-json\/wp\/v2\/media\/129830"}],"wp:attachment":[{"href":"https:\/\/shopatoa.com\/cz\/wp-json\/wp\/v2\/media?parent=129829"}],"wp:term":[{"taxonomy":"product_brand","embeddable":true,"href":"https:\/\/shopatoa.com\/cz\/wp-json\/wp\/v2\/product_brand?post=129829"},{"taxonomy":"product_cat","embeddable":true,"href":"https:\/\/shopatoa.com\/cz\/wp-json\/wp\/v2\/product_cat?post=129829"},{"taxonomy":"product_tag","embeddable":true,"href":"https:\/\/shopatoa.com\/cz\/wp-json\/wp\/v2\/product_tag?post=129829"}],"curies":[{"name":"wp","href":"https:\/\/api.w.org\/{rel}","templated":true}]}}