{"id":129835,"date":"2025-02-14T17:06:38","date_gmt":"2025-02-14T16:06:38","guid":{"rendered":"https:\/\/shopatoa.com\/cz\/dior-sauvage-elixir-objem-60-ml\/"},"modified":"2025-03-14T21:45:53","modified_gmt":"2025-03-14T20:45:53","slug":"dior-sauvage-elixir-objem-60-ml","status":"publish","type":"product","link":"https:\/\/shopatoa.com\/cz\/dior-sauvage-elixir-objem-60-ml\/","title":{"rendered":"Dior Sauvage Elixir Objem: 60 ml"},"content":{"rendered":"<p>V\u016fn\u011b, kter\u00e1\u00a0p\u0159episuje pravidla p\u00e1nsk\u00fdch parf\u00e9m\u016f* t\u00edm, \u017ee posouv\u00e1 hranice toho, co znamen\u00e1 extr\u00e9mn\u00ed koncentrace. Sauvage Elixir je neoby\u010dejn\u011b koncentrovan\u00e1 v\u016fn\u011b pono\u0159en\u00e1 do symbolick\u00e9 sv\u011b\u017eesti Sauvage s opojn\u00fdm srdcem ko\u0159en\u00ed, levandulovou esenc\u00ed \u201e\u0161itou na m\u00edru\u201c a sm\u011bs\u00ed bohat\u00fdch d\u0159evin, kter\u00e9 tvo\u0159\u00ed podpis jej\u00ed siln\u00e9, bohat\u00e9 a podmaniv\u00e9 stopy.<br \/>\n \u201eCht\u011bl jsem z\u016fstat v\u011brn\u00fd rozhodn\u00fdm t\u00f3n\u016fm v\u016fn\u011b Sauvage a sou\u010dasn\u011b dos\u00e1hnout jejich zcela bezprecedentn\u00ed hutnosti.* Abych tohoto \u00fa\u010dinku dos\u00e1hnul, rozhodl jsem se zredukovat jej\u00ed v\u00fdstavbu na pouh\u00e9 z\u00e1klady. Stopa tohoto elix\u00edru je p\u0159ekvapiv\u011b hlubok\u00e1 a hutn\u00e1.&#8220;\u00a0Francois Demachy, tv\u016frce parf\u00e9m\u016f Dior.<br \/>\n Flakon v barv\u011b p\u016flno\u010dn\u00ed mod\u0159i a v jedine\u010dn\u00e9 velikosti 60 ml*, se vyzna\u010duje sofistikovan\u00fdm designem: jej\u00ed magick\u00fd n\u00e1zev je vepsan\u00fd leskl\u00fdmi st\u0159\u00edbrn\u00fdmi p\u00edsmeny, kter\u00e1 jsou vyryt\u00e1 p\u0159\u00edm do skla, zat\u00edmco vyklenut\u00e9 dno si pohr\u00e1v\u00e1 se sv\u011btlem. \u00da\u010dinnost, elegance, tajemstv\u00ed.<br \/>\n V\u016fn\u011b Dior Sauvage Elixir byla uvedena na trh v roce 2021.<br \/>\n * zna\u010dky Dior.<\/p>\n","protected":false},"excerpt":{"rendered":"<p>V\u016fn\u011b, kter\u00e1\u00a0p\u0159episuje pravidla p\u00e1nsk\u00fdch parf\u00e9m\u016f* t\u00edm, \u017ee posouv\u00e1 hranice toho, co znamen\u00e1 extr\u00e9mn\u00ed koncentrace. Sauvage Elixir je neoby\u010dejn\u011b koncentrovan\u00e1 v\u016fn\u011b pono\u0159en\u00e1 do symbolick\u00e9 sv\u011b\u017eesti Sauvage s opojn\u00fdm srdcem ko\u0159en\u00ed, levandulovou esenc\u00ed \u201e\u0161itou na m\u00edru\u201c a sm\u011bs\u00ed bohat\u00fdch d\u0159evin, kter\u00e9 tvo\u0159\u00ed podpis jej\u00ed siln\u00e9, bohat\u00e9 a podmaniv\u00e9 stopy. \u201eCht\u011bl jsem z\u016fstat v\u011brn\u00fd rozhodn\u00fdm t\u00f3n\u016fm v\u016fn\u011b Sauvage&#8230;<\/p>\n","protected":false},"featured_media":129836,"comment_status":"closed","ping_status":"open","template":"","meta":{"_acf_changed":false,"_kadence_starter_templates_imported_post":false,"_kad_post_transparent":"","_kad_post_title":"","_kad_post_layout":"","_kad_post_sidebar_id":"","_kad_post_content_style":"","_kad_post_vertical_padding":"","_kad_post_feature":"","_kad_post_feature_position":"","_kad_post_header":false,"_kad_post_footer":false,"_kad_post_classname":""},"product_brand":[],"product_cat":[98],"product_tag":[],"class_list":{"0":"post-129835","1":"product","2":"type-product","3":"status-publish","4":"has-post-thumbnail","6":"product_cat-kosmetika-a-zdravi","7":"pa_obchod-krasnevune-cz","8":"pa_pohlavi-muz","10":"first","11":"instock","12":"product-type-external","13":"entry","14":"content-bg","15":"loop-entry"},"acf":[],"yoast_head":"<!-- This site is optimized with the Yoast SEO plugin v27.4 - https:\/\/yoast.com\/product\/yoast-seo-wordpress\/ -->\n<title>Dior Sauvage Elixir Objem: 60 ml | SHOPATOA.COM<\/title>\n<meta name=\"description\" content=\"V\u016fn\u011b, kter\u00e1\u00a0p\u0159episuje pravidla p\u00e1nsk\u00fdch parf\u00e9m\u016f* t\u00edm, \u017ee posouv\u00e1 hranice toho, co znamen\u00e1 extr\u00e9mn\u00ed koncentrace. Sauvage Elixir je neoby\u010dejn\u011b koncentrovan\u00e1 v\u016fn\u011b pono\u0159en\u00e1 do symbolick\u00e9 sv\u011b\u017eesti Sauvage s opojn\u00fdm srdcem ko\u0159en\u00ed, levandulovou esenc\u00ed \u201e\u0161itou na m\u00edru\u201c a sm\u011bs\u00ed bohat\u00fdch d\u0159evin, kter\u00e9 tvo\u0159\u00ed podpis jej\u00ed siln\u00e9, bohat\u00e9 a podmaniv\u00e9 stopy. \u201eCht\u011bl jsem z\u016fstat v\u011brn\u00fd rozhodn\u00fdm t\u00f3n\u016fm v\u016fn\u011b Sauvage a sou\u010dasn\u011b dos\u00e1hnout jejich zcela bezprecedentn\u00ed hutnosti.* Abych tohoto \u00fa\u010dinku dos\u00e1hnul, rozhodl jsem se zredukovat jej\u00ed v\u00fdstavbu na pouh\u00e9 z\u00e1klady. Stopa tohoto elix\u00edru je p\u0159ekvapiv\u011b hlubok\u00e1 a hutn\u00e1.&quot;\u00a0Francois Demachy, tv\u016frce parf\u00e9m\u016f Dior. Flakon v barv\u011b p\u016flno\u010dn\u00ed mod\u0159i a v jedine\u010dn\u00e9 velikosti 60 ml*, se vyzna\u010duje sofistikovan\u00fdm designem: jej\u00ed magick\u00fd n\u00e1zev je vepsan\u00fd leskl\u00fdmi st\u0159\u00edbrn\u00fdmi p\u00edsmeny, kter\u00e1 jsou vyryt\u00e1 p\u0159\u00edm do skla, zat\u00edmco vyklenut\u00e9 dno si pohr\u00e1v\u00e1 se sv\u011btlem. \u00da\u010dinnost, elegance, tajemstv\u00ed. V\u016fn\u011b Dior Sauvage Elixir byla uvedena na trh v roce 2021. * zna\u010dky Dior.\" \/>\n<meta name=\"robots\" content=\"index, follow, max-snippet:-1, max-image-preview:large, max-video-preview:-1\" \/>\n<link rel=\"canonical\" href=\"https:\/\/shopatoa.com\/cz\/dior-sauvage-elixir-objem-60-ml\/\" \/>\n<meta property=\"og:locale\" content=\"cs_CZ\" \/>\n<meta property=\"og:type\" content=\"article\" \/>\n<meta property=\"og:title\" content=\"Dior Sauvage Elixir Objem: 60 ml | SHOPATOA.COM\" \/>\n<meta property=\"og:description\" content=\"V\u016fn\u011b, kter\u00e1\u00a0p\u0159episuje pravidla p\u00e1nsk\u00fdch parf\u00e9m\u016f* t\u00edm, \u017ee posouv\u00e1 hranice toho, co znamen\u00e1 extr\u00e9mn\u00ed koncentrace. Sauvage Elixir je neoby\u010dejn\u011b koncentrovan\u00e1 v\u016fn\u011b pono\u0159en\u00e1 do symbolick\u00e9 sv\u011b\u017eesti Sauvage s opojn\u00fdm srdcem ko\u0159en\u00ed, levandulovou esenc\u00ed \u201e\u0161itou na m\u00edru\u201c a sm\u011bs\u00ed bohat\u00fdch d\u0159evin, kter\u00e9 tvo\u0159\u00ed podpis jej\u00ed siln\u00e9, bohat\u00e9 a podmaniv\u00e9 stopy. \u201eCht\u011bl jsem z\u016fstat v\u011brn\u00fd rozhodn\u00fdm t\u00f3n\u016fm v\u016fn\u011b Sauvage a sou\u010dasn\u011b dos\u00e1hnout jejich zcela bezprecedentn\u00ed hutnosti.* Abych tohoto \u00fa\u010dinku dos\u00e1hnul, rozhodl jsem se zredukovat jej\u00ed v\u00fdstavbu na pouh\u00e9 z\u00e1klady. Stopa tohoto elix\u00edru je p\u0159ekvapiv\u011b hlubok\u00e1 a hutn\u00e1.&quot;\u00a0Francois Demachy, tv\u016frce parf\u00e9m\u016f Dior. Flakon v barv\u011b p\u016flno\u010dn\u00ed mod\u0159i a v jedine\u010dn\u00e9 velikosti 60 ml*, se vyzna\u010duje sofistikovan\u00fdm designem: jej\u00ed magick\u00fd n\u00e1zev je vepsan\u00fd leskl\u00fdmi st\u0159\u00edbrn\u00fdmi p\u00edsmeny, kter\u00e1 jsou vyryt\u00e1 p\u0159\u00edm do skla, zat\u00edmco vyklenut\u00e9 dno si pohr\u00e1v\u00e1 se sv\u011btlem. \u00da\u010dinnost, elegance, tajemstv\u00ed. V\u016fn\u011b Dior Sauvage Elixir byla uvedena na trh v roce 2021. * zna\u010dky Dior.\" \/>\n<meta property=\"og:url\" content=\"https:\/\/shopatoa.com\/cz\/dior-sauvage-elixir-objem-60-ml\/\" \/>\n<meta property=\"og:site_name\" content=\"SHOPATOA\" \/>\n<meta property=\"article:modified_time\" content=\"2025-03-14T20:45:53+00:00\" \/>\n<meta property=\"og:image\" content=\"https:\/\/shopatoa.com\/cz\/wp-content\/uploads\/2025\/02\/14215-1_dior-sauvage-elixir-objem-60-ml.jpg\" \/>\n\t<meta property=\"og:image:width\" content=\"455\" \/>\n\t<meta property=\"og:image:height\" content=\"505\" \/>\n\t<meta property=\"og:image:type\" content=\"image\/jpeg\" \/>\n<meta name=\"twitter:card\" content=\"summary_large_image\" \/>\n<meta name=\"twitter:label1\" content=\"Odhadovan\u00e1 doba \u010dten\u00ed\" \/>\n\t<meta name=\"twitter:data1\" content=\"1 minuta\" \/>\n<script type=\"application\/ld+json\" class=\"yoast-schema-graph\">{\"@context\":\"https:\\\/\\\/schema.org\",\"@graph\":[{\"@type\":\"WebPage\",\"@id\":\"https:\\\/\\\/shopatoa.com\\\/cz\\\/dior-sauvage-elixir-objem-60-ml\\\/\",\"url\":\"https:\\\/\\\/shopatoa.com\\\/cz\\\/dior-sauvage-elixir-objem-60-ml\\\/\",\"name\":\"Dior Sauvage Elixir Objem: 60 ml | SHOPATOA.COM\",\"isPartOf\":{\"@id\":\"https:\\\/\\\/shopatoa.com\\\/cz\\\/#website\"},\"primaryImageOfPage\":{\"@id\":\"https:\\\/\\\/shopatoa.com\\\/cz\\\/dior-sauvage-elixir-objem-60-ml\\\/#primaryimage\"},\"image\":{\"@id\":\"https:\\\/\\\/shopatoa.com\\\/cz\\\/dior-sauvage-elixir-objem-60-ml\\\/#primaryimage\"},\"thumbnailUrl\":\"https:\\\/\\\/shopatoa.com\\\/cz\\\/wp-content\\\/uploads\\\/2025\\\/02\\\/14215-1_dior-sauvage-elixir-objem-60-ml.jpg\",\"datePublished\":\"2025-02-14T16:06:38+00:00\",\"dateModified\":\"2025-03-14T20:45:53+00:00\",\"description\":\"V\u016fn\u011b, kter\u00e1\u00a0p\u0159episuje pravidla p\u00e1nsk\u00fdch parf\u00e9m\u016f* t\u00edm, \u017ee posouv\u00e1 hranice toho, co znamen\u00e1 extr\u00e9mn\u00ed koncentrace. Sauvage Elixir je neoby\u010dejn\u011b koncentrovan\u00e1 v\u016fn\u011b pono\u0159en\u00e1 do symbolick\u00e9 sv\u011b\u017eesti Sauvage s opojn\u00fdm srdcem ko\u0159en\u00ed, levandulovou esenc\u00ed \u201e\u0161itou na m\u00edru\u201c a sm\u011bs\u00ed bohat\u00fdch d\u0159evin, kter\u00e9 tvo\u0159\u00ed podpis jej\u00ed siln\u00e9, bohat\u00e9 a podmaniv\u00e9 stopy. \u201eCht\u011bl jsem z\u016fstat v\u011brn\u00fd rozhodn\u00fdm t\u00f3n\u016fm v\u016fn\u011b Sauvage a sou\u010dasn\u011b dos\u00e1hnout jejich zcela bezprecedentn\u00ed hutnosti.* Abych tohoto \u00fa\u010dinku dos\u00e1hnul, rozhodl jsem se zredukovat jej\u00ed v\u00fdstavbu na pouh\u00e9 z\u00e1klady. Stopa tohoto elix\u00edru je p\u0159ekvapiv\u011b hlubok\u00e1 a hutn\u00e1.\\\"\u00a0Francois Demachy, tv\u016frce parf\u00e9m\u016f Dior. Flakon v barv\u011b p\u016flno\u010dn\u00ed mod\u0159i a v jedine\u010dn\u00e9 velikosti 60 ml*, se vyzna\u010duje sofistikovan\u00fdm designem: jej\u00ed magick\u00fd n\u00e1zev je vepsan\u00fd leskl\u00fdmi st\u0159\u00edbrn\u00fdmi p\u00edsmeny, kter\u00e1 jsou vyryt\u00e1 p\u0159\u00edm do skla, zat\u00edmco vyklenut\u00e9 dno si pohr\u00e1v\u00e1 se sv\u011btlem. \u00da\u010dinnost, elegance, tajemstv\u00ed. V\u016fn\u011b Dior Sauvage Elixir byla uvedena na trh v roce 2021. * zna\u010dky Dior.\",\"breadcrumb\":{\"@id\":\"https:\\\/\\\/shopatoa.com\\\/cz\\\/dior-sauvage-elixir-objem-60-ml\\\/#breadcrumb\"},\"inLanguage\":\"cs\",\"potentialAction\":[{\"@type\":\"ReadAction\",\"target\":[\"https:\\\/\\\/shopatoa.com\\\/cz\\\/dior-sauvage-elixir-objem-60-ml\\\/\"]}]},{\"@type\":\"ImageObject\",\"inLanguage\":\"cs\",\"@id\":\"https:\\\/\\\/shopatoa.com\\\/cz\\\/dior-sauvage-elixir-objem-60-ml\\\/#primaryimage\",\"url\":\"https:\\\/\\\/shopatoa.com\\\/cz\\\/wp-content\\\/uploads\\\/2025\\\/02\\\/14215-1_dior-sauvage-elixir-objem-60-ml.jpg\",\"contentUrl\":\"https:\\\/\\\/shopatoa.com\\\/cz\\\/wp-content\\\/uploads\\\/2025\\\/02\\\/14215-1_dior-sauvage-elixir-objem-60-ml.jpg\",\"width\":455,\"height\":505},{\"@type\":\"BreadcrumbList\",\"@id\":\"https:\\\/\\\/shopatoa.com\\\/cz\\\/dior-sauvage-elixir-objem-60-ml\\\/#breadcrumb\",\"itemListElement\":[{\"@type\":\"ListItem\",\"position\":1,\"name\":\"Dom\u016f\",\"item\":\"https:\\\/\\\/shopatoa.com\\\/cz\\\/\"},{\"@type\":\"ListItem\",\"position\":2,\"name\":\"Produkty\",\"item\":\"https:\\\/\\\/shopatoa.com\\\/cz\\\/shop\\\/\"},{\"@type\":\"ListItem\",\"position\":3,\"name\":\"Kosmetika a zdrav\u00ed\",\"item\":\"https:\\\/\\\/shopatoa.com\\\/cz\\\/kosmetika-a-zdravi\\\/\"},{\"@type\":\"ListItem\",\"position\":4,\"name\":\"Dior Sauvage Elixir Objem: 60 ml\"}]},{\"@type\":\"WebSite\",\"@id\":\"https:\\\/\\\/shopatoa.com\\\/cz\\\/#website\",\"url\":\"https:\\\/\\\/shopatoa.com\\\/cz\\\/\",\"name\":\"SHOPATOA\",\"description\":\"\",\"publisher\":{\"@id\":\"https:\\\/\\\/shopatoa.com\\\/cz\\\/#organization\"},\"potentialAction\":[{\"@type\":\"SearchAction\",\"target\":{\"@type\":\"EntryPoint\",\"urlTemplate\":\"https:\\\/\\\/shopatoa.com\\\/cz\\\/?s={search_term_string}\"},\"query-input\":{\"@type\":\"PropertyValueSpecification\",\"valueRequired\":true,\"valueName\":\"search_term_string\"}}],\"inLanguage\":\"cs\"},{\"@type\":\"Organization\",\"@id\":\"https:\\\/\\\/shopatoa.com\\\/cz\\\/#organization\",\"name\":\"SHOPATOA Digital s.r.o.\",\"url\":\"https:\\\/\\\/shopatoa.com\\\/cz\\\/\",\"logo\":{\"@type\":\"ImageObject\",\"inLanguage\":\"cs\",\"@id\":\"https:\\\/\\\/shopatoa.com\\\/cz\\\/#\\\/schema\\\/logo\\\/image\\\/\",\"url\":\"https:\\\/\\\/storage.googleapis.com\\\/cz-shopatoa-img\\\/cz\\\/ebccf434-shopatoa_logo.png\",\"contentUrl\":\"https:\\\/\\\/storage.googleapis.com\\\/cz-shopatoa-img\\\/cz\\\/ebccf434-shopatoa_logo.png\",\"width\":416,\"height\":63,\"caption\":\"SHOPATOA Digital s.r.o.\"},\"image\":{\"@id\":\"https:\\\/\\\/shopatoa.com\\\/cz\\\/#\\\/schema\\\/logo\\\/image\\\/\"}}]}<\/script>\n<!-- \/ Yoast SEO plugin. -->","yoast_head_json":{"title":"Dior Sauvage Elixir Objem: 60 ml | SHOPATOA.COM","description":"V\u016fn\u011b, kter\u00e1\u00a0p\u0159episuje pravidla p\u00e1nsk\u00fdch parf\u00e9m\u016f* t\u00edm, \u017ee posouv\u00e1 hranice toho, co znamen\u00e1 extr\u00e9mn\u00ed koncentrace. Sauvage Elixir je neoby\u010dejn\u011b koncentrovan\u00e1 v\u016fn\u011b pono\u0159en\u00e1 do symbolick\u00e9 sv\u011b\u017eesti Sauvage s opojn\u00fdm srdcem ko\u0159en\u00ed, levandulovou esenc\u00ed \u201e\u0161itou na m\u00edru\u201c a sm\u011bs\u00ed bohat\u00fdch d\u0159evin, kter\u00e9 tvo\u0159\u00ed podpis jej\u00ed siln\u00e9, bohat\u00e9 a podmaniv\u00e9 stopy. \u201eCht\u011bl jsem z\u016fstat v\u011brn\u00fd rozhodn\u00fdm t\u00f3n\u016fm v\u016fn\u011b Sauvage a sou\u010dasn\u011b dos\u00e1hnout jejich zcela bezprecedentn\u00ed hutnosti.* Abych tohoto \u00fa\u010dinku dos\u00e1hnul, rozhodl jsem se zredukovat jej\u00ed v\u00fdstavbu na pouh\u00e9 z\u00e1klady. Stopa tohoto elix\u00edru je p\u0159ekvapiv\u011b hlubok\u00e1 a hutn\u00e1.\"\u00a0Francois Demachy, tv\u016frce parf\u00e9m\u016f Dior. Flakon v barv\u011b p\u016flno\u010dn\u00ed mod\u0159i a v jedine\u010dn\u00e9 velikosti 60 ml*, se vyzna\u010duje sofistikovan\u00fdm designem: jej\u00ed magick\u00fd n\u00e1zev je vepsan\u00fd leskl\u00fdmi st\u0159\u00edbrn\u00fdmi p\u00edsmeny, kter\u00e1 jsou vyryt\u00e1 p\u0159\u00edm do skla, zat\u00edmco vyklenut\u00e9 dno si pohr\u00e1v\u00e1 se sv\u011btlem. \u00da\u010dinnost, elegance, tajemstv\u00ed. V\u016fn\u011b Dior Sauvage Elixir byla uvedena na trh v roce 2021. * zna\u010dky Dior.","robots":{"index":"index","follow":"follow","max-snippet":"max-snippet:-1","max-image-preview":"max-image-preview:large","max-video-preview":"max-video-preview:-1"},"canonical":"https:\/\/shopatoa.com\/cz\/dior-sauvage-elixir-objem-60-ml\/","og_locale":"cs_CZ","og_type":"article","og_title":"Dior Sauvage Elixir Objem: 60 ml | SHOPATOA.COM","og_description":"V\u016fn\u011b, kter\u00e1\u00a0p\u0159episuje pravidla p\u00e1nsk\u00fdch parf\u00e9m\u016f* t\u00edm, \u017ee posouv\u00e1 hranice toho, co znamen\u00e1 extr\u00e9mn\u00ed koncentrace. Sauvage Elixir je neoby\u010dejn\u011b koncentrovan\u00e1 v\u016fn\u011b pono\u0159en\u00e1 do symbolick\u00e9 sv\u011b\u017eesti Sauvage s opojn\u00fdm srdcem ko\u0159en\u00ed, levandulovou esenc\u00ed \u201e\u0161itou na m\u00edru\u201c a sm\u011bs\u00ed bohat\u00fdch d\u0159evin, kter\u00e9 tvo\u0159\u00ed podpis jej\u00ed siln\u00e9, bohat\u00e9 a podmaniv\u00e9 stopy. \u201eCht\u011bl jsem z\u016fstat v\u011brn\u00fd rozhodn\u00fdm t\u00f3n\u016fm v\u016fn\u011b Sauvage a sou\u010dasn\u011b dos\u00e1hnout jejich zcela bezprecedentn\u00ed hutnosti.* Abych tohoto \u00fa\u010dinku dos\u00e1hnul, rozhodl jsem se zredukovat jej\u00ed v\u00fdstavbu na pouh\u00e9 z\u00e1klady. Stopa tohoto elix\u00edru je p\u0159ekvapiv\u011b hlubok\u00e1 a hutn\u00e1.\"\u00a0Francois Demachy, tv\u016frce parf\u00e9m\u016f Dior. Flakon v barv\u011b p\u016flno\u010dn\u00ed mod\u0159i a v jedine\u010dn\u00e9 velikosti 60 ml*, se vyzna\u010duje sofistikovan\u00fdm designem: jej\u00ed magick\u00fd n\u00e1zev je vepsan\u00fd leskl\u00fdmi st\u0159\u00edbrn\u00fdmi p\u00edsmeny, kter\u00e1 jsou vyryt\u00e1 p\u0159\u00edm do skla, zat\u00edmco vyklenut\u00e9 dno si pohr\u00e1v\u00e1 se sv\u011btlem. \u00da\u010dinnost, elegance, tajemstv\u00ed. V\u016fn\u011b Dior Sauvage Elixir byla uvedena na trh v roce 2021. * zna\u010dky Dior.","og_url":"https:\/\/shopatoa.com\/cz\/dior-sauvage-elixir-objem-60-ml\/","og_site_name":"SHOPATOA","article_modified_time":"2025-03-14T20:45:53+00:00","og_image":[{"width":455,"height":505,"url":"https:\/\/shopatoa.com\/cz\/wp-content\/uploads\/2025\/02\/14215-1_dior-sauvage-elixir-objem-60-ml.jpg","type":"image\/jpeg"}],"twitter_card":"summary_large_image","twitter_misc":{"Odhadovan\u00e1 doba \u010dten\u00ed":"1 minuta"},"schema":{"@context":"https:\/\/schema.org","@graph":[{"@type":"WebPage","@id":"https:\/\/shopatoa.com\/cz\/dior-sauvage-elixir-objem-60-ml\/","url":"https:\/\/shopatoa.com\/cz\/dior-sauvage-elixir-objem-60-ml\/","name":"Dior Sauvage Elixir Objem: 60 ml | SHOPATOA.COM","isPartOf":{"@id":"https:\/\/shopatoa.com\/cz\/#website"},"primaryImageOfPage":{"@id":"https:\/\/shopatoa.com\/cz\/dior-sauvage-elixir-objem-60-ml\/#primaryimage"},"image":{"@id":"https:\/\/shopatoa.com\/cz\/dior-sauvage-elixir-objem-60-ml\/#primaryimage"},"thumbnailUrl":"https:\/\/shopatoa.com\/cz\/wp-content\/uploads\/2025\/02\/14215-1_dior-sauvage-elixir-objem-60-ml.jpg","datePublished":"2025-02-14T16:06:38+00:00","dateModified":"2025-03-14T20:45:53+00:00","description":"V\u016fn\u011b, kter\u00e1\u00a0p\u0159episuje pravidla p\u00e1nsk\u00fdch parf\u00e9m\u016f* t\u00edm, \u017ee posouv\u00e1 hranice toho, co znamen\u00e1 extr\u00e9mn\u00ed koncentrace. Sauvage Elixir je neoby\u010dejn\u011b koncentrovan\u00e1 v\u016fn\u011b pono\u0159en\u00e1 do symbolick\u00e9 sv\u011b\u017eesti Sauvage s opojn\u00fdm srdcem ko\u0159en\u00ed, levandulovou esenc\u00ed \u201e\u0161itou na m\u00edru\u201c a sm\u011bs\u00ed bohat\u00fdch d\u0159evin, kter\u00e9 tvo\u0159\u00ed podpis jej\u00ed siln\u00e9, bohat\u00e9 a podmaniv\u00e9 stopy. \u201eCht\u011bl jsem z\u016fstat v\u011brn\u00fd rozhodn\u00fdm t\u00f3n\u016fm v\u016fn\u011b Sauvage a sou\u010dasn\u011b dos\u00e1hnout jejich zcela bezprecedentn\u00ed hutnosti.* Abych tohoto \u00fa\u010dinku dos\u00e1hnul, rozhodl jsem se zredukovat jej\u00ed v\u00fdstavbu na pouh\u00e9 z\u00e1klady. Stopa tohoto elix\u00edru je p\u0159ekvapiv\u011b hlubok\u00e1 a hutn\u00e1.\"\u00a0Francois Demachy, tv\u016frce parf\u00e9m\u016f Dior. Flakon v barv\u011b p\u016flno\u010dn\u00ed mod\u0159i a v jedine\u010dn\u00e9 velikosti 60 ml*, se vyzna\u010duje sofistikovan\u00fdm designem: jej\u00ed magick\u00fd n\u00e1zev je vepsan\u00fd leskl\u00fdmi st\u0159\u00edbrn\u00fdmi p\u00edsmeny, kter\u00e1 jsou vyryt\u00e1 p\u0159\u00edm do skla, zat\u00edmco vyklenut\u00e9 dno si pohr\u00e1v\u00e1 se sv\u011btlem. \u00da\u010dinnost, elegance, tajemstv\u00ed. V\u016fn\u011b Dior Sauvage Elixir byla uvedena na trh v roce 2021. * zna\u010dky Dior.","breadcrumb":{"@id":"https:\/\/shopatoa.com\/cz\/dior-sauvage-elixir-objem-60-ml\/#breadcrumb"},"inLanguage":"cs","potentialAction":[{"@type":"ReadAction","target":["https:\/\/shopatoa.com\/cz\/dior-sauvage-elixir-objem-60-ml\/"]}]},{"@type":"ImageObject","inLanguage":"cs","@id":"https:\/\/shopatoa.com\/cz\/dior-sauvage-elixir-objem-60-ml\/#primaryimage","url":"https:\/\/shopatoa.com\/cz\/wp-content\/uploads\/2025\/02\/14215-1_dior-sauvage-elixir-objem-60-ml.jpg","contentUrl":"https:\/\/shopatoa.com\/cz\/wp-content\/uploads\/2025\/02\/14215-1_dior-sauvage-elixir-objem-60-ml.jpg","width":455,"height":505},{"@type":"BreadcrumbList","@id":"https:\/\/shopatoa.com\/cz\/dior-sauvage-elixir-objem-60-ml\/#breadcrumb","itemListElement":[{"@type":"ListItem","position":1,"name":"Dom\u016f","item":"https:\/\/shopatoa.com\/cz\/"},{"@type":"ListItem","position":2,"name":"Produkty","item":"https:\/\/shopatoa.com\/cz\/shop\/"},{"@type":"ListItem","position":3,"name":"Kosmetika a zdrav\u00ed","item":"https:\/\/shopatoa.com\/cz\/kosmetika-a-zdravi\/"},{"@type":"ListItem","position":4,"name":"Dior Sauvage Elixir Objem: 60 ml"}]},{"@type":"WebSite","@id":"https:\/\/shopatoa.com\/cz\/#website","url":"https:\/\/shopatoa.com\/cz\/","name":"SHOPATOA","description":"","publisher":{"@id":"https:\/\/shopatoa.com\/cz\/#organization"},"potentialAction":[{"@type":"SearchAction","target":{"@type":"EntryPoint","urlTemplate":"https:\/\/shopatoa.com\/cz\/?s={search_term_string}"},"query-input":{"@type":"PropertyValueSpecification","valueRequired":true,"valueName":"search_term_string"}}],"inLanguage":"cs"},{"@type":"Organization","@id":"https:\/\/shopatoa.com\/cz\/#organization","name":"SHOPATOA Digital s.r.o.","url":"https:\/\/shopatoa.com\/cz\/","logo":{"@type":"ImageObject","inLanguage":"cs","@id":"https:\/\/shopatoa.com\/cz\/#\/schema\/logo\/image\/","url":"https:\/\/storage.googleapis.com\/cz-shopatoa-img\/cz\/ebccf434-shopatoa_logo.png","contentUrl":"https:\/\/storage.googleapis.com\/cz-shopatoa-img\/cz\/ebccf434-shopatoa_logo.png","width":416,"height":63,"caption":"SHOPATOA Digital s.r.o."},"image":{"@id":"https:\/\/shopatoa.com\/cz\/#\/schema\/logo\/image\/"}}]}},"_links":{"self":[{"href":"https:\/\/shopatoa.com\/cz\/wp-json\/wp\/v2\/product\/129835","targetHints":{"allow":["GET"]}}],"collection":[{"href":"https:\/\/shopatoa.com\/cz\/wp-json\/wp\/v2\/product"}],"about":[{"href":"https:\/\/shopatoa.com\/cz\/wp-json\/wp\/v2\/types\/product"}],"replies":[{"embeddable":true,"href":"https:\/\/shopatoa.com\/cz\/wp-json\/wp\/v2\/comments?post=129835"}],"wp:featuredmedia":[{"embeddable":true,"href":"https:\/\/shopatoa.com\/cz\/wp-json\/wp\/v2\/media\/129836"}],"wp:attachment":[{"href":"https:\/\/shopatoa.com\/cz\/wp-json\/wp\/v2\/media?parent=129835"}],"wp:term":[{"taxonomy":"product_brand","embeddable":true,"href":"https:\/\/shopatoa.com\/cz\/wp-json\/wp\/v2\/product_brand?post=129835"},{"taxonomy":"product_cat","embeddable":true,"href":"https:\/\/shopatoa.com\/cz\/wp-json\/wp\/v2\/product_cat?post=129835"},{"taxonomy":"product_tag","embeddable":true,"href":"https:\/\/shopatoa.com\/cz\/wp-json\/wp\/v2\/product_tag?post=129835"}],"curies":[{"name":"wp","href":"https:\/\/api.w.org\/{rel}","templated":true}]}}