{"id":129843,"date":"2025-02-14T17:06:38","date_gmt":"2025-02-14T16:06:38","guid":{"rendered":"https:\/\/shopatoa.com\/cz\/giorgio-armani-si-passione-objem-50-ml\/"},"modified":"2025-03-14T21:46:02","modified_gmt":"2025-03-14T20:46:02","slug":"giorgio-armani-si-passione-objem-50-ml","status":"publish","type":"product","link":"https:\/\/shopatoa.com\/cz\/giorgio-armani-si-passione-objem-50-ml\/","title":{"rendered":"Giorgio Armani S\u00ed Passione Objem: 50 ml"},"content":{"rendered":"<p>V\u016fn\u011b **Giorgio Armani Si Passione** \u2013 byla uvedena na trh v roce 2017. D\u00e1msk\u00e1 v\u016fn\u011b je inspirovan\u00e1 p\u016fvabnou a z\u00e1rove\u0148 silnou \u017eenou s nez\u00e1vislou du\u0161\u00ed. Je vhodn\u00e1 pro sebev\u011bdomou \u017eenu, kter\u00e1 se neboj\u00ed \u0159\u00edci ne. \u010cerven\u00e1 barva parf\u00e9movan\u00e9 vody je zt\u011blesn\u011bn\u00edm v\u00e1\u0161n\u011b stejn\u011b jako rud\u00e1 rt\u011bnka.<\/p>\n<p>V\u016fn\u011b se otv\u00edr\u00e1 ovocn\u00fdmi t\u00f3ny hru\u0161ky, \u010dern\u00e9ho ryb\u00edzu a grapefruitu, kter\u00e9 jsou oko\u0159en\u011bn\u00e9 \u0161petkou r\u016f\u017eov\u00e9ho pep\u0159e. \u017denskost v srdci p\u0159edstavuje r\u016f\u017ee spole\u010dn\u011b s kv\u011bty jasm\u00ednu a heliotropu. Ty dopl\u0148uje sladk\u00fd ananas, kter\u00fd jde ruku v ruce s vanilkou spole\u010dn\u011b s cedrem, pa\u010duli a ambrov\u00fdm d\u0159evem v z\u00e1v\u011bru.<\/p>\n<p>Tv\u00e1\u0159\u00ed parf\u00e9movan\u00e9 vody se stala stejn\u011b jako u p\u0159edchoz\u00edch verz\u00ed slavn\u00e1 hollywoodsk\u00e1 diva Cate Blanchett. Obl\u00e9kn\u011bte se do \u010derven\u00e9ho kost\u00fdmku, namalujte si rty rudou rt\u011bnkou a projevte v sob\u011b v\u00e1\u0161en a s\u00edlu s parf\u00e9movanou vodou Si Passione.<\/p>\n","protected":false},"excerpt":{"rendered":"<p>V\u016fn\u011b **Giorgio Armani Si Passione** \u2013 byla uvedena na trh v roce 2017. D\u00e1msk\u00e1 v\u016fn\u011b je inspirovan\u00e1 p\u016fvabnou a z\u00e1rove\u0148 silnou \u017eenou s nez\u00e1vislou du\u0161\u00ed. Je vhodn\u00e1 pro sebev\u011bdomou \u017eenu, kter\u00e1 se neboj\u00ed \u0159\u00edci ne. \u010cerven\u00e1 barva parf\u00e9movan\u00e9 vody je zt\u011blesn\u011bn\u00edm v\u00e1\u0161n\u011b stejn\u011b jako rud\u00e1 rt\u011bnka. V\u016fn\u011b se otv\u00edr\u00e1 ovocn\u00fdmi t\u00f3ny hru\u0161ky, \u010dern\u00e9ho ryb\u00edzu a&#8230;<\/p>\n","protected":false},"featured_media":129844,"comment_status":"closed","ping_status":"open","template":"","meta":{"_acf_changed":false,"_kadence_starter_templates_imported_post":false,"_kad_post_transparent":"","_kad_post_title":"","_kad_post_layout":"","_kad_post_sidebar_id":"","_kad_post_content_style":"","_kad_post_vertical_padding":"","_kad_post_feature":"","_kad_post_feature_position":"","_kad_post_header":false,"_kad_post_footer":false,"_kad_post_classname":""},"product_brand":[],"product_cat":[98],"product_tag":[],"class_list":{"0":"post-129843","1":"product","2":"type-product","3":"status-publish","4":"has-post-thumbnail","6":"product_cat-kosmetika-a-zdravi","7":"pa_obchod-krasnevune-cz","8":"pa_pohlavi-zena","10":"first","11":"instock","12":"product-type-external","13":"entry","14":"content-bg","15":"loop-entry"},"acf":[],"yoast_head":"<!-- This site is optimized with the Yoast SEO plugin v27.4 - https:\/\/yoast.com\/product\/yoast-seo-wordpress\/ -->\n<title>Giorgio Armani S\u00ed Passione Objem: 50 ml | SHOPATOA.COM<\/title>\n<meta name=\"description\" content=\"V\u016fn\u011b **Giorgio Armani Si Passione** \u2013 byla uvedena na trh v roce 2017. D\u00e1msk\u00e1 v\u016fn\u011b je inspirovan\u00e1 p\u016fvabnou a z\u00e1rove\u0148 silnou \u017eenou s nez\u00e1vislou du\u0161\u00ed. Je vhodn\u00e1 pro sebev\u011bdomou \u017eenu, kter\u00e1 se neboj\u00ed \u0159\u00edci ne. \u010cerven\u00e1 barva parf\u00e9movan\u00e9 vody je zt\u011blesn\u011bn\u00edm v\u00e1\u0161n\u011b stejn\u011b jako rud\u00e1 rt\u011bnka. V\u016fn\u011b se otv\u00edr\u00e1 ovocn\u00fdmi t\u00f3ny hru\u0161ky, \u010dern\u00e9ho ryb\u00edzu a grapefruitu, kter\u00e9 jsou oko\u0159en\u011bn\u00e9 \u0161petkou r\u016f\u017eov\u00e9ho pep\u0159e. \u017denskost v srdci p\u0159edstavuje r\u016f\u017ee spole\u010dn\u011b s kv\u011bty jasm\u00ednu a heliotropu. Ty dopl\u0148uje sladk\u00fd ananas, kter\u00fd jde ruku v ruce s vanilkou spole\u010dn\u011b s cedrem, pa\u010duli a ambrov\u00fdm d\u0159evem v z\u00e1v\u011bru. Tv\u00e1\u0159\u00ed parf\u00e9movan\u00e9 vody se stala stejn\u011b jako u p\u0159edchoz\u00edch verz\u00ed slavn\u00e1 hollywoodsk\u00e1 diva Cate Blanchett. Obl\u00e9kn\u011bte se do \u010derven\u00e9ho kost\u00fdmku, namalujte si rty rudou rt\u011bnkou a projevte v sob\u011b v\u00e1\u0161en a s\u00edlu s parf\u00e9movanou vodou Si Passione.\" \/>\n<meta name=\"robots\" content=\"index, follow, max-snippet:-1, max-image-preview:large, max-video-preview:-1\" \/>\n<link rel=\"canonical\" href=\"https:\/\/shopatoa.com\/cz\/giorgio-armani-si-passione-objem-50-ml\/\" \/>\n<meta property=\"og:locale\" content=\"cs_CZ\" \/>\n<meta property=\"og:type\" content=\"article\" \/>\n<meta property=\"og:title\" content=\"Giorgio Armani S\u00ed Passione Objem: 50 ml | SHOPATOA.COM\" \/>\n<meta property=\"og:description\" content=\"V\u016fn\u011b **Giorgio Armani Si Passione** \u2013 byla uvedena na trh v roce 2017. D\u00e1msk\u00e1 v\u016fn\u011b je inspirovan\u00e1 p\u016fvabnou a z\u00e1rove\u0148 silnou \u017eenou s nez\u00e1vislou du\u0161\u00ed. Je vhodn\u00e1 pro sebev\u011bdomou \u017eenu, kter\u00e1 se neboj\u00ed \u0159\u00edci ne. \u010cerven\u00e1 barva parf\u00e9movan\u00e9 vody je zt\u011blesn\u011bn\u00edm v\u00e1\u0161n\u011b stejn\u011b jako rud\u00e1 rt\u011bnka. V\u016fn\u011b se otv\u00edr\u00e1 ovocn\u00fdmi t\u00f3ny hru\u0161ky, \u010dern\u00e9ho ryb\u00edzu a grapefruitu, kter\u00e9 jsou oko\u0159en\u011bn\u00e9 \u0161petkou r\u016f\u017eov\u00e9ho pep\u0159e. \u017denskost v srdci p\u0159edstavuje r\u016f\u017ee spole\u010dn\u011b s kv\u011bty jasm\u00ednu a heliotropu. Ty dopl\u0148uje sladk\u00fd ananas, kter\u00fd jde ruku v ruce s vanilkou spole\u010dn\u011b s cedrem, pa\u010duli a ambrov\u00fdm d\u0159evem v z\u00e1v\u011bru. Tv\u00e1\u0159\u00ed parf\u00e9movan\u00e9 vody se stala stejn\u011b jako u p\u0159edchoz\u00edch verz\u00ed slavn\u00e1 hollywoodsk\u00e1 diva Cate Blanchett. Obl\u00e9kn\u011bte se do \u010derven\u00e9ho kost\u00fdmku, namalujte si rty rudou rt\u011bnkou a projevte v sob\u011b v\u00e1\u0161en a s\u00edlu s parf\u00e9movanou vodou Si Passione.\" \/>\n<meta property=\"og:url\" content=\"https:\/\/shopatoa.com\/cz\/giorgio-armani-si-passione-objem-50-ml\/\" \/>\n<meta property=\"og:site_name\" content=\"SHOPATOA\" \/>\n<meta property=\"article:modified_time\" content=\"2025-03-14T20:46:02+00:00\" \/>\n<meta property=\"og:image\" content=\"https:\/\/shopatoa.com\/cz\/wp-content\/uploads\/2025\/02\/14233-1_giorgio-armani-si-passione-objem-50-ml.jpg\" \/>\n\t<meta property=\"og:image:width\" content=\"455\" \/>\n\t<meta property=\"og:image:height\" content=\"505\" \/>\n\t<meta property=\"og:image:type\" content=\"image\/jpeg\" \/>\n<meta name=\"twitter:card\" content=\"summary_large_image\" \/>\n<meta name=\"twitter:label1\" content=\"Odhadovan\u00e1 doba \u010dten\u00ed\" \/>\n\t<meta name=\"twitter:data1\" content=\"1 minuta\" \/>\n<script type=\"application\/ld+json\" class=\"yoast-schema-graph\">{\"@context\":\"https:\\\/\\\/schema.org\",\"@graph\":[{\"@type\":\"WebPage\",\"@id\":\"https:\\\/\\\/shopatoa.com\\\/cz\\\/giorgio-armani-si-passione-objem-50-ml\\\/\",\"url\":\"https:\\\/\\\/shopatoa.com\\\/cz\\\/giorgio-armani-si-passione-objem-50-ml\\\/\",\"name\":\"Giorgio Armani S\u00ed Passione Objem: 50 ml | SHOPATOA.COM\",\"isPartOf\":{\"@id\":\"https:\\\/\\\/shopatoa.com\\\/cz\\\/#website\"},\"primaryImageOfPage\":{\"@id\":\"https:\\\/\\\/shopatoa.com\\\/cz\\\/giorgio-armani-si-passione-objem-50-ml\\\/#primaryimage\"},\"image\":{\"@id\":\"https:\\\/\\\/shopatoa.com\\\/cz\\\/giorgio-armani-si-passione-objem-50-ml\\\/#primaryimage\"},\"thumbnailUrl\":\"https:\\\/\\\/shopatoa.com\\\/cz\\\/wp-content\\\/uploads\\\/2025\\\/02\\\/14233-1_giorgio-armani-si-passione-objem-50-ml.jpg\",\"datePublished\":\"2025-02-14T16:06:38+00:00\",\"dateModified\":\"2025-03-14T20:46:02+00:00\",\"description\":\"V\u016fn\u011b **Giorgio Armani Si Passione** \u2013 byla uvedena na trh v roce 2017. D\u00e1msk\u00e1 v\u016fn\u011b je inspirovan\u00e1 p\u016fvabnou a z\u00e1rove\u0148 silnou \u017eenou s nez\u00e1vislou du\u0161\u00ed. Je vhodn\u00e1 pro sebev\u011bdomou \u017eenu, kter\u00e1 se neboj\u00ed \u0159\u00edci ne. \u010cerven\u00e1 barva parf\u00e9movan\u00e9 vody je zt\u011blesn\u011bn\u00edm v\u00e1\u0161n\u011b stejn\u011b jako rud\u00e1 rt\u011bnka. V\u016fn\u011b se otv\u00edr\u00e1 ovocn\u00fdmi t\u00f3ny hru\u0161ky, \u010dern\u00e9ho ryb\u00edzu a grapefruitu, kter\u00e9 jsou oko\u0159en\u011bn\u00e9 \u0161petkou r\u016f\u017eov\u00e9ho pep\u0159e. \u017denskost v srdci p\u0159edstavuje r\u016f\u017ee spole\u010dn\u011b s kv\u011bty jasm\u00ednu a heliotropu. Ty dopl\u0148uje sladk\u00fd ananas, kter\u00fd jde ruku v ruce s vanilkou spole\u010dn\u011b s cedrem, pa\u010duli a ambrov\u00fdm d\u0159evem v z\u00e1v\u011bru. Tv\u00e1\u0159\u00ed parf\u00e9movan\u00e9 vody se stala stejn\u011b jako u p\u0159edchoz\u00edch verz\u00ed slavn\u00e1 hollywoodsk\u00e1 diva Cate Blanchett. Obl\u00e9kn\u011bte se do \u010derven\u00e9ho kost\u00fdmku, namalujte si rty rudou rt\u011bnkou a projevte v sob\u011b v\u00e1\u0161en a s\u00edlu s parf\u00e9movanou vodou Si Passione.\",\"breadcrumb\":{\"@id\":\"https:\\\/\\\/shopatoa.com\\\/cz\\\/giorgio-armani-si-passione-objem-50-ml\\\/#breadcrumb\"},\"inLanguage\":\"cs\",\"potentialAction\":[{\"@type\":\"ReadAction\",\"target\":[\"https:\\\/\\\/shopatoa.com\\\/cz\\\/giorgio-armani-si-passione-objem-50-ml\\\/\"]}]},{\"@type\":\"ImageObject\",\"inLanguage\":\"cs\",\"@id\":\"https:\\\/\\\/shopatoa.com\\\/cz\\\/giorgio-armani-si-passione-objem-50-ml\\\/#primaryimage\",\"url\":\"https:\\\/\\\/shopatoa.com\\\/cz\\\/wp-content\\\/uploads\\\/2025\\\/02\\\/14233-1_giorgio-armani-si-passione-objem-50-ml.jpg\",\"contentUrl\":\"https:\\\/\\\/shopatoa.com\\\/cz\\\/wp-content\\\/uploads\\\/2025\\\/02\\\/14233-1_giorgio-armani-si-passione-objem-50-ml.jpg\",\"width\":455,\"height\":505},{\"@type\":\"BreadcrumbList\",\"@id\":\"https:\\\/\\\/shopatoa.com\\\/cz\\\/giorgio-armani-si-passione-objem-50-ml\\\/#breadcrumb\",\"itemListElement\":[{\"@type\":\"ListItem\",\"position\":1,\"name\":\"Dom\u016f\",\"item\":\"https:\\\/\\\/shopatoa.com\\\/cz\\\/\"},{\"@type\":\"ListItem\",\"position\":2,\"name\":\"Produkty\",\"item\":\"https:\\\/\\\/shopatoa.com\\\/cz\\\/shop\\\/\"},{\"@type\":\"ListItem\",\"position\":3,\"name\":\"Kosmetika a zdrav\u00ed\",\"item\":\"https:\\\/\\\/shopatoa.com\\\/cz\\\/kosmetika-a-zdravi\\\/\"},{\"@type\":\"ListItem\",\"position\":4,\"name\":\"Giorgio Armani S\u00ed Passione Objem: 50 ml\"}]},{\"@type\":\"WebSite\",\"@id\":\"https:\\\/\\\/shopatoa.com\\\/cz\\\/#website\",\"url\":\"https:\\\/\\\/shopatoa.com\\\/cz\\\/\",\"name\":\"SHOPATOA\",\"description\":\"\",\"publisher\":{\"@id\":\"https:\\\/\\\/shopatoa.com\\\/cz\\\/#organization\"},\"potentialAction\":[{\"@type\":\"SearchAction\",\"target\":{\"@type\":\"EntryPoint\",\"urlTemplate\":\"https:\\\/\\\/shopatoa.com\\\/cz\\\/?s={search_term_string}\"},\"query-input\":{\"@type\":\"PropertyValueSpecification\",\"valueRequired\":true,\"valueName\":\"search_term_string\"}}],\"inLanguage\":\"cs\"},{\"@type\":\"Organization\",\"@id\":\"https:\\\/\\\/shopatoa.com\\\/cz\\\/#organization\",\"name\":\"SHOPATOA Digital s.r.o.\",\"url\":\"https:\\\/\\\/shopatoa.com\\\/cz\\\/\",\"logo\":{\"@type\":\"ImageObject\",\"inLanguage\":\"cs\",\"@id\":\"https:\\\/\\\/shopatoa.com\\\/cz\\\/#\\\/schema\\\/logo\\\/image\\\/\",\"url\":\"https:\\\/\\\/storage.googleapis.com\\\/cz-shopatoa-img\\\/cz\\\/ebccf434-shopatoa_logo.png\",\"contentUrl\":\"https:\\\/\\\/storage.googleapis.com\\\/cz-shopatoa-img\\\/cz\\\/ebccf434-shopatoa_logo.png\",\"width\":416,\"height\":63,\"caption\":\"SHOPATOA Digital s.r.o.\"},\"image\":{\"@id\":\"https:\\\/\\\/shopatoa.com\\\/cz\\\/#\\\/schema\\\/logo\\\/image\\\/\"}}]}<\/script>\n<!-- \/ Yoast SEO plugin. -->","yoast_head_json":{"title":"Giorgio Armani S\u00ed Passione Objem: 50 ml | SHOPATOA.COM","description":"V\u016fn\u011b **Giorgio Armani Si Passione** \u2013 byla uvedena na trh v roce 2017. D\u00e1msk\u00e1 v\u016fn\u011b je inspirovan\u00e1 p\u016fvabnou a z\u00e1rove\u0148 silnou \u017eenou s nez\u00e1vislou du\u0161\u00ed. Je vhodn\u00e1 pro sebev\u011bdomou \u017eenu, kter\u00e1 se neboj\u00ed \u0159\u00edci ne. \u010cerven\u00e1 barva parf\u00e9movan\u00e9 vody je zt\u011blesn\u011bn\u00edm v\u00e1\u0161n\u011b stejn\u011b jako rud\u00e1 rt\u011bnka. V\u016fn\u011b se otv\u00edr\u00e1 ovocn\u00fdmi t\u00f3ny hru\u0161ky, \u010dern\u00e9ho ryb\u00edzu a grapefruitu, kter\u00e9 jsou oko\u0159en\u011bn\u00e9 \u0161petkou r\u016f\u017eov\u00e9ho pep\u0159e. \u017denskost v srdci p\u0159edstavuje r\u016f\u017ee spole\u010dn\u011b s kv\u011bty jasm\u00ednu a heliotropu. Ty dopl\u0148uje sladk\u00fd ananas, kter\u00fd jde ruku v ruce s vanilkou spole\u010dn\u011b s cedrem, pa\u010duli a ambrov\u00fdm d\u0159evem v z\u00e1v\u011bru. Tv\u00e1\u0159\u00ed parf\u00e9movan\u00e9 vody se stala stejn\u011b jako u p\u0159edchoz\u00edch verz\u00ed slavn\u00e1 hollywoodsk\u00e1 diva Cate Blanchett. Obl\u00e9kn\u011bte se do \u010derven\u00e9ho kost\u00fdmku, namalujte si rty rudou rt\u011bnkou a projevte v sob\u011b v\u00e1\u0161en a s\u00edlu s parf\u00e9movanou vodou Si Passione.","robots":{"index":"index","follow":"follow","max-snippet":"max-snippet:-1","max-image-preview":"max-image-preview:large","max-video-preview":"max-video-preview:-1"},"canonical":"https:\/\/shopatoa.com\/cz\/giorgio-armani-si-passione-objem-50-ml\/","og_locale":"cs_CZ","og_type":"article","og_title":"Giorgio Armani S\u00ed Passione Objem: 50 ml | SHOPATOA.COM","og_description":"V\u016fn\u011b **Giorgio Armani Si Passione** \u2013 byla uvedena na trh v roce 2017. D\u00e1msk\u00e1 v\u016fn\u011b je inspirovan\u00e1 p\u016fvabnou a z\u00e1rove\u0148 silnou \u017eenou s nez\u00e1vislou du\u0161\u00ed. Je vhodn\u00e1 pro sebev\u011bdomou \u017eenu, kter\u00e1 se neboj\u00ed \u0159\u00edci ne. \u010cerven\u00e1 barva parf\u00e9movan\u00e9 vody je zt\u011blesn\u011bn\u00edm v\u00e1\u0161n\u011b stejn\u011b jako rud\u00e1 rt\u011bnka. V\u016fn\u011b se otv\u00edr\u00e1 ovocn\u00fdmi t\u00f3ny hru\u0161ky, \u010dern\u00e9ho ryb\u00edzu a grapefruitu, kter\u00e9 jsou oko\u0159en\u011bn\u00e9 \u0161petkou r\u016f\u017eov\u00e9ho pep\u0159e. \u017denskost v srdci p\u0159edstavuje r\u016f\u017ee spole\u010dn\u011b s kv\u011bty jasm\u00ednu a heliotropu. Ty dopl\u0148uje sladk\u00fd ananas, kter\u00fd jde ruku v ruce s vanilkou spole\u010dn\u011b s cedrem, pa\u010duli a ambrov\u00fdm d\u0159evem v z\u00e1v\u011bru. Tv\u00e1\u0159\u00ed parf\u00e9movan\u00e9 vody se stala stejn\u011b jako u p\u0159edchoz\u00edch verz\u00ed slavn\u00e1 hollywoodsk\u00e1 diva Cate Blanchett. Obl\u00e9kn\u011bte se do \u010derven\u00e9ho kost\u00fdmku, namalujte si rty rudou rt\u011bnkou a projevte v sob\u011b v\u00e1\u0161en a s\u00edlu s parf\u00e9movanou vodou Si Passione.","og_url":"https:\/\/shopatoa.com\/cz\/giorgio-armani-si-passione-objem-50-ml\/","og_site_name":"SHOPATOA","article_modified_time":"2025-03-14T20:46:02+00:00","og_image":[{"width":455,"height":505,"url":"https:\/\/shopatoa.com\/cz\/wp-content\/uploads\/2025\/02\/14233-1_giorgio-armani-si-passione-objem-50-ml.jpg","type":"image\/jpeg"}],"twitter_card":"summary_large_image","twitter_misc":{"Odhadovan\u00e1 doba \u010dten\u00ed":"1 minuta"},"schema":{"@context":"https:\/\/schema.org","@graph":[{"@type":"WebPage","@id":"https:\/\/shopatoa.com\/cz\/giorgio-armani-si-passione-objem-50-ml\/","url":"https:\/\/shopatoa.com\/cz\/giorgio-armani-si-passione-objem-50-ml\/","name":"Giorgio Armani S\u00ed Passione Objem: 50 ml | SHOPATOA.COM","isPartOf":{"@id":"https:\/\/shopatoa.com\/cz\/#website"},"primaryImageOfPage":{"@id":"https:\/\/shopatoa.com\/cz\/giorgio-armani-si-passione-objem-50-ml\/#primaryimage"},"image":{"@id":"https:\/\/shopatoa.com\/cz\/giorgio-armani-si-passione-objem-50-ml\/#primaryimage"},"thumbnailUrl":"https:\/\/shopatoa.com\/cz\/wp-content\/uploads\/2025\/02\/14233-1_giorgio-armani-si-passione-objem-50-ml.jpg","datePublished":"2025-02-14T16:06:38+00:00","dateModified":"2025-03-14T20:46:02+00:00","description":"V\u016fn\u011b **Giorgio Armani Si Passione** \u2013 byla uvedena na trh v roce 2017. D\u00e1msk\u00e1 v\u016fn\u011b je inspirovan\u00e1 p\u016fvabnou a z\u00e1rove\u0148 silnou \u017eenou s nez\u00e1vislou du\u0161\u00ed. Je vhodn\u00e1 pro sebev\u011bdomou \u017eenu, kter\u00e1 se neboj\u00ed \u0159\u00edci ne. \u010cerven\u00e1 barva parf\u00e9movan\u00e9 vody je zt\u011blesn\u011bn\u00edm v\u00e1\u0161n\u011b stejn\u011b jako rud\u00e1 rt\u011bnka. V\u016fn\u011b se otv\u00edr\u00e1 ovocn\u00fdmi t\u00f3ny hru\u0161ky, \u010dern\u00e9ho ryb\u00edzu a grapefruitu, kter\u00e9 jsou oko\u0159en\u011bn\u00e9 \u0161petkou r\u016f\u017eov\u00e9ho pep\u0159e. \u017denskost v srdci p\u0159edstavuje r\u016f\u017ee spole\u010dn\u011b s kv\u011bty jasm\u00ednu a heliotropu. Ty dopl\u0148uje sladk\u00fd ananas, kter\u00fd jde ruku v ruce s vanilkou spole\u010dn\u011b s cedrem, pa\u010duli a ambrov\u00fdm d\u0159evem v z\u00e1v\u011bru. Tv\u00e1\u0159\u00ed parf\u00e9movan\u00e9 vody se stala stejn\u011b jako u p\u0159edchoz\u00edch verz\u00ed slavn\u00e1 hollywoodsk\u00e1 diva Cate Blanchett. Obl\u00e9kn\u011bte se do \u010derven\u00e9ho kost\u00fdmku, namalujte si rty rudou rt\u011bnkou a projevte v sob\u011b v\u00e1\u0161en a s\u00edlu s parf\u00e9movanou vodou Si Passione.","breadcrumb":{"@id":"https:\/\/shopatoa.com\/cz\/giorgio-armani-si-passione-objem-50-ml\/#breadcrumb"},"inLanguage":"cs","potentialAction":[{"@type":"ReadAction","target":["https:\/\/shopatoa.com\/cz\/giorgio-armani-si-passione-objem-50-ml\/"]}]},{"@type":"ImageObject","inLanguage":"cs","@id":"https:\/\/shopatoa.com\/cz\/giorgio-armani-si-passione-objem-50-ml\/#primaryimage","url":"https:\/\/shopatoa.com\/cz\/wp-content\/uploads\/2025\/02\/14233-1_giorgio-armani-si-passione-objem-50-ml.jpg","contentUrl":"https:\/\/shopatoa.com\/cz\/wp-content\/uploads\/2025\/02\/14233-1_giorgio-armani-si-passione-objem-50-ml.jpg","width":455,"height":505},{"@type":"BreadcrumbList","@id":"https:\/\/shopatoa.com\/cz\/giorgio-armani-si-passione-objem-50-ml\/#breadcrumb","itemListElement":[{"@type":"ListItem","position":1,"name":"Dom\u016f","item":"https:\/\/shopatoa.com\/cz\/"},{"@type":"ListItem","position":2,"name":"Produkty","item":"https:\/\/shopatoa.com\/cz\/shop\/"},{"@type":"ListItem","position":3,"name":"Kosmetika a zdrav\u00ed","item":"https:\/\/shopatoa.com\/cz\/kosmetika-a-zdravi\/"},{"@type":"ListItem","position":4,"name":"Giorgio Armani S\u00ed Passione Objem: 50 ml"}]},{"@type":"WebSite","@id":"https:\/\/shopatoa.com\/cz\/#website","url":"https:\/\/shopatoa.com\/cz\/","name":"SHOPATOA","description":"","publisher":{"@id":"https:\/\/shopatoa.com\/cz\/#organization"},"potentialAction":[{"@type":"SearchAction","target":{"@type":"EntryPoint","urlTemplate":"https:\/\/shopatoa.com\/cz\/?s={search_term_string}"},"query-input":{"@type":"PropertyValueSpecification","valueRequired":true,"valueName":"search_term_string"}}],"inLanguage":"cs"},{"@type":"Organization","@id":"https:\/\/shopatoa.com\/cz\/#organization","name":"SHOPATOA Digital s.r.o.","url":"https:\/\/shopatoa.com\/cz\/","logo":{"@type":"ImageObject","inLanguage":"cs","@id":"https:\/\/shopatoa.com\/cz\/#\/schema\/logo\/image\/","url":"https:\/\/storage.googleapis.com\/cz-shopatoa-img\/cz\/ebccf434-shopatoa_logo.png","contentUrl":"https:\/\/storage.googleapis.com\/cz-shopatoa-img\/cz\/ebccf434-shopatoa_logo.png","width":416,"height":63,"caption":"SHOPATOA Digital s.r.o."},"image":{"@id":"https:\/\/shopatoa.com\/cz\/#\/schema\/logo\/image\/"}}]}},"_links":{"self":[{"href":"https:\/\/shopatoa.com\/cz\/wp-json\/wp\/v2\/product\/129843","targetHints":{"allow":["GET"]}}],"collection":[{"href":"https:\/\/shopatoa.com\/cz\/wp-json\/wp\/v2\/product"}],"about":[{"href":"https:\/\/shopatoa.com\/cz\/wp-json\/wp\/v2\/types\/product"}],"replies":[{"embeddable":true,"href":"https:\/\/shopatoa.com\/cz\/wp-json\/wp\/v2\/comments?post=129843"}],"wp:featuredmedia":[{"embeddable":true,"href":"https:\/\/shopatoa.com\/cz\/wp-json\/wp\/v2\/media\/129844"}],"wp:attachment":[{"href":"https:\/\/shopatoa.com\/cz\/wp-json\/wp\/v2\/media?parent=129843"}],"wp:term":[{"taxonomy":"product_brand","embeddable":true,"href":"https:\/\/shopatoa.com\/cz\/wp-json\/wp\/v2\/product_brand?post=129843"},{"taxonomy":"product_cat","embeddable":true,"href":"https:\/\/shopatoa.com\/cz\/wp-json\/wp\/v2\/product_cat?post=129843"},{"taxonomy":"product_tag","embeddable":true,"href":"https:\/\/shopatoa.com\/cz\/wp-json\/wp\/v2\/product_tag?post=129843"}],"curies":[{"name":"wp","href":"https:\/\/api.w.org\/{rel}","templated":true}]}}