{"id":129851,"date":"2025-02-14T17:06:38","date_gmt":"2025-02-14T16:06:38","guid":{"rendered":"https:\/\/shopatoa.com\/cz\/gucci-bloom-objem-100-ml\/"},"modified":"2025-03-14T21:46:12","modified_gmt":"2025-03-14T20:46:12","slug":"gucci-bloom-objem-100-ml","status":"publish","type":"product","link":"https:\/\/shopatoa.com\/cz\/gucci-bloom-objem-100-ml\/","title":{"rendered":"Gucci Bloom Objem: 100 ml"},"content":{"rendered":"<p>**Parf\u00e9movan\u00e1 voda Gucci Bloom** je oslavou \u017eensk\u00e9 kr\u00e1sy a p\u0159irozenosti. Gucci Bloom V\u00e1s p\u0159enese do rozkvetl\u00e9 zahrady, kde v\u0161ude kolem sebe uc\u00edt\u00edte sv\u016fdn\u00e9 t\u00f3ny kv\u011btin. Rozmanit\u00e1 v\u016fn\u011b Bloom je pln\u00e1 jemn\u00fdch, ale i intenzivn\u00edch a divok\u00fdch akord\u016f kv\u011btin. <\/p>\n<p>Parf\u00e9movan\u00e1 voda se skl\u00e1d\u00e1 ze \u010dty\u0159 esenc\u00ed, kter\u00e9 spole\u010dn\u011b vytv\u00e1\u0159ej\u00ed neodolatelnou a sv\u016fdnou d\u00e1mskou v\u016fni. Zahalte svou poko\u017eku do v\u016fn\u011b jasm\u00ednu a zimolezu, kter\u00e9 spolu s tuber\u00f3zou a ko\u0159enem kosatce vytv\u00e1\u0159ej\u00ed okouzluj\u00edc\u00ed z\u00e1voj. Flakon parf\u00e9movan\u00e9 vody* Gucci Bloom *je zahalen do jemn\u00e9 pudrov\u00e9 barvy, kter\u00e1 je\u0161t\u011b v\u00edce umoc\u0148uje pocit p\u0159irozenosti. Vydejte se do rozmanit\u00e9 kv\u011btinov\u00e9 zahrady a poznejte kr\u00e1su kv\u011btin. **D\u00e1msk\u00e1 v\u016fn\u011b Gucci Bloom **byla uvedena na trh v roce 2017.<\/p>\n","protected":false},"excerpt":{"rendered":"<p>**Parf\u00e9movan\u00e1 voda Gucci Bloom** je oslavou \u017eensk\u00e9 kr\u00e1sy a p\u0159irozenosti. Gucci Bloom V\u00e1s p\u0159enese do rozkvetl\u00e9 zahrady, kde v\u0161ude kolem sebe uc\u00edt\u00edte sv\u016fdn\u00e9 t\u00f3ny kv\u011btin. Rozmanit\u00e1 v\u016fn\u011b Bloom je pln\u00e1 jemn\u00fdch, ale i intenzivn\u00edch a divok\u00fdch akord\u016f kv\u011btin. Parf\u00e9movan\u00e1 voda se skl\u00e1d\u00e1 ze \u010dty\u0159 esenc\u00ed, kter\u00e9 spole\u010dn\u011b vytv\u00e1\u0159ej\u00ed neodolatelnou a sv\u016fdnou d\u00e1mskou v\u016fni. Zahalte svou&#8230;<\/p>\n","protected":false},"featured_media":129852,"comment_status":"closed","ping_status":"open","template":"","meta":{"_acf_changed":false,"_kadence_starter_templates_imported_post":false,"_kad_post_transparent":"","_kad_post_title":"","_kad_post_layout":"","_kad_post_sidebar_id":"","_kad_post_content_style":"","_kad_post_vertical_padding":"","_kad_post_feature":"","_kad_post_feature_position":"","_kad_post_header":false,"_kad_post_footer":false,"_kad_post_classname":""},"product_brand":[],"product_cat":[98],"product_tag":[],"class_list":{"0":"post-129851","1":"product","2":"type-product","3":"status-publish","4":"has-post-thumbnail","6":"product_cat-kosmetika-a-zdravi","7":"pa_obchod-krasnevune-cz","8":"pa_pohlavi-zena","10":"first","11":"instock","12":"product-type-external","13":"entry","14":"content-bg","15":"loop-entry"},"acf":[],"yoast_head":"<!-- This site is optimized with the Yoast SEO plugin v27.4 - https:\/\/yoast.com\/product\/yoast-seo-wordpress\/ -->\n<title>Gucci Bloom Objem: 100 ml | SHOPATOA.COM<\/title>\n<meta name=\"description\" content=\"**Parf\u00e9movan\u00e1 voda Gucci Bloom** je oslavou \u017eensk\u00e9 kr\u00e1sy a p\u0159irozenosti. Gucci Bloom V\u00e1s p\u0159enese do rozkvetl\u00e9 zahrady, kde v\u0161ude kolem sebe uc\u00edt\u00edte sv\u016fdn\u00e9 t\u00f3ny kv\u011btin. Rozmanit\u00e1 v\u016fn\u011b Bloom je pln\u00e1 jemn\u00fdch, ale i intenzivn\u00edch a divok\u00fdch akord\u016f kv\u011btin. Parf\u00e9movan\u00e1 voda se skl\u00e1d\u00e1 ze \u010dty\u0159 esenc\u00ed, kter\u00e9 spole\u010dn\u011b vytv\u00e1\u0159ej\u00ed neodolatelnou a sv\u016fdnou d\u00e1mskou v\u016fni. Zahalte svou poko\u017eku do v\u016fn\u011b jasm\u00ednu a zimolezu, kter\u00e9 spolu s tuber\u00f3zou a ko\u0159enem kosatce vytv\u00e1\u0159ej\u00ed okouzluj\u00edc\u00ed z\u00e1voj. Flakon parf\u00e9movan\u00e9 vody* Gucci Bloom *je zahalen do jemn\u00e9 pudrov\u00e9 barvy, kter\u00e1 je\u0161t\u011b v\u00edce umoc\u0148uje pocit p\u0159irozenosti. Vydejte se do rozmanit\u00e9 kv\u011btinov\u00e9 zahrady a poznejte kr\u00e1su kv\u011btin. **D\u00e1msk\u00e1 v\u016fn\u011b Gucci Bloom **byla uvedena na trh v roce 2017.\" \/>\n<meta name=\"robots\" content=\"index, follow, max-snippet:-1, max-image-preview:large, max-video-preview:-1\" \/>\n<link rel=\"canonical\" href=\"https:\/\/shopatoa.com\/cz\/gucci-bloom-objem-100-ml\/\" \/>\n<meta property=\"og:locale\" content=\"cs_CZ\" \/>\n<meta property=\"og:type\" content=\"article\" \/>\n<meta property=\"og:title\" content=\"Gucci Bloom Objem: 100 ml | SHOPATOA.COM\" \/>\n<meta property=\"og:description\" content=\"**Parf\u00e9movan\u00e1 voda Gucci Bloom** je oslavou \u017eensk\u00e9 kr\u00e1sy a p\u0159irozenosti. Gucci Bloom V\u00e1s p\u0159enese do rozkvetl\u00e9 zahrady, kde v\u0161ude kolem sebe uc\u00edt\u00edte sv\u016fdn\u00e9 t\u00f3ny kv\u011btin. Rozmanit\u00e1 v\u016fn\u011b Bloom je pln\u00e1 jemn\u00fdch, ale i intenzivn\u00edch a divok\u00fdch akord\u016f kv\u011btin. Parf\u00e9movan\u00e1 voda se skl\u00e1d\u00e1 ze \u010dty\u0159 esenc\u00ed, kter\u00e9 spole\u010dn\u011b vytv\u00e1\u0159ej\u00ed neodolatelnou a sv\u016fdnou d\u00e1mskou v\u016fni. Zahalte svou poko\u017eku do v\u016fn\u011b jasm\u00ednu a zimolezu, kter\u00e9 spolu s tuber\u00f3zou a ko\u0159enem kosatce vytv\u00e1\u0159ej\u00ed okouzluj\u00edc\u00ed z\u00e1voj. Flakon parf\u00e9movan\u00e9 vody* Gucci Bloom *je zahalen do jemn\u00e9 pudrov\u00e9 barvy, kter\u00e1 je\u0161t\u011b v\u00edce umoc\u0148uje pocit p\u0159irozenosti. Vydejte se do rozmanit\u00e9 kv\u011btinov\u00e9 zahrady a poznejte kr\u00e1su kv\u011btin. **D\u00e1msk\u00e1 v\u016fn\u011b Gucci Bloom **byla uvedena na trh v roce 2017.\" \/>\n<meta property=\"og:url\" content=\"https:\/\/shopatoa.com\/cz\/gucci-bloom-objem-100-ml\/\" \/>\n<meta property=\"og:site_name\" content=\"SHOPATOA\" \/>\n<meta property=\"article:modified_time\" content=\"2025-03-14T20:46:12+00:00\" \/>\n<meta property=\"og:image\" content=\"https:\/\/shopatoa.com\/cz\/wp-content\/uploads\/2025\/02\/14245-1_gucci-bloom-objem-100-ml.jpg\" \/>\n\t<meta property=\"og:image:width\" content=\"455\" \/>\n\t<meta property=\"og:image:height\" content=\"505\" \/>\n\t<meta property=\"og:image:type\" content=\"image\/jpeg\" \/>\n<meta name=\"twitter:card\" content=\"summary_large_image\" \/>\n<meta name=\"twitter:label1\" content=\"Odhadovan\u00e1 doba \u010dten\u00ed\" \/>\n\t<meta name=\"twitter:data1\" content=\"1 minuta\" \/>\n<script type=\"application\/ld+json\" class=\"yoast-schema-graph\">{\"@context\":\"https:\\\/\\\/schema.org\",\"@graph\":[{\"@type\":\"WebPage\",\"@id\":\"https:\\\/\\\/shopatoa.com\\\/cz\\\/gucci-bloom-objem-100-ml\\\/\",\"url\":\"https:\\\/\\\/shopatoa.com\\\/cz\\\/gucci-bloom-objem-100-ml\\\/\",\"name\":\"Gucci Bloom Objem: 100 ml | SHOPATOA.COM\",\"isPartOf\":{\"@id\":\"https:\\\/\\\/shopatoa.com\\\/cz\\\/#website\"},\"primaryImageOfPage\":{\"@id\":\"https:\\\/\\\/shopatoa.com\\\/cz\\\/gucci-bloom-objem-100-ml\\\/#primaryimage\"},\"image\":{\"@id\":\"https:\\\/\\\/shopatoa.com\\\/cz\\\/gucci-bloom-objem-100-ml\\\/#primaryimage\"},\"thumbnailUrl\":\"https:\\\/\\\/shopatoa.com\\\/cz\\\/wp-content\\\/uploads\\\/2025\\\/02\\\/14245-1_gucci-bloom-objem-100-ml.jpg\",\"datePublished\":\"2025-02-14T16:06:38+00:00\",\"dateModified\":\"2025-03-14T20:46:12+00:00\",\"description\":\"**Parf\u00e9movan\u00e1 voda Gucci Bloom** je oslavou \u017eensk\u00e9 kr\u00e1sy a p\u0159irozenosti. Gucci Bloom V\u00e1s p\u0159enese do rozkvetl\u00e9 zahrady, kde v\u0161ude kolem sebe uc\u00edt\u00edte sv\u016fdn\u00e9 t\u00f3ny kv\u011btin. Rozmanit\u00e1 v\u016fn\u011b Bloom je pln\u00e1 jemn\u00fdch, ale i intenzivn\u00edch a divok\u00fdch akord\u016f kv\u011btin. Parf\u00e9movan\u00e1 voda se skl\u00e1d\u00e1 ze \u010dty\u0159 esenc\u00ed, kter\u00e9 spole\u010dn\u011b vytv\u00e1\u0159ej\u00ed neodolatelnou a sv\u016fdnou d\u00e1mskou v\u016fni. Zahalte svou poko\u017eku do v\u016fn\u011b jasm\u00ednu a zimolezu, kter\u00e9 spolu s tuber\u00f3zou a ko\u0159enem kosatce vytv\u00e1\u0159ej\u00ed okouzluj\u00edc\u00ed z\u00e1voj. Flakon parf\u00e9movan\u00e9 vody* Gucci Bloom *je zahalen do jemn\u00e9 pudrov\u00e9 barvy, kter\u00e1 je\u0161t\u011b v\u00edce umoc\u0148uje pocit p\u0159irozenosti. Vydejte se do rozmanit\u00e9 kv\u011btinov\u00e9 zahrady a poznejte kr\u00e1su kv\u011btin. **D\u00e1msk\u00e1 v\u016fn\u011b Gucci Bloom **byla uvedena na trh v roce 2017.\",\"breadcrumb\":{\"@id\":\"https:\\\/\\\/shopatoa.com\\\/cz\\\/gucci-bloom-objem-100-ml\\\/#breadcrumb\"},\"inLanguage\":\"cs\",\"potentialAction\":[{\"@type\":\"ReadAction\",\"target\":[\"https:\\\/\\\/shopatoa.com\\\/cz\\\/gucci-bloom-objem-100-ml\\\/\"]}]},{\"@type\":\"ImageObject\",\"inLanguage\":\"cs\",\"@id\":\"https:\\\/\\\/shopatoa.com\\\/cz\\\/gucci-bloom-objem-100-ml\\\/#primaryimage\",\"url\":\"https:\\\/\\\/shopatoa.com\\\/cz\\\/wp-content\\\/uploads\\\/2025\\\/02\\\/14245-1_gucci-bloom-objem-100-ml.jpg\",\"contentUrl\":\"https:\\\/\\\/shopatoa.com\\\/cz\\\/wp-content\\\/uploads\\\/2025\\\/02\\\/14245-1_gucci-bloom-objem-100-ml.jpg\",\"width\":455,\"height\":505},{\"@type\":\"BreadcrumbList\",\"@id\":\"https:\\\/\\\/shopatoa.com\\\/cz\\\/gucci-bloom-objem-100-ml\\\/#breadcrumb\",\"itemListElement\":[{\"@type\":\"ListItem\",\"position\":1,\"name\":\"Dom\u016f\",\"item\":\"https:\\\/\\\/shopatoa.com\\\/cz\\\/\"},{\"@type\":\"ListItem\",\"position\":2,\"name\":\"Produkty\",\"item\":\"https:\\\/\\\/shopatoa.com\\\/cz\\\/shop\\\/\"},{\"@type\":\"ListItem\",\"position\":3,\"name\":\"Kosmetika a zdrav\u00ed\",\"item\":\"https:\\\/\\\/shopatoa.com\\\/cz\\\/kosmetika-a-zdravi\\\/\"},{\"@type\":\"ListItem\",\"position\":4,\"name\":\"Gucci Bloom Objem: 100 ml\"}]},{\"@type\":\"WebSite\",\"@id\":\"https:\\\/\\\/shopatoa.com\\\/cz\\\/#website\",\"url\":\"https:\\\/\\\/shopatoa.com\\\/cz\\\/\",\"name\":\"SHOPATOA\",\"description\":\"\",\"publisher\":{\"@id\":\"https:\\\/\\\/shopatoa.com\\\/cz\\\/#organization\"},\"potentialAction\":[{\"@type\":\"SearchAction\",\"target\":{\"@type\":\"EntryPoint\",\"urlTemplate\":\"https:\\\/\\\/shopatoa.com\\\/cz\\\/?s={search_term_string}\"},\"query-input\":{\"@type\":\"PropertyValueSpecification\",\"valueRequired\":true,\"valueName\":\"search_term_string\"}}],\"inLanguage\":\"cs\"},{\"@type\":\"Organization\",\"@id\":\"https:\\\/\\\/shopatoa.com\\\/cz\\\/#organization\",\"name\":\"SHOPATOA Digital s.r.o.\",\"url\":\"https:\\\/\\\/shopatoa.com\\\/cz\\\/\",\"logo\":{\"@type\":\"ImageObject\",\"inLanguage\":\"cs\",\"@id\":\"https:\\\/\\\/shopatoa.com\\\/cz\\\/#\\\/schema\\\/logo\\\/image\\\/\",\"url\":\"https:\\\/\\\/storage.googleapis.com\\\/cz-shopatoa-img\\\/cz\\\/ebccf434-shopatoa_logo.png\",\"contentUrl\":\"https:\\\/\\\/storage.googleapis.com\\\/cz-shopatoa-img\\\/cz\\\/ebccf434-shopatoa_logo.png\",\"width\":416,\"height\":63,\"caption\":\"SHOPATOA Digital s.r.o.\"},\"image\":{\"@id\":\"https:\\\/\\\/shopatoa.com\\\/cz\\\/#\\\/schema\\\/logo\\\/image\\\/\"}}]}<\/script>\n<!-- \/ Yoast SEO plugin. -->","yoast_head_json":{"title":"Gucci Bloom Objem: 100 ml | SHOPATOA.COM","description":"**Parf\u00e9movan\u00e1 voda Gucci Bloom** je oslavou \u017eensk\u00e9 kr\u00e1sy a p\u0159irozenosti. Gucci Bloom V\u00e1s p\u0159enese do rozkvetl\u00e9 zahrady, kde v\u0161ude kolem sebe uc\u00edt\u00edte sv\u016fdn\u00e9 t\u00f3ny kv\u011btin. Rozmanit\u00e1 v\u016fn\u011b Bloom je pln\u00e1 jemn\u00fdch, ale i intenzivn\u00edch a divok\u00fdch akord\u016f kv\u011btin. Parf\u00e9movan\u00e1 voda se skl\u00e1d\u00e1 ze \u010dty\u0159 esenc\u00ed, kter\u00e9 spole\u010dn\u011b vytv\u00e1\u0159ej\u00ed neodolatelnou a sv\u016fdnou d\u00e1mskou v\u016fni. Zahalte svou poko\u017eku do v\u016fn\u011b jasm\u00ednu a zimolezu, kter\u00e9 spolu s tuber\u00f3zou a ko\u0159enem kosatce vytv\u00e1\u0159ej\u00ed okouzluj\u00edc\u00ed z\u00e1voj. Flakon parf\u00e9movan\u00e9 vody* Gucci Bloom *je zahalen do jemn\u00e9 pudrov\u00e9 barvy, kter\u00e1 je\u0161t\u011b v\u00edce umoc\u0148uje pocit p\u0159irozenosti. Vydejte se do rozmanit\u00e9 kv\u011btinov\u00e9 zahrady a poznejte kr\u00e1su kv\u011btin. **D\u00e1msk\u00e1 v\u016fn\u011b Gucci Bloom **byla uvedena na trh v roce 2017.","robots":{"index":"index","follow":"follow","max-snippet":"max-snippet:-1","max-image-preview":"max-image-preview:large","max-video-preview":"max-video-preview:-1"},"canonical":"https:\/\/shopatoa.com\/cz\/gucci-bloom-objem-100-ml\/","og_locale":"cs_CZ","og_type":"article","og_title":"Gucci Bloom Objem: 100 ml | SHOPATOA.COM","og_description":"**Parf\u00e9movan\u00e1 voda Gucci Bloom** je oslavou \u017eensk\u00e9 kr\u00e1sy a p\u0159irozenosti. Gucci Bloom V\u00e1s p\u0159enese do rozkvetl\u00e9 zahrady, kde v\u0161ude kolem sebe uc\u00edt\u00edte sv\u016fdn\u00e9 t\u00f3ny kv\u011btin. Rozmanit\u00e1 v\u016fn\u011b Bloom je pln\u00e1 jemn\u00fdch, ale i intenzivn\u00edch a divok\u00fdch akord\u016f kv\u011btin. Parf\u00e9movan\u00e1 voda se skl\u00e1d\u00e1 ze \u010dty\u0159 esenc\u00ed, kter\u00e9 spole\u010dn\u011b vytv\u00e1\u0159ej\u00ed neodolatelnou a sv\u016fdnou d\u00e1mskou v\u016fni. Zahalte svou poko\u017eku do v\u016fn\u011b jasm\u00ednu a zimolezu, kter\u00e9 spolu s tuber\u00f3zou a ko\u0159enem kosatce vytv\u00e1\u0159ej\u00ed okouzluj\u00edc\u00ed z\u00e1voj. Flakon parf\u00e9movan\u00e9 vody* Gucci Bloom *je zahalen do jemn\u00e9 pudrov\u00e9 barvy, kter\u00e1 je\u0161t\u011b v\u00edce umoc\u0148uje pocit p\u0159irozenosti. Vydejte se do rozmanit\u00e9 kv\u011btinov\u00e9 zahrady a poznejte kr\u00e1su kv\u011btin. **D\u00e1msk\u00e1 v\u016fn\u011b Gucci Bloom **byla uvedena na trh v roce 2017.","og_url":"https:\/\/shopatoa.com\/cz\/gucci-bloom-objem-100-ml\/","og_site_name":"SHOPATOA","article_modified_time":"2025-03-14T20:46:12+00:00","og_image":[{"width":455,"height":505,"url":"https:\/\/shopatoa.com\/cz\/wp-content\/uploads\/2025\/02\/14245-1_gucci-bloom-objem-100-ml.jpg","type":"image\/jpeg"}],"twitter_card":"summary_large_image","twitter_misc":{"Odhadovan\u00e1 doba \u010dten\u00ed":"1 minuta"},"schema":{"@context":"https:\/\/schema.org","@graph":[{"@type":"WebPage","@id":"https:\/\/shopatoa.com\/cz\/gucci-bloom-objem-100-ml\/","url":"https:\/\/shopatoa.com\/cz\/gucci-bloom-objem-100-ml\/","name":"Gucci Bloom Objem: 100 ml | SHOPATOA.COM","isPartOf":{"@id":"https:\/\/shopatoa.com\/cz\/#website"},"primaryImageOfPage":{"@id":"https:\/\/shopatoa.com\/cz\/gucci-bloom-objem-100-ml\/#primaryimage"},"image":{"@id":"https:\/\/shopatoa.com\/cz\/gucci-bloom-objem-100-ml\/#primaryimage"},"thumbnailUrl":"https:\/\/shopatoa.com\/cz\/wp-content\/uploads\/2025\/02\/14245-1_gucci-bloom-objem-100-ml.jpg","datePublished":"2025-02-14T16:06:38+00:00","dateModified":"2025-03-14T20:46:12+00:00","description":"**Parf\u00e9movan\u00e1 voda Gucci Bloom** je oslavou \u017eensk\u00e9 kr\u00e1sy a p\u0159irozenosti. Gucci Bloom V\u00e1s p\u0159enese do rozkvetl\u00e9 zahrady, kde v\u0161ude kolem sebe uc\u00edt\u00edte sv\u016fdn\u00e9 t\u00f3ny kv\u011btin. Rozmanit\u00e1 v\u016fn\u011b Bloom je pln\u00e1 jemn\u00fdch, ale i intenzivn\u00edch a divok\u00fdch akord\u016f kv\u011btin. Parf\u00e9movan\u00e1 voda se skl\u00e1d\u00e1 ze \u010dty\u0159 esenc\u00ed, kter\u00e9 spole\u010dn\u011b vytv\u00e1\u0159ej\u00ed neodolatelnou a sv\u016fdnou d\u00e1mskou v\u016fni. Zahalte svou poko\u017eku do v\u016fn\u011b jasm\u00ednu a zimolezu, kter\u00e9 spolu s tuber\u00f3zou a ko\u0159enem kosatce vytv\u00e1\u0159ej\u00ed okouzluj\u00edc\u00ed z\u00e1voj. Flakon parf\u00e9movan\u00e9 vody* Gucci Bloom *je zahalen do jemn\u00e9 pudrov\u00e9 barvy, kter\u00e1 je\u0161t\u011b v\u00edce umoc\u0148uje pocit p\u0159irozenosti. Vydejte se do rozmanit\u00e9 kv\u011btinov\u00e9 zahrady a poznejte kr\u00e1su kv\u011btin. **D\u00e1msk\u00e1 v\u016fn\u011b Gucci Bloom **byla uvedena na trh v roce 2017.","breadcrumb":{"@id":"https:\/\/shopatoa.com\/cz\/gucci-bloom-objem-100-ml\/#breadcrumb"},"inLanguage":"cs","potentialAction":[{"@type":"ReadAction","target":["https:\/\/shopatoa.com\/cz\/gucci-bloom-objem-100-ml\/"]}]},{"@type":"ImageObject","inLanguage":"cs","@id":"https:\/\/shopatoa.com\/cz\/gucci-bloom-objem-100-ml\/#primaryimage","url":"https:\/\/shopatoa.com\/cz\/wp-content\/uploads\/2025\/02\/14245-1_gucci-bloom-objem-100-ml.jpg","contentUrl":"https:\/\/shopatoa.com\/cz\/wp-content\/uploads\/2025\/02\/14245-1_gucci-bloom-objem-100-ml.jpg","width":455,"height":505},{"@type":"BreadcrumbList","@id":"https:\/\/shopatoa.com\/cz\/gucci-bloom-objem-100-ml\/#breadcrumb","itemListElement":[{"@type":"ListItem","position":1,"name":"Dom\u016f","item":"https:\/\/shopatoa.com\/cz\/"},{"@type":"ListItem","position":2,"name":"Produkty","item":"https:\/\/shopatoa.com\/cz\/shop\/"},{"@type":"ListItem","position":3,"name":"Kosmetika a zdrav\u00ed","item":"https:\/\/shopatoa.com\/cz\/kosmetika-a-zdravi\/"},{"@type":"ListItem","position":4,"name":"Gucci Bloom Objem: 100 ml"}]},{"@type":"WebSite","@id":"https:\/\/shopatoa.com\/cz\/#website","url":"https:\/\/shopatoa.com\/cz\/","name":"SHOPATOA","description":"","publisher":{"@id":"https:\/\/shopatoa.com\/cz\/#organization"},"potentialAction":[{"@type":"SearchAction","target":{"@type":"EntryPoint","urlTemplate":"https:\/\/shopatoa.com\/cz\/?s={search_term_string}"},"query-input":{"@type":"PropertyValueSpecification","valueRequired":true,"valueName":"search_term_string"}}],"inLanguage":"cs"},{"@type":"Organization","@id":"https:\/\/shopatoa.com\/cz\/#organization","name":"SHOPATOA Digital s.r.o.","url":"https:\/\/shopatoa.com\/cz\/","logo":{"@type":"ImageObject","inLanguage":"cs","@id":"https:\/\/shopatoa.com\/cz\/#\/schema\/logo\/image\/","url":"https:\/\/storage.googleapis.com\/cz-shopatoa-img\/cz\/ebccf434-shopatoa_logo.png","contentUrl":"https:\/\/storage.googleapis.com\/cz-shopatoa-img\/cz\/ebccf434-shopatoa_logo.png","width":416,"height":63,"caption":"SHOPATOA Digital s.r.o."},"image":{"@id":"https:\/\/shopatoa.com\/cz\/#\/schema\/logo\/image\/"}}]}},"_links":{"self":[{"href":"https:\/\/shopatoa.com\/cz\/wp-json\/wp\/v2\/product\/129851","targetHints":{"allow":["GET"]}}],"collection":[{"href":"https:\/\/shopatoa.com\/cz\/wp-json\/wp\/v2\/product"}],"about":[{"href":"https:\/\/shopatoa.com\/cz\/wp-json\/wp\/v2\/types\/product"}],"replies":[{"embeddable":true,"href":"https:\/\/shopatoa.com\/cz\/wp-json\/wp\/v2\/comments?post=129851"}],"wp:featuredmedia":[{"embeddable":true,"href":"https:\/\/shopatoa.com\/cz\/wp-json\/wp\/v2\/media\/129852"}],"wp:attachment":[{"href":"https:\/\/shopatoa.com\/cz\/wp-json\/wp\/v2\/media?parent=129851"}],"wp:term":[{"taxonomy":"product_brand","embeddable":true,"href":"https:\/\/shopatoa.com\/cz\/wp-json\/wp\/v2\/product_brand?post=129851"},{"taxonomy":"product_cat","embeddable":true,"href":"https:\/\/shopatoa.com\/cz\/wp-json\/wp\/v2\/product_cat?post=129851"},{"taxonomy":"product_tag","embeddable":true,"href":"https:\/\/shopatoa.com\/cz\/wp-json\/wp\/v2\/product_tag?post=129851"}],"curies":[{"name":"wp","href":"https:\/\/api.w.org\/{rel}","templated":true}]}}