{"id":129861,"date":"2025-02-14T17:06:38","date_gmt":"2025-02-14T16:06:38","guid":{"rendered":"https:\/\/shopatoa.com\/cz\/paco-rabanne-1-million-objem-50-ml\/"},"modified":"2025-03-14T21:46:23","modified_gmt":"2025-03-14T20:46:23","slug":"paco-rabanne-1-million-objem-50-ml","status":"publish","type":"product","link":"https:\/\/shopatoa.com\/cz\/paco-rabanne-1-million-objem-50-ml\/","title":{"rendered":"Paco Rabanne 1 Million Objem: 50 ml"},"content":{"rendered":"<p>P\u00e1nsk\u00e1 toaletn\u00ed voda\u00a0Paco Rabanne 1.million\u00a0je neodolateln\u00e1 a velmi exkluzivn\u00ed p\u00e1nsk\u00e1 v\u016fn\u011b slad\u0161\u00edho ra\u017een\u00ed s jemn\u011b sv\u011b\u017e\u00edm slo\u017een\u00edm. Nechte se pohltit touto v\u016fn\u00ed a spolehn\u011bte se na ni b\u011bhem cel\u00e9ho dne. Bude jako va\u0161e druh\u00e1 k\u016f\u017ee.<\/p>\n","protected":false},"excerpt":{"rendered":"<p>P\u00e1nsk\u00e1 toaletn\u00ed voda\u00a0Paco Rabanne 1.million\u00a0je neodolateln\u00e1 a velmi exkluzivn\u00ed p\u00e1nsk\u00e1 v\u016fn\u011b slad\u0161\u00edho ra\u017een\u00ed s jemn\u011b sv\u011b\u017e\u00edm slo\u017een\u00edm. Nechte se pohltit touto v\u016fn\u00ed a spolehn\u011bte se na ni b\u011bhem cel\u00e9ho dne. Bude jako va\u0161e druh\u00e1 k\u016f\u017ee.<\/p>\n","protected":false},"featured_media":129862,"comment_status":"closed","ping_status":"open","template":"","meta":{"_acf_changed":false,"_kadence_starter_templates_imported_post":false,"_kad_post_transparent":"","_kad_post_title":"","_kad_post_layout":"","_kad_post_sidebar_id":"","_kad_post_content_style":"","_kad_post_vertical_padding":"","_kad_post_feature":"","_kad_post_feature_position":"","_kad_post_header":false,"_kad_post_footer":false,"_kad_post_classname":""},"product_brand":[],"product_cat":[98],"product_tag":[],"class_list":{"0":"post-129861","1":"product","2":"type-product","3":"status-publish","4":"has-post-thumbnail","6":"product_cat-kosmetika-a-zdravi","7":"pa_obchod-krasnevune-cz","8":"pa_pohlavi-muz","10":"first","11":"instock","12":"product-type-external","13":"entry","14":"content-bg","15":"loop-entry"},"acf":[],"yoast_head":"<!-- This site is optimized with the Yoast SEO plugin v27.4 - https:\/\/yoast.com\/product\/yoast-seo-wordpress\/ -->\n<title>Paco Rabanne 1 Million Objem: 50 ml | SHOPATOA.COM<\/title>\n<meta name=\"description\" content=\"P\u00e1nsk\u00e1 toaletn\u00ed voda\u00a0Paco Rabanne 1.million\u00a0je neodolateln\u00e1 a velmi exkluzivn\u00ed p\u00e1nsk\u00e1 v\u016fn\u011b slad\u0161\u00edho ra\u017een\u00ed s jemn\u011b sv\u011b\u017e\u00edm slo\u017een\u00edm. Nechte se pohltit touto v\u016fn\u00ed a spolehn\u011bte se na ni b\u011bhem cel\u00e9ho dne. Bude jako va\u0161e druh\u00e1 k\u016f\u017ee.\" \/>\n<meta name=\"robots\" content=\"index, follow, max-snippet:-1, max-image-preview:large, max-video-preview:-1\" \/>\n<link rel=\"canonical\" href=\"https:\/\/shopatoa.com\/cz\/paco-rabanne-1-million-objem-50-ml\/\" \/>\n<meta property=\"og:locale\" content=\"cs_CZ\" \/>\n<meta property=\"og:type\" content=\"article\" \/>\n<meta property=\"og:title\" content=\"Paco Rabanne 1 Million Objem: 50 ml | SHOPATOA.COM\" \/>\n<meta property=\"og:description\" content=\"P\u00e1nsk\u00e1 toaletn\u00ed voda\u00a0Paco Rabanne 1.million\u00a0je neodolateln\u00e1 a velmi exkluzivn\u00ed p\u00e1nsk\u00e1 v\u016fn\u011b slad\u0161\u00edho ra\u017een\u00ed s jemn\u011b sv\u011b\u017e\u00edm slo\u017een\u00edm. Nechte se pohltit touto v\u016fn\u00ed a spolehn\u011bte se na ni b\u011bhem cel\u00e9ho dne. Bude jako va\u0161e druh\u00e1 k\u016f\u017ee.\" \/>\n<meta property=\"og:url\" content=\"https:\/\/shopatoa.com\/cz\/paco-rabanne-1-million-objem-50-ml\/\" \/>\n<meta property=\"og:site_name\" content=\"SHOPATOA\" \/>\n<meta property=\"article:modified_time\" content=\"2025-03-14T20:46:23+00:00\" \/>\n<meta property=\"og:image\" content=\"https:\/\/shopatoa.com\/cz\/wp-content\/uploads\/2025\/02\/14278-1_paco-rabanne-1-million-objem-50-ml.jpg\" \/>\n\t<meta property=\"og:image:width\" content=\"455\" \/>\n\t<meta property=\"og:image:height\" content=\"505\" \/>\n\t<meta property=\"og:image:type\" content=\"image\/jpeg\" \/>\n<meta name=\"twitter:card\" content=\"summary_large_image\" \/>\n<script type=\"application\/ld+json\" class=\"yoast-schema-graph\">{\"@context\":\"https:\\\/\\\/schema.org\",\"@graph\":[{\"@type\":\"WebPage\",\"@id\":\"https:\\\/\\\/shopatoa.com\\\/cz\\\/paco-rabanne-1-million-objem-50-ml\\\/\",\"url\":\"https:\\\/\\\/shopatoa.com\\\/cz\\\/paco-rabanne-1-million-objem-50-ml\\\/\",\"name\":\"Paco Rabanne 1 Million Objem: 50 ml | SHOPATOA.COM\",\"isPartOf\":{\"@id\":\"https:\\\/\\\/shopatoa.com\\\/cz\\\/#website\"},\"primaryImageOfPage\":{\"@id\":\"https:\\\/\\\/shopatoa.com\\\/cz\\\/paco-rabanne-1-million-objem-50-ml\\\/#primaryimage\"},\"image\":{\"@id\":\"https:\\\/\\\/shopatoa.com\\\/cz\\\/paco-rabanne-1-million-objem-50-ml\\\/#primaryimage\"},\"thumbnailUrl\":\"https:\\\/\\\/shopatoa.com\\\/cz\\\/wp-content\\\/uploads\\\/2025\\\/02\\\/14278-1_paco-rabanne-1-million-objem-50-ml.jpg\",\"datePublished\":\"2025-02-14T16:06:38+00:00\",\"dateModified\":\"2025-03-14T20:46:23+00:00\",\"description\":\"P\u00e1nsk\u00e1 toaletn\u00ed voda\u00a0Paco Rabanne 1.million\u00a0je neodolateln\u00e1 a velmi exkluzivn\u00ed p\u00e1nsk\u00e1 v\u016fn\u011b slad\u0161\u00edho ra\u017een\u00ed s jemn\u011b sv\u011b\u017e\u00edm slo\u017een\u00edm. Nechte se pohltit touto v\u016fn\u00ed a spolehn\u011bte se na ni b\u011bhem cel\u00e9ho dne. Bude jako va\u0161e druh\u00e1 k\u016f\u017ee.\",\"breadcrumb\":{\"@id\":\"https:\\\/\\\/shopatoa.com\\\/cz\\\/paco-rabanne-1-million-objem-50-ml\\\/#breadcrumb\"},\"inLanguage\":\"cs\",\"potentialAction\":[{\"@type\":\"ReadAction\",\"target\":[\"https:\\\/\\\/shopatoa.com\\\/cz\\\/paco-rabanne-1-million-objem-50-ml\\\/\"]}]},{\"@type\":\"ImageObject\",\"inLanguage\":\"cs\",\"@id\":\"https:\\\/\\\/shopatoa.com\\\/cz\\\/paco-rabanne-1-million-objem-50-ml\\\/#primaryimage\",\"url\":\"https:\\\/\\\/shopatoa.com\\\/cz\\\/wp-content\\\/uploads\\\/2025\\\/02\\\/14278-1_paco-rabanne-1-million-objem-50-ml.jpg\",\"contentUrl\":\"https:\\\/\\\/shopatoa.com\\\/cz\\\/wp-content\\\/uploads\\\/2025\\\/02\\\/14278-1_paco-rabanne-1-million-objem-50-ml.jpg\",\"width\":455,\"height\":505},{\"@type\":\"BreadcrumbList\",\"@id\":\"https:\\\/\\\/shopatoa.com\\\/cz\\\/paco-rabanne-1-million-objem-50-ml\\\/#breadcrumb\",\"itemListElement\":[{\"@type\":\"ListItem\",\"position\":1,\"name\":\"Dom\u016f\",\"item\":\"https:\\\/\\\/shopatoa.com\\\/cz\\\/\"},{\"@type\":\"ListItem\",\"position\":2,\"name\":\"Produkty\",\"item\":\"https:\\\/\\\/shopatoa.com\\\/cz\\\/shop\\\/\"},{\"@type\":\"ListItem\",\"position\":3,\"name\":\"Kosmetika a zdrav\u00ed\",\"item\":\"https:\\\/\\\/shopatoa.com\\\/cz\\\/kosmetika-a-zdravi\\\/\"},{\"@type\":\"ListItem\",\"position\":4,\"name\":\"Paco Rabanne 1 Million Objem: 50 ml\"}]},{\"@type\":\"WebSite\",\"@id\":\"https:\\\/\\\/shopatoa.com\\\/cz\\\/#website\",\"url\":\"https:\\\/\\\/shopatoa.com\\\/cz\\\/\",\"name\":\"SHOPATOA\",\"description\":\"\",\"publisher\":{\"@id\":\"https:\\\/\\\/shopatoa.com\\\/cz\\\/#organization\"},\"potentialAction\":[{\"@type\":\"SearchAction\",\"target\":{\"@type\":\"EntryPoint\",\"urlTemplate\":\"https:\\\/\\\/shopatoa.com\\\/cz\\\/?s={search_term_string}\"},\"query-input\":{\"@type\":\"PropertyValueSpecification\",\"valueRequired\":true,\"valueName\":\"search_term_string\"}}],\"inLanguage\":\"cs\"},{\"@type\":\"Organization\",\"@id\":\"https:\\\/\\\/shopatoa.com\\\/cz\\\/#organization\",\"name\":\"SHOPATOA Digital s.r.o.\",\"url\":\"https:\\\/\\\/shopatoa.com\\\/cz\\\/\",\"logo\":{\"@type\":\"ImageObject\",\"inLanguage\":\"cs\",\"@id\":\"https:\\\/\\\/shopatoa.com\\\/cz\\\/#\\\/schema\\\/logo\\\/image\\\/\",\"url\":\"https:\\\/\\\/storage.googleapis.com\\\/cz-shopatoa-img\\\/cz\\\/ebccf434-shopatoa_logo.png\",\"contentUrl\":\"https:\\\/\\\/storage.googleapis.com\\\/cz-shopatoa-img\\\/cz\\\/ebccf434-shopatoa_logo.png\",\"width\":416,\"height\":63,\"caption\":\"SHOPATOA Digital s.r.o.\"},\"image\":{\"@id\":\"https:\\\/\\\/shopatoa.com\\\/cz\\\/#\\\/schema\\\/logo\\\/image\\\/\"}}]}<\/script>\n<!-- \/ Yoast SEO plugin. -->","yoast_head_json":{"title":"Paco Rabanne 1 Million Objem: 50 ml | SHOPATOA.COM","description":"P\u00e1nsk\u00e1 toaletn\u00ed voda\u00a0Paco Rabanne 1.million\u00a0je neodolateln\u00e1 a velmi exkluzivn\u00ed p\u00e1nsk\u00e1 v\u016fn\u011b slad\u0161\u00edho ra\u017een\u00ed s jemn\u011b sv\u011b\u017e\u00edm slo\u017een\u00edm. Nechte se pohltit touto v\u016fn\u00ed a spolehn\u011bte se na ni b\u011bhem cel\u00e9ho dne. Bude jako va\u0161e druh\u00e1 k\u016f\u017ee.","robots":{"index":"index","follow":"follow","max-snippet":"max-snippet:-1","max-image-preview":"max-image-preview:large","max-video-preview":"max-video-preview:-1"},"canonical":"https:\/\/shopatoa.com\/cz\/paco-rabanne-1-million-objem-50-ml\/","og_locale":"cs_CZ","og_type":"article","og_title":"Paco Rabanne 1 Million Objem: 50 ml | SHOPATOA.COM","og_description":"P\u00e1nsk\u00e1 toaletn\u00ed voda\u00a0Paco Rabanne 1.million\u00a0je neodolateln\u00e1 a velmi exkluzivn\u00ed p\u00e1nsk\u00e1 v\u016fn\u011b slad\u0161\u00edho ra\u017een\u00ed s jemn\u011b sv\u011b\u017e\u00edm slo\u017een\u00edm. Nechte se pohltit touto v\u016fn\u00ed a spolehn\u011bte se na ni b\u011bhem cel\u00e9ho dne. Bude jako va\u0161e druh\u00e1 k\u016f\u017ee.","og_url":"https:\/\/shopatoa.com\/cz\/paco-rabanne-1-million-objem-50-ml\/","og_site_name":"SHOPATOA","article_modified_time":"2025-03-14T20:46:23+00:00","og_image":[{"width":455,"height":505,"url":"https:\/\/shopatoa.com\/cz\/wp-content\/uploads\/2025\/02\/14278-1_paco-rabanne-1-million-objem-50-ml.jpg","type":"image\/jpeg"}],"twitter_card":"summary_large_image","schema":{"@context":"https:\/\/schema.org","@graph":[{"@type":"WebPage","@id":"https:\/\/shopatoa.com\/cz\/paco-rabanne-1-million-objem-50-ml\/","url":"https:\/\/shopatoa.com\/cz\/paco-rabanne-1-million-objem-50-ml\/","name":"Paco Rabanne 1 Million Objem: 50 ml | SHOPATOA.COM","isPartOf":{"@id":"https:\/\/shopatoa.com\/cz\/#website"},"primaryImageOfPage":{"@id":"https:\/\/shopatoa.com\/cz\/paco-rabanne-1-million-objem-50-ml\/#primaryimage"},"image":{"@id":"https:\/\/shopatoa.com\/cz\/paco-rabanne-1-million-objem-50-ml\/#primaryimage"},"thumbnailUrl":"https:\/\/shopatoa.com\/cz\/wp-content\/uploads\/2025\/02\/14278-1_paco-rabanne-1-million-objem-50-ml.jpg","datePublished":"2025-02-14T16:06:38+00:00","dateModified":"2025-03-14T20:46:23+00:00","description":"P\u00e1nsk\u00e1 toaletn\u00ed voda\u00a0Paco Rabanne 1.million\u00a0je neodolateln\u00e1 a velmi exkluzivn\u00ed p\u00e1nsk\u00e1 v\u016fn\u011b slad\u0161\u00edho ra\u017een\u00ed s jemn\u011b sv\u011b\u017e\u00edm slo\u017een\u00edm. Nechte se pohltit touto v\u016fn\u00ed a spolehn\u011bte se na ni b\u011bhem cel\u00e9ho dne. Bude jako va\u0161e druh\u00e1 k\u016f\u017ee.","breadcrumb":{"@id":"https:\/\/shopatoa.com\/cz\/paco-rabanne-1-million-objem-50-ml\/#breadcrumb"},"inLanguage":"cs","potentialAction":[{"@type":"ReadAction","target":["https:\/\/shopatoa.com\/cz\/paco-rabanne-1-million-objem-50-ml\/"]}]},{"@type":"ImageObject","inLanguage":"cs","@id":"https:\/\/shopatoa.com\/cz\/paco-rabanne-1-million-objem-50-ml\/#primaryimage","url":"https:\/\/shopatoa.com\/cz\/wp-content\/uploads\/2025\/02\/14278-1_paco-rabanne-1-million-objem-50-ml.jpg","contentUrl":"https:\/\/shopatoa.com\/cz\/wp-content\/uploads\/2025\/02\/14278-1_paco-rabanne-1-million-objem-50-ml.jpg","width":455,"height":505},{"@type":"BreadcrumbList","@id":"https:\/\/shopatoa.com\/cz\/paco-rabanne-1-million-objem-50-ml\/#breadcrumb","itemListElement":[{"@type":"ListItem","position":1,"name":"Dom\u016f","item":"https:\/\/shopatoa.com\/cz\/"},{"@type":"ListItem","position":2,"name":"Produkty","item":"https:\/\/shopatoa.com\/cz\/shop\/"},{"@type":"ListItem","position":3,"name":"Kosmetika a zdrav\u00ed","item":"https:\/\/shopatoa.com\/cz\/kosmetika-a-zdravi\/"},{"@type":"ListItem","position":4,"name":"Paco Rabanne 1 Million Objem: 50 ml"}]},{"@type":"WebSite","@id":"https:\/\/shopatoa.com\/cz\/#website","url":"https:\/\/shopatoa.com\/cz\/","name":"SHOPATOA","description":"","publisher":{"@id":"https:\/\/shopatoa.com\/cz\/#organization"},"potentialAction":[{"@type":"SearchAction","target":{"@type":"EntryPoint","urlTemplate":"https:\/\/shopatoa.com\/cz\/?s={search_term_string}"},"query-input":{"@type":"PropertyValueSpecification","valueRequired":true,"valueName":"search_term_string"}}],"inLanguage":"cs"},{"@type":"Organization","@id":"https:\/\/shopatoa.com\/cz\/#organization","name":"SHOPATOA Digital s.r.o.","url":"https:\/\/shopatoa.com\/cz\/","logo":{"@type":"ImageObject","inLanguage":"cs","@id":"https:\/\/shopatoa.com\/cz\/#\/schema\/logo\/image\/","url":"https:\/\/storage.googleapis.com\/cz-shopatoa-img\/cz\/ebccf434-shopatoa_logo.png","contentUrl":"https:\/\/storage.googleapis.com\/cz-shopatoa-img\/cz\/ebccf434-shopatoa_logo.png","width":416,"height":63,"caption":"SHOPATOA Digital s.r.o."},"image":{"@id":"https:\/\/shopatoa.com\/cz\/#\/schema\/logo\/image\/"}}]}},"_links":{"self":[{"href":"https:\/\/shopatoa.com\/cz\/wp-json\/wp\/v2\/product\/129861","targetHints":{"allow":["GET"]}}],"collection":[{"href":"https:\/\/shopatoa.com\/cz\/wp-json\/wp\/v2\/product"}],"about":[{"href":"https:\/\/shopatoa.com\/cz\/wp-json\/wp\/v2\/types\/product"}],"replies":[{"embeddable":true,"href":"https:\/\/shopatoa.com\/cz\/wp-json\/wp\/v2\/comments?post=129861"}],"wp:featuredmedia":[{"embeddable":true,"href":"https:\/\/shopatoa.com\/cz\/wp-json\/wp\/v2\/media\/129862"}],"wp:attachment":[{"href":"https:\/\/shopatoa.com\/cz\/wp-json\/wp\/v2\/media?parent=129861"}],"wp:term":[{"taxonomy":"product_brand","embeddable":true,"href":"https:\/\/shopatoa.com\/cz\/wp-json\/wp\/v2\/product_brand?post=129861"},{"taxonomy":"product_cat","embeddable":true,"href":"https:\/\/shopatoa.com\/cz\/wp-json\/wp\/v2\/product_cat?post=129861"},{"taxonomy":"product_tag","embeddable":true,"href":"https:\/\/shopatoa.com\/cz\/wp-json\/wp\/v2\/product_tag?post=129861"}],"curies":[{"name":"wp","href":"https:\/\/api.w.org\/{rel}","templated":true}]}}