{"id":129863,"date":"2025-02-14T17:06:38","date_gmt":"2025-02-14T16:06:38","guid":{"rendered":"https:\/\/shopatoa.com\/cz\/paco-rabanne-invictus-objem-150-ml\/"},"modified":"2025-03-14T21:46:25","modified_gmt":"2025-03-14T20:46:25","slug":"paco-rabanne-invictus-objem-150-ml","status":"publish","type":"product","link":"https:\/\/shopatoa.com\/cz\/paco-rabanne-invictus-objem-150-ml\/","title":{"rendered":"Paco Rabanne Invictus Objem: 150 ml"},"content":{"rendered":"<p>Sv\u011b\u017e\u00ed aromatick\u00e1 toaletn\u00ed voda\u00a0Paco Rabanne Invictus je v\u011bnovan\u00e1 v\u0161em mu\u017e\u016fm, kte\u0159\u00ed miluj\u00ed sport a r\u00e1di si u\u017e\u00edvaj\u00ed onu v\u016fni v\u00edt\u011bzstv\u00ed. Symbolem v\u016fn\u011b je neporaziteln\u00fd hrdina, kter\u00e9mu ka\u017ed\u00fd podlehne. Je to sportovec t\u011blem i du\u0161\u00ed, kter\u00fd je popisov\u00e1n jako ide\u00e1ln\u00ed mu\u017e. <\/p>\n<p> Invictus znamen\u00e1 latinsky &#8222;neporaziteln\u00fd&#8220;, v\u016fn\u011b p\u0159edstavuje s\u00edlu, dynamiku a energii.<br \/>\n Parf\u00e9m vytvo\u0159ila velmi zn\u00e1m\u00e1 parfum\u00e9rka V\u00e9ronique Nyberg ve spolupr\u00e1ci s dal\u0161\u00edmi renomovan\u00fdmi parfum\u00e9ry. Vytvo\u0159en\u00ed parf\u00e9mu trvalo t\u00e9m\u011b\u0159 dva a p\u016fl roku, ne\u017e mu byla dod\u00e1na fin\u00e1ln\u00ed podoba. Tato smysln\u011b sv\u011b\u017e\u00ed kompozice se velmi li\u0161\u00ed od tradi\u010dn\u00edch p\u00e1nsk\u00fdch v\u016fn\u00ed. Nen\u00ed to ani jemn\u00e1 letn\u00ed v\u016fn\u011b, ani tradi\u010dn\u00ed kol\u00ednsk\u00e1. Paco Rabanne Invictus je strukturovan\u00e1 v\u016fn\u011b s velmi osobit\u00fdm z\u00e1kladem. V\u0161e je ukryto ve flakonu, kter\u00fd p\u0159ipom\u00edn\u00e1 v\u00edt\u011bzn\u00fd poh\u00e1r, jeho\u017e autorem je n\u00e1vrh\u00e1\u0159 C\u00e9dric Ragot. Tv\u00e1\u0159\u00ed kampan\u011b je australsk\u00fd hr\u00e1\u010d rugby Nick Youngguest.<br \/>\n P\u0159ivo\u0148te si k v\u016fni v\u00edt\u011bzstv\u00ed s parf\u00e9mem Paco Rabanne Invictus.<\/p>\n","protected":false},"excerpt":{"rendered":"<p>Sv\u011b\u017e\u00ed aromatick\u00e1 toaletn\u00ed voda\u00a0Paco Rabanne Invictus je v\u011bnovan\u00e1 v\u0161em mu\u017e\u016fm, kte\u0159\u00ed miluj\u00ed sport a r\u00e1di si u\u017e\u00edvaj\u00ed onu v\u016fni v\u00edt\u011bzstv\u00ed. Symbolem v\u016fn\u011b je neporaziteln\u00fd hrdina, kter\u00e9mu ka\u017ed\u00fd podlehne. Je to sportovec t\u011blem i du\u0161\u00ed, kter\u00fd je popisov\u00e1n jako ide\u00e1ln\u00ed mu\u017e. Invictus znamen\u00e1 latinsky &#8222;neporaziteln\u00fd&#8220;, v\u016fn\u011b p\u0159edstavuje s\u00edlu, dynamiku a energii. Parf\u00e9m vytvo\u0159ila velmi zn\u00e1m\u00e1 parfum\u00e9rka&#8230;<\/p>\n","protected":false},"featured_media":129864,"comment_status":"closed","ping_status":"open","template":"","meta":{"_acf_changed":false,"_kadence_starter_templates_imported_post":false,"_kad_post_transparent":"","_kad_post_title":"","_kad_post_layout":"","_kad_post_sidebar_id":"","_kad_post_content_style":"","_kad_post_vertical_padding":"","_kad_post_feature":"","_kad_post_feature_position":"","_kad_post_header":false,"_kad_post_footer":false,"_kad_post_classname":""},"product_brand":[],"product_cat":[98],"product_tag":[],"class_list":{"0":"post-129863","1":"product","2":"type-product","3":"status-publish","4":"has-post-thumbnail","6":"product_cat-kosmetika-a-zdravi","7":"pa_obchod-krasnevune-cz","8":"pa_pohlavi-muz","10":"first","11":"instock","12":"product-type-external","13":"entry","14":"content-bg","15":"loop-entry"},"acf":[],"yoast_head":"<!-- This site is optimized with the Yoast SEO plugin v27.4 - https:\/\/yoast.com\/product\/yoast-seo-wordpress\/ -->\n<title>Paco Rabanne Invictus Objem: 150 ml | SHOPATOA.COM<\/title>\n<meta name=\"description\" content=\"Sv\u011b\u017e\u00ed aromatick\u00e1 toaletn\u00ed voda\u00a0Paco Rabanne Invictus je v\u011bnovan\u00e1 v\u0161em mu\u017e\u016fm, kte\u0159\u00ed miluj\u00ed sport a r\u00e1di si u\u017e\u00edvaj\u00ed onu v\u016fni v\u00edt\u011bzstv\u00ed. Symbolem v\u016fn\u011b je neporaziteln\u00fd hrdina, kter\u00e9mu ka\u017ed\u00fd podlehne. Je to sportovec t\u011blem i du\u0161\u00ed, kter\u00fd je popisov\u00e1n jako ide\u00e1ln\u00ed mu\u017e. Invictus znamen\u00e1 latinsky &quot;neporaziteln\u00fd&quot;, v\u016fn\u011b p\u0159edstavuje s\u00edlu, dynamiku a energii. Parf\u00e9m vytvo\u0159ila velmi zn\u00e1m\u00e1 parfum\u00e9rka V\u00e9ronique Nyberg ve spolupr\u00e1ci s dal\u0161\u00edmi renomovan\u00fdmi parfum\u00e9ry. Vytvo\u0159en\u00ed parf\u00e9mu trvalo t\u00e9m\u011b\u0159 dva a p\u016fl roku, ne\u017e mu byla dod\u00e1na fin\u00e1ln\u00ed podoba. Tato smysln\u011b sv\u011b\u017e\u00ed kompozice se velmi li\u0161\u00ed od tradi\u010dn\u00edch p\u00e1nsk\u00fdch v\u016fn\u00ed. Nen\u00ed to ani jemn\u00e1 letn\u00ed v\u016fn\u011b, ani tradi\u010dn\u00ed kol\u00ednsk\u00e1. Paco Rabanne Invictus je strukturovan\u00e1 v\u016fn\u011b s velmi osobit\u00fdm z\u00e1kladem. V\u0161e je ukryto ve flakonu, kter\u00fd p\u0159ipom\u00edn\u00e1 v\u00edt\u011bzn\u00fd poh\u00e1r, jeho\u017e autorem je n\u00e1vrh\u00e1\u0159 C\u00e9dric Ragot. Tv\u00e1\u0159\u00ed kampan\u011b je australsk\u00fd hr\u00e1\u010d rugby Nick Youngguest. P\u0159ivo\u0148te si k v\u016fni v\u00edt\u011bzstv\u00ed s parf\u00e9mem Paco Rabanne Invictus.\" \/>\n<meta name=\"robots\" content=\"index, follow, max-snippet:-1, max-image-preview:large, max-video-preview:-1\" \/>\n<link rel=\"canonical\" href=\"https:\/\/shopatoa.com\/cz\/paco-rabanne-invictus-objem-150-ml\/\" \/>\n<meta property=\"og:locale\" content=\"cs_CZ\" \/>\n<meta property=\"og:type\" content=\"article\" \/>\n<meta property=\"og:title\" content=\"Paco Rabanne Invictus Objem: 150 ml | SHOPATOA.COM\" \/>\n<meta property=\"og:description\" content=\"Sv\u011b\u017e\u00ed aromatick\u00e1 toaletn\u00ed voda\u00a0Paco Rabanne Invictus je v\u011bnovan\u00e1 v\u0161em mu\u017e\u016fm, kte\u0159\u00ed miluj\u00ed sport a r\u00e1di si u\u017e\u00edvaj\u00ed onu v\u016fni v\u00edt\u011bzstv\u00ed. Symbolem v\u016fn\u011b je neporaziteln\u00fd hrdina, kter\u00e9mu ka\u017ed\u00fd podlehne. Je to sportovec t\u011blem i du\u0161\u00ed, kter\u00fd je popisov\u00e1n jako ide\u00e1ln\u00ed mu\u017e. Invictus znamen\u00e1 latinsky &quot;neporaziteln\u00fd&quot;, v\u016fn\u011b p\u0159edstavuje s\u00edlu, dynamiku a energii. Parf\u00e9m vytvo\u0159ila velmi zn\u00e1m\u00e1 parfum\u00e9rka V\u00e9ronique Nyberg ve spolupr\u00e1ci s dal\u0161\u00edmi renomovan\u00fdmi parfum\u00e9ry. Vytvo\u0159en\u00ed parf\u00e9mu trvalo t\u00e9m\u011b\u0159 dva a p\u016fl roku, ne\u017e mu byla dod\u00e1na fin\u00e1ln\u00ed podoba. Tato smysln\u011b sv\u011b\u017e\u00ed kompozice se velmi li\u0161\u00ed od tradi\u010dn\u00edch p\u00e1nsk\u00fdch v\u016fn\u00ed. Nen\u00ed to ani jemn\u00e1 letn\u00ed v\u016fn\u011b, ani tradi\u010dn\u00ed kol\u00ednsk\u00e1. Paco Rabanne Invictus je strukturovan\u00e1 v\u016fn\u011b s velmi osobit\u00fdm z\u00e1kladem. V\u0161e je ukryto ve flakonu, kter\u00fd p\u0159ipom\u00edn\u00e1 v\u00edt\u011bzn\u00fd poh\u00e1r, jeho\u017e autorem je n\u00e1vrh\u00e1\u0159 C\u00e9dric Ragot. Tv\u00e1\u0159\u00ed kampan\u011b je australsk\u00fd hr\u00e1\u010d rugby Nick Youngguest. P\u0159ivo\u0148te si k v\u016fni v\u00edt\u011bzstv\u00ed s parf\u00e9mem Paco Rabanne Invictus.\" \/>\n<meta property=\"og:url\" content=\"https:\/\/shopatoa.com\/cz\/paco-rabanne-invictus-objem-150-ml\/\" \/>\n<meta property=\"og:site_name\" content=\"SHOPATOA\" \/>\n<meta property=\"article:modified_time\" content=\"2025-03-14T20:46:25+00:00\" \/>\n<meta property=\"og:image\" content=\"https:\/\/shopatoa.com\/cz\/wp-content\/uploads\/2025\/02\/14281-1_paco-rabanne-invictus-objem-150-ml.jpg\" \/>\n\t<meta property=\"og:image:width\" content=\"455\" \/>\n\t<meta property=\"og:image:height\" content=\"505\" \/>\n\t<meta property=\"og:image:type\" content=\"image\/jpeg\" \/>\n<meta name=\"twitter:card\" content=\"summary_large_image\" \/>\n<meta name=\"twitter:label1\" content=\"Odhadovan\u00e1 doba \u010dten\u00ed\" \/>\n\t<meta name=\"twitter:data1\" content=\"1 minuta\" \/>\n<script type=\"application\/ld+json\" class=\"yoast-schema-graph\">{\"@context\":\"https:\\\/\\\/schema.org\",\"@graph\":[{\"@type\":\"WebPage\",\"@id\":\"https:\\\/\\\/shopatoa.com\\\/cz\\\/paco-rabanne-invictus-objem-150-ml\\\/\",\"url\":\"https:\\\/\\\/shopatoa.com\\\/cz\\\/paco-rabanne-invictus-objem-150-ml\\\/\",\"name\":\"Paco Rabanne Invictus Objem: 150 ml | SHOPATOA.COM\",\"isPartOf\":{\"@id\":\"https:\\\/\\\/shopatoa.com\\\/cz\\\/#website\"},\"primaryImageOfPage\":{\"@id\":\"https:\\\/\\\/shopatoa.com\\\/cz\\\/paco-rabanne-invictus-objem-150-ml\\\/#primaryimage\"},\"image\":{\"@id\":\"https:\\\/\\\/shopatoa.com\\\/cz\\\/paco-rabanne-invictus-objem-150-ml\\\/#primaryimage\"},\"thumbnailUrl\":\"https:\\\/\\\/shopatoa.com\\\/cz\\\/wp-content\\\/uploads\\\/2025\\\/02\\\/14281-1_paco-rabanne-invictus-objem-150-ml.jpg\",\"datePublished\":\"2025-02-14T16:06:38+00:00\",\"dateModified\":\"2025-03-14T20:46:25+00:00\",\"description\":\"Sv\u011b\u017e\u00ed aromatick\u00e1 toaletn\u00ed voda\u00a0Paco Rabanne Invictus je v\u011bnovan\u00e1 v\u0161em mu\u017e\u016fm, kte\u0159\u00ed miluj\u00ed sport a r\u00e1di si u\u017e\u00edvaj\u00ed onu v\u016fni v\u00edt\u011bzstv\u00ed. Symbolem v\u016fn\u011b je neporaziteln\u00fd hrdina, kter\u00e9mu ka\u017ed\u00fd podlehne. Je to sportovec t\u011blem i du\u0161\u00ed, kter\u00fd je popisov\u00e1n jako ide\u00e1ln\u00ed mu\u017e. Invictus znamen\u00e1 latinsky \\\"neporaziteln\u00fd\\\", v\u016fn\u011b p\u0159edstavuje s\u00edlu, dynamiku a energii. Parf\u00e9m vytvo\u0159ila velmi zn\u00e1m\u00e1 parfum\u00e9rka V\u00e9ronique Nyberg ve spolupr\u00e1ci s dal\u0161\u00edmi renomovan\u00fdmi parfum\u00e9ry. Vytvo\u0159en\u00ed parf\u00e9mu trvalo t\u00e9m\u011b\u0159 dva a p\u016fl roku, ne\u017e mu byla dod\u00e1na fin\u00e1ln\u00ed podoba. Tato smysln\u011b sv\u011b\u017e\u00ed kompozice se velmi li\u0161\u00ed od tradi\u010dn\u00edch p\u00e1nsk\u00fdch v\u016fn\u00ed. Nen\u00ed to ani jemn\u00e1 letn\u00ed v\u016fn\u011b, ani tradi\u010dn\u00ed kol\u00ednsk\u00e1. Paco Rabanne Invictus je strukturovan\u00e1 v\u016fn\u011b s velmi osobit\u00fdm z\u00e1kladem. V\u0161e je ukryto ve flakonu, kter\u00fd p\u0159ipom\u00edn\u00e1 v\u00edt\u011bzn\u00fd poh\u00e1r, jeho\u017e autorem je n\u00e1vrh\u00e1\u0159 C\u00e9dric Ragot. Tv\u00e1\u0159\u00ed kampan\u011b je australsk\u00fd hr\u00e1\u010d rugby Nick Youngguest. P\u0159ivo\u0148te si k v\u016fni v\u00edt\u011bzstv\u00ed s parf\u00e9mem Paco Rabanne Invictus.\",\"breadcrumb\":{\"@id\":\"https:\\\/\\\/shopatoa.com\\\/cz\\\/paco-rabanne-invictus-objem-150-ml\\\/#breadcrumb\"},\"inLanguage\":\"cs\",\"potentialAction\":[{\"@type\":\"ReadAction\",\"target\":[\"https:\\\/\\\/shopatoa.com\\\/cz\\\/paco-rabanne-invictus-objem-150-ml\\\/\"]}]},{\"@type\":\"ImageObject\",\"inLanguage\":\"cs\",\"@id\":\"https:\\\/\\\/shopatoa.com\\\/cz\\\/paco-rabanne-invictus-objem-150-ml\\\/#primaryimage\",\"url\":\"https:\\\/\\\/shopatoa.com\\\/cz\\\/wp-content\\\/uploads\\\/2025\\\/02\\\/14281-1_paco-rabanne-invictus-objem-150-ml.jpg\",\"contentUrl\":\"https:\\\/\\\/shopatoa.com\\\/cz\\\/wp-content\\\/uploads\\\/2025\\\/02\\\/14281-1_paco-rabanne-invictus-objem-150-ml.jpg\",\"width\":455,\"height\":505},{\"@type\":\"BreadcrumbList\",\"@id\":\"https:\\\/\\\/shopatoa.com\\\/cz\\\/paco-rabanne-invictus-objem-150-ml\\\/#breadcrumb\",\"itemListElement\":[{\"@type\":\"ListItem\",\"position\":1,\"name\":\"Dom\u016f\",\"item\":\"https:\\\/\\\/shopatoa.com\\\/cz\\\/\"},{\"@type\":\"ListItem\",\"position\":2,\"name\":\"Produkty\",\"item\":\"https:\\\/\\\/shopatoa.com\\\/cz\\\/shop\\\/\"},{\"@type\":\"ListItem\",\"position\":3,\"name\":\"Kosmetika a zdrav\u00ed\",\"item\":\"https:\\\/\\\/shopatoa.com\\\/cz\\\/kosmetika-a-zdravi\\\/\"},{\"@type\":\"ListItem\",\"position\":4,\"name\":\"Paco Rabanne Invictus Objem: 150 ml\"}]},{\"@type\":\"WebSite\",\"@id\":\"https:\\\/\\\/shopatoa.com\\\/cz\\\/#website\",\"url\":\"https:\\\/\\\/shopatoa.com\\\/cz\\\/\",\"name\":\"SHOPATOA\",\"description\":\"\",\"publisher\":{\"@id\":\"https:\\\/\\\/shopatoa.com\\\/cz\\\/#organization\"},\"potentialAction\":[{\"@type\":\"SearchAction\",\"target\":{\"@type\":\"EntryPoint\",\"urlTemplate\":\"https:\\\/\\\/shopatoa.com\\\/cz\\\/?s={search_term_string}\"},\"query-input\":{\"@type\":\"PropertyValueSpecification\",\"valueRequired\":true,\"valueName\":\"search_term_string\"}}],\"inLanguage\":\"cs\"},{\"@type\":\"Organization\",\"@id\":\"https:\\\/\\\/shopatoa.com\\\/cz\\\/#organization\",\"name\":\"SHOPATOA Digital s.r.o.\",\"url\":\"https:\\\/\\\/shopatoa.com\\\/cz\\\/\",\"logo\":{\"@type\":\"ImageObject\",\"inLanguage\":\"cs\",\"@id\":\"https:\\\/\\\/shopatoa.com\\\/cz\\\/#\\\/schema\\\/logo\\\/image\\\/\",\"url\":\"https:\\\/\\\/storage.googleapis.com\\\/cz-shopatoa-img\\\/cz\\\/ebccf434-shopatoa_logo.png\",\"contentUrl\":\"https:\\\/\\\/storage.googleapis.com\\\/cz-shopatoa-img\\\/cz\\\/ebccf434-shopatoa_logo.png\",\"width\":416,\"height\":63,\"caption\":\"SHOPATOA Digital s.r.o.\"},\"image\":{\"@id\":\"https:\\\/\\\/shopatoa.com\\\/cz\\\/#\\\/schema\\\/logo\\\/image\\\/\"}}]}<\/script>\n<!-- \/ Yoast SEO plugin. -->","yoast_head_json":{"title":"Paco Rabanne Invictus Objem: 150 ml | SHOPATOA.COM","description":"Sv\u011b\u017e\u00ed aromatick\u00e1 toaletn\u00ed voda\u00a0Paco Rabanne Invictus je v\u011bnovan\u00e1 v\u0161em mu\u017e\u016fm, kte\u0159\u00ed miluj\u00ed sport a r\u00e1di si u\u017e\u00edvaj\u00ed onu v\u016fni v\u00edt\u011bzstv\u00ed. Symbolem v\u016fn\u011b je neporaziteln\u00fd hrdina, kter\u00e9mu ka\u017ed\u00fd podlehne. Je to sportovec t\u011blem i du\u0161\u00ed, kter\u00fd je popisov\u00e1n jako ide\u00e1ln\u00ed mu\u017e. Invictus znamen\u00e1 latinsky \"neporaziteln\u00fd\", v\u016fn\u011b p\u0159edstavuje s\u00edlu, dynamiku a energii. Parf\u00e9m vytvo\u0159ila velmi zn\u00e1m\u00e1 parfum\u00e9rka V\u00e9ronique Nyberg ve spolupr\u00e1ci s dal\u0161\u00edmi renomovan\u00fdmi parfum\u00e9ry. Vytvo\u0159en\u00ed parf\u00e9mu trvalo t\u00e9m\u011b\u0159 dva a p\u016fl roku, ne\u017e mu byla dod\u00e1na fin\u00e1ln\u00ed podoba. Tato smysln\u011b sv\u011b\u017e\u00ed kompozice se velmi li\u0161\u00ed od tradi\u010dn\u00edch p\u00e1nsk\u00fdch v\u016fn\u00ed. Nen\u00ed to ani jemn\u00e1 letn\u00ed v\u016fn\u011b, ani tradi\u010dn\u00ed kol\u00ednsk\u00e1. Paco Rabanne Invictus je strukturovan\u00e1 v\u016fn\u011b s velmi osobit\u00fdm z\u00e1kladem. V\u0161e je ukryto ve flakonu, kter\u00fd p\u0159ipom\u00edn\u00e1 v\u00edt\u011bzn\u00fd poh\u00e1r, jeho\u017e autorem je n\u00e1vrh\u00e1\u0159 C\u00e9dric Ragot. Tv\u00e1\u0159\u00ed kampan\u011b je australsk\u00fd hr\u00e1\u010d rugby Nick Youngguest. P\u0159ivo\u0148te si k v\u016fni v\u00edt\u011bzstv\u00ed s parf\u00e9mem Paco Rabanne Invictus.","robots":{"index":"index","follow":"follow","max-snippet":"max-snippet:-1","max-image-preview":"max-image-preview:large","max-video-preview":"max-video-preview:-1"},"canonical":"https:\/\/shopatoa.com\/cz\/paco-rabanne-invictus-objem-150-ml\/","og_locale":"cs_CZ","og_type":"article","og_title":"Paco Rabanne Invictus Objem: 150 ml | SHOPATOA.COM","og_description":"Sv\u011b\u017e\u00ed aromatick\u00e1 toaletn\u00ed voda\u00a0Paco Rabanne Invictus je v\u011bnovan\u00e1 v\u0161em mu\u017e\u016fm, kte\u0159\u00ed miluj\u00ed sport a r\u00e1di si u\u017e\u00edvaj\u00ed onu v\u016fni v\u00edt\u011bzstv\u00ed. Symbolem v\u016fn\u011b je neporaziteln\u00fd hrdina, kter\u00e9mu ka\u017ed\u00fd podlehne. Je to sportovec t\u011blem i du\u0161\u00ed, kter\u00fd je popisov\u00e1n jako ide\u00e1ln\u00ed mu\u017e. Invictus znamen\u00e1 latinsky \"neporaziteln\u00fd\", v\u016fn\u011b p\u0159edstavuje s\u00edlu, dynamiku a energii. Parf\u00e9m vytvo\u0159ila velmi zn\u00e1m\u00e1 parfum\u00e9rka V\u00e9ronique Nyberg ve spolupr\u00e1ci s dal\u0161\u00edmi renomovan\u00fdmi parfum\u00e9ry. Vytvo\u0159en\u00ed parf\u00e9mu trvalo t\u00e9m\u011b\u0159 dva a p\u016fl roku, ne\u017e mu byla dod\u00e1na fin\u00e1ln\u00ed podoba. Tato smysln\u011b sv\u011b\u017e\u00ed kompozice se velmi li\u0161\u00ed od tradi\u010dn\u00edch p\u00e1nsk\u00fdch v\u016fn\u00ed. Nen\u00ed to ani jemn\u00e1 letn\u00ed v\u016fn\u011b, ani tradi\u010dn\u00ed kol\u00ednsk\u00e1. Paco Rabanne Invictus je strukturovan\u00e1 v\u016fn\u011b s velmi osobit\u00fdm z\u00e1kladem. V\u0161e je ukryto ve flakonu, kter\u00fd p\u0159ipom\u00edn\u00e1 v\u00edt\u011bzn\u00fd poh\u00e1r, jeho\u017e autorem je n\u00e1vrh\u00e1\u0159 C\u00e9dric Ragot. Tv\u00e1\u0159\u00ed kampan\u011b je australsk\u00fd hr\u00e1\u010d rugby Nick Youngguest. P\u0159ivo\u0148te si k v\u016fni v\u00edt\u011bzstv\u00ed s parf\u00e9mem Paco Rabanne Invictus.","og_url":"https:\/\/shopatoa.com\/cz\/paco-rabanne-invictus-objem-150-ml\/","og_site_name":"SHOPATOA","article_modified_time":"2025-03-14T20:46:25+00:00","og_image":[{"width":455,"height":505,"url":"https:\/\/shopatoa.com\/cz\/wp-content\/uploads\/2025\/02\/14281-1_paco-rabanne-invictus-objem-150-ml.jpg","type":"image\/jpeg"}],"twitter_card":"summary_large_image","twitter_misc":{"Odhadovan\u00e1 doba \u010dten\u00ed":"1 minuta"},"schema":{"@context":"https:\/\/schema.org","@graph":[{"@type":"WebPage","@id":"https:\/\/shopatoa.com\/cz\/paco-rabanne-invictus-objem-150-ml\/","url":"https:\/\/shopatoa.com\/cz\/paco-rabanne-invictus-objem-150-ml\/","name":"Paco Rabanne Invictus Objem: 150 ml | SHOPATOA.COM","isPartOf":{"@id":"https:\/\/shopatoa.com\/cz\/#website"},"primaryImageOfPage":{"@id":"https:\/\/shopatoa.com\/cz\/paco-rabanne-invictus-objem-150-ml\/#primaryimage"},"image":{"@id":"https:\/\/shopatoa.com\/cz\/paco-rabanne-invictus-objem-150-ml\/#primaryimage"},"thumbnailUrl":"https:\/\/shopatoa.com\/cz\/wp-content\/uploads\/2025\/02\/14281-1_paco-rabanne-invictus-objem-150-ml.jpg","datePublished":"2025-02-14T16:06:38+00:00","dateModified":"2025-03-14T20:46:25+00:00","description":"Sv\u011b\u017e\u00ed aromatick\u00e1 toaletn\u00ed voda\u00a0Paco Rabanne Invictus je v\u011bnovan\u00e1 v\u0161em mu\u017e\u016fm, kte\u0159\u00ed miluj\u00ed sport a r\u00e1di si u\u017e\u00edvaj\u00ed onu v\u016fni v\u00edt\u011bzstv\u00ed. Symbolem v\u016fn\u011b je neporaziteln\u00fd hrdina, kter\u00e9mu ka\u017ed\u00fd podlehne. Je to sportovec t\u011blem i du\u0161\u00ed, kter\u00fd je popisov\u00e1n jako ide\u00e1ln\u00ed mu\u017e. Invictus znamen\u00e1 latinsky \"neporaziteln\u00fd\", v\u016fn\u011b p\u0159edstavuje s\u00edlu, dynamiku a energii. Parf\u00e9m vytvo\u0159ila velmi zn\u00e1m\u00e1 parfum\u00e9rka V\u00e9ronique Nyberg ve spolupr\u00e1ci s dal\u0161\u00edmi renomovan\u00fdmi parfum\u00e9ry. Vytvo\u0159en\u00ed parf\u00e9mu trvalo t\u00e9m\u011b\u0159 dva a p\u016fl roku, ne\u017e mu byla dod\u00e1na fin\u00e1ln\u00ed podoba. Tato smysln\u011b sv\u011b\u017e\u00ed kompozice se velmi li\u0161\u00ed od tradi\u010dn\u00edch p\u00e1nsk\u00fdch v\u016fn\u00ed. Nen\u00ed to ani jemn\u00e1 letn\u00ed v\u016fn\u011b, ani tradi\u010dn\u00ed kol\u00ednsk\u00e1. Paco Rabanne Invictus je strukturovan\u00e1 v\u016fn\u011b s velmi osobit\u00fdm z\u00e1kladem. V\u0161e je ukryto ve flakonu, kter\u00fd p\u0159ipom\u00edn\u00e1 v\u00edt\u011bzn\u00fd poh\u00e1r, jeho\u017e autorem je n\u00e1vrh\u00e1\u0159 C\u00e9dric Ragot. Tv\u00e1\u0159\u00ed kampan\u011b je australsk\u00fd hr\u00e1\u010d rugby Nick Youngguest. P\u0159ivo\u0148te si k v\u016fni v\u00edt\u011bzstv\u00ed s parf\u00e9mem Paco Rabanne Invictus.","breadcrumb":{"@id":"https:\/\/shopatoa.com\/cz\/paco-rabanne-invictus-objem-150-ml\/#breadcrumb"},"inLanguage":"cs","potentialAction":[{"@type":"ReadAction","target":["https:\/\/shopatoa.com\/cz\/paco-rabanne-invictus-objem-150-ml\/"]}]},{"@type":"ImageObject","inLanguage":"cs","@id":"https:\/\/shopatoa.com\/cz\/paco-rabanne-invictus-objem-150-ml\/#primaryimage","url":"https:\/\/shopatoa.com\/cz\/wp-content\/uploads\/2025\/02\/14281-1_paco-rabanne-invictus-objem-150-ml.jpg","contentUrl":"https:\/\/shopatoa.com\/cz\/wp-content\/uploads\/2025\/02\/14281-1_paco-rabanne-invictus-objem-150-ml.jpg","width":455,"height":505},{"@type":"BreadcrumbList","@id":"https:\/\/shopatoa.com\/cz\/paco-rabanne-invictus-objem-150-ml\/#breadcrumb","itemListElement":[{"@type":"ListItem","position":1,"name":"Dom\u016f","item":"https:\/\/shopatoa.com\/cz\/"},{"@type":"ListItem","position":2,"name":"Produkty","item":"https:\/\/shopatoa.com\/cz\/shop\/"},{"@type":"ListItem","position":3,"name":"Kosmetika a zdrav\u00ed","item":"https:\/\/shopatoa.com\/cz\/kosmetika-a-zdravi\/"},{"@type":"ListItem","position":4,"name":"Paco Rabanne Invictus Objem: 150 ml"}]},{"@type":"WebSite","@id":"https:\/\/shopatoa.com\/cz\/#website","url":"https:\/\/shopatoa.com\/cz\/","name":"SHOPATOA","description":"","publisher":{"@id":"https:\/\/shopatoa.com\/cz\/#organization"},"potentialAction":[{"@type":"SearchAction","target":{"@type":"EntryPoint","urlTemplate":"https:\/\/shopatoa.com\/cz\/?s={search_term_string}"},"query-input":{"@type":"PropertyValueSpecification","valueRequired":true,"valueName":"search_term_string"}}],"inLanguage":"cs"},{"@type":"Organization","@id":"https:\/\/shopatoa.com\/cz\/#organization","name":"SHOPATOA Digital s.r.o.","url":"https:\/\/shopatoa.com\/cz\/","logo":{"@type":"ImageObject","inLanguage":"cs","@id":"https:\/\/shopatoa.com\/cz\/#\/schema\/logo\/image\/","url":"https:\/\/storage.googleapis.com\/cz-shopatoa-img\/cz\/ebccf434-shopatoa_logo.png","contentUrl":"https:\/\/storage.googleapis.com\/cz-shopatoa-img\/cz\/ebccf434-shopatoa_logo.png","width":416,"height":63,"caption":"SHOPATOA Digital s.r.o."},"image":{"@id":"https:\/\/shopatoa.com\/cz\/#\/schema\/logo\/image\/"}}]}},"_links":{"self":[{"href":"https:\/\/shopatoa.com\/cz\/wp-json\/wp\/v2\/product\/129863","targetHints":{"allow":["GET"]}}],"collection":[{"href":"https:\/\/shopatoa.com\/cz\/wp-json\/wp\/v2\/product"}],"about":[{"href":"https:\/\/shopatoa.com\/cz\/wp-json\/wp\/v2\/types\/product"}],"replies":[{"embeddable":true,"href":"https:\/\/shopatoa.com\/cz\/wp-json\/wp\/v2\/comments?post=129863"}],"wp:featuredmedia":[{"embeddable":true,"href":"https:\/\/shopatoa.com\/cz\/wp-json\/wp\/v2\/media\/129864"}],"wp:attachment":[{"href":"https:\/\/shopatoa.com\/cz\/wp-json\/wp\/v2\/media?parent=129863"}],"wp:term":[{"taxonomy":"product_brand","embeddable":true,"href":"https:\/\/shopatoa.com\/cz\/wp-json\/wp\/v2\/product_brand?post=129863"},{"taxonomy":"product_cat","embeddable":true,"href":"https:\/\/shopatoa.com\/cz\/wp-json\/wp\/v2\/product_cat?post=129863"},{"taxonomy":"product_tag","embeddable":true,"href":"https:\/\/shopatoa.com\/cz\/wp-json\/wp\/v2\/product_tag?post=129863"}],"curies":[{"name":"wp","href":"https:\/\/api.w.org\/{rel}","templated":true}]}}