{"id":129865,"date":"2025-02-14T17:06:38","date_gmt":"2025-02-14T16:06:38","guid":{"rendered":"https:\/\/shopatoa.com\/cz\/prada-paradoxe-objem-50-ml\/"},"modified":"2025-03-14T21:46:28","modified_gmt":"2025-03-14T20:46:28","slug":"prada-paradoxe-objem-50-ml","status":"publish","type":"product","link":"https:\/\/shopatoa.com\/cz\/prada-paradoxe-objem-50-ml\/","title":{"rendered":"Prada Paradoxe Objem: 50 ml"},"content":{"rendered":"<p>Prada v\u00e1s zve na cestu k po\u010d\u00e1tk\u016fm \u017eenskosti a k objevov\u00e1n\u00ed nov\u00fdch \u010dichov\u00fdch vjem\u016f. Parf\u00e9movan\u00e1 voda Prada\u00a0Paradoxe\u00a0vyvinut\u00e1 francouzsk\u00fdmi mistry parfum\u00e9ry, je synonymem klasiky a avantgardy. V\u016fn\u011b kombinuje ikonick\u00e9 a paradoxn\u00ed akordy a vytv\u00e1\u0159\u00ed modern\u00ed kompozici, kter\u00e1 evokuje esenci mnohorozm\u011brn\u00e9 \u017eensk\u00e9 povahy.<br \/>\n Paradoxy ikonick\u00fdch ingredienc\u00ed odhaluj\u00ed nov\u00fd z\u00e1\u017eitek z dlouhotrvaj\u00edc\u00ed v\u016fn\u011b, kter\u00e1 v\u00e1s prov\u00e1z\u00ed po cel\u00fd den. Sv\u011b\u017eest s prvn\u00ed extrakc\u00ed pupen\u016f neroli pro zna\u010dku Prada, kter\u00e1 zachycuje v\u016fni kv\u011btu neroli a jeho kv\u011btinov\u00fd a sv\u011b\u017e\u00ed rozm\u011br. Smyslnosti d\u00edky pou\u017eit\u00ed Ambrofixu\u2122, kter\u00fd odhaluje z\u00e1\u0159ivou h\u0159ejivost. Tento bio-konvertovan\u00fd jantar, p\u0159irozen\u011b z\u00edskan\u00fd z cukrov\u00e9 t\u0159tiny, vy\u017eaduje 100kr\u00e1t m\u00e9n\u011b zem\u011bd\u011blsk\u00e9 p\u016fdy ne\u017e ten tradi\u010dn\u00ed.Intenzita v podob\u011b nov\u00e9 revolu\u010dn\u00ed a obnoviteln\u00e9 molekule pi\u017ema: Serenolide\u2122. Jedn\u00e1 se o jednu z nejroz\u0161\u00ed\u0159en\u011bj\u0161\u00edch molekul pi\u017ema na sv\u011bt\u011b pro intenzivn\u00ed, a p\u0159esto jemnou a p\u0159\u00edjemnou v\u016fni patrnou hned od za\u010d\u00e1tku.<br \/>\n Cel\u00e1 \u0159ada Prada Paradoxe je opakovan\u011b doplniteln\u00e1, co\u017e umo\u017e\u0148uje sn\u00ed\u017eit mno\u017estv\u00ed obalov\u00e9ho materi\u00e1lu. M\u00edrn\u011b sklon\u011bn\u00fd troj\u00faheln\u00edkov\u00fd plniteln\u00fd flakon vytv\u00e1\u0159\u00ed estetick\u00fd prav\u00fd \u00fahel. Smysln\u00e1 kor\u00e1lov\u00e1 barva kontrastuje se syt\u011b \u010dernou barvou loga Prada. Velmi \u017eensk\u00fd a rozpoznateln\u00fd flakon je zakon\u010den zlatou pumpi\u010dkou s \u010dern\u00fdm uz\u00e1v\u011brem.<br \/>\n V\u016fn\u011b Prada Paradoxe byla uvedena na trh v roce 2022.<\/p>\n","protected":false},"excerpt":{"rendered":"<p>Prada v\u00e1s zve na cestu k po\u010d\u00e1tk\u016fm \u017eenskosti a k objevov\u00e1n\u00ed nov\u00fdch \u010dichov\u00fdch vjem\u016f. Parf\u00e9movan\u00e1 voda Prada\u00a0Paradoxe\u00a0vyvinut\u00e1 francouzsk\u00fdmi mistry parfum\u00e9ry, je synonymem klasiky a avantgardy. V\u016fn\u011b kombinuje ikonick\u00e9 a paradoxn\u00ed akordy a vytv\u00e1\u0159\u00ed modern\u00ed kompozici, kter\u00e1 evokuje esenci mnohorozm\u011brn\u00e9 \u017eensk\u00e9 povahy. Paradoxy ikonick\u00fdch ingredienc\u00ed odhaluj\u00ed nov\u00fd z\u00e1\u017eitek z dlouhotrvaj\u00edc\u00ed v\u016fn\u011b, kter\u00e1 v\u00e1s prov\u00e1z\u00ed po cel\u00fd&#8230;<\/p>\n","protected":false},"featured_media":129866,"comment_status":"closed","ping_status":"open","template":"","meta":{"_acf_changed":false,"_kadence_starter_templates_imported_post":false,"_kad_post_transparent":"","_kad_post_title":"","_kad_post_layout":"","_kad_post_sidebar_id":"","_kad_post_content_style":"","_kad_post_vertical_padding":"","_kad_post_feature":"","_kad_post_feature_position":"","_kad_post_header":false,"_kad_post_footer":false,"_kad_post_classname":""},"product_brand":[],"product_cat":[98],"product_tag":[],"class_list":{"0":"post-129865","1":"product","2":"type-product","3":"status-publish","4":"has-post-thumbnail","6":"product_cat-kosmetika-a-zdravi","7":"pa_obchod-krasnevune-cz","8":"pa_pohlavi-zena","10":"first","11":"instock","12":"product-type-external","13":"entry","14":"content-bg","15":"loop-entry"},"acf":[],"yoast_head":"<!-- This site is optimized with the Yoast SEO plugin v27.4 - https:\/\/yoast.com\/product\/yoast-seo-wordpress\/ -->\n<title>Prada Paradoxe Objem: 50 ml | SHOPATOA.COM<\/title>\n<meta name=\"description\" content=\"Prada v\u00e1s zve na cestu k po\u010d\u00e1tk\u016fm \u017eenskosti a k objevov\u00e1n\u00ed nov\u00fdch \u010dichov\u00fdch vjem\u016f. Parf\u00e9movan\u00e1 voda Prada\u00a0Paradoxe\u00a0vyvinut\u00e1 francouzsk\u00fdmi mistry parfum\u00e9ry, je synonymem klasiky a avantgardy. V\u016fn\u011b kombinuje ikonick\u00e9 a paradoxn\u00ed akordy a vytv\u00e1\u0159\u00ed modern\u00ed kompozici, kter\u00e1 evokuje esenci mnohorozm\u011brn\u00e9 \u017eensk\u00e9 povahy. Paradoxy ikonick\u00fdch ingredienc\u00ed odhaluj\u00ed nov\u00fd z\u00e1\u017eitek z dlouhotrvaj\u00edc\u00ed v\u016fn\u011b, kter\u00e1 v\u00e1s prov\u00e1z\u00ed po cel\u00fd den. Sv\u011b\u017eest s prvn\u00ed extrakc\u00ed pupen\u016f neroli pro zna\u010dku Prada, kter\u00e1 zachycuje v\u016fni kv\u011btu neroli a jeho kv\u011btinov\u00fd a sv\u011b\u017e\u00ed rozm\u011br. Smyslnosti d\u00edky pou\u017eit\u00ed Ambrofixu\u2122, kter\u00fd odhaluje z\u00e1\u0159ivou h\u0159ejivost. Tento bio-konvertovan\u00fd jantar, p\u0159irozen\u011b z\u00edskan\u00fd z cukrov\u00e9 t\u0159tiny, vy\u017eaduje 100kr\u00e1t m\u00e9n\u011b zem\u011bd\u011blsk\u00e9 p\u016fdy ne\u017e ten tradi\u010dn\u00ed.Intenzita v podob\u011b nov\u00e9 revolu\u010dn\u00ed a obnoviteln\u00e9 molekule pi\u017ema: Serenolide\u2122. Jedn\u00e1 se o jednu z nejroz\u0161\u00ed\u0159en\u011bj\u0161\u00edch molekul pi\u017ema na sv\u011bt\u011b pro intenzivn\u00ed, a p\u0159esto jemnou a p\u0159\u00edjemnou v\u016fni patrnou hned od za\u010d\u00e1tku. Cel\u00e1 \u0159ada Prada Paradoxe je opakovan\u011b doplniteln\u00e1, co\u017e umo\u017e\u0148uje sn\u00ed\u017eit mno\u017estv\u00ed obalov\u00e9ho materi\u00e1lu. M\u00edrn\u011b sklon\u011bn\u00fd troj\u00faheln\u00edkov\u00fd plniteln\u00fd flakon vytv\u00e1\u0159\u00ed estetick\u00fd prav\u00fd \u00fahel. Smysln\u00e1 kor\u00e1lov\u00e1 barva kontrastuje se syt\u011b \u010dernou barvou loga Prada. Velmi \u017eensk\u00fd a rozpoznateln\u00fd flakon je zakon\u010den zlatou pumpi\u010dkou s \u010dern\u00fdm uz\u00e1v\u011brem. V\u016fn\u011b Prada Paradoxe byla uvedena na trh v roce 2022.\" \/>\n<meta name=\"robots\" content=\"index, follow, max-snippet:-1, max-image-preview:large, max-video-preview:-1\" \/>\n<link rel=\"canonical\" href=\"https:\/\/shopatoa.com\/cz\/prada-paradoxe-objem-50-ml\/\" \/>\n<meta property=\"og:locale\" content=\"cs_CZ\" \/>\n<meta property=\"og:type\" content=\"article\" \/>\n<meta property=\"og:title\" content=\"Prada Paradoxe Objem: 50 ml | SHOPATOA.COM\" \/>\n<meta property=\"og:description\" content=\"Prada v\u00e1s zve na cestu k po\u010d\u00e1tk\u016fm \u017eenskosti a k objevov\u00e1n\u00ed nov\u00fdch \u010dichov\u00fdch vjem\u016f. Parf\u00e9movan\u00e1 voda Prada\u00a0Paradoxe\u00a0vyvinut\u00e1 francouzsk\u00fdmi mistry parfum\u00e9ry, je synonymem klasiky a avantgardy. V\u016fn\u011b kombinuje ikonick\u00e9 a paradoxn\u00ed akordy a vytv\u00e1\u0159\u00ed modern\u00ed kompozici, kter\u00e1 evokuje esenci mnohorozm\u011brn\u00e9 \u017eensk\u00e9 povahy. Paradoxy ikonick\u00fdch ingredienc\u00ed odhaluj\u00ed nov\u00fd z\u00e1\u017eitek z dlouhotrvaj\u00edc\u00ed v\u016fn\u011b, kter\u00e1 v\u00e1s prov\u00e1z\u00ed po cel\u00fd den. Sv\u011b\u017eest s prvn\u00ed extrakc\u00ed pupen\u016f neroli pro zna\u010dku Prada, kter\u00e1 zachycuje v\u016fni kv\u011btu neroli a jeho kv\u011btinov\u00fd a sv\u011b\u017e\u00ed rozm\u011br. Smyslnosti d\u00edky pou\u017eit\u00ed Ambrofixu\u2122, kter\u00fd odhaluje z\u00e1\u0159ivou h\u0159ejivost. Tento bio-konvertovan\u00fd jantar, p\u0159irozen\u011b z\u00edskan\u00fd z cukrov\u00e9 t\u0159tiny, vy\u017eaduje 100kr\u00e1t m\u00e9n\u011b zem\u011bd\u011blsk\u00e9 p\u016fdy ne\u017e ten tradi\u010dn\u00ed.Intenzita v podob\u011b nov\u00e9 revolu\u010dn\u00ed a obnoviteln\u00e9 molekule pi\u017ema: Serenolide\u2122. Jedn\u00e1 se o jednu z nejroz\u0161\u00ed\u0159en\u011bj\u0161\u00edch molekul pi\u017ema na sv\u011bt\u011b pro intenzivn\u00ed, a p\u0159esto jemnou a p\u0159\u00edjemnou v\u016fni patrnou hned od za\u010d\u00e1tku. Cel\u00e1 \u0159ada Prada Paradoxe je opakovan\u011b doplniteln\u00e1, co\u017e umo\u017e\u0148uje sn\u00ed\u017eit mno\u017estv\u00ed obalov\u00e9ho materi\u00e1lu. M\u00edrn\u011b sklon\u011bn\u00fd troj\u00faheln\u00edkov\u00fd plniteln\u00fd flakon vytv\u00e1\u0159\u00ed estetick\u00fd prav\u00fd \u00fahel. Smysln\u00e1 kor\u00e1lov\u00e1 barva kontrastuje se syt\u011b \u010dernou barvou loga Prada. Velmi \u017eensk\u00fd a rozpoznateln\u00fd flakon je zakon\u010den zlatou pumpi\u010dkou s \u010dern\u00fdm uz\u00e1v\u011brem. V\u016fn\u011b Prada Paradoxe byla uvedena na trh v roce 2022.\" \/>\n<meta property=\"og:url\" content=\"https:\/\/shopatoa.com\/cz\/prada-paradoxe-objem-50-ml\/\" \/>\n<meta property=\"og:site_name\" content=\"SHOPATOA\" \/>\n<meta property=\"article:modified_time\" content=\"2025-03-14T20:46:28+00:00\" \/>\n<meta property=\"og:image\" content=\"https:\/\/shopatoa.com\/cz\/wp-content\/uploads\/2025\/02\/14287-1_prada-paradoxe-objem-50-ml.jpg\" \/>\n\t<meta property=\"og:image:width\" content=\"455\" \/>\n\t<meta property=\"og:image:height\" content=\"505\" \/>\n\t<meta property=\"og:image:type\" content=\"image\/jpeg\" \/>\n<meta name=\"twitter:card\" content=\"summary_large_image\" \/>\n<meta name=\"twitter:label1\" content=\"Odhadovan\u00e1 doba \u010dten\u00ed\" \/>\n\t<meta name=\"twitter:data1\" content=\"1 minuta\" \/>\n<script type=\"application\/ld+json\" class=\"yoast-schema-graph\">{\"@context\":\"https:\\\/\\\/schema.org\",\"@graph\":[{\"@type\":\"WebPage\",\"@id\":\"https:\\\/\\\/shopatoa.com\\\/cz\\\/prada-paradoxe-objem-50-ml\\\/\",\"url\":\"https:\\\/\\\/shopatoa.com\\\/cz\\\/prada-paradoxe-objem-50-ml\\\/\",\"name\":\"Prada Paradoxe Objem: 50 ml | SHOPATOA.COM\",\"isPartOf\":{\"@id\":\"https:\\\/\\\/shopatoa.com\\\/cz\\\/#website\"},\"primaryImageOfPage\":{\"@id\":\"https:\\\/\\\/shopatoa.com\\\/cz\\\/prada-paradoxe-objem-50-ml\\\/#primaryimage\"},\"image\":{\"@id\":\"https:\\\/\\\/shopatoa.com\\\/cz\\\/prada-paradoxe-objem-50-ml\\\/#primaryimage\"},\"thumbnailUrl\":\"https:\\\/\\\/shopatoa.com\\\/cz\\\/wp-content\\\/uploads\\\/2025\\\/02\\\/14287-1_prada-paradoxe-objem-50-ml.jpg\",\"datePublished\":\"2025-02-14T16:06:38+00:00\",\"dateModified\":\"2025-03-14T20:46:28+00:00\",\"description\":\"Prada v\u00e1s zve na cestu k po\u010d\u00e1tk\u016fm \u017eenskosti a k objevov\u00e1n\u00ed nov\u00fdch \u010dichov\u00fdch vjem\u016f. Parf\u00e9movan\u00e1 voda Prada\u00a0Paradoxe\u00a0vyvinut\u00e1 francouzsk\u00fdmi mistry parfum\u00e9ry, je synonymem klasiky a avantgardy. V\u016fn\u011b kombinuje ikonick\u00e9 a paradoxn\u00ed akordy a vytv\u00e1\u0159\u00ed modern\u00ed kompozici, kter\u00e1 evokuje esenci mnohorozm\u011brn\u00e9 \u017eensk\u00e9 povahy. Paradoxy ikonick\u00fdch ingredienc\u00ed odhaluj\u00ed nov\u00fd z\u00e1\u017eitek z dlouhotrvaj\u00edc\u00ed v\u016fn\u011b, kter\u00e1 v\u00e1s prov\u00e1z\u00ed po cel\u00fd den. Sv\u011b\u017eest s prvn\u00ed extrakc\u00ed pupen\u016f neroli pro zna\u010dku Prada, kter\u00e1 zachycuje v\u016fni kv\u011btu neroli a jeho kv\u011btinov\u00fd a sv\u011b\u017e\u00ed rozm\u011br. Smyslnosti d\u00edky pou\u017eit\u00ed Ambrofixu\u2122, kter\u00fd odhaluje z\u00e1\u0159ivou h\u0159ejivost. Tento bio-konvertovan\u00fd jantar, p\u0159irozen\u011b z\u00edskan\u00fd z cukrov\u00e9 t\u0159tiny, vy\u017eaduje 100kr\u00e1t m\u00e9n\u011b zem\u011bd\u011blsk\u00e9 p\u016fdy ne\u017e ten tradi\u010dn\u00ed.Intenzita v podob\u011b nov\u00e9 revolu\u010dn\u00ed a obnoviteln\u00e9 molekule pi\u017ema: Serenolide\u2122. Jedn\u00e1 se o jednu z nejroz\u0161\u00ed\u0159en\u011bj\u0161\u00edch molekul pi\u017ema na sv\u011bt\u011b pro intenzivn\u00ed, a p\u0159esto jemnou a p\u0159\u00edjemnou v\u016fni patrnou hned od za\u010d\u00e1tku. Cel\u00e1 \u0159ada Prada Paradoxe je opakovan\u011b doplniteln\u00e1, co\u017e umo\u017e\u0148uje sn\u00ed\u017eit mno\u017estv\u00ed obalov\u00e9ho materi\u00e1lu. M\u00edrn\u011b sklon\u011bn\u00fd troj\u00faheln\u00edkov\u00fd plniteln\u00fd flakon vytv\u00e1\u0159\u00ed estetick\u00fd prav\u00fd \u00fahel. Smysln\u00e1 kor\u00e1lov\u00e1 barva kontrastuje se syt\u011b \u010dernou barvou loga Prada. Velmi \u017eensk\u00fd a rozpoznateln\u00fd flakon je zakon\u010den zlatou pumpi\u010dkou s \u010dern\u00fdm uz\u00e1v\u011brem. V\u016fn\u011b Prada Paradoxe byla uvedena na trh v roce 2022.\",\"breadcrumb\":{\"@id\":\"https:\\\/\\\/shopatoa.com\\\/cz\\\/prada-paradoxe-objem-50-ml\\\/#breadcrumb\"},\"inLanguage\":\"cs\",\"potentialAction\":[{\"@type\":\"ReadAction\",\"target\":[\"https:\\\/\\\/shopatoa.com\\\/cz\\\/prada-paradoxe-objem-50-ml\\\/\"]}]},{\"@type\":\"ImageObject\",\"inLanguage\":\"cs\",\"@id\":\"https:\\\/\\\/shopatoa.com\\\/cz\\\/prada-paradoxe-objem-50-ml\\\/#primaryimage\",\"url\":\"https:\\\/\\\/shopatoa.com\\\/cz\\\/wp-content\\\/uploads\\\/2025\\\/02\\\/14287-1_prada-paradoxe-objem-50-ml.jpg\",\"contentUrl\":\"https:\\\/\\\/shopatoa.com\\\/cz\\\/wp-content\\\/uploads\\\/2025\\\/02\\\/14287-1_prada-paradoxe-objem-50-ml.jpg\",\"width\":455,\"height\":505},{\"@type\":\"BreadcrumbList\",\"@id\":\"https:\\\/\\\/shopatoa.com\\\/cz\\\/prada-paradoxe-objem-50-ml\\\/#breadcrumb\",\"itemListElement\":[{\"@type\":\"ListItem\",\"position\":1,\"name\":\"Dom\u016f\",\"item\":\"https:\\\/\\\/shopatoa.com\\\/cz\\\/\"},{\"@type\":\"ListItem\",\"position\":2,\"name\":\"Produkty\",\"item\":\"https:\\\/\\\/shopatoa.com\\\/cz\\\/shop\\\/\"},{\"@type\":\"ListItem\",\"position\":3,\"name\":\"Kosmetika a zdrav\u00ed\",\"item\":\"https:\\\/\\\/shopatoa.com\\\/cz\\\/kosmetika-a-zdravi\\\/\"},{\"@type\":\"ListItem\",\"position\":4,\"name\":\"Prada Paradoxe Objem: 50 ml\"}]},{\"@type\":\"WebSite\",\"@id\":\"https:\\\/\\\/shopatoa.com\\\/cz\\\/#website\",\"url\":\"https:\\\/\\\/shopatoa.com\\\/cz\\\/\",\"name\":\"SHOPATOA\",\"description\":\"\",\"publisher\":{\"@id\":\"https:\\\/\\\/shopatoa.com\\\/cz\\\/#organization\"},\"potentialAction\":[{\"@type\":\"SearchAction\",\"target\":{\"@type\":\"EntryPoint\",\"urlTemplate\":\"https:\\\/\\\/shopatoa.com\\\/cz\\\/?s={search_term_string}\"},\"query-input\":{\"@type\":\"PropertyValueSpecification\",\"valueRequired\":true,\"valueName\":\"search_term_string\"}}],\"inLanguage\":\"cs\"},{\"@type\":\"Organization\",\"@id\":\"https:\\\/\\\/shopatoa.com\\\/cz\\\/#organization\",\"name\":\"SHOPATOA Digital s.r.o.\",\"url\":\"https:\\\/\\\/shopatoa.com\\\/cz\\\/\",\"logo\":{\"@type\":\"ImageObject\",\"inLanguage\":\"cs\",\"@id\":\"https:\\\/\\\/shopatoa.com\\\/cz\\\/#\\\/schema\\\/logo\\\/image\\\/\",\"url\":\"https:\\\/\\\/storage.googleapis.com\\\/cz-shopatoa-img\\\/cz\\\/ebccf434-shopatoa_logo.png\",\"contentUrl\":\"https:\\\/\\\/storage.googleapis.com\\\/cz-shopatoa-img\\\/cz\\\/ebccf434-shopatoa_logo.png\",\"width\":416,\"height\":63,\"caption\":\"SHOPATOA Digital s.r.o.\"},\"image\":{\"@id\":\"https:\\\/\\\/shopatoa.com\\\/cz\\\/#\\\/schema\\\/logo\\\/image\\\/\"}}]}<\/script>\n<!-- \/ Yoast SEO plugin. -->","yoast_head_json":{"title":"Prada Paradoxe Objem: 50 ml | SHOPATOA.COM","description":"Prada v\u00e1s zve na cestu k po\u010d\u00e1tk\u016fm \u017eenskosti a k objevov\u00e1n\u00ed nov\u00fdch \u010dichov\u00fdch vjem\u016f. Parf\u00e9movan\u00e1 voda Prada\u00a0Paradoxe\u00a0vyvinut\u00e1 francouzsk\u00fdmi mistry parfum\u00e9ry, je synonymem klasiky a avantgardy. V\u016fn\u011b kombinuje ikonick\u00e9 a paradoxn\u00ed akordy a vytv\u00e1\u0159\u00ed modern\u00ed kompozici, kter\u00e1 evokuje esenci mnohorozm\u011brn\u00e9 \u017eensk\u00e9 povahy. Paradoxy ikonick\u00fdch ingredienc\u00ed odhaluj\u00ed nov\u00fd z\u00e1\u017eitek z dlouhotrvaj\u00edc\u00ed v\u016fn\u011b, kter\u00e1 v\u00e1s prov\u00e1z\u00ed po cel\u00fd den. Sv\u011b\u017eest s prvn\u00ed extrakc\u00ed pupen\u016f neroli pro zna\u010dku Prada, kter\u00e1 zachycuje v\u016fni kv\u011btu neroli a jeho kv\u011btinov\u00fd a sv\u011b\u017e\u00ed rozm\u011br. Smyslnosti d\u00edky pou\u017eit\u00ed Ambrofixu\u2122, kter\u00fd odhaluje z\u00e1\u0159ivou h\u0159ejivost. Tento bio-konvertovan\u00fd jantar, p\u0159irozen\u011b z\u00edskan\u00fd z cukrov\u00e9 t\u0159tiny, vy\u017eaduje 100kr\u00e1t m\u00e9n\u011b zem\u011bd\u011blsk\u00e9 p\u016fdy ne\u017e ten tradi\u010dn\u00ed.Intenzita v podob\u011b nov\u00e9 revolu\u010dn\u00ed a obnoviteln\u00e9 molekule pi\u017ema: Serenolide\u2122. Jedn\u00e1 se o jednu z nejroz\u0161\u00ed\u0159en\u011bj\u0161\u00edch molekul pi\u017ema na sv\u011bt\u011b pro intenzivn\u00ed, a p\u0159esto jemnou a p\u0159\u00edjemnou v\u016fni patrnou hned od za\u010d\u00e1tku. Cel\u00e1 \u0159ada Prada Paradoxe je opakovan\u011b doplniteln\u00e1, co\u017e umo\u017e\u0148uje sn\u00ed\u017eit mno\u017estv\u00ed obalov\u00e9ho materi\u00e1lu. M\u00edrn\u011b sklon\u011bn\u00fd troj\u00faheln\u00edkov\u00fd plniteln\u00fd flakon vytv\u00e1\u0159\u00ed estetick\u00fd prav\u00fd \u00fahel. Smysln\u00e1 kor\u00e1lov\u00e1 barva kontrastuje se syt\u011b \u010dernou barvou loga Prada. Velmi \u017eensk\u00fd a rozpoznateln\u00fd flakon je zakon\u010den zlatou pumpi\u010dkou s \u010dern\u00fdm uz\u00e1v\u011brem. V\u016fn\u011b Prada Paradoxe byla uvedena na trh v roce 2022.","robots":{"index":"index","follow":"follow","max-snippet":"max-snippet:-1","max-image-preview":"max-image-preview:large","max-video-preview":"max-video-preview:-1"},"canonical":"https:\/\/shopatoa.com\/cz\/prada-paradoxe-objem-50-ml\/","og_locale":"cs_CZ","og_type":"article","og_title":"Prada Paradoxe Objem: 50 ml | SHOPATOA.COM","og_description":"Prada v\u00e1s zve na cestu k po\u010d\u00e1tk\u016fm \u017eenskosti a k objevov\u00e1n\u00ed nov\u00fdch \u010dichov\u00fdch vjem\u016f. Parf\u00e9movan\u00e1 voda Prada\u00a0Paradoxe\u00a0vyvinut\u00e1 francouzsk\u00fdmi mistry parfum\u00e9ry, je synonymem klasiky a avantgardy. V\u016fn\u011b kombinuje ikonick\u00e9 a paradoxn\u00ed akordy a vytv\u00e1\u0159\u00ed modern\u00ed kompozici, kter\u00e1 evokuje esenci mnohorozm\u011brn\u00e9 \u017eensk\u00e9 povahy. Paradoxy ikonick\u00fdch ingredienc\u00ed odhaluj\u00ed nov\u00fd z\u00e1\u017eitek z dlouhotrvaj\u00edc\u00ed v\u016fn\u011b, kter\u00e1 v\u00e1s prov\u00e1z\u00ed po cel\u00fd den. Sv\u011b\u017eest s prvn\u00ed extrakc\u00ed pupen\u016f neroli pro zna\u010dku Prada, kter\u00e1 zachycuje v\u016fni kv\u011btu neroli a jeho kv\u011btinov\u00fd a sv\u011b\u017e\u00ed rozm\u011br. Smyslnosti d\u00edky pou\u017eit\u00ed Ambrofixu\u2122, kter\u00fd odhaluje z\u00e1\u0159ivou h\u0159ejivost. Tento bio-konvertovan\u00fd jantar, p\u0159irozen\u011b z\u00edskan\u00fd z cukrov\u00e9 t\u0159tiny, vy\u017eaduje 100kr\u00e1t m\u00e9n\u011b zem\u011bd\u011blsk\u00e9 p\u016fdy ne\u017e ten tradi\u010dn\u00ed.Intenzita v podob\u011b nov\u00e9 revolu\u010dn\u00ed a obnoviteln\u00e9 molekule pi\u017ema: Serenolide\u2122. Jedn\u00e1 se o jednu z nejroz\u0161\u00ed\u0159en\u011bj\u0161\u00edch molekul pi\u017ema na sv\u011bt\u011b pro intenzivn\u00ed, a p\u0159esto jemnou a p\u0159\u00edjemnou v\u016fni patrnou hned od za\u010d\u00e1tku. Cel\u00e1 \u0159ada Prada Paradoxe je opakovan\u011b doplniteln\u00e1, co\u017e umo\u017e\u0148uje sn\u00ed\u017eit mno\u017estv\u00ed obalov\u00e9ho materi\u00e1lu. M\u00edrn\u011b sklon\u011bn\u00fd troj\u00faheln\u00edkov\u00fd plniteln\u00fd flakon vytv\u00e1\u0159\u00ed estetick\u00fd prav\u00fd \u00fahel. Smysln\u00e1 kor\u00e1lov\u00e1 barva kontrastuje se syt\u011b \u010dernou barvou loga Prada. Velmi \u017eensk\u00fd a rozpoznateln\u00fd flakon je zakon\u010den zlatou pumpi\u010dkou s \u010dern\u00fdm uz\u00e1v\u011brem. V\u016fn\u011b Prada Paradoxe byla uvedena na trh v roce 2022.","og_url":"https:\/\/shopatoa.com\/cz\/prada-paradoxe-objem-50-ml\/","og_site_name":"SHOPATOA","article_modified_time":"2025-03-14T20:46:28+00:00","og_image":[{"width":455,"height":505,"url":"https:\/\/shopatoa.com\/cz\/wp-content\/uploads\/2025\/02\/14287-1_prada-paradoxe-objem-50-ml.jpg","type":"image\/jpeg"}],"twitter_card":"summary_large_image","twitter_misc":{"Odhadovan\u00e1 doba \u010dten\u00ed":"1 minuta"},"schema":{"@context":"https:\/\/schema.org","@graph":[{"@type":"WebPage","@id":"https:\/\/shopatoa.com\/cz\/prada-paradoxe-objem-50-ml\/","url":"https:\/\/shopatoa.com\/cz\/prada-paradoxe-objem-50-ml\/","name":"Prada Paradoxe Objem: 50 ml | SHOPATOA.COM","isPartOf":{"@id":"https:\/\/shopatoa.com\/cz\/#website"},"primaryImageOfPage":{"@id":"https:\/\/shopatoa.com\/cz\/prada-paradoxe-objem-50-ml\/#primaryimage"},"image":{"@id":"https:\/\/shopatoa.com\/cz\/prada-paradoxe-objem-50-ml\/#primaryimage"},"thumbnailUrl":"https:\/\/shopatoa.com\/cz\/wp-content\/uploads\/2025\/02\/14287-1_prada-paradoxe-objem-50-ml.jpg","datePublished":"2025-02-14T16:06:38+00:00","dateModified":"2025-03-14T20:46:28+00:00","description":"Prada v\u00e1s zve na cestu k po\u010d\u00e1tk\u016fm \u017eenskosti a k objevov\u00e1n\u00ed nov\u00fdch \u010dichov\u00fdch vjem\u016f. Parf\u00e9movan\u00e1 voda Prada\u00a0Paradoxe\u00a0vyvinut\u00e1 francouzsk\u00fdmi mistry parfum\u00e9ry, je synonymem klasiky a avantgardy. V\u016fn\u011b kombinuje ikonick\u00e9 a paradoxn\u00ed akordy a vytv\u00e1\u0159\u00ed modern\u00ed kompozici, kter\u00e1 evokuje esenci mnohorozm\u011brn\u00e9 \u017eensk\u00e9 povahy. Paradoxy ikonick\u00fdch ingredienc\u00ed odhaluj\u00ed nov\u00fd z\u00e1\u017eitek z dlouhotrvaj\u00edc\u00ed v\u016fn\u011b, kter\u00e1 v\u00e1s prov\u00e1z\u00ed po cel\u00fd den. Sv\u011b\u017eest s prvn\u00ed extrakc\u00ed pupen\u016f neroli pro zna\u010dku Prada, kter\u00e1 zachycuje v\u016fni kv\u011btu neroli a jeho kv\u011btinov\u00fd a sv\u011b\u017e\u00ed rozm\u011br. Smyslnosti d\u00edky pou\u017eit\u00ed Ambrofixu\u2122, kter\u00fd odhaluje z\u00e1\u0159ivou h\u0159ejivost. Tento bio-konvertovan\u00fd jantar, p\u0159irozen\u011b z\u00edskan\u00fd z cukrov\u00e9 t\u0159tiny, vy\u017eaduje 100kr\u00e1t m\u00e9n\u011b zem\u011bd\u011blsk\u00e9 p\u016fdy ne\u017e ten tradi\u010dn\u00ed.Intenzita v podob\u011b nov\u00e9 revolu\u010dn\u00ed a obnoviteln\u00e9 molekule pi\u017ema: Serenolide\u2122. Jedn\u00e1 se o jednu z nejroz\u0161\u00ed\u0159en\u011bj\u0161\u00edch molekul pi\u017ema na sv\u011bt\u011b pro intenzivn\u00ed, a p\u0159esto jemnou a p\u0159\u00edjemnou v\u016fni patrnou hned od za\u010d\u00e1tku. Cel\u00e1 \u0159ada Prada Paradoxe je opakovan\u011b doplniteln\u00e1, co\u017e umo\u017e\u0148uje sn\u00ed\u017eit mno\u017estv\u00ed obalov\u00e9ho materi\u00e1lu. M\u00edrn\u011b sklon\u011bn\u00fd troj\u00faheln\u00edkov\u00fd plniteln\u00fd flakon vytv\u00e1\u0159\u00ed estetick\u00fd prav\u00fd \u00fahel. Smysln\u00e1 kor\u00e1lov\u00e1 barva kontrastuje se syt\u011b \u010dernou barvou loga Prada. Velmi \u017eensk\u00fd a rozpoznateln\u00fd flakon je zakon\u010den zlatou pumpi\u010dkou s \u010dern\u00fdm uz\u00e1v\u011brem. V\u016fn\u011b Prada Paradoxe byla uvedena na trh v roce 2022.","breadcrumb":{"@id":"https:\/\/shopatoa.com\/cz\/prada-paradoxe-objem-50-ml\/#breadcrumb"},"inLanguage":"cs","potentialAction":[{"@type":"ReadAction","target":["https:\/\/shopatoa.com\/cz\/prada-paradoxe-objem-50-ml\/"]}]},{"@type":"ImageObject","inLanguage":"cs","@id":"https:\/\/shopatoa.com\/cz\/prada-paradoxe-objem-50-ml\/#primaryimage","url":"https:\/\/shopatoa.com\/cz\/wp-content\/uploads\/2025\/02\/14287-1_prada-paradoxe-objem-50-ml.jpg","contentUrl":"https:\/\/shopatoa.com\/cz\/wp-content\/uploads\/2025\/02\/14287-1_prada-paradoxe-objem-50-ml.jpg","width":455,"height":505},{"@type":"BreadcrumbList","@id":"https:\/\/shopatoa.com\/cz\/prada-paradoxe-objem-50-ml\/#breadcrumb","itemListElement":[{"@type":"ListItem","position":1,"name":"Dom\u016f","item":"https:\/\/shopatoa.com\/cz\/"},{"@type":"ListItem","position":2,"name":"Produkty","item":"https:\/\/shopatoa.com\/cz\/shop\/"},{"@type":"ListItem","position":3,"name":"Kosmetika a zdrav\u00ed","item":"https:\/\/shopatoa.com\/cz\/kosmetika-a-zdravi\/"},{"@type":"ListItem","position":4,"name":"Prada Paradoxe Objem: 50 ml"}]},{"@type":"WebSite","@id":"https:\/\/shopatoa.com\/cz\/#website","url":"https:\/\/shopatoa.com\/cz\/","name":"SHOPATOA","description":"","publisher":{"@id":"https:\/\/shopatoa.com\/cz\/#organization"},"potentialAction":[{"@type":"SearchAction","target":{"@type":"EntryPoint","urlTemplate":"https:\/\/shopatoa.com\/cz\/?s={search_term_string}"},"query-input":{"@type":"PropertyValueSpecification","valueRequired":true,"valueName":"search_term_string"}}],"inLanguage":"cs"},{"@type":"Organization","@id":"https:\/\/shopatoa.com\/cz\/#organization","name":"SHOPATOA Digital s.r.o.","url":"https:\/\/shopatoa.com\/cz\/","logo":{"@type":"ImageObject","inLanguage":"cs","@id":"https:\/\/shopatoa.com\/cz\/#\/schema\/logo\/image\/","url":"https:\/\/storage.googleapis.com\/cz-shopatoa-img\/cz\/ebccf434-shopatoa_logo.png","contentUrl":"https:\/\/storage.googleapis.com\/cz-shopatoa-img\/cz\/ebccf434-shopatoa_logo.png","width":416,"height":63,"caption":"SHOPATOA Digital s.r.o."},"image":{"@id":"https:\/\/shopatoa.com\/cz\/#\/schema\/logo\/image\/"}}]}},"_links":{"self":[{"href":"https:\/\/shopatoa.com\/cz\/wp-json\/wp\/v2\/product\/129865","targetHints":{"allow":["GET"]}}],"collection":[{"href":"https:\/\/shopatoa.com\/cz\/wp-json\/wp\/v2\/product"}],"about":[{"href":"https:\/\/shopatoa.com\/cz\/wp-json\/wp\/v2\/types\/product"}],"replies":[{"embeddable":true,"href":"https:\/\/shopatoa.com\/cz\/wp-json\/wp\/v2\/comments?post=129865"}],"wp:featuredmedia":[{"embeddable":true,"href":"https:\/\/shopatoa.com\/cz\/wp-json\/wp\/v2\/media\/129866"}],"wp:attachment":[{"href":"https:\/\/shopatoa.com\/cz\/wp-json\/wp\/v2\/media?parent=129865"}],"wp:term":[{"taxonomy":"product_brand","embeddable":true,"href":"https:\/\/shopatoa.com\/cz\/wp-json\/wp\/v2\/product_brand?post=129865"},{"taxonomy":"product_cat","embeddable":true,"href":"https:\/\/shopatoa.com\/cz\/wp-json\/wp\/v2\/product_cat?post=129865"},{"taxonomy":"product_tag","embeddable":true,"href":"https:\/\/shopatoa.com\/cz\/wp-json\/wp\/v2\/product_tag?post=129865"}],"curies":[{"name":"wp","href":"https:\/\/api.w.org\/{rel}","templated":true}]}}