{"id":129867,"date":"2025-02-14T17:07:01","date_gmt":"2025-02-14T16:07:01","guid":{"rendered":"https:\/\/shopatoa.com\/cz\/tom-ford-black-orchid-objem-50-ml\/"},"modified":"2025-03-14T21:46:30","modified_gmt":"2025-03-14T20:46:30","slug":"tom-ford-black-orchid-objem-50-ml","status":"publish","type":"product","link":"https:\/\/shopatoa.com\/cz\/tom-ford-black-orchid-objem-50-ml\/","title":{"rendered":"Tom Ford Black Orchid Objem: 50 ml"},"content":{"rendered":"<p>Hladk\u00e1 vyv\u00e1\u017eenost intenzivn\u00ed kv\u011btinov\u00e9 v\u016fn\u011b parf\u00e9mu Tom Ford Black Orchid v\u00e1s okouzl\u00ed ji\u017e p\u0159i prvn\u00edm p\u0159ivon\u011bn\u00ed. Temn\u011b \u010dern\u00e1 barva flakonu p\u0159\u00edmo vol\u00e1 po otev\u0159en\u00ed a odhalen\u00ed podstaty tajemstv\u00ed v\u016fn\u011b v n\u011bm ukryt\u00e9.<br \/>\n Nejprve v\u00e1s zaujme rafinovan\u00e1 kombinace \u0161\u0165avnat\u00e9ho bergamotu, \u010dern\u00e9ho ryb\u00edzu a smysln\u00e9 ylang-ylang s gurm\u00e1nskou specialitou v podob\u011b l\u00e1kav\u00e9ho lan\u00fd\u017ee. V srdci naleznete p\u016fsobivou harmonii mezi ovocn\u00fdmi t\u00f3ny a kv\u011bty lotosu i p\u0159ekr\u00e1sn\u00e9 orchideje. Smysln\u00fd z\u00e1klad parf\u00e9mu je pak tvo\u0159en omamn\u00fdm santalov\u00fdm d\u0159evem, vetiverem, kadidlem a aromatickou pa\u010duli. Hedv\u00e1bnou lehkost dod\u00e1v\u00e1 v\u016fni parf\u00e9movan\u00e9 vody\u00a0 ml\u00e9\u010dn\u00e1 \u010dokol\u00e1da dojemn\u011b se rozv\u00edjej\u00edc\u00ed v objet\u00ed sladk\u00e9 vanilky.<br \/>\n Dlouhotrvaj\u00edc\u00ed a sv\u016fdn\u011b tajemn\u00e1 v\u016fn\u011b parf\u00e9movan\u00e9 vody Tom Ford\u00a0Black Orchid je v\u00fdborn\u00fdm dopl\u0148kem p\u0159i slavnostn\u00edch p\u0159\u00edle\u017eitostech, kdy v\u00e1m zaru\u010d\u00ed obdiv a st\u00e1lou pozornost spole\u010dnosti, v n\u00ed\u017e se budete nach\u00e1zet. D\u00edky t\u00e9to nev\u0161edn\u00ed parf\u00e9movan\u00e9 vod\u011b budete kr\u00e1sn\u00e1 a nezapomenuteln\u00e1.<\/p>\n","protected":false},"excerpt":{"rendered":"<p>Hladk\u00e1 vyv\u00e1\u017eenost intenzivn\u00ed kv\u011btinov\u00e9 v\u016fn\u011b parf\u00e9mu Tom Ford Black Orchid v\u00e1s okouzl\u00ed ji\u017e p\u0159i prvn\u00edm p\u0159ivon\u011bn\u00ed. Temn\u011b \u010dern\u00e1 barva flakonu p\u0159\u00edmo vol\u00e1 po otev\u0159en\u00ed a odhalen\u00ed podstaty tajemstv\u00ed v\u016fn\u011b v n\u011bm ukryt\u00e9. Nejprve v\u00e1s zaujme rafinovan\u00e1 kombinace \u0161\u0165avnat\u00e9ho bergamotu, \u010dern\u00e9ho ryb\u00edzu a smysln\u00e9 ylang-ylang s gurm\u00e1nskou specialitou v podob\u011b l\u00e1kav\u00e9ho lan\u00fd\u017ee. V srdci naleznete p\u016fsobivou&#8230;<\/p>\n","protected":false},"featured_media":129868,"comment_status":"closed","ping_status":"open","template":"","meta":{"_acf_changed":false,"_kadence_starter_templates_imported_post":false,"_kad_post_transparent":"","_kad_post_title":"","_kad_post_layout":"","_kad_post_sidebar_id":"","_kad_post_content_style":"","_kad_post_vertical_padding":"","_kad_post_feature":"","_kad_post_feature_position":"","_kad_post_header":false,"_kad_post_footer":false,"_kad_post_classname":""},"product_brand":[],"product_cat":[98],"product_tag":[],"class_list":{"0":"post-129867","1":"product","2":"type-product","3":"status-publish","4":"has-post-thumbnail","6":"product_cat-kosmetika-a-zdravi","7":"pa_obchod-krasnevune-cz","8":"pa_pohlavi-zena","10":"first","11":"instock","12":"product-type-external","13":"entry","14":"content-bg","15":"loop-entry"},"acf":[],"yoast_head":"<!-- This site is optimized with the Yoast SEO plugin v27.4 - https:\/\/yoast.com\/product\/yoast-seo-wordpress\/ -->\n<title>Tom Ford Black Orchid Objem: 50 ml | SHOPATOA.COM<\/title>\n<meta name=\"description\" content=\"Hladk\u00e1 vyv\u00e1\u017eenost intenzivn\u00ed kv\u011btinov\u00e9 v\u016fn\u011b parf\u00e9mu Tom Ford Black Orchid v\u00e1s okouzl\u00ed ji\u017e p\u0159i prvn\u00edm p\u0159ivon\u011bn\u00ed. Temn\u011b \u010dern\u00e1 barva flakonu p\u0159\u00edmo vol\u00e1 po otev\u0159en\u00ed a odhalen\u00ed podstaty tajemstv\u00ed v\u016fn\u011b v n\u011bm ukryt\u00e9. Nejprve v\u00e1s zaujme rafinovan\u00e1 kombinace \u0161\u0165avnat\u00e9ho bergamotu, \u010dern\u00e9ho ryb\u00edzu a smysln\u00e9 ylang-ylang s gurm\u00e1nskou specialitou v podob\u011b l\u00e1kav\u00e9ho lan\u00fd\u017ee. V srdci naleznete p\u016fsobivou harmonii mezi ovocn\u00fdmi t\u00f3ny a kv\u011bty lotosu i p\u0159ekr\u00e1sn\u00e9 orchideje. Smysln\u00fd z\u00e1klad parf\u00e9mu je pak tvo\u0159en omamn\u00fdm santalov\u00fdm d\u0159evem, vetiverem, kadidlem a aromatickou pa\u010duli. Hedv\u00e1bnou lehkost dod\u00e1v\u00e1 v\u016fni parf\u00e9movan\u00e9 vody\u00a0 ml\u00e9\u010dn\u00e1 \u010dokol\u00e1da dojemn\u011b se rozv\u00edjej\u00edc\u00ed v objet\u00ed sladk\u00e9 vanilky. Dlouhotrvaj\u00edc\u00ed a sv\u016fdn\u011b tajemn\u00e1 v\u016fn\u011b parf\u00e9movan\u00e9 vody Tom Ford\u00a0Black Orchid je v\u00fdborn\u00fdm dopl\u0148kem p\u0159i slavnostn\u00edch p\u0159\u00edle\u017eitostech, kdy v\u00e1m zaru\u010d\u00ed obdiv a st\u00e1lou pozornost spole\u010dnosti, v n\u00ed\u017e se budete nach\u00e1zet. D\u00edky t\u00e9to nev\u0161edn\u00ed parf\u00e9movan\u00e9 vod\u011b budete kr\u00e1sn\u00e1 a nezapomenuteln\u00e1.\" \/>\n<meta name=\"robots\" content=\"index, follow, max-snippet:-1, max-image-preview:large, max-video-preview:-1\" \/>\n<link rel=\"canonical\" href=\"https:\/\/shopatoa.com\/cz\/tom-ford-black-orchid-objem-50-ml\/\" \/>\n<meta property=\"og:locale\" content=\"cs_CZ\" \/>\n<meta property=\"og:type\" content=\"article\" \/>\n<meta property=\"og:title\" content=\"Tom Ford Black Orchid Objem: 50 ml | SHOPATOA.COM\" \/>\n<meta property=\"og:description\" content=\"Hladk\u00e1 vyv\u00e1\u017eenost intenzivn\u00ed kv\u011btinov\u00e9 v\u016fn\u011b parf\u00e9mu Tom Ford Black Orchid v\u00e1s okouzl\u00ed ji\u017e p\u0159i prvn\u00edm p\u0159ivon\u011bn\u00ed. Temn\u011b \u010dern\u00e1 barva flakonu p\u0159\u00edmo vol\u00e1 po otev\u0159en\u00ed a odhalen\u00ed podstaty tajemstv\u00ed v\u016fn\u011b v n\u011bm ukryt\u00e9. Nejprve v\u00e1s zaujme rafinovan\u00e1 kombinace \u0161\u0165avnat\u00e9ho bergamotu, \u010dern\u00e9ho ryb\u00edzu a smysln\u00e9 ylang-ylang s gurm\u00e1nskou specialitou v podob\u011b l\u00e1kav\u00e9ho lan\u00fd\u017ee. V srdci naleznete p\u016fsobivou harmonii mezi ovocn\u00fdmi t\u00f3ny a kv\u011bty lotosu i p\u0159ekr\u00e1sn\u00e9 orchideje. Smysln\u00fd z\u00e1klad parf\u00e9mu je pak tvo\u0159en omamn\u00fdm santalov\u00fdm d\u0159evem, vetiverem, kadidlem a aromatickou pa\u010duli. Hedv\u00e1bnou lehkost dod\u00e1v\u00e1 v\u016fni parf\u00e9movan\u00e9 vody\u00a0 ml\u00e9\u010dn\u00e1 \u010dokol\u00e1da dojemn\u011b se rozv\u00edjej\u00edc\u00ed v objet\u00ed sladk\u00e9 vanilky. Dlouhotrvaj\u00edc\u00ed a sv\u016fdn\u011b tajemn\u00e1 v\u016fn\u011b parf\u00e9movan\u00e9 vody Tom Ford\u00a0Black Orchid je v\u00fdborn\u00fdm dopl\u0148kem p\u0159i slavnostn\u00edch p\u0159\u00edle\u017eitostech, kdy v\u00e1m zaru\u010d\u00ed obdiv a st\u00e1lou pozornost spole\u010dnosti, v n\u00ed\u017e se budete nach\u00e1zet. D\u00edky t\u00e9to nev\u0161edn\u00ed parf\u00e9movan\u00e9 vod\u011b budete kr\u00e1sn\u00e1 a nezapomenuteln\u00e1.\" \/>\n<meta property=\"og:url\" content=\"https:\/\/shopatoa.com\/cz\/tom-ford-black-orchid-objem-50-ml\/\" \/>\n<meta property=\"og:site_name\" content=\"SHOPATOA\" \/>\n<meta property=\"article:modified_time\" content=\"2025-03-14T20:46:30+00:00\" \/>\n<meta property=\"og:image\" content=\"https:\/\/shopatoa.com\/cz\/wp-content\/uploads\/2025\/02\/14290-1_tom-ford-black-orchid-objem-50-ml.jpg\" \/>\n\t<meta property=\"og:image:width\" content=\"455\" \/>\n\t<meta property=\"og:image:height\" content=\"505\" \/>\n\t<meta property=\"og:image:type\" content=\"image\/jpeg\" \/>\n<meta name=\"twitter:card\" content=\"summary_large_image\" \/>\n<meta name=\"twitter:label1\" content=\"Odhadovan\u00e1 doba \u010dten\u00ed\" \/>\n\t<meta name=\"twitter:data1\" content=\"1 minuta\" \/>\n<script type=\"application\/ld+json\" class=\"yoast-schema-graph\">{\"@context\":\"https:\\\/\\\/schema.org\",\"@graph\":[{\"@type\":\"WebPage\",\"@id\":\"https:\\\/\\\/shopatoa.com\\\/cz\\\/tom-ford-black-orchid-objem-50-ml\\\/\",\"url\":\"https:\\\/\\\/shopatoa.com\\\/cz\\\/tom-ford-black-orchid-objem-50-ml\\\/\",\"name\":\"Tom Ford Black Orchid Objem: 50 ml | SHOPATOA.COM\",\"isPartOf\":{\"@id\":\"https:\\\/\\\/shopatoa.com\\\/cz\\\/#website\"},\"primaryImageOfPage\":{\"@id\":\"https:\\\/\\\/shopatoa.com\\\/cz\\\/tom-ford-black-orchid-objem-50-ml\\\/#primaryimage\"},\"image\":{\"@id\":\"https:\\\/\\\/shopatoa.com\\\/cz\\\/tom-ford-black-orchid-objem-50-ml\\\/#primaryimage\"},\"thumbnailUrl\":\"https:\\\/\\\/shopatoa.com\\\/cz\\\/wp-content\\\/uploads\\\/2025\\\/02\\\/14290-1_tom-ford-black-orchid-objem-50-ml.jpg\",\"datePublished\":\"2025-02-14T16:07:01+00:00\",\"dateModified\":\"2025-03-14T20:46:30+00:00\",\"description\":\"Hladk\u00e1 vyv\u00e1\u017eenost intenzivn\u00ed kv\u011btinov\u00e9 v\u016fn\u011b parf\u00e9mu Tom Ford Black Orchid v\u00e1s okouzl\u00ed ji\u017e p\u0159i prvn\u00edm p\u0159ivon\u011bn\u00ed. Temn\u011b \u010dern\u00e1 barva flakonu p\u0159\u00edmo vol\u00e1 po otev\u0159en\u00ed a odhalen\u00ed podstaty tajemstv\u00ed v\u016fn\u011b v n\u011bm ukryt\u00e9. Nejprve v\u00e1s zaujme rafinovan\u00e1 kombinace \u0161\u0165avnat\u00e9ho bergamotu, \u010dern\u00e9ho ryb\u00edzu a smysln\u00e9 ylang-ylang s gurm\u00e1nskou specialitou v podob\u011b l\u00e1kav\u00e9ho lan\u00fd\u017ee. V srdci naleznete p\u016fsobivou harmonii mezi ovocn\u00fdmi t\u00f3ny a kv\u011bty lotosu i p\u0159ekr\u00e1sn\u00e9 orchideje. Smysln\u00fd z\u00e1klad parf\u00e9mu je pak tvo\u0159en omamn\u00fdm santalov\u00fdm d\u0159evem, vetiverem, kadidlem a aromatickou pa\u010duli. Hedv\u00e1bnou lehkost dod\u00e1v\u00e1 v\u016fni parf\u00e9movan\u00e9 vody\u00a0 ml\u00e9\u010dn\u00e1 \u010dokol\u00e1da dojemn\u011b se rozv\u00edjej\u00edc\u00ed v objet\u00ed sladk\u00e9 vanilky. Dlouhotrvaj\u00edc\u00ed a sv\u016fdn\u011b tajemn\u00e1 v\u016fn\u011b parf\u00e9movan\u00e9 vody Tom Ford\u00a0Black Orchid je v\u00fdborn\u00fdm dopl\u0148kem p\u0159i slavnostn\u00edch p\u0159\u00edle\u017eitostech, kdy v\u00e1m zaru\u010d\u00ed obdiv a st\u00e1lou pozornost spole\u010dnosti, v n\u00ed\u017e se budete nach\u00e1zet. D\u00edky t\u00e9to nev\u0161edn\u00ed parf\u00e9movan\u00e9 vod\u011b budete kr\u00e1sn\u00e1 a nezapomenuteln\u00e1.\",\"breadcrumb\":{\"@id\":\"https:\\\/\\\/shopatoa.com\\\/cz\\\/tom-ford-black-orchid-objem-50-ml\\\/#breadcrumb\"},\"inLanguage\":\"cs\",\"potentialAction\":[{\"@type\":\"ReadAction\",\"target\":[\"https:\\\/\\\/shopatoa.com\\\/cz\\\/tom-ford-black-orchid-objem-50-ml\\\/\"]}]},{\"@type\":\"ImageObject\",\"inLanguage\":\"cs\",\"@id\":\"https:\\\/\\\/shopatoa.com\\\/cz\\\/tom-ford-black-orchid-objem-50-ml\\\/#primaryimage\",\"url\":\"https:\\\/\\\/shopatoa.com\\\/cz\\\/wp-content\\\/uploads\\\/2025\\\/02\\\/14290-1_tom-ford-black-orchid-objem-50-ml.jpg\",\"contentUrl\":\"https:\\\/\\\/shopatoa.com\\\/cz\\\/wp-content\\\/uploads\\\/2025\\\/02\\\/14290-1_tom-ford-black-orchid-objem-50-ml.jpg\",\"width\":455,\"height\":505},{\"@type\":\"BreadcrumbList\",\"@id\":\"https:\\\/\\\/shopatoa.com\\\/cz\\\/tom-ford-black-orchid-objem-50-ml\\\/#breadcrumb\",\"itemListElement\":[{\"@type\":\"ListItem\",\"position\":1,\"name\":\"Dom\u016f\",\"item\":\"https:\\\/\\\/shopatoa.com\\\/cz\\\/\"},{\"@type\":\"ListItem\",\"position\":2,\"name\":\"Produkty\",\"item\":\"https:\\\/\\\/shopatoa.com\\\/cz\\\/shop\\\/\"},{\"@type\":\"ListItem\",\"position\":3,\"name\":\"Kosmetika a zdrav\u00ed\",\"item\":\"https:\\\/\\\/shopatoa.com\\\/cz\\\/kosmetika-a-zdravi\\\/\"},{\"@type\":\"ListItem\",\"position\":4,\"name\":\"Tom Ford Black Orchid Objem: 50 ml\"}]},{\"@type\":\"WebSite\",\"@id\":\"https:\\\/\\\/shopatoa.com\\\/cz\\\/#website\",\"url\":\"https:\\\/\\\/shopatoa.com\\\/cz\\\/\",\"name\":\"SHOPATOA\",\"description\":\"\",\"publisher\":{\"@id\":\"https:\\\/\\\/shopatoa.com\\\/cz\\\/#organization\"},\"potentialAction\":[{\"@type\":\"SearchAction\",\"target\":{\"@type\":\"EntryPoint\",\"urlTemplate\":\"https:\\\/\\\/shopatoa.com\\\/cz\\\/?s={search_term_string}\"},\"query-input\":{\"@type\":\"PropertyValueSpecification\",\"valueRequired\":true,\"valueName\":\"search_term_string\"}}],\"inLanguage\":\"cs\"},{\"@type\":\"Organization\",\"@id\":\"https:\\\/\\\/shopatoa.com\\\/cz\\\/#organization\",\"name\":\"SHOPATOA Digital s.r.o.\",\"url\":\"https:\\\/\\\/shopatoa.com\\\/cz\\\/\",\"logo\":{\"@type\":\"ImageObject\",\"inLanguage\":\"cs\",\"@id\":\"https:\\\/\\\/shopatoa.com\\\/cz\\\/#\\\/schema\\\/logo\\\/image\\\/\",\"url\":\"https:\\\/\\\/storage.googleapis.com\\\/cz-shopatoa-img\\\/cz\\\/ebccf434-shopatoa_logo.png\",\"contentUrl\":\"https:\\\/\\\/storage.googleapis.com\\\/cz-shopatoa-img\\\/cz\\\/ebccf434-shopatoa_logo.png\",\"width\":416,\"height\":63,\"caption\":\"SHOPATOA Digital s.r.o.\"},\"image\":{\"@id\":\"https:\\\/\\\/shopatoa.com\\\/cz\\\/#\\\/schema\\\/logo\\\/image\\\/\"}}]}<\/script>\n<!-- \/ Yoast SEO plugin. -->","yoast_head_json":{"title":"Tom Ford Black Orchid Objem: 50 ml | SHOPATOA.COM","description":"Hladk\u00e1 vyv\u00e1\u017eenost intenzivn\u00ed kv\u011btinov\u00e9 v\u016fn\u011b parf\u00e9mu Tom Ford Black Orchid v\u00e1s okouzl\u00ed ji\u017e p\u0159i prvn\u00edm p\u0159ivon\u011bn\u00ed. Temn\u011b \u010dern\u00e1 barva flakonu p\u0159\u00edmo vol\u00e1 po otev\u0159en\u00ed a odhalen\u00ed podstaty tajemstv\u00ed v\u016fn\u011b v n\u011bm ukryt\u00e9. Nejprve v\u00e1s zaujme rafinovan\u00e1 kombinace \u0161\u0165avnat\u00e9ho bergamotu, \u010dern\u00e9ho ryb\u00edzu a smysln\u00e9 ylang-ylang s gurm\u00e1nskou specialitou v podob\u011b l\u00e1kav\u00e9ho lan\u00fd\u017ee. V srdci naleznete p\u016fsobivou harmonii mezi ovocn\u00fdmi t\u00f3ny a kv\u011bty lotosu i p\u0159ekr\u00e1sn\u00e9 orchideje. Smysln\u00fd z\u00e1klad parf\u00e9mu je pak tvo\u0159en omamn\u00fdm santalov\u00fdm d\u0159evem, vetiverem, kadidlem a aromatickou pa\u010duli. Hedv\u00e1bnou lehkost dod\u00e1v\u00e1 v\u016fni parf\u00e9movan\u00e9 vody\u00a0 ml\u00e9\u010dn\u00e1 \u010dokol\u00e1da dojemn\u011b se rozv\u00edjej\u00edc\u00ed v objet\u00ed sladk\u00e9 vanilky. Dlouhotrvaj\u00edc\u00ed a sv\u016fdn\u011b tajemn\u00e1 v\u016fn\u011b parf\u00e9movan\u00e9 vody Tom Ford\u00a0Black Orchid je v\u00fdborn\u00fdm dopl\u0148kem p\u0159i slavnostn\u00edch p\u0159\u00edle\u017eitostech, kdy v\u00e1m zaru\u010d\u00ed obdiv a st\u00e1lou pozornost spole\u010dnosti, v n\u00ed\u017e se budete nach\u00e1zet. D\u00edky t\u00e9to nev\u0161edn\u00ed parf\u00e9movan\u00e9 vod\u011b budete kr\u00e1sn\u00e1 a nezapomenuteln\u00e1.","robots":{"index":"index","follow":"follow","max-snippet":"max-snippet:-1","max-image-preview":"max-image-preview:large","max-video-preview":"max-video-preview:-1"},"canonical":"https:\/\/shopatoa.com\/cz\/tom-ford-black-orchid-objem-50-ml\/","og_locale":"cs_CZ","og_type":"article","og_title":"Tom Ford Black Orchid Objem: 50 ml | SHOPATOA.COM","og_description":"Hladk\u00e1 vyv\u00e1\u017eenost intenzivn\u00ed kv\u011btinov\u00e9 v\u016fn\u011b parf\u00e9mu Tom Ford Black Orchid v\u00e1s okouzl\u00ed ji\u017e p\u0159i prvn\u00edm p\u0159ivon\u011bn\u00ed. Temn\u011b \u010dern\u00e1 barva flakonu p\u0159\u00edmo vol\u00e1 po otev\u0159en\u00ed a odhalen\u00ed podstaty tajemstv\u00ed v\u016fn\u011b v n\u011bm ukryt\u00e9. Nejprve v\u00e1s zaujme rafinovan\u00e1 kombinace \u0161\u0165avnat\u00e9ho bergamotu, \u010dern\u00e9ho ryb\u00edzu a smysln\u00e9 ylang-ylang s gurm\u00e1nskou specialitou v podob\u011b l\u00e1kav\u00e9ho lan\u00fd\u017ee. V srdci naleznete p\u016fsobivou harmonii mezi ovocn\u00fdmi t\u00f3ny a kv\u011bty lotosu i p\u0159ekr\u00e1sn\u00e9 orchideje. Smysln\u00fd z\u00e1klad parf\u00e9mu je pak tvo\u0159en omamn\u00fdm santalov\u00fdm d\u0159evem, vetiverem, kadidlem a aromatickou pa\u010duli. Hedv\u00e1bnou lehkost dod\u00e1v\u00e1 v\u016fni parf\u00e9movan\u00e9 vody\u00a0 ml\u00e9\u010dn\u00e1 \u010dokol\u00e1da dojemn\u011b se rozv\u00edjej\u00edc\u00ed v objet\u00ed sladk\u00e9 vanilky. Dlouhotrvaj\u00edc\u00ed a sv\u016fdn\u011b tajemn\u00e1 v\u016fn\u011b parf\u00e9movan\u00e9 vody Tom Ford\u00a0Black Orchid je v\u00fdborn\u00fdm dopl\u0148kem p\u0159i slavnostn\u00edch p\u0159\u00edle\u017eitostech, kdy v\u00e1m zaru\u010d\u00ed obdiv a st\u00e1lou pozornost spole\u010dnosti, v n\u00ed\u017e se budete nach\u00e1zet. D\u00edky t\u00e9to nev\u0161edn\u00ed parf\u00e9movan\u00e9 vod\u011b budete kr\u00e1sn\u00e1 a nezapomenuteln\u00e1.","og_url":"https:\/\/shopatoa.com\/cz\/tom-ford-black-orchid-objem-50-ml\/","og_site_name":"SHOPATOA","article_modified_time":"2025-03-14T20:46:30+00:00","og_image":[{"width":455,"height":505,"url":"https:\/\/shopatoa.com\/cz\/wp-content\/uploads\/2025\/02\/14290-1_tom-ford-black-orchid-objem-50-ml.jpg","type":"image\/jpeg"}],"twitter_card":"summary_large_image","twitter_misc":{"Odhadovan\u00e1 doba \u010dten\u00ed":"1 minuta"},"schema":{"@context":"https:\/\/schema.org","@graph":[{"@type":"WebPage","@id":"https:\/\/shopatoa.com\/cz\/tom-ford-black-orchid-objem-50-ml\/","url":"https:\/\/shopatoa.com\/cz\/tom-ford-black-orchid-objem-50-ml\/","name":"Tom Ford Black Orchid Objem: 50 ml | SHOPATOA.COM","isPartOf":{"@id":"https:\/\/shopatoa.com\/cz\/#website"},"primaryImageOfPage":{"@id":"https:\/\/shopatoa.com\/cz\/tom-ford-black-orchid-objem-50-ml\/#primaryimage"},"image":{"@id":"https:\/\/shopatoa.com\/cz\/tom-ford-black-orchid-objem-50-ml\/#primaryimage"},"thumbnailUrl":"https:\/\/shopatoa.com\/cz\/wp-content\/uploads\/2025\/02\/14290-1_tom-ford-black-orchid-objem-50-ml.jpg","datePublished":"2025-02-14T16:07:01+00:00","dateModified":"2025-03-14T20:46:30+00:00","description":"Hladk\u00e1 vyv\u00e1\u017eenost intenzivn\u00ed kv\u011btinov\u00e9 v\u016fn\u011b parf\u00e9mu Tom Ford Black Orchid v\u00e1s okouzl\u00ed ji\u017e p\u0159i prvn\u00edm p\u0159ivon\u011bn\u00ed. Temn\u011b \u010dern\u00e1 barva flakonu p\u0159\u00edmo vol\u00e1 po otev\u0159en\u00ed a odhalen\u00ed podstaty tajemstv\u00ed v\u016fn\u011b v n\u011bm ukryt\u00e9. Nejprve v\u00e1s zaujme rafinovan\u00e1 kombinace \u0161\u0165avnat\u00e9ho bergamotu, \u010dern\u00e9ho ryb\u00edzu a smysln\u00e9 ylang-ylang s gurm\u00e1nskou specialitou v podob\u011b l\u00e1kav\u00e9ho lan\u00fd\u017ee. V srdci naleznete p\u016fsobivou harmonii mezi ovocn\u00fdmi t\u00f3ny a kv\u011bty lotosu i p\u0159ekr\u00e1sn\u00e9 orchideje. Smysln\u00fd z\u00e1klad parf\u00e9mu je pak tvo\u0159en omamn\u00fdm santalov\u00fdm d\u0159evem, vetiverem, kadidlem a aromatickou pa\u010duli. Hedv\u00e1bnou lehkost dod\u00e1v\u00e1 v\u016fni parf\u00e9movan\u00e9 vody\u00a0 ml\u00e9\u010dn\u00e1 \u010dokol\u00e1da dojemn\u011b se rozv\u00edjej\u00edc\u00ed v objet\u00ed sladk\u00e9 vanilky. Dlouhotrvaj\u00edc\u00ed a sv\u016fdn\u011b tajemn\u00e1 v\u016fn\u011b parf\u00e9movan\u00e9 vody Tom Ford\u00a0Black Orchid je v\u00fdborn\u00fdm dopl\u0148kem p\u0159i slavnostn\u00edch p\u0159\u00edle\u017eitostech, kdy v\u00e1m zaru\u010d\u00ed obdiv a st\u00e1lou pozornost spole\u010dnosti, v n\u00ed\u017e se budete nach\u00e1zet. D\u00edky t\u00e9to nev\u0161edn\u00ed parf\u00e9movan\u00e9 vod\u011b budete kr\u00e1sn\u00e1 a nezapomenuteln\u00e1.","breadcrumb":{"@id":"https:\/\/shopatoa.com\/cz\/tom-ford-black-orchid-objem-50-ml\/#breadcrumb"},"inLanguage":"cs","potentialAction":[{"@type":"ReadAction","target":["https:\/\/shopatoa.com\/cz\/tom-ford-black-orchid-objem-50-ml\/"]}]},{"@type":"ImageObject","inLanguage":"cs","@id":"https:\/\/shopatoa.com\/cz\/tom-ford-black-orchid-objem-50-ml\/#primaryimage","url":"https:\/\/shopatoa.com\/cz\/wp-content\/uploads\/2025\/02\/14290-1_tom-ford-black-orchid-objem-50-ml.jpg","contentUrl":"https:\/\/shopatoa.com\/cz\/wp-content\/uploads\/2025\/02\/14290-1_tom-ford-black-orchid-objem-50-ml.jpg","width":455,"height":505},{"@type":"BreadcrumbList","@id":"https:\/\/shopatoa.com\/cz\/tom-ford-black-orchid-objem-50-ml\/#breadcrumb","itemListElement":[{"@type":"ListItem","position":1,"name":"Dom\u016f","item":"https:\/\/shopatoa.com\/cz\/"},{"@type":"ListItem","position":2,"name":"Produkty","item":"https:\/\/shopatoa.com\/cz\/shop\/"},{"@type":"ListItem","position":3,"name":"Kosmetika a zdrav\u00ed","item":"https:\/\/shopatoa.com\/cz\/kosmetika-a-zdravi\/"},{"@type":"ListItem","position":4,"name":"Tom Ford Black Orchid Objem: 50 ml"}]},{"@type":"WebSite","@id":"https:\/\/shopatoa.com\/cz\/#website","url":"https:\/\/shopatoa.com\/cz\/","name":"SHOPATOA","description":"","publisher":{"@id":"https:\/\/shopatoa.com\/cz\/#organization"},"potentialAction":[{"@type":"SearchAction","target":{"@type":"EntryPoint","urlTemplate":"https:\/\/shopatoa.com\/cz\/?s={search_term_string}"},"query-input":{"@type":"PropertyValueSpecification","valueRequired":true,"valueName":"search_term_string"}}],"inLanguage":"cs"},{"@type":"Organization","@id":"https:\/\/shopatoa.com\/cz\/#organization","name":"SHOPATOA Digital s.r.o.","url":"https:\/\/shopatoa.com\/cz\/","logo":{"@type":"ImageObject","inLanguage":"cs","@id":"https:\/\/shopatoa.com\/cz\/#\/schema\/logo\/image\/","url":"https:\/\/storage.googleapis.com\/cz-shopatoa-img\/cz\/ebccf434-shopatoa_logo.png","contentUrl":"https:\/\/storage.googleapis.com\/cz-shopatoa-img\/cz\/ebccf434-shopatoa_logo.png","width":416,"height":63,"caption":"SHOPATOA Digital s.r.o."},"image":{"@id":"https:\/\/shopatoa.com\/cz\/#\/schema\/logo\/image\/"}}]}},"_links":{"self":[{"href":"https:\/\/shopatoa.com\/cz\/wp-json\/wp\/v2\/product\/129867","targetHints":{"allow":["GET"]}}],"collection":[{"href":"https:\/\/shopatoa.com\/cz\/wp-json\/wp\/v2\/product"}],"about":[{"href":"https:\/\/shopatoa.com\/cz\/wp-json\/wp\/v2\/types\/product"}],"replies":[{"embeddable":true,"href":"https:\/\/shopatoa.com\/cz\/wp-json\/wp\/v2\/comments?post=129867"}],"wp:featuredmedia":[{"embeddable":true,"href":"https:\/\/shopatoa.com\/cz\/wp-json\/wp\/v2\/media\/129868"}],"wp:attachment":[{"href":"https:\/\/shopatoa.com\/cz\/wp-json\/wp\/v2\/media?parent=129867"}],"wp:term":[{"taxonomy":"product_brand","embeddable":true,"href":"https:\/\/shopatoa.com\/cz\/wp-json\/wp\/v2\/product_brand?post=129867"},{"taxonomy":"product_cat","embeddable":true,"href":"https:\/\/shopatoa.com\/cz\/wp-json\/wp\/v2\/product_cat?post=129867"},{"taxonomy":"product_tag","embeddable":true,"href":"https:\/\/shopatoa.com\/cz\/wp-json\/wp\/v2\/product_tag?post=129867"}],"curies":[{"name":"wp","href":"https:\/\/api.w.org\/{rel}","templated":true}]}}