{"id":129871,"date":"2025-02-14T17:07:01","date_gmt":"2025-02-14T16:07:01","guid":{"rendered":"https:\/\/shopatoa.com\/cz\/valentino-voce-viva-objem-100-ml\/"},"modified":"2025-03-14T21:46:34","modified_gmt":"2025-03-14T20:46:34","slug":"valentino-voce-viva-objem-100-ml","status":"publish","type":"product","link":"https:\/\/shopatoa.com\/cz\/valentino-voce-viva-objem-100-ml\/","title":{"rendered":"Valentino Voce Viva Objem: 100 ml"},"content":{"rendered":"<p>D\u00e1msk\u00e1 parf\u00e9movan\u00e1 voda\u00a0Valentino Voce Viva oslavuje hlas ka\u017ed\u00e9 \u017eeny jedin\u00fdm prohl\u00e1\u0161en\u00edm: M\u016fj hlas. M\u00e1 s\u00edla. Vyz\u00fdv\u00e1 v\u0161echny \u017eeny, aby \u017eily sv\u00e9 sny a inspirovaly ostatn\u00ed, zat\u00edmco oslavuje individualitu ka\u017ed\u00e9 z nich.\u00a0Valentino Voce Viva je oslavou rozmanit\u00e9 \u017eenskosti, typick\u00e9 pro zna\u010dku Valentino.\u00a0<br \/>\n V\u016fn\u011b se otev\u00edr\u00e1 italsk\u00fdm bergamotem, kter\u00fd je zjemn\u011bn\u00fd mandarinkou. Pomeran\u010dov\u00fd kv\u011bt a gard\u00e9nie tvo\u0159\u00ed bohat\u00fd kv\u011btinov\u00fd buket v\u016fn\u011b, zat\u00edmco mech p\u0159in\u00e1\u0161\u00ed neo\u010dek\u00e1vanou intenzitu ve spojen\u00ed s vanilkou. Jemn\u00fd kv\u011btinov\u00fd buket se d\u00edky intenzivn\u00edmu akordu mechu st\u00e1v\u00e1 a\u017e n\u00e1vykov\u00fdm.<br \/>\n Pr\u016fsvitn\u00fd krychlov\u00fd flakon naplno ztv\u00e1r\u0148uje hodnoty m\u00f3dn\u00edho domu Maison Valentino a \u017eenskosti v\u016fn\u011b Voce Viva.<br \/>\n V\u016fn\u011b Valentino Voce Viva byla uvedena na trh v roce 2020.<\/p>\n","protected":false},"excerpt":{"rendered":"<p>D\u00e1msk\u00e1 parf\u00e9movan\u00e1 voda\u00a0Valentino Voce Viva oslavuje hlas ka\u017ed\u00e9 \u017eeny jedin\u00fdm prohl\u00e1\u0161en\u00edm: M\u016fj hlas. M\u00e1 s\u00edla. Vyz\u00fdv\u00e1 v\u0161echny \u017eeny, aby \u017eily sv\u00e9 sny a inspirovaly ostatn\u00ed, zat\u00edmco oslavuje individualitu ka\u017ed\u00e9 z nich.\u00a0Valentino Voce Viva je oslavou rozmanit\u00e9 \u017eenskosti, typick\u00e9 pro zna\u010dku Valentino.\u00a0 V\u016fn\u011b se otev\u00edr\u00e1 italsk\u00fdm bergamotem, kter\u00fd je zjemn\u011bn\u00fd mandarinkou. Pomeran\u010dov\u00fd kv\u011bt a gard\u00e9nie tvo\u0159\u00ed&#8230;<\/p>\n","protected":false},"featured_media":129872,"comment_status":"closed","ping_status":"open","template":"","meta":{"_acf_changed":false,"_kadence_starter_templates_imported_post":false,"_kad_post_transparent":"","_kad_post_title":"","_kad_post_layout":"","_kad_post_sidebar_id":"","_kad_post_content_style":"","_kad_post_vertical_padding":"","_kad_post_feature":"","_kad_post_feature_position":"","_kad_post_header":false,"_kad_post_footer":false,"_kad_post_classname":""},"product_brand":[],"product_cat":[98],"product_tag":[],"class_list":{"0":"post-129871","1":"product","2":"type-product","3":"status-publish","4":"has-post-thumbnail","6":"product_cat-kosmetika-a-zdravi","7":"pa_obchod-krasnevune-cz","8":"pa_pohlavi-zena","10":"first","11":"instock","12":"product-type-external","13":"entry","14":"content-bg","15":"loop-entry"},"acf":[],"yoast_head":"<!-- This site is optimized with the Yoast SEO plugin v27.4 - https:\/\/yoast.com\/product\/yoast-seo-wordpress\/ -->\n<title>Valentino Voce Viva Objem: 100 ml | SHOPATOA.COM<\/title>\n<meta name=\"description\" content=\"D\u00e1msk\u00e1 parf\u00e9movan\u00e1 voda\u00a0Valentino Voce Viva oslavuje hlas ka\u017ed\u00e9 \u017eeny jedin\u00fdm prohl\u00e1\u0161en\u00edm: M\u016fj hlas. M\u00e1 s\u00edla. Vyz\u00fdv\u00e1 v\u0161echny \u017eeny, aby \u017eily sv\u00e9 sny a inspirovaly ostatn\u00ed, zat\u00edmco oslavuje individualitu ka\u017ed\u00e9 z nich.\u00a0Valentino Voce Viva je oslavou rozmanit\u00e9 \u017eenskosti, typick\u00e9 pro zna\u010dku Valentino.\u00a0 V\u016fn\u011b se otev\u00edr\u00e1 italsk\u00fdm bergamotem, kter\u00fd je zjemn\u011bn\u00fd mandarinkou. Pomeran\u010dov\u00fd kv\u011bt a gard\u00e9nie tvo\u0159\u00ed bohat\u00fd kv\u011btinov\u00fd buket v\u016fn\u011b, zat\u00edmco mech p\u0159in\u00e1\u0161\u00ed neo\u010dek\u00e1vanou intenzitu ve spojen\u00ed s vanilkou. Jemn\u00fd kv\u011btinov\u00fd buket se d\u00edky intenzivn\u00edmu akordu mechu st\u00e1v\u00e1 a\u017e n\u00e1vykov\u00fdm. Pr\u016fsvitn\u00fd krychlov\u00fd flakon naplno ztv\u00e1r\u0148uje hodnoty m\u00f3dn\u00edho domu Maison Valentino a \u017eenskosti v\u016fn\u011b Voce Viva. V\u016fn\u011b Valentino Voce Viva byla uvedena na trh v roce 2020.\" \/>\n<meta name=\"robots\" content=\"index, follow, max-snippet:-1, max-image-preview:large, max-video-preview:-1\" \/>\n<link rel=\"canonical\" href=\"https:\/\/shopatoa.com\/cz\/valentino-voce-viva-objem-100-ml\/\" \/>\n<meta property=\"og:locale\" content=\"cs_CZ\" \/>\n<meta property=\"og:type\" content=\"article\" \/>\n<meta property=\"og:title\" content=\"Valentino Voce Viva Objem: 100 ml | SHOPATOA.COM\" \/>\n<meta property=\"og:description\" content=\"D\u00e1msk\u00e1 parf\u00e9movan\u00e1 voda\u00a0Valentino Voce Viva oslavuje hlas ka\u017ed\u00e9 \u017eeny jedin\u00fdm prohl\u00e1\u0161en\u00edm: M\u016fj hlas. M\u00e1 s\u00edla. Vyz\u00fdv\u00e1 v\u0161echny \u017eeny, aby \u017eily sv\u00e9 sny a inspirovaly ostatn\u00ed, zat\u00edmco oslavuje individualitu ka\u017ed\u00e9 z nich.\u00a0Valentino Voce Viva je oslavou rozmanit\u00e9 \u017eenskosti, typick\u00e9 pro zna\u010dku Valentino.\u00a0 V\u016fn\u011b se otev\u00edr\u00e1 italsk\u00fdm bergamotem, kter\u00fd je zjemn\u011bn\u00fd mandarinkou. Pomeran\u010dov\u00fd kv\u011bt a gard\u00e9nie tvo\u0159\u00ed bohat\u00fd kv\u011btinov\u00fd buket v\u016fn\u011b, zat\u00edmco mech p\u0159in\u00e1\u0161\u00ed neo\u010dek\u00e1vanou intenzitu ve spojen\u00ed s vanilkou. Jemn\u00fd kv\u011btinov\u00fd buket se d\u00edky intenzivn\u00edmu akordu mechu st\u00e1v\u00e1 a\u017e n\u00e1vykov\u00fdm. Pr\u016fsvitn\u00fd krychlov\u00fd flakon naplno ztv\u00e1r\u0148uje hodnoty m\u00f3dn\u00edho domu Maison Valentino a \u017eenskosti v\u016fn\u011b Voce Viva. V\u016fn\u011b Valentino Voce Viva byla uvedena na trh v roce 2020.\" \/>\n<meta property=\"og:url\" content=\"https:\/\/shopatoa.com\/cz\/valentino-voce-viva-objem-100-ml\/\" \/>\n<meta property=\"og:site_name\" content=\"SHOPATOA\" \/>\n<meta property=\"article:modified_time\" content=\"2025-03-14T20:46:34+00:00\" \/>\n<meta property=\"og:image\" content=\"https:\/\/shopatoa.com\/cz\/wp-content\/uploads\/2025\/02\/14296-1_valentino-voce-viva-objem-100-ml.jpg\" \/>\n\t<meta property=\"og:image:width\" content=\"455\" \/>\n\t<meta property=\"og:image:height\" content=\"505\" \/>\n\t<meta property=\"og:image:type\" content=\"image\/jpeg\" \/>\n<meta name=\"twitter:card\" content=\"summary_large_image\" \/>\n<meta name=\"twitter:label1\" content=\"Odhadovan\u00e1 doba \u010dten\u00ed\" \/>\n\t<meta name=\"twitter:data1\" content=\"1 minuta\" \/>\n<script type=\"application\/ld+json\" class=\"yoast-schema-graph\">{\"@context\":\"https:\\\/\\\/schema.org\",\"@graph\":[{\"@type\":\"WebPage\",\"@id\":\"https:\\\/\\\/shopatoa.com\\\/cz\\\/valentino-voce-viva-objem-100-ml\\\/\",\"url\":\"https:\\\/\\\/shopatoa.com\\\/cz\\\/valentino-voce-viva-objem-100-ml\\\/\",\"name\":\"Valentino Voce Viva Objem: 100 ml | SHOPATOA.COM\",\"isPartOf\":{\"@id\":\"https:\\\/\\\/shopatoa.com\\\/cz\\\/#website\"},\"primaryImageOfPage\":{\"@id\":\"https:\\\/\\\/shopatoa.com\\\/cz\\\/valentino-voce-viva-objem-100-ml\\\/#primaryimage\"},\"image\":{\"@id\":\"https:\\\/\\\/shopatoa.com\\\/cz\\\/valentino-voce-viva-objem-100-ml\\\/#primaryimage\"},\"thumbnailUrl\":\"https:\\\/\\\/shopatoa.com\\\/cz\\\/wp-content\\\/uploads\\\/2025\\\/02\\\/14296-1_valentino-voce-viva-objem-100-ml.jpg\",\"datePublished\":\"2025-02-14T16:07:01+00:00\",\"dateModified\":\"2025-03-14T20:46:34+00:00\",\"description\":\"D\u00e1msk\u00e1 parf\u00e9movan\u00e1 voda\u00a0Valentino Voce Viva oslavuje hlas ka\u017ed\u00e9 \u017eeny jedin\u00fdm prohl\u00e1\u0161en\u00edm: M\u016fj hlas. M\u00e1 s\u00edla. Vyz\u00fdv\u00e1 v\u0161echny \u017eeny, aby \u017eily sv\u00e9 sny a inspirovaly ostatn\u00ed, zat\u00edmco oslavuje individualitu ka\u017ed\u00e9 z nich.\u00a0Valentino Voce Viva je oslavou rozmanit\u00e9 \u017eenskosti, typick\u00e9 pro zna\u010dku Valentino.\u00a0 V\u016fn\u011b se otev\u00edr\u00e1 italsk\u00fdm bergamotem, kter\u00fd je zjemn\u011bn\u00fd mandarinkou. Pomeran\u010dov\u00fd kv\u011bt a gard\u00e9nie tvo\u0159\u00ed bohat\u00fd kv\u011btinov\u00fd buket v\u016fn\u011b, zat\u00edmco mech p\u0159in\u00e1\u0161\u00ed neo\u010dek\u00e1vanou intenzitu ve spojen\u00ed s vanilkou. Jemn\u00fd kv\u011btinov\u00fd buket se d\u00edky intenzivn\u00edmu akordu mechu st\u00e1v\u00e1 a\u017e n\u00e1vykov\u00fdm. Pr\u016fsvitn\u00fd krychlov\u00fd flakon naplno ztv\u00e1r\u0148uje hodnoty m\u00f3dn\u00edho domu Maison Valentino a \u017eenskosti v\u016fn\u011b Voce Viva. V\u016fn\u011b Valentino Voce Viva byla uvedena na trh v roce 2020.\",\"breadcrumb\":{\"@id\":\"https:\\\/\\\/shopatoa.com\\\/cz\\\/valentino-voce-viva-objem-100-ml\\\/#breadcrumb\"},\"inLanguage\":\"cs\",\"potentialAction\":[{\"@type\":\"ReadAction\",\"target\":[\"https:\\\/\\\/shopatoa.com\\\/cz\\\/valentino-voce-viva-objem-100-ml\\\/\"]}]},{\"@type\":\"ImageObject\",\"inLanguage\":\"cs\",\"@id\":\"https:\\\/\\\/shopatoa.com\\\/cz\\\/valentino-voce-viva-objem-100-ml\\\/#primaryimage\",\"url\":\"https:\\\/\\\/shopatoa.com\\\/cz\\\/wp-content\\\/uploads\\\/2025\\\/02\\\/14296-1_valentino-voce-viva-objem-100-ml.jpg\",\"contentUrl\":\"https:\\\/\\\/shopatoa.com\\\/cz\\\/wp-content\\\/uploads\\\/2025\\\/02\\\/14296-1_valentino-voce-viva-objem-100-ml.jpg\",\"width\":455,\"height\":505},{\"@type\":\"BreadcrumbList\",\"@id\":\"https:\\\/\\\/shopatoa.com\\\/cz\\\/valentino-voce-viva-objem-100-ml\\\/#breadcrumb\",\"itemListElement\":[{\"@type\":\"ListItem\",\"position\":1,\"name\":\"Dom\u016f\",\"item\":\"https:\\\/\\\/shopatoa.com\\\/cz\\\/\"},{\"@type\":\"ListItem\",\"position\":2,\"name\":\"Produkty\",\"item\":\"https:\\\/\\\/shopatoa.com\\\/cz\\\/shop\\\/\"},{\"@type\":\"ListItem\",\"position\":3,\"name\":\"Kosmetika a zdrav\u00ed\",\"item\":\"https:\\\/\\\/shopatoa.com\\\/cz\\\/kosmetika-a-zdravi\\\/\"},{\"@type\":\"ListItem\",\"position\":4,\"name\":\"Valentino Voce Viva Objem: 100 ml\"}]},{\"@type\":\"WebSite\",\"@id\":\"https:\\\/\\\/shopatoa.com\\\/cz\\\/#website\",\"url\":\"https:\\\/\\\/shopatoa.com\\\/cz\\\/\",\"name\":\"SHOPATOA\",\"description\":\"\",\"publisher\":{\"@id\":\"https:\\\/\\\/shopatoa.com\\\/cz\\\/#organization\"},\"potentialAction\":[{\"@type\":\"SearchAction\",\"target\":{\"@type\":\"EntryPoint\",\"urlTemplate\":\"https:\\\/\\\/shopatoa.com\\\/cz\\\/?s={search_term_string}\"},\"query-input\":{\"@type\":\"PropertyValueSpecification\",\"valueRequired\":true,\"valueName\":\"search_term_string\"}}],\"inLanguage\":\"cs\"},{\"@type\":\"Organization\",\"@id\":\"https:\\\/\\\/shopatoa.com\\\/cz\\\/#organization\",\"name\":\"SHOPATOA Digital s.r.o.\",\"url\":\"https:\\\/\\\/shopatoa.com\\\/cz\\\/\",\"logo\":{\"@type\":\"ImageObject\",\"inLanguage\":\"cs\",\"@id\":\"https:\\\/\\\/shopatoa.com\\\/cz\\\/#\\\/schema\\\/logo\\\/image\\\/\",\"url\":\"https:\\\/\\\/storage.googleapis.com\\\/cz-shopatoa-img\\\/cz\\\/ebccf434-shopatoa_logo.png\",\"contentUrl\":\"https:\\\/\\\/storage.googleapis.com\\\/cz-shopatoa-img\\\/cz\\\/ebccf434-shopatoa_logo.png\",\"width\":416,\"height\":63,\"caption\":\"SHOPATOA Digital s.r.o.\"},\"image\":{\"@id\":\"https:\\\/\\\/shopatoa.com\\\/cz\\\/#\\\/schema\\\/logo\\\/image\\\/\"}}]}<\/script>\n<!-- \/ Yoast SEO plugin. -->","yoast_head_json":{"title":"Valentino Voce Viva Objem: 100 ml | SHOPATOA.COM","description":"D\u00e1msk\u00e1 parf\u00e9movan\u00e1 voda\u00a0Valentino Voce Viva oslavuje hlas ka\u017ed\u00e9 \u017eeny jedin\u00fdm prohl\u00e1\u0161en\u00edm: M\u016fj hlas. M\u00e1 s\u00edla. Vyz\u00fdv\u00e1 v\u0161echny \u017eeny, aby \u017eily sv\u00e9 sny a inspirovaly ostatn\u00ed, zat\u00edmco oslavuje individualitu ka\u017ed\u00e9 z nich.\u00a0Valentino Voce Viva je oslavou rozmanit\u00e9 \u017eenskosti, typick\u00e9 pro zna\u010dku Valentino.\u00a0 V\u016fn\u011b se otev\u00edr\u00e1 italsk\u00fdm bergamotem, kter\u00fd je zjemn\u011bn\u00fd mandarinkou. Pomeran\u010dov\u00fd kv\u011bt a gard\u00e9nie tvo\u0159\u00ed bohat\u00fd kv\u011btinov\u00fd buket v\u016fn\u011b, zat\u00edmco mech p\u0159in\u00e1\u0161\u00ed neo\u010dek\u00e1vanou intenzitu ve spojen\u00ed s vanilkou. Jemn\u00fd kv\u011btinov\u00fd buket se d\u00edky intenzivn\u00edmu akordu mechu st\u00e1v\u00e1 a\u017e n\u00e1vykov\u00fdm. Pr\u016fsvitn\u00fd krychlov\u00fd flakon naplno ztv\u00e1r\u0148uje hodnoty m\u00f3dn\u00edho domu Maison Valentino a \u017eenskosti v\u016fn\u011b Voce Viva. V\u016fn\u011b Valentino Voce Viva byla uvedena na trh v roce 2020.","robots":{"index":"index","follow":"follow","max-snippet":"max-snippet:-1","max-image-preview":"max-image-preview:large","max-video-preview":"max-video-preview:-1"},"canonical":"https:\/\/shopatoa.com\/cz\/valentino-voce-viva-objem-100-ml\/","og_locale":"cs_CZ","og_type":"article","og_title":"Valentino Voce Viva Objem: 100 ml | SHOPATOA.COM","og_description":"D\u00e1msk\u00e1 parf\u00e9movan\u00e1 voda\u00a0Valentino Voce Viva oslavuje hlas ka\u017ed\u00e9 \u017eeny jedin\u00fdm prohl\u00e1\u0161en\u00edm: M\u016fj hlas. M\u00e1 s\u00edla. Vyz\u00fdv\u00e1 v\u0161echny \u017eeny, aby \u017eily sv\u00e9 sny a inspirovaly ostatn\u00ed, zat\u00edmco oslavuje individualitu ka\u017ed\u00e9 z nich.\u00a0Valentino Voce Viva je oslavou rozmanit\u00e9 \u017eenskosti, typick\u00e9 pro zna\u010dku Valentino.\u00a0 V\u016fn\u011b se otev\u00edr\u00e1 italsk\u00fdm bergamotem, kter\u00fd je zjemn\u011bn\u00fd mandarinkou. Pomeran\u010dov\u00fd kv\u011bt a gard\u00e9nie tvo\u0159\u00ed bohat\u00fd kv\u011btinov\u00fd buket v\u016fn\u011b, zat\u00edmco mech p\u0159in\u00e1\u0161\u00ed neo\u010dek\u00e1vanou intenzitu ve spojen\u00ed s vanilkou. Jemn\u00fd kv\u011btinov\u00fd buket se d\u00edky intenzivn\u00edmu akordu mechu st\u00e1v\u00e1 a\u017e n\u00e1vykov\u00fdm. Pr\u016fsvitn\u00fd krychlov\u00fd flakon naplno ztv\u00e1r\u0148uje hodnoty m\u00f3dn\u00edho domu Maison Valentino a \u017eenskosti v\u016fn\u011b Voce Viva. V\u016fn\u011b Valentino Voce Viva byla uvedena na trh v roce 2020.","og_url":"https:\/\/shopatoa.com\/cz\/valentino-voce-viva-objem-100-ml\/","og_site_name":"SHOPATOA","article_modified_time":"2025-03-14T20:46:34+00:00","og_image":[{"width":455,"height":505,"url":"https:\/\/shopatoa.com\/cz\/wp-content\/uploads\/2025\/02\/14296-1_valentino-voce-viva-objem-100-ml.jpg","type":"image\/jpeg"}],"twitter_card":"summary_large_image","twitter_misc":{"Odhadovan\u00e1 doba \u010dten\u00ed":"1 minuta"},"schema":{"@context":"https:\/\/schema.org","@graph":[{"@type":"WebPage","@id":"https:\/\/shopatoa.com\/cz\/valentino-voce-viva-objem-100-ml\/","url":"https:\/\/shopatoa.com\/cz\/valentino-voce-viva-objem-100-ml\/","name":"Valentino Voce Viva Objem: 100 ml | SHOPATOA.COM","isPartOf":{"@id":"https:\/\/shopatoa.com\/cz\/#website"},"primaryImageOfPage":{"@id":"https:\/\/shopatoa.com\/cz\/valentino-voce-viva-objem-100-ml\/#primaryimage"},"image":{"@id":"https:\/\/shopatoa.com\/cz\/valentino-voce-viva-objem-100-ml\/#primaryimage"},"thumbnailUrl":"https:\/\/shopatoa.com\/cz\/wp-content\/uploads\/2025\/02\/14296-1_valentino-voce-viva-objem-100-ml.jpg","datePublished":"2025-02-14T16:07:01+00:00","dateModified":"2025-03-14T20:46:34+00:00","description":"D\u00e1msk\u00e1 parf\u00e9movan\u00e1 voda\u00a0Valentino Voce Viva oslavuje hlas ka\u017ed\u00e9 \u017eeny jedin\u00fdm prohl\u00e1\u0161en\u00edm: M\u016fj hlas. M\u00e1 s\u00edla. Vyz\u00fdv\u00e1 v\u0161echny \u017eeny, aby \u017eily sv\u00e9 sny a inspirovaly ostatn\u00ed, zat\u00edmco oslavuje individualitu ka\u017ed\u00e9 z nich.\u00a0Valentino Voce Viva je oslavou rozmanit\u00e9 \u017eenskosti, typick\u00e9 pro zna\u010dku Valentino.\u00a0 V\u016fn\u011b se otev\u00edr\u00e1 italsk\u00fdm bergamotem, kter\u00fd je zjemn\u011bn\u00fd mandarinkou. Pomeran\u010dov\u00fd kv\u011bt a gard\u00e9nie tvo\u0159\u00ed bohat\u00fd kv\u011btinov\u00fd buket v\u016fn\u011b, zat\u00edmco mech p\u0159in\u00e1\u0161\u00ed neo\u010dek\u00e1vanou intenzitu ve spojen\u00ed s vanilkou. Jemn\u00fd kv\u011btinov\u00fd buket se d\u00edky intenzivn\u00edmu akordu mechu st\u00e1v\u00e1 a\u017e n\u00e1vykov\u00fdm. Pr\u016fsvitn\u00fd krychlov\u00fd flakon naplno ztv\u00e1r\u0148uje hodnoty m\u00f3dn\u00edho domu Maison Valentino a \u017eenskosti v\u016fn\u011b Voce Viva. V\u016fn\u011b Valentino Voce Viva byla uvedena na trh v roce 2020.","breadcrumb":{"@id":"https:\/\/shopatoa.com\/cz\/valentino-voce-viva-objem-100-ml\/#breadcrumb"},"inLanguage":"cs","potentialAction":[{"@type":"ReadAction","target":["https:\/\/shopatoa.com\/cz\/valentino-voce-viva-objem-100-ml\/"]}]},{"@type":"ImageObject","inLanguage":"cs","@id":"https:\/\/shopatoa.com\/cz\/valentino-voce-viva-objem-100-ml\/#primaryimage","url":"https:\/\/shopatoa.com\/cz\/wp-content\/uploads\/2025\/02\/14296-1_valentino-voce-viva-objem-100-ml.jpg","contentUrl":"https:\/\/shopatoa.com\/cz\/wp-content\/uploads\/2025\/02\/14296-1_valentino-voce-viva-objem-100-ml.jpg","width":455,"height":505},{"@type":"BreadcrumbList","@id":"https:\/\/shopatoa.com\/cz\/valentino-voce-viva-objem-100-ml\/#breadcrumb","itemListElement":[{"@type":"ListItem","position":1,"name":"Dom\u016f","item":"https:\/\/shopatoa.com\/cz\/"},{"@type":"ListItem","position":2,"name":"Produkty","item":"https:\/\/shopatoa.com\/cz\/shop\/"},{"@type":"ListItem","position":3,"name":"Kosmetika a zdrav\u00ed","item":"https:\/\/shopatoa.com\/cz\/kosmetika-a-zdravi\/"},{"@type":"ListItem","position":4,"name":"Valentino Voce Viva Objem: 100 ml"}]},{"@type":"WebSite","@id":"https:\/\/shopatoa.com\/cz\/#website","url":"https:\/\/shopatoa.com\/cz\/","name":"SHOPATOA","description":"","publisher":{"@id":"https:\/\/shopatoa.com\/cz\/#organization"},"potentialAction":[{"@type":"SearchAction","target":{"@type":"EntryPoint","urlTemplate":"https:\/\/shopatoa.com\/cz\/?s={search_term_string}"},"query-input":{"@type":"PropertyValueSpecification","valueRequired":true,"valueName":"search_term_string"}}],"inLanguage":"cs"},{"@type":"Organization","@id":"https:\/\/shopatoa.com\/cz\/#organization","name":"SHOPATOA Digital s.r.o.","url":"https:\/\/shopatoa.com\/cz\/","logo":{"@type":"ImageObject","inLanguage":"cs","@id":"https:\/\/shopatoa.com\/cz\/#\/schema\/logo\/image\/","url":"https:\/\/storage.googleapis.com\/cz-shopatoa-img\/cz\/ebccf434-shopatoa_logo.png","contentUrl":"https:\/\/storage.googleapis.com\/cz-shopatoa-img\/cz\/ebccf434-shopatoa_logo.png","width":416,"height":63,"caption":"SHOPATOA Digital s.r.o."},"image":{"@id":"https:\/\/shopatoa.com\/cz\/#\/schema\/logo\/image\/"}}]}},"_links":{"self":[{"href":"https:\/\/shopatoa.com\/cz\/wp-json\/wp\/v2\/product\/129871","targetHints":{"allow":["GET"]}}],"collection":[{"href":"https:\/\/shopatoa.com\/cz\/wp-json\/wp\/v2\/product"}],"about":[{"href":"https:\/\/shopatoa.com\/cz\/wp-json\/wp\/v2\/types\/product"}],"replies":[{"embeddable":true,"href":"https:\/\/shopatoa.com\/cz\/wp-json\/wp\/v2\/comments?post=129871"}],"wp:featuredmedia":[{"embeddable":true,"href":"https:\/\/shopatoa.com\/cz\/wp-json\/wp\/v2\/media\/129872"}],"wp:attachment":[{"href":"https:\/\/shopatoa.com\/cz\/wp-json\/wp\/v2\/media?parent=129871"}],"wp:term":[{"taxonomy":"product_brand","embeddable":true,"href":"https:\/\/shopatoa.com\/cz\/wp-json\/wp\/v2\/product_brand?post=129871"},{"taxonomy":"product_cat","embeddable":true,"href":"https:\/\/shopatoa.com\/cz\/wp-json\/wp\/v2\/product_cat?post=129871"},{"taxonomy":"product_tag","embeddable":true,"href":"https:\/\/shopatoa.com\/cz\/wp-json\/wp\/v2\/product_tag?post=129871"}],"curies":[{"name":"wp","href":"https:\/\/api.w.org\/{rel}","templated":true}]}}