{"id":130134,"date":"2025-02-14T19:17:34","date_gmt":"2025-02-14T18:17:34","guid":{"rendered":"https:\/\/shopatoa.com\/cz\/on-damske-boty-cloudnova\/"},"modified":"2025-03-14T21:50:11","modified_gmt":"2025-03-14T20:50:11","slug":"on-damske-boty-cloudnova","status":"publish","type":"product","link":"https:\/\/shopatoa.com\/cz\/on-damske-boty-cloudnova\/","title":{"rendered":"ON D\u00e1msk\u00e9 boty  Cloudnova"},"content":{"rendered":"<p>D\u00e1msk\u00e9 boty ON Cloudnova v\u00a0sob\u011b spojily funk\u010dnost s\u00a0pohodl\u00edm, jeliko\u017e se tu nejmodern\u011bj\u0161\u00ed technologie potk\u00e1vaj\u00ed s\u00a0designem. D\u00edky stylov\u00e9mu vzhledu je m\u016f\u017eete vz\u00edt do pr\u00e1ce i\u00a0na party, p\u0159i\u010dem\u017e se d\u00edky funk\u010dn\u00edm vlastnostem a\u00a0skv\u011bl\u00e9mu tlumen\u00ed hod\u00ed i\u00a0na odpoledn\u00ed proch\u00e1zky. O\u00a0pohodl\u00ed a\u00a0m\u011bkk\u00fd do\u0161lap se star\u00e1 patentovan\u00e1 technologie CloudTec\u00ae a\u00a0pevn\u00e1 deska Speedboard\u00ae.<\/p>\n","protected":false},"excerpt":{"rendered":"<p>D\u00e1msk\u00e9 boty ON Cloudnova v\u00a0sob\u011b spojily funk\u010dnost s\u00a0pohodl\u00edm, jeliko\u017e se tu nejmodern\u011bj\u0161\u00ed technologie potk\u00e1vaj\u00ed s\u00a0designem. D\u00edky stylov\u00e9mu vzhledu je m\u016f\u017eete vz\u00edt do pr\u00e1ce i\u00a0na party, p\u0159i\u010dem\u017e se d\u00edky funk\u010dn\u00edm vlastnostem a\u00a0skv\u011bl\u00e9mu tlumen\u00ed hod\u00ed i\u00a0na odpoledn\u00ed proch\u00e1zky. O\u00a0pohodl\u00ed a\u00a0m\u011bkk\u00fd do\u0161lap se star\u00e1 patentovan\u00e1 technologie CloudTec\u00ae a\u00a0pevn\u00e1 deska Speedboard\u00ae.<\/p>\n","protected":false},"featured_media":0,"comment_status":"closed","ping_status":"open","template":"","meta":{"_acf_changed":false,"_kadence_starter_templates_imported_post":false,"_kad_post_transparent":"","_kad_post_title":"","_kad_post_layout":"","_kad_post_sidebar_id":"","_kad_post_content_style":"","_kad_post_vertical_padding":"","_kad_post_feature":"","_kad_post_feature_position":"","_kad_post_header":false,"_kad_post_footer":false,"_kad_post_classname":""},"product_brand":[],"product_cat":[31,25],"product_tag":[],"class_list":{"0":"post-130134","1":"product","2":"type-product","3":"status-publish","5":"product_cat-boty","6":"product_cat-obleceni-a-moda","7":"pa_obchod-endorphinrepublic-cz","8":"pa_pohlavi-zena","10":"first","11":"instock","12":"product-type-external","13":"entry","14":"content-bg","15":"loop-entry"},"acf":[],"yoast_head":"<!-- This site is optimized with the Yoast SEO plugin v27.4 - https:\/\/yoast.com\/product\/yoast-seo-wordpress\/ -->\n<title>ON D\u00e1msk\u00e9 boty Cloudnova - SHOPATOA.COM<\/title>\n<meta name=\"description\" content=\"D\u00e1msk\u00e9 boty ON Cloudnova v\u00a0sob\u011b spojily funk\u010dnost s\u00a0pohodl\u00edm, jeliko\u017e se tu nejmodern\u011bj\u0161\u00ed technologie potk\u00e1vaj\u00ed s\u00a0designem. D\u00edky stylov\u00e9mu vzhledu je m\u016f\u017eete vz\u00edt do pr\u00e1ce i\u00a0na party, p\u0159i\u010dem\u017e se d\u00edky funk\u010dn\u00edm vlastnostem a\u00a0skv\u011bl\u00e9mu tlumen\u00ed hod\u00ed i\u00a0na odpoledn\u00ed proch\u00e1zky. O\u00a0pohodl\u00ed a\u00a0m\u011bkk\u00fd do\u0161lap se star\u00e1 patentovan\u00e1 technologie CloudTec\u00ae a\u00a0pevn\u00e1 deska Speedboard\u00ae.\" \/>\n<meta name=\"robots\" content=\"index, follow, max-snippet:-1, max-image-preview:large, max-video-preview:-1\" \/>\n<link rel=\"canonical\" href=\"https:\/\/shopatoa.com\/cz\/on-damske-boty-cloudnova\/\" \/>\n<meta property=\"og:locale\" content=\"cs_CZ\" \/>\n<meta property=\"og:type\" content=\"article\" \/>\n<meta property=\"og:title\" content=\"ON D\u00e1msk\u00e9 boty Cloudnova - SHOPATOA.COM\" \/>\n<meta property=\"og:description\" content=\"D\u00e1msk\u00e9 boty ON Cloudnova v\u00a0sob\u011b spojily funk\u010dnost s\u00a0pohodl\u00edm, jeliko\u017e se tu nejmodern\u011bj\u0161\u00ed technologie potk\u00e1vaj\u00ed s\u00a0designem. D\u00edky stylov\u00e9mu vzhledu je m\u016f\u017eete vz\u00edt do pr\u00e1ce i\u00a0na party, p\u0159i\u010dem\u017e se d\u00edky funk\u010dn\u00edm vlastnostem a\u00a0skv\u011bl\u00e9mu tlumen\u00ed hod\u00ed i\u00a0na odpoledn\u00ed proch\u00e1zky. O\u00a0pohodl\u00ed a\u00a0m\u011bkk\u00fd do\u0161lap se star\u00e1 patentovan\u00e1 technologie CloudTec\u00ae a\u00a0pevn\u00e1 deska Speedboard\u00ae.\" \/>\n<meta property=\"og:url\" content=\"https:\/\/shopatoa.com\/cz\/on-damske-boty-cloudnova\/\" \/>\n<meta property=\"og:site_name\" content=\"SHOPATOA\" \/>\n<meta property=\"article:modified_time\" content=\"2025-03-14T20:50:11+00:00\" \/>\n<meta name=\"twitter:card\" content=\"summary_large_image\" \/>\n<script type=\"application\/ld+json\" class=\"yoast-schema-graph\">{\"@context\":\"https:\\\/\\\/schema.org\",\"@graph\":[{\"@type\":\"WebPage\",\"@id\":\"https:\\\/\\\/shopatoa.com\\\/cz\\\/on-damske-boty-cloudnova\\\/\",\"url\":\"https:\\\/\\\/shopatoa.com\\\/cz\\\/on-damske-boty-cloudnova\\\/\",\"name\":\"ON D\u00e1msk\u00e9 boty Cloudnova - SHOPATOA.COM\",\"isPartOf\":{\"@id\":\"https:\\\/\\\/shopatoa.com\\\/cz\\\/#website\"},\"datePublished\":\"2025-02-14T18:17:34+00:00\",\"dateModified\":\"2025-03-14T20:50:11+00:00\",\"description\":\"D\u00e1msk\u00e9 boty ON Cloudnova v\u00a0sob\u011b spojily funk\u010dnost s\u00a0pohodl\u00edm, jeliko\u017e se tu nejmodern\u011bj\u0161\u00ed technologie potk\u00e1vaj\u00ed s\u00a0designem. D\u00edky stylov\u00e9mu vzhledu je m\u016f\u017eete vz\u00edt do pr\u00e1ce i\u00a0na party, p\u0159i\u010dem\u017e se d\u00edky funk\u010dn\u00edm vlastnostem a\u00a0skv\u011bl\u00e9mu tlumen\u00ed hod\u00ed i\u00a0na odpoledn\u00ed proch\u00e1zky. O\u00a0pohodl\u00ed a\u00a0m\u011bkk\u00fd do\u0161lap se star\u00e1 patentovan\u00e1 technologie CloudTec\u00ae a\u00a0pevn\u00e1 deska Speedboard\u00ae.\",\"breadcrumb\":{\"@id\":\"https:\\\/\\\/shopatoa.com\\\/cz\\\/on-damske-boty-cloudnova\\\/#breadcrumb\"},\"inLanguage\":\"cs\",\"potentialAction\":[{\"@type\":\"ReadAction\",\"target\":[\"https:\\\/\\\/shopatoa.com\\\/cz\\\/on-damske-boty-cloudnova\\\/\"]}]},{\"@type\":\"BreadcrumbList\",\"@id\":\"https:\\\/\\\/shopatoa.com\\\/cz\\\/on-damske-boty-cloudnova\\\/#breadcrumb\",\"itemListElement\":[{\"@type\":\"ListItem\",\"position\":1,\"name\":\"Dom\u016f\",\"item\":\"https:\\\/\\\/shopatoa.com\\\/cz\\\/\"},{\"@type\":\"ListItem\",\"position\":2,\"name\":\"Produkty\",\"item\":\"https:\\\/\\\/shopatoa.com\\\/cz\\\/shop\\\/\"},{\"@type\":\"ListItem\",\"position\":3,\"name\":\"Oble\u010den\u00ed a m\u00f3da\",\"item\":\"https:\\\/\\\/shopatoa.com\\\/cz\\\/obleceni-a-moda\\\/\"},{\"@type\":\"ListItem\",\"position\":4,\"name\":\"Boty\",\"item\":\"https:\\\/\\\/shopatoa.com\\\/cz\\\/boty\\\/\"},{\"@type\":\"ListItem\",\"position\":5,\"name\":\"ON D\u00e1msk\u00e9 boty Cloudnova\"}]},{\"@type\":\"WebSite\",\"@id\":\"https:\\\/\\\/shopatoa.com\\\/cz\\\/#website\",\"url\":\"https:\\\/\\\/shopatoa.com\\\/cz\\\/\",\"name\":\"SHOPATOA\",\"description\":\"\",\"publisher\":{\"@id\":\"https:\\\/\\\/shopatoa.com\\\/cz\\\/#organization\"},\"potentialAction\":[{\"@type\":\"SearchAction\",\"target\":{\"@type\":\"EntryPoint\",\"urlTemplate\":\"https:\\\/\\\/shopatoa.com\\\/cz\\\/?s={search_term_string}\"},\"query-input\":{\"@type\":\"PropertyValueSpecification\",\"valueRequired\":true,\"valueName\":\"search_term_string\"}}],\"inLanguage\":\"cs\"},{\"@type\":\"Organization\",\"@id\":\"https:\\\/\\\/shopatoa.com\\\/cz\\\/#organization\",\"name\":\"SHOPATOA Digital s.r.o.\",\"url\":\"https:\\\/\\\/shopatoa.com\\\/cz\\\/\",\"logo\":{\"@type\":\"ImageObject\",\"inLanguage\":\"cs\",\"@id\":\"https:\\\/\\\/shopatoa.com\\\/cz\\\/#\\\/schema\\\/logo\\\/image\\\/\",\"url\":\"https:\\\/\\\/storage.googleapis.com\\\/cz-shopatoa-img\\\/cz\\\/ebccf434-shopatoa_logo.png\",\"contentUrl\":\"https:\\\/\\\/storage.googleapis.com\\\/cz-shopatoa-img\\\/cz\\\/ebccf434-shopatoa_logo.png\",\"width\":416,\"height\":63,\"caption\":\"SHOPATOA Digital s.r.o.\"},\"image\":{\"@id\":\"https:\\\/\\\/shopatoa.com\\\/cz\\\/#\\\/schema\\\/logo\\\/image\\\/\"}}]}<\/script>\n<!-- \/ Yoast SEO plugin. -->","yoast_head_json":{"title":"ON D\u00e1msk\u00e9 boty Cloudnova - SHOPATOA.COM","description":"D\u00e1msk\u00e9 boty ON Cloudnova v\u00a0sob\u011b spojily funk\u010dnost s\u00a0pohodl\u00edm, jeliko\u017e se tu nejmodern\u011bj\u0161\u00ed technologie potk\u00e1vaj\u00ed s\u00a0designem. D\u00edky stylov\u00e9mu vzhledu je m\u016f\u017eete vz\u00edt do pr\u00e1ce i\u00a0na party, p\u0159i\u010dem\u017e se d\u00edky funk\u010dn\u00edm vlastnostem a\u00a0skv\u011bl\u00e9mu tlumen\u00ed hod\u00ed i\u00a0na odpoledn\u00ed proch\u00e1zky. O\u00a0pohodl\u00ed a\u00a0m\u011bkk\u00fd do\u0161lap se star\u00e1 patentovan\u00e1 technologie CloudTec\u00ae a\u00a0pevn\u00e1 deska Speedboard\u00ae.","robots":{"index":"index","follow":"follow","max-snippet":"max-snippet:-1","max-image-preview":"max-image-preview:large","max-video-preview":"max-video-preview:-1"},"canonical":"https:\/\/shopatoa.com\/cz\/on-damske-boty-cloudnova\/","og_locale":"cs_CZ","og_type":"article","og_title":"ON D\u00e1msk\u00e9 boty Cloudnova - SHOPATOA.COM","og_description":"D\u00e1msk\u00e9 boty ON Cloudnova v\u00a0sob\u011b spojily funk\u010dnost s\u00a0pohodl\u00edm, jeliko\u017e se tu nejmodern\u011bj\u0161\u00ed technologie potk\u00e1vaj\u00ed s\u00a0designem. D\u00edky stylov\u00e9mu vzhledu je m\u016f\u017eete vz\u00edt do pr\u00e1ce i\u00a0na party, p\u0159i\u010dem\u017e se d\u00edky funk\u010dn\u00edm vlastnostem a\u00a0skv\u011bl\u00e9mu tlumen\u00ed hod\u00ed i\u00a0na odpoledn\u00ed proch\u00e1zky. O\u00a0pohodl\u00ed a\u00a0m\u011bkk\u00fd do\u0161lap se star\u00e1 patentovan\u00e1 technologie CloudTec\u00ae a\u00a0pevn\u00e1 deska Speedboard\u00ae.","og_url":"https:\/\/shopatoa.com\/cz\/on-damske-boty-cloudnova\/","og_site_name":"SHOPATOA","article_modified_time":"2025-03-14T20:50:11+00:00","twitter_card":"summary_large_image","schema":{"@context":"https:\/\/schema.org","@graph":[{"@type":"WebPage","@id":"https:\/\/shopatoa.com\/cz\/on-damske-boty-cloudnova\/","url":"https:\/\/shopatoa.com\/cz\/on-damske-boty-cloudnova\/","name":"ON D\u00e1msk\u00e9 boty Cloudnova - SHOPATOA.COM","isPartOf":{"@id":"https:\/\/shopatoa.com\/cz\/#website"},"datePublished":"2025-02-14T18:17:34+00:00","dateModified":"2025-03-14T20:50:11+00:00","description":"D\u00e1msk\u00e9 boty ON Cloudnova v\u00a0sob\u011b spojily funk\u010dnost s\u00a0pohodl\u00edm, jeliko\u017e se tu nejmodern\u011bj\u0161\u00ed technologie potk\u00e1vaj\u00ed s\u00a0designem. D\u00edky stylov\u00e9mu vzhledu je m\u016f\u017eete vz\u00edt do pr\u00e1ce i\u00a0na party, p\u0159i\u010dem\u017e se d\u00edky funk\u010dn\u00edm vlastnostem a\u00a0skv\u011bl\u00e9mu tlumen\u00ed hod\u00ed i\u00a0na odpoledn\u00ed proch\u00e1zky. O\u00a0pohodl\u00ed a\u00a0m\u011bkk\u00fd do\u0161lap se star\u00e1 patentovan\u00e1 technologie CloudTec\u00ae a\u00a0pevn\u00e1 deska Speedboard\u00ae.","breadcrumb":{"@id":"https:\/\/shopatoa.com\/cz\/on-damske-boty-cloudnova\/#breadcrumb"},"inLanguage":"cs","potentialAction":[{"@type":"ReadAction","target":["https:\/\/shopatoa.com\/cz\/on-damske-boty-cloudnova\/"]}]},{"@type":"BreadcrumbList","@id":"https:\/\/shopatoa.com\/cz\/on-damske-boty-cloudnova\/#breadcrumb","itemListElement":[{"@type":"ListItem","position":1,"name":"Dom\u016f","item":"https:\/\/shopatoa.com\/cz\/"},{"@type":"ListItem","position":2,"name":"Produkty","item":"https:\/\/shopatoa.com\/cz\/shop\/"},{"@type":"ListItem","position":3,"name":"Oble\u010den\u00ed a m\u00f3da","item":"https:\/\/shopatoa.com\/cz\/obleceni-a-moda\/"},{"@type":"ListItem","position":4,"name":"Boty","item":"https:\/\/shopatoa.com\/cz\/boty\/"},{"@type":"ListItem","position":5,"name":"ON D\u00e1msk\u00e9 boty Cloudnova"}]},{"@type":"WebSite","@id":"https:\/\/shopatoa.com\/cz\/#website","url":"https:\/\/shopatoa.com\/cz\/","name":"SHOPATOA","description":"","publisher":{"@id":"https:\/\/shopatoa.com\/cz\/#organization"},"potentialAction":[{"@type":"SearchAction","target":{"@type":"EntryPoint","urlTemplate":"https:\/\/shopatoa.com\/cz\/?s={search_term_string}"},"query-input":{"@type":"PropertyValueSpecification","valueRequired":true,"valueName":"search_term_string"}}],"inLanguage":"cs"},{"@type":"Organization","@id":"https:\/\/shopatoa.com\/cz\/#organization","name":"SHOPATOA Digital s.r.o.","url":"https:\/\/shopatoa.com\/cz\/","logo":{"@type":"ImageObject","inLanguage":"cs","@id":"https:\/\/shopatoa.com\/cz\/#\/schema\/logo\/image\/","url":"https:\/\/storage.googleapis.com\/cz-shopatoa-img\/cz\/ebccf434-shopatoa_logo.png","contentUrl":"https:\/\/storage.googleapis.com\/cz-shopatoa-img\/cz\/ebccf434-shopatoa_logo.png","width":416,"height":63,"caption":"SHOPATOA Digital s.r.o."},"image":{"@id":"https:\/\/shopatoa.com\/cz\/#\/schema\/logo\/image\/"}}]}},"_links":{"self":[{"href":"https:\/\/shopatoa.com\/cz\/wp-json\/wp\/v2\/product\/130134","targetHints":{"allow":["GET"]}}],"collection":[{"href":"https:\/\/shopatoa.com\/cz\/wp-json\/wp\/v2\/product"}],"about":[{"href":"https:\/\/shopatoa.com\/cz\/wp-json\/wp\/v2\/types\/product"}],"replies":[{"embeddable":true,"href":"https:\/\/shopatoa.com\/cz\/wp-json\/wp\/v2\/comments?post=130134"}],"wp:attachment":[{"href":"https:\/\/shopatoa.com\/cz\/wp-json\/wp\/v2\/media?parent=130134"}],"wp:term":[{"taxonomy":"product_brand","embeddable":true,"href":"https:\/\/shopatoa.com\/cz\/wp-json\/wp\/v2\/product_brand?post=130134"},{"taxonomy":"product_cat","embeddable":true,"href":"https:\/\/shopatoa.com\/cz\/wp-json\/wp\/v2\/product_cat?post=130134"},{"taxonomy":"product_tag","embeddable":true,"href":"https:\/\/shopatoa.com\/cz\/wp-json\/wp\/v2\/product_tag?post=130134"}],"curies":[{"name":"wp","href":"https:\/\/api.w.org\/{rel}","templated":true}]}}