{"id":130135,"date":"2025-02-14T19:17:34","date_gmt":"2025-02-14T18:17:34","guid":{"rendered":"https:\/\/shopatoa.com\/cz\/on-damske-boty-cloud-x-shift\/"},"modified":"2025-03-14T21:50:13","modified_gmt":"2025-03-14T20:50:13","slug":"on-damske-boty-cloud-x-shift","status":"publish","type":"product","link":"https:\/\/shopatoa.com\/cz\/on-damske-boty-cloud-x-shift\/","title":{"rendered":"ON D\u00e1msk\u00e9 boty  Cloud X Shift"},"content":{"rendered":"<p>Um\u011bj\u00ed m\u011bnit sv\u016fj vzhled i\u00a0svou osobnost. On Cloud X Shift jsou 100% funk\u010dn\u00ed boty, kter\u00e9 ale m\u016f\u017ee\u0161 nosit ve m\u011bst\u011b cel\u00fd den! Sv\u016fj vzhled a\u00a0barvy dok\u00e1\u017eou m\u011bnit podle pohybu a\u00a0tak\u00e9 mno\u017estv\u00ed sv\u011btla\u00a0\u2013 tohle je z\u00e1blesk devades\u00e1t\u00fdch let. U\u017eij si tu lehkost, pohodl\u00ed a\u00a0v\u0161estrannost, se kterou bude\u0161 moci tan\u010dit na st\u0159ech\u00e1ch dom\u016f a\u017e do sv\u00edt\u00e1n\u00ed.<\/p>\n","protected":false},"excerpt":{"rendered":"<p>Um\u011bj\u00ed m\u011bnit sv\u016fj vzhled i\u00a0svou osobnost. On Cloud X Shift jsou 100% funk\u010dn\u00ed boty, kter\u00e9 ale m\u016f\u017ee\u0161 nosit ve m\u011bst\u011b cel\u00fd den! Sv\u016fj vzhled a\u00a0barvy dok\u00e1\u017eou m\u011bnit podle pohybu a\u00a0tak\u00e9 mno\u017estv\u00ed sv\u011btla\u00a0\u2013 tohle je z\u00e1blesk devades\u00e1t\u00fdch let. U\u017eij si tu lehkost, pohodl\u00ed a\u00a0v\u0161estrannost, se kterou bude\u0161 moci tan\u010dit na st\u0159ech\u00e1ch dom\u016f a\u017e do sv\u00edt\u00e1n\u00ed.<\/p>\n","protected":false},"featured_media":0,"comment_status":"closed","ping_status":"open","template":"","meta":{"_acf_changed":false,"_kadence_starter_templates_imported_post":false,"_kad_post_transparent":"","_kad_post_title":"","_kad_post_layout":"","_kad_post_sidebar_id":"","_kad_post_content_style":"","_kad_post_vertical_padding":"","_kad_post_feature":"","_kad_post_feature_position":"","_kad_post_header":false,"_kad_post_footer":false,"_kad_post_classname":""},"product_brand":[],"product_cat":[31,25],"product_tag":[],"class_list":{"0":"post-130135","1":"product","2":"type-product","3":"status-publish","5":"product_cat-boty","6":"product_cat-obleceni-a-moda","7":"pa_obchod-endorphinrepublic-cz","8":"pa_pohlavi-zena","10":"first","11":"instock","12":"product-type-external","13":"entry","14":"content-bg","15":"loop-entry"},"acf":[],"yoast_head":"<!-- This site is optimized with the Yoast SEO plugin v27.4 - https:\/\/yoast.com\/product\/yoast-seo-wordpress\/ -->\n<title>ON D\u00e1msk\u00e9 boty Cloud X Shift - SHOPATOA.COM<\/title>\n<meta name=\"description\" content=\"Um\u011bj\u00ed m\u011bnit sv\u016fj vzhled i\u00a0svou osobnost. On Cloud X Shift jsou 100% funk\u010dn\u00ed boty, kter\u00e9 ale m\u016f\u017ee\u0161 nosit ve m\u011bst\u011b cel\u00fd den! Sv\u016fj vzhled a\u00a0barvy dok\u00e1\u017eou m\u011bnit podle pohybu a\u00a0tak\u00e9 mno\u017estv\u00ed sv\u011btla\u00a0\u2013 tohle je z\u00e1blesk devades\u00e1t\u00fdch let. U\u017eij si tu lehkost, pohodl\u00ed a\u00a0v\u0161estrannost, se kterou bude\u0161 moci tan\u010dit na st\u0159ech\u00e1ch dom\u016f a\u017e do sv\u00edt\u00e1n\u00ed.\" \/>\n<meta name=\"robots\" content=\"index, follow, max-snippet:-1, max-image-preview:large, max-video-preview:-1\" \/>\n<link rel=\"canonical\" href=\"https:\/\/shopatoa.com\/cz\/on-damske-boty-cloud-x-shift\/\" \/>\n<meta property=\"og:locale\" content=\"cs_CZ\" \/>\n<meta property=\"og:type\" content=\"article\" \/>\n<meta property=\"og:title\" content=\"ON D\u00e1msk\u00e9 boty Cloud X Shift - SHOPATOA.COM\" \/>\n<meta property=\"og:description\" content=\"Um\u011bj\u00ed m\u011bnit sv\u016fj vzhled i\u00a0svou osobnost. On Cloud X Shift jsou 100% funk\u010dn\u00ed boty, kter\u00e9 ale m\u016f\u017ee\u0161 nosit ve m\u011bst\u011b cel\u00fd den! Sv\u016fj vzhled a\u00a0barvy dok\u00e1\u017eou m\u011bnit podle pohybu a\u00a0tak\u00e9 mno\u017estv\u00ed sv\u011btla\u00a0\u2013 tohle je z\u00e1blesk devades\u00e1t\u00fdch let. U\u017eij si tu lehkost, pohodl\u00ed a\u00a0v\u0161estrannost, se kterou bude\u0161 moci tan\u010dit na st\u0159ech\u00e1ch dom\u016f a\u017e do sv\u00edt\u00e1n\u00ed.\" \/>\n<meta property=\"og:url\" content=\"https:\/\/shopatoa.com\/cz\/on-damske-boty-cloud-x-shift\/\" \/>\n<meta property=\"og:site_name\" content=\"SHOPATOA\" \/>\n<meta property=\"article:modified_time\" content=\"2025-03-14T20:50:13+00:00\" \/>\n<meta name=\"twitter:card\" content=\"summary_large_image\" \/>\n<script type=\"application\/ld+json\" class=\"yoast-schema-graph\">{\"@context\":\"https:\\\/\\\/schema.org\",\"@graph\":[{\"@type\":\"WebPage\",\"@id\":\"https:\\\/\\\/shopatoa.com\\\/cz\\\/on-damske-boty-cloud-x-shift\\\/\",\"url\":\"https:\\\/\\\/shopatoa.com\\\/cz\\\/on-damske-boty-cloud-x-shift\\\/\",\"name\":\"ON D\u00e1msk\u00e9 boty Cloud X Shift - SHOPATOA.COM\",\"isPartOf\":{\"@id\":\"https:\\\/\\\/shopatoa.com\\\/cz\\\/#website\"},\"datePublished\":\"2025-02-14T18:17:34+00:00\",\"dateModified\":\"2025-03-14T20:50:13+00:00\",\"description\":\"Um\u011bj\u00ed m\u011bnit sv\u016fj vzhled i\u00a0svou osobnost. On Cloud X Shift jsou 100% funk\u010dn\u00ed boty, kter\u00e9 ale m\u016f\u017ee\u0161 nosit ve m\u011bst\u011b cel\u00fd den! Sv\u016fj vzhled a\u00a0barvy dok\u00e1\u017eou m\u011bnit podle pohybu a\u00a0tak\u00e9 mno\u017estv\u00ed sv\u011btla\u00a0\u2013 tohle je z\u00e1blesk devades\u00e1t\u00fdch let. U\u017eij si tu lehkost, pohodl\u00ed a\u00a0v\u0161estrannost, se kterou bude\u0161 moci tan\u010dit na st\u0159ech\u00e1ch dom\u016f a\u017e do sv\u00edt\u00e1n\u00ed.\",\"breadcrumb\":{\"@id\":\"https:\\\/\\\/shopatoa.com\\\/cz\\\/on-damske-boty-cloud-x-shift\\\/#breadcrumb\"},\"inLanguage\":\"cs\",\"potentialAction\":[{\"@type\":\"ReadAction\",\"target\":[\"https:\\\/\\\/shopatoa.com\\\/cz\\\/on-damske-boty-cloud-x-shift\\\/\"]}]},{\"@type\":\"BreadcrumbList\",\"@id\":\"https:\\\/\\\/shopatoa.com\\\/cz\\\/on-damske-boty-cloud-x-shift\\\/#breadcrumb\",\"itemListElement\":[{\"@type\":\"ListItem\",\"position\":1,\"name\":\"Dom\u016f\",\"item\":\"https:\\\/\\\/shopatoa.com\\\/cz\\\/\"},{\"@type\":\"ListItem\",\"position\":2,\"name\":\"Produkty\",\"item\":\"https:\\\/\\\/shopatoa.com\\\/cz\\\/shop\\\/\"},{\"@type\":\"ListItem\",\"position\":3,\"name\":\"Oble\u010den\u00ed a m\u00f3da\",\"item\":\"https:\\\/\\\/shopatoa.com\\\/cz\\\/obleceni-a-moda\\\/\"},{\"@type\":\"ListItem\",\"position\":4,\"name\":\"Boty\",\"item\":\"https:\\\/\\\/shopatoa.com\\\/cz\\\/boty\\\/\"},{\"@type\":\"ListItem\",\"position\":5,\"name\":\"ON D\u00e1msk\u00e9 boty Cloud X Shift\"}]},{\"@type\":\"WebSite\",\"@id\":\"https:\\\/\\\/shopatoa.com\\\/cz\\\/#website\",\"url\":\"https:\\\/\\\/shopatoa.com\\\/cz\\\/\",\"name\":\"SHOPATOA\",\"description\":\"\",\"publisher\":{\"@id\":\"https:\\\/\\\/shopatoa.com\\\/cz\\\/#organization\"},\"potentialAction\":[{\"@type\":\"SearchAction\",\"target\":{\"@type\":\"EntryPoint\",\"urlTemplate\":\"https:\\\/\\\/shopatoa.com\\\/cz\\\/?s={search_term_string}\"},\"query-input\":{\"@type\":\"PropertyValueSpecification\",\"valueRequired\":true,\"valueName\":\"search_term_string\"}}],\"inLanguage\":\"cs\"},{\"@type\":\"Organization\",\"@id\":\"https:\\\/\\\/shopatoa.com\\\/cz\\\/#organization\",\"name\":\"SHOPATOA Digital s.r.o.\",\"url\":\"https:\\\/\\\/shopatoa.com\\\/cz\\\/\",\"logo\":{\"@type\":\"ImageObject\",\"inLanguage\":\"cs\",\"@id\":\"https:\\\/\\\/shopatoa.com\\\/cz\\\/#\\\/schema\\\/logo\\\/image\\\/\",\"url\":\"https:\\\/\\\/storage.googleapis.com\\\/cz-shopatoa-img\\\/cz\\\/ebccf434-shopatoa_logo.png\",\"contentUrl\":\"https:\\\/\\\/storage.googleapis.com\\\/cz-shopatoa-img\\\/cz\\\/ebccf434-shopatoa_logo.png\",\"width\":416,\"height\":63,\"caption\":\"SHOPATOA Digital s.r.o.\"},\"image\":{\"@id\":\"https:\\\/\\\/shopatoa.com\\\/cz\\\/#\\\/schema\\\/logo\\\/image\\\/\"}}]}<\/script>\n<!-- \/ Yoast SEO plugin. -->","yoast_head_json":{"title":"ON D\u00e1msk\u00e9 boty Cloud X Shift - SHOPATOA.COM","description":"Um\u011bj\u00ed m\u011bnit sv\u016fj vzhled i\u00a0svou osobnost. On Cloud X Shift jsou 100% funk\u010dn\u00ed boty, kter\u00e9 ale m\u016f\u017ee\u0161 nosit ve m\u011bst\u011b cel\u00fd den! Sv\u016fj vzhled a\u00a0barvy dok\u00e1\u017eou m\u011bnit podle pohybu a\u00a0tak\u00e9 mno\u017estv\u00ed sv\u011btla\u00a0\u2013 tohle je z\u00e1blesk devades\u00e1t\u00fdch let. U\u017eij si tu lehkost, pohodl\u00ed a\u00a0v\u0161estrannost, se kterou bude\u0161 moci tan\u010dit na st\u0159ech\u00e1ch dom\u016f a\u017e do sv\u00edt\u00e1n\u00ed.","robots":{"index":"index","follow":"follow","max-snippet":"max-snippet:-1","max-image-preview":"max-image-preview:large","max-video-preview":"max-video-preview:-1"},"canonical":"https:\/\/shopatoa.com\/cz\/on-damske-boty-cloud-x-shift\/","og_locale":"cs_CZ","og_type":"article","og_title":"ON D\u00e1msk\u00e9 boty Cloud X Shift - SHOPATOA.COM","og_description":"Um\u011bj\u00ed m\u011bnit sv\u016fj vzhled i\u00a0svou osobnost. On Cloud X Shift jsou 100% funk\u010dn\u00ed boty, kter\u00e9 ale m\u016f\u017ee\u0161 nosit ve m\u011bst\u011b cel\u00fd den! Sv\u016fj vzhled a\u00a0barvy dok\u00e1\u017eou m\u011bnit podle pohybu a\u00a0tak\u00e9 mno\u017estv\u00ed sv\u011btla\u00a0\u2013 tohle je z\u00e1blesk devades\u00e1t\u00fdch let. U\u017eij si tu lehkost, pohodl\u00ed a\u00a0v\u0161estrannost, se kterou bude\u0161 moci tan\u010dit na st\u0159ech\u00e1ch dom\u016f a\u017e do sv\u00edt\u00e1n\u00ed.","og_url":"https:\/\/shopatoa.com\/cz\/on-damske-boty-cloud-x-shift\/","og_site_name":"SHOPATOA","article_modified_time":"2025-03-14T20:50:13+00:00","twitter_card":"summary_large_image","schema":{"@context":"https:\/\/schema.org","@graph":[{"@type":"WebPage","@id":"https:\/\/shopatoa.com\/cz\/on-damske-boty-cloud-x-shift\/","url":"https:\/\/shopatoa.com\/cz\/on-damske-boty-cloud-x-shift\/","name":"ON D\u00e1msk\u00e9 boty Cloud X Shift - SHOPATOA.COM","isPartOf":{"@id":"https:\/\/shopatoa.com\/cz\/#website"},"datePublished":"2025-02-14T18:17:34+00:00","dateModified":"2025-03-14T20:50:13+00:00","description":"Um\u011bj\u00ed m\u011bnit sv\u016fj vzhled i\u00a0svou osobnost. On Cloud X Shift jsou 100% funk\u010dn\u00ed boty, kter\u00e9 ale m\u016f\u017ee\u0161 nosit ve m\u011bst\u011b cel\u00fd den! Sv\u016fj vzhled a\u00a0barvy dok\u00e1\u017eou m\u011bnit podle pohybu a\u00a0tak\u00e9 mno\u017estv\u00ed sv\u011btla\u00a0\u2013 tohle je z\u00e1blesk devades\u00e1t\u00fdch let. U\u017eij si tu lehkost, pohodl\u00ed a\u00a0v\u0161estrannost, se kterou bude\u0161 moci tan\u010dit na st\u0159ech\u00e1ch dom\u016f a\u017e do sv\u00edt\u00e1n\u00ed.","breadcrumb":{"@id":"https:\/\/shopatoa.com\/cz\/on-damske-boty-cloud-x-shift\/#breadcrumb"},"inLanguage":"cs","potentialAction":[{"@type":"ReadAction","target":["https:\/\/shopatoa.com\/cz\/on-damske-boty-cloud-x-shift\/"]}]},{"@type":"BreadcrumbList","@id":"https:\/\/shopatoa.com\/cz\/on-damske-boty-cloud-x-shift\/#breadcrumb","itemListElement":[{"@type":"ListItem","position":1,"name":"Dom\u016f","item":"https:\/\/shopatoa.com\/cz\/"},{"@type":"ListItem","position":2,"name":"Produkty","item":"https:\/\/shopatoa.com\/cz\/shop\/"},{"@type":"ListItem","position":3,"name":"Oble\u010den\u00ed a m\u00f3da","item":"https:\/\/shopatoa.com\/cz\/obleceni-a-moda\/"},{"@type":"ListItem","position":4,"name":"Boty","item":"https:\/\/shopatoa.com\/cz\/boty\/"},{"@type":"ListItem","position":5,"name":"ON D\u00e1msk\u00e9 boty Cloud X Shift"}]},{"@type":"WebSite","@id":"https:\/\/shopatoa.com\/cz\/#website","url":"https:\/\/shopatoa.com\/cz\/","name":"SHOPATOA","description":"","publisher":{"@id":"https:\/\/shopatoa.com\/cz\/#organization"},"potentialAction":[{"@type":"SearchAction","target":{"@type":"EntryPoint","urlTemplate":"https:\/\/shopatoa.com\/cz\/?s={search_term_string}"},"query-input":{"@type":"PropertyValueSpecification","valueRequired":true,"valueName":"search_term_string"}}],"inLanguage":"cs"},{"@type":"Organization","@id":"https:\/\/shopatoa.com\/cz\/#organization","name":"SHOPATOA Digital s.r.o.","url":"https:\/\/shopatoa.com\/cz\/","logo":{"@type":"ImageObject","inLanguage":"cs","@id":"https:\/\/shopatoa.com\/cz\/#\/schema\/logo\/image\/","url":"https:\/\/storage.googleapis.com\/cz-shopatoa-img\/cz\/ebccf434-shopatoa_logo.png","contentUrl":"https:\/\/storage.googleapis.com\/cz-shopatoa-img\/cz\/ebccf434-shopatoa_logo.png","width":416,"height":63,"caption":"SHOPATOA Digital s.r.o."},"image":{"@id":"https:\/\/shopatoa.com\/cz\/#\/schema\/logo\/image\/"}}]}},"_links":{"self":[{"href":"https:\/\/shopatoa.com\/cz\/wp-json\/wp\/v2\/product\/130135","targetHints":{"allow":["GET"]}}],"collection":[{"href":"https:\/\/shopatoa.com\/cz\/wp-json\/wp\/v2\/product"}],"about":[{"href":"https:\/\/shopatoa.com\/cz\/wp-json\/wp\/v2\/types\/product"}],"replies":[{"embeddable":true,"href":"https:\/\/shopatoa.com\/cz\/wp-json\/wp\/v2\/comments?post=130135"}],"wp:attachment":[{"href":"https:\/\/shopatoa.com\/cz\/wp-json\/wp\/v2\/media?parent=130135"}],"wp:term":[{"taxonomy":"product_brand","embeddable":true,"href":"https:\/\/shopatoa.com\/cz\/wp-json\/wp\/v2\/product_brand?post=130135"},{"taxonomy":"product_cat","embeddable":true,"href":"https:\/\/shopatoa.com\/cz\/wp-json\/wp\/v2\/product_cat?post=130135"},{"taxonomy":"product_tag","embeddable":true,"href":"https:\/\/shopatoa.com\/cz\/wp-json\/wp\/v2\/product_tag?post=130135"}],"curies":[{"name":"wp","href":"https:\/\/api.w.org\/{rel}","templated":true}]}}