{"id":130139,"date":"2025-02-14T19:17:38","date_gmt":"2025-02-14T18:17:38","guid":{"rendered":"https:\/\/shopatoa.com\/cz\/on-damske-boty-cloud-5\/"},"modified":"2025-03-14T21:50:22","modified_gmt":"2025-03-14T20:50:22","slug":"on-damske-boty-cloud-5","status":"publish","type":"product","link":"https:\/\/shopatoa.com\/cz\/on-damske-boty-cloud-5\/","title":{"rendered":"ON D\u00e1msk\u00e9 boty  Cloud 5"},"content":{"rendered":"<p>D\u00e1msk\u00e9 boty ON Cloud 5\u00a0p\u0159in\u00e1\u0161\u00ed je\u0161t\u011b v\u00edce komfortu, jeliko\u017e disponuj\u00ed tlum\u00edc\u00edm syst\u00e9mem CloudTec\u00ae pro m\u011bkk\u00fd do\u0161lap, kdy nab\u00edz\u00ed i\u00a0l\u00e9pe \u0159e\u0161en\u00fd svr\u0161ek. Tkani\u010dky, kter\u00e9 nemus\u00edte zavazovat, v\u00e1m umo\u017en\u00ed vklouznout do bot rychle a\u00a0pohodln\u011b. Nav\u00edc jsou vyrobeny z\u00a0vy\u0161\u0161\u00edho pod\u00edlu udr\u017eiteln\u00fdch materi\u00e1l\u016f.<\/p>\n","protected":false},"excerpt":{"rendered":"<p>D\u00e1msk\u00e9 boty ON Cloud 5\u00a0p\u0159in\u00e1\u0161\u00ed je\u0161t\u011b v\u00edce komfortu, jeliko\u017e disponuj\u00ed tlum\u00edc\u00edm syst\u00e9mem CloudTec\u00ae pro m\u011bkk\u00fd do\u0161lap, kdy nab\u00edz\u00ed i\u00a0l\u00e9pe \u0159e\u0161en\u00fd svr\u0161ek. Tkani\u010dky, kter\u00e9 nemus\u00edte zavazovat, v\u00e1m umo\u017en\u00ed vklouznout do bot rychle a\u00a0pohodln\u011b. Nav\u00edc jsou vyrobeny z\u00a0vy\u0161\u0161\u00edho pod\u00edlu udr\u017eiteln\u00fdch materi\u00e1l\u016f.<\/p>\n","protected":false},"featured_media":0,"comment_status":"closed","ping_status":"open","template":"","meta":{"_acf_changed":false,"_kadence_starter_templates_imported_post":false,"_kad_post_transparent":"","_kad_post_title":"","_kad_post_layout":"","_kad_post_sidebar_id":"","_kad_post_content_style":"","_kad_post_vertical_padding":"","_kad_post_feature":"","_kad_post_feature_position":"","_kad_post_header":false,"_kad_post_footer":false,"_kad_post_classname":""},"product_brand":[],"product_cat":[31,25],"product_tag":[],"class_list":{"0":"post-130139","1":"product","2":"type-product","3":"status-publish","5":"product_cat-boty","6":"product_cat-obleceni-a-moda","7":"pa_obchod-endorphinrepublic-cz","8":"pa_pohlavi-zena","10":"first","11":"instock","12":"product-type-external","13":"entry","14":"content-bg","15":"loop-entry"},"acf":[],"yoast_head":"<!-- This site is optimized with the Yoast SEO plugin v27.4 - https:\/\/yoast.com\/product\/yoast-seo-wordpress\/ -->\n<title>ON D\u00e1msk\u00e9 boty Cloud 5 - SHOPATOA.COM<\/title>\n<meta name=\"description\" content=\"D\u00e1msk\u00e9 boty ON Cloud 5\u00a0p\u0159in\u00e1\u0161\u00ed je\u0161t\u011b v\u00edce komfortu, jeliko\u017e disponuj\u00ed tlum\u00edc\u00edm syst\u00e9mem CloudTec\u00ae pro m\u011bkk\u00fd do\u0161lap, kdy nab\u00edz\u00ed i\u00a0l\u00e9pe \u0159e\u0161en\u00fd svr\u0161ek. Tkani\u010dky, kter\u00e9 nemus\u00edte zavazovat, v\u00e1m umo\u017en\u00ed vklouznout do bot rychle a\u00a0pohodln\u011b. Nav\u00edc jsou vyrobeny z\u00a0vy\u0161\u0161\u00edho pod\u00edlu udr\u017eiteln\u00fdch materi\u00e1l\u016f.\" \/>\n<meta name=\"robots\" content=\"index, follow, max-snippet:-1, max-image-preview:large, max-video-preview:-1\" \/>\n<link rel=\"canonical\" href=\"https:\/\/shopatoa.com\/cz\/on-damske-boty-cloud-5\/\" \/>\n<meta property=\"og:locale\" content=\"cs_CZ\" \/>\n<meta property=\"og:type\" content=\"article\" \/>\n<meta property=\"og:title\" content=\"ON D\u00e1msk\u00e9 boty Cloud 5 - SHOPATOA.COM\" \/>\n<meta property=\"og:description\" content=\"D\u00e1msk\u00e9 boty ON Cloud 5\u00a0p\u0159in\u00e1\u0161\u00ed je\u0161t\u011b v\u00edce komfortu, jeliko\u017e disponuj\u00ed tlum\u00edc\u00edm syst\u00e9mem CloudTec\u00ae pro m\u011bkk\u00fd do\u0161lap, kdy nab\u00edz\u00ed i\u00a0l\u00e9pe \u0159e\u0161en\u00fd svr\u0161ek. Tkani\u010dky, kter\u00e9 nemus\u00edte zavazovat, v\u00e1m umo\u017en\u00ed vklouznout do bot rychle a\u00a0pohodln\u011b. Nav\u00edc jsou vyrobeny z\u00a0vy\u0161\u0161\u00edho pod\u00edlu udr\u017eiteln\u00fdch materi\u00e1l\u016f.\" \/>\n<meta property=\"og:url\" content=\"https:\/\/shopatoa.com\/cz\/on-damske-boty-cloud-5\/\" \/>\n<meta property=\"og:site_name\" content=\"SHOPATOA\" \/>\n<meta property=\"article:modified_time\" content=\"2025-03-14T20:50:22+00:00\" \/>\n<meta name=\"twitter:card\" content=\"summary_large_image\" \/>\n<script type=\"application\/ld+json\" class=\"yoast-schema-graph\">{\"@context\":\"https:\\\/\\\/schema.org\",\"@graph\":[{\"@type\":\"WebPage\",\"@id\":\"https:\\\/\\\/shopatoa.com\\\/cz\\\/on-damske-boty-cloud-5\\\/\",\"url\":\"https:\\\/\\\/shopatoa.com\\\/cz\\\/on-damske-boty-cloud-5\\\/\",\"name\":\"ON D\u00e1msk\u00e9 boty Cloud 5 - SHOPATOA.COM\",\"isPartOf\":{\"@id\":\"https:\\\/\\\/shopatoa.com\\\/cz\\\/#website\"},\"datePublished\":\"2025-02-14T18:17:38+00:00\",\"dateModified\":\"2025-03-14T20:50:22+00:00\",\"description\":\"D\u00e1msk\u00e9 boty ON Cloud 5\u00a0p\u0159in\u00e1\u0161\u00ed je\u0161t\u011b v\u00edce komfortu, jeliko\u017e disponuj\u00ed tlum\u00edc\u00edm syst\u00e9mem CloudTec\u00ae pro m\u011bkk\u00fd do\u0161lap, kdy nab\u00edz\u00ed i\u00a0l\u00e9pe \u0159e\u0161en\u00fd svr\u0161ek. Tkani\u010dky, kter\u00e9 nemus\u00edte zavazovat, v\u00e1m umo\u017en\u00ed vklouznout do bot rychle a\u00a0pohodln\u011b. Nav\u00edc jsou vyrobeny z\u00a0vy\u0161\u0161\u00edho pod\u00edlu udr\u017eiteln\u00fdch materi\u00e1l\u016f.\",\"breadcrumb\":{\"@id\":\"https:\\\/\\\/shopatoa.com\\\/cz\\\/on-damske-boty-cloud-5\\\/#breadcrumb\"},\"inLanguage\":\"cs\",\"potentialAction\":[{\"@type\":\"ReadAction\",\"target\":[\"https:\\\/\\\/shopatoa.com\\\/cz\\\/on-damske-boty-cloud-5\\\/\"]}]},{\"@type\":\"BreadcrumbList\",\"@id\":\"https:\\\/\\\/shopatoa.com\\\/cz\\\/on-damske-boty-cloud-5\\\/#breadcrumb\",\"itemListElement\":[{\"@type\":\"ListItem\",\"position\":1,\"name\":\"Dom\u016f\",\"item\":\"https:\\\/\\\/shopatoa.com\\\/cz\\\/\"},{\"@type\":\"ListItem\",\"position\":2,\"name\":\"Produkty\",\"item\":\"https:\\\/\\\/shopatoa.com\\\/cz\\\/shop\\\/\"},{\"@type\":\"ListItem\",\"position\":3,\"name\":\"Oble\u010den\u00ed a m\u00f3da\",\"item\":\"https:\\\/\\\/shopatoa.com\\\/cz\\\/obleceni-a-moda\\\/\"},{\"@type\":\"ListItem\",\"position\":4,\"name\":\"Boty\",\"item\":\"https:\\\/\\\/shopatoa.com\\\/cz\\\/boty\\\/\"},{\"@type\":\"ListItem\",\"position\":5,\"name\":\"ON D\u00e1msk\u00e9 boty Cloud 5\"}]},{\"@type\":\"WebSite\",\"@id\":\"https:\\\/\\\/shopatoa.com\\\/cz\\\/#website\",\"url\":\"https:\\\/\\\/shopatoa.com\\\/cz\\\/\",\"name\":\"SHOPATOA\",\"description\":\"\",\"publisher\":{\"@id\":\"https:\\\/\\\/shopatoa.com\\\/cz\\\/#organization\"},\"potentialAction\":[{\"@type\":\"SearchAction\",\"target\":{\"@type\":\"EntryPoint\",\"urlTemplate\":\"https:\\\/\\\/shopatoa.com\\\/cz\\\/?s={search_term_string}\"},\"query-input\":{\"@type\":\"PropertyValueSpecification\",\"valueRequired\":true,\"valueName\":\"search_term_string\"}}],\"inLanguage\":\"cs\"},{\"@type\":\"Organization\",\"@id\":\"https:\\\/\\\/shopatoa.com\\\/cz\\\/#organization\",\"name\":\"SHOPATOA Digital s.r.o.\",\"url\":\"https:\\\/\\\/shopatoa.com\\\/cz\\\/\",\"logo\":{\"@type\":\"ImageObject\",\"inLanguage\":\"cs\",\"@id\":\"https:\\\/\\\/shopatoa.com\\\/cz\\\/#\\\/schema\\\/logo\\\/image\\\/\",\"url\":\"https:\\\/\\\/storage.googleapis.com\\\/cz-shopatoa-img\\\/cz\\\/ebccf434-shopatoa_logo.png\",\"contentUrl\":\"https:\\\/\\\/storage.googleapis.com\\\/cz-shopatoa-img\\\/cz\\\/ebccf434-shopatoa_logo.png\",\"width\":416,\"height\":63,\"caption\":\"SHOPATOA Digital s.r.o.\"},\"image\":{\"@id\":\"https:\\\/\\\/shopatoa.com\\\/cz\\\/#\\\/schema\\\/logo\\\/image\\\/\"}}]}<\/script>\n<!-- \/ Yoast SEO plugin. -->","yoast_head_json":{"title":"ON D\u00e1msk\u00e9 boty Cloud 5 - SHOPATOA.COM","description":"D\u00e1msk\u00e9 boty ON Cloud 5\u00a0p\u0159in\u00e1\u0161\u00ed je\u0161t\u011b v\u00edce komfortu, jeliko\u017e disponuj\u00ed tlum\u00edc\u00edm syst\u00e9mem CloudTec\u00ae pro m\u011bkk\u00fd do\u0161lap, kdy nab\u00edz\u00ed i\u00a0l\u00e9pe \u0159e\u0161en\u00fd svr\u0161ek. Tkani\u010dky, kter\u00e9 nemus\u00edte zavazovat, v\u00e1m umo\u017en\u00ed vklouznout do bot rychle a\u00a0pohodln\u011b. Nav\u00edc jsou vyrobeny z\u00a0vy\u0161\u0161\u00edho pod\u00edlu udr\u017eiteln\u00fdch materi\u00e1l\u016f.","robots":{"index":"index","follow":"follow","max-snippet":"max-snippet:-1","max-image-preview":"max-image-preview:large","max-video-preview":"max-video-preview:-1"},"canonical":"https:\/\/shopatoa.com\/cz\/on-damske-boty-cloud-5\/","og_locale":"cs_CZ","og_type":"article","og_title":"ON D\u00e1msk\u00e9 boty Cloud 5 - SHOPATOA.COM","og_description":"D\u00e1msk\u00e9 boty ON Cloud 5\u00a0p\u0159in\u00e1\u0161\u00ed je\u0161t\u011b v\u00edce komfortu, jeliko\u017e disponuj\u00ed tlum\u00edc\u00edm syst\u00e9mem CloudTec\u00ae pro m\u011bkk\u00fd do\u0161lap, kdy nab\u00edz\u00ed i\u00a0l\u00e9pe \u0159e\u0161en\u00fd svr\u0161ek. Tkani\u010dky, kter\u00e9 nemus\u00edte zavazovat, v\u00e1m umo\u017en\u00ed vklouznout do bot rychle a\u00a0pohodln\u011b. Nav\u00edc jsou vyrobeny z\u00a0vy\u0161\u0161\u00edho pod\u00edlu udr\u017eiteln\u00fdch materi\u00e1l\u016f.","og_url":"https:\/\/shopatoa.com\/cz\/on-damske-boty-cloud-5\/","og_site_name":"SHOPATOA","article_modified_time":"2025-03-14T20:50:22+00:00","twitter_card":"summary_large_image","schema":{"@context":"https:\/\/schema.org","@graph":[{"@type":"WebPage","@id":"https:\/\/shopatoa.com\/cz\/on-damske-boty-cloud-5\/","url":"https:\/\/shopatoa.com\/cz\/on-damske-boty-cloud-5\/","name":"ON D\u00e1msk\u00e9 boty Cloud 5 - SHOPATOA.COM","isPartOf":{"@id":"https:\/\/shopatoa.com\/cz\/#website"},"datePublished":"2025-02-14T18:17:38+00:00","dateModified":"2025-03-14T20:50:22+00:00","description":"D\u00e1msk\u00e9 boty ON Cloud 5\u00a0p\u0159in\u00e1\u0161\u00ed je\u0161t\u011b v\u00edce komfortu, jeliko\u017e disponuj\u00ed tlum\u00edc\u00edm syst\u00e9mem CloudTec\u00ae pro m\u011bkk\u00fd do\u0161lap, kdy nab\u00edz\u00ed i\u00a0l\u00e9pe \u0159e\u0161en\u00fd svr\u0161ek. Tkani\u010dky, kter\u00e9 nemus\u00edte zavazovat, v\u00e1m umo\u017en\u00ed vklouznout do bot rychle a\u00a0pohodln\u011b. Nav\u00edc jsou vyrobeny z\u00a0vy\u0161\u0161\u00edho pod\u00edlu udr\u017eiteln\u00fdch materi\u00e1l\u016f.","breadcrumb":{"@id":"https:\/\/shopatoa.com\/cz\/on-damske-boty-cloud-5\/#breadcrumb"},"inLanguage":"cs","potentialAction":[{"@type":"ReadAction","target":["https:\/\/shopatoa.com\/cz\/on-damske-boty-cloud-5\/"]}]},{"@type":"BreadcrumbList","@id":"https:\/\/shopatoa.com\/cz\/on-damske-boty-cloud-5\/#breadcrumb","itemListElement":[{"@type":"ListItem","position":1,"name":"Dom\u016f","item":"https:\/\/shopatoa.com\/cz\/"},{"@type":"ListItem","position":2,"name":"Produkty","item":"https:\/\/shopatoa.com\/cz\/shop\/"},{"@type":"ListItem","position":3,"name":"Oble\u010den\u00ed a m\u00f3da","item":"https:\/\/shopatoa.com\/cz\/obleceni-a-moda\/"},{"@type":"ListItem","position":4,"name":"Boty","item":"https:\/\/shopatoa.com\/cz\/boty\/"},{"@type":"ListItem","position":5,"name":"ON D\u00e1msk\u00e9 boty Cloud 5"}]},{"@type":"WebSite","@id":"https:\/\/shopatoa.com\/cz\/#website","url":"https:\/\/shopatoa.com\/cz\/","name":"SHOPATOA","description":"","publisher":{"@id":"https:\/\/shopatoa.com\/cz\/#organization"},"potentialAction":[{"@type":"SearchAction","target":{"@type":"EntryPoint","urlTemplate":"https:\/\/shopatoa.com\/cz\/?s={search_term_string}"},"query-input":{"@type":"PropertyValueSpecification","valueRequired":true,"valueName":"search_term_string"}}],"inLanguage":"cs"},{"@type":"Organization","@id":"https:\/\/shopatoa.com\/cz\/#organization","name":"SHOPATOA Digital s.r.o.","url":"https:\/\/shopatoa.com\/cz\/","logo":{"@type":"ImageObject","inLanguage":"cs","@id":"https:\/\/shopatoa.com\/cz\/#\/schema\/logo\/image\/","url":"https:\/\/storage.googleapis.com\/cz-shopatoa-img\/cz\/ebccf434-shopatoa_logo.png","contentUrl":"https:\/\/storage.googleapis.com\/cz-shopatoa-img\/cz\/ebccf434-shopatoa_logo.png","width":416,"height":63,"caption":"SHOPATOA Digital s.r.o."},"image":{"@id":"https:\/\/shopatoa.com\/cz\/#\/schema\/logo\/image\/"}}]}},"_links":{"self":[{"href":"https:\/\/shopatoa.com\/cz\/wp-json\/wp\/v2\/product\/130139","targetHints":{"allow":["GET"]}}],"collection":[{"href":"https:\/\/shopatoa.com\/cz\/wp-json\/wp\/v2\/product"}],"about":[{"href":"https:\/\/shopatoa.com\/cz\/wp-json\/wp\/v2\/types\/product"}],"replies":[{"embeddable":true,"href":"https:\/\/shopatoa.com\/cz\/wp-json\/wp\/v2\/comments?post=130139"}],"wp:attachment":[{"href":"https:\/\/shopatoa.com\/cz\/wp-json\/wp\/v2\/media?parent=130139"}],"wp:term":[{"taxonomy":"product_brand","embeddable":true,"href":"https:\/\/shopatoa.com\/cz\/wp-json\/wp\/v2\/product_brand?post=130139"},{"taxonomy":"product_cat","embeddable":true,"href":"https:\/\/shopatoa.com\/cz\/wp-json\/wp\/v2\/product_cat?post=130139"},{"taxonomy":"product_tag","embeddable":true,"href":"https:\/\/shopatoa.com\/cz\/wp-json\/wp\/v2\/product_tag?post=130139"}],"curies":[{"name":"wp","href":"https:\/\/api.w.org\/{rel}","templated":true}]}}