{"id":130140,"date":"2025-02-14T19:17:43","date_gmt":"2025-02-14T18:17:43","guid":{"rendered":"https:\/\/shopatoa.com\/cz\/on-damske-boty-cloud-5-waterproof\/"},"modified":"2025-03-14T21:50:24","modified_gmt":"2025-03-14T20:50:24","slug":"on-damske-boty-cloud-5-waterproof","status":"publish","type":"product","link":"https:\/\/shopatoa.com\/cz\/on-damske-boty-cloud-5-waterproof\/","title":{"rendered":"ON D\u00e1msk\u00e9 boty  Cloud 5 Waterproof"},"content":{"rendered":"<p>D\u00e1msk\u00e9 boty ON Cloud 5\u00a0Waterproof zaji\u0161\u0165uj\u00ed pohodl\u00ed ve v\u011btru i\u00a0v\u00a0de\u0161ti, kdy svr\u0161ek z\u016fst\u00e1v\u00e1 i\u00a0p\u0159es svou vod\u011bodolnost dostate\u010dn\u011b prody\u0161n\u00fd a\u00a0lehk\u00fd. S\u00a0ohledem na sn\u00ed\u017een\u00ed dopadu na \u017eivotn\u00ed prost\u0159ed\u00ed byly nav\u00edc k\u00a0v\u00fdrob\u011b pou\u017eity recyklovan\u00e9 materi\u00e1ly.<\/p>\n","protected":false},"excerpt":{"rendered":"<p>D\u00e1msk\u00e9 boty ON Cloud 5\u00a0Waterproof zaji\u0161\u0165uj\u00ed pohodl\u00ed ve v\u011btru i\u00a0v\u00a0de\u0161ti, kdy svr\u0161ek z\u016fst\u00e1v\u00e1 i\u00a0p\u0159es svou vod\u011bodolnost dostate\u010dn\u011b prody\u0161n\u00fd a\u00a0lehk\u00fd. S\u00a0ohledem na sn\u00ed\u017een\u00ed dopadu na \u017eivotn\u00ed prost\u0159ed\u00ed byly nav\u00edc k\u00a0v\u00fdrob\u011b pou\u017eity recyklovan\u00e9 materi\u00e1ly.<\/p>\n","protected":false},"featured_media":0,"comment_status":"closed","ping_status":"open","template":"","meta":{"_acf_changed":false,"_kadence_starter_templates_imported_post":false,"_kad_post_transparent":"","_kad_post_title":"","_kad_post_layout":"","_kad_post_sidebar_id":"","_kad_post_content_style":"","_kad_post_vertical_padding":"","_kad_post_feature":"","_kad_post_feature_position":"","_kad_post_header":false,"_kad_post_footer":false,"_kad_post_classname":""},"product_brand":[],"product_cat":[31,25],"product_tag":[],"class_list":{"0":"post-130140","1":"product","2":"type-product","3":"status-publish","5":"product_cat-boty","6":"product_cat-obleceni-a-moda","7":"pa_obchod-endorphinrepublic-cz","8":"pa_pohlavi-zena","10":"first","11":"instock","12":"product-type-external","13":"entry","14":"content-bg","15":"loop-entry"},"acf":[],"yoast_head":"<!-- This site is optimized with the Yoast SEO plugin v27.4 - https:\/\/yoast.com\/product\/yoast-seo-wordpress\/ -->\n<title>ON D\u00e1msk\u00e9 boty Cloud 5 Waterproof - SHOPATOA.COM<\/title>\n<meta name=\"description\" content=\"D\u00e1msk\u00e9 boty ON Cloud 5\u00a0Waterproof zaji\u0161\u0165uj\u00ed pohodl\u00ed ve v\u011btru i\u00a0v\u00a0de\u0161ti, kdy svr\u0161ek z\u016fst\u00e1v\u00e1 i\u00a0p\u0159es svou vod\u011bodolnost dostate\u010dn\u011b prody\u0161n\u00fd a\u00a0lehk\u00fd. S\u00a0ohledem na sn\u00ed\u017een\u00ed dopadu na \u017eivotn\u00ed prost\u0159ed\u00ed byly nav\u00edc k\u00a0v\u00fdrob\u011b pou\u017eity recyklovan\u00e9 materi\u00e1ly.\" \/>\n<meta name=\"robots\" content=\"index, follow, max-snippet:-1, max-image-preview:large, max-video-preview:-1\" \/>\n<link rel=\"canonical\" href=\"https:\/\/shopatoa.com\/cz\/on-damske-boty-cloud-5-waterproof\/\" \/>\n<meta property=\"og:locale\" content=\"cs_CZ\" \/>\n<meta property=\"og:type\" content=\"article\" \/>\n<meta property=\"og:title\" content=\"ON D\u00e1msk\u00e9 boty Cloud 5 Waterproof - SHOPATOA.COM\" \/>\n<meta property=\"og:description\" content=\"D\u00e1msk\u00e9 boty ON Cloud 5\u00a0Waterproof zaji\u0161\u0165uj\u00ed pohodl\u00ed ve v\u011btru i\u00a0v\u00a0de\u0161ti, kdy svr\u0161ek z\u016fst\u00e1v\u00e1 i\u00a0p\u0159es svou vod\u011bodolnost dostate\u010dn\u011b prody\u0161n\u00fd a\u00a0lehk\u00fd. S\u00a0ohledem na sn\u00ed\u017een\u00ed dopadu na \u017eivotn\u00ed prost\u0159ed\u00ed byly nav\u00edc k\u00a0v\u00fdrob\u011b pou\u017eity recyklovan\u00e9 materi\u00e1ly.\" \/>\n<meta property=\"og:url\" content=\"https:\/\/shopatoa.com\/cz\/on-damske-boty-cloud-5-waterproof\/\" \/>\n<meta property=\"og:site_name\" content=\"SHOPATOA\" \/>\n<meta property=\"article:modified_time\" content=\"2025-03-14T20:50:24+00:00\" \/>\n<meta name=\"twitter:card\" content=\"summary_large_image\" \/>\n<script type=\"application\/ld+json\" class=\"yoast-schema-graph\">{\"@context\":\"https:\\\/\\\/schema.org\",\"@graph\":[{\"@type\":\"WebPage\",\"@id\":\"https:\\\/\\\/shopatoa.com\\\/cz\\\/on-damske-boty-cloud-5-waterproof\\\/\",\"url\":\"https:\\\/\\\/shopatoa.com\\\/cz\\\/on-damske-boty-cloud-5-waterproof\\\/\",\"name\":\"ON D\u00e1msk\u00e9 boty Cloud 5 Waterproof - SHOPATOA.COM\",\"isPartOf\":{\"@id\":\"https:\\\/\\\/shopatoa.com\\\/cz\\\/#website\"},\"datePublished\":\"2025-02-14T18:17:43+00:00\",\"dateModified\":\"2025-03-14T20:50:24+00:00\",\"description\":\"D\u00e1msk\u00e9 boty ON Cloud 5\u00a0Waterproof zaji\u0161\u0165uj\u00ed pohodl\u00ed ve v\u011btru i\u00a0v\u00a0de\u0161ti, kdy svr\u0161ek z\u016fst\u00e1v\u00e1 i\u00a0p\u0159es svou vod\u011bodolnost dostate\u010dn\u011b prody\u0161n\u00fd a\u00a0lehk\u00fd. S\u00a0ohledem na sn\u00ed\u017een\u00ed dopadu na \u017eivotn\u00ed prost\u0159ed\u00ed byly nav\u00edc k\u00a0v\u00fdrob\u011b pou\u017eity recyklovan\u00e9 materi\u00e1ly.\",\"breadcrumb\":{\"@id\":\"https:\\\/\\\/shopatoa.com\\\/cz\\\/on-damske-boty-cloud-5-waterproof\\\/#breadcrumb\"},\"inLanguage\":\"cs\",\"potentialAction\":[{\"@type\":\"ReadAction\",\"target\":[\"https:\\\/\\\/shopatoa.com\\\/cz\\\/on-damske-boty-cloud-5-waterproof\\\/\"]}]},{\"@type\":\"BreadcrumbList\",\"@id\":\"https:\\\/\\\/shopatoa.com\\\/cz\\\/on-damske-boty-cloud-5-waterproof\\\/#breadcrumb\",\"itemListElement\":[{\"@type\":\"ListItem\",\"position\":1,\"name\":\"Dom\u016f\",\"item\":\"https:\\\/\\\/shopatoa.com\\\/cz\\\/\"},{\"@type\":\"ListItem\",\"position\":2,\"name\":\"Produkty\",\"item\":\"https:\\\/\\\/shopatoa.com\\\/cz\\\/shop\\\/\"},{\"@type\":\"ListItem\",\"position\":3,\"name\":\"Oble\u010den\u00ed a m\u00f3da\",\"item\":\"https:\\\/\\\/shopatoa.com\\\/cz\\\/obleceni-a-moda\\\/\"},{\"@type\":\"ListItem\",\"position\":4,\"name\":\"Boty\",\"item\":\"https:\\\/\\\/shopatoa.com\\\/cz\\\/boty\\\/\"},{\"@type\":\"ListItem\",\"position\":5,\"name\":\"ON D\u00e1msk\u00e9 boty Cloud 5 Waterproof\"}]},{\"@type\":\"WebSite\",\"@id\":\"https:\\\/\\\/shopatoa.com\\\/cz\\\/#website\",\"url\":\"https:\\\/\\\/shopatoa.com\\\/cz\\\/\",\"name\":\"SHOPATOA\",\"description\":\"\",\"publisher\":{\"@id\":\"https:\\\/\\\/shopatoa.com\\\/cz\\\/#organization\"},\"potentialAction\":[{\"@type\":\"SearchAction\",\"target\":{\"@type\":\"EntryPoint\",\"urlTemplate\":\"https:\\\/\\\/shopatoa.com\\\/cz\\\/?s={search_term_string}\"},\"query-input\":{\"@type\":\"PropertyValueSpecification\",\"valueRequired\":true,\"valueName\":\"search_term_string\"}}],\"inLanguage\":\"cs\"},{\"@type\":\"Organization\",\"@id\":\"https:\\\/\\\/shopatoa.com\\\/cz\\\/#organization\",\"name\":\"SHOPATOA Digital s.r.o.\",\"url\":\"https:\\\/\\\/shopatoa.com\\\/cz\\\/\",\"logo\":{\"@type\":\"ImageObject\",\"inLanguage\":\"cs\",\"@id\":\"https:\\\/\\\/shopatoa.com\\\/cz\\\/#\\\/schema\\\/logo\\\/image\\\/\",\"url\":\"https:\\\/\\\/storage.googleapis.com\\\/cz-shopatoa-img\\\/cz\\\/ebccf434-shopatoa_logo.png\",\"contentUrl\":\"https:\\\/\\\/storage.googleapis.com\\\/cz-shopatoa-img\\\/cz\\\/ebccf434-shopatoa_logo.png\",\"width\":416,\"height\":63,\"caption\":\"SHOPATOA Digital s.r.o.\"},\"image\":{\"@id\":\"https:\\\/\\\/shopatoa.com\\\/cz\\\/#\\\/schema\\\/logo\\\/image\\\/\"}}]}<\/script>\n<!-- \/ Yoast SEO plugin. -->","yoast_head_json":{"title":"ON D\u00e1msk\u00e9 boty Cloud 5 Waterproof - SHOPATOA.COM","description":"D\u00e1msk\u00e9 boty ON Cloud 5\u00a0Waterproof zaji\u0161\u0165uj\u00ed pohodl\u00ed ve v\u011btru i\u00a0v\u00a0de\u0161ti, kdy svr\u0161ek z\u016fst\u00e1v\u00e1 i\u00a0p\u0159es svou vod\u011bodolnost dostate\u010dn\u011b prody\u0161n\u00fd a\u00a0lehk\u00fd. S\u00a0ohledem na sn\u00ed\u017een\u00ed dopadu na \u017eivotn\u00ed prost\u0159ed\u00ed byly nav\u00edc k\u00a0v\u00fdrob\u011b pou\u017eity recyklovan\u00e9 materi\u00e1ly.","robots":{"index":"index","follow":"follow","max-snippet":"max-snippet:-1","max-image-preview":"max-image-preview:large","max-video-preview":"max-video-preview:-1"},"canonical":"https:\/\/shopatoa.com\/cz\/on-damske-boty-cloud-5-waterproof\/","og_locale":"cs_CZ","og_type":"article","og_title":"ON D\u00e1msk\u00e9 boty Cloud 5 Waterproof - SHOPATOA.COM","og_description":"D\u00e1msk\u00e9 boty ON Cloud 5\u00a0Waterproof zaji\u0161\u0165uj\u00ed pohodl\u00ed ve v\u011btru i\u00a0v\u00a0de\u0161ti, kdy svr\u0161ek z\u016fst\u00e1v\u00e1 i\u00a0p\u0159es svou vod\u011bodolnost dostate\u010dn\u011b prody\u0161n\u00fd a\u00a0lehk\u00fd. S\u00a0ohledem na sn\u00ed\u017een\u00ed dopadu na \u017eivotn\u00ed prost\u0159ed\u00ed byly nav\u00edc k\u00a0v\u00fdrob\u011b pou\u017eity recyklovan\u00e9 materi\u00e1ly.","og_url":"https:\/\/shopatoa.com\/cz\/on-damske-boty-cloud-5-waterproof\/","og_site_name":"SHOPATOA","article_modified_time":"2025-03-14T20:50:24+00:00","twitter_card":"summary_large_image","schema":{"@context":"https:\/\/schema.org","@graph":[{"@type":"WebPage","@id":"https:\/\/shopatoa.com\/cz\/on-damske-boty-cloud-5-waterproof\/","url":"https:\/\/shopatoa.com\/cz\/on-damske-boty-cloud-5-waterproof\/","name":"ON D\u00e1msk\u00e9 boty Cloud 5 Waterproof - SHOPATOA.COM","isPartOf":{"@id":"https:\/\/shopatoa.com\/cz\/#website"},"datePublished":"2025-02-14T18:17:43+00:00","dateModified":"2025-03-14T20:50:24+00:00","description":"D\u00e1msk\u00e9 boty ON Cloud 5\u00a0Waterproof zaji\u0161\u0165uj\u00ed pohodl\u00ed ve v\u011btru i\u00a0v\u00a0de\u0161ti, kdy svr\u0161ek z\u016fst\u00e1v\u00e1 i\u00a0p\u0159es svou vod\u011bodolnost dostate\u010dn\u011b prody\u0161n\u00fd a\u00a0lehk\u00fd. S\u00a0ohledem na sn\u00ed\u017een\u00ed dopadu na \u017eivotn\u00ed prost\u0159ed\u00ed byly nav\u00edc k\u00a0v\u00fdrob\u011b pou\u017eity recyklovan\u00e9 materi\u00e1ly.","breadcrumb":{"@id":"https:\/\/shopatoa.com\/cz\/on-damske-boty-cloud-5-waterproof\/#breadcrumb"},"inLanguage":"cs","potentialAction":[{"@type":"ReadAction","target":["https:\/\/shopatoa.com\/cz\/on-damske-boty-cloud-5-waterproof\/"]}]},{"@type":"BreadcrumbList","@id":"https:\/\/shopatoa.com\/cz\/on-damske-boty-cloud-5-waterproof\/#breadcrumb","itemListElement":[{"@type":"ListItem","position":1,"name":"Dom\u016f","item":"https:\/\/shopatoa.com\/cz\/"},{"@type":"ListItem","position":2,"name":"Produkty","item":"https:\/\/shopatoa.com\/cz\/shop\/"},{"@type":"ListItem","position":3,"name":"Oble\u010den\u00ed a m\u00f3da","item":"https:\/\/shopatoa.com\/cz\/obleceni-a-moda\/"},{"@type":"ListItem","position":4,"name":"Boty","item":"https:\/\/shopatoa.com\/cz\/boty\/"},{"@type":"ListItem","position":5,"name":"ON D\u00e1msk\u00e9 boty Cloud 5 Waterproof"}]},{"@type":"WebSite","@id":"https:\/\/shopatoa.com\/cz\/#website","url":"https:\/\/shopatoa.com\/cz\/","name":"SHOPATOA","description":"","publisher":{"@id":"https:\/\/shopatoa.com\/cz\/#organization"},"potentialAction":[{"@type":"SearchAction","target":{"@type":"EntryPoint","urlTemplate":"https:\/\/shopatoa.com\/cz\/?s={search_term_string}"},"query-input":{"@type":"PropertyValueSpecification","valueRequired":true,"valueName":"search_term_string"}}],"inLanguage":"cs"},{"@type":"Organization","@id":"https:\/\/shopatoa.com\/cz\/#organization","name":"SHOPATOA Digital s.r.o.","url":"https:\/\/shopatoa.com\/cz\/","logo":{"@type":"ImageObject","inLanguage":"cs","@id":"https:\/\/shopatoa.com\/cz\/#\/schema\/logo\/image\/","url":"https:\/\/storage.googleapis.com\/cz-shopatoa-img\/cz\/ebccf434-shopatoa_logo.png","contentUrl":"https:\/\/storage.googleapis.com\/cz-shopatoa-img\/cz\/ebccf434-shopatoa_logo.png","width":416,"height":63,"caption":"SHOPATOA Digital s.r.o."},"image":{"@id":"https:\/\/shopatoa.com\/cz\/#\/schema\/logo\/image\/"}}]}},"_links":{"self":[{"href":"https:\/\/shopatoa.com\/cz\/wp-json\/wp\/v2\/product\/130140","targetHints":{"allow":["GET"]}}],"collection":[{"href":"https:\/\/shopatoa.com\/cz\/wp-json\/wp\/v2\/product"}],"about":[{"href":"https:\/\/shopatoa.com\/cz\/wp-json\/wp\/v2\/types\/product"}],"replies":[{"embeddable":true,"href":"https:\/\/shopatoa.com\/cz\/wp-json\/wp\/v2\/comments?post=130140"}],"wp:attachment":[{"href":"https:\/\/shopatoa.com\/cz\/wp-json\/wp\/v2\/media?parent=130140"}],"wp:term":[{"taxonomy":"product_brand","embeddable":true,"href":"https:\/\/shopatoa.com\/cz\/wp-json\/wp\/v2\/product_brand?post=130140"},{"taxonomy":"product_cat","embeddable":true,"href":"https:\/\/shopatoa.com\/cz\/wp-json\/wp\/v2\/product_cat?post=130140"},{"taxonomy":"product_tag","embeddable":true,"href":"https:\/\/shopatoa.com\/cz\/wp-json\/wp\/v2\/product_tag?post=130140"}],"curies":[{"name":"wp","href":"https:\/\/api.w.org\/{rel}","templated":true}]}}