{"id":130143,"date":"2025-02-14T19:17:48","date_gmt":"2025-02-14T18:17:48","guid":{"rendered":"https:\/\/shopatoa.com\/cz\/aku-panska-obuv-bellamont-iii-gtx\/"},"modified":"2025-03-14T21:50:30","modified_gmt":"2025-03-14T20:50:30","slug":"aku-panska-obuv-bellamont-iii-gtx","status":"publish","type":"product","link":"https:\/\/shopatoa.com\/cz\/aku-panska-obuv-bellamont-iii-gtx\/","title":{"rendered":"AKU P\u00e1nsk\u00e1 obuv  Bellamont III GTX"},"content":{"rendered":"<p>V\u0161estrann\u00fd model Bellamont III GTX byl stvo\u0159en pro ve\u0161ker\u00e9 volno\u010dasov\u00e9 aktivity, ale i\u00a0pohyb ve m\u011bst\u011b. S\u00a0Bellamonty tak bez probl\u00e9m\u016f m\u016f\u017eete ihned z\u00a0pr\u00e1ce vyrazit na v\u00fdlet do p\u0159\u00edrody. Pro ochranu va\u0161eho chodidla je svr\u0161ek vyroben z\u00a0brou\u0161en\u00e9 k\u016f\u017ee, kter\u00e1 vynik\u00e1 svou odolnost\u00ed, prody\u0161nost\u00ed a\u00a0elasti\u010dnost\u00ed. K\u00a0zamezen\u00ed pr\u016fniku vody a\u00a0uchov\u00e1n\u00ed teploty chodidla v\u00a0chladn\u011bj\u0161\u00edch m\u011bs\u00edc\u00edch slou\u017e\u00ed membr\u00e1na Gore-Tex (ve verzi Performance Comfort), a\u00a0tak tento model m\u016f\u017eete nosit celoro\u010dn\u011b. Na \u0161pi\u010dce boty je gumov\u00e1 obs\u00e1zka, kter\u00e1 v\u00e1s ochr\u00e1n\u00ed p\u0159ed necht\u011bn\u00fd okopem o\u00a0kamen\u00ed \u010di ko\u0159eny strom\u016f. Pode\u0161ev VIBRAM Predator II, kter\u00fd byl na tomto modelu pou\u017eit, m\u00e1 v\u00fdbornou p\u0159ilnavost a\u00a0trakci v\u00a0r\u016fznorod\u00e9m ter\u00e9nu. Pro pohodl\u00ed v\u00a0bot\u011b slou\u017e\u00ed rovn\u011b\u017e i\u00a0tvarovan\u00e1 st\u00e9lka a\u00a0p\u0159\u00edrodn\u00ed vlo\u017eka vyroben\u00e1 z\u00a0kokosu a\u00a0bambusu. Mezipode\u0161ev z\u00a0dvojit\u00e9ho materi\u00e1lu EVA spole\u010dn\u011b s\u00a01,5\u00a0mm silnou v\u00fdztuhou z\u00a0nylonu se postaraj\u00ed o\u00a0v\u00e1\u0161 m\u011bkk\u00fd do\u0161lap. Specifikem modelu Bellamont je 99% evropsk\u00fd p\u016fvod pou\u017eit\u00fdch materi\u00e1l\u016f a\u00a0ru\u010dn\u00ed italsk\u00e1 v\u00fdroba (v\u00a0s\u00eddle firmy AKU\u00a0\u2013 Montebellun\u011b). Bellamonty se proto vyzna\u010duj\u00ed vysokou kvalitou zpracov\u00e1n\u00ed a\u00a0dlouhou \u017eivotnost\u00ed.<\/p>\n","protected":false},"excerpt":{"rendered":"<p>V\u0161estrann\u00fd model Bellamont III GTX byl stvo\u0159en pro ve\u0161ker\u00e9 volno\u010dasov\u00e9 aktivity, ale i\u00a0pohyb ve m\u011bst\u011b. S\u00a0Bellamonty tak bez probl\u00e9m\u016f m\u016f\u017eete ihned z\u00a0pr\u00e1ce vyrazit na v\u00fdlet do p\u0159\u00edrody. Pro ochranu va\u0161eho chodidla je svr\u0161ek vyroben z\u00a0brou\u0161en\u00e9 k\u016f\u017ee, kter\u00e1 vynik\u00e1 svou odolnost\u00ed, prody\u0161nost\u00ed a\u00a0elasti\u010dnost\u00ed. K\u00a0zamezen\u00ed pr\u016fniku vody a\u00a0uchov\u00e1n\u00ed teploty chodidla v\u00a0chladn\u011bj\u0161\u00edch m\u011bs\u00edc\u00edch slou\u017e\u00ed membr\u00e1na Gore-Tex (ve verzi&#8230;<\/p>\n","protected":false},"featured_media":0,"comment_status":"closed","ping_status":"open","template":"","meta":{"_acf_changed":false,"_kadence_starter_templates_imported_post":false,"_kad_post_transparent":"","_kad_post_title":"","_kad_post_layout":"","_kad_post_sidebar_id":"","_kad_post_content_style":"","_kad_post_vertical_padding":"","_kad_post_feature":"","_kad_post_feature_position":"","_kad_post_header":false,"_kad_post_footer":false,"_kad_post_classname":""},"product_brand":[],"product_cat":[31,25],"product_tag":[],"class_list":{"0":"post-130143","1":"product","2":"type-product","3":"status-publish","5":"product_cat-boty","6":"product_cat-obleceni-a-moda","7":"pa_obchod-endorphinrepublic-cz","8":"pa_pohlavi-muz","10":"first","11":"instock","12":"product-type-external","13":"entry","14":"content-bg","15":"loop-entry"},"acf":[],"yoast_head":"<!-- This site is optimized with the Yoast SEO plugin v27.4 - https:\/\/yoast.com\/product\/yoast-seo-wordpress\/ -->\n<title>AKU P\u00e1nsk\u00e1 obuv Bellamont III GTX - SHOPATOA.COM<\/title>\n<meta name=\"description\" content=\"V\u0161estrann\u00fd model Bellamont III GTX byl stvo\u0159en pro ve\u0161ker\u00e9 volno\u010dasov\u00e9 aktivity, ale i\u00a0pohyb ve m\u011bst\u011b. S\u00a0Bellamonty tak bez probl\u00e9m\u016f m\u016f\u017eete ihned z\u00a0pr\u00e1ce vyrazit na v\u00fdlet do p\u0159\u00edrody. Pro ochranu va\u0161eho chodidla je svr\u0161ek vyroben z\u00a0brou\u0161en\u00e9 k\u016f\u017ee, kter\u00e1 vynik\u00e1 svou odolnost\u00ed, prody\u0161nost\u00ed a\u00a0elasti\u010dnost\u00ed. K\u00a0zamezen\u00ed pr\u016fniku vody a\u00a0uchov\u00e1n\u00ed teploty chodidla v\u00a0chladn\u011bj\u0161\u00edch m\u011bs\u00edc\u00edch slou\u017e\u00ed membr\u00e1na Gore-Tex (ve verzi Performance Comfort), a\u00a0tak tento model m\u016f\u017eete nosit celoro\u010dn\u011b. Na \u0161pi\u010dce boty je gumov\u00e1 obs\u00e1zka, kter\u00e1 v\u00e1s ochr\u00e1n\u00ed p\u0159ed necht\u011bn\u00fd okopem o\u00a0kamen\u00ed \u010di ko\u0159eny strom\u016f. Pode\u0161ev VIBRAM Predator II, kter\u00fd byl na tomto modelu pou\u017eit, m\u00e1 v\u00fdbornou p\u0159ilnavost a\u00a0trakci v\u00a0r\u016fznorod\u00e9m ter\u00e9nu. Pro pohodl\u00ed v\u00a0bot\u011b slou\u017e\u00ed rovn\u011b\u017e i\u00a0tvarovan\u00e1 st\u00e9lka a\u00a0p\u0159\u00edrodn\u00ed vlo\u017eka vyroben\u00e1 z\u00a0kokosu a\u00a0bambusu. Mezipode\u0161ev z\u00a0dvojit\u00e9ho materi\u00e1lu EVA spole\u010dn\u011b s\u00a01,5\u00a0mm silnou v\u00fdztuhou z\u00a0nylonu se postaraj\u00ed o\u00a0v\u00e1\u0161 m\u011bkk\u00fd do\u0161lap. Specifikem modelu Bellamont je 99% evropsk\u00fd p\u016fvod pou\u017eit\u00fdch materi\u00e1l\u016f a\u00a0ru\u010dn\u00ed italsk\u00e1 v\u00fdroba (v\u00a0s\u00eddle firmy AKU\u00a0\u2013 Montebellun\u011b). Bellamonty se proto vyzna\u010duj\u00ed vysokou kvalitou zpracov\u00e1n\u00ed a\u00a0dlouhou \u017eivotnost\u00ed.\" \/>\n<meta name=\"robots\" content=\"index, follow, max-snippet:-1, max-image-preview:large, max-video-preview:-1\" \/>\n<link rel=\"canonical\" href=\"https:\/\/shopatoa.com\/cz\/aku-panska-obuv-bellamont-iii-gtx\/\" \/>\n<meta property=\"og:locale\" content=\"cs_CZ\" \/>\n<meta property=\"og:type\" content=\"article\" \/>\n<meta property=\"og:title\" content=\"AKU P\u00e1nsk\u00e1 obuv Bellamont III GTX - SHOPATOA.COM\" \/>\n<meta property=\"og:description\" content=\"V\u0161estrann\u00fd model Bellamont III GTX byl stvo\u0159en pro ve\u0161ker\u00e9 volno\u010dasov\u00e9 aktivity, ale i\u00a0pohyb ve m\u011bst\u011b. S\u00a0Bellamonty tak bez probl\u00e9m\u016f m\u016f\u017eete ihned z\u00a0pr\u00e1ce vyrazit na v\u00fdlet do p\u0159\u00edrody. Pro ochranu va\u0161eho chodidla je svr\u0161ek vyroben z\u00a0brou\u0161en\u00e9 k\u016f\u017ee, kter\u00e1 vynik\u00e1 svou odolnost\u00ed, prody\u0161nost\u00ed a\u00a0elasti\u010dnost\u00ed. K\u00a0zamezen\u00ed pr\u016fniku vody a\u00a0uchov\u00e1n\u00ed teploty chodidla v\u00a0chladn\u011bj\u0161\u00edch m\u011bs\u00edc\u00edch slou\u017e\u00ed membr\u00e1na Gore-Tex (ve verzi Performance Comfort), a\u00a0tak tento model m\u016f\u017eete nosit celoro\u010dn\u011b. Na \u0161pi\u010dce boty je gumov\u00e1 obs\u00e1zka, kter\u00e1 v\u00e1s ochr\u00e1n\u00ed p\u0159ed necht\u011bn\u00fd okopem o\u00a0kamen\u00ed \u010di ko\u0159eny strom\u016f. Pode\u0161ev VIBRAM Predator II, kter\u00fd byl na tomto modelu pou\u017eit, m\u00e1 v\u00fdbornou p\u0159ilnavost a\u00a0trakci v\u00a0r\u016fznorod\u00e9m ter\u00e9nu. Pro pohodl\u00ed v\u00a0bot\u011b slou\u017e\u00ed rovn\u011b\u017e i\u00a0tvarovan\u00e1 st\u00e9lka a\u00a0p\u0159\u00edrodn\u00ed vlo\u017eka vyroben\u00e1 z\u00a0kokosu a\u00a0bambusu. Mezipode\u0161ev z\u00a0dvojit\u00e9ho materi\u00e1lu EVA spole\u010dn\u011b s\u00a01,5\u00a0mm silnou v\u00fdztuhou z\u00a0nylonu se postaraj\u00ed o\u00a0v\u00e1\u0161 m\u011bkk\u00fd do\u0161lap. Specifikem modelu Bellamont je 99% evropsk\u00fd p\u016fvod pou\u017eit\u00fdch materi\u00e1l\u016f a\u00a0ru\u010dn\u00ed italsk\u00e1 v\u00fdroba (v\u00a0s\u00eddle firmy AKU\u00a0\u2013 Montebellun\u011b). Bellamonty se proto vyzna\u010duj\u00ed vysokou kvalitou zpracov\u00e1n\u00ed a\u00a0dlouhou \u017eivotnost\u00ed.\" \/>\n<meta property=\"og:url\" content=\"https:\/\/shopatoa.com\/cz\/aku-panska-obuv-bellamont-iii-gtx\/\" \/>\n<meta property=\"og:site_name\" content=\"SHOPATOA\" \/>\n<meta property=\"article:modified_time\" content=\"2025-03-14T20:50:30+00:00\" \/>\n<meta name=\"twitter:card\" content=\"summary_large_image\" \/>\n<meta name=\"twitter:label1\" content=\"Odhadovan\u00e1 doba \u010dten\u00ed\" \/>\n\t<meta name=\"twitter:data1\" content=\"1 minuta\" \/>\n<script type=\"application\/ld+json\" class=\"yoast-schema-graph\">{\"@context\":\"https:\\\/\\\/schema.org\",\"@graph\":[{\"@type\":\"WebPage\",\"@id\":\"https:\\\/\\\/shopatoa.com\\\/cz\\\/aku-panska-obuv-bellamont-iii-gtx\\\/\",\"url\":\"https:\\\/\\\/shopatoa.com\\\/cz\\\/aku-panska-obuv-bellamont-iii-gtx\\\/\",\"name\":\"AKU P\u00e1nsk\u00e1 obuv Bellamont III GTX - SHOPATOA.COM\",\"isPartOf\":{\"@id\":\"https:\\\/\\\/shopatoa.com\\\/cz\\\/#website\"},\"datePublished\":\"2025-02-14T18:17:48+00:00\",\"dateModified\":\"2025-03-14T20:50:30+00:00\",\"description\":\"V\u0161estrann\u00fd model Bellamont III GTX byl stvo\u0159en pro ve\u0161ker\u00e9 volno\u010dasov\u00e9 aktivity, ale i\u00a0pohyb ve m\u011bst\u011b. S\u00a0Bellamonty tak bez probl\u00e9m\u016f m\u016f\u017eete ihned z\u00a0pr\u00e1ce vyrazit na v\u00fdlet do p\u0159\u00edrody. Pro ochranu va\u0161eho chodidla je svr\u0161ek vyroben z\u00a0brou\u0161en\u00e9 k\u016f\u017ee, kter\u00e1 vynik\u00e1 svou odolnost\u00ed, prody\u0161nost\u00ed a\u00a0elasti\u010dnost\u00ed. K\u00a0zamezen\u00ed pr\u016fniku vody a\u00a0uchov\u00e1n\u00ed teploty chodidla v\u00a0chladn\u011bj\u0161\u00edch m\u011bs\u00edc\u00edch slou\u017e\u00ed membr\u00e1na Gore-Tex (ve verzi Performance Comfort), a\u00a0tak tento model m\u016f\u017eete nosit celoro\u010dn\u011b. Na \u0161pi\u010dce boty je gumov\u00e1 obs\u00e1zka, kter\u00e1 v\u00e1s ochr\u00e1n\u00ed p\u0159ed necht\u011bn\u00fd okopem o\u00a0kamen\u00ed \u010di ko\u0159eny strom\u016f. Pode\u0161ev VIBRAM Predator II, kter\u00fd byl na tomto modelu pou\u017eit, m\u00e1 v\u00fdbornou p\u0159ilnavost a\u00a0trakci v\u00a0r\u016fznorod\u00e9m ter\u00e9nu. Pro pohodl\u00ed v\u00a0bot\u011b slou\u017e\u00ed rovn\u011b\u017e i\u00a0tvarovan\u00e1 st\u00e9lka a\u00a0p\u0159\u00edrodn\u00ed vlo\u017eka vyroben\u00e1 z\u00a0kokosu a\u00a0bambusu. Mezipode\u0161ev z\u00a0dvojit\u00e9ho materi\u00e1lu EVA spole\u010dn\u011b s\u00a01,5\u00a0mm silnou v\u00fdztuhou z\u00a0nylonu se postaraj\u00ed o\u00a0v\u00e1\u0161 m\u011bkk\u00fd do\u0161lap. Specifikem modelu Bellamont je 99% evropsk\u00fd p\u016fvod pou\u017eit\u00fdch materi\u00e1l\u016f a\u00a0ru\u010dn\u00ed italsk\u00e1 v\u00fdroba (v\u00a0s\u00eddle firmy AKU\u00a0\u2013 Montebellun\u011b). Bellamonty se proto vyzna\u010duj\u00ed vysokou kvalitou zpracov\u00e1n\u00ed a\u00a0dlouhou \u017eivotnost\u00ed.\",\"breadcrumb\":{\"@id\":\"https:\\\/\\\/shopatoa.com\\\/cz\\\/aku-panska-obuv-bellamont-iii-gtx\\\/#breadcrumb\"},\"inLanguage\":\"cs\",\"potentialAction\":[{\"@type\":\"ReadAction\",\"target\":[\"https:\\\/\\\/shopatoa.com\\\/cz\\\/aku-panska-obuv-bellamont-iii-gtx\\\/\"]}]},{\"@type\":\"BreadcrumbList\",\"@id\":\"https:\\\/\\\/shopatoa.com\\\/cz\\\/aku-panska-obuv-bellamont-iii-gtx\\\/#breadcrumb\",\"itemListElement\":[{\"@type\":\"ListItem\",\"position\":1,\"name\":\"Dom\u016f\",\"item\":\"https:\\\/\\\/shopatoa.com\\\/cz\\\/\"},{\"@type\":\"ListItem\",\"position\":2,\"name\":\"Produkty\",\"item\":\"https:\\\/\\\/shopatoa.com\\\/cz\\\/shop\\\/\"},{\"@type\":\"ListItem\",\"position\":3,\"name\":\"Oble\u010den\u00ed a m\u00f3da\",\"item\":\"https:\\\/\\\/shopatoa.com\\\/cz\\\/obleceni-a-moda\\\/\"},{\"@type\":\"ListItem\",\"position\":4,\"name\":\"Boty\",\"item\":\"https:\\\/\\\/shopatoa.com\\\/cz\\\/boty\\\/\"},{\"@type\":\"ListItem\",\"position\":5,\"name\":\"AKU P\u00e1nsk\u00e1 obuv Bellamont III GTX\"}]},{\"@type\":\"WebSite\",\"@id\":\"https:\\\/\\\/shopatoa.com\\\/cz\\\/#website\",\"url\":\"https:\\\/\\\/shopatoa.com\\\/cz\\\/\",\"name\":\"SHOPATOA\",\"description\":\"\",\"publisher\":{\"@id\":\"https:\\\/\\\/shopatoa.com\\\/cz\\\/#organization\"},\"potentialAction\":[{\"@type\":\"SearchAction\",\"target\":{\"@type\":\"EntryPoint\",\"urlTemplate\":\"https:\\\/\\\/shopatoa.com\\\/cz\\\/?s={search_term_string}\"},\"query-input\":{\"@type\":\"PropertyValueSpecification\",\"valueRequired\":true,\"valueName\":\"search_term_string\"}}],\"inLanguage\":\"cs\"},{\"@type\":\"Organization\",\"@id\":\"https:\\\/\\\/shopatoa.com\\\/cz\\\/#organization\",\"name\":\"SHOPATOA Digital s.r.o.\",\"url\":\"https:\\\/\\\/shopatoa.com\\\/cz\\\/\",\"logo\":{\"@type\":\"ImageObject\",\"inLanguage\":\"cs\",\"@id\":\"https:\\\/\\\/shopatoa.com\\\/cz\\\/#\\\/schema\\\/logo\\\/image\\\/\",\"url\":\"https:\\\/\\\/storage.googleapis.com\\\/cz-shopatoa-img\\\/cz\\\/ebccf434-shopatoa_logo.png\",\"contentUrl\":\"https:\\\/\\\/storage.googleapis.com\\\/cz-shopatoa-img\\\/cz\\\/ebccf434-shopatoa_logo.png\",\"width\":416,\"height\":63,\"caption\":\"SHOPATOA Digital s.r.o.\"},\"image\":{\"@id\":\"https:\\\/\\\/shopatoa.com\\\/cz\\\/#\\\/schema\\\/logo\\\/image\\\/\"}}]}<\/script>\n<!-- \/ Yoast SEO plugin. -->","yoast_head_json":{"title":"AKU P\u00e1nsk\u00e1 obuv Bellamont III GTX - SHOPATOA.COM","description":"V\u0161estrann\u00fd model Bellamont III GTX byl stvo\u0159en pro ve\u0161ker\u00e9 volno\u010dasov\u00e9 aktivity, ale i\u00a0pohyb ve m\u011bst\u011b. S\u00a0Bellamonty tak bez probl\u00e9m\u016f m\u016f\u017eete ihned z\u00a0pr\u00e1ce vyrazit na v\u00fdlet do p\u0159\u00edrody. Pro ochranu va\u0161eho chodidla je svr\u0161ek vyroben z\u00a0brou\u0161en\u00e9 k\u016f\u017ee, kter\u00e1 vynik\u00e1 svou odolnost\u00ed, prody\u0161nost\u00ed a\u00a0elasti\u010dnost\u00ed. K\u00a0zamezen\u00ed pr\u016fniku vody a\u00a0uchov\u00e1n\u00ed teploty chodidla v\u00a0chladn\u011bj\u0161\u00edch m\u011bs\u00edc\u00edch slou\u017e\u00ed membr\u00e1na Gore-Tex (ve verzi Performance Comfort), a\u00a0tak tento model m\u016f\u017eete nosit celoro\u010dn\u011b. Na \u0161pi\u010dce boty je gumov\u00e1 obs\u00e1zka, kter\u00e1 v\u00e1s ochr\u00e1n\u00ed p\u0159ed necht\u011bn\u00fd okopem o\u00a0kamen\u00ed \u010di ko\u0159eny strom\u016f. Pode\u0161ev VIBRAM Predator II, kter\u00fd byl na tomto modelu pou\u017eit, m\u00e1 v\u00fdbornou p\u0159ilnavost a\u00a0trakci v\u00a0r\u016fznorod\u00e9m ter\u00e9nu. Pro pohodl\u00ed v\u00a0bot\u011b slou\u017e\u00ed rovn\u011b\u017e i\u00a0tvarovan\u00e1 st\u00e9lka a\u00a0p\u0159\u00edrodn\u00ed vlo\u017eka vyroben\u00e1 z\u00a0kokosu a\u00a0bambusu. Mezipode\u0161ev z\u00a0dvojit\u00e9ho materi\u00e1lu EVA spole\u010dn\u011b s\u00a01,5\u00a0mm silnou v\u00fdztuhou z\u00a0nylonu se postaraj\u00ed o\u00a0v\u00e1\u0161 m\u011bkk\u00fd do\u0161lap. Specifikem modelu Bellamont je 99% evropsk\u00fd p\u016fvod pou\u017eit\u00fdch materi\u00e1l\u016f a\u00a0ru\u010dn\u00ed italsk\u00e1 v\u00fdroba (v\u00a0s\u00eddle firmy AKU\u00a0\u2013 Montebellun\u011b). Bellamonty se proto vyzna\u010duj\u00ed vysokou kvalitou zpracov\u00e1n\u00ed a\u00a0dlouhou \u017eivotnost\u00ed.","robots":{"index":"index","follow":"follow","max-snippet":"max-snippet:-1","max-image-preview":"max-image-preview:large","max-video-preview":"max-video-preview:-1"},"canonical":"https:\/\/shopatoa.com\/cz\/aku-panska-obuv-bellamont-iii-gtx\/","og_locale":"cs_CZ","og_type":"article","og_title":"AKU P\u00e1nsk\u00e1 obuv Bellamont III GTX - SHOPATOA.COM","og_description":"V\u0161estrann\u00fd model Bellamont III GTX byl stvo\u0159en pro ve\u0161ker\u00e9 volno\u010dasov\u00e9 aktivity, ale i\u00a0pohyb ve m\u011bst\u011b. S\u00a0Bellamonty tak bez probl\u00e9m\u016f m\u016f\u017eete ihned z\u00a0pr\u00e1ce vyrazit na v\u00fdlet do p\u0159\u00edrody. Pro ochranu va\u0161eho chodidla je svr\u0161ek vyroben z\u00a0brou\u0161en\u00e9 k\u016f\u017ee, kter\u00e1 vynik\u00e1 svou odolnost\u00ed, prody\u0161nost\u00ed a\u00a0elasti\u010dnost\u00ed. K\u00a0zamezen\u00ed pr\u016fniku vody a\u00a0uchov\u00e1n\u00ed teploty chodidla v\u00a0chladn\u011bj\u0161\u00edch m\u011bs\u00edc\u00edch slou\u017e\u00ed membr\u00e1na Gore-Tex (ve verzi Performance Comfort), a\u00a0tak tento model m\u016f\u017eete nosit celoro\u010dn\u011b. Na \u0161pi\u010dce boty je gumov\u00e1 obs\u00e1zka, kter\u00e1 v\u00e1s ochr\u00e1n\u00ed p\u0159ed necht\u011bn\u00fd okopem o\u00a0kamen\u00ed \u010di ko\u0159eny strom\u016f. Pode\u0161ev VIBRAM Predator II, kter\u00fd byl na tomto modelu pou\u017eit, m\u00e1 v\u00fdbornou p\u0159ilnavost a\u00a0trakci v\u00a0r\u016fznorod\u00e9m ter\u00e9nu. Pro pohodl\u00ed v\u00a0bot\u011b slou\u017e\u00ed rovn\u011b\u017e i\u00a0tvarovan\u00e1 st\u00e9lka a\u00a0p\u0159\u00edrodn\u00ed vlo\u017eka vyroben\u00e1 z\u00a0kokosu a\u00a0bambusu. Mezipode\u0161ev z\u00a0dvojit\u00e9ho materi\u00e1lu EVA spole\u010dn\u011b s\u00a01,5\u00a0mm silnou v\u00fdztuhou z\u00a0nylonu se postaraj\u00ed o\u00a0v\u00e1\u0161 m\u011bkk\u00fd do\u0161lap. Specifikem modelu Bellamont je 99% evropsk\u00fd p\u016fvod pou\u017eit\u00fdch materi\u00e1l\u016f a\u00a0ru\u010dn\u00ed italsk\u00e1 v\u00fdroba (v\u00a0s\u00eddle firmy AKU\u00a0\u2013 Montebellun\u011b). Bellamonty se proto vyzna\u010duj\u00ed vysokou kvalitou zpracov\u00e1n\u00ed a\u00a0dlouhou \u017eivotnost\u00ed.","og_url":"https:\/\/shopatoa.com\/cz\/aku-panska-obuv-bellamont-iii-gtx\/","og_site_name":"SHOPATOA","article_modified_time":"2025-03-14T20:50:30+00:00","twitter_card":"summary_large_image","twitter_misc":{"Odhadovan\u00e1 doba \u010dten\u00ed":"1 minuta"},"schema":{"@context":"https:\/\/schema.org","@graph":[{"@type":"WebPage","@id":"https:\/\/shopatoa.com\/cz\/aku-panska-obuv-bellamont-iii-gtx\/","url":"https:\/\/shopatoa.com\/cz\/aku-panska-obuv-bellamont-iii-gtx\/","name":"AKU P\u00e1nsk\u00e1 obuv Bellamont III GTX - SHOPATOA.COM","isPartOf":{"@id":"https:\/\/shopatoa.com\/cz\/#website"},"datePublished":"2025-02-14T18:17:48+00:00","dateModified":"2025-03-14T20:50:30+00:00","description":"V\u0161estrann\u00fd model Bellamont III GTX byl stvo\u0159en pro ve\u0161ker\u00e9 volno\u010dasov\u00e9 aktivity, ale i\u00a0pohyb ve m\u011bst\u011b. S\u00a0Bellamonty tak bez probl\u00e9m\u016f m\u016f\u017eete ihned z\u00a0pr\u00e1ce vyrazit na v\u00fdlet do p\u0159\u00edrody. Pro ochranu va\u0161eho chodidla je svr\u0161ek vyroben z\u00a0brou\u0161en\u00e9 k\u016f\u017ee, kter\u00e1 vynik\u00e1 svou odolnost\u00ed, prody\u0161nost\u00ed a\u00a0elasti\u010dnost\u00ed. K\u00a0zamezen\u00ed pr\u016fniku vody a\u00a0uchov\u00e1n\u00ed teploty chodidla v\u00a0chladn\u011bj\u0161\u00edch m\u011bs\u00edc\u00edch slou\u017e\u00ed membr\u00e1na Gore-Tex (ve verzi Performance Comfort), a\u00a0tak tento model m\u016f\u017eete nosit celoro\u010dn\u011b. Na \u0161pi\u010dce boty je gumov\u00e1 obs\u00e1zka, kter\u00e1 v\u00e1s ochr\u00e1n\u00ed p\u0159ed necht\u011bn\u00fd okopem o\u00a0kamen\u00ed \u010di ko\u0159eny strom\u016f. Pode\u0161ev VIBRAM Predator II, kter\u00fd byl na tomto modelu pou\u017eit, m\u00e1 v\u00fdbornou p\u0159ilnavost a\u00a0trakci v\u00a0r\u016fznorod\u00e9m ter\u00e9nu. Pro pohodl\u00ed v\u00a0bot\u011b slou\u017e\u00ed rovn\u011b\u017e i\u00a0tvarovan\u00e1 st\u00e9lka a\u00a0p\u0159\u00edrodn\u00ed vlo\u017eka vyroben\u00e1 z\u00a0kokosu a\u00a0bambusu. Mezipode\u0161ev z\u00a0dvojit\u00e9ho materi\u00e1lu EVA spole\u010dn\u011b s\u00a01,5\u00a0mm silnou v\u00fdztuhou z\u00a0nylonu se postaraj\u00ed o\u00a0v\u00e1\u0161 m\u011bkk\u00fd do\u0161lap. Specifikem modelu Bellamont je 99% evropsk\u00fd p\u016fvod pou\u017eit\u00fdch materi\u00e1l\u016f a\u00a0ru\u010dn\u00ed italsk\u00e1 v\u00fdroba (v\u00a0s\u00eddle firmy AKU\u00a0\u2013 Montebellun\u011b). Bellamonty se proto vyzna\u010duj\u00ed vysokou kvalitou zpracov\u00e1n\u00ed a\u00a0dlouhou \u017eivotnost\u00ed.","breadcrumb":{"@id":"https:\/\/shopatoa.com\/cz\/aku-panska-obuv-bellamont-iii-gtx\/#breadcrumb"},"inLanguage":"cs","potentialAction":[{"@type":"ReadAction","target":["https:\/\/shopatoa.com\/cz\/aku-panska-obuv-bellamont-iii-gtx\/"]}]},{"@type":"BreadcrumbList","@id":"https:\/\/shopatoa.com\/cz\/aku-panska-obuv-bellamont-iii-gtx\/#breadcrumb","itemListElement":[{"@type":"ListItem","position":1,"name":"Dom\u016f","item":"https:\/\/shopatoa.com\/cz\/"},{"@type":"ListItem","position":2,"name":"Produkty","item":"https:\/\/shopatoa.com\/cz\/shop\/"},{"@type":"ListItem","position":3,"name":"Oble\u010den\u00ed a m\u00f3da","item":"https:\/\/shopatoa.com\/cz\/obleceni-a-moda\/"},{"@type":"ListItem","position":4,"name":"Boty","item":"https:\/\/shopatoa.com\/cz\/boty\/"},{"@type":"ListItem","position":5,"name":"AKU P\u00e1nsk\u00e1 obuv Bellamont III GTX"}]},{"@type":"WebSite","@id":"https:\/\/shopatoa.com\/cz\/#website","url":"https:\/\/shopatoa.com\/cz\/","name":"SHOPATOA","description":"","publisher":{"@id":"https:\/\/shopatoa.com\/cz\/#organization"},"potentialAction":[{"@type":"SearchAction","target":{"@type":"EntryPoint","urlTemplate":"https:\/\/shopatoa.com\/cz\/?s={search_term_string}"},"query-input":{"@type":"PropertyValueSpecification","valueRequired":true,"valueName":"search_term_string"}}],"inLanguage":"cs"},{"@type":"Organization","@id":"https:\/\/shopatoa.com\/cz\/#organization","name":"SHOPATOA Digital s.r.o.","url":"https:\/\/shopatoa.com\/cz\/","logo":{"@type":"ImageObject","inLanguage":"cs","@id":"https:\/\/shopatoa.com\/cz\/#\/schema\/logo\/image\/","url":"https:\/\/storage.googleapis.com\/cz-shopatoa-img\/cz\/ebccf434-shopatoa_logo.png","contentUrl":"https:\/\/storage.googleapis.com\/cz-shopatoa-img\/cz\/ebccf434-shopatoa_logo.png","width":416,"height":63,"caption":"SHOPATOA Digital s.r.o."},"image":{"@id":"https:\/\/shopatoa.com\/cz\/#\/schema\/logo\/image\/"}}]}},"_links":{"self":[{"href":"https:\/\/shopatoa.com\/cz\/wp-json\/wp\/v2\/product\/130143","targetHints":{"allow":["GET"]}}],"collection":[{"href":"https:\/\/shopatoa.com\/cz\/wp-json\/wp\/v2\/product"}],"about":[{"href":"https:\/\/shopatoa.com\/cz\/wp-json\/wp\/v2\/types\/product"}],"replies":[{"embeddable":true,"href":"https:\/\/shopatoa.com\/cz\/wp-json\/wp\/v2\/comments?post=130143"}],"wp:attachment":[{"href":"https:\/\/shopatoa.com\/cz\/wp-json\/wp\/v2\/media?parent=130143"}],"wp:term":[{"taxonomy":"product_brand","embeddable":true,"href":"https:\/\/shopatoa.com\/cz\/wp-json\/wp\/v2\/product_brand?post=130143"},{"taxonomy":"product_cat","embeddable":true,"href":"https:\/\/shopatoa.com\/cz\/wp-json\/wp\/v2\/product_cat?post=130143"},{"taxonomy":"product_tag","embeddable":true,"href":"https:\/\/shopatoa.com\/cz\/wp-json\/wp\/v2\/product_tag?post=130143"}],"curies":[{"name":"wp","href":"https:\/\/api.w.org\/{rel}","templated":true}]}}