{"id":130146,"date":"2025-02-14T19:17:52","date_gmt":"2025-02-14T18:17:52","guid":{"rendered":"https:\/\/shopatoa.com\/cz\/duvillard-damske-boty-sofie\/"},"modified":"2025-03-14T21:50:36","modified_gmt":"2025-03-14T20:50:36","slug":"duvillard-damske-boty-sofie","status":"publish","type":"product","link":"https:\/\/shopatoa.com\/cz\/duvillard-damske-boty-sofie\/","title":{"rendered":"Duvillard D\u00e1msk\u00e9 boty  SOFIE"},"content":{"rendered":"<p>D\u00e1msk\u00e1 obuv Duvillard SOFIE je vyrobena z\u00a0vysoce kvalitn\u00ed koz\u00ed k\u016f\u017ee, p\u0159i\u010dem\u017e obsahuje lem z\u00a0um\u011bl\u00e9 ko\u017ee\u0161iny. T\u011b\u0161it se tak m\u016f\u017eete na tepl\u00e9, pohodln\u00e9 a\u00a0m\u011bkk\u00e9 proveden\u00ed. Obuv je d\u00edky vroubkovan\u00e9 podr\u00e1\u017ece p\u0159ilnav\u00e1 na v\u0161ech typech povrchu, tedy i\u00a0such\u00e9m a\u00a0zasn\u011b\u017een\u00e9m. Obsahuje zap\u00edn\u00e1n\u00ed na zip pro snadn\u00e9 obl\u00e9k\u00e1n\u00ed a\u00a0elegantn\u00ed povrchovou \u00fapravu. Modro-b\u00edl\u00e1 a\u00a0\u010derven\u00e1 podr\u00e1\u017eka dokonale podtrhuj\u00ed francouzsk\u00fd p\u016fvod zna\u010dky. Boty byly vyrobeny v\u00a0Portugalsku.<\/p>\n","protected":false},"excerpt":{"rendered":"<p>D\u00e1msk\u00e1 obuv Duvillard SOFIE je vyrobena z\u00a0vysoce kvalitn\u00ed koz\u00ed k\u016f\u017ee, p\u0159i\u010dem\u017e obsahuje lem z\u00a0um\u011bl\u00e9 ko\u017ee\u0161iny. T\u011b\u0161it se tak m\u016f\u017eete na tepl\u00e9, pohodln\u00e9 a\u00a0m\u011bkk\u00e9 proveden\u00ed. Obuv je d\u00edky vroubkovan\u00e9 podr\u00e1\u017ece p\u0159ilnav\u00e1 na v\u0161ech typech povrchu, tedy i\u00a0such\u00e9m a\u00a0zasn\u011b\u017een\u00e9m. Obsahuje zap\u00edn\u00e1n\u00ed na zip pro snadn\u00e9 obl\u00e9k\u00e1n\u00ed a\u00a0elegantn\u00ed povrchovou \u00fapravu. Modro-b\u00edl\u00e1 a\u00a0\u010derven\u00e1 podr\u00e1\u017eka dokonale podtrhuj\u00ed francouzsk\u00fd p\u016fvod zna\u010dky&#8230;.<\/p>\n","protected":false},"featured_media":0,"comment_status":"closed","ping_status":"open","template":"","meta":{"_acf_changed":false,"_kadence_starter_templates_imported_post":false,"_kad_post_transparent":"","_kad_post_title":"","_kad_post_layout":"","_kad_post_sidebar_id":"","_kad_post_content_style":"","_kad_post_vertical_padding":"","_kad_post_feature":"","_kad_post_feature_position":"","_kad_post_header":false,"_kad_post_footer":false,"_kad_post_classname":""},"product_brand":[],"product_cat":[31,25],"product_tag":[],"class_list":{"0":"post-130146","1":"product","2":"type-product","3":"status-publish","5":"product_cat-boty","6":"product_cat-obleceni-a-moda","7":"pa_obchod-endorphinrepublic-cz","8":"pa_pohlavi-zena","10":"first","11":"instock","12":"product-type-external","13":"entry","14":"content-bg","15":"loop-entry"},"acf":[],"yoast_head":"<!-- This site is optimized with the Yoast SEO plugin v27.4 - https:\/\/yoast.com\/product\/yoast-seo-wordpress\/ -->\n<title>Duvillard D\u00e1msk\u00e9 boty SOFIE - SHOPATOA.COM<\/title>\n<meta name=\"description\" content=\"D\u00e1msk\u00e1 obuv Duvillard SOFIE je vyrobena z\u00a0vysoce kvalitn\u00ed koz\u00ed k\u016f\u017ee, p\u0159i\u010dem\u017e obsahuje lem z\u00a0um\u011bl\u00e9 ko\u017ee\u0161iny. T\u011b\u0161it se tak m\u016f\u017eete na tepl\u00e9, pohodln\u00e9 a\u00a0m\u011bkk\u00e9 proveden\u00ed. Obuv je d\u00edky vroubkovan\u00e9 podr\u00e1\u017ece p\u0159ilnav\u00e1 na v\u0161ech typech povrchu, tedy i\u00a0such\u00e9m a\u00a0zasn\u011b\u017een\u00e9m. Obsahuje zap\u00edn\u00e1n\u00ed na zip pro snadn\u00e9 obl\u00e9k\u00e1n\u00ed a\u00a0elegantn\u00ed povrchovou \u00fapravu. Modro-b\u00edl\u00e1 a\u00a0\u010derven\u00e1 podr\u00e1\u017eka dokonale podtrhuj\u00ed francouzsk\u00fd p\u016fvod zna\u010dky. Boty byly vyrobeny v\u00a0Portugalsku.\" \/>\n<meta name=\"robots\" content=\"index, follow, max-snippet:-1, max-image-preview:large, max-video-preview:-1\" \/>\n<link rel=\"canonical\" href=\"https:\/\/shopatoa.com\/cz\/duvillard-damske-boty-sofie\/\" \/>\n<meta property=\"og:locale\" content=\"cs_CZ\" \/>\n<meta property=\"og:type\" content=\"article\" \/>\n<meta property=\"og:title\" content=\"Duvillard D\u00e1msk\u00e9 boty SOFIE - SHOPATOA.COM\" \/>\n<meta property=\"og:description\" content=\"D\u00e1msk\u00e1 obuv Duvillard SOFIE je vyrobena z\u00a0vysoce kvalitn\u00ed koz\u00ed k\u016f\u017ee, p\u0159i\u010dem\u017e obsahuje lem z\u00a0um\u011bl\u00e9 ko\u017ee\u0161iny. T\u011b\u0161it se tak m\u016f\u017eete na tepl\u00e9, pohodln\u00e9 a\u00a0m\u011bkk\u00e9 proveden\u00ed. Obuv je d\u00edky vroubkovan\u00e9 podr\u00e1\u017ece p\u0159ilnav\u00e1 na v\u0161ech typech povrchu, tedy i\u00a0such\u00e9m a\u00a0zasn\u011b\u017een\u00e9m. Obsahuje zap\u00edn\u00e1n\u00ed na zip pro snadn\u00e9 obl\u00e9k\u00e1n\u00ed a\u00a0elegantn\u00ed povrchovou \u00fapravu. Modro-b\u00edl\u00e1 a\u00a0\u010derven\u00e1 podr\u00e1\u017eka dokonale podtrhuj\u00ed francouzsk\u00fd p\u016fvod zna\u010dky. Boty byly vyrobeny v\u00a0Portugalsku.\" \/>\n<meta property=\"og:url\" content=\"https:\/\/shopatoa.com\/cz\/duvillard-damske-boty-sofie\/\" \/>\n<meta property=\"og:site_name\" content=\"SHOPATOA\" \/>\n<meta property=\"article:modified_time\" content=\"2025-03-14T20:50:36+00:00\" \/>\n<meta name=\"twitter:card\" content=\"summary_large_image\" \/>\n<script type=\"application\/ld+json\" class=\"yoast-schema-graph\">{\"@context\":\"https:\\\/\\\/schema.org\",\"@graph\":[{\"@type\":\"WebPage\",\"@id\":\"https:\\\/\\\/shopatoa.com\\\/cz\\\/duvillard-damske-boty-sofie\\\/\",\"url\":\"https:\\\/\\\/shopatoa.com\\\/cz\\\/duvillard-damske-boty-sofie\\\/\",\"name\":\"Duvillard D\u00e1msk\u00e9 boty SOFIE - SHOPATOA.COM\",\"isPartOf\":{\"@id\":\"https:\\\/\\\/shopatoa.com\\\/cz\\\/#website\"},\"datePublished\":\"2025-02-14T18:17:52+00:00\",\"dateModified\":\"2025-03-14T20:50:36+00:00\",\"description\":\"D\u00e1msk\u00e1 obuv Duvillard SOFIE je vyrobena z\u00a0vysoce kvalitn\u00ed koz\u00ed k\u016f\u017ee, p\u0159i\u010dem\u017e obsahuje lem z\u00a0um\u011bl\u00e9 ko\u017ee\u0161iny. T\u011b\u0161it se tak m\u016f\u017eete na tepl\u00e9, pohodln\u00e9 a\u00a0m\u011bkk\u00e9 proveden\u00ed. Obuv je d\u00edky vroubkovan\u00e9 podr\u00e1\u017ece p\u0159ilnav\u00e1 na v\u0161ech typech povrchu, tedy i\u00a0such\u00e9m a\u00a0zasn\u011b\u017een\u00e9m. Obsahuje zap\u00edn\u00e1n\u00ed na zip pro snadn\u00e9 obl\u00e9k\u00e1n\u00ed a\u00a0elegantn\u00ed povrchovou \u00fapravu. Modro-b\u00edl\u00e1 a\u00a0\u010derven\u00e1 podr\u00e1\u017eka dokonale podtrhuj\u00ed francouzsk\u00fd p\u016fvod zna\u010dky. Boty byly vyrobeny v\u00a0Portugalsku.\",\"breadcrumb\":{\"@id\":\"https:\\\/\\\/shopatoa.com\\\/cz\\\/duvillard-damske-boty-sofie\\\/#breadcrumb\"},\"inLanguage\":\"cs\",\"potentialAction\":[{\"@type\":\"ReadAction\",\"target\":[\"https:\\\/\\\/shopatoa.com\\\/cz\\\/duvillard-damske-boty-sofie\\\/\"]}]},{\"@type\":\"BreadcrumbList\",\"@id\":\"https:\\\/\\\/shopatoa.com\\\/cz\\\/duvillard-damske-boty-sofie\\\/#breadcrumb\",\"itemListElement\":[{\"@type\":\"ListItem\",\"position\":1,\"name\":\"Dom\u016f\",\"item\":\"https:\\\/\\\/shopatoa.com\\\/cz\\\/\"},{\"@type\":\"ListItem\",\"position\":2,\"name\":\"Produkty\",\"item\":\"https:\\\/\\\/shopatoa.com\\\/cz\\\/shop\\\/\"},{\"@type\":\"ListItem\",\"position\":3,\"name\":\"Oble\u010den\u00ed a m\u00f3da\",\"item\":\"https:\\\/\\\/shopatoa.com\\\/cz\\\/obleceni-a-moda\\\/\"},{\"@type\":\"ListItem\",\"position\":4,\"name\":\"Boty\",\"item\":\"https:\\\/\\\/shopatoa.com\\\/cz\\\/boty\\\/\"},{\"@type\":\"ListItem\",\"position\":5,\"name\":\"Duvillard D\u00e1msk\u00e9 boty SOFIE\"}]},{\"@type\":\"WebSite\",\"@id\":\"https:\\\/\\\/shopatoa.com\\\/cz\\\/#website\",\"url\":\"https:\\\/\\\/shopatoa.com\\\/cz\\\/\",\"name\":\"SHOPATOA\",\"description\":\"\",\"publisher\":{\"@id\":\"https:\\\/\\\/shopatoa.com\\\/cz\\\/#organization\"},\"potentialAction\":[{\"@type\":\"SearchAction\",\"target\":{\"@type\":\"EntryPoint\",\"urlTemplate\":\"https:\\\/\\\/shopatoa.com\\\/cz\\\/?s={search_term_string}\"},\"query-input\":{\"@type\":\"PropertyValueSpecification\",\"valueRequired\":true,\"valueName\":\"search_term_string\"}}],\"inLanguage\":\"cs\"},{\"@type\":\"Organization\",\"@id\":\"https:\\\/\\\/shopatoa.com\\\/cz\\\/#organization\",\"name\":\"SHOPATOA Digital s.r.o.\",\"url\":\"https:\\\/\\\/shopatoa.com\\\/cz\\\/\",\"logo\":{\"@type\":\"ImageObject\",\"inLanguage\":\"cs\",\"@id\":\"https:\\\/\\\/shopatoa.com\\\/cz\\\/#\\\/schema\\\/logo\\\/image\\\/\",\"url\":\"https:\\\/\\\/storage.googleapis.com\\\/cz-shopatoa-img\\\/cz\\\/ebccf434-shopatoa_logo.png\",\"contentUrl\":\"https:\\\/\\\/storage.googleapis.com\\\/cz-shopatoa-img\\\/cz\\\/ebccf434-shopatoa_logo.png\",\"width\":416,\"height\":63,\"caption\":\"SHOPATOA Digital s.r.o.\"},\"image\":{\"@id\":\"https:\\\/\\\/shopatoa.com\\\/cz\\\/#\\\/schema\\\/logo\\\/image\\\/\"}}]}<\/script>\n<!-- \/ Yoast SEO plugin. -->","yoast_head_json":{"title":"Duvillard D\u00e1msk\u00e9 boty SOFIE - SHOPATOA.COM","description":"D\u00e1msk\u00e1 obuv Duvillard SOFIE je vyrobena z\u00a0vysoce kvalitn\u00ed koz\u00ed k\u016f\u017ee, p\u0159i\u010dem\u017e obsahuje lem z\u00a0um\u011bl\u00e9 ko\u017ee\u0161iny. T\u011b\u0161it se tak m\u016f\u017eete na tepl\u00e9, pohodln\u00e9 a\u00a0m\u011bkk\u00e9 proveden\u00ed. Obuv je d\u00edky vroubkovan\u00e9 podr\u00e1\u017ece p\u0159ilnav\u00e1 na v\u0161ech typech povrchu, tedy i\u00a0such\u00e9m a\u00a0zasn\u011b\u017een\u00e9m. Obsahuje zap\u00edn\u00e1n\u00ed na zip pro snadn\u00e9 obl\u00e9k\u00e1n\u00ed a\u00a0elegantn\u00ed povrchovou \u00fapravu. Modro-b\u00edl\u00e1 a\u00a0\u010derven\u00e1 podr\u00e1\u017eka dokonale podtrhuj\u00ed francouzsk\u00fd p\u016fvod zna\u010dky. Boty byly vyrobeny v\u00a0Portugalsku.","robots":{"index":"index","follow":"follow","max-snippet":"max-snippet:-1","max-image-preview":"max-image-preview:large","max-video-preview":"max-video-preview:-1"},"canonical":"https:\/\/shopatoa.com\/cz\/duvillard-damske-boty-sofie\/","og_locale":"cs_CZ","og_type":"article","og_title":"Duvillard D\u00e1msk\u00e9 boty SOFIE - SHOPATOA.COM","og_description":"D\u00e1msk\u00e1 obuv Duvillard SOFIE je vyrobena z\u00a0vysoce kvalitn\u00ed koz\u00ed k\u016f\u017ee, p\u0159i\u010dem\u017e obsahuje lem z\u00a0um\u011bl\u00e9 ko\u017ee\u0161iny. T\u011b\u0161it se tak m\u016f\u017eete na tepl\u00e9, pohodln\u00e9 a\u00a0m\u011bkk\u00e9 proveden\u00ed. Obuv je d\u00edky vroubkovan\u00e9 podr\u00e1\u017ece p\u0159ilnav\u00e1 na v\u0161ech typech povrchu, tedy i\u00a0such\u00e9m a\u00a0zasn\u011b\u017een\u00e9m. Obsahuje zap\u00edn\u00e1n\u00ed na zip pro snadn\u00e9 obl\u00e9k\u00e1n\u00ed a\u00a0elegantn\u00ed povrchovou \u00fapravu. Modro-b\u00edl\u00e1 a\u00a0\u010derven\u00e1 podr\u00e1\u017eka dokonale podtrhuj\u00ed francouzsk\u00fd p\u016fvod zna\u010dky. Boty byly vyrobeny v\u00a0Portugalsku.","og_url":"https:\/\/shopatoa.com\/cz\/duvillard-damske-boty-sofie\/","og_site_name":"SHOPATOA","article_modified_time":"2025-03-14T20:50:36+00:00","twitter_card":"summary_large_image","schema":{"@context":"https:\/\/schema.org","@graph":[{"@type":"WebPage","@id":"https:\/\/shopatoa.com\/cz\/duvillard-damske-boty-sofie\/","url":"https:\/\/shopatoa.com\/cz\/duvillard-damske-boty-sofie\/","name":"Duvillard D\u00e1msk\u00e9 boty SOFIE - SHOPATOA.COM","isPartOf":{"@id":"https:\/\/shopatoa.com\/cz\/#website"},"datePublished":"2025-02-14T18:17:52+00:00","dateModified":"2025-03-14T20:50:36+00:00","description":"D\u00e1msk\u00e1 obuv Duvillard SOFIE je vyrobena z\u00a0vysoce kvalitn\u00ed koz\u00ed k\u016f\u017ee, p\u0159i\u010dem\u017e obsahuje lem z\u00a0um\u011bl\u00e9 ko\u017ee\u0161iny. T\u011b\u0161it se tak m\u016f\u017eete na tepl\u00e9, pohodln\u00e9 a\u00a0m\u011bkk\u00e9 proveden\u00ed. Obuv je d\u00edky vroubkovan\u00e9 podr\u00e1\u017ece p\u0159ilnav\u00e1 na v\u0161ech typech povrchu, tedy i\u00a0such\u00e9m a\u00a0zasn\u011b\u017een\u00e9m. Obsahuje zap\u00edn\u00e1n\u00ed na zip pro snadn\u00e9 obl\u00e9k\u00e1n\u00ed a\u00a0elegantn\u00ed povrchovou \u00fapravu. Modro-b\u00edl\u00e1 a\u00a0\u010derven\u00e1 podr\u00e1\u017eka dokonale podtrhuj\u00ed francouzsk\u00fd p\u016fvod zna\u010dky. Boty byly vyrobeny v\u00a0Portugalsku.","breadcrumb":{"@id":"https:\/\/shopatoa.com\/cz\/duvillard-damske-boty-sofie\/#breadcrumb"},"inLanguage":"cs","potentialAction":[{"@type":"ReadAction","target":["https:\/\/shopatoa.com\/cz\/duvillard-damske-boty-sofie\/"]}]},{"@type":"BreadcrumbList","@id":"https:\/\/shopatoa.com\/cz\/duvillard-damske-boty-sofie\/#breadcrumb","itemListElement":[{"@type":"ListItem","position":1,"name":"Dom\u016f","item":"https:\/\/shopatoa.com\/cz\/"},{"@type":"ListItem","position":2,"name":"Produkty","item":"https:\/\/shopatoa.com\/cz\/shop\/"},{"@type":"ListItem","position":3,"name":"Oble\u010den\u00ed a m\u00f3da","item":"https:\/\/shopatoa.com\/cz\/obleceni-a-moda\/"},{"@type":"ListItem","position":4,"name":"Boty","item":"https:\/\/shopatoa.com\/cz\/boty\/"},{"@type":"ListItem","position":5,"name":"Duvillard D\u00e1msk\u00e9 boty SOFIE"}]},{"@type":"WebSite","@id":"https:\/\/shopatoa.com\/cz\/#website","url":"https:\/\/shopatoa.com\/cz\/","name":"SHOPATOA","description":"","publisher":{"@id":"https:\/\/shopatoa.com\/cz\/#organization"},"potentialAction":[{"@type":"SearchAction","target":{"@type":"EntryPoint","urlTemplate":"https:\/\/shopatoa.com\/cz\/?s={search_term_string}"},"query-input":{"@type":"PropertyValueSpecification","valueRequired":true,"valueName":"search_term_string"}}],"inLanguage":"cs"},{"@type":"Organization","@id":"https:\/\/shopatoa.com\/cz\/#organization","name":"SHOPATOA Digital s.r.o.","url":"https:\/\/shopatoa.com\/cz\/","logo":{"@type":"ImageObject","inLanguage":"cs","@id":"https:\/\/shopatoa.com\/cz\/#\/schema\/logo\/image\/","url":"https:\/\/storage.googleapis.com\/cz-shopatoa-img\/cz\/ebccf434-shopatoa_logo.png","contentUrl":"https:\/\/storage.googleapis.com\/cz-shopatoa-img\/cz\/ebccf434-shopatoa_logo.png","width":416,"height":63,"caption":"SHOPATOA Digital s.r.o."},"image":{"@id":"https:\/\/shopatoa.com\/cz\/#\/schema\/logo\/image\/"}}]}},"_links":{"self":[{"href":"https:\/\/shopatoa.com\/cz\/wp-json\/wp\/v2\/product\/130146","targetHints":{"allow":["GET"]}}],"collection":[{"href":"https:\/\/shopatoa.com\/cz\/wp-json\/wp\/v2\/product"}],"about":[{"href":"https:\/\/shopatoa.com\/cz\/wp-json\/wp\/v2\/types\/product"}],"replies":[{"embeddable":true,"href":"https:\/\/shopatoa.com\/cz\/wp-json\/wp\/v2\/comments?post=130146"}],"wp:attachment":[{"href":"https:\/\/shopatoa.com\/cz\/wp-json\/wp\/v2\/media?parent=130146"}],"wp:term":[{"taxonomy":"product_brand","embeddable":true,"href":"https:\/\/shopatoa.com\/cz\/wp-json\/wp\/v2\/product_brand?post=130146"},{"taxonomy":"product_cat","embeddable":true,"href":"https:\/\/shopatoa.com\/cz\/wp-json\/wp\/v2\/product_cat?post=130146"},{"taxonomy":"product_tag","embeddable":true,"href":"https:\/\/shopatoa.com\/cz\/wp-json\/wp\/v2\/product_tag?post=130146"}],"curies":[{"name":"wp","href":"https:\/\/api.w.org\/{rel}","templated":true}]}}