{"id":130154,"date":"2025-02-14T19:17:58","date_gmt":"2025-02-14T18:17:58","guid":{"rendered":"https:\/\/shopatoa.com\/cz\/on-damske-boty-cloudnova-x\/"},"modified":"2025-03-14T21:50:54","modified_gmt":"2025-03-14T20:50:54","slug":"on-damske-boty-cloudnova-x","status":"publish","type":"product","link":"https:\/\/shopatoa.com\/cz\/on-damske-boty-cloudnova-x\/","title":{"rendered":"ON D\u00e1msk\u00e9 boty  Cloudnova X"},"content":{"rendered":"<p>D\u00e1msk\u00e9 b\u011b\u017eeck\u00e9 boty ON Cloudnova X s\u00a0technologi\u00ed CloudTec\u00ae p\u0159in\u00e1\u0161\u00ed bezpe\u010dn\u011bj\u0161\u00ed a\u00a0pohodln\u011bj\u0161\u00ed do\u0161lap. Deska Speedboard\u00ae ve tvaru X obstar\u00e1 v\u011bt\u0161\u00ed flexibilitu v\u00a0p\u0159edn\u00ed \u010d\u00e1sti chodidla a\u00a0lep\u0161\u00ed oporu p\u0159i bo\u010dn\u00edch pohybech. Nav\u00edc je kompletn\u011b spojena s\u00a0patn\u00edm klipem pro lep\u0161\u00ed dr\u017een\u00ed. Pevn\u011bj\u0161\u00ed p\u011bna a\u00a0\u0161ir\u0161\u00ed platforma pod patou zvy\u0161uj\u00ed stabilitu. D\u00edky s\u00ed\u0165ovin\u011b s\u00a0pod\u0161\u00edvkou se m\u016f\u017eete spolehnout na skv\u011blou prody\u0161nost. Hladk\u00e9 a\u00a0m\u011bkk\u00e9 materi\u00e1ly na pat\u011b a\u00a0jazyku nab\u00edz\u00ed p\u0159\u00edjemn\u00fd do\u0161lap. B\u011b\u017eeck\u00e9 boty jsou ide\u00e1ln\u00ed pro celodenn\u00ed no\u0161en\u00ed a\u00a0tr\u00e9nink s\u00a0n\u00edzkou a\u00a0st\u0159edn\u00ed z\u00e1t\u011b\u017e\u00ed.<\/p>\n","protected":false},"excerpt":{"rendered":"<p>D\u00e1msk\u00e9 b\u011b\u017eeck\u00e9 boty ON Cloudnova X s\u00a0technologi\u00ed CloudTec\u00ae p\u0159in\u00e1\u0161\u00ed bezpe\u010dn\u011bj\u0161\u00ed a\u00a0pohodln\u011bj\u0161\u00ed do\u0161lap. Deska Speedboard\u00ae ve tvaru X obstar\u00e1 v\u011bt\u0161\u00ed flexibilitu v\u00a0p\u0159edn\u00ed \u010d\u00e1sti chodidla a\u00a0lep\u0161\u00ed oporu p\u0159i bo\u010dn\u00edch pohybech. Nav\u00edc je kompletn\u011b spojena s\u00a0patn\u00edm klipem pro lep\u0161\u00ed dr\u017een\u00ed. Pevn\u011bj\u0161\u00ed p\u011bna a\u00a0\u0161ir\u0161\u00ed platforma pod patou zvy\u0161uj\u00ed stabilitu. D\u00edky s\u00ed\u0165ovin\u011b s\u00a0pod\u0161\u00edvkou se m\u016f\u017eete spolehnout na skv\u011blou prody\u0161nost. Hladk\u00e9&#8230;<\/p>\n","protected":false},"featured_media":0,"comment_status":"closed","ping_status":"open","template":"","meta":{"_acf_changed":false,"_kadence_starter_templates_imported_post":false,"_kad_post_transparent":"","_kad_post_title":"","_kad_post_layout":"","_kad_post_sidebar_id":"","_kad_post_content_style":"","_kad_post_vertical_padding":"","_kad_post_feature":"","_kad_post_feature_position":"","_kad_post_header":false,"_kad_post_footer":false,"_kad_post_classname":""},"product_brand":[],"product_cat":[31,25],"product_tag":[],"class_list":{"0":"post-130154","1":"product","2":"type-product","3":"status-publish","5":"product_cat-boty","6":"product_cat-obleceni-a-moda","7":"pa_obchod-endorphinrepublic-cz","8":"pa_pohlavi-zena","10":"first","11":"instock","12":"product-type-external","13":"entry","14":"content-bg","15":"loop-entry"},"acf":[],"yoast_head":"<!-- This site is optimized with the Yoast SEO plugin v27.4 - https:\/\/yoast.com\/product\/yoast-seo-wordpress\/ -->\n<title>ON D\u00e1msk\u00e9 boty Cloudnova X - SHOPATOA.COM<\/title>\n<meta name=\"description\" content=\"D\u00e1msk\u00e9 b\u011b\u017eeck\u00e9 boty ON Cloudnova X s\u00a0technologi\u00ed CloudTec\u00ae p\u0159in\u00e1\u0161\u00ed bezpe\u010dn\u011bj\u0161\u00ed a\u00a0pohodln\u011bj\u0161\u00ed do\u0161lap. Deska Speedboard\u00ae ve tvaru X obstar\u00e1 v\u011bt\u0161\u00ed flexibilitu v\u00a0p\u0159edn\u00ed \u010d\u00e1sti chodidla a\u00a0lep\u0161\u00ed oporu p\u0159i bo\u010dn\u00edch pohybech. Nav\u00edc je kompletn\u011b spojena s\u00a0patn\u00edm klipem pro lep\u0161\u00ed dr\u017een\u00ed. Pevn\u011bj\u0161\u00ed p\u011bna a\u00a0\u0161ir\u0161\u00ed platforma pod patou zvy\u0161uj\u00ed stabilitu. D\u00edky s\u00ed\u0165ovin\u011b s\u00a0pod\u0161\u00edvkou se m\u016f\u017eete spolehnout na skv\u011blou prody\u0161nost. Hladk\u00e9 a\u00a0m\u011bkk\u00e9 materi\u00e1ly na pat\u011b a\u00a0jazyku nab\u00edz\u00ed p\u0159\u00edjemn\u00fd do\u0161lap. B\u011b\u017eeck\u00e9 boty jsou ide\u00e1ln\u00ed pro celodenn\u00ed no\u0161en\u00ed a\u00a0tr\u00e9nink s\u00a0n\u00edzkou a\u00a0st\u0159edn\u00ed z\u00e1t\u011b\u017e\u00ed.\" \/>\n<meta name=\"robots\" content=\"index, follow, max-snippet:-1, max-image-preview:large, max-video-preview:-1\" \/>\n<link rel=\"canonical\" href=\"https:\/\/shopatoa.com\/cz\/on-damske-boty-cloudnova-x\/\" \/>\n<meta property=\"og:locale\" content=\"cs_CZ\" \/>\n<meta property=\"og:type\" content=\"article\" \/>\n<meta property=\"og:title\" content=\"ON D\u00e1msk\u00e9 boty Cloudnova X - SHOPATOA.COM\" \/>\n<meta property=\"og:description\" content=\"D\u00e1msk\u00e9 b\u011b\u017eeck\u00e9 boty ON Cloudnova X s\u00a0technologi\u00ed CloudTec\u00ae p\u0159in\u00e1\u0161\u00ed bezpe\u010dn\u011bj\u0161\u00ed a\u00a0pohodln\u011bj\u0161\u00ed do\u0161lap. Deska Speedboard\u00ae ve tvaru X obstar\u00e1 v\u011bt\u0161\u00ed flexibilitu v\u00a0p\u0159edn\u00ed \u010d\u00e1sti chodidla a\u00a0lep\u0161\u00ed oporu p\u0159i bo\u010dn\u00edch pohybech. Nav\u00edc je kompletn\u011b spojena s\u00a0patn\u00edm klipem pro lep\u0161\u00ed dr\u017een\u00ed. Pevn\u011bj\u0161\u00ed p\u011bna a\u00a0\u0161ir\u0161\u00ed platforma pod patou zvy\u0161uj\u00ed stabilitu. D\u00edky s\u00ed\u0165ovin\u011b s\u00a0pod\u0161\u00edvkou se m\u016f\u017eete spolehnout na skv\u011blou prody\u0161nost. Hladk\u00e9 a\u00a0m\u011bkk\u00e9 materi\u00e1ly na pat\u011b a\u00a0jazyku nab\u00edz\u00ed p\u0159\u00edjemn\u00fd do\u0161lap. B\u011b\u017eeck\u00e9 boty jsou ide\u00e1ln\u00ed pro celodenn\u00ed no\u0161en\u00ed a\u00a0tr\u00e9nink s\u00a0n\u00edzkou a\u00a0st\u0159edn\u00ed z\u00e1t\u011b\u017e\u00ed.\" \/>\n<meta property=\"og:url\" content=\"https:\/\/shopatoa.com\/cz\/on-damske-boty-cloudnova-x\/\" \/>\n<meta property=\"og:site_name\" content=\"SHOPATOA\" \/>\n<meta property=\"article:modified_time\" content=\"2025-03-14T20:50:54+00:00\" \/>\n<meta name=\"twitter:card\" content=\"summary_large_image\" \/>\n<meta name=\"twitter:label1\" content=\"Odhadovan\u00e1 doba \u010dten\u00ed\" \/>\n\t<meta name=\"twitter:data1\" content=\"1 minuta\" \/>\n<script type=\"application\/ld+json\" class=\"yoast-schema-graph\">{\"@context\":\"https:\\\/\\\/schema.org\",\"@graph\":[{\"@type\":\"WebPage\",\"@id\":\"https:\\\/\\\/shopatoa.com\\\/cz\\\/on-damske-boty-cloudnova-x\\\/\",\"url\":\"https:\\\/\\\/shopatoa.com\\\/cz\\\/on-damske-boty-cloudnova-x\\\/\",\"name\":\"ON D\u00e1msk\u00e9 boty Cloudnova X - SHOPATOA.COM\",\"isPartOf\":{\"@id\":\"https:\\\/\\\/shopatoa.com\\\/cz\\\/#website\"},\"datePublished\":\"2025-02-14T18:17:58+00:00\",\"dateModified\":\"2025-03-14T20:50:54+00:00\",\"description\":\"D\u00e1msk\u00e9 b\u011b\u017eeck\u00e9 boty ON Cloudnova X s\u00a0technologi\u00ed CloudTec\u00ae p\u0159in\u00e1\u0161\u00ed bezpe\u010dn\u011bj\u0161\u00ed a\u00a0pohodln\u011bj\u0161\u00ed do\u0161lap. Deska Speedboard\u00ae ve tvaru X obstar\u00e1 v\u011bt\u0161\u00ed flexibilitu v\u00a0p\u0159edn\u00ed \u010d\u00e1sti chodidla a\u00a0lep\u0161\u00ed oporu p\u0159i bo\u010dn\u00edch pohybech. Nav\u00edc je kompletn\u011b spojena s\u00a0patn\u00edm klipem pro lep\u0161\u00ed dr\u017een\u00ed. Pevn\u011bj\u0161\u00ed p\u011bna a\u00a0\u0161ir\u0161\u00ed platforma pod patou zvy\u0161uj\u00ed stabilitu. D\u00edky s\u00ed\u0165ovin\u011b s\u00a0pod\u0161\u00edvkou se m\u016f\u017eete spolehnout na skv\u011blou prody\u0161nost. Hladk\u00e9 a\u00a0m\u011bkk\u00e9 materi\u00e1ly na pat\u011b a\u00a0jazyku nab\u00edz\u00ed p\u0159\u00edjemn\u00fd do\u0161lap. B\u011b\u017eeck\u00e9 boty jsou ide\u00e1ln\u00ed pro celodenn\u00ed no\u0161en\u00ed a\u00a0tr\u00e9nink s\u00a0n\u00edzkou a\u00a0st\u0159edn\u00ed z\u00e1t\u011b\u017e\u00ed.\",\"breadcrumb\":{\"@id\":\"https:\\\/\\\/shopatoa.com\\\/cz\\\/on-damske-boty-cloudnova-x\\\/#breadcrumb\"},\"inLanguage\":\"cs\",\"potentialAction\":[{\"@type\":\"ReadAction\",\"target\":[\"https:\\\/\\\/shopatoa.com\\\/cz\\\/on-damske-boty-cloudnova-x\\\/\"]}]},{\"@type\":\"BreadcrumbList\",\"@id\":\"https:\\\/\\\/shopatoa.com\\\/cz\\\/on-damske-boty-cloudnova-x\\\/#breadcrumb\",\"itemListElement\":[{\"@type\":\"ListItem\",\"position\":1,\"name\":\"Dom\u016f\",\"item\":\"https:\\\/\\\/shopatoa.com\\\/cz\\\/\"},{\"@type\":\"ListItem\",\"position\":2,\"name\":\"Produkty\",\"item\":\"https:\\\/\\\/shopatoa.com\\\/cz\\\/shop\\\/\"},{\"@type\":\"ListItem\",\"position\":3,\"name\":\"Oble\u010den\u00ed a m\u00f3da\",\"item\":\"https:\\\/\\\/shopatoa.com\\\/cz\\\/obleceni-a-moda\\\/\"},{\"@type\":\"ListItem\",\"position\":4,\"name\":\"Boty\",\"item\":\"https:\\\/\\\/shopatoa.com\\\/cz\\\/boty\\\/\"},{\"@type\":\"ListItem\",\"position\":5,\"name\":\"ON D\u00e1msk\u00e9 boty Cloudnova X\"}]},{\"@type\":\"WebSite\",\"@id\":\"https:\\\/\\\/shopatoa.com\\\/cz\\\/#website\",\"url\":\"https:\\\/\\\/shopatoa.com\\\/cz\\\/\",\"name\":\"SHOPATOA\",\"description\":\"\",\"publisher\":{\"@id\":\"https:\\\/\\\/shopatoa.com\\\/cz\\\/#organization\"},\"potentialAction\":[{\"@type\":\"SearchAction\",\"target\":{\"@type\":\"EntryPoint\",\"urlTemplate\":\"https:\\\/\\\/shopatoa.com\\\/cz\\\/?s={search_term_string}\"},\"query-input\":{\"@type\":\"PropertyValueSpecification\",\"valueRequired\":true,\"valueName\":\"search_term_string\"}}],\"inLanguage\":\"cs\"},{\"@type\":\"Organization\",\"@id\":\"https:\\\/\\\/shopatoa.com\\\/cz\\\/#organization\",\"name\":\"SHOPATOA Digital s.r.o.\",\"url\":\"https:\\\/\\\/shopatoa.com\\\/cz\\\/\",\"logo\":{\"@type\":\"ImageObject\",\"inLanguage\":\"cs\",\"@id\":\"https:\\\/\\\/shopatoa.com\\\/cz\\\/#\\\/schema\\\/logo\\\/image\\\/\",\"url\":\"https:\\\/\\\/storage.googleapis.com\\\/cz-shopatoa-img\\\/cz\\\/ebccf434-shopatoa_logo.png\",\"contentUrl\":\"https:\\\/\\\/storage.googleapis.com\\\/cz-shopatoa-img\\\/cz\\\/ebccf434-shopatoa_logo.png\",\"width\":416,\"height\":63,\"caption\":\"SHOPATOA Digital s.r.o.\"},\"image\":{\"@id\":\"https:\\\/\\\/shopatoa.com\\\/cz\\\/#\\\/schema\\\/logo\\\/image\\\/\"}}]}<\/script>\n<!-- \/ Yoast SEO plugin. -->","yoast_head_json":{"title":"ON D\u00e1msk\u00e9 boty Cloudnova X - SHOPATOA.COM","description":"D\u00e1msk\u00e9 b\u011b\u017eeck\u00e9 boty ON Cloudnova X s\u00a0technologi\u00ed CloudTec\u00ae p\u0159in\u00e1\u0161\u00ed bezpe\u010dn\u011bj\u0161\u00ed a\u00a0pohodln\u011bj\u0161\u00ed do\u0161lap. Deska Speedboard\u00ae ve tvaru X obstar\u00e1 v\u011bt\u0161\u00ed flexibilitu v\u00a0p\u0159edn\u00ed \u010d\u00e1sti chodidla a\u00a0lep\u0161\u00ed oporu p\u0159i bo\u010dn\u00edch pohybech. Nav\u00edc je kompletn\u011b spojena s\u00a0patn\u00edm klipem pro lep\u0161\u00ed dr\u017een\u00ed. Pevn\u011bj\u0161\u00ed p\u011bna a\u00a0\u0161ir\u0161\u00ed platforma pod patou zvy\u0161uj\u00ed stabilitu. D\u00edky s\u00ed\u0165ovin\u011b s\u00a0pod\u0161\u00edvkou se m\u016f\u017eete spolehnout na skv\u011blou prody\u0161nost. Hladk\u00e9 a\u00a0m\u011bkk\u00e9 materi\u00e1ly na pat\u011b a\u00a0jazyku nab\u00edz\u00ed p\u0159\u00edjemn\u00fd do\u0161lap. B\u011b\u017eeck\u00e9 boty jsou ide\u00e1ln\u00ed pro celodenn\u00ed no\u0161en\u00ed a\u00a0tr\u00e9nink s\u00a0n\u00edzkou a\u00a0st\u0159edn\u00ed z\u00e1t\u011b\u017e\u00ed.","robots":{"index":"index","follow":"follow","max-snippet":"max-snippet:-1","max-image-preview":"max-image-preview:large","max-video-preview":"max-video-preview:-1"},"canonical":"https:\/\/shopatoa.com\/cz\/on-damske-boty-cloudnova-x\/","og_locale":"cs_CZ","og_type":"article","og_title":"ON D\u00e1msk\u00e9 boty Cloudnova X - SHOPATOA.COM","og_description":"D\u00e1msk\u00e9 b\u011b\u017eeck\u00e9 boty ON Cloudnova X s\u00a0technologi\u00ed CloudTec\u00ae p\u0159in\u00e1\u0161\u00ed bezpe\u010dn\u011bj\u0161\u00ed a\u00a0pohodln\u011bj\u0161\u00ed do\u0161lap. Deska Speedboard\u00ae ve tvaru X obstar\u00e1 v\u011bt\u0161\u00ed flexibilitu v\u00a0p\u0159edn\u00ed \u010d\u00e1sti chodidla a\u00a0lep\u0161\u00ed oporu p\u0159i bo\u010dn\u00edch pohybech. Nav\u00edc je kompletn\u011b spojena s\u00a0patn\u00edm klipem pro lep\u0161\u00ed dr\u017een\u00ed. Pevn\u011bj\u0161\u00ed p\u011bna a\u00a0\u0161ir\u0161\u00ed platforma pod patou zvy\u0161uj\u00ed stabilitu. D\u00edky s\u00ed\u0165ovin\u011b s\u00a0pod\u0161\u00edvkou se m\u016f\u017eete spolehnout na skv\u011blou prody\u0161nost. Hladk\u00e9 a\u00a0m\u011bkk\u00e9 materi\u00e1ly na pat\u011b a\u00a0jazyku nab\u00edz\u00ed p\u0159\u00edjemn\u00fd do\u0161lap. B\u011b\u017eeck\u00e9 boty jsou ide\u00e1ln\u00ed pro celodenn\u00ed no\u0161en\u00ed a\u00a0tr\u00e9nink s\u00a0n\u00edzkou a\u00a0st\u0159edn\u00ed z\u00e1t\u011b\u017e\u00ed.","og_url":"https:\/\/shopatoa.com\/cz\/on-damske-boty-cloudnova-x\/","og_site_name":"SHOPATOA","article_modified_time":"2025-03-14T20:50:54+00:00","twitter_card":"summary_large_image","twitter_misc":{"Odhadovan\u00e1 doba \u010dten\u00ed":"1 minuta"},"schema":{"@context":"https:\/\/schema.org","@graph":[{"@type":"WebPage","@id":"https:\/\/shopatoa.com\/cz\/on-damske-boty-cloudnova-x\/","url":"https:\/\/shopatoa.com\/cz\/on-damske-boty-cloudnova-x\/","name":"ON D\u00e1msk\u00e9 boty Cloudnova X - SHOPATOA.COM","isPartOf":{"@id":"https:\/\/shopatoa.com\/cz\/#website"},"datePublished":"2025-02-14T18:17:58+00:00","dateModified":"2025-03-14T20:50:54+00:00","description":"D\u00e1msk\u00e9 b\u011b\u017eeck\u00e9 boty ON Cloudnova X s\u00a0technologi\u00ed CloudTec\u00ae p\u0159in\u00e1\u0161\u00ed bezpe\u010dn\u011bj\u0161\u00ed a\u00a0pohodln\u011bj\u0161\u00ed do\u0161lap. Deska Speedboard\u00ae ve tvaru X obstar\u00e1 v\u011bt\u0161\u00ed flexibilitu v\u00a0p\u0159edn\u00ed \u010d\u00e1sti chodidla a\u00a0lep\u0161\u00ed oporu p\u0159i bo\u010dn\u00edch pohybech. Nav\u00edc je kompletn\u011b spojena s\u00a0patn\u00edm klipem pro lep\u0161\u00ed dr\u017een\u00ed. Pevn\u011bj\u0161\u00ed p\u011bna a\u00a0\u0161ir\u0161\u00ed platforma pod patou zvy\u0161uj\u00ed stabilitu. D\u00edky s\u00ed\u0165ovin\u011b s\u00a0pod\u0161\u00edvkou se m\u016f\u017eete spolehnout na skv\u011blou prody\u0161nost. Hladk\u00e9 a\u00a0m\u011bkk\u00e9 materi\u00e1ly na pat\u011b a\u00a0jazyku nab\u00edz\u00ed p\u0159\u00edjemn\u00fd do\u0161lap. B\u011b\u017eeck\u00e9 boty jsou ide\u00e1ln\u00ed pro celodenn\u00ed no\u0161en\u00ed a\u00a0tr\u00e9nink s\u00a0n\u00edzkou a\u00a0st\u0159edn\u00ed z\u00e1t\u011b\u017e\u00ed.","breadcrumb":{"@id":"https:\/\/shopatoa.com\/cz\/on-damske-boty-cloudnova-x\/#breadcrumb"},"inLanguage":"cs","potentialAction":[{"@type":"ReadAction","target":["https:\/\/shopatoa.com\/cz\/on-damske-boty-cloudnova-x\/"]}]},{"@type":"BreadcrumbList","@id":"https:\/\/shopatoa.com\/cz\/on-damske-boty-cloudnova-x\/#breadcrumb","itemListElement":[{"@type":"ListItem","position":1,"name":"Dom\u016f","item":"https:\/\/shopatoa.com\/cz\/"},{"@type":"ListItem","position":2,"name":"Produkty","item":"https:\/\/shopatoa.com\/cz\/shop\/"},{"@type":"ListItem","position":3,"name":"Oble\u010den\u00ed a m\u00f3da","item":"https:\/\/shopatoa.com\/cz\/obleceni-a-moda\/"},{"@type":"ListItem","position":4,"name":"Boty","item":"https:\/\/shopatoa.com\/cz\/boty\/"},{"@type":"ListItem","position":5,"name":"ON D\u00e1msk\u00e9 boty Cloudnova X"}]},{"@type":"WebSite","@id":"https:\/\/shopatoa.com\/cz\/#website","url":"https:\/\/shopatoa.com\/cz\/","name":"SHOPATOA","description":"","publisher":{"@id":"https:\/\/shopatoa.com\/cz\/#organization"},"potentialAction":[{"@type":"SearchAction","target":{"@type":"EntryPoint","urlTemplate":"https:\/\/shopatoa.com\/cz\/?s={search_term_string}"},"query-input":{"@type":"PropertyValueSpecification","valueRequired":true,"valueName":"search_term_string"}}],"inLanguage":"cs"},{"@type":"Organization","@id":"https:\/\/shopatoa.com\/cz\/#organization","name":"SHOPATOA Digital s.r.o.","url":"https:\/\/shopatoa.com\/cz\/","logo":{"@type":"ImageObject","inLanguage":"cs","@id":"https:\/\/shopatoa.com\/cz\/#\/schema\/logo\/image\/","url":"https:\/\/storage.googleapis.com\/cz-shopatoa-img\/cz\/ebccf434-shopatoa_logo.png","contentUrl":"https:\/\/storage.googleapis.com\/cz-shopatoa-img\/cz\/ebccf434-shopatoa_logo.png","width":416,"height":63,"caption":"SHOPATOA Digital s.r.o."},"image":{"@id":"https:\/\/shopatoa.com\/cz\/#\/schema\/logo\/image\/"}}]}},"_links":{"self":[{"href":"https:\/\/shopatoa.com\/cz\/wp-json\/wp\/v2\/product\/130154","targetHints":{"allow":["GET"]}}],"collection":[{"href":"https:\/\/shopatoa.com\/cz\/wp-json\/wp\/v2\/product"}],"about":[{"href":"https:\/\/shopatoa.com\/cz\/wp-json\/wp\/v2\/types\/product"}],"replies":[{"embeddable":true,"href":"https:\/\/shopatoa.com\/cz\/wp-json\/wp\/v2\/comments?post=130154"}],"wp:attachment":[{"href":"https:\/\/shopatoa.com\/cz\/wp-json\/wp\/v2\/media?parent=130154"}],"wp:term":[{"taxonomy":"product_brand","embeddable":true,"href":"https:\/\/shopatoa.com\/cz\/wp-json\/wp\/v2\/product_brand?post=130154"},{"taxonomy":"product_cat","embeddable":true,"href":"https:\/\/shopatoa.com\/cz\/wp-json\/wp\/v2\/product_cat?post=130154"},{"taxonomy":"product_tag","embeddable":true,"href":"https:\/\/shopatoa.com\/cz\/wp-json\/wp\/v2\/product_tag?post=130154"}],"curies":[{"name":"wp","href":"https:\/\/api.w.org\/{rel}","templated":true}]}}