{"id":130176,"date":"2025-02-14T19:58:30","date_gmt":"2025-02-14T18:58:30","guid":{"rendered":"https:\/\/shopatoa.com\/cz\/cerne-kozene-kozacky-s-elastickou-vsadkou-online-shoes\/"},"modified":"2025-03-14T21:51:18","modified_gmt":"2025-03-14T20:51:18","slug":"cerne-kozene-kozacky-s-elastickou-vsadkou-online-shoes","status":"publish","type":"product","link":"https:\/\/shopatoa.com\/cz\/cerne-kozene-kozacky-s-elastickou-vsadkou-online-shoes\/","title":{"rendered":"\u010cern\u00e9 ko\u017een\u00e9 koza\u010dky s elastickou vsadkou Online Shoes"},"content":{"rendered":"<p>C\u00edt\u00edte tu v\u016fni prav\u00e9 k\u016f\u017ee?\u00a0P\u00e1r kvalitn\u00edch ko\u017een\u00fdch koza\u010dek v\u00e1m nesm\u00ed v t\u00e9to sezon\u011b v \u0161atn\u00edku chyb\u011bt.<\/p>\n<p>A m\u00e1 to jeden p\u00e1dn\u00fd d\u016fvod. Elegantn\u00ed, vysok\u00e9 \u010dern\u00e9 koza\u010dky m\u016f\u017eete kombinovat se v\u0161\u00edm a v\u0161ude. Tyto krit\u00e9ria p\u0159esn\u011b spl\u0148uj\u00ed nad\u010dasov\u00e9, ru\u010dn\u011b vyroben\u00e9 koza\u010dky tradi\u010dn\u00ed zna\u010dky Online Shoes.<\/p>\n<p>Jsou vyroben\u00e9 z velmi jemn\u00e9 a z\u00e1rove\u0148 pevn\u00e9 <strong>prav\u00e9 k\u016f\u017ee<\/strong>. Ve\u0161ker\u00e9 \u0161it\u00ed je zhotoven\u00e9 s tou nejv\u011bt\u0161\u00ed preciznost\u00ed, kter\u00e1 je zvl\u00e1dnut\u00e1 do nejmen\u0161\u00edch detail\u016f.<\/p>\n<p>Stoj\u00ed na pevn\u00e9m 3 cm vysok\u00e9m podpatku. V horn\u00ed \u010d\u00e1sti maj\u00ed <strong>elastickou vsadku,<\/strong>\u00a0a l\u00e9pe se tak p\u0159izp\u016fsob\u00ed va\u0161emu l\u00fdtku. Vsadka umo\u017e\u0148uje rozta\u017een\u00ed vr\u0161ku koza\u010dek a\u017e o 3 cm. Zip b\u011b\u017e\u00ed od shora dol\u016f, tak\u017ee koza\u010dky m\u016f\u017eete s klidem p\u0159et\u00e1hnout p\u0159es kalhoty a vyrazit do v\u00edru dne s eleganc\u00ed a \u0161armem.<\/p>\n<ul>\n<li><strong>Vn\u011bj\u0161\u00ed materi\u00e1l: <\/strong>prav\u00e1 k\u016f\u017ee<\/li>\n<li><strong>Vnit\u0159n\u00ed materi\u00e1l: <\/strong>prav\u00e1 k\u016f\u017ee,<strong>\u00a0<\/strong>textil<\/li>\n<li><strong>Podr\u00e1\u017eka:<\/strong>\u00a0guma<\/li>\n<li><strong>V\u00fd\u0161ka podpatku: <\/strong>3 cm<\/li>\n<li><strong>V\u00fd\u0161ka<\/strong>: 37 cm<\/li>\n<li><strong>Obvod kolem l\u00fdtka<\/strong>: 38 cm (m\u011b\u0159eno pro\u00a0velikost 37)<\/li>\n<\/ul>\n<p>\u200bObvod\u00a0kolem l\u00fdtka v nejvy\u0161\u0161\u00ed \u010d\u00e1sti:<\/p>\n<ul>\n<li>velikost 36:\u00a0obvod 37,5\u00a0cm\u00a0<\/li>\n<li>velikost 37:\u00a0obvod 38\u00a0cm<\/li>\n<li>velikost 38:\u00a0obvod 39 cm<\/li>\n<li>velikost 39:\u00a0obvod 39,5\u00a0cm<\/li>\n<li>velikost 40:\u00a0obvod 40\u00a0cm<\/li>\n<li>velikost 41: obvod 40,5\u00a0cm<\/li>\n<li>velikost 42: obvod 41\u00a0cm<\/li>\n<\/ul>\n<p>\u00a0<a href=\"https:\/\/www.designshoes.cz\/online-shoes\/\"><img decoding=\"async\" src=\"https:\/\/www.designshoes.cz\/user\/documents\/upload\/loga\/online shoes.png\" alt=\"online shoes\" \/><\/a><\/p>\n","protected":false},"excerpt":{"rendered":"<p>C\u00edt\u00edte tu v\u016fni prav\u00e9 k\u016f\u017ee?\u00a0P\u00e1r kvalitn\u00edch ko\u017een\u00fdch koza\u010dek v\u00e1m nesm\u00ed v t\u00e9to sezon\u011b v \u0161atn\u00edku chyb\u011bt. A m\u00e1 to jeden p\u00e1dn\u00fd d\u016fvod. Elegantn\u00ed, vysok\u00e9 \u010dern\u00e9 koza\u010dky m\u016f\u017eete kombinovat se v\u0161\u00edm a v\u0161ude. Tyto krit\u00e9ria p\u0159esn\u011b spl\u0148uj\u00ed nad\u010dasov\u00e9, ru\u010dn\u011b vyroben\u00e9 koza\u010dky tradi\u010dn\u00ed zna\u010dky Online Shoes. Jsou vyroben\u00e9 z velmi jemn\u00e9 a z\u00e1rove\u0148 pevn\u00e9 prav\u00e9 k\u016f\u017ee. Ve\u0161ker\u00e9&#8230;<\/p>\n","protected":false},"featured_media":130177,"comment_status":"closed","ping_status":"open","template":"","meta":{"_acf_changed":false,"_kadence_starter_templates_imported_post":false,"_kad_post_transparent":"","_kad_post_title":"","_kad_post_layout":"","_kad_post_sidebar_id":"","_kad_post_content_style":"","_kad_post_vertical_padding":"","_kad_post_feature":"","_kad_post_feature_position":"","_kad_post_header":false,"_kad_post_footer":false,"_kad_post_classname":""},"product_brand":[],"product_cat":[31,25],"product_tag":[],"class_list":{"0":"post-130176","1":"product","2":"type-product","3":"status-publish","4":"has-post-thumbnail","6":"product_cat-boty","7":"product_cat-obleceni-a-moda","8":"pa_obchod-designshoes-cz","9":"pa_pohlavi-zena","11":"first","12":"instock","13":"product-type-external","14":"entry","15":"content-bg","16":"loop-entry"},"acf":[],"yoast_head":"<!-- This site is optimized with the Yoast SEO plugin v27.4 - https:\/\/yoast.com\/product\/yoast-seo-wordpress\/ -->\n<title>\u010cern\u00e9 ko\u017een\u00e9 koza\u010dky s elastickou vsadkou Online Shoes - SHOPATOA.COM<\/title>\n<meta name=\"description\" content=\"C\u00edt\u00edte tu v\u016fni prav\u00e9 k\u016f\u017ee?\u00a0P\u00e1r kvalitn\u00edch ko\u017een\u00fdch koza\u010dek v\u00e1m nesm\u00ed v t\u00e9to sezon\u011b v \u0161atn\u00edku chyb\u011bt. A m\u00e1 to jeden p\u00e1dn\u00fd d\u016fvod. Elegantn\u00ed, vysok\u00e9 \u010dern\u00e9 koza\u010dky m\u016f\u017eete kombinovat se v\u0161\u00edm a v\u0161ude. Tyto krit\u00e9ria p\u0159esn\u011b spl\u0148uj\u00ed nad\u010dasov\u00e9, ru\u010dn\u011b vyroben\u00e9 koza\u010dky tradi\u010dn\u00ed zna\u010dky Online Shoes. Jsou vyroben\u00e9 z velmi jemn\u00e9 a z\u00e1rove\u0148 pevn\u00e9 prav\u00e9 k\u016f\u017ee. Ve\u0161ker\u00e9 \u0161it\u00ed je zhotoven\u00e9 s tou nejv\u011bt\u0161\u00ed preciznost\u00ed, kter\u00e1 je zvl\u00e1dnut\u00e1 do nejmen\u0161\u00edch detail\u016f. Stoj\u00ed na pevn\u00e9m 3 cm vysok\u00e9m podpatku. V horn\u00ed \u010d\u00e1sti maj\u00ed elastickou vsadku,\u00a0a l\u00e9pe se tak p\u0159izp\u016fsob\u00ed va\u0161emu l\u00fdtku. Vsadka umo\u017e\u0148uje rozta\u017een\u00ed vr\u0161ku koza\u010dek a\u017e o 3 cm. Zip b\u011b\u017e\u00ed od shora dol\u016f, tak\u017ee koza\u010dky m\u016f\u017eete s klidem p\u0159et\u00e1hnout p\u0159es kalhoty a vyrazit do v\u00edru dne s eleganc\u00ed a \u0161armem. Vn\u011bj\u0161\u00ed materi\u00e1l: prav\u00e1 k\u016f\u017ee Vnit\u0159n\u00ed materi\u00e1l: prav\u00e1 k\u016f\u017ee,\u00a0textil Podr\u00e1\u017eka:\u00a0guma V\u00fd\u0161ka podpatku: 3 cm V\u00fd\u0161ka: 37 cm Obvod kolem l\u00fdtka: 38 cm (m\u011b\u0159eno pro\u00a0velikost 37) \u200bObvod\u00a0kolem l\u00fdtka v nejvy\u0161\u0161\u00ed \u010d\u00e1sti: velikost 36:\u00a0obvod 37,5\u00a0cm\u00a0 velikost 37:\u00a0obvod 38\u00a0cm velikost 38:\u00a0obvod 39 cm velikost 39:\u00a0obvod 39,5\u00a0cm velikost 40:\u00a0obvod 40\u00a0cm velikost 41: obvod 40,5\u00a0cm velikost 42: obvod 41\u00a0cm \u00a0\" \/>\n<meta name=\"robots\" content=\"index, follow, max-snippet:-1, max-image-preview:large, max-video-preview:-1\" \/>\n<link rel=\"canonical\" href=\"https:\/\/shopatoa.com\/cz\/cerne-kozene-kozacky-s-elastickou-vsadkou-online-shoes\/\" \/>\n<meta property=\"og:locale\" content=\"cs_CZ\" \/>\n<meta property=\"og:type\" content=\"article\" \/>\n<meta property=\"og:title\" content=\"\u010cern\u00e9 ko\u017een\u00e9 koza\u010dky s elastickou vsadkou Online Shoes - SHOPATOA.COM\" \/>\n<meta property=\"og:description\" content=\"C\u00edt\u00edte tu v\u016fni prav\u00e9 k\u016f\u017ee?\u00a0P\u00e1r kvalitn\u00edch ko\u017een\u00fdch koza\u010dek v\u00e1m nesm\u00ed v t\u00e9to sezon\u011b v \u0161atn\u00edku chyb\u011bt. A m\u00e1 to jeden p\u00e1dn\u00fd d\u016fvod. Elegantn\u00ed, vysok\u00e9 \u010dern\u00e9 koza\u010dky m\u016f\u017eete kombinovat se v\u0161\u00edm a v\u0161ude. Tyto krit\u00e9ria p\u0159esn\u011b spl\u0148uj\u00ed nad\u010dasov\u00e9, ru\u010dn\u011b vyroben\u00e9 koza\u010dky tradi\u010dn\u00ed zna\u010dky Online Shoes. Jsou vyroben\u00e9 z velmi jemn\u00e9 a z\u00e1rove\u0148 pevn\u00e9 prav\u00e9 k\u016f\u017ee. Ve\u0161ker\u00e9 \u0161it\u00ed je zhotoven\u00e9 s tou nejv\u011bt\u0161\u00ed preciznost\u00ed, kter\u00e1 je zvl\u00e1dnut\u00e1 do nejmen\u0161\u00edch detail\u016f. Stoj\u00ed na pevn\u00e9m 3 cm vysok\u00e9m podpatku. V horn\u00ed \u010d\u00e1sti maj\u00ed elastickou vsadku,\u00a0a l\u00e9pe se tak p\u0159izp\u016fsob\u00ed va\u0161emu l\u00fdtku. Vsadka umo\u017e\u0148uje rozta\u017een\u00ed vr\u0161ku koza\u010dek a\u017e o 3 cm. Zip b\u011b\u017e\u00ed od shora dol\u016f, tak\u017ee koza\u010dky m\u016f\u017eete s klidem p\u0159et\u00e1hnout p\u0159es kalhoty a vyrazit do v\u00edru dne s eleganc\u00ed a \u0161armem. Vn\u011bj\u0161\u00ed materi\u00e1l: prav\u00e1 k\u016f\u017ee Vnit\u0159n\u00ed materi\u00e1l: prav\u00e1 k\u016f\u017ee,\u00a0textil Podr\u00e1\u017eka:\u00a0guma V\u00fd\u0161ka podpatku: 3 cm V\u00fd\u0161ka: 37 cm Obvod kolem l\u00fdtka: 38 cm (m\u011b\u0159eno pro\u00a0velikost 37) \u200bObvod\u00a0kolem l\u00fdtka v nejvy\u0161\u0161\u00ed \u010d\u00e1sti: velikost 36:\u00a0obvod 37,5\u00a0cm\u00a0 velikost 37:\u00a0obvod 38\u00a0cm velikost 38:\u00a0obvod 39 cm velikost 39:\u00a0obvod 39,5\u00a0cm velikost 40:\u00a0obvod 40\u00a0cm velikost 41: obvod 40,5\u00a0cm velikost 42: obvod 41\u00a0cm \u00a0\" \/>\n<meta property=\"og:url\" content=\"https:\/\/shopatoa.com\/cz\/cerne-kozene-kozacky-s-elastickou-vsadkou-online-shoes\/\" \/>\n<meta property=\"og:site_name\" content=\"SHOPATOA\" \/>\n<meta property=\"article:modified_time\" content=\"2025-03-14T20:51:18+00:00\" \/>\n<meta property=\"og:image\" content=\"https:\/\/shopatoa.com\/cz\/wp-content\/uploads\/2025\/02\/10487_cerne-kozene-kozacky-s-elastickou-vsadkou-online-shoes.jpg\" \/>\n\t<meta property=\"og:image:width\" content=\"1785\" \/>\n\t<meta property=\"og:image:height\" content=\"2500\" \/>\n\t<meta property=\"og:image:type\" content=\"image\/jpeg\" \/>\n<meta name=\"twitter:card\" content=\"summary_large_image\" \/>\n<meta name=\"twitter:label1\" content=\"Odhadovan\u00e1 doba \u010dten\u00ed\" \/>\n\t<meta name=\"twitter:data1\" content=\"1 minuta\" \/>\n<script type=\"application\/ld+json\" class=\"yoast-schema-graph\">{\"@context\":\"https:\\\/\\\/schema.org\",\"@graph\":[{\"@type\":\"WebPage\",\"@id\":\"https:\\\/\\\/shopatoa.com\\\/cz\\\/cerne-kozene-kozacky-s-elastickou-vsadkou-online-shoes\\\/\",\"url\":\"https:\\\/\\\/shopatoa.com\\\/cz\\\/cerne-kozene-kozacky-s-elastickou-vsadkou-online-shoes\\\/\",\"name\":\"\u010cern\u00e9 ko\u017een\u00e9 koza\u010dky s elastickou vsadkou Online Shoes - SHOPATOA.COM\",\"isPartOf\":{\"@id\":\"https:\\\/\\\/shopatoa.com\\\/cz\\\/#website\"},\"primaryImageOfPage\":{\"@id\":\"https:\\\/\\\/shopatoa.com\\\/cz\\\/cerne-kozene-kozacky-s-elastickou-vsadkou-online-shoes\\\/#primaryimage\"},\"image\":{\"@id\":\"https:\\\/\\\/shopatoa.com\\\/cz\\\/cerne-kozene-kozacky-s-elastickou-vsadkou-online-shoes\\\/#primaryimage\"},\"thumbnailUrl\":\"https:\\\/\\\/shopatoa.com\\\/cz\\\/wp-content\\\/uploads\\\/2025\\\/02\\\/10487_cerne-kozene-kozacky-s-elastickou-vsadkou-online-shoes.jpg\",\"datePublished\":\"2025-02-14T18:58:30+00:00\",\"dateModified\":\"2025-03-14T20:51:18+00:00\",\"description\":\"C\u00edt\u00edte tu v\u016fni prav\u00e9 k\u016f\u017ee?\u00a0P\u00e1r kvalitn\u00edch ko\u017een\u00fdch koza\u010dek v\u00e1m nesm\u00ed v t\u00e9to sezon\u011b v \u0161atn\u00edku chyb\u011bt. A m\u00e1 to jeden p\u00e1dn\u00fd d\u016fvod. Elegantn\u00ed, vysok\u00e9 \u010dern\u00e9 koza\u010dky m\u016f\u017eete kombinovat se v\u0161\u00edm a v\u0161ude. Tyto krit\u00e9ria p\u0159esn\u011b spl\u0148uj\u00ed nad\u010dasov\u00e9, ru\u010dn\u011b vyroben\u00e9 koza\u010dky tradi\u010dn\u00ed zna\u010dky Online Shoes. Jsou vyroben\u00e9 z velmi jemn\u00e9 a z\u00e1rove\u0148 pevn\u00e9 prav\u00e9 k\u016f\u017ee. Ve\u0161ker\u00e9 \u0161it\u00ed je zhotoven\u00e9 s tou nejv\u011bt\u0161\u00ed preciznost\u00ed, kter\u00e1 je zvl\u00e1dnut\u00e1 do nejmen\u0161\u00edch detail\u016f. Stoj\u00ed na pevn\u00e9m 3 cm vysok\u00e9m podpatku. V horn\u00ed \u010d\u00e1sti maj\u00ed elastickou vsadku,\u00a0a l\u00e9pe se tak p\u0159izp\u016fsob\u00ed va\u0161emu l\u00fdtku. Vsadka umo\u017e\u0148uje rozta\u017een\u00ed vr\u0161ku koza\u010dek a\u017e o 3 cm. Zip b\u011b\u017e\u00ed od shora dol\u016f, tak\u017ee koza\u010dky m\u016f\u017eete s klidem p\u0159et\u00e1hnout p\u0159es kalhoty a vyrazit do v\u00edru dne s eleganc\u00ed a \u0161armem. Vn\u011bj\u0161\u00ed materi\u00e1l: prav\u00e1 k\u016f\u017ee Vnit\u0159n\u00ed materi\u00e1l: prav\u00e1 k\u016f\u017ee,\u00a0textil Podr\u00e1\u017eka:\u00a0guma V\u00fd\u0161ka podpatku: 3 cm V\u00fd\u0161ka: 37 cm Obvod kolem l\u00fdtka: 38 cm (m\u011b\u0159eno pro\u00a0velikost 37) \u200bObvod\u00a0kolem l\u00fdtka v nejvy\u0161\u0161\u00ed \u010d\u00e1sti: velikost 36:\u00a0obvod 37,5\u00a0cm\u00a0 velikost 37:\u00a0obvod 38\u00a0cm velikost 38:\u00a0obvod 39 cm velikost 39:\u00a0obvod 39,5\u00a0cm velikost 40:\u00a0obvod 40\u00a0cm velikost 41: obvod 40,5\u00a0cm velikost 42: obvod 41\u00a0cm \u00a0\",\"breadcrumb\":{\"@id\":\"https:\\\/\\\/shopatoa.com\\\/cz\\\/cerne-kozene-kozacky-s-elastickou-vsadkou-online-shoes\\\/#breadcrumb\"},\"inLanguage\":\"cs\",\"potentialAction\":[{\"@type\":\"ReadAction\",\"target\":[\"https:\\\/\\\/shopatoa.com\\\/cz\\\/cerne-kozene-kozacky-s-elastickou-vsadkou-online-shoes\\\/\"]}]},{\"@type\":\"ImageObject\",\"inLanguage\":\"cs\",\"@id\":\"https:\\\/\\\/shopatoa.com\\\/cz\\\/cerne-kozene-kozacky-s-elastickou-vsadkou-online-shoes\\\/#primaryimage\",\"url\":\"https:\\\/\\\/shopatoa.com\\\/cz\\\/wp-content\\\/uploads\\\/2025\\\/02\\\/10487_cerne-kozene-kozacky-s-elastickou-vsadkou-online-shoes.jpg\",\"contentUrl\":\"https:\\\/\\\/shopatoa.com\\\/cz\\\/wp-content\\\/uploads\\\/2025\\\/02\\\/10487_cerne-kozene-kozacky-s-elastickou-vsadkou-online-shoes.jpg\",\"width\":1785,\"height\":2500},{\"@type\":\"BreadcrumbList\",\"@id\":\"https:\\\/\\\/shopatoa.com\\\/cz\\\/cerne-kozene-kozacky-s-elastickou-vsadkou-online-shoes\\\/#breadcrumb\",\"itemListElement\":[{\"@type\":\"ListItem\",\"position\":1,\"name\":\"Dom\u016f\",\"item\":\"https:\\\/\\\/shopatoa.com\\\/cz\\\/\"},{\"@type\":\"ListItem\",\"position\":2,\"name\":\"Produkty\",\"item\":\"https:\\\/\\\/shopatoa.com\\\/cz\\\/shop\\\/\"},{\"@type\":\"ListItem\",\"position\":3,\"name\":\"Oble\u010den\u00ed a m\u00f3da\",\"item\":\"https:\\\/\\\/shopatoa.com\\\/cz\\\/obleceni-a-moda\\\/\"},{\"@type\":\"ListItem\",\"position\":4,\"name\":\"Boty\",\"item\":\"https:\\\/\\\/shopatoa.com\\\/cz\\\/boty\\\/\"},{\"@type\":\"ListItem\",\"position\":5,\"name\":\"\u010cern\u00e9 ko\u017een\u00e9 koza\u010dky s elastickou vsadkou Online Shoes\"}]},{\"@type\":\"WebSite\",\"@id\":\"https:\\\/\\\/shopatoa.com\\\/cz\\\/#website\",\"url\":\"https:\\\/\\\/shopatoa.com\\\/cz\\\/\",\"name\":\"SHOPATOA\",\"description\":\"\",\"publisher\":{\"@id\":\"https:\\\/\\\/shopatoa.com\\\/cz\\\/#organization\"},\"potentialAction\":[{\"@type\":\"SearchAction\",\"target\":{\"@type\":\"EntryPoint\",\"urlTemplate\":\"https:\\\/\\\/shopatoa.com\\\/cz\\\/?s={search_term_string}\"},\"query-input\":{\"@type\":\"PropertyValueSpecification\",\"valueRequired\":true,\"valueName\":\"search_term_string\"}}],\"inLanguage\":\"cs\"},{\"@type\":\"Organization\",\"@id\":\"https:\\\/\\\/shopatoa.com\\\/cz\\\/#organization\",\"name\":\"SHOPATOA Digital s.r.o.\",\"url\":\"https:\\\/\\\/shopatoa.com\\\/cz\\\/\",\"logo\":{\"@type\":\"ImageObject\",\"inLanguage\":\"cs\",\"@id\":\"https:\\\/\\\/shopatoa.com\\\/cz\\\/#\\\/schema\\\/logo\\\/image\\\/\",\"url\":\"https:\\\/\\\/storage.googleapis.com\\\/cz-shopatoa-img\\\/cz\\\/ebccf434-shopatoa_logo.png\",\"contentUrl\":\"https:\\\/\\\/storage.googleapis.com\\\/cz-shopatoa-img\\\/cz\\\/ebccf434-shopatoa_logo.png\",\"width\":416,\"height\":63,\"caption\":\"SHOPATOA Digital s.r.o.\"},\"image\":{\"@id\":\"https:\\\/\\\/shopatoa.com\\\/cz\\\/#\\\/schema\\\/logo\\\/image\\\/\"}}]}<\/script>\n<!-- \/ Yoast SEO plugin. -->","yoast_head_json":{"title":"\u010cern\u00e9 ko\u017een\u00e9 koza\u010dky s elastickou vsadkou Online Shoes - SHOPATOA.COM","description":"C\u00edt\u00edte tu v\u016fni prav\u00e9 k\u016f\u017ee?\u00a0P\u00e1r kvalitn\u00edch ko\u017een\u00fdch koza\u010dek v\u00e1m nesm\u00ed v t\u00e9to sezon\u011b v \u0161atn\u00edku chyb\u011bt. A m\u00e1 to jeden p\u00e1dn\u00fd d\u016fvod. Elegantn\u00ed, vysok\u00e9 \u010dern\u00e9 koza\u010dky m\u016f\u017eete kombinovat se v\u0161\u00edm a v\u0161ude. Tyto krit\u00e9ria p\u0159esn\u011b spl\u0148uj\u00ed nad\u010dasov\u00e9, ru\u010dn\u011b vyroben\u00e9 koza\u010dky tradi\u010dn\u00ed zna\u010dky Online Shoes. Jsou vyroben\u00e9 z velmi jemn\u00e9 a z\u00e1rove\u0148 pevn\u00e9 prav\u00e9 k\u016f\u017ee. Ve\u0161ker\u00e9 \u0161it\u00ed je zhotoven\u00e9 s tou nejv\u011bt\u0161\u00ed preciznost\u00ed, kter\u00e1 je zvl\u00e1dnut\u00e1 do nejmen\u0161\u00edch detail\u016f. Stoj\u00ed na pevn\u00e9m 3 cm vysok\u00e9m podpatku. V horn\u00ed \u010d\u00e1sti maj\u00ed elastickou vsadku,\u00a0a l\u00e9pe se tak p\u0159izp\u016fsob\u00ed va\u0161emu l\u00fdtku. Vsadka umo\u017e\u0148uje rozta\u017een\u00ed vr\u0161ku koza\u010dek a\u017e o 3 cm. Zip b\u011b\u017e\u00ed od shora dol\u016f, tak\u017ee koza\u010dky m\u016f\u017eete s klidem p\u0159et\u00e1hnout p\u0159es kalhoty a vyrazit do v\u00edru dne s eleganc\u00ed a \u0161armem. Vn\u011bj\u0161\u00ed materi\u00e1l: prav\u00e1 k\u016f\u017ee Vnit\u0159n\u00ed materi\u00e1l: prav\u00e1 k\u016f\u017ee,\u00a0textil Podr\u00e1\u017eka:\u00a0guma V\u00fd\u0161ka podpatku: 3 cm V\u00fd\u0161ka: 37 cm Obvod kolem l\u00fdtka: 38 cm (m\u011b\u0159eno pro\u00a0velikost 37) \u200bObvod\u00a0kolem l\u00fdtka v nejvy\u0161\u0161\u00ed \u010d\u00e1sti: velikost 36:\u00a0obvod 37,5\u00a0cm\u00a0 velikost 37:\u00a0obvod 38\u00a0cm velikost 38:\u00a0obvod 39 cm velikost 39:\u00a0obvod 39,5\u00a0cm velikost 40:\u00a0obvod 40\u00a0cm velikost 41: obvod 40,5\u00a0cm velikost 42: obvod 41\u00a0cm \u00a0","robots":{"index":"index","follow":"follow","max-snippet":"max-snippet:-1","max-image-preview":"max-image-preview:large","max-video-preview":"max-video-preview:-1"},"canonical":"https:\/\/shopatoa.com\/cz\/cerne-kozene-kozacky-s-elastickou-vsadkou-online-shoes\/","og_locale":"cs_CZ","og_type":"article","og_title":"\u010cern\u00e9 ko\u017een\u00e9 koza\u010dky s elastickou vsadkou Online Shoes - SHOPATOA.COM","og_description":"C\u00edt\u00edte tu v\u016fni prav\u00e9 k\u016f\u017ee?\u00a0P\u00e1r kvalitn\u00edch ko\u017een\u00fdch koza\u010dek v\u00e1m nesm\u00ed v t\u00e9to sezon\u011b v \u0161atn\u00edku chyb\u011bt. A m\u00e1 to jeden p\u00e1dn\u00fd d\u016fvod. Elegantn\u00ed, vysok\u00e9 \u010dern\u00e9 koza\u010dky m\u016f\u017eete kombinovat se v\u0161\u00edm a v\u0161ude. Tyto krit\u00e9ria p\u0159esn\u011b spl\u0148uj\u00ed nad\u010dasov\u00e9, ru\u010dn\u011b vyroben\u00e9 koza\u010dky tradi\u010dn\u00ed zna\u010dky Online Shoes. Jsou vyroben\u00e9 z velmi jemn\u00e9 a z\u00e1rove\u0148 pevn\u00e9 prav\u00e9 k\u016f\u017ee. Ve\u0161ker\u00e9 \u0161it\u00ed je zhotoven\u00e9 s tou nejv\u011bt\u0161\u00ed preciznost\u00ed, kter\u00e1 je zvl\u00e1dnut\u00e1 do nejmen\u0161\u00edch detail\u016f. Stoj\u00ed na pevn\u00e9m 3 cm vysok\u00e9m podpatku. V horn\u00ed \u010d\u00e1sti maj\u00ed elastickou vsadku,\u00a0a l\u00e9pe se tak p\u0159izp\u016fsob\u00ed va\u0161emu l\u00fdtku. Vsadka umo\u017e\u0148uje rozta\u017een\u00ed vr\u0161ku koza\u010dek a\u017e o 3 cm. Zip b\u011b\u017e\u00ed od shora dol\u016f, tak\u017ee koza\u010dky m\u016f\u017eete s klidem p\u0159et\u00e1hnout p\u0159es kalhoty a vyrazit do v\u00edru dne s eleganc\u00ed a \u0161armem. Vn\u011bj\u0161\u00ed materi\u00e1l: prav\u00e1 k\u016f\u017ee Vnit\u0159n\u00ed materi\u00e1l: prav\u00e1 k\u016f\u017ee,\u00a0textil Podr\u00e1\u017eka:\u00a0guma V\u00fd\u0161ka podpatku: 3 cm V\u00fd\u0161ka: 37 cm Obvod kolem l\u00fdtka: 38 cm (m\u011b\u0159eno pro\u00a0velikost 37) \u200bObvod\u00a0kolem l\u00fdtka v nejvy\u0161\u0161\u00ed \u010d\u00e1sti: velikost 36:\u00a0obvod 37,5\u00a0cm\u00a0 velikost 37:\u00a0obvod 38\u00a0cm velikost 38:\u00a0obvod 39 cm velikost 39:\u00a0obvod 39,5\u00a0cm velikost 40:\u00a0obvod 40\u00a0cm velikost 41: obvod 40,5\u00a0cm velikost 42: obvod 41\u00a0cm \u00a0","og_url":"https:\/\/shopatoa.com\/cz\/cerne-kozene-kozacky-s-elastickou-vsadkou-online-shoes\/","og_site_name":"SHOPATOA","article_modified_time":"2025-03-14T20:51:18+00:00","og_image":[{"width":1785,"height":2500,"url":"https:\/\/shopatoa.com\/cz\/wp-content\/uploads\/2025\/02\/10487_cerne-kozene-kozacky-s-elastickou-vsadkou-online-shoes.jpg","type":"image\/jpeg"}],"twitter_card":"summary_large_image","twitter_misc":{"Odhadovan\u00e1 doba \u010dten\u00ed":"1 minuta"},"schema":{"@context":"https:\/\/schema.org","@graph":[{"@type":"WebPage","@id":"https:\/\/shopatoa.com\/cz\/cerne-kozene-kozacky-s-elastickou-vsadkou-online-shoes\/","url":"https:\/\/shopatoa.com\/cz\/cerne-kozene-kozacky-s-elastickou-vsadkou-online-shoes\/","name":"\u010cern\u00e9 ko\u017een\u00e9 koza\u010dky s elastickou vsadkou Online Shoes - SHOPATOA.COM","isPartOf":{"@id":"https:\/\/shopatoa.com\/cz\/#website"},"primaryImageOfPage":{"@id":"https:\/\/shopatoa.com\/cz\/cerne-kozene-kozacky-s-elastickou-vsadkou-online-shoes\/#primaryimage"},"image":{"@id":"https:\/\/shopatoa.com\/cz\/cerne-kozene-kozacky-s-elastickou-vsadkou-online-shoes\/#primaryimage"},"thumbnailUrl":"https:\/\/shopatoa.com\/cz\/wp-content\/uploads\/2025\/02\/10487_cerne-kozene-kozacky-s-elastickou-vsadkou-online-shoes.jpg","datePublished":"2025-02-14T18:58:30+00:00","dateModified":"2025-03-14T20:51:18+00:00","description":"C\u00edt\u00edte tu v\u016fni prav\u00e9 k\u016f\u017ee?\u00a0P\u00e1r kvalitn\u00edch ko\u017een\u00fdch koza\u010dek v\u00e1m nesm\u00ed v t\u00e9to sezon\u011b v \u0161atn\u00edku chyb\u011bt. A m\u00e1 to jeden p\u00e1dn\u00fd d\u016fvod. Elegantn\u00ed, vysok\u00e9 \u010dern\u00e9 koza\u010dky m\u016f\u017eete kombinovat se v\u0161\u00edm a v\u0161ude. Tyto krit\u00e9ria p\u0159esn\u011b spl\u0148uj\u00ed nad\u010dasov\u00e9, ru\u010dn\u011b vyroben\u00e9 koza\u010dky tradi\u010dn\u00ed zna\u010dky Online Shoes. Jsou vyroben\u00e9 z velmi jemn\u00e9 a z\u00e1rove\u0148 pevn\u00e9 prav\u00e9 k\u016f\u017ee. Ve\u0161ker\u00e9 \u0161it\u00ed je zhotoven\u00e9 s tou nejv\u011bt\u0161\u00ed preciznost\u00ed, kter\u00e1 je zvl\u00e1dnut\u00e1 do nejmen\u0161\u00edch detail\u016f. Stoj\u00ed na pevn\u00e9m 3 cm vysok\u00e9m podpatku. V horn\u00ed \u010d\u00e1sti maj\u00ed elastickou vsadku,\u00a0a l\u00e9pe se tak p\u0159izp\u016fsob\u00ed va\u0161emu l\u00fdtku. Vsadka umo\u017e\u0148uje rozta\u017een\u00ed vr\u0161ku koza\u010dek a\u017e o 3 cm. Zip b\u011b\u017e\u00ed od shora dol\u016f, tak\u017ee koza\u010dky m\u016f\u017eete s klidem p\u0159et\u00e1hnout p\u0159es kalhoty a vyrazit do v\u00edru dne s eleganc\u00ed a \u0161armem. Vn\u011bj\u0161\u00ed materi\u00e1l: prav\u00e1 k\u016f\u017ee Vnit\u0159n\u00ed materi\u00e1l: prav\u00e1 k\u016f\u017ee,\u00a0textil Podr\u00e1\u017eka:\u00a0guma V\u00fd\u0161ka podpatku: 3 cm V\u00fd\u0161ka: 37 cm Obvod kolem l\u00fdtka: 38 cm (m\u011b\u0159eno pro\u00a0velikost 37) \u200bObvod\u00a0kolem l\u00fdtka v nejvy\u0161\u0161\u00ed \u010d\u00e1sti: velikost 36:\u00a0obvod 37,5\u00a0cm\u00a0 velikost 37:\u00a0obvod 38\u00a0cm velikost 38:\u00a0obvod 39 cm velikost 39:\u00a0obvod 39,5\u00a0cm velikost 40:\u00a0obvod 40\u00a0cm velikost 41: obvod 40,5\u00a0cm velikost 42: obvod 41\u00a0cm \u00a0","breadcrumb":{"@id":"https:\/\/shopatoa.com\/cz\/cerne-kozene-kozacky-s-elastickou-vsadkou-online-shoes\/#breadcrumb"},"inLanguage":"cs","potentialAction":[{"@type":"ReadAction","target":["https:\/\/shopatoa.com\/cz\/cerne-kozene-kozacky-s-elastickou-vsadkou-online-shoes\/"]}]},{"@type":"ImageObject","inLanguage":"cs","@id":"https:\/\/shopatoa.com\/cz\/cerne-kozene-kozacky-s-elastickou-vsadkou-online-shoes\/#primaryimage","url":"https:\/\/shopatoa.com\/cz\/wp-content\/uploads\/2025\/02\/10487_cerne-kozene-kozacky-s-elastickou-vsadkou-online-shoes.jpg","contentUrl":"https:\/\/shopatoa.com\/cz\/wp-content\/uploads\/2025\/02\/10487_cerne-kozene-kozacky-s-elastickou-vsadkou-online-shoes.jpg","width":1785,"height":2500},{"@type":"BreadcrumbList","@id":"https:\/\/shopatoa.com\/cz\/cerne-kozene-kozacky-s-elastickou-vsadkou-online-shoes\/#breadcrumb","itemListElement":[{"@type":"ListItem","position":1,"name":"Dom\u016f","item":"https:\/\/shopatoa.com\/cz\/"},{"@type":"ListItem","position":2,"name":"Produkty","item":"https:\/\/shopatoa.com\/cz\/shop\/"},{"@type":"ListItem","position":3,"name":"Oble\u010den\u00ed a m\u00f3da","item":"https:\/\/shopatoa.com\/cz\/obleceni-a-moda\/"},{"@type":"ListItem","position":4,"name":"Boty","item":"https:\/\/shopatoa.com\/cz\/boty\/"},{"@type":"ListItem","position":5,"name":"\u010cern\u00e9 ko\u017een\u00e9 koza\u010dky s elastickou vsadkou Online Shoes"}]},{"@type":"WebSite","@id":"https:\/\/shopatoa.com\/cz\/#website","url":"https:\/\/shopatoa.com\/cz\/","name":"SHOPATOA","description":"","publisher":{"@id":"https:\/\/shopatoa.com\/cz\/#organization"},"potentialAction":[{"@type":"SearchAction","target":{"@type":"EntryPoint","urlTemplate":"https:\/\/shopatoa.com\/cz\/?s={search_term_string}"},"query-input":{"@type":"PropertyValueSpecification","valueRequired":true,"valueName":"search_term_string"}}],"inLanguage":"cs"},{"@type":"Organization","@id":"https:\/\/shopatoa.com\/cz\/#organization","name":"SHOPATOA Digital s.r.o.","url":"https:\/\/shopatoa.com\/cz\/","logo":{"@type":"ImageObject","inLanguage":"cs","@id":"https:\/\/shopatoa.com\/cz\/#\/schema\/logo\/image\/","url":"https:\/\/storage.googleapis.com\/cz-shopatoa-img\/cz\/ebccf434-shopatoa_logo.png","contentUrl":"https:\/\/storage.googleapis.com\/cz-shopatoa-img\/cz\/ebccf434-shopatoa_logo.png","width":416,"height":63,"caption":"SHOPATOA Digital s.r.o."},"image":{"@id":"https:\/\/shopatoa.com\/cz\/#\/schema\/logo\/image\/"}}]}},"_links":{"self":[{"href":"https:\/\/shopatoa.com\/cz\/wp-json\/wp\/v2\/product\/130176","targetHints":{"allow":["GET"]}}],"collection":[{"href":"https:\/\/shopatoa.com\/cz\/wp-json\/wp\/v2\/product"}],"about":[{"href":"https:\/\/shopatoa.com\/cz\/wp-json\/wp\/v2\/types\/product"}],"replies":[{"embeddable":true,"href":"https:\/\/shopatoa.com\/cz\/wp-json\/wp\/v2\/comments?post=130176"}],"wp:featuredmedia":[{"embeddable":true,"href":"https:\/\/shopatoa.com\/cz\/wp-json\/wp\/v2\/media\/130177"}],"wp:attachment":[{"href":"https:\/\/shopatoa.com\/cz\/wp-json\/wp\/v2\/media?parent=130176"}],"wp:term":[{"taxonomy":"product_brand","embeddable":true,"href":"https:\/\/shopatoa.com\/cz\/wp-json\/wp\/v2\/product_brand?post=130176"},{"taxonomy":"product_cat","embeddable":true,"href":"https:\/\/shopatoa.com\/cz\/wp-json\/wp\/v2\/product_cat?post=130176"},{"taxonomy":"product_tag","embeddable":true,"href":"https:\/\/shopatoa.com\/cz\/wp-json\/wp\/v2\/product_tag?post=130176"}],"curies":[{"name":"wp","href":"https:\/\/api.w.org\/{rel}","templated":true}]}}