{"id":130188,"date":"2025-02-14T19:58:30","date_gmt":"2025-02-14T18:58:30","guid":{"rendered":"https:\/\/shopatoa.com\/cz\/hnede-kozene-kovbojske-boty-online-shoes\/"},"modified":"2025-03-14T21:51:32","modified_gmt":"2025-03-14T20:51:32","slug":"hnede-kozene-kovbojske-boty-online-shoes","status":"publish","type":"product","link":"https:\/\/shopatoa.com\/cz\/hnede-kozene-kovbojske-boty-online-shoes\/","title":{"rendered":"Hn\u011bd\u00e9 ko\u017een\u00e9 kovbojsk\u00e9 boty Online Shoes"},"content":{"rendered":"<p>Origin\u00e1ln\u00ed a z\u00e1rove\u0148 nad\u010dasov\u00e9 ko\u017een\u00e9 kovbojsk\u00e9 boty.<\/p>\n<p>Jestli je mezi botami n\u011bco nest\u00e1rnouc\u00edm evergreenem, pak jsou to pr\u00e1v\u011b <strong>kovbojsk\u00e9 boty<\/strong>. Vezm\u011bte si je ven v kombinaci s d\u017e\u00edny a m\u00e1te zaru\u010deno, \u017ee budete vypadat dob\u0159e. Takhle jednoduch\u00e9 to je. Jako spr\u00e1vn\u00e9 kovbojsk\u00e9 boty stoj\u00ed <strong>na \u0161irok\u00e9m podpatku<\/strong> a maj\u00ed m\u00edrn\u011b nadzvednutou \u0161pi\u010dku. Jestli hled\u00e1te boty, kter\u00e9 s klidem unos\u00edte n\u011bkolik sez\u00f3n\u00a0a po v\u0161echny v nich budete vypadat skv\u011ble, va\u0161e hled\u00e1n\u00ed je pr\u00e1v\u011b u \u0161\u0165astn\u00e9ho konce.<\/p>\n<ul>\n<li><strong>Vn\u011bj\u0161\u00ed materi\u00e1l: <\/strong>prav\u00e1 k\u016f\u017ee<\/li>\n<li><strong>Vnit\u0159n\u00ed materi\u00e1l: <\/strong>prav\u00e1 k\u016f\u017ee, syntetika<\/li>\n<li><strong>Podr\u00e1\u017eka:<\/strong>\u00a0syntetika<\/li>\n<li><strong>V\u00fd\u0161ka podpatku: <\/strong>4\u00a0cm<\/li>\n<\/ul>\n<p>\u00a0<a href=\"https:\/\/www.designshoes.cz\/online-shoes\/\"><img decoding=\"async\" src=\"https:\/\/www.designshoes.cz\/user\/documents\/upload\/loga\/online shoes.png\" alt=\"online shoes\" \/><\/a><\/p>\n","protected":false},"excerpt":{"rendered":"<p>Origin\u00e1ln\u00ed a z\u00e1rove\u0148 nad\u010dasov\u00e9 ko\u017een\u00e9 kovbojsk\u00e9 boty. Jestli je mezi botami n\u011bco nest\u00e1rnouc\u00edm evergreenem, pak jsou to pr\u00e1v\u011b kovbojsk\u00e9 boty. Vezm\u011bte si je ven v kombinaci s d\u017e\u00edny a m\u00e1te zaru\u010deno, \u017ee budete vypadat dob\u0159e. Takhle jednoduch\u00e9 to je. Jako spr\u00e1vn\u00e9 kovbojsk\u00e9 boty stoj\u00ed na \u0161irok\u00e9m podpatku a maj\u00ed m\u00edrn\u011b nadzvednutou \u0161pi\u010dku. Jestli hled\u00e1te boty,&#8230;<\/p>\n","protected":false},"featured_media":130189,"comment_status":"closed","ping_status":"open","template":"","meta":{"_acf_changed":false,"_kadence_starter_templates_imported_post":false,"_kad_post_transparent":"","_kad_post_title":"","_kad_post_layout":"","_kad_post_sidebar_id":"","_kad_post_content_style":"","_kad_post_vertical_padding":"","_kad_post_feature":"","_kad_post_feature_position":"","_kad_post_header":false,"_kad_post_footer":false,"_kad_post_classname":""},"product_brand":[],"product_cat":[31,25],"product_tag":[],"class_list":{"0":"post-130188","1":"product","2":"type-product","3":"status-publish","4":"has-post-thumbnail","6":"product_cat-boty","7":"product_cat-obleceni-a-moda","8":"pa_obchod-designshoes-cz","9":"pa_pohlavi-zena","11":"first","12":"instock","13":"product-type-external","14":"entry","15":"content-bg","16":"loop-entry"},"acf":[],"yoast_head":"<!-- This site is optimized with the Yoast SEO plugin v27.4 - https:\/\/yoast.com\/product\/yoast-seo-wordpress\/ -->\n<title>Hn\u011bd\u00e9 ko\u017een\u00e9 kovbojsk\u00e9 boty Online Shoes - SHOPATOA.COM<\/title>\n<meta name=\"description\" content=\"Origin\u00e1ln\u00ed a z\u00e1rove\u0148 nad\u010dasov\u00e9 ko\u017een\u00e9 kovbojsk\u00e9 boty. Jestli je mezi botami n\u011bco nest\u00e1rnouc\u00edm evergreenem, pak jsou to pr\u00e1v\u011b kovbojsk\u00e9 boty. Vezm\u011bte si je ven v kombinaci s d\u017e\u00edny a m\u00e1te zaru\u010deno, \u017ee budete vypadat dob\u0159e. Takhle jednoduch\u00e9 to je. Jako spr\u00e1vn\u00e9 kovbojsk\u00e9 boty stoj\u00ed na \u0161irok\u00e9m podpatku a maj\u00ed m\u00edrn\u011b nadzvednutou \u0161pi\u010dku. Jestli hled\u00e1te boty, kter\u00e9 s klidem unos\u00edte n\u011bkolik sez\u00f3n\u00a0a po v\u0161echny v nich budete vypadat skv\u011ble, va\u0161e hled\u00e1n\u00ed je pr\u00e1v\u011b u \u0161\u0165astn\u00e9ho konce. Vn\u011bj\u0161\u00ed materi\u00e1l: prav\u00e1 k\u016f\u017ee Vnit\u0159n\u00ed materi\u00e1l: prav\u00e1 k\u016f\u017ee, syntetika Podr\u00e1\u017eka:\u00a0syntetika V\u00fd\u0161ka podpatku: 4\u00a0cm \u00a0\" \/>\n<meta name=\"robots\" content=\"index, follow, max-snippet:-1, max-image-preview:large, max-video-preview:-1\" \/>\n<link rel=\"canonical\" href=\"https:\/\/shopatoa.com\/cz\/hnede-kozene-kovbojske-boty-online-shoes\/\" \/>\n<meta property=\"og:locale\" content=\"cs_CZ\" \/>\n<meta property=\"og:type\" content=\"article\" \/>\n<meta property=\"og:title\" content=\"Hn\u011bd\u00e9 ko\u017een\u00e9 kovbojsk\u00e9 boty Online Shoes - SHOPATOA.COM\" \/>\n<meta property=\"og:description\" content=\"Origin\u00e1ln\u00ed a z\u00e1rove\u0148 nad\u010dasov\u00e9 ko\u017een\u00e9 kovbojsk\u00e9 boty. Jestli je mezi botami n\u011bco nest\u00e1rnouc\u00edm evergreenem, pak jsou to pr\u00e1v\u011b kovbojsk\u00e9 boty. Vezm\u011bte si je ven v kombinaci s d\u017e\u00edny a m\u00e1te zaru\u010deno, \u017ee budete vypadat dob\u0159e. Takhle jednoduch\u00e9 to je. Jako spr\u00e1vn\u00e9 kovbojsk\u00e9 boty stoj\u00ed na \u0161irok\u00e9m podpatku a maj\u00ed m\u00edrn\u011b nadzvednutou \u0161pi\u010dku. Jestli hled\u00e1te boty, kter\u00e9 s klidem unos\u00edte n\u011bkolik sez\u00f3n\u00a0a po v\u0161echny v nich budete vypadat skv\u011ble, va\u0161e hled\u00e1n\u00ed je pr\u00e1v\u011b u \u0161\u0165astn\u00e9ho konce. Vn\u011bj\u0161\u00ed materi\u00e1l: prav\u00e1 k\u016f\u017ee Vnit\u0159n\u00ed materi\u00e1l: prav\u00e1 k\u016f\u017ee, syntetika Podr\u00e1\u017eka:\u00a0syntetika V\u00fd\u0161ka podpatku: 4\u00a0cm \u00a0\" \/>\n<meta property=\"og:url\" content=\"https:\/\/shopatoa.com\/cz\/hnede-kozene-kovbojske-boty-online-shoes\/\" \/>\n<meta property=\"og:site_name\" content=\"SHOPATOA\" \/>\n<meta property=\"article:modified_time\" content=\"2025-03-14T20:51:32+00:00\" \/>\n<meta property=\"og:image\" content=\"https:\/\/shopatoa.com\/cz\/wp-content\/uploads\/2025\/02\/11027_hnede-kozene-kovbojske-boty-online-shoes.jpg\" \/>\n\t<meta property=\"og:image:width\" content=\"1160\" \/>\n\t<meta property=\"og:image:height\" content=\"1625\" \/>\n\t<meta property=\"og:image:type\" content=\"image\/jpeg\" \/>\n<meta name=\"twitter:card\" content=\"summary_large_image\" \/>\n<meta name=\"twitter:label1\" content=\"Odhadovan\u00e1 doba \u010dten\u00ed\" \/>\n\t<meta name=\"twitter:data1\" content=\"1 minuta\" \/>\n<script type=\"application\/ld+json\" class=\"yoast-schema-graph\">{\"@context\":\"https:\\\/\\\/schema.org\",\"@graph\":[{\"@type\":\"WebPage\",\"@id\":\"https:\\\/\\\/shopatoa.com\\\/cz\\\/hnede-kozene-kovbojske-boty-online-shoes\\\/\",\"url\":\"https:\\\/\\\/shopatoa.com\\\/cz\\\/hnede-kozene-kovbojske-boty-online-shoes\\\/\",\"name\":\"Hn\u011bd\u00e9 ko\u017een\u00e9 kovbojsk\u00e9 boty Online Shoes - SHOPATOA.COM\",\"isPartOf\":{\"@id\":\"https:\\\/\\\/shopatoa.com\\\/cz\\\/#website\"},\"primaryImageOfPage\":{\"@id\":\"https:\\\/\\\/shopatoa.com\\\/cz\\\/hnede-kozene-kovbojske-boty-online-shoes\\\/#primaryimage\"},\"image\":{\"@id\":\"https:\\\/\\\/shopatoa.com\\\/cz\\\/hnede-kozene-kovbojske-boty-online-shoes\\\/#primaryimage\"},\"thumbnailUrl\":\"https:\\\/\\\/shopatoa.com\\\/cz\\\/wp-content\\\/uploads\\\/2025\\\/02\\\/11027_hnede-kozene-kovbojske-boty-online-shoes.jpg\",\"datePublished\":\"2025-02-14T18:58:30+00:00\",\"dateModified\":\"2025-03-14T20:51:32+00:00\",\"description\":\"Origin\u00e1ln\u00ed a z\u00e1rove\u0148 nad\u010dasov\u00e9 ko\u017een\u00e9 kovbojsk\u00e9 boty. Jestli je mezi botami n\u011bco nest\u00e1rnouc\u00edm evergreenem, pak jsou to pr\u00e1v\u011b kovbojsk\u00e9 boty. Vezm\u011bte si je ven v kombinaci s d\u017e\u00edny a m\u00e1te zaru\u010deno, \u017ee budete vypadat dob\u0159e. Takhle jednoduch\u00e9 to je. Jako spr\u00e1vn\u00e9 kovbojsk\u00e9 boty stoj\u00ed na \u0161irok\u00e9m podpatku a maj\u00ed m\u00edrn\u011b nadzvednutou \u0161pi\u010dku. Jestli hled\u00e1te boty, kter\u00e9 s klidem unos\u00edte n\u011bkolik sez\u00f3n\u00a0a po v\u0161echny v nich budete vypadat skv\u011ble, va\u0161e hled\u00e1n\u00ed je pr\u00e1v\u011b u \u0161\u0165astn\u00e9ho konce. Vn\u011bj\u0161\u00ed materi\u00e1l: prav\u00e1 k\u016f\u017ee Vnit\u0159n\u00ed materi\u00e1l: prav\u00e1 k\u016f\u017ee, syntetika Podr\u00e1\u017eka:\u00a0syntetika V\u00fd\u0161ka podpatku: 4\u00a0cm \u00a0\",\"breadcrumb\":{\"@id\":\"https:\\\/\\\/shopatoa.com\\\/cz\\\/hnede-kozene-kovbojske-boty-online-shoes\\\/#breadcrumb\"},\"inLanguage\":\"cs\",\"potentialAction\":[{\"@type\":\"ReadAction\",\"target\":[\"https:\\\/\\\/shopatoa.com\\\/cz\\\/hnede-kozene-kovbojske-boty-online-shoes\\\/\"]}]},{\"@type\":\"ImageObject\",\"inLanguage\":\"cs\",\"@id\":\"https:\\\/\\\/shopatoa.com\\\/cz\\\/hnede-kozene-kovbojske-boty-online-shoes\\\/#primaryimage\",\"url\":\"https:\\\/\\\/shopatoa.com\\\/cz\\\/wp-content\\\/uploads\\\/2025\\\/02\\\/11027_hnede-kozene-kovbojske-boty-online-shoes.jpg\",\"contentUrl\":\"https:\\\/\\\/shopatoa.com\\\/cz\\\/wp-content\\\/uploads\\\/2025\\\/02\\\/11027_hnede-kozene-kovbojske-boty-online-shoes.jpg\",\"width\":1160,\"height\":1625},{\"@type\":\"BreadcrumbList\",\"@id\":\"https:\\\/\\\/shopatoa.com\\\/cz\\\/hnede-kozene-kovbojske-boty-online-shoes\\\/#breadcrumb\",\"itemListElement\":[{\"@type\":\"ListItem\",\"position\":1,\"name\":\"Dom\u016f\",\"item\":\"https:\\\/\\\/shopatoa.com\\\/cz\\\/\"},{\"@type\":\"ListItem\",\"position\":2,\"name\":\"Produkty\",\"item\":\"https:\\\/\\\/shopatoa.com\\\/cz\\\/shop\\\/\"},{\"@type\":\"ListItem\",\"position\":3,\"name\":\"Oble\u010den\u00ed a m\u00f3da\",\"item\":\"https:\\\/\\\/shopatoa.com\\\/cz\\\/obleceni-a-moda\\\/\"},{\"@type\":\"ListItem\",\"position\":4,\"name\":\"Boty\",\"item\":\"https:\\\/\\\/shopatoa.com\\\/cz\\\/boty\\\/\"},{\"@type\":\"ListItem\",\"position\":5,\"name\":\"Hn\u011bd\u00e9 ko\u017een\u00e9 kovbojsk\u00e9 boty Online Shoes\"}]},{\"@type\":\"WebSite\",\"@id\":\"https:\\\/\\\/shopatoa.com\\\/cz\\\/#website\",\"url\":\"https:\\\/\\\/shopatoa.com\\\/cz\\\/\",\"name\":\"SHOPATOA\",\"description\":\"\",\"publisher\":{\"@id\":\"https:\\\/\\\/shopatoa.com\\\/cz\\\/#organization\"},\"potentialAction\":[{\"@type\":\"SearchAction\",\"target\":{\"@type\":\"EntryPoint\",\"urlTemplate\":\"https:\\\/\\\/shopatoa.com\\\/cz\\\/?s={search_term_string}\"},\"query-input\":{\"@type\":\"PropertyValueSpecification\",\"valueRequired\":true,\"valueName\":\"search_term_string\"}}],\"inLanguage\":\"cs\"},{\"@type\":\"Organization\",\"@id\":\"https:\\\/\\\/shopatoa.com\\\/cz\\\/#organization\",\"name\":\"SHOPATOA Digital s.r.o.\",\"url\":\"https:\\\/\\\/shopatoa.com\\\/cz\\\/\",\"logo\":{\"@type\":\"ImageObject\",\"inLanguage\":\"cs\",\"@id\":\"https:\\\/\\\/shopatoa.com\\\/cz\\\/#\\\/schema\\\/logo\\\/image\\\/\",\"url\":\"https:\\\/\\\/storage.googleapis.com\\\/cz-shopatoa-img\\\/cz\\\/ebccf434-shopatoa_logo.png\",\"contentUrl\":\"https:\\\/\\\/storage.googleapis.com\\\/cz-shopatoa-img\\\/cz\\\/ebccf434-shopatoa_logo.png\",\"width\":416,\"height\":63,\"caption\":\"SHOPATOA Digital s.r.o.\"},\"image\":{\"@id\":\"https:\\\/\\\/shopatoa.com\\\/cz\\\/#\\\/schema\\\/logo\\\/image\\\/\"}}]}<\/script>\n<!-- \/ Yoast SEO plugin. -->","yoast_head_json":{"title":"Hn\u011bd\u00e9 ko\u017een\u00e9 kovbojsk\u00e9 boty Online Shoes - SHOPATOA.COM","description":"Origin\u00e1ln\u00ed a z\u00e1rove\u0148 nad\u010dasov\u00e9 ko\u017een\u00e9 kovbojsk\u00e9 boty. Jestli je mezi botami n\u011bco nest\u00e1rnouc\u00edm evergreenem, pak jsou to pr\u00e1v\u011b kovbojsk\u00e9 boty. Vezm\u011bte si je ven v kombinaci s d\u017e\u00edny a m\u00e1te zaru\u010deno, \u017ee budete vypadat dob\u0159e. Takhle jednoduch\u00e9 to je. Jako spr\u00e1vn\u00e9 kovbojsk\u00e9 boty stoj\u00ed na \u0161irok\u00e9m podpatku a maj\u00ed m\u00edrn\u011b nadzvednutou \u0161pi\u010dku. Jestli hled\u00e1te boty, kter\u00e9 s klidem unos\u00edte n\u011bkolik sez\u00f3n\u00a0a po v\u0161echny v nich budete vypadat skv\u011ble, va\u0161e hled\u00e1n\u00ed je pr\u00e1v\u011b u \u0161\u0165astn\u00e9ho konce. Vn\u011bj\u0161\u00ed materi\u00e1l: prav\u00e1 k\u016f\u017ee Vnit\u0159n\u00ed materi\u00e1l: prav\u00e1 k\u016f\u017ee, syntetika Podr\u00e1\u017eka:\u00a0syntetika V\u00fd\u0161ka podpatku: 4\u00a0cm \u00a0","robots":{"index":"index","follow":"follow","max-snippet":"max-snippet:-1","max-image-preview":"max-image-preview:large","max-video-preview":"max-video-preview:-1"},"canonical":"https:\/\/shopatoa.com\/cz\/hnede-kozene-kovbojske-boty-online-shoes\/","og_locale":"cs_CZ","og_type":"article","og_title":"Hn\u011bd\u00e9 ko\u017een\u00e9 kovbojsk\u00e9 boty Online Shoes - SHOPATOA.COM","og_description":"Origin\u00e1ln\u00ed a z\u00e1rove\u0148 nad\u010dasov\u00e9 ko\u017een\u00e9 kovbojsk\u00e9 boty. Jestli je mezi botami n\u011bco nest\u00e1rnouc\u00edm evergreenem, pak jsou to pr\u00e1v\u011b kovbojsk\u00e9 boty. Vezm\u011bte si je ven v kombinaci s d\u017e\u00edny a m\u00e1te zaru\u010deno, \u017ee budete vypadat dob\u0159e. Takhle jednoduch\u00e9 to je. Jako spr\u00e1vn\u00e9 kovbojsk\u00e9 boty stoj\u00ed na \u0161irok\u00e9m podpatku a maj\u00ed m\u00edrn\u011b nadzvednutou \u0161pi\u010dku. Jestli hled\u00e1te boty, kter\u00e9 s klidem unos\u00edte n\u011bkolik sez\u00f3n\u00a0a po v\u0161echny v nich budete vypadat skv\u011ble, va\u0161e hled\u00e1n\u00ed je pr\u00e1v\u011b u \u0161\u0165astn\u00e9ho konce. Vn\u011bj\u0161\u00ed materi\u00e1l: prav\u00e1 k\u016f\u017ee Vnit\u0159n\u00ed materi\u00e1l: prav\u00e1 k\u016f\u017ee, syntetika Podr\u00e1\u017eka:\u00a0syntetika V\u00fd\u0161ka podpatku: 4\u00a0cm \u00a0","og_url":"https:\/\/shopatoa.com\/cz\/hnede-kozene-kovbojske-boty-online-shoes\/","og_site_name":"SHOPATOA","article_modified_time":"2025-03-14T20:51:32+00:00","og_image":[{"width":1160,"height":1625,"url":"https:\/\/shopatoa.com\/cz\/wp-content\/uploads\/2025\/02\/11027_hnede-kozene-kovbojske-boty-online-shoes.jpg","type":"image\/jpeg"}],"twitter_card":"summary_large_image","twitter_misc":{"Odhadovan\u00e1 doba \u010dten\u00ed":"1 minuta"},"schema":{"@context":"https:\/\/schema.org","@graph":[{"@type":"WebPage","@id":"https:\/\/shopatoa.com\/cz\/hnede-kozene-kovbojske-boty-online-shoes\/","url":"https:\/\/shopatoa.com\/cz\/hnede-kozene-kovbojske-boty-online-shoes\/","name":"Hn\u011bd\u00e9 ko\u017een\u00e9 kovbojsk\u00e9 boty Online Shoes - SHOPATOA.COM","isPartOf":{"@id":"https:\/\/shopatoa.com\/cz\/#website"},"primaryImageOfPage":{"@id":"https:\/\/shopatoa.com\/cz\/hnede-kozene-kovbojske-boty-online-shoes\/#primaryimage"},"image":{"@id":"https:\/\/shopatoa.com\/cz\/hnede-kozene-kovbojske-boty-online-shoes\/#primaryimage"},"thumbnailUrl":"https:\/\/shopatoa.com\/cz\/wp-content\/uploads\/2025\/02\/11027_hnede-kozene-kovbojske-boty-online-shoes.jpg","datePublished":"2025-02-14T18:58:30+00:00","dateModified":"2025-03-14T20:51:32+00:00","description":"Origin\u00e1ln\u00ed a z\u00e1rove\u0148 nad\u010dasov\u00e9 ko\u017een\u00e9 kovbojsk\u00e9 boty. Jestli je mezi botami n\u011bco nest\u00e1rnouc\u00edm evergreenem, pak jsou to pr\u00e1v\u011b kovbojsk\u00e9 boty. Vezm\u011bte si je ven v kombinaci s d\u017e\u00edny a m\u00e1te zaru\u010deno, \u017ee budete vypadat dob\u0159e. Takhle jednoduch\u00e9 to je. Jako spr\u00e1vn\u00e9 kovbojsk\u00e9 boty stoj\u00ed na \u0161irok\u00e9m podpatku a maj\u00ed m\u00edrn\u011b nadzvednutou \u0161pi\u010dku. Jestli hled\u00e1te boty, kter\u00e9 s klidem unos\u00edte n\u011bkolik sez\u00f3n\u00a0a po v\u0161echny v nich budete vypadat skv\u011ble, va\u0161e hled\u00e1n\u00ed je pr\u00e1v\u011b u \u0161\u0165astn\u00e9ho konce. Vn\u011bj\u0161\u00ed materi\u00e1l: prav\u00e1 k\u016f\u017ee Vnit\u0159n\u00ed materi\u00e1l: prav\u00e1 k\u016f\u017ee, syntetika Podr\u00e1\u017eka:\u00a0syntetika V\u00fd\u0161ka podpatku: 4\u00a0cm \u00a0","breadcrumb":{"@id":"https:\/\/shopatoa.com\/cz\/hnede-kozene-kovbojske-boty-online-shoes\/#breadcrumb"},"inLanguage":"cs","potentialAction":[{"@type":"ReadAction","target":["https:\/\/shopatoa.com\/cz\/hnede-kozene-kovbojske-boty-online-shoes\/"]}]},{"@type":"ImageObject","inLanguage":"cs","@id":"https:\/\/shopatoa.com\/cz\/hnede-kozene-kovbojske-boty-online-shoes\/#primaryimage","url":"https:\/\/shopatoa.com\/cz\/wp-content\/uploads\/2025\/02\/11027_hnede-kozene-kovbojske-boty-online-shoes.jpg","contentUrl":"https:\/\/shopatoa.com\/cz\/wp-content\/uploads\/2025\/02\/11027_hnede-kozene-kovbojske-boty-online-shoes.jpg","width":1160,"height":1625},{"@type":"BreadcrumbList","@id":"https:\/\/shopatoa.com\/cz\/hnede-kozene-kovbojske-boty-online-shoes\/#breadcrumb","itemListElement":[{"@type":"ListItem","position":1,"name":"Dom\u016f","item":"https:\/\/shopatoa.com\/cz\/"},{"@type":"ListItem","position":2,"name":"Produkty","item":"https:\/\/shopatoa.com\/cz\/shop\/"},{"@type":"ListItem","position":3,"name":"Oble\u010den\u00ed a m\u00f3da","item":"https:\/\/shopatoa.com\/cz\/obleceni-a-moda\/"},{"@type":"ListItem","position":4,"name":"Boty","item":"https:\/\/shopatoa.com\/cz\/boty\/"},{"@type":"ListItem","position":5,"name":"Hn\u011bd\u00e9 ko\u017een\u00e9 kovbojsk\u00e9 boty Online Shoes"}]},{"@type":"WebSite","@id":"https:\/\/shopatoa.com\/cz\/#website","url":"https:\/\/shopatoa.com\/cz\/","name":"SHOPATOA","description":"","publisher":{"@id":"https:\/\/shopatoa.com\/cz\/#organization"},"potentialAction":[{"@type":"SearchAction","target":{"@type":"EntryPoint","urlTemplate":"https:\/\/shopatoa.com\/cz\/?s={search_term_string}"},"query-input":{"@type":"PropertyValueSpecification","valueRequired":true,"valueName":"search_term_string"}}],"inLanguage":"cs"},{"@type":"Organization","@id":"https:\/\/shopatoa.com\/cz\/#organization","name":"SHOPATOA Digital s.r.o.","url":"https:\/\/shopatoa.com\/cz\/","logo":{"@type":"ImageObject","inLanguage":"cs","@id":"https:\/\/shopatoa.com\/cz\/#\/schema\/logo\/image\/","url":"https:\/\/storage.googleapis.com\/cz-shopatoa-img\/cz\/ebccf434-shopatoa_logo.png","contentUrl":"https:\/\/storage.googleapis.com\/cz-shopatoa-img\/cz\/ebccf434-shopatoa_logo.png","width":416,"height":63,"caption":"SHOPATOA Digital s.r.o."},"image":{"@id":"https:\/\/shopatoa.com\/cz\/#\/schema\/logo\/image\/"}}]}},"_links":{"self":[{"href":"https:\/\/shopatoa.com\/cz\/wp-json\/wp\/v2\/product\/130188","targetHints":{"allow":["GET"]}}],"collection":[{"href":"https:\/\/shopatoa.com\/cz\/wp-json\/wp\/v2\/product"}],"about":[{"href":"https:\/\/shopatoa.com\/cz\/wp-json\/wp\/v2\/types\/product"}],"replies":[{"embeddable":true,"href":"https:\/\/shopatoa.com\/cz\/wp-json\/wp\/v2\/comments?post=130188"}],"wp:featuredmedia":[{"embeddable":true,"href":"https:\/\/shopatoa.com\/cz\/wp-json\/wp\/v2\/media\/130189"}],"wp:attachment":[{"href":"https:\/\/shopatoa.com\/cz\/wp-json\/wp\/v2\/media?parent=130188"}],"wp:term":[{"taxonomy":"product_brand","embeddable":true,"href":"https:\/\/shopatoa.com\/cz\/wp-json\/wp\/v2\/product_brand?post=130188"},{"taxonomy":"product_cat","embeddable":true,"href":"https:\/\/shopatoa.com\/cz\/wp-json\/wp\/v2\/product_cat?post=130188"},{"taxonomy":"product_tag","embeddable":true,"href":"https:\/\/shopatoa.com\/cz\/wp-json\/wp\/v2\/product_tag?post=130188"}],"curies":[{"name":"wp","href":"https:\/\/api.w.org\/{rel}","templated":true}]}}