{"id":130227,"date":"2025-02-14T20:10:00","date_gmt":"2025-02-14T19:10:00","guid":{"rendered":"https:\/\/shopatoa.com\/cz\/e-bike-lilbuddy-silver-grey-300-wh\/"},"modified":"2025-03-14T21:52:16","modified_gmt":"2025-03-14T20:52:16","slug":"e-bike-lilbuddy-silver-grey-300-wh","status":"publish","type":"product","link":"https:\/\/shopatoa.com\/cz\/e-bike-lilbuddy-silver-grey-300-wh\/","title":{"rendered":"E-BIKE LIL&#8217;BUDDY Silver Grey 300 Wh"},"content":{"rendered":"<p>VRAC\u00cdME\u00a0SEDMDES\u00c1T\u00c1 L\u00c9TA\u00a0MILOVN\u00cdK\u016e BMX, ale s elektrick\u00fdm pohonem\u00a0BOSCH.Bl\u00e1zniv\u00e9 Lil\u00b4Buddy. Bude to divok\u00e1 j\u00edzda, p\u0159ipravte se!\u00a0<\/p>\n<p>ZVENKU Z\u00c1BAVA, UNVIT\u0158 DOKONAL\u00c1 V\u00ddBAVA OD BOSCH<\/p>\n<p>Co\u00a0RUFF CYCLES\u00a0kola odli\u0161uje od ostatn\u00edch v\u00fdrobc\u016f?\u00a0<br \/>\nJe to m\u00edra oddanosti a v\u00e1\u0161n\u011b pro detaily, kter\u00fdmi se zaob\u00edr\u00e1me p\u0159i ru\u010dn\u00ed v\u00fdrob\u011b na\u0161ich kol.<br \/>\nJe to unik\u00e1tn\u00ed styl.<br \/>\nJe to jedine\u010dn\u00fd\u00a0RUFF design.\u00a0\u00a0<\/p>\n<p>VLASTN\u00cd R\u00c1MOV\u00c1 MANUFAKTURA<br \/>\nJsme hrd\u00ed na to, \u017ee m\u00e1me\u00a0vlastn\u00ed tov\u00e1rnu na v\u00fdrobu r\u00e1m\u016f.\u00a0To n\u00e1m umo\u017e\u0148uje mnohem flexibiln\u011bji reagovat a b\u00fdt bl\u00ed\u017e na\u0161im produkt\u016fm a z\u00e1kazn\u00edk\u016fm ne\u017e v\u011bt\u0161ina v\u00fdrobc\u016f, kte\u0159\u00ed slo\u017eit\u011b nakupuj\u00ed r\u00e1my v tov\u00e1rn\u00e1ch t\u0159et\u00edch stran.<br \/>\nJako jeden z m\u00e1la v\u00fdrobc\u016f r\u00e1m\u016f j\u00edzdn\u00edch kol v Evrop\u011b klademe velk\u00fd d\u016fraz na kvalitu r\u00e1m\u016f a tak\u00e9 na bezpe\u010dn\u00e9 a profesion\u00e1ln\u00ed pracovn\u00ed prost\u0159ed\u00ed pro na\u0161e zam\u011bstnance.<br \/>\nV\u0161e vyr\u00e1b\u00edme \u201ein house\u201c, proto\u017ee do na\u0161eho t\u00fdmu pat\u0159\u00ed mimo jin\u00e9 i in\u017een\u00fd\u0159i a sv\u00e1\u0159e\u010di. Na\u0161e super\u00a0modern\u00ed pr\u00e1\u0161kov\u00e1 lakovna\u00a0n\u00e1m umo\u017e\u0148uje nab\u00edzet RUFF ebiky v pestr\u00e9 palet\u011b z\u00e1\u0159iv\u00fdch barev a perfektn\u00edho finishingu.<br \/>\nPod\u00edvejte se na video, jak se rod\u00ed Lil\u00b4Buddy!<\/p>\n<p>MONT\u00c1\u017d ELEKTROKOL P\u0158\u00cdMO V N\u011aMECKU<br \/>\nM\u00edt\u00a0vlastn\u00ed mont\u00e1\u017en\u00ed halu v na\u0161\u00ed centr\u00e1le v Regensburgu\u00a0je obrovsk\u00e1 v\u00fdhoda. To n\u00e1m pom\u00e1h\u00e1 se snadno p\u0159izp\u016fsobit trhu a reagovat na optimalizace. Ka\u017ed\u00e9 elektrokolo proch\u00e1z\u00ed n\u011bkolikan\u00e1sobnou kontrolou kvality. Spoustu fanou\u0161k\u016f, z\u00e1kazn\u00edk\u016f, ale i prodejc\u016f centr\u00e1lu RUFF CYCLES nav\u0161t\u011bvuje, aby na vlastn\u00ed k\u016f\u017ei poznali na\u0161i kvalitu a profesionalitu. A i n\u00e1s tyto v\u00fdjime\u010dn\u00e9 fat biky dostaly! RUFF CYCLES nejsou elektrokola.\u00a0To je \u017eivotn\u00ed styl!\u00a0A te\u010f jsou i v\u00a0\u010cesku.<br \/>\nChcete si Lil\u00b4BUDDY vyzkou\u0161et na vlastn\u00ed k\u016f\u017ei?<br \/>\nObjednejte se k n\u00e1m do showroomu v Praze &#8211;\u00a0Zelen\u00fd Pruh 1974\/109\u00a0a m\u016f\u017eete si projet bl\u00e1zniv\u00e9 a hrav\u00e9 Lil\u00b4Buddy.<\/p>\n","protected":false},"excerpt":{"rendered":"<p>VRAC\u00cdME\u00a0SEDMDES\u00c1T\u00c1 L\u00c9TA\u00a0MILOVN\u00cdK\u016e BMX, ale s elektrick\u00fdm pohonem\u00a0BOSCH.Bl\u00e1zniv\u00e9 Lil\u00b4Buddy. Bude to divok\u00e1 j\u00edzda, p\u0159ipravte se!\u00a0 ZVENKU Z\u00c1BAVA, UNVIT\u0158 DOKONAL\u00c1 V\u00ddBAVA OD BOSCH Co\u00a0RUFF CYCLES\u00a0kola odli\u0161uje od ostatn\u00edch v\u00fdrobc\u016f?\u00a0 Je to m\u00edra oddanosti a v\u00e1\u0161n\u011b pro detaily, kter\u00fdmi se zaob\u00edr\u00e1me p\u0159i ru\u010dn\u00ed v\u00fdrob\u011b na\u0161ich kol. Je to unik\u00e1tn\u00ed styl. Je to jedine\u010dn\u00fd\u00a0RUFF design.\u00a0\u00a0 VLASTN\u00cd R\u00c1MOV\u00c1 MANUFAKTURA Jsme&#8230;<\/p>\n","protected":false},"featured_media":130222,"comment_status":"closed","ping_status":"open","template":"","meta":{"_acf_changed":false,"_kadence_starter_templates_imported_post":false,"_kad_post_transparent":"","_kad_post_title":"","_kad_post_layout":"","_kad_post_sidebar_id":"","_kad_post_content_style":"","_kad_post_vertical_padding":"","_kad_post_feature":"","_kad_post_feature_position":"","_kad_post_header":false,"_kad_post_footer":false,"_kad_post_classname":""},"product_brand":[],"product_cat":[141,142,48],"product_tag":[],"class_list":{"0":"post-130227","1":"product","2":"type-product","3":"status-publish","4":"has-post-thumbnail","6":"product_cat-cyklistika","7":"product_cat-elektrokola","8":"product_cat-sport","9":"pa_obchod-bluetouch-cz","11":"first","12":"instock","13":"product-type-external","14":"entry","15":"content-bg","16":"loop-entry"},"acf":[],"yoast_head":"<!-- This site is optimized with the Yoast SEO plugin v27.4 - https:\/\/yoast.com\/product\/yoast-seo-wordpress\/ -->\n<title>E-BIKE LIL&#039;BUDDY Silver Grey 300 Wh - SHOPATOA.COM<\/title>\n<meta name=\"robots\" content=\"index, follow, max-snippet:-1, max-image-preview:large, max-video-preview:-1\" \/>\n<link rel=\"canonical\" href=\"https:\/\/shopatoa.com\/cz\/e-bike-lilbuddy-silver-grey-300-wh\/\" \/>\n<meta property=\"og:locale\" content=\"cs_CZ\" \/>\n<meta property=\"og:type\" content=\"article\" \/>\n<meta property=\"og:title\" content=\"E-BIKE LIL&#039;BUDDY Silver Grey 300 Wh - SHOPATOA.COM\" \/>\n<meta property=\"og:description\" content=\"VRAC\u00cdME\u00a0SEDMDES\u00c1T\u00c1 L\u00c9TA\u00a0MILOVN\u00cdK\u016e BMX, ale s elektrick\u00fdm pohonem\u00a0BOSCH.Bl\u00e1zniv\u00e9 Lil\u00b4Buddy. Bude to divok\u00e1 j\u00edzda, p\u0159ipravte se!\u00a0 ZVENKU Z\u00c1BAVA, UNVIT\u0158 DOKONAL\u00c1 V\u00ddBAVA OD BOSCH Co\u00a0RUFF CYCLES\u00a0kola odli\u0161uje od ostatn\u00edch v\u00fdrobc\u016f?\u00a0 Je to m\u00edra oddanosti a v\u00e1\u0161n\u011b pro detaily, kter\u00fdmi se zaob\u00edr\u00e1me p\u0159i ru\u010dn\u00ed v\u00fdrob\u011b na\u0161ich kol. Je to unik\u00e1tn\u00ed styl. Je to jedine\u010dn\u00fd\u00a0RUFF design.\u00a0\u00a0 VLASTN\u00cd R\u00c1MOV\u00c1 MANUFAKTURA Jsme...\" \/>\n<meta property=\"og:url\" content=\"https:\/\/shopatoa.com\/cz\/e-bike-lilbuddy-silver-grey-300-wh\/\" \/>\n<meta property=\"og:site_name\" content=\"SHOPATOA\" \/>\n<meta property=\"article:modified_time\" content=\"2025-03-14T20:52:16+00:00\" \/>\n<meta property=\"og:image\" content=\"https:\/\/shopatoa.com\/cz\/wp-content\/uploads\/2025\/02\/x623b961440b28-ruff-cycles-lil-buddy-2021-silvergrey-angle-front.jpg\" \/>\n\t<meta property=\"og:image:width\" content=\"1000\" \/>\n\t<meta property=\"og:image:height\" content=\"760\" \/>\n\t<meta property=\"og:image:type\" content=\"image\/jpeg\" \/>\n<meta name=\"twitter:card\" content=\"summary_large_image\" \/>\n<meta name=\"twitter:label1\" content=\"Odhadovan\u00e1 doba \u010dten\u00ed\" \/>\n\t<meta name=\"twitter:data1\" content=\"2 minuty\" \/>\n<script type=\"application\/ld+json\" class=\"yoast-schema-graph\">{\"@context\":\"https:\\\/\\\/schema.org\",\"@graph\":[{\"@type\":\"WebPage\",\"@id\":\"https:\\\/\\\/shopatoa.com\\\/cz\\\/e-bike-lilbuddy-silver-grey-300-wh\\\/\",\"url\":\"https:\\\/\\\/shopatoa.com\\\/cz\\\/e-bike-lilbuddy-silver-grey-300-wh\\\/\",\"name\":\"E-BIKE LIL'BUDDY Silver Grey 300 Wh - SHOPATOA.COM\",\"isPartOf\":{\"@id\":\"https:\\\/\\\/shopatoa.com\\\/cz\\\/#website\"},\"primaryImageOfPage\":{\"@id\":\"https:\\\/\\\/shopatoa.com\\\/cz\\\/e-bike-lilbuddy-silver-grey-300-wh\\\/#primaryimage\"},\"image\":{\"@id\":\"https:\\\/\\\/shopatoa.com\\\/cz\\\/e-bike-lilbuddy-silver-grey-300-wh\\\/#primaryimage\"},\"thumbnailUrl\":\"https:\\\/\\\/shopatoa.com\\\/cz\\\/wp-content\\\/uploads\\\/2025\\\/02\\\/x623b961440b28-ruff-cycles-lil-buddy-2021-silvergrey-angle-front.jpg\",\"datePublished\":\"2025-02-14T19:10:00+00:00\",\"dateModified\":\"2025-03-14T20:52:16+00:00\",\"breadcrumb\":{\"@id\":\"https:\\\/\\\/shopatoa.com\\\/cz\\\/e-bike-lilbuddy-silver-grey-300-wh\\\/#breadcrumb\"},\"inLanguage\":\"cs\",\"potentialAction\":[{\"@type\":\"ReadAction\",\"target\":[\"https:\\\/\\\/shopatoa.com\\\/cz\\\/e-bike-lilbuddy-silver-grey-300-wh\\\/\"]}]},{\"@type\":\"ImageObject\",\"inLanguage\":\"cs\",\"@id\":\"https:\\\/\\\/shopatoa.com\\\/cz\\\/e-bike-lilbuddy-silver-grey-300-wh\\\/#primaryimage\",\"url\":\"https:\\\/\\\/shopatoa.com\\\/cz\\\/wp-content\\\/uploads\\\/2025\\\/02\\\/x623b961440b28-ruff-cycles-lil-buddy-2021-silvergrey-angle-front.jpg\",\"contentUrl\":\"https:\\\/\\\/shopatoa.com\\\/cz\\\/wp-content\\\/uploads\\\/2025\\\/02\\\/x623b961440b28-ruff-cycles-lil-buddy-2021-silvergrey-angle-front.jpg\",\"width\":1000,\"height\":760},{\"@type\":\"BreadcrumbList\",\"@id\":\"https:\\\/\\\/shopatoa.com\\\/cz\\\/e-bike-lilbuddy-silver-grey-300-wh\\\/#breadcrumb\",\"itemListElement\":[{\"@type\":\"ListItem\",\"position\":1,\"name\":\"Dom\u016f\",\"item\":\"https:\\\/\\\/shopatoa.com\\\/cz\\\/\"},{\"@type\":\"ListItem\",\"position\":2,\"name\":\"Produkty\",\"item\":\"https:\\\/\\\/shopatoa.com\\\/cz\\\/shop\\\/\"},{\"@type\":\"ListItem\",\"position\":3,\"name\":\"Sport\",\"item\":\"https:\\\/\\\/shopatoa.com\\\/cz\\\/sport\\\/\"},{\"@type\":\"ListItem\",\"position\":4,\"name\":\"Cyklistika\",\"item\":\"https:\\\/\\\/shopatoa.com\\\/cz\\\/cyklistika\\\/\"},{\"@type\":\"ListItem\",\"position\":5,\"name\":\"Elektrokola\",\"item\":\"https:\\\/\\\/shopatoa.com\\\/cz\\\/elektrokola\\\/\"},{\"@type\":\"ListItem\",\"position\":6,\"name\":\"E-BIKE LIL&#8217;BUDDY Silver Grey 300 Wh\"}]},{\"@type\":\"WebSite\",\"@id\":\"https:\\\/\\\/shopatoa.com\\\/cz\\\/#website\",\"url\":\"https:\\\/\\\/shopatoa.com\\\/cz\\\/\",\"name\":\"SHOPATOA\",\"description\":\"\",\"publisher\":{\"@id\":\"https:\\\/\\\/shopatoa.com\\\/cz\\\/#organization\"},\"potentialAction\":[{\"@type\":\"SearchAction\",\"target\":{\"@type\":\"EntryPoint\",\"urlTemplate\":\"https:\\\/\\\/shopatoa.com\\\/cz\\\/?s={search_term_string}\"},\"query-input\":{\"@type\":\"PropertyValueSpecification\",\"valueRequired\":true,\"valueName\":\"search_term_string\"}}],\"inLanguage\":\"cs\"},{\"@type\":\"Organization\",\"@id\":\"https:\\\/\\\/shopatoa.com\\\/cz\\\/#organization\",\"name\":\"SHOPATOA Digital s.r.o.\",\"url\":\"https:\\\/\\\/shopatoa.com\\\/cz\\\/\",\"logo\":{\"@type\":\"ImageObject\",\"inLanguage\":\"cs\",\"@id\":\"https:\\\/\\\/shopatoa.com\\\/cz\\\/#\\\/schema\\\/logo\\\/image\\\/\",\"url\":\"https:\\\/\\\/storage.googleapis.com\\\/cz-shopatoa-img\\\/cz\\\/ebccf434-shopatoa_logo.png\",\"contentUrl\":\"https:\\\/\\\/storage.googleapis.com\\\/cz-shopatoa-img\\\/cz\\\/ebccf434-shopatoa_logo.png\",\"width\":416,\"height\":63,\"caption\":\"SHOPATOA Digital s.r.o.\"},\"image\":{\"@id\":\"https:\\\/\\\/shopatoa.com\\\/cz\\\/#\\\/schema\\\/logo\\\/image\\\/\"}}]}<\/script>\n<!-- \/ Yoast SEO plugin. -->","yoast_head_json":{"title":"E-BIKE LIL'BUDDY Silver Grey 300 Wh - SHOPATOA.COM","robots":{"index":"index","follow":"follow","max-snippet":"max-snippet:-1","max-image-preview":"max-image-preview:large","max-video-preview":"max-video-preview:-1"},"canonical":"https:\/\/shopatoa.com\/cz\/e-bike-lilbuddy-silver-grey-300-wh\/","og_locale":"cs_CZ","og_type":"article","og_title":"E-BIKE LIL'BUDDY Silver Grey 300 Wh - SHOPATOA.COM","og_description":"VRAC\u00cdME\u00a0SEDMDES\u00c1T\u00c1 L\u00c9TA\u00a0MILOVN\u00cdK\u016e BMX, ale s elektrick\u00fdm pohonem\u00a0BOSCH.Bl\u00e1zniv\u00e9 Lil\u00b4Buddy. Bude to divok\u00e1 j\u00edzda, p\u0159ipravte se!\u00a0 ZVENKU Z\u00c1BAVA, UNVIT\u0158 DOKONAL\u00c1 V\u00ddBAVA OD BOSCH Co\u00a0RUFF CYCLES\u00a0kola odli\u0161uje od ostatn\u00edch v\u00fdrobc\u016f?\u00a0 Je to m\u00edra oddanosti a v\u00e1\u0161n\u011b pro detaily, kter\u00fdmi se zaob\u00edr\u00e1me p\u0159i ru\u010dn\u00ed v\u00fdrob\u011b na\u0161ich kol. Je to unik\u00e1tn\u00ed styl. Je to jedine\u010dn\u00fd\u00a0RUFF design.\u00a0\u00a0 VLASTN\u00cd R\u00c1MOV\u00c1 MANUFAKTURA Jsme...","og_url":"https:\/\/shopatoa.com\/cz\/e-bike-lilbuddy-silver-grey-300-wh\/","og_site_name":"SHOPATOA","article_modified_time":"2025-03-14T20:52:16+00:00","og_image":[{"width":1000,"height":760,"url":"https:\/\/shopatoa.com\/cz\/wp-content\/uploads\/2025\/02\/x623b961440b28-ruff-cycles-lil-buddy-2021-silvergrey-angle-front.jpg","type":"image\/jpeg"}],"twitter_card":"summary_large_image","twitter_misc":{"Odhadovan\u00e1 doba \u010dten\u00ed":"2 minuty"},"schema":{"@context":"https:\/\/schema.org","@graph":[{"@type":"WebPage","@id":"https:\/\/shopatoa.com\/cz\/e-bike-lilbuddy-silver-grey-300-wh\/","url":"https:\/\/shopatoa.com\/cz\/e-bike-lilbuddy-silver-grey-300-wh\/","name":"E-BIKE LIL'BUDDY Silver Grey 300 Wh - SHOPATOA.COM","isPartOf":{"@id":"https:\/\/shopatoa.com\/cz\/#website"},"primaryImageOfPage":{"@id":"https:\/\/shopatoa.com\/cz\/e-bike-lilbuddy-silver-grey-300-wh\/#primaryimage"},"image":{"@id":"https:\/\/shopatoa.com\/cz\/e-bike-lilbuddy-silver-grey-300-wh\/#primaryimage"},"thumbnailUrl":"https:\/\/shopatoa.com\/cz\/wp-content\/uploads\/2025\/02\/x623b961440b28-ruff-cycles-lil-buddy-2021-silvergrey-angle-front.jpg","datePublished":"2025-02-14T19:10:00+00:00","dateModified":"2025-03-14T20:52:16+00:00","breadcrumb":{"@id":"https:\/\/shopatoa.com\/cz\/e-bike-lilbuddy-silver-grey-300-wh\/#breadcrumb"},"inLanguage":"cs","potentialAction":[{"@type":"ReadAction","target":["https:\/\/shopatoa.com\/cz\/e-bike-lilbuddy-silver-grey-300-wh\/"]}]},{"@type":"ImageObject","inLanguage":"cs","@id":"https:\/\/shopatoa.com\/cz\/e-bike-lilbuddy-silver-grey-300-wh\/#primaryimage","url":"https:\/\/shopatoa.com\/cz\/wp-content\/uploads\/2025\/02\/x623b961440b28-ruff-cycles-lil-buddy-2021-silvergrey-angle-front.jpg","contentUrl":"https:\/\/shopatoa.com\/cz\/wp-content\/uploads\/2025\/02\/x623b961440b28-ruff-cycles-lil-buddy-2021-silvergrey-angle-front.jpg","width":1000,"height":760},{"@type":"BreadcrumbList","@id":"https:\/\/shopatoa.com\/cz\/e-bike-lilbuddy-silver-grey-300-wh\/#breadcrumb","itemListElement":[{"@type":"ListItem","position":1,"name":"Dom\u016f","item":"https:\/\/shopatoa.com\/cz\/"},{"@type":"ListItem","position":2,"name":"Produkty","item":"https:\/\/shopatoa.com\/cz\/shop\/"},{"@type":"ListItem","position":3,"name":"Sport","item":"https:\/\/shopatoa.com\/cz\/sport\/"},{"@type":"ListItem","position":4,"name":"Cyklistika","item":"https:\/\/shopatoa.com\/cz\/cyklistika\/"},{"@type":"ListItem","position":5,"name":"Elektrokola","item":"https:\/\/shopatoa.com\/cz\/elektrokola\/"},{"@type":"ListItem","position":6,"name":"E-BIKE LIL&#8217;BUDDY Silver Grey 300 Wh"}]},{"@type":"WebSite","@id":"https:\/\/shopatoa.com\/cz\/#website","url":"https:\/\/shopatoa.com\/cz\/","name":"SHOPATOA","description":"","publisher":{"@id":"https:\/\/shopatoa.com\/cz\/#organization"},"potentialAction":[{"@type":"SearchAction","target":{"@type":"EntryPoint","urlTemplate":"https:\/\/shopatoa.com\/cz\/?s={search_term_string}"},"query-input":{"@type":"PropertyValueSpecification","valueRequired":true,"valueName":"search_term_string"}}],"inLanguage":"cs"},{"@type":"Organization","@id":"https:\/\/shopatoa.com\/cz\/#organization","name":"SHOPATOA Digital s.r.o.","url":"https:\/\/shopatoa.com\/cz\/","logo":{"@type":"ImageObject","inLanguage":"cs","@id":"https:\/\/shopatoa.com\/cz\/#\/schema\/logo\/image\/","url":"https:\/\/storage.googleapis.com\/cz-shopatoa-img\/cz\/ebccf434-shopatoa_logo.png","contentUrl":"https:\/\/storage.googleapis.com\/cz-shopatoa-img\/cz\/ebccf434-shopatoa_logo.png","width":416,"height":63,"caption":"SHOPATOA Digital s.r.o."},"image":{"@id":"https:\/\/shopatoa.com\/cz\/#\/schema\/logo\/image\/"}}]}},"_links":{"self":[{"href":"https:\/\/shopatoa.com\/cz\/wp-json\/wp\/v2\/product\/130227","targetHints":{"allow":["GET"]}}],"collection":[{"href":"https:\/\/shopatoa.com\/cz\/wp-json\/wp\/v2\/product"}],"about":[{"href":"https:\/\/shopatoa.com\/cz\/wp-json\/wp\/v2\/types\/product"}],"replies":[{"embeddable":true,"href":"https:\/\/shopatoa.com\/cz\/wp-json\/wp\/v2\/comments?post=130227"}],"wp:featuredmedia":[{"embeddable":true,"href":"https:\/\/shopatoa.com\/cz\/wp-json\/wp\/v2\/media\/130222"}],"wp:attachment":[{"href":"https:\/\/shopatoa.com\/cz\/wp-json\/wp\/v2\/media?parent=130227"}],"wp:term":[{"taxonomy":"product_brand","embeddable":true,"href":"https:\/\/shopatoa.com\/cz\/wp-json\/wp\/v2\/product_brand?post=130227"},{"taxonomy":"product_cat","embeddable":true,"href":"https:\/\/shopatoa.com\/cz\/wp-json\/wp\/v2\/product_cat?post=130227"},{"taxonomy":"product_tag","embeddable":true,"href":"https:\/\/shopatoa.com\/cz\/wp-json\/wp\/v2\/product_tag?post=130227"}],"curies":[{"name":"wp","href":"https:\/\/api.w.org\/{rel}","templated":true}]}}