{"id":130230,"date":"2025-02-14T20:10:00","date_gmt":"2025-02-14T19:10:00","guid":{"rendered":"https:\/\/shopatoa.com\/cz\/elektrokolobezka-bluetouch-bt501-black\/"},"modified":"2025-03-14T21:52:20","modified_gmt":"2025-03-14T20:52:20","slug":"elektrokolobezka-bluetouch-bt501-black","status":"publish","type":"product","link":"https:\/\/shopatoa.com\/cz\/elektrokolobezka-bluetouch-bt501-black\/","title":{"rendered":"Elektrokolob\u011b\u017eka BLUETOUCH BT501 BLACK"},"content":{"rendered":"<p>Elektrick\u00e1 kolob\u011b\u017eka o v\u00fdkonu\u00a0500 W\u00a0a dojezdu\u00a0a\u017e 60 km<br \/>\n4 rychlostn\u00ed stupn\u011b: re\u017eim ch\u016fze &#8211; eco re\u017eim &#8211; j\u00edzdn\u00ed re\u017eim &#8211; rychl\u00fd re\u017eim\u00a0<br \/>\nMax. rychlost 45 km\/h (defaultn\u011b nastaveno na 25 km\/h, lze upravit v aplikaci)<br \/>\nOdoln\u00e1 konstrukce z leteck\u00e9ho hlin\u00edku a \u0161irok\u00e1 n\u00e1\u0161lapnice<br \/>\nCelkov\u00e1 hmotnost\u00a0v\u010detn\u011b zna\u010dkov\u00e9 baterie je 28 kg.<br \/>\nV\u00fdkonn\u00e1 46,8V Li-Ion baterie LG s bezkonkuren\u010dn\u00ed kapacitou 21 Ah<br \/>\nNosnost a\u017e\u00a0120 kg<br \/>\nPln\u00e1 bezdu\u0161ov\u00e1 kola o velikosti 10&#8243; vhodn\u00e9 i pro nezpevn\u011bn\u00e9 komunikace, kter\u00e9 neprop\u00edchnete<br \/>\nOdpru\u017een\u00ed p\u0159edn\u00edho i zadn\u00edho kola<br \/>\n\u0160irok\u00e1 stabiln\u00ed \u0159\u00edd\u00edtka\u00a0<br \/>\nLED sv\u011btlomety vp\u0159edu i vzadu\u00a0osazen\u00e9 \u010do\u010dkou a po stran\u00e1ch efektn\u00ed LED podsv\u00edcen\u00ed\u00a0pro v\u011bt\u0161\u00ed viditelnost<br \/>\nP\u0159edn\u00ed bubnov\u00e9, zadn\u00ed motorick\u00e9 brzdy<br \/>\nVlastn\u00ed aplikace s ovl\u00e1d\u00e1n\u00edm a mo\u017enost\u00ed uzam\u010den\u00ed stroje<\/p>\n<p>KOMFORT A BEZPE\u010c\u00cd NA PRVN\u00cdM M\u00cdST\u011a<br \/>\nSkladn\u00e1 kolob\u011b\u017eka se \u0161pi\u010dkov\u00fdm a stabiln\u00edm v\u00fdkonem. D\u00edky pln\u00fdm 10&#8243; kol\u016fm nikdy nebudete \u0159e\u0161it defekt na cest\u011b!\u00a0Po\u017eitek z j\u00edzdy umocn\u00ed tempomat zabudovan\u00fd v \u0159\u00edd\u00edtk\u00e1ch.\u00a0Kolob\u011b\u017eka hrav\u011b zvl\u00e1d\u00e1 15% stoup\u00e1n\u00ed.<br \/>\nKonstrukce e-kolob\u011b\u017eky je navr\u017eena tak, abyste kolob\u011b\u017eku slo\u017eili b\u011bhem n\u011bkolika vte\u0159in. Nov\u00e1 e-kolob\u011b\u017eka BT501 m\u00e1\u00a0vylep\u0161en\u00fd a je\u0161t\u011b bezpe\u010dn\u011bj\u0161\u00ed skl\u00e1dac\u00ed mechanismus.\u00a0Kolob\u011b\u017eka disponuje \u010dty\u0159mi nastaviteln\u00fdmi rychlostn\u00edmi stupni. P\u0159i nejvy\u0161\u0161\u00edm stupni dosahuje rychlosti a\u017e\u00a045 km\/h a p\u0159i nejni\u017e\u0161\u00edm m\u00f3du (tzv. walking) m\u016f\u017eete pohodln\u011b elektrokolob\u011b\u017eku v\u00e9st p\u0159i ch\u016fzi.<\/p>\n<p>KVALITN\u00cd ZNA\u010cKOV\u00c1 BATERIE JE Z\u00c1KLAD DLOUH\u00c9HO DOJEZDU\u00a0&#8211;\u00a0NYN\u00cd S PRODLOU\u017dENOU\u00a03LETOU Z\u00c1RUKOU.<br \/>\nTato e-kolob\u011b\u017eka je vybavena\u00a0kvalitn\u00ed a v\u00fdkonnou lithiovou bateri\u00ed zna\u010dky\u00a0LG, d\u00edky kter\u00e9 se m\u016f\u017eete spolehnout na dlouhou dojezdovou vzd\u00e1lenost a\u017e\u00a060 km\u00a0a\u00a0t\u00e9m\u011b\u0159 po celou dobu stejn\u00fd v\u00fdkon a\u017e do \u00fapln\u00e9ho vybit\u00ed baterie. Baterie je dimenzovan\u00e1 na\u00a0800 jednotliv\u00fdch dobit\u00ed a najedete s n\u00ed a\u017e 48 000 km!\u00a0LG baterie je tak\u00e9 elektronicky chr\u00e1n\u011bna proti p\u0159ebit\u00ed a podbit\u00ed.\u00a0Na tyto zna\u010dkov\u00e9 baterie nyn\u00ed\u00a0m\u00e1te prodlou\u017eenou z\u00e1ruku 3 roky!<\/p>\n","protected":false},"excerpt":{"rendered":"<p>Elektrick\u00e1 kolob\u011b\u017eka o v\u00fdkonu\u00a0500 W\u00a0a dojezdu\u00a0a\u017e 60 km 4 rychlostn\u00ed stupn\u011b: re\u017eim ch\u016fze &#8211; eco re\u017eim &#8211; j\u00edzdn\u00ed re\u017eim &#8211; rychl\u00fd re\u017eim\u00a0 Max. rychlost 45 km\/h (defaultn\u011b nastaveno na 25 km\/h, lze upravit v aplikaci) Odoln\u00e1 konstrukce z leteck\u00e9ho hlin\u00edku a \u0161irok\u00e1 n\u00e1\u0161lapnice Celkov\u00e1 hmotnost\u00a0v\u010detn\u011b zna\u010dkov\u00e9 baterie je 28 kg. V\u00fdkonn\u00e1 46,8V Li-Ion baterie LG&#8230;<\/p>\n","protected":false},"featured_media":130231,"comment_status":"closed","ping_status":"open","template":"","meta":{"_acf_changed":false,"_kadence_starter_templates_imported_post":false,"_kad_post_transparent":"","_kad_post_title":"","_kad_post_layout":"","_kad_post_sidebar_id":"","_kad_post_content_style":"","_kad_post_vertical_padding":"","_kad_post_feature":"","_kad_post_feature_position":"","_kad_post_header":false,"_kad_post_footer":false,"_kad_post_classname":""},"product_brand":[],"product_cat":[141,143,48],"product_tag":[],"class_list":{"0":"post-130230","1":"product","2":"type-product","3":"status-publish","4":"has-post-thumbnail","6":"product_cat-cyklistika","7":"product_cat-elektrokolobezky","8":"product_cat-sport","9":"pa_obchod-bluetouch-cz","11":"first","12":"instock","13":"product-type-external","14":"entry","15":"content-bg","16":"loop-entry"},"acf":[],"yoast_head":"<!-- This site is optimized with the Yoast SEO plugin v27.4 - https:\/\/yoast.com\/product\/yoast-seo-wordpress\/ -->\n<title>Elektrokolob\u011b\u017eka BLUETOUCH BT501 BLACK - SHOPATOA.COM<\/title>\n<meta name=\"robots\" content=\"index, follow, max-snippet:-1, max-image-preview:large, max-video-preview:-1\" \/>\n<link rel=\"canonical\" href=\"https:\/\/shopatoa.com\/cz\/elektrokolobezka-bluetouch-bt501-black\/\" \/>\n<meta property=\"og:locale\" content=\"cs_CZ\" \/>\n<meta property=\"og:type\" content=\"article\" \/>\n<meta property=\"og:title\" content=\"Elektrokolob\u011b\u017eka BLUETOUCH BT501 BLACK - SHOPATOA.COM\" \/>\n<meta property=\"og:description\" content=\"Elektrick\u00e1 kolob\u011b\u017eka o v\u00fdkonu\u00a0500 W\u00a0a dojezdu\u00a0a\u017e 60 km 4 rychlostn\u00ed stupn\u011b: re\u017eim ch\u016fze &#8211; eco re\u017eim &#8211; j\u00edzdn\u00ed re\u017eim &#8211; rychl\u00fd re\u017eim\u00a0 Max. rychlost 45 km\/h (defaultn\u011b nastaveno na 25 km\/h, lze upravit v aplikaci) Odoln\u00e1 konstrukce z leteck\u00e9ho hlin\u00edku a \u0161irok\u00e1 n\u00e1\u0161lapnice Celkov\u00e1 hmotnost\u00a0v\u010detn\u011b zna\u010dkov\u00e9 baterie je 28 kg. V\u00fdkonn\u00e1 46,8V Li-Ion baterie LG...\" \/>\n<meta property=\"og:url\" content=\"https:\/\/shopatoa.com\/cz\/elektrokolobezka-bluetouch-bt501-black\/\" \/>\n<meta property=\"og:site_name\" content=\"SHOPATOA\" \/>\n<meta property=\"article:modified_time\" content=\"2025-03-14T20:52:20+00:00\" \/>\n<meta property=\"og:image\" content=\"https:\/\/shopatoa.com\/cz\/wp-content\/uploads\/2025\/02\/i64b686d483a69-bt501-black-side2-lg.jpg\" \/>\n\t<meta property=\"og:image:width\" content=\"1000\" \/>\n\t<meta property=\"og:image:height\" content=\"1000\" \/>\n\t<meta property=\"og:image:type\" content=\"image\/jpeg\" \/>\n<meta name=\"twitter:card\" content=\"summary_large_image\" \/>\n<meta name=\"twitter:label1\" content=\"Odhadovan\u00e1 doba \u010dten\u00ed\" \/>\n\t<meta name=\"twitter:data1\" content=\"2 minuty\" \/>\n<script type=\"application\/ld+json\" class=\"yoast-schema-graph\">{\"@context\":\"https:\\\/\\\/schema.org\",\"@graph\":[{\"@type\":\"WebPage\",\"@id\":\"https:\\\/\\\/shopatoa.com\\\/cz\\\/elektrokolobezka-bluetouch-bt501-black\\\/\",\"url\":\"https:\\\/\\\/shopatoa.com\\\/cz\\\/elektrokolobezka-bluetouch-bt501-black\\\/\",\"name\":\"Elektrokolob\u011b\u017eka BLUETOUCH BT501 BLACK - SHOPATOA.COM\",\"isPartOf\":{\"@id\":\"https:\\\/\\\/shopatoa.com\\\/cz\\\/#website\"},\"primaryImageOfPage\":{\"@id\":\"https:\\\/\\\/shopatoa.com\\\/cz\\\/elektrokolobezka-bluetouch-bt501-black\\\/#primaryimage\"},\"image\":{\"@id\":\"https:\\\/\\\/shopatoa.com\\\/cz\\\/elektrokolobezka-bluetouch-bt501-black\\\/#primaryimage\"},\"thumbnailUrl\":\"https:\\\/\\\/shopatoa.com\\\/cz\\\/wp-content\\\/uploads\\\/2025\\\/02\\\/i64b686d483a69-bt501-black-side2-lg.jpg\",\"datePublished\":\"2025-02-14T19:10:00+00:00\",\"dateModified\":\"2025-03-14T20:52:20+00:00\",\"breadcrumb\":{\"@id\":\"https:\\\/\\\/shopatoa.com\\\/cz\\\/elektrokolobezka-bluetouch-bt501-black\\\/#breadcrumb\"},\"inLanguage\":\"cs\",\"potentialAction\":[{\"@type\":\"ReadAction\",\"target\":[\"https:\\\/\\\/shopatoa.com\\\/cz\\\/elektrokolobezka-bluetouch-bt501-black\\\/\"]}]},{\"@type\":\"ImageObject\",\"inLanguage\":\"cs\",\"@id\":\"https:\\\/\\\/shopatoa.com\\\/cz\\\/elektrokolobezka-bluetouch-bt501-black\\\/#primaryimage\",\"url\":\"https:\\\/\\\/shopatoa.com\\\/cz\\\/wp-content\\\/uploads\\\/2025\\\/02\\\/i64b686d483a69-bt501-black-side2-lg.jpg\",\"contentUrl\":\"https:\\\/\\\/shopatoa.com\\\/cz\\\/wp-content\\\/uploads\\\/2025\\\/02\\\/i64b686d483a69-bt501-black-side2-lg.jpg\",\"width\":1000,\"height\":1000},{\"@type\":\"BreadcrumbList\",\"@id\":\"https:\\\/\\\/shopatoa.com\\\/cz\\\/elektrokolobezka-bluetouch-bt501-black\\\/#breadcrumb\",\"itemListElement\":[{\"@type\":\"ListItem\",\"position\":1,\"name\":\"Dom\u016f\",\"item\":\"https:\\\/\\\/shopatoa.com\\\/cz\\\/\"},{\"@type\":\"ListItem\",\"position\":2,\"name\":\"Produkty\",\"item\":\"https:\\\/\\\/shopatoa.com\\\/cz\\\/shop\\\/\"},{\"@type\":\"ListItem\",\"position\":3,\"name\":\"Sport\",\"item\":\"https:\\\/\\\/shopatoa.com\\\/cz\\\/sport\\\/\"},{\"@type\":\"ListItem\",\"position\":4,\"name\":\"Cyklistika\",\"item\":\"https:\\\/\\\/shopatoa.com\\\/cz\\\/cyklistika\\\/\"},{\"@type\":\"ListItem\",\"position\":5,\"name\":\"Elektrokolob\u011b\u017eky\",\"item\":\"https:\\\/\\\/shopatoa.com\\\/cz\\\/elektrokolobezky\\\/\"},{\"@type\":\"ListItem\",\"position\":6,\"name\":\"Elektrokolob\u011b\u017eka BLUETOUCH BT501 BLACK\"}]},{\"@type\":\"WebSite\",\"@id\":\"https:\\\/\\\/shopatoa.com\\\/cz\\\/#website\",\"url\":\"https:\\\/\\\/shopatoa.com\\\/cz\\\/\",\"name\":\"SHOPATOA\",\"description\":\"\",\"publisher\":{\"@id\":\"https:\\\/\\\/shopatoa.com\\\/cz\\\/#organization\"},\"potentialAction\":[{\"@type\":\"SearchAction\",\"target\":{\"@type\":\"EntryPoint\",\"urlTemplate\":\"https:\\\/\\\/shopatoa.com\\\/cz\\\/?s={search_term_string}\"},\"query-input\":{\"@type\":\"PropertyValueSpecification\",\"valueRequired\":true,\"valueName\":\"search_term_string\"}}],\"inLanguage\":\"cs\"},{\"@type\":\"Organization\",\"@id\":\"https:\\\/\\\/shopatoa.com\\\/cz\\\/#organization\",\"name\":\"SHOPATOA Digital s.r.o.\",\"url\":\"https:\\\/\\\/shopatoa.com\\\/cz\\\/\",\"logo\":{\"@type\":\"ImageObject\",\"inLanguage\":\"cs\",\"@id\":\"https:\\\/\\\/shopatoa.com\\\/cz\\\/#\\\/schema\\\/logo\\\/image\\\/\",\"url\":\"https:\\\/\\\/storage.googleapis.com\\\/cz-shopatoa-img\\\/cz\\\/ebccf434-shopatoa_logo.png\",\"contentUrl\":\"https:\\\/\\\/storage.googleapis.com\\\/cz-shopatoa-img\\\/cz\\\/ebccf434-shopatoa_logo.png\",\"width\":416,\"height\":63,\"caption\":\"SHOPATOA Digital s.r.o.\"},\"image\":{\"@id\":\"https:\\\/\\\/shopatoa.com\\\/cz\\\/#\\\/schema\\\/logo\\\/image\\\/\"}}]}<\/script>\n<!-- \/ Yoast SEO plugin. -->","yoast_head_json":{"title":"Elektrokolob\u011b\u017eka BLUETOUCH BT501 BLACK - SHOPATOA.COM","robots":{"index":"index","follow":"follow","max-snippet":"max-snippet:-1","max-image-preview":"max-image-preview:large","max-video-preview":"max-video-preview:-1"},"canonical":"https:\/\/shopatoa.com\/cz\/elektrokolobezka-bluetouch-bt501-black\/","og_locale":"cs_CZ","og_type":"article","og_title":"Elektrokolob\u011b\u017eka BLUETOUCH BT501 BLACK - SHOPATOA.COM","og_description":"Elektrick\u00e1 kolob\u011b\u017eka o v\u00fdkonu\u00a0500 W\u00a0a dojezdu\u00a0a\u017e 60 km 4 rychlostn\u00ed stupn\u011b: re\u017eim ch\u016fze &#8211; eco re\u017eim &#8211; j\u00edzdn\u00ed re\u017eim &#8211; rychl\u00fd re\u017eim\u00a0 Max. rychlost 45 km\/h (defaultn\u011b nastaveno na 25 km\/h, lze upravit v aplikaci) Odoln\u00e1 konstrukce z leteck\u00e9ho hlin\u00edku a \u0161irok\u00e1 n\u00e1\u0161lapnice Celkov\u00e1 hmotnost\u00a0v\u010detn\u011b zna\u010dkov\u00e9 baterie je 28 kg. V\u00fdkonn\u00e1 46,8V Li-Ion baterie LG...","og_url":"https:\/\/shopatoa.com\/cz\/elektrokolobezka-bluetouch-bt501-black\/","og_site_name":"SHOPATOA","article_modified_time":"2025-03-14T20:52:20+00:00","og_image":[{"width":1000,"height":1000,"url":"https:\/\/shopatoa.com\/cz\/wp-content\/uploads\/2025\/02\/i64b686d483a69-bt501-black-side2-lg.jpg","type":"image\/jpeg"}],"twitter_card":"summary_large_image","twitter_misc":{"Odhadovan\u00e1 doba \u010dten\u00ed":"2 minuty"},"schema":{"@context":"https:\/\/schema.org","@graph":[{"@type":"WebPage","@id":"https:\/\/shopatoa.com\/cz\/elektrokolobezka-bluetouch-bt501-black\/","url":"https:\/\/shopatoa.com\/cz\/elektrokolobezka-bluetouch-bt501-black\/","name":"Elektrokolob\u011b\u017eka BLUETOUCH BT501 BLACK - SHOPATOA.COM","isPartOf":{"@id":"https:\/\/shopatoa.com\/cz\/#website"},"primaryImageOfPage":{"@id":"https:\/\/shopatoa.com\/cz\/elektrokolobezka-bluetouch-bt501-black\/#primaryimage"},"image":{"@id":"https:\/\/shopatoa.com\/cz\/elektrokolobezka-bluetouch-bt501-black\/#primaryimage"},"thumbnailUrl":"https:\/\/shopatoa.com\/cz\/wp-content\/uploads\/2025\/02\/i64b686d483a69-bt501-black-side2-lg.jpg","datePublished":"2025-02-14T19:10:00+00:00","dateModified":"2025-03-14T20:52:20+00:00","breadcrumb":{"@id":"https:\/\/shopatoa.com\/cz\/elektrokolobezka-bluetouch-bt501-black\/#breadcrumb"},"inLanguage":"cs","potentialAction":[{"@type":"ReadAction","target":["https:\/\/shopatoa.com\/cz\/elektrokolobezka-bluetouch-bt501-black\/"]}]},{"@type":"ImageObject","inLanguage":"cs","@id":"https:\/\/shopatoa.com\/cz\/elektrokolobezka-bluetouch-bt501-black\/#primaryimage","url":"https:\/\/shopatoa.com\/cz\/wp-content\/uploads\/2025\/02\/i64b686d483a69-bt501-black-side2-lg.jpg","contentUrl":"https:\/\/shopatoa.com\/cz\/wp-content\/uploads\/2025\/02\/i64b686d483a69-bt501-black-side2-lg.jpg","width":1000,"height":1000},{"@type":"BreadcrumbList","@id":"https:\/\/shopatoa.com\/cz\/elektrokolobezka-bluetouch-bt501-black\/#breadcrumb","itemListElement":[{"@type":"ListItem","position":1,"name":"Dom\u016f","item":"https:\/\/shopatoa.com\/cz\/"},{"@type":"ListItem","position":2,"name":"Produkty","item":"https:\/\/shopatoa.com\/cz\/shop\/"},{"@type":"ListItem","position":3,"name":"Sport","item":"https:\/\/shopatoa.com\/cz\/sport\/"},{"@type":"ListItem","position":4,"name":"Cyklistika","item":"https:\/\/shopatoa.com\/cz\/cyklistika\/"},{"@type":"ListItem","position":5,"name":"Elektrokolob\u011b\u017eky","item":"https:\/\/shopatoa.com\/cz\/elektrokolobezky\/"},{"@type":"ListItem","position":6,"name":"Elektrokolob\u011b\u017eka BLUETOUCH BT501 BLACK"}]},{"@type":"WebSite","@id":"https:\/\/shopatoa.com\/cz\/#website","url":"https:\/\/shopatoa.com\/cz\/","name":"SHOPATOA","description":"","publisher":{"@id":"https:\/\/shopatoa.com\/cz\/#organization"},"potentialAction":[{"@type":"SearchAction","target":{"@type":"EntryPoint","urlTemplate":"https:\/\/shopatoa.com\/cz\/?s={search_term_string}"},"query-input":{"@type":"PropertyValueSpecification","valueRequired":true,"valueName":"search_term_string"}}],"inLanguage":"cs"},{"@type":"Organization","@id":"https:\/\/shopatoa.com\/cz\/#organization","name":"SHOPATOA Digital s.r.o.","url":"https:\/\/shopatoa.com\/cz\/","logo":{"@type":"ImageObject","inLanguage":"cs","@id":"https:\/\/shopatoa.com\/cz\/#\/schema\/logo\/image\/","url":"https:\/\/storage.googleapis.com\/cz-shopatoa-img\/cz\/ebccf434-shopatoa_logo.png","contentUrl":"https:\/\/storage.googleapis.com\/cz-shopatoa-img\/cz\/ebccf434-shopatoa_logo.png","width":416,"height":63,"caption":"SHOPATOA Digital s.r.o."},"image":{"@id":"https:\/\/shopatoa.com\/cz\/#\/schema\/logo\/image\/"}}]}},"_links":{"self":[{"href":"https:\/\/shopatoa.com\/cz\/wp-json\/wp\/v2\/product\/130230","targetHints":{"allow":["GET"]}}],"collection":[{"href":"https:\/\/shopatoa.com\/cz\/wp-json\/wp\/v2\/product"}],"about":[{"href":"https:\/\/shopatoa.com\/cz\/wp-json\/wp\/v2\/types\/product"}],"replies":[{"embeddable":true,"href":"https:\/\/shopatoa.com\/cz\/wp-json\/wp\/v2\/comments?post=130230"}],"wp:featuredmedia":[{"embeddable":true,"href":"https:\/\/shopatoa.com\/cz\/wp-json\/wp\/v2\/media\/130231"}],"wp:attachment":[{"href":"https:\/\/shopatoa.com\/cz\/wp-json\/wp\/v2\/media?parent=130230"}],"wp:term":[{"taxonomy":"product_brand","embeddable":true,"href":"https:\/\/shopatoa.com\/cz\/wp-json\/wp\/v2\/product_brand?post=130230"},{"taxonomy":"product_cat","embeddable":true,"href":"https:\/\/shopatoa.com\/cz\/wp-json\/wp\/v2\/product_cat?post=130230"},{"taxonomy":"product_tag","embeddable":true,"href":"https:\/\/shopatoa.com\/cz\/wp-json\/wp\/v2\/product_tag?post=130230"}],"curies":[{"name":"wp","href":"https:\/\/api.w.org\/{rel}","templated":true}]}}