{"id":130421,"date":"2025-02-14T20:48:25","date_gmt":"2025-02-14T19:48:25","guid":{"rendered":"https:\/\/shopatoa.com\/cz\/sportalm-crested-velikost\/"},"modified":"2025-03-14T21:55:51","modified_gmt":"2025-03-14T20:55:51","slug":"sportalm-crested-velikost","status":"publish","type":"product","link":"https:\/\/shopatoa.com\/cz\/sportalm-crested-velikost\/","title":{"rendered":"Sportalm Crested Velikost:"},"content":{"rendered":"<p>St\u0159ih<br \/>\nH\u0159ejivost<br \/>\nStretch<br \/>\nVod\u011bodolnost<\/p>\n<p>Oble\u010den\u00ed lehce obepnut\u00e9 kolem t\u011bla<br \/>\nVhodn\u00e9 pro chladn\u011bj\u0161\u00ed po\u010das\u00ed p\u0159i teplot\u00e1ch od 2 do 10\u00b0C\u00a0<\/p>\n<p>Vhodn\u00e1 pro m\u00edrn\u00fd d\u00e9\u0161\u0165 nebo sn\u011b\u017een\u00ed<\/p>\n<p>\u00a0D\u00e1msk\u00e9 ly\u017ea\u0159sk\u00e9 kalhoty Sportalm Crested v klasick\u00e9m rovn\u00e9m st\u0159ihu v pom\u011brn\u011b elegantn\u00edm designu spojuj\u00ed funk\u010dnost s nad\u010dasov\u00fdm a velmi modern\u00edm designem. Py\u0161n\u00ed se materi\u00e1lem s vysokou prody\u0161nost\u00ed a vod\u011bodolnost\u00ed, nav\u00edc jsou vodoodpudiv\u00e9 a v\u011btruodoln\u00e9. Zap\u00ednaj\u00ed se na zip p\u0159ekryt\u00fd klopou, h\u00e1\u010dek a knofl\u00edk. D\u00edky mo\u017enosti upraven\u00ed velikosti v pase V\u00e1m padnou jako u\u0161it\u00e9 na m\u00edru. Maj\u00ed dv\u011b praktick\u00e9 vn\u011bj\u0161\u00ed kapsy se zap\u00edn\u00e1n\u00edm na zataven\u00fd zip, sn\u011bhov\u00e9 man\u017eety v kalhot\u00e1ch a zipy ve spodn\u00ed \u010d\u00e1sti kalhot pro snaz\u0161\u00ed a pohodln\u011bj\u0161\u00ed obut\u00ed bot. Nesm\u00edme zapomenout ani na vyztu\u017een\u00e1 kolena. Nenechte se zm\u00e1st na prvn\u00ed pohled minimalistick\u00fdm designem, kalhoty jsou toti\u017e zdobeny lampy na boc\u00edch, kter\u00e9 vy\u010dn\u00edvaj\u00ed z\u00e1\u0159iv\u011b modrou barvou dopln\u011bnou jemn\u00fdm diamantov\u00fdm vzorem.<\/p>\n<p>Svrchn\u00ed materi\u00e1l 1Polyester &#8211; 94%\u00a0 Elastan &#8211; 6%<\/p>\n<p>Pod\u0161\u00edvkaPolyester &#8211; 100%<\/p>\n<p>Prody\u0161nost g\/m2\/24h10.000<\/p>\n<p>Vodn\u00ed sloupec mm20.000<\/p>\n","protected":false},"excerpt":{"rendered":"<p>St\u0159ih H\u0159ejivost Stretch Vod\u011bodolnost Oble\u010den\u00ed lehce obepnut\u00e9 kolem t\u011bla Vhodn\u00e9 pro chladn\u011bj\u0161\u00ed po\u010das\u00ed p\u0159i teplot\u00e1ch od 2 do 10\u00b0C\u00a0 Vhodn\u00e1 pro m\u00edrn\u00fd d\u00e9\u0161\u0165 nebo sn\u011b\u017een\u00ed \u00a0D\u00e1msk\u00e9 ly\u017ea\u0159sk\u00e9 kalhoty Sportalm Crested v klasick\u00e9m rovn\u00e9m st\u0159ihu v pom\u011brn\u011b elegantn\u00edm designu spojuj\u00ed funk\u010dnost s nad\u010dasov\u00fdm a velmi modern\u00edm designem. Py\u0161n\u00ed se materi\u00e1lem s vysokou prody\u0161nost\u00ed a vod\u011bodolnost\u00ed, nav\u00edc&#8230;<\/p>\n","protected":false},"featured_media":130422,"comment_status":"closed","ping_status":"open","template":"","meta":{"_acf_changed":false,"_kadence_starter_templates_imported_post":false,"_kad_post_transparent":"","_kad_post_title":"","_kad_post_layout":"","_kad_post_sidebar_id":"","_kad_post_content_style":"","_kad_post_vertical_padding":"","_kad_post_feature":"","_kad_post_feature_position":"","_kad_post_header":false,"_kad_post_footer":false,"_kad_post_classname":""},"product_brand":[],"product_cat":[28,26,25],"product_tag":[],"class_list":{"0":"post-130421","1":"product","2":"type-product","3":"status-publish","4":"has-post-thumbnail","6":"product_cat-kalhoty","7":"product_cat-obleceni","8":"product_cat-obleceni-a-moda","9":"pa_obchod-sportby-cz","10":"pa_pohlavi-zena","12":"first","13":"instock","14":"product-type-external","15":"entry","16":"content-bg","17":"loop-entry"},"acf":[],"yoast_head":"<!-- This site is optimized with the Yoast SEO plugin v27.4 - https:\/\/yoast.com\/product\/yoast-seo-wordpress\/ -->\n<title>Sportalm Crested Velikost: - SHOPATOA.COM<\/title>\n<meta name=\"description\" content=\"St\u0159ih H\u0159ejivost Stretch Vod\u011bodolnost Oble\u010den\u00ed lehce obepnut\u00e9 kolem t\u011bla Vhodn\u00e9 pro chladn\u011bj\u0161\u00ed po\u010das\u00ed p\u0159i teplot\u00e1ch od 2 do 10\u00b0C\u00a0 Vhodn\u00e1 pro m\u00edrn\u00fd d\u00e9\u0161\u0165 nebo sn\u011b\u017een\u00ed \u00a0D\u00e1msk\u00e9 ly\u017ea\u0159sk\u00e9 kalhoty Sportalm Crested v klasick\u00e9m rovn\u00e9m st\u0159ihu v pom\u011brn\u011b elegantn\u00edm designu spojuj\u00ed funk\u010dnost s nad\u010dasov\u00fdm a velmi modern\u00edm designem. Py\u0161n\u00ed se materi\u00e1lem s vysokou prody\u0161nost\u00ed a vod\u011bodolnost\u00ed, nav\u00edc jsou vodoodpudiv\u00e9 a v\u011btruodoln\u00e9. Zap\u00ednaj\u00ed se na zip p\u0159ekryt\u00fd klopou, h\u00e1\u010dek a knofl\u00edk. D\u00edky mo\u017enosti upraven\u00ed velikosti v pase V\u00e1m padnou jako u\u0161it\u00e9 na m\u00edru. Maj\u00ed dv\u011b praktick\u00e9 vn\u011bj\u0161\u00ed kapsy se zap\u00edn\u00e1n\u00edm na zataven\u00fd zip, sn\u011bhov\u00e9 man\u017eety v kalhot\u00e1ch a zipy ve spodn\u00ed \u010d\u00e1sti kalhot pro snaz\u0161\u00ed a pohodln\u011bj\u0161\u00ed obut\u00ed bot. Nesm\u00edme zapomenout ani na vyztu\u017een\u00e1 kolena. Nenechte se zm\u00e1st na prvn\u00ed pohled minimalistick\u00fdm designem, kalhoty jsou toti\u017e zdobeny lampy na boc\u00edch, kter\u00e9 vy\u010dn\u00edvaj\u00ed z\u00e1\u0159iv\u011b modrou barvou dopln\u011bnou jemn\u00fdm diamantov\u00fdm vzorem. Svrchn\u00ed materi\u00e1l 1Polyester - 94%\u00a0 Elastan - 6% Pod\u0161\u00edvkaPolyester - 100% Prody\u0161nost g\/m2\/24h10.000 Vodn\u00ed sloupec mm20.000\" \/>\n<meta name=\"robots\" content=\"index, follow, max-snippet:-1, max-image-preview:large, max-video-preview:-1\" \/>\n<link rel=\"canonical\" href=\"https:\/\/shopatoa.com\/cz\/sportalm-crested-velikost\/\" \/>\n<meta property=\"og:locale\" content=\"cs_CZ\" \/>\n<meta property=\"og:type\" content=\"article\" \/>\n<meta property=\"og:title\" content=\"Sportalm Crested Velikost: - SHOPATOA.COM\" \/>\n<meta property=\"og:description\" content=\"St\u0159ih H\u0159ejivost Stretch Vod\u011bodolnost Oble\u010den\u00ed lehce obepnut\u00e9 kolem t\u011bla Vhodn\u00e9 pro chladn\u011bj\u0161\u00ed po\u010das\u00ed p\u0159i teplot\u00e1ch od 2 do 10\u00b0C\u00a0 Vhodn\u00e1 pro m\u00edrn\u00fd d\u00e9\u0161\u0165 nebo sn\u011b\u017een\u00ed \u00a0D\u00e1msk\u00e9 ly\u017ea\u0159sk\u00e9 kalhoty Sportalm Crested v klasick\u00e9m rovn\u00e9m st\u0159ihu v pom\u011brn\u011b elegantn\u00edm designu spojuj\u00ed funk\u010dnost s nad\u010dasov\u00fdm a velmi modern\u00edm designem. Py\u0161n\u00ed se materi\u00e1lem s vysokou prody\u0161nost\u00ed a vod\u011bodolnost\u00ed, nav\u00edc jsou vodoodpudiv\u00e9 a v\u011btruodoln\u00e9. Zap\u00ednaj\u00ed se na zip p\u0159ekryt\u00fd klopou, h\u00e1\u010dek a knofl\u00edk. D\u00edky mo\u017enosti upraven\u00ed velikosti v pase V\u00e1m padnou jako u\u0161it\u00e9 na m\u00edru. Maj\u00ed dv\u011b praktick\u00e9 vn\u011bj\u0161\u00ed kapsy se zap\u00edn\u00e1n\u00edm na zataven\u00fd zip, sn\u011bhov\u00e9 man\u017eety v kalhot\u00e1ch a zipy ve spodn\u00ed \u010d\u00e1sti kalhot pro snaz\u0161\u00ed a pohodln\u011bj\u0161\u00ed obut\u00ed bot. Nesm\u00edme zapomenout ani na vyztu\u017een\u00e1 kolena. Nenechte se zm\u00e1st na prvn\u00ed pohled minimalistick\u00fdm designem, kalhoty jsou toti\u017e zdobeny lampy na boc\u00edch, kter\u00e9 vy\u010dn\u00edvaj\u00ed z\u00e1\u0159iv\u011b modrou barvou dopln\u011bnou jemn\u00fdm diamantov\u00fdm vzorem. Svrchn\u00ed materi\u00e1l 1Polyester - 94%\u00a0 Elastan - 6% Pod\u0161\u00edvkaPolyester - 100% Prody\u0161nost g\/m2\/24h10.000 Vodn\u00ed sloupec mm20.000\" \/>\n<meta property=\"og:url\" content=\"https:\/\/shopatoa.com\/cz\/sportalm-crested-velikost\/\" \/>\n<meta property=\"og:site_name\" content=\"SHOPATOA\" \/>\n<meta property=\"article:modified_time\" content=\"2025-03-14T20:55:51+00:00\" \/>\n<meta property=\"og:image\" content=\"https:\/\/shopatoa.com\/cz\/wp-content\/uploads\/2025\/02\/47111-3_sportalm-crested.jpg\" \/>\n\t<meta property=\"og:image:width\" content=\"549\" \/>\n\t<meta property=\"og:image:height\" content=\"1509\" \/>\n\t<meta property=\"og:image:type\" content=\"image\/jpeg\" \/>\n<meta name=\"twitter:card\" content=\"summary_large_image\" \/>\n<meta name=\"twitter:label1\" content=\"Odhadovan\u00e1 doba \u010dten\u00ed\" \/>\n\t<meta name=\"twitter:data1\" content=\"1 minuta\" \/>\n<script type=\"application\/ld+json\" class=\"yoast-schema-graph\">{\"@context\":\"https:\\\/\\\/schema.org\",\"@graph\":[{\"@type\":\"WebPage\",\"@id\":\"https:\\\/\\\/shopatoa.com\\\/cz\\\/sportalm-crested-velikost\\\/\",\"url\":\"https:\\\/\\\/shopatoa.com\\\/cz\\\/sportalm-crested-velikost\\\/\",\"name\":\"Sportalm Crested Velikost: - SHOPATOA.COM\",\"isPartOf\":{\"@id\":\"https:\\\/\\\/shopatoa.com\\\/cz\\\/#website\"},\"primaryImageOfPage\":{\"@id\":\"https:\\\/\\\/shopatoa.com\\\/cz\\\/sportalm-crested-velikost\\\/#primaryimage\"},\"image\":{\"@id\":\"https:\\\/\\\/shopatoa.com\\\/cz\\\/sportalm-crested-velikost\\\/#primaryimage\"},\"thumbnailUrl\":\"https:\\\/\\\/shopatoa.com\\\/cz\\\/wp-content\\\/uploads\\\/2025\\\/02\\\/47111-3_sportalm-crested.jpg\",\"datePublished\":\"2025-02-14T19:48:25+00:00\",\"dateModified\":\"2025-03-14T20:55:51+00:00\",\"description\":\"St\u0159ih H\u0159ejivost Stretch Vod\u011bodolnost Oble\u010den\u00ed lehce obepnut\u00e9 kolem t\u011bla Vhodn\u00e9 pro chladn\u011bj\u0161\u00ed po\u010das\u00ed p\u0159i teplot\u00e1ch od 2 do 10\u00b0C\u00a0 Vhodn\u00e1 pro m\u00edrn\u00fd d\u00e9\u0161\u0165 nebo sn\u011b\u017een\u00ed \u00a0D\u00e1msk\u00e9 ly\u017ea\u0159sk\u00e9 kalhoty Sportalm Crested v klasick\u00e9m rovn\u00e9m st\u0159ihu v pom\u011brn\u011b elegantn\u00edm designu spojuj\u00ed funk\u010dnost s nad\u010dasov\u00fdm a velmi modern\u00edm designem. Py\u0161n\u00ed se materi\u00e1lem s vysokou prody\u0161nost\u00ed a vod\u011bodolnost\u00ed, nav\u00edc jsou vodoodpudiv\u00e9 a v\u011btruodoln\u00e9. Zap\u00ednaj\u00ed se na zip p\u0159ekryt\u00fd klopou, h\u00e1\u010dek a knofl\u00edk. D\u00edky mo\u017enosti upraven\u00ed velikosti v pase V\u00e1m padnou jako u\u0161it\u00e9 na m\u00edru. Maj\u00ed dv\u011b praktick\u00e9 vn\u011bj\u0161\u00ed kapsy se zap\u00edn\u00e1n\u00edm na zataven\u00fd zip, sn\u011bhov\u00e9 man\u017eety v kalhot\u00e1ch a zipy ve spodn\u00ed \u010d\u00e1sti kalhot pro snaz\u0161\u00ed a pohodln\u011bj\u0161\u00ed obut\u00ed bot. Nesm\u00edme zapomenout ani na vyztu\u017een\u00e1 kolena. Nenechte se zm\u00e1st na prvn\u00ed pohled minimalistick\u00fdm designem, kalhoty jsou toti\u017e zdobeny lampy na boc\u00edch, kter\u00e9 vy\u010dn\u00edvaj\u00ed z\u00e1\u0159iv\u011b modrou barvou dopln\u011bnou jemn\u00fdm diamantov\u00fdm vzorem. Svrchn\u00ed materi\u00e1l 1Polyester - 94%\u00a0 Elastan - 6% Pod\u0161\u00edvkaPolyester - 100% Prody\u0161nost g\\\/m2\\\/24h10.000 Vodn\u00ed sloupec mm20.000\",\"breadcrumb\":{\"@id\":\"https:\\\/\\\/shopatoa.com\\\/cz\\\/sportalm-crested-velikost\\\/#breadcrumb\"},\"inLanguage\":\"cs\",\"potentialAction\":[{\"@type\":\"ReadAction\",\"target\":[\"https:\\\/\\\/shopatoa.com\\\/cz\\\/sportalm-crested-velikost\\\/\"]}]},{\"@type\":\"ImageObject\",\"inLanguage\":\"cs\",\"@id\":\"https:\\\/\\\/shopatoa.com\\\/cz\\\/sportalm-crested-velikost\\\/#primaryimage\",\"url\":\"https:\\\/\\\/shopatoa.com\\\/cz\\\/wp-content\\\/uploads\\\/2025\\\/02\\\/47111-3_sportalm-crested.jpg\",\"contentUrl\":\"https:\\\/\\\/shopatoa.com\\\/cz\\\/wp-content\\\/uploads\\\/2025\\\/02\\\/47111-3_sportalm-crested.jpg\",\"width\":549,\"height\":1509},{\"@type\":\"BreadcrumbList\",\"@id\":\"https:\\\/\\\/shopatoa.com\\\/cz\\\/sportalm-crested-velikost\\\/#breadcrumb\",\"itemListElement\":[{\"@type\":\"ListItem\",\"position\":1,\"name\":\"Dom\u016f\",\"item\":\"https:\\\/\\\/shopatoa.com\\\/cz\\\/\"},{\"@type\":\"ListItem\",\"position\":2,\"name\":\"Produkty\",\"item\":\"https:\\\/\\\/shopatoa.com\\\/cz\\\/shop\\\/\"},{\"@type\":\"ListItem\",\"position\":3,\"name\":\"Oble\u010den\u00ed a m\u00f3da\",\"item\":\"https:\\\/\\\/shopatoa.com\\\/cz\\\/obleceni-a-moda\\\/\"},{\"@type\":\"ListItem\",\"position\":4,\"name\":\"Oble\u010den\u00ed\",\"item\":\"https:\\\/\\\/shopatoa.com\\\/cz\\\/obleceni\\\/\"},{\"@type\":\"ListItem\",\"position\":5,\"name\":\"Kalhoty\",\"item\":\"https:\\\/\\\/shopatoa.com\\\/cz\\\/kalhoty\\\/\"},{\"@type\":\"ListItem\",\"position\":6,\"name\":\"Sportalm Crested Velikost:\"}]},{\"@type\":\"WebSite\",\"@id\":\"https:\\\/\\\/shopatoa.com\\\/cz\\\/#website\",\"url\":\"https:\\\/\\\/shopatoa.com\\\/cz\\\/\",\"name\":\"SHOPATOA\",\"description\":\"\",\"publisher\":{\"@id\":\"https:\\\/\\\/shopatoa.com\\\/cz\\\/#organization\"},\"potentialAction\":[{\"@type\":\"SearchAction\",\"target\":{\"@type\":\"EntryPoint\",\"urlTemplate\":\"https:\\\/\\\/shopatoa.com\\\/cz\\\/?s={search_term_string}\"},\"query-input\":{\"@type\":\"PropertyValueSpecification\",\"valueRequired\":true,\"valueName\":\"search_term_string\"}}],\"inLanguage\":\"cs\"},{\"@type\":\"Organization\",\"@id\":\"https:\\\/\\\/shopatoa.com\\\/cz\\\/#organization\",\"name\":\"SHOPATOA Digital s.r.o.\",\"url\":\"https:\\\/\\\/shopatoa.com\\\/cz\\\/\",\"logo\":{\"@type\":\"ImageObject\",\"inLanguage\":\"cs\",\"@id\":\"https:\\\/\\\/shopatoa.com\\\/cz\\\/#\\\/schema\\\/logo\\\/image\\\/\",\"url\":\"https:\\\/\\\/storage.googleapis.com\\\/cz-shopatoa-img\\\/cz\\\/ebccf434-shopatoa_logo.png\",\"contentUrl\":\"https:\\\/\\\/storage.googleapis.com\\\/cz-shopatoa-img\\\/cz\\\/ebccf434-shopatoa_logo.png\",\"width\":416,\"height\":63,\"caption\":\"SHOPATOA Digital s.r.o.\"},\"image\":{\"@id\":\"https:\\\/\\\/shopatoa.com\\\/cz\\\/#\\\/schema\\\/logo\\\/image\\\/\"}}]}<\/script>\n<!-- \/ Yoast SEO plugin. -->","yoast_head_json":{"title":"Sportalm Crested Velikost: - SHOPATOA.COM","description":"St\u0159ih H\u0159ejivost Stretch Vod\u011bodolnost Oble\u010den\u00ed lehce obepnut\u00e9 kolem t\u011bla Vhodn\u00e9 pro chladn\u011bj\u0161\u00ed po\u010das\u00ed p\u0159i teplot\u00e1ch od 2 do 10\u00b0C\u00a0 Vhodn\u00e1 pro m\u00edrn\u00fd d\u00e9\u0161\u0165 nebo sn\u011b\u017een\u00ed \u00a0D\u00e1msk\u00e9 ly\u017ea\u0159sk\u00e9 kalhoty Sportalm Crested v klasick\u00e9m rovn\u00e9m st\u0159ihu v pom\u011brn\u011b elegantn\u00edm designu spojuj\u00ed funk\u010dnost s nad\u010dasov\u00fdm a velmi modern\u00edm designem. Py\u0161n\u00ed se materi\u00e1lem s vysokou prody\u0161nost\u00ed a vod\u011bodolnost\u00ed, nav\u00edc jsou vodoodpudiv\u00e9 a v\u011btruodoln\u00e9. Zap\u00ednaj\u00ed se na zip p\u0159ekryt\u00fd klopou, h\u00e1\u010dek a knofl\u00edk. D\u00edky mo\u017enosti upraven\u00ed velikosti v pase V\u00e1m padnou jako u\u0161it\u00e9 na m\u00edru. Maj\u00ed dv\u011b praktick\u00e9 vn\u011bj\u0161\u00ed kapsy se zap\u00edn\u00e1n\u00edm na zataven\u00fd zip, sn\u011bhov\u00e9 man\u017eety v kalhot\u00e1ch a zipy ve spodn\u00ed \u010d\u00e1sti kalhot pro snaz\u0161\u00ed a pohodln\u011bj\u0161\u00ed obut\u00ed bot. Nesm\u00edme zapomenout ani na vyztu\u017een\u00e1 kolena. Nenechte se zm\u00e1st na prvn\u00ed pohled minimalistick\u00fdm designem, kalhoty jsou toti\u017e zdobeny lampy na boc\u00edch, kter\u00e9 vy\u010dn\u00edvaj\u00ed z\u00e1\u0159iv\u011b modrou barvou dopln\u011bnou jemn\u00fdm diamantov\u00fdm vzorem. Svrchn\u00ed materi\u00e1l 1Polyester - 94%\u00a0 Elastan - 6% Pod\u0161\u00edvkaPolyester - 100% Prody\u0161nost g\/m2\/24h10.000 Vodn\u00ed sloupec mm20.000","robots":{"index":"index","follow":"follow","max-snippet":"max-snippet:-1","max-image-preview":"max-image-preview:large","max-video-preview":"max-video-preview:-1"},"canonical":"https:\/\/shopatoa.com\/cz\/sportalm-crested-velikost\/","og_locale":"cs_CZ","og_type":"article","og_title":"Sportalm Crested Velikost: - SHOPATOA.COM","og_description":"St\u0159ih H\u0159ejivost Stretch Vod\u011bodolnost Oble\u010den\u00ed lehce obepnut\u00e9 kolem t\u011bla Vhodn\u00e9 pro chladn\u011bj\u0161\u00ed po\u010das\u00ed p\u0159i teplot\u00e1ch od 2 do 10\u00b0C\u00a0 Vhodn\u00e1 pro m\u00edrn\u00fd d\u00e9\u0161\u0165 nebo sn\u011b\u017een\u00ed \u00a0D\u00e1msk\u00e9 ly\u017ea\u0159sk\u00e9 kalhoty Sportalm Crested v klasick\u00e9m rovn\u00e9m st\u0159ihu v pom\u011brn\u011b elegantn\u00edm designu spojuj\u00ed funk\u010dnost s nad\u010dasov\u00fdm a velmi modern\u00edm designem. Py\u0161n\u00ed se materi\u00e1lem s vysokou prody\u0161nost\u00ed a vod\u011bodolnost\u00ed, nav\u00edc jsou vodoodpudiv\u00e9 a v\u011btruodoln\u00e9. Zap\u00ednaj\u00ed se na zip p\u0159ekryt\u00fd klopou, h\u00e1\u010dek a knofl\u00edk. D\u00edky mo\u017enosti upraven\u00ed velikosti v pase V\u00e1m padnou jako u\u0161it\u00e9 na m\u00edru. Maj\u00ed dv\u011b praktick\u00e9 vn\u011bj\u0161\u00ed kapsy se zap\u00edn\u00e1n\u00edm na zataven\u00fd zip, sn\u011bhov\u00e9 man\u017eety v kalhot\u00e1ch a zipy ve spodn\u00ed \u010d\u00e1sti kalhot pro snaz\u0161\u00ed a pohodln\u011bj\u0161\u00ed obut\u00ed bot. Nesm\u00edme zapomenout ani na vyztu\u017een\u00e1 kolena. Nenechte se zm\u00e1st na prvn\u00ed pohled minimalistick\u00fdm designem, kalhoty jsou toti\u017e zdobeny lampy na boc\u00edch, kter\u00e9 vy\u010dn\u00edvaj\u00ed z\u00e1\u0159iv\u011b modrou barvou dopln\u011bnou jemn\u00fdm diamantov\u00fdm vzorem. Svrchn\u00ed materi\u00e1l 1Polyester - 94%\u00a0 Elastan - 6% Pod\u0161\u00edvkaPolyester - 100% Prody\u0161nost g\/m2\/24h10.000 Vodn\u00ed sloupec mm20.000","og_url":"https:\/\/shopatoa.com\/cz\/sportalm-crested-velikost\/","og_site_name":"SHOPATOA","article_modified_time":"2025-03-14T20:55:51+00:00","og_image":[{"width":549,"height":1509,"url":"https:\/\/shopatoa.com\/cz\/wp-content\/uploads\/2025\/02\/47111-3_sportalm-crested.jpg","type":"image\/jpeg"}],"twitter_card":"summary_large_image","twitter_misc":{"Odhadovan\u00e1 doba \u010dten\u00ed":"1 minuta"},"schema":{"@context":"https:\/\/schema.org","@graph":[{"@type":"WebPage","@id":"https:\/\/shopatoa.com\/cz\/sportalm-crested-velikost\/","url":"https:\/\/shopatoa.com\/cz\/sportalm-crested-velikost\/","name":"Sportalm Crested Velikost: - SHOPATOA.COM","isPartOf":{"@id":"https:\/\/shopatoa.com\/cz\/#website"},"primaryImageOfPage":{"@id":"https:\/\/shopatoa.com\/cz\/sportalm-crested-velikost\/#primaryimage"},"image":{"@id":"https:\/\/shopatoa.com\/cz\/sportalm-crested-velikost\/#primaryimage"},"thumbnailUrl":"https:\/\/shopatoa.com\/cz\/wp-content\/uploads\/2025\/02\/47111-3_sportalm-crested.jpg","datePublished":"2025-02-14T19:48:25+00:00","dateModified":"2025-03-14T20:55:51+00:00","description":"St\u0159ih H\u0159ejivost Stretch Vod\u011bodolnost Oble\u010den\u00ed lehce obepnut\u00e9 kolem t\u011bla Vhodn\u00e9 pro chladn\u011bj\u0161\u00ed po\u010das\u00ed p\u0159i teplot\u00e1ch od 2 do 10\u00b0C\u00a0 Vhodn\u00e1 pro m\u00edrn\u00fd d\u00e9\u0161\u0165 nebo sn\u011b\u017een\u00ed \u00a0D\u00e1msk\u00e9 ly\u017ea\u0159sk\u00e9 kalhoty Sportalm Crested v klasick\u00e9m rovn\u00e9m st\u0159ihu v pom\u011brn\u011b elegantn\u00edm designu spojuj\u00ed funk\u010dnost s nad\u010dasov\u00fdm a velmi modern\u00edm designem. Py\u0161n\u00ed se materi\u00e1lem s vysokou prody\u0161nost\u00ed a vod\u011bodolnost\u00ed, nav\u00edc jsou vodoodpudiv\u00e9 a v\u011btruodoln\u00e9. Zap\u00ednaj\u00ed se na zip p\u0159ekryt\u00fd klopou, h\u00e1\u010dek a knofl\u00edk. D\u00edky mo\u017enosti upraven\u00ed velikosti v pase V\u00e1m padnou jako u\u0161it\u00e9 na m\u00edru. Maj\u00ed dv\u011b praktick\u00e9 vn\u011bj\u0161\u00ed kapsy se zap\u00edn\u00e1n\u00edm na zataven\u00fd zip, sn\u011bhov\u00e9 man\u017eety v kalhot\u00e1ch a zipy ve spodn\u00ed \u010d\u00e1sti kalhot pro snaz\u0161\u00ed a pohodln\u011bj\u0161\u00ed obut\u00ed bot. Nesm\u00edme zapomenout ani na vyztu\u017een\u00e1 kolena. Nenechte se zm\u00e1st na prvn\u00ed pohled minimalistick\u00fdm designem, kalhoty jsou toti\u017e zdobeny lampy na boc\u00edch, kter\u00e9 vy\u010dn\u00edvaj\u00ed z\u00e1\u0159iv\u011b modrou barvou dopln\u011bnou jemn\u00fdm diamantov\u00fdm vzorem. Svrchn\u00ed materi\u00e1l 1Polyester - 94%\u00a0 Elastan - 6% Pod\u0161\u00edvkaPolyester - 100% Prody\u0161nost g\/m2\/24h10.000 Vodn\u00ed sloupec mm20.000","breadcrumb":{"@id":"https:\/\/shopatoa.com\/cz\/sportalm-crested-velikost\/#breadcrumb"},"inLanguage":"cs","potentialAction":[{"@type":"ReadAction","target":["https:\/\/shopatoa.com\/cz\/sportalm-crested-velikost\/"]}]},{"@type":"ImageObject","inLanguage":"cs","@id":"https:\/\/shopatoa.com\/cz\/sportalm-crested-velikost\/#primaryimage","url":"https:\/\/shopatoa.com\/cz\/wp-content\/uploads\/2025\/02\/47111-3_sportalm-crested.jpg","contentUrl":"https:\/\/shopatoa.com\/cz\/wp-content\/uploads\/2025\/02\/47111-3_sportalm-crested.jpg","width":549,"height":1509},{"@type":"BreadcrumbList","@id":"https:\/\/shopatoa.com\/cz\/sportalm-crested-velikost\/#breadcrumb","itemListElement":[{"@type":"ListItem","position":1,"name":"Dom\u016f","item":"https:\/\/shopatoa.com\/cz\/"},{"@type":"ListItem","position":2,"name":"Produkty","item":"https:\/\/shopatoa.com\/cz\/shop\/"},{"@type":"ListItem","position":3,"name":"Oble\u010den\u00ed a m\u00f3da","item":"https:\/\/shopatoa.com\/cz\/obleceni-a-moda\/"},{"@type":"ListItem","position":4,"name":"Oble\u010den\u00ed","item":"https:\/\/shopatoa.com\/cz\/obleceni\/"},{"@type":"ListItem","position":5,"name":"Kalhoty","item":"https:\/\/shopatoa.com\/cz\/kalhoty\/"},{"@type":"ListItem","position":6,"name":"Sportalm Crested Velikost:"}]},{"@type":"WebSite","@id":"https:\/\/shopatoa.com\/cz\/#website","url":"https:\/\/shopatoa.com\/cz\/","name":"SHOPATOA","description":"","publisher":{"@id":"https:\/\/shopatoa.com\/cz\/#organization"},"potentialAction":[{"@type":"SearchAction","target":{"@type":"EntryPoint","urlTemplate":"https:\/\/shopatoa.com\/cz\/?s={search_term_string}"},"query-input":{"@type":"PropertyValueSpecification","valueRequired":true,"valueName":"search_term_string"}}],"inLanguage":"cs"},{"@type":"Organization","@id":"https:\/\/shopatoa.com\/cz\/#organization","name":"SHOPATOA Digital s.r.o.","url":"https:\/\/shopatoa.com\/cz\/","logo":{"@type":"ImageObject","inLanguage":"cs","@id":"https:\/\/shopatoa.com\/cz\/#\/schema\/logo\/image\/","url":"https:\/\/storage.googleapis.com\/cz-shopatoa-img\/cz\/ebccf434-shopatoa_logo.png","contentUrl":"https:\/\/storage.googleapis.com\/cz-shopatoa-img\/cz\/ebccf434-shopatoa_logo.png","width":416,"height":63,"caption":"SHOPATOA Digital s.r.o."},"image":{"@id":"https:\/\/shopatoa.com\/cz\/#\/schema\/logo\/image\/"}}]}},"_links":{"self":[{"href":"https:\/\/shopatoa.com\/cz\/wp-json\/wp\/v2\/product\/130421","targetHints":{"allow":["GET"]}}],"collection":[{"href":"https:\/\/shopatoa.com\/cz\/wp-json\/wp\/v2\/product"}],"about":[{"href":"https:\/\/shopatoa.com\/cz\/wp-json\/wp\/v2\/types\/product"}],"replies":[{"embeddable":true,"href":"https:\/\/shopatoa.com\/cz\/wp-json\/wp\/v2\/comments?post=130421"}],"wp:featuredmedia":[{"embeddable":true,"href":"https:\/\/shopatoa.com\/cz\/wp-json\/wp\/v2\/media\/130422"}],"wp:attachment":[{"href":"https:\/\/shopatoa.com\/cz\/wp-json\/wp\/v2\/media?parent=130421"}],"wp:term":[{"taxonomy":"product_brand","embeddable":true,"href":"https:\/\/shopatoa.com\/cz\/wp-json\/wp\/v2\/product_brand?post=130421"},{"taxonomy":"product_cat","embeddable":true,"href":"https:\/\/shopatoa.com\/cz\/wp-json\/wp\/v2\/product_cat?post=130421"},{"taxonomy":"product_tag","embeddable":true,"href":"https:\/\/shopatoa.com\/cz\/wp-json\/wp\/v2\/product_tag?post=130421"}],"curies":[{"name":"wp","href":"https:\/\/api.w.org\/{rel}","templated":true}]}}