{"id":130423,"date":"2025-02-14T20:48:25","date_gmt":"2025-02-14T19:48:25","guid":{"rendered":"https:\/\/shopatoa.com\/cz\/sportalm-mayli-velikost-34\/"},"modified":"2025-03-14T21:55:53","modified_gmt":"2025-03-14T20:55:53","slug":"sportalm-mayli-velikost-34","status":"publish","type":"product","link":"https:\/\/shopatoa.com\/cz\/sportalm-mayli-velikost-34\/","title":{"rendered":"SPORTALM MAYLI Velikost: 34"},"content":{"rendered":"<p>St\u0159ih<br \/>\nVod\u011bodolnost<\/p>\n<p>Oble\u010den\u00ed je obepnuto kolem t\u011bla<br \/>\nVhodn\u00e1 pro m\u00edrn\u00fd d\u00e9\u0161\u0165 nebo sn\u011b\u017een\u00ed<\/p>\n<p>\u00a0Ly\u017ea\u0159sk\u00e9 kalhoty MAYLI od zna\u010dky Sportalm jsou skute\u010dnou klasikou v ly\u017ea\u0159sk\u00e9m portfoliu t\u00e9to zna\u010dky a budou spolehlivou volbou pro v\u00e1\u0161 ly\u017ea\u0159sk\u00fd v\u00fdlet. Tyto kalhoty jsou v praktick\u00e9 \u010dern\u00e9 barv\u011b, kter\u00e1 bude ladit s v\u011bt\u0161inou ly\u017ea\u0159sk\u00e9ho oble\u010den\u00ed a poskytuj\u00ed maxim\u00e1ln\u00ed komfort b\u011bhem no\u0161en\u00ed. MAYLI kalhoty nab\u00edz\u00ed n\u011bkolik v\u00fdhod, kter\u00e9 ocen\u00edte b\u011bhem va\u0161ich ly\u017ea\u0159sk\u00fdch dobrodru\u017estv\u00ed. Maj\u00ed poutka v pase a opasek je jejich sou\u010d\u00e1st\u00ed, co\u017e v\u00e1m umo\u017en\u00ed snadno upravit kalhoty tak, aby sed\u011bly dokonale na va\u0161em t\u011ble. Sn\u011bhov\u00e9 man\u017eety v kalhot\u00e1ch a zip ve spodn\u00ed \u010d\u00e1sti kalhot jsou praktick\u00fdmi prvky, kter\u00e9 v\u00e1m umo\u017en\u00ed snadno obout ly\u017ea\u0159ky nebo sn\u011bhule Moon Boot, a z\u00e1rove\u0148 zabr\u00e1n\u00ed pronik\u00e1n\u00ed sn\u011bhu dovnit\u0159 kalhot. Materi\u00e1l, pou\u017eit\u00fd k v\u00fdrob\u011b t\u011bchto d\u00e1msk\u00fdch kalhot, je kvalitn\u00ed a nab\u00edz\u00ed vod\u011bodolnost a prody\u0161nost o hodnot\u00e1ch 7.000\/300. To znamen\u00e1, \u017ee budete chr\u00e1n\u011bny p\u0159ed vlhkost\u00ed a z\u00e1rove\u0148 v\u00e1m umo\u017en\u00ed odv\u00e1d\u011bt pot a udr\u017eovat p\u0159\u00edjemn\u00e9 mikroklima uvnit\u0159 kalhot. Celkov\u011b jsou ly\u017ea\u0159sk\u00e9 kalhoty MAYLI skv\u011blou volbou pro \u017eeny, kter\u00e9 hledaj\u00ed spolehliv\u00e9 a stylov\u00e9 kalhoty pro sv\u00e1 ly\u017ea\u0159sk\u00e1 dobrodru\u017estv\u00ed.<\/p>\n","protected":false},"excerpt":{"rendered":"<p>St\u0159ih Vod\u011bodolnost Oble\u010den\u00ed je obepnuto kolem t\u011bla Vhodn\u00e1 pro m\u00edrn\u00fd d\u00e9\u0161\u0165 nebo sn\u011b\u017een\u00ed \u00a0Ly\u017ea\u0159sk\u00e9 kalhoty MAYLI od zna\u010dky Sportalm jsou skute\u010dnou klasikou v ly\u017ea\u0159sk\u00e9m portfoliu t\u00e9to zna\u010dky a budou spolehlivou volbou pro v\u00e1\u0161 ly\u017ea\u0159sk\u00fd v\u00fdlet. Tyto kalhoty jsou v praktick\u00e9 \u010dern\u00e9 barv\u011b, kter\u00e1 bude ladit s v\u011bt\u0161inou ly\u017ea\u0159sk\u00e9ho oble\u010den\u00ed a poskytuj\u00ed maxim\u00e1ln\u00ed komfort b\u011bhem no\u0161en\u00ed&#8230;.<\/p>\n","protected":false},"featured_media":130424,"comment_status":"closed","ping_status":"open","template":"","meta":{"_acf_changed":false,"_kadence_starter_templates_imported_post":false,"_kad_post_transparent":"","_kad_post_title":"","_kad_post_layout":"","_kad_post_sidebar_id":"","_kad_post_content_style":"","_kad_post_vertical_padding":"","_kad_post_feature":"","_kad_post_feature_position":"","_kad_post_header":false,"_kad_post_footer":false,"_kad_post_classname":""},"product_brand":[],"product_cat":[28,26,25],"product_tag":[],"class_list":{"0":"post-130423","1":"product","2":"type-product","3":"status-publish","4":"has-post-thumbnail","6":"product_cat-kalhoty","7":"product_cat-obleceni","8":"product_cat-obleceni-a-moda","9":"pa_obchod-sportby-cz","10":"pa_pohlavi-zena","12":"first","13":"instock","14":"product-type-external","15":"entry","16":"content-bg","17":"loop-entry"},"acf":[],"yoast_head":"<!-- This site is optimized with the Yoast SEO plugin v27.4 - https:\/\/yoast.com\/product\/yoast-seo-wordpress\/ -->\n<title>SPORTALM MAYLI Velikost: 34 - SHOPATOA.COM<\/title>\n<meta name=\"description\" content=\"St\u0159ih Vod\u011bodolnost Oble\u010den\u00ed je obepnuto kolem t\u011bla Vhodn\u00e1 pro m\u00edrn\u00fd d\u00e9\u0161\u0165 nebo sn\u011b\u017een\u00ed \u00a0Ly\u017ea\u0159sk\u00e9 kalhoty MAYLI od zna\u010dky Sportalm jsou skute\u010dnou klasikou v ly\u017ea\u0159sk\u00e9m portfoliu t\u00e9to zna\u010dky a budou spolehlivou volbou pro v\u00e1\u0161 ly\u017ea\u0159sk\u00fd v\u00fdlet. Tyto kalhoty jsou v praktick\u00e9 \u010dern\u00e9 barv\u011b, kter\u00e1 bude ladit s v\u011bt\u0161inou ly\u017ea\u0159sk\u00e9ho oble\u010den\u00ed a poskytuj\u00ed maxim\u00e1ln\u00ed komfort b\u011bhem no\u0161en\u00ed. MAYLI kalhoty nab\u00edz\u00ed n\u011bkolik v\u00fdhod, kter\u00e9 ocen\u00edte b\u011bhem va\u0161ich ly\u017ea\u0159sk\u00fdch dobrodru\u017estv\u00ed. Maj\u00ed poutka v pase a opasek je jejich sou\u010d\u00e1st\u00ed, co\u017e v\u00e1m umo\u017en\u00ed snadno upravit kalhoty tak, aby sed\u011bly dokonale na va\u0161em t\u011ble. Sn\u011bhov\u00e9 man\u017eety v kalhot\u00e1ch a zip ve spodn\u00ed \u010d\u00e1sti kalhot jsou praktick\u00fdmi prvky, kter\u00e9 v\u00e1m umo\u017en\u00ed snadno obout ly\u017ea\u0159ky nebo sn\u011bhule Moon Boot, a z\u00e1rove\u0148 zabr\u00e1n\u00ed pronik\u00e1n\u00ed sn\u011bhu dovnit\u0159 kalhot. Materi\u00e1l, pou\u017eit\u00fd k v\u00fdrob\u011b t\u011bchto d\u00e1msk\u00fdch kalhot, je kvalitn\u00ed a nab\u00edz\u00ed vod\u011bodolnost a prody\u0161nost o hodnot\u00e1ch 7.000\/300. To znamen\u00e1, \u017ee budete chr\u00e1n\u011bny p\u0159ed vlhkost\u00ed a z\u00e1rove\u0148 v\u00e1m umo\u017en\u00ed odv\u00e1d\u011bt pot a udr\u017eovat p\u0159\u00edjemn\u00e9 mikroklima uvnit\u0159 kalhot. Celkov\u011b jsou ly\u017ea\u0159sk\u00e9 kalhoty MAYLI skv\u011blou volbou pro \u017eeny, kter\u00e9 hledaj\u00ed spolehliv\u00e9 a stylov\u00e9 kalhoty pro sv\u00e1 ly\u017ea\u0159sk\u00e1 dobrodru\u017estv\u00ed.\" \/>\n<meta name=\"robots\" content=\"index, follow, max-snippet:-1, max-image-preview:large, max-video-preview:-1\" \/>\n<link rel=\"canonical\" href=\"https:\/\/shopatoa.com\/cz\/sportalm-mayli-velikost-34\/\" \/>\n<meta property=\"og:locale\" content=\"cs_CZ\" \/>\n<meta property=\"og:type\" content=\"article\" \/>\n<meta property=\"og:title\" content=\"SPORTALM MAYLI Velikost: 34 - SHOPATOA.COM\" \/>\n<meta property=\"og:description\" content=\"St\u0159ih Vod\u011bodolnost Oble\u010den\u00ed je obepnuto kolem t\u011bla Vhodn\u00e1 pro m\u00edrn\u00fd d\u00e9\u0161\u0165 nebo sn\u011b\u017een\u00ed \u00a0Ly\u017ea\u0159sk\u00e9 kalhoty MAYLI od zna\u010dky Sportalm jsou skute\u010dnou klasikou v ly\u017ea\u0159sk\u00e9m portfoliu t\u00e9to zna\u010dky a budou spolehlivou volbou pro v\u00e1\u0161 ly\u017ea\u0159sk\u00fd v\u00fdlet. Tyto kalhoty jsou v praktick\u00e9 \u010dern\u00e9 barv\u011b, kter\u00e1 bude ladit s v\u011bt\u0161inou ly\u017ea\u0159sk\u00e9ho oble\u010den\u00ed a poskytuj\u00ed maxim\u00e1ln\u00ed komfort b\u011bhem no\u0161en\u00ed. MAYLI kalhoty nab\u00edz\u00ed n\u011bkolik v\u00fdhod, kter\u00e9 ocen\u00edte b\u011bhem va\u0161ich ly\u017ea\u0159sk\u00fdch dobrodru\u017estv\u00ed. Maj\u00ed poutka v pase a opasek je jejich sou\u010d\u00e1st\u00ed, co\u017e v\u00e1m umo\u017en\u00ed snadno upravit kalhoty tak, aby sed\u011bly dokonale na va\u0161em t\u011ble. Sn\u011bhov\u00e9 man\u017eety v kalhot\u00e1ch a zip ve spodn\u00ed \u010d\u00e1sti kalhot jsou praktick\u00fdmi prvky, kter\u00e9 v\u00e1m umo\u017en\u00ed snadno obout ly\u017ea\u0159ky nebo sn\u011bhule Moon Boot, a z\u00e1rove\u0148 zabr\u00e1n\u00ed pronik\u00e1n\u00ed sn\u011bhu dovnit\u0159 kalhot. Materi\u00e1l, pou\u017eit\u00fd k v\u00fdrob\u011b t\u011bchto d\u00e1msk\u00fdch kalhot, je kvalitn\u00ed a nab\u00edz\u00ed vod\u011bodolnost a prody\u0161nost o hodnot\u00e1ch 7.000\/300. To znamen\u00e1, \u017ee budete chr\u00e1n\u011bny p\u0159ed vlhkost\u00ed a z\u00e1rove\u0148 v\u00e1m umo\u017en\u00ed odv\u00e1d\u011bt pot a udr\u017eovat p\u0159\u00edjemn\u00e9 mikroklima uvnit\u0159 kalhot. Celkov\u011b jsou ly\u017ea\u0159sk\u00e9 kalhoty MAYLI skv\u011blou volbou pro \u017eeny, kter\u00e9 hledaj\u00ed spolehliv\u00e9 a stylov\u00e9 kalhoty pro sv\u00e1 ly\u017ea\u0159sk\u00e1 dobrodru\u017estv\u00ed.\" \/>\n<meta property=\"og:url\" content=\"https:\/\/shopatoa.com\/cz\/sportalm-mayli-velikost-34\/\" \/>\n<meta property=\"og:site_name\" content=\"SHOPATOA\" \/>\n<meta property=\"article:modified_time\" content=\"2025-03-14T20:55:53+00:00\" \/>\n<meta property=\"og:image\" content=\"https:\/\/shopatoa.com\/cz\/wp-content\/uploads\/2025\/02\/47231-9_sportalm-mayli.png\" \/>\n\t<meta property=\"og:image:width\" content=\"607\" \/>\n\t<meta property=\"og:image:height\" content=\"1752\" \/>\n\t<meta property=\"og:image:type\" content=\"image\/png\" \/>\n<meta name=\"twitter:card\" content=\"summary_large_image\" \/>\n<meta name=\"twitter:label1\" content=\"Odhadovan\u00e1 doba \u010dten\u00ed\" \/>\n\t<meta name=\"twitter:data1\" content=\"1 minuta\" \/>\n<script type=\"application\/ld+json\" class=\"yoast-schema-graph\">{\"@context\":\"https:\\\/\\\/schema.org\",\"@graph\":[{\"@type\":\"WebPage\",\"@id\":\"https:\\\/\\\/shopatoa.com\\\/cz\\\/sportalm-mayli-velikost-34\\\/\",\"url\":\"https:\\\/\\\/shopatoa.com\\\/cz\\\/sportalm-mayli-velikost-34\\\/\",\"name\":\"SPORTALM MAYLI Velikost: 34 - SHOPATOA.COM\",\"isPartOf\":{\"@id\":\"https:\\\/\\\/shopatoa.com\\\/cz\\\/#website\"},\"primaryImageOfPage\":{\"@id\":\"https:\\\/\\\/shopatoa.com\\\/cz\\\/sportalm-mayli-velikost-34\\\/#primaryimage\"},\"image\":{\"@id\":\"https:\\\/\\\/shopatoa.com\\\/cz\\\/sportalm-mayli-velikost-34\\\/#primaryimage\"},\"thumbnailUrl\":\"https:\\\/\\\/shopatoa.com\\\/cz\\\/wp-content\\\/uploads\\\/2025\\\/02\\\/47231-9_sportalm-mayli.png\",\"datePublished\":\"2025-02-14T19:48:25+00:00\",\"dateModified\":\"2025-03-14T20:55:53+00:00\",\"description\":\"St\u0159ih Vod\u011bodolnost Oble\u010den\u00ed je obepnuto kolem t\u011bla Vhodn\u00e1 pro m\u00edrn\u00fd d\u00e9\u0161\u0165 nebo sn\u011b\u017een\u00ed \u00a0Ly\u017ea\u0159sk\u00e9 kalhoty MAYLI od zna\u010dky Sportalm jsou skute\u010dnou klasikou v ly\u017ea\u0159sk\u00e9m portfoliu t\u00e9to zna\u010dky a budou spolehlivou volbou pro v\u00e1\u0161 ly\u017ea\u0159sk\u00fd v\u00fdlet. Tyto kalhoty jsou v praktick\u00e9 \u010dern\u00e9 barv\u011b, kter\u00e1 bude ladit s v\u011bt\u0161inou ly\u017ea\u0159sk\u00e9ho oble\u010den\u00ed a poskytuj\u00ed maxim\u00e1ln\u00ed komfort b\u011bhem no\u0161en\u00ed. MAYLI kalhoty nab\u00edz\u00ed n\u011bkolik v\u00fdhod, kter\u00e9 ocen\u00edte b\u011bhem va\u0161ich ly\u017ea\u0159sk\u00fdch dobrodru\u017estv\u00ed. Maj\u00ed poutka v pase a opasek je jejich sou\u010d\u00e1st\u00ed, co\u017e v\u00e1m umo\u017en\u00ed snadno upravit kalhoty tak, aby sed\u011bly dokonale na va\u0161em t\u011ble. Sn\u011bhov\u00e9 man\u017eety v kalhot\u00e1ch a zip ve spodn\u00ed \u010d\u00e1sti kalhot jsou praktick\u00fdmi prvky, kter\u00e9 v\u00e1m umo\u017en\u00ed snadno obout ly\u017ea\u0159ky nebo sn\u011bhule Moon Boot, a z\u00e1rove\u0148 zabr\u00e1n\u00ed pronik\u00e1n\u00ed sn\u011bhu dovnit\u0159 kalhot. Materi\u00e1l, pou\u017eit\u00fd k v\u00fdrob\u011b t\u011bchto d\u00e1msk\u00fdch kalhot, je kvalitn\u00ed a nab\u00edz\u00ed vod\u011bodolnost a prody\u0161nost o hodnot\u00e1ch 7.000\\\/300. To znamen\u00e1, \u017ee budete chr\u00e1n\u011bny p\u0159ed vlhkost\u00ed a z\u00e1rove\u0148 v\u00e1m umo\u017en\u00ed odv\u00e1d\u011bt pot a udr\u017eovat p\u0159\u00edjemn\u00e9 mikroklima uvnit\u0159 kalhot. Celkov\u011b jsou ly\u017ea\u0159sk\u00e9 kalhoty MAYLI skv\u011blou volbou pro \u017eeny, kter\u00e9 hledaj\u00ed spolehliv\u00e9 a stylov\u00e9 kalhoty pro sv\u00e1 ly\u017ea\u0159sk\u00e1 dobrodru\u017estv\u00ed.\",\"breadcrumb\":{\"@id\":\"https:\\\/\\\/shopatoa.com\\\/cz\\\/sportalm-mayli-velikost-34\\\/#breadcrumb\"},\"inLanguage\":\"cs\",\"potentialAction\":[{\"@type\":\"ReadAction\",\"target\":[\"https:\\\/\\\/shopatoa.com\\\/cz\\\/sportalm-mayli-velikost-34\\\/\"]}]},{\"@type\":\"ImageObject\",\"inLanguage\":\"cs\",\"@id\":\"https:\\\/\\\/shopatoa.com\\\/cz\\\/sportalm-mayli-velikost-34\\\/#primaryimage\",\"url\":\"https:\\\/\\\/shopatoa.com\\\/cz\\\/wp-content\\\/uploads\\\/2025\\\/02\\\/47231-9_sportalm-mayli.png\",\"contentUrl\":\"https:\\\/\\\/shopatoa.com\\\/cz\\\/wp-content\\\/uploads\\\/2025\\\/02\\\/47231-9_sportalm-mayli.png\",\"width\":607,\"height\":1752},{\"@type\":\"BreadcrumbList\",\"@id\":\"https:\\\/\\\/shopatoa.com\\\/cz\\\/sportalm-mayli-velikost-34\\\/#breadcrumb\",\"itemListElement\":[{\"@type\":\"ListItem\",\"position\":1,\"name\":\"Dom\u016f\",\"item\":\"https:\\\/\\\/shopatoa.com\\\/cz\\\/\"},{\"@type\":\"ListItem\",\"position\":2,\"name\":\"Produkty\",\"item\":\"https:\\\/\\\/shopatoa.com\\\/cz\\\/shop\\\/\"},{\"@type\":\"ListItem\",\"position\":3,\"name\":\"Oble\u010den\u00ed a m\u00f3da\",\"item\":\"https:\\\/\\\/shopatoa.com\\\/cz\\\/obleceni-a-moda\\\/\"},{\"@type\":\"ListItem\",\"position\":4,\"name\":\"Oble\u010den\u00ed\",\"item\":\"https:\\\/\\\/shopatoa.com\\\/cz\\\/obleceni\\\/\"},{\"@type\":\"ListItem\",\"position\":5,\"name\":\"Kalhoty\",\"item\":\"https:\\\/\\\/shopatoa.com\\\/cz\\\/kalhoty\\\/\"},{\"@type\":\"ListItem\",\"position\":6,\"name\":\"SPORTALM MAYLI Velikost: 34\"}]},{\"@type\":\"WebSite\",\"@id\":\"https:\\\/\\\/shopatoa.com\\\/cz\\\/#website\",\"url\":\"https:\\\/\\\/shopatoa.com\\\/cz\\\/\",\"name\":\"SHOPATOA\",\"description\":\"\",\"publisher\":{\"@id\":\"https:\\\/\\\/shopatoa.com\\\/cz\\\/#organization\"},\"potentialAction\":[{\"@type\":\"SearchAction\",\"target\":{\"@type\":\"EntryPoint\",\"urlTemplate\":\"https:\\\/\\\/shopatoa.com\\\/cz\\\/?s={search_term_string}\"},\"query-input\":{\"@type\":\"PropertyValueSpecification\",\"valueRequired\":true,\"valueName\":\"search_term_string\"}}],\"inLanguage\":\"cs\"},{\"@type\":\"Organization\",\"@id\":\"https:\\\/\\\/shopatoa.com\\\/cz\\\/#organization\",\"name\":\"SHOPATOA Digital s.r.o.\",\"url\":\"https:\\\/\\\/shopatoa.com\\\/cz\\\/\",\"logo\":{\"@type\":\"ImageObject\",\"inLanguage\":\"cs\",\"@id\":\"https:\\\/\\\/shopatoa.com\\\/cz\\\/#\\\/schema\\\/logo\\\/image\\\/\",\"url\":\"https:\\\/\\\/storage.googleapis.com\\\/cz-shopatoa-img\\\/cz\\\/ebccf434-shopatoa_logo.png\",\"contentUrl\":\"https:\\\/\\\/storage.googleapis.com\\\/cz-shopatoa-img\\\/cz\\\/ebccf434-shopatoa_logo.png\",\"width\":416,\"height\":63,\"caption\":\"SHOPATOA Digital s.r.o.\"},\"image\":{\"@id\":\"https:\\\/\\\/shopatoa.com\\\/cz\\\/#\\\/schema\\\/logo\\\/image\\\/\"}}]}<\/script>\n<!-- \/ Yoast SEO plugin. -->","yoast_head_json":{"title":"SPORTALM MAYLI Velikost: 34 - SHOPATOA.COM","description":"St\u0159ih Vod\u011bodolnost Oble\u010den\u00ed je obepnuto kolem t\u011bla Vhodn\u00e1 pro m\u00edrn\u00fd d\u00e9\u0161\u0165 nebo sn\u011b\u017een\u00ed \u00a0Ly\u017ea\u0159sk\u00e9 kalhoty MAYLI od zna\u010dky Sportalm jsou skute\u010dnou klasikou v ly\u017ea\u0159sk\u00e9m portfoliu t\u00e9to zna\u010dky a budou spolehlivou volbou pro v\u00e1\u0161 ly\u017ea\u0159sk\u00fd v\u00fdlet. Tyto kalhoty jsou v praktick\u00e9 \u010dern\u00e9 barv\u011b, kter\u00e1 bude ladit s v\u011bt\u0161inou ly\u017ea\u0159sk\u00e9ho oble\u010den\u00ed a poskytuj\u00ed maxim\u00e1ln\u00ed komfort b\u011bhem no\u0161en\u00ed. MAYLI kalhoty nab\u00edz\u00ed n\u011bkolik v\u00fdhod, kter\u00e9 ocen\u00edte b\u011bhem va\u0161ich ly\u017ea\u0159sk\u00fdch dobrodru\u017estv\u00ed. Maj\u00ed poutka v pase a opasek je jejich sou\u010d\u00e1st\u00ed, co\u017e v\u00e1m umo\u017en\u00ed snadno upravit kalhoty tak, aby sed\u011bly dokonale na va\u0161em t\u011ble. Sn\u011bhov\u00e9 man\u017eety v kalhot\u00e1ch a zip ve spodn\u00ed \u010d\u00e1sti kalhot jsou praktick\u00fdmi prvky, kter\u00e9 v\u00e1m umo\u017en\u00ed snadno obout ly\u017ea\u0159ky nebo sn\u011bhule Moon Boot, a z\u00e1rove\u0148 zabr\u00e1n\u00ed pronik\u00e1n\u00ed sn\u011bhu dovnit\u0159 kalhot. Materi\u00e1l, pou\u017eit\u00fd k v\u00fdrob\u011b t\u011bchto d\u00e1msk\u00fdch kalhot, je kvalitn\u00ed a nab\u00edz\u00ed vod\u011bodolnost a prody\u0161nost o hodnot\u00e1ch 7.000\/300. To znamen\u00e1, \u017ee budete chr\u00e1n\u011bny p\u0159ed vlhkost\u00ed a z\u00e1rove\u0148 v\u00e1m umo\u017en\u00ed odv\u00e1d\u011bt pot a udr\u017eovat p\u0159\u00edjemn\u00e9 mikroklima uvnit\u0159 kalhot. Celkov\u011b jsou ly\u017ea\u0159sk\u00e9 kalhoty MAYLI skv\u011blou volbou pro \u017eeny, kter\u00e9 hledaj\u00ed spolehliv\u00e9 a stylov\u00e9 kalhoty pro sv\u00e1 ly\u017ea\u0159sk\u00e1 dobrodru\u017estv\u00ed.","robots":{"index":"index","follow":"follow","max-snippet":"max-snippet:-1","max-image-preview":"max-image-preview:large","max-video-preview":"max-video-preview:-1"},"canonical":"https:\/\/shopatoa.com\/cz\/sportalm-mayli-velikost-34\/","og_locale":"cs_CZ","og_type":"article","og_title":"SPORTALM MAYLI Velikost: 34 - SHOPATOA.COM","og_description":"St\u0159ih Vod\u011bodolnost Oble\u010den\u00ed je obepnuto kolem t\u011bla Vhodn\u00e1 pro m\u00edrn\u00fd d\u00e9\u0161\u0165 nebo sn\u011b\u017een\u00ed \u00a0Ly\u017ea\u0159sk\u00e9 kalhoty MAYLI od zna\u010dky Sportalm jsou skute\u010dnou klasikou v ly\u017ea\u0159sk\u00e9m portfoliu t\u00e9to zna\u010dky a budou spolehlivou volbou pro v\u00e1\u0161 ly\u017ea\u0159sk\u00fd v\u00fdlet. Tyto kalhoty jsou v praktick\u00e9 \u010dern\u00e9 barv\u011b, kter\u00e1 bude ladit s v\u011bt\u0161inou ly\u017ea\u0159sk\u00e9ho oble\u010den\u00ed a poskytuj\u00ed maxim\u00e1ln\u00ed komfort b\u011bhem no\u0161en\u00ed. MAYLI kalhoty nab\u00edz\u00ed n\u011bkolik v\u00fdhod, kter\u00e9 ocen\u00edte b\u011bhem va\u0161ich ly\u017ea\u0159sk\u00fdch dobrodru\u017estv\u00ed. Maj\u00ed poutka v pase a opasek je jejich sou\u010d\u00e1st\u00ed, co\u017e v\u00e1m umo\u017en\u00ed snadno upravit kalhoty tak, aby sed\u011bly dokonale na va\u0161em t\u011ble. Sn\u011bhov\u00e9 man\u017eety v kalhot\u00e1ch a zip ve spodn\u00ed \u010d\u00e1sti kalhot jsou praktick\u00fdmi prvky, kter\u00e9 v\u00e1m umo\u017en\u00ed snadno obout ly\u017ea\u0159ky nebo sn\u011bhule Moon Boot, a z\u00e1rove\u0148 zabr\u00e1n\u00ed pronik\u00e1n\u00ed sn\u011bhu dovnit\u0159 kalhot. Materi\u00e1l, pou\u017eit\u00fd k v\u00fdrob\u011b t\u011bchto d\u00e1msk\u00fdch kalhot, je kvalitn\u00ed a nab\u00edz\u00ed vod\u011bodolnost a prody\u0161nost o hodnot\u00e1ch 7.000\/300. To znamen\u00e1, \u017ee budete chr\u00e1n\u011bny p\u0159ed vlhkost\u00ed a z\u00e1rove\u0148 v\u00e1m umo\u017en\u00ed odv\u00e1d\u011bt pot a udr\u017eovat p\u0159\u00edjemn\u00e9 mikroklima uvnit\u0159 kalhot. Celkov\u011b jsou ly\u017ea\u0159sk\u00e9 kalhoty MAYLI skv\u011blou volbou pro \u017eeny, kter\u00e9 hledaj\u00ed spolehliv\u00e9 a stylov\u00e9 kalhoty pro sv\u00e1 ly\u017ea\u0159sk\u00e1 dobrodru\u017estv\u00ed.","og_url":"https:\/\/shopatoa.com\/cz\/sportalm-mayli-velikost-34\/","og_site_name":"SHOPATOA","article_modified_time":"2025-03-14T20:55:53+00:00","og_image":[{"width":607,"height":1752,"url":"https:\/\/shopatoa.com\/cz\/wp-content\/uploads\/2025\/02\/47231-9_sportalm-mayli.png","type":"image\/png"}],"twitter_card":"summary_large_image","twitter_misc":{"Odhadovan\u00e1 doba \u010dten\u00ed":"1 minuta"},"schema":{"@context":"https:\/\/schema.org","@graph":[{"@type":"WebPage","@id":"https:\/\/shopatoa.com\/cz\/sportalm-mayli-velikost-34\/","url":"https:\/\/shopatoa.com\/cz\/sportalm-mayli-velikost-34\/","name":"SPORTALM MAYLI Velikost: 34 - SHOPATOA.COM","isPartOf":{"@id":"https:\/\/shopatoa.com\/cz\/#website"},"primaryImageOfPage":{"@id":"https:\/\/shopatoa.com\/cz\/sportalm-mayli-velikost-34\/#primaryimage"},"image":{"@id":"https:\/\/shopatoa.com\/cz\/sportalm-mayli-velikost-34\/#primaryimage"},"thumbnailUrl":"https:\/\/shopatoa.com\/cz\/wp-content\/uploads\/2025\/02\/47231-9_sportalm-mayli.png","datePublished":"2025-02-14T19:48:25+00:00","dateModified":"2025-03-14T20:55:53+00:00","description":"St\u0159ih Vod\u011bodolnost Oble\u010den\u00ed je obepnuto kolem t\u011bla Vhodn\u00e1 pro m\u00edrn\u00fd d\u00e9\u0161\u0165 nebo sn\u011b\u017een\u00ed \u00a0Ly\u017ea\u0159sk\u00e9 kalhoty MAYLI od zna\u010dky Sportalm jsou skute\u010dnou klasikou v ly\u017ea\u0159sk\u00e9m portfoliu t\u00e9to zna\u010dky a budou spolehlivou volbou pro v\u00e1\u0161 ly\u017ea\u0159sk\u00fd v\u00fdlet. Tyto kalhoty jsou v praktick\u00e9 \u010dern\u00e9 barv\u011b, kter\u00e1 bude ladit s v\u011bt\u0161inou ly\u017ea\u0159sk\u00e9ho oble\u010den\u00ed a poskytuj\u00ed maxim\u00e1ln\u00ed komfort b\u011bhem no\u0161en\u00ed. MAYLI kalhoty nab\u00edz\u00ed n\u011bkolik v\u00fdhod, kter\u00e9 ocen\u00edte b\u011bhem va\u0161ich ly\u017ea\u0159sk\u00fdch dobrodru\u017estv\u00ed. Maj\u00ed poutka v pase a opasek je jejich sou\u010d\u00e1st\u00ed, co\u017e v\u00e1m umo\u017en\u00ed snadno upravit kalhoty tak, aby sed\u011bly dokonale na va\u0161em t\u011ble. Sn\u011bhov\u00e9 man\u017eety v kalhot\u00e1ch a zip ve spodn\u00ed \u010d\u00e1sti kalhot jsou praktick\u00fdmi prvky, kter\u00e9 v\u00e1m umo\u017en\u00ed snadno obout ly\u017ea\u0159ky nebo sn\u011bhule Moon Boot, a z\u00e1rove\u0148 zabr\u00e1n\u00ed pronik\u00e1n\u00ed sn\u011bhu dovnit\u0159 kalhot. Materi\u00e1l, pou\u017eit\u00fd k v\u00fdrob\u011b t\u011bchto d\u00e1msk\u00fdch kalhot, je kvalitn\u00ed a nab\u00edz\u00ed vod\u011bodolnost a prody\u0161nost o hodnot\u00e1ch 7.000\/300. To znamen\u00e1, \u017ee budete chr\u00e1n\u011bny p\u0159ed vlhkost\u00ed a z\u00e1rove\u0148 v\u00e1m umo\u017en\u00ed odv\u00e1d\u011bt pot a udr\u017eovat p\u0159\u00edjemn\u00e9 mikroklima uvnit\u0159 kalhot. Celkov\u011b jsou ly\u017ea\u0159sk\u00e9 kalhoty MAYLI skv\u011blou volbou pro \u017eeny, kter\u00e9 hledaj\u00ed spolehliv\u00e9 a stylov\u00e9 kalhoty pro sv\u00e1 ly\u017ea\u0159sk\u00e1 dobrodru\u017estv\u00ed.","breadcrumb":{"@id":"https:\/\/shopatoa.com\/cz\/sportalm-mayli-velikost-34\/#breadcrumb"},"inLanguage":"cs","potentialAction":[{"@type":"ReadAction","target":["https:\/\/shopatoa.com\/cz\/sportalm-mayli-velikost-34\/"]}]},{"@type":"ImageObject","inLanguage":"cs","@id":"https:\/\/shopatoa.com\/cz\/sportalm-mayli-velikost-34\/#primaryimage","url":"https:\/\/shopatoa.com\/cz\/wp-content\/uploads\/2025\/02\/47231-9_sportalm-mayli.png","contentUrl":"https:\/\/shopatoa.com\/cz\/wp-content\/uploads\/2025\/02\/47231-9_sportalm-mayli.png","width":607,"height":1752},{"@type":"BreadcrumbList","@id":"https:\/\/shopatoa.com\/cz\/sportalm-mayli-velikost-34\/#breadcrumb","itemListElement":[{"@type":"ListItem","position":1,"name":"Dom\u016f","item":"https:\/\/shopatoa.com\/cz\/"},{"@type":"ListItem","position":2,"name":"Produkty","item":"https:\/\/shopatoa.com\/cz\/shop\/"},{"@type":"ListItem","position":3,"name":"Oble\u010den\u00ed a m\u00f3da","item":"https:\/\/shopatoa.com\/cz\/obleceni-a-moda\/"},{"@type":"ListItem","position":4,"name":"Oble\u010den\u00ed","item":"https:\/\/shopatoa.com\/cz\/obleceni\/"},{"@type":"ListItem","position":5,"name":"Kalhoty","item":"https:\/\/shopatoa.com\/cz\/kalhoty\/"},{"@type":"ListItem","position":6,"name":"SPORTALM MAYLI Velikost: 34"}]},{"@type":"WebSite","@id":"https:\/\/shopatoa.com\/cz\/#website","url":"https:\/\/shopatoa.com\/cz\/","name":"SHOPATOA","description":"","publisher":{"@id":"https:\/\/shopatoa.com\/cz\/#organization"},"potentialAction":[{"@type":"SearchAction","target":{"@type":"EntryPoint","urlTemplate":"https:\/\/shopatoa.com\/cz\/?s={search_term_string}"},"query-input":{"@type":"PropertyValueSpecification","valueRequired":true,"valueName":"search_term_string"}}],"inLanguage":"cs"},{"@type":"Organization","@id":"https:\/\/shopatoa.com\/cz\/#organization","name":"SHOPATOA Digital s.r.o.","url":"https:\/\/shopatoa.com\/cz\/","logo":{"@type":"ImageObject","inLanguage":"cs","@id":"https:\/\/shopatoa.com\/cz\/#\/schema\/logo\/image\/","url":"https:\/\/storage.googleapis.com\/cz-shopatoa-img\/cz\/ebccf434-shopatoa_logo.png","contentUrl":"https:\/\/storage.googleapis.com\/cz-shopatoa-img\/cz\/ebccf434-shopatoa_logo.png","width":416,"height":63,"caption":"SHOPATOA Digital s.r.o."},"image":{"@id":"https:\/\/shopatoa.com\/cz\/#\/schema\/logo\/image\/"}}]}},"_links":{"self":[{"href":"https:\/\/shopatoa.com\/cz\/wp-json\/wp\/v2\/product\/130423","targetHints":{"allow":["GET"]}}],"collection":[{"href":"https:\/\/shopatoa.com\/cz\/wp-json\/wp\/v2\/product"}],"about":[{"href":"https:\/\/shopatoa.com\/cz\/wp-json\/wp\/v2\/types\/product"}],"replies":[{"embeddable":true,"href":"https:\/\/shopatoa.com\/cz\/wp-json\/wp\/v2\/comments?post=130423"}],"wp:featuredmedia":[{"embeddable":true,"href":"https:\/\/shopatoa.com\/cz\/wp-json\/wp\/v2\/media\/130424"}],"wp:attachment":[{"href":"https:\/\/shopatoa.com\/cz\/wp-json\/wp\/v2\/media?parent=130423"}],"wp:term":[{"taxonomy":"product_brand","embeddable":true,"href":"https:\/\/shopatoa.com\/cz\/wp-json\/wp\/v2\/product_brand?post=130423"},{"taxonomy":"product_cat","embeddable":true,"href":"https:\/\/shopatoa.com\/cz\/wp-json\/wp\/v2\/product_cat?post=130423"},{"taxonomy":"product_tag","embeddable":true,"href":"https:\/\/shopatoa.com\/cz\/wp-json\/wp\/v2\/product_tag?post=130423"}],"curies":[{"name":"wp","href":"https:\/\/api.w.org\/{rel}","templated":true}]}}